{"id":22865,"date":"2024-05-29T15:36:00","date_gmt":"2024-05-29T20:36:00","guid":{"rendered":"https:\/\/pcmastersbogota.com.co\/?post_type=product&#038;p=22865"},"modified":"2024-10-20T17:16:17","modified_gmt":"2024-10-20T22:16:17","slug":"intel-core-i7-12700kf-12-nucleos-20-hilos-a-5ghz","status":"publish","type":"product","link":"https:\/\/pcmastersbogota.com.co\/es_es\/producto\/intel-core-i7-12700kf-12-nucleos-20-hilos-a-5ghz\/","title":{"rendered":"INTEL CORE i7 12700KF \/ 12 NUCLEOS &#8211; 20 HILOS A 5GHZ"},"content":{"rendered":"<div class=\"row heading-row\">\n<div class=\"col-xs-12 col-sm-8 col-md-8 col-lg-8 col-xl-8\">\n<h3>Especificaciones de la CPU<\/h3>\n<\/div>\n<\/div>\n<div class=\"row tech-section-row\">\n<div class=\"col-xs-6 col-lg-6 tech-label\">Cantidad de Performance-cores<\/div>\n<div class=\"col-xs-6 col-lg-6 tech-data\">8<\/div>\n<\/div>\n<div class=\"row tech-section-row\">\n<div class=\"col-xs-6 col-lg-6 tech-label\">Cantidad de Efficient-cores<\/div>\n<div class=\"col-xs-6 col-lg-6 tech-data\">4<\/div>\n<\/div>\n<div class=\"row tech-section-row\">\n<div class=\"col-xs-6 col-lg-6 tech-label\">Total de subprocesos\u00a0<button class=\"btn btn-tooltip-trigger view-modal info-modal\" type=\"button\" data-toggle=\"modal\" data-target=\".upe-modal\" data-title=\"Total de subprocesos\" data-description=\"Cuando corresponde, la tecnolog\u00eda Intel\u00ae Hyper-Threading solo est\u00e1 disponible en Performance-cores.\" data-search-title=\"Buscar productos con Total de subprocesos\" data-search-href=\"\" data-search-icon=\"true\" data-keyboard=\"true\" aria-label=\"Total de subprocesos\"><\/button><\/div>\n<div class=\"col-xs-6 col-lg-6 tech-data\">20<\/div>\n<\/div>\n<div class=\"row tech-section-row\">\n<div class=\"col-xs-6 col-lg-6 tech-label\">Frecuencia turbo m\u00e1xima\u00a0<button class=\"btn btn-tooltip-trigger view-modal info-modal\" style=\"box-sizing: border-box; font-family: inherit; font-size: 1rem; margin: 0px; line-height: 1; text-transform: none; appearance: button; cursor: pointer; display: inline-block; font-weight: bold; text-align: center; vertical-align: initial; background-image: none; border: 0px; white-space: normal; padding: 0px; border-radius: 0px; user-select: none; position: relative; min-width: 1rem; background-color: transparent; height: auto; outline: 0px; width: auto; box-shadow: none;\" type=\"button\" data-toggle=\"modal\" data-target=\".upe-modal\" data-title=\"Frecuencia turbo m\u00e1xima\" data-description=\"La frecuencia turbo m\u00e1xima es la frecuencia m\u00e1xima de un solo n\u00facleo a la que el procesador puede funcionar con la tecnolog\u00eda Intel\u00ae Turbo Boost y, si est\u00e1n presentes, con las tecnolog\u00edas Intel\u00ae Turbo Boost Max 3.0 e Intel\u00ae Thermal Velocity Boost. La frecuencia se suele medir en gigahercios (GHz) o mil millones de ciclos por segundo.&lt;br \/&gt;&lt;br \/&gt;Para obtener m\u00e1s detalles sobre el rango de funcionamiento din\u00e1mico de energ\u00eda y frecuencia, consulte las &lt;a href=&quot;https:\/\/www.intel.la\/content\/www\/xl\/es\/support\/articles\/000098324\/processors.html&quot;&gt;Preguntas frecuentes sobre proxy de desempe\u00f1o para procesadores Intel\u00ae&lt;\/a&gt;.\" data-search-title=\"Buscar productos con Frecuencia turbo m\u00e1xima\" data-search-href=\"\" data-search-icon=\"true\" data-keyboard=\"true\" aria-label=\"Frecuencia turbo m\u00e1xima\"><\/button><\/div>\n<div class=\"col-xs-6 col-lg-6 tech-data\">5.00 GHz<\/div>\n<\/div>\n<div class=\"row tech-section-row\">\n<div class=\"col-xs-6 col-lg-6 tech-label\">Frecuencia de la Tecnolog\u00eda Intel\u00ae Turbo Boost Max 3.0\u00a0<small><sup>\u2021<\/sup><\/small>\u00a0<button class=\"btn btn-tooltip-trigger view-modal info-modal\" style=\"box-sizing: border-box; font-family: inherit; font-size: 1rem; margin: 0px; line-height: 1; text-transform: none; appearance: button; cursor: pointer; display: inline-block; font-weight: bold; text-align: center; vertical-align: initial; background-image: none; border: 0px; white-space: normal; padding: 0px; border-radius: 0px; user-select: none; position: relative; min-width: 1rem; background-color: transparent; height: auto; outline: 0px; width: auto; box-shadow: none;\" type=\"button\" data-toggle=\"modal\" data-target=\".upe-modal\" data-title=\"Frecuencia de la Tecnolog\u00eda Intel\u00ae Turbo Boost Max 3.0 &lt;small&gt;&lt;sup&gt;\u2021&lt;\/sup&gt;&lt;\/small&gt;\" data-description=\"La Tecnolog\u00eda Intel\u00ae Turbo Boost Max 3.0 identifica los mejores n\u00facleos en un procesador y proporciona un mayor rendimiento en aquellos n\u00facleos al aumentar la frecuencia como sea necesario mediante el aprovechamiento de la energ\u00eda y del margen t\u00e9rmico. La frecuencia de la tecnolog\u00eda Intel\u00ae Turbo Boost Max 3.0 es la frecuencia del reloj de la CPU cuando se ejecuta en este modo.&lt;br \/&gt;&lt;br \/&gt;Para obtener m\u00e1s detalles sobre el rango de funcionamiento din\u00e1mico de energ\u00eda y frecuencia, consulte las &lt;a href=&quot;https:\/\/www.intel.la\/content\/www\/xl\/es\/support\/articles\/000098324\/processors.html&quot;&gt;Preguntas frecuentes sobre proxy de desempe\u00f1o para procesadores Intel\u00ae&lt;\/a&gt;.\" data-search-title=\"Buscar productos con Frecuencia de la Tecnolog\u00eda Intel\u00ae Turbo Boost Max 3.0 &lt;small&gt;&lt;sup&gt;\u2021&lt;\/sup&gt;&lt;\/small&gt;\" data-search-href=\"\" data-search-icon=\"true\" data-keyboard=\"true\" aria-label=\"Frecuencia de la Tecnolog\u00eda Intel\u00ae Turbo Boost Max 3.0 &lt;small&gt;&lt;sup&gt;\u2021&lt;\/sup&gt;&lt;\/small&gt;\"><\/button><\/div>\n<div class=\"col-xs-6 col-lg-6 tech-data\">5.00 GHz<\/div>\n<\/div>\n<div class=\"row tech-section-row\">\n<div class=\"col-xs-6 col-lg-6 tech-label\">Frecuencia turbo m\u00e1xima del Performance-core\u00a0<button class=\"btn btn-tooltip-trigger view-modal info-modal\" style=\"box-sizing: border-box; font-family: inherit; font-size: 1rem; margin: 0px; line-height: 1; text-transform: none; appearance: button; cursor: pointer; display: inline-block; font-weight: bold; text-align: center; vertical-align: initial; background-image: none; border: 0px; white-space: normal; padding: 0px; border-radius: 0px; user-select: none; position: relative; min-width: 1rem; background-color: transparent; height: auto; outline: 0px; width: auto; box-shadow: none;\" type=\"button\" data-toggle=\"modal\" data-target=\".upe-modal\" data-title=\"Frecuencia turbo m\u00e1xima del Performance-core\" data-description=\"Frecuencia turbo m\u00e1xima del Performance-core derivada de la tecnolog\u00eda Intel\u00ae Turbo Boost.&lt;br \/&gt;&lt;br \/&gt;Para obtener m\u00e1s detalles sobre el rango de funcionamiento din\u00e1mico de energ\u00eda y frecuencia, consulte las &lt;a href=&quot;https:\/\/www.intel.la\/content\/www\/xl\/es\/support\/articles\/000098324\/processors.html&quot;&gt;Preguntas frecuentes sobre proxy de desempe\u00f1o para procesadores Intel\u00ae&lt;\/a&gt;.\" data-search-title=\"Buscar productos con Frecuencia turbo m\u00e1xima del Performance-core\" data-search-href=\"\" data-search-icon=\"true\" data-keyboard=\"true\" aria-label=\"Frecuencia turbo m\u00e1xima del Performance-core\"><\/button><\/div>\n<div class=\"col-xs-6 col-lg-6 tech-data\">4.90 GHz<\/div>\n<\/div>\n<div class=\"row tech-section-row\">\n<div class=\"col-xs-6 col-lg-6 tech-label\">Frecuencia turbo m\u00e1xima de Efficient-core\u00a0<button class=\"btn btn-tooltip-trigger view-modal info-modal\" style=\"box-sizing: border-box; font-family: inherit; font-size: 1rem; margin: 0px; line-height: 1; text-transform: none; appearance: button; cursor: pointer; display: inline-block; font-weight: bold; text-align: center; vertical-align: initial; background-image: none; border: 0px; white-space: normal; padding: 0px; border-radius: 0px; user-select: none; position: relative; min-width: 1rem; background-color: transparent; height: auto; outline: 0px; width: auto; box-shadow: none;\" type=\"button\" data-toggle=\"modal\" data-target=\".upe-modal\" data-title=\"Frecuencia turbo m\u00e1xima de Efficient-core\" data-description=\"Frecuencia turbo m\u00e1xima del E-core derivada de la tecnolog\u00eda Intel\u00ae Turbo Boost.&lt;br \/&gt;&lt;br \/&gt;Para obtener m\u00e1s detalles sobre el rango de funcionamiento din\u00e1mico de energ\u00eda y frecuencia, consulte las &lt;a href=&quot;https:\/\/www.intel.la\/content\/www\/xl\/es\/support\/articles\/000098324\/processors.html&quot;&gt;Preguntas frecuentes sobre proxy de desempe\u00f1o para procesadores Intel\u00ae&lt;\/a&gt;.\" data-search-title=\"Buscar productos con Frecuencia turbo m\u00e1xima de Efficient-core\" data-search-href=\"\" data-search-icon=\"true\" data-keyboard=\"true\" aria-label=\"Frecuencia turbo m\u00e1xima de Efficient-core\"><\/button><\/div>\n<div class=\"col-xs-6 col-lg-6 tech-data\">3.80 GHz<\/div>\n<\/div>\n<div class=\"row tech-section-row\">\n<div class=\"col-xs-6 col-lg-6 tech-label\">Frecuencia base de Performance-core\u00a0<button class=\"btn btn-tooltip-trigger view-modal info-modal\" style=\"box-sizing: border-box; font-family: inherit; font-size: 1rem; margin: 0px; line-height: 1; text-transform: none; appearance: button; cursor: pointer; display: inline-block; font-weight: bold; text-align: center; vertical-align: initial; background-image: none; border: 0px; white-space: normal; padding: 0px; border-radius: 0px; user-select: none; position: relative; min-width: 1rem; background-color: transparent; height: auto; outline: 0px; width: auto; box-shadow: none;\" type=\"button\" data-toggle=\"modal\" data-target=\".upe-modal\" data-title=\"Frecuencia base de Performance-core\" data-description=\"Para obtener m\u00e1s detalles sobre el rango de funcionamiento din\u00e1mico de energ\u00eda y frecuencia, consulte las &lt;a href=&quot;https:\/\/www.intel.la\/content\/www\/xl\/es\/support\/articles\/000098324\/processors.html&quot;&gt;Preguntas frecuentes sobre proxy de desempe\u00f1o para procesadores Intel\u00ae&lt;\/a&gt;.\" data-search-title=\"Buscar productos con Frecuencia base de Performance-core\" data-search-href=\"\" data-search-icon=\"true\" data-keyboard=\"true\" aria-label=\"Frecuencia base de Performance-core\"><\/button><\/div>\n<div class=\"col-xs-6 col-lg-6 tech-data\">3.60 GHz<\/div>\n<\/div>\n<div class=\"row tech-section-row\">\n<div class=\"col-xs-6 col-lg-6 tech-label\">Frecuencia base de Efficient-core\u00a0<button class=\"btn btn-tooltip-trigger view-modal info-modal\" style=\"box-sizing: border-box; font-family: inherit; font-size: 1rem; margin: 0px; line-height: 1; text-transform: none; appearance: button; cursor: pointer; display: inline-block; font-weight: bold; text-align: center; vertical-align: initial; background-image: none; border: 0px; white-space: normal; padding: 0px; border-radius: 0px; user-select: none; position: relative; min-width: 1rem; background-color: transparent; height: auto; outline: 0px; width: auto; box-shadow: none;\" type=\"button\" data-toggle=\"modal\" data-target=\".upe-modal\" data-title=\"Frecuencia base de Efficient-core\" data-description=\"Para obtener m\u00e1s detalles sobre el rango de funcionamiento din\u00e1mico de energ\u00eda y frecuencia, consulte las &lt;a href=&quot;https:\/\/www.intel.la\/content\/www\/xl\/es\/support\/articles\/000098324\/processors.html&quot;&gt;Preguntas frecuentes sobre proxy de desempe\u00f1o para procesadores Intel\u00ae&lt;\/a&gt;.\" data-search-title=\"Buscar productos con Frecuencia base de Efficient-core\" data-search-href=\"\" data-search-icon=\"true\" data-keyboard=\"true\" aria-label=\"Frecuencia base de Efficient-core\"><\/button><\/div>\n<div class=\"col-xs-6 col-lg-6 tech-data\">2.70 GHz<\/div>\n<\/div>\n<div class=\"row tech-section-row\">\n<div class=\"col-xs-6 col-lg-6 tech-label\">Cach\u00e9\u00a0<button class=\"btn btn-tooltip-trigger view-modal info-modal\" type=\"button\" data-toggle=\"modal\" data-target=\".upe-modal\" data-title=\"Cach\u00e9\" data-description=\"El Cach\u00e9 de CPU es un \u00e1rea de memoria r\u00e1pida ubicada en el procesador. El Cach\u00e9 inteligente Intel\u00ae se refiere a la arquitectura que permite a todos los n\u00facleos compartir din\u00e1micamente el acceso al cach\u00e9 de alto nivel.\" data-search-title=\"Buscar productos con Cach\u00e9\" data-search-href=\"\" data-search-icon=\"true\" data-keyboard=\"true\" aria-label=\"Cach\u00e9\"><\/button><\/div>\n<div class=\"col-xs-6 col-lg-6 tech-data\">25 MB Intel\u00ae Smart Cache<\/div>\n<\/div>\n<div class=\"row tech-section-row\">\n<div class=\"col-xs-6 col-lg-6 tech-label\">Cach\u00e9 L2 total<\/div>\n<div class=\"col-xs-6 col-lg-6 tech-data\">12 MB<\/div>\n<\/div>\n<div class=\"row tech-section-row\">\n<div class=\"col-xs-6 col-lg-6 tech-label\">Potencia base del procesador\u00a0<button class=\"btn btn-tooltip-trigger view-modal info-modal\" type=\"button\" data-toggle=\"modal\" data-target=\".upe-modal\" data-title=\"Potencia base del procesador\" data-description=\"La dispersi\u00f3n de potencia promediada en el tiempo validada para que el procesador no supere, durante la fabricaci\u00f3n, mientras ejecuta una carga de trabajo de alta complejidad que especifica Intel, a la frecuencia base y a la temperatura de uni\u00f3n seg\u00fan se especifica en la hoja de datos de la configuraci\u00f3n y el segmento SKU.\" data-search-title=\"Buscar productos con Potencia base del procesador\" data-search-href=\"\" data-search-icon=\"true\" data-keyboard=\"true\" aria-label=\"Potencia base del procesador\"><\/button><\/div>\n<div class=\"col-xs-6 col-lg-6 tech-data\">125 W<\/div>\n<\/div>\n<div class=\"row tech-section-row\">\n<div class=\"col-xs-6 col-lg-6 tech-label\">Potencia turbo m\u00e1xima\u00a0<button class=\"btn btn-tooltip-trigger view-modal info-modal\" type=\"button\" data-toggle=\"modal\" data-target=\".upe-modal\" data-title=\"Potencia turbo m\u00e1xima\" data-description=\"La dispersi\u00f3n de potencia m\u00e1xima sostenida (&gt;1) del procesador seg\u00fan se limita con los controles de temperatura o corriente. La potencia instant\u00e1nea puede superar la potencia turbo m\u00e1xima durante un corto periodo de tiempo (&lt;=10\u00a0ms). Nota: el proveedor de sistema puede configurar la potencia turbo m\u00e1xima y puede ser espec\u00edfico del sistema.\" data-search-title=\"Buscar productos con Potencia turbo m\u00e1xima\" data-search-href=\"\" data-search-icon=\"true\" data-keyboard=\"true\" aria-label=\"Potencia turbo m\u00e1xima\"><\/button><\/div>\n<div class=\"col-xs-6 col-lg-6 tech-data\">190 W<\/div>\n<\/div>\n","protected":false},"excerpt":{"rendered":"<p>&#8211; 12 GEN<br \/>\n&#8211; Socket\u00a0 LGA1700<br \/>\n&#8211; 20 Hilos<br \/>\n&#8211; L2 CACHE 12MB<br \/>\n&#8211; L3 Cache 25MB<br \/>\n&#8211; 7nm<br \/>\n&#8211; Potencia de Dise\u00f1o T\u00e9rmico 125W<br \/>\n&#8211; NO INCLUYE DISIPADOR<\/p>\n","protected":false},"featured_media":22867,"comment_status":"closed","ping_status":"closed","template":"","meta":[],"pwb-brand":[89],"product_brand":[],"product_cat":[20],"product_tag":[491,473],"class_list":{"0":"post-22865","1":"product","2":"type-product","3":"status-publish","4":"has-post-thumbnail","6":"pwb-brand-intel","7":"product_cat-procesadores","8":"product_tag-lga-1700","9":"product_tag-procesador-intel","11":"first","12":"instock","13":"sale","14":"taxable","15":"shipping-taxable","16":"purchasable","17":"product-type-simple"},"yoast_head":"<!-- This site is optimized with the Yoast SEO plugin v26.7 - https:\/\/yoast.com\/wordpress\/plugins\/seo\/ -->\n<title>INTEL CORE i7 12700KF \/ 12 NUCLEOS - 20 HILOS A 5GHZ - PC MASTERS BOGOTA<\/title>\n<meta name=\"robots\" content=\"index, follow, max-snippet:-1, max-image-preview:large, max-video-preview:-1\" \/>\n<link rel=\"canonical\" href=\"https:\/\/pcmastersbogota.com.co\/es_es\/producto\/intel-core-i7-12700kf-12-nucleos-20-hilos-a-5ghz\/\" \/>\n<meta property=\"og:locale\" content=\"es_ES\" \/>\n<meta property=\"og:type\" content=\"article\" \/>\n<meta property=\"og:title\" content=\"INTEL CORE i7 12700KF \/ 12 NUCLEOS - 20 HILOS A 5GHZ - PC MASTERS BOGOTA\" \/>\n<meta property=\"og:description\" content=\"- 12 GEN - Socket\u00a0 LGA1700 - 20 Hilos - L2 CACHE 12MB - L3 Cache 25MB - 7nm - Potencia de Dise\u00f1o T\u00e9rmico 125W - NO INCLUYE DISIPADOR\" \/>\n<meta property=\"og:url\" content=\"https:\/\/pcmastersbogota.com.co\/es_es\/producto\/intel-core-i7-12700kf-12-nucleos-20-hilos-a-5ghz\/\" \/>\n<meta property=\"og:site_name\" content=\"PC MASTERS BOGOTA\" \/>\n<meta property=\"article:modified_time\" content=\"2024-10-20T22:16:17+00:00\" \/>\n<meta property=\"og:image\" content=\"https:\/\/pcmastersbogota.com.co\/wp-content\/uploads\/2024\/05\/imagen_2024-05-29_153308060.png\" \/>\n\t<meta property=\"og:image:width\" content=\"796\" \/>\n\t<meta property=\"og:image:height\" content=\"951\" \/>\n\t<meta property=\"og:image:type\" content=\"image\/png\" \/>\n<meta name=\"twitter:card\" content=\"summary_large_image\" \/>\n<meta name=\"twitter:label1\" content=\"Tiempo de lectura\" \/>\n\t<meta name=\"twitter:data1\" content=\"2 minutos\" \/>\n<script type=\"application\/ld+json\" class=\"yoast-schema-graph\">{\"@context\":\"https:\/\/schema.org\",\"@graph\":[{\"@type\":\"WebPage\",\"@id\":\"https:\/\/pcmastersbogota.com.co\/producto\/intel-core-i7-12700kf-12-nucleos-20-hilos-a-5ghz\/\",\"url\":\"https:\/\/pcmastersbogota.com.co\/producto\/intel-core-i7-12700kf-12-nucleos-20-hilos-a-5ghz\/\",\"name\":\"INTEL CORE i7 12700KF \/ 12 NUCLEOS - 20 HILOS A 5GHZ - PC MASTERS BOGOTA\",\"isPartOf\":{\"@id\":\"https:\/\/pcmastersbogota.com.co\/es_es\/#website\"},\"primaryImageOfPage\":{\"@id\":\"https:\/\/pcmastersbogota.com.co\/producto\/intel-core-i7-12700kf-12-nucleos-20-hilos-a-5ghz\/#primaryimage\"},\"image\":{\"@id\":\"https:\/\/pcmastersbogota.com.co\/producto\/intel-core-i7-12700kf-12-nucleos-20-hilos-a-5ghz\/#primaryimage\"},\"thumbnailUrl\":\"https:\/\/pcmastersbogota.com.co\/wp-content\/uploads\/2024\/05\/imagen_2024-05-29_153308060.png\",\"datePublished\":\"2024-05-29T20:36:00+00:00\",\"dateModified\":\"2024-10-20T22:16:17+00:00\",\"breadcrumb\":{\"@id\":\"https:\/\/pcmastersbogota.com.co\/producto\/intel-core-i7-12700kf-12-nucleos-20-hilos-a-5ghz\/#breadcrumb\"},\"inLanguage\":\"es\",\"potentialAction\":[{\"@type\":\"ReadAction\",\"target\":[\"https:\/\/pcmastersbogota.com.co\/producto\/intel-core-i7-12700kf-12-nucleos-20-hilos-a-5ghz\/\"]}]},{\"@type\":\"ImageObject\",\"inLanguage\":\"es\",\"@id\":\"https:\/\/pcmastersbogota.com.co\/producto\/intel-core-i7-12700kf-12-nucleos-20-hilos-a-5ghz\/#primaryimage\",\"url\":\"https:\/\/pcmastersbogota.com.co\/wp-content\/uploads\/2024\/05\/imagen_2024-05-29_153308060.png\",\"contentUrl\":\"https:\/\/pcmastersbogota.com.co\/wp-content\/uploads\/2024\/05\/imagen_2024-05-29_153308060.png\",\"width\":796,\"height\":951},{\"@type\":\"BreadcrumbList\",\"@id\":\"https:\/\/pcmastersbogota.com.co\/producto\/intel-core-i7-12700kf-12-nucleos-20-hilos-a-5ghz\/#breadcrumb\",\"itemListElement\":[{\"@type\":\"ListItem\",\"position\":1,\"name\":\"Home\",\"item\":\"https:\/\/pcmastersbogota.com.co\/\"},{\"@type\":\"ListItem\",\"position\":2,\"name\":\"Tienda\",\"item\":\"https:\/\/pcmastersbogota.com.co\/es_es\/tienda\/\"},{\"@type\":\"ListItem\",\"position\":3,\"name\":\"INTEL CORE i7 12700KF \/ 12 NUCLEOS &#8211; 20 HILOS A 5GHZ\"}]},{\"@type\":\"WebSite\",\"@id\":\"https:\/\/pcmastersbogota.com.co\/es_es\/#website\",\"url\":\"https:\/\/pcmastersbogota.com.co\/es_es\/\",\"name\":\"PC MASTERS BOGOTA\",\"description\":\"\",\"potentialAction\":[{\"@type\":\"SearchAction\",\"target\":{\"@type\":\"EntryPoint\",\"urlTemplate\":\"https:\/\/pcmastersbogota.com.co\/es_es\/?s={search_term_string}\"},\"query-input\":{\"@type\":\"PropertyValueSpecification\",\"valueRequired\":true,\"valueName\":\"search_term_string\"}}],\"inLanguage\":\"es\"}]}<\/script>\n<!-- \/ Yoast SEO plugin. -->","yoast_head_json":{"title":"INTEL CORE i7 12700KF \/ 12 NUCLEOS - 20 HILOS A 5GHZ - PC MASTERS BOGOTA","robots":{"index":"index","follow":"follow","max-snippet":"max-snippet:-1","max-image-preview":"max-image-preview:large","max-video-preview":"max-video-preview:-1"},"canonical":"https:\/\/pcmastersbogota.com.co\/es_es\/producto\/intel-core-i7-12700kf-12-nucleos-20-hilos-a-5ghz\/","og_locale":"es_ES","og_type":"article","og_title":"INTEL CORE i7 12700KF \/ 12 NUCLEOS - 20 HILOS A 5GHZ - PC MASTERS BOGOTA","og_description":"- 12 GEN - Socket\u00a0 LGA1700 - 20 Hilos - L2 CACHE 12MB - L3 Cache 25MB - 7nm - Potencia de Dise\u00f1o T\u00e9rmico 125W - NO INCLUYE DISIPADOR","og_url":"https:\/\/pcmastersbogota.com.co\/es_es\/producto\/intel-core-i7-12700kf-12-nucleos-20-hilos-a-5ghz\/","og_site_name":"PC MASTERS BOGOTA","article_modified_time":"2024-10-20T22:16:17+00:00","og_image":[{"width":796,"height":951,"url":"https:\/\/pcmastersbogota.com.co\/wp-content\/uploads\/2024\/05\/imagen_2024-05-29_153308060.png","type":"image\/png"}],"twitter_card":"summary_large_image","twitter_misc":{"Tiempo de lectura":"2 minutos"},"schema":{"@context":"https:\/\/schema.org","@graph":[{"@type":"WebPage","@id":"https:\/\/pcmastersbogota.com.co\/producto\/intel-core-i7-12700kf-12-nucleos-20-hilos-a-5ghz\/","url":"https:\/\/pcmastersbogota.com.co\/producto\/intel-core-i7-12700kf-12-nucleos-20-hilos-a-5ghz\/","name":"INTEL CORE i7 12700KF \/ 12 NUCLEOS - 20 HILOS A 5GHZ - PC MASTERS BOGOTA","isPartOf":{"@id":"https:\/\/pcmastersbogota.com.co\/es_es\/#website"},"primaryImageOfPage":{"@id":"https:\/\/pcmastersbogota.com.co\/producto\/intel-core-i7-12700kf-12-nucleos-20-hilos-a-5ghz\/#primaryimage"},"image":{"@id":"https:\/\/pcmastersbogota.com.co\/producto\/intel-core-i7-12700kf-12-nucleos-20-hilos-a-5ghz\/#primaryimage"},"thumbnailUrl":"https:\/\/pcmastersbogota.com.co\/wp-content\/uploads\/2024\/05\/imagen_2024-05-29_153308060.png","datePublished":"2024-05-29T20:36:00+00:00","dateModified":"2024-10-20T22:16:17+00:00","breadcrumb":{"@id":"https:\/\/pcmastersbogota.com.co\/producto\/intel-core-i7-12700kf-12-nucleos-20-hilos-a-5ghz\/#breadcrumb"},"inLanguage":"es","potentialAction":[{"@type":"ReadAction","target":["https:\/\/pcmastersbogota.com.co\/producto\/intel-core-i7-12700kf-12-nucleos-20-hilos-a-5ghz\/"]}]},{"@type":"ImageObject","inLanguage":"es","@id":"https:\/\/pcmastersbogota.com.co\/producto\/intel-core-i7-12700kf-12-nucleos-20-hilos-a-5ghz\/#primaryimage","url":"https:\/\/pcmastersbogota.com.co\/wp-content\/uploads\/2024\/05\/imagen_2024-05-29_153308060.png","contentUrl":"https:\/\/pcmastersbogota.com.co\/wp-content\/uploads\/2024\/05\/imagen_2024-05-29_153308060.png","width":796,"height":951},{"@type":"BreadcrumbList","@id":"https:\/\/pcmastersbogota.com.co\/producto\/intel-core-i7-12700kf-12-nucleos-20-hilos-a-5ghz\/#breadcrumb","itemListElement":[{"@type":"ListItem","position":1,"name":"Home","item":"https:\/\/pcmastersbogota.com.co\/"},{"@type":"ListItem","position":2,"name":"Tienda","item":"https:\/\/pcmastersbogota.com.co\/es_es\/tienda\/"},{"@type":"ListItem","position":3,"name":"INTEL CORE i7 12700KF \/ 12 NUCLEOS &#8211; 20 HILOS A 5GHZ"}]},{"@type":"WebSite","@id":"https:\/\/pcmastersbogota.com.co\/es_es\/#website","url":"https:\/\/pcmastersbogota.com.co\/es_es\/","name":"PC MASTERS BOGOTA","description":"","potentialAction":[{"@type":"SearchAction","target":{"@type":"EntryPoint","urlTemplate":"https:\/\/pcmastersbogota.com.co\/es_es\/?s={search_term_string}"},"query-input":{"@type":"PropertyValueSpecification","valueRequired":true,"valueName":"search_term_string"}}],"inLanguage":"es"}]}},"brands":[{"id":89,"name":"INTEL","slug":"intel"}],"_links":{"self":[{"href":"https:\/\/pcmastersbogota.com.co\/es_es\/wp-json\/wp\/v2\/product\/22865","targetHints":{"allow":["GET"]}}],"collection":[{"href":"https:\/\/pcmastersbogota.com.co\/es_es\/wp-json\/wp\/v2\/product"}],"about":[{"href":"https:\/\/pcmastersbogota.com.co\/es_es\/wp-json\/wp\/v2\/types\/product"}],"replies":[{"embeddable":true,"href":"https:\/\/pcmastersbogota.com.co\/es_es\/wp-json\/wp\/v2\/comments?post=22865"}],"version-history":[{"count":1,"href":"https:\/\/pcmastersbogota.com.co\/es_es\/wp-json\/wp\/v2\/product\/22865\/revisions"}],"predecessor-version":[{"id":22868,"href":"https:\/\/pcmastersbogota.com.co\/es_es\/wp-json\/wp\/v2\/product\/22865\/revisions\/22868"}],"wp:featuredmedia":[{"embeddable":true,"href":"https:\/\/pcmastersbogota.com.co\/es_es\/wp-json\/wp\/v2\/media\/22867"}],"wp:attachment":[{"href":"https:\/\/pcmastersbogota.com.co\/es_es\/wp-json\/wp\/v2\/media?parent=22865"}],"wp:term":[{"taxonomy":"pwb-brand","embeddable":true,"href":"https:\/\/pcmastersbogota.com.co\/es_es\/wp-json\/wp\/v2\/pwb-brand?post=22865"},{"taxonomy":"product_brand","embeddable":true,"href":"https:\/\/pcmastersbogota.com.co\/es_es\/wp-json\/wp\/v2\/product_brand?post=22865"},{"taxonomy":"product_cat","embeddable":true,"href":"https:\/\/pcmastersbogota.com.co\/es_es\/wp-json\/wp\/v2\/product_cat?post=22865"},{"taxonomy":"product_tag","embeddable":true,"href":"https:\/\/pcmastersbogota.com.co\/es_es\/wp-json\/wp\/v2\/product_tag?post=22865"}],"curies":[{"name":"wp","href":"https:\/\/api.w.org\/{rel}","templated":true}]}}