{"id":23864,"date":"2024-10-20T17:39:39","date_gmt":"2024-10-20T22:39:39","guid":{"rendered":"https:\/\/pcmastersbogota.com.co\/?post_type=product&#038;p=23864"},"modified":"2025-10-31T15:18:00","modified_gmt":"2025-10-31T20:18:00","slug":"intel-core-i5-14400f-10-nucleos-16-hilos","status":"publish","type":"product","link":"https:\/\/pcmastersbogota.com.co\/es_es\/producto\/intel-core-i5-14400f-10-nucleos-16-hilos\/","title":{"rendered":"Intel Core i5-14400F &#8211; 10 Nucleos &#8211; 16 Hilos"},"content":{"rendered":"<p><strong>ARQUITECTURA H\u00cdBRIDA<\/strong><br \/>\nLa arquitectura h\u00edbrida de alto rendimiento de Intel est\u00e1 dise\u00f1ada para las necesidades de los jugadores modernos. Los n\u00facleos electr\u00f3nicos adicionales te ofrecen un rendimiento mejorado para la multitarea. Intel Thread Director te permite jugar sin interrupciones, para que no tengas que preocuparte de que las tareas en segundo plano te ralenticen. Optimiza las cargas de trabajo entre tu procesador Intel Core y tu GPU, asignando la energ\u00eda donde m\u00e1s se necesita con Dynamic Power Share.<\/p>\n<p><strong>POTENCIAL ILIMITADO<br \/>\n<\/strong>Con a\u00fan m\u00e1s n\u00facleos E y potencia para la multitarea, es hora de trabajar y jugar al mismo tiempo. Juega mientras transmites v\u00eddeos, escuchas m\u00fasica y codificas v\u00eddeos. Gracias a sus n\u00facleos Performance, los procesadores Intel Core de 14va ; generaci\u00f3n liberan toda la potencia necesaria para optimizar los juegos m\u00e1s exigentes de hoy en d\u00eda.<\/p>\n<p><strong>Intel Thread Director<br \/>\n<\/strong>Te permite jugar sin interrupciones: no tienes que preocuparte de que las tareas en segundo plano te ralenticen.<\/p>\n<p><strong>Intel Smart Cache<\/strong><br \/>\nEl tama\u00f1o ampliado de la cach\u00e9 acelera el procesador, proporcionando un mejor rendimiento, velocidades de fotogramas m\u00e1s altas y fluidas, y cargas m\u00e1s r\u00e1pidas.<\/p>\n","protected":false},"excerpt":{"rendered":"<p>ARQUITECTURA H\u00cdBRIDA La arquitectura h\u00edbrida de alto rendimiento de Intel est\u00e1 dise\u00f1ada para las necesidades de los jugadores modernos. Los<\/p>\n","protected":false},"featured_media":23866,"comment_status":"closed","ping_status":"closed","template":"","meta":[],"pwb-brand":[89],"product_brand":[],"product_cat":[20],"product_tag":[92,421,491],"class_list":{"0":"post-23864","1":"product","2":"type-product","3":"status-publish","4":"has-post-thumbnail","6":"pwb-brand-intel","7":"product_cat-procesadores","8":"product_tag-icore","9":"product_tag-intel","10":"product_tag-lga-1700","12":"first","13":"instock","14":"taxable","15":"shipping-taxable","16":"purchasable","17":"product-type-simple"},"yoast_head":"<!-- This site is optimized with the Yoast SEO plugin v26.7 - https:\/\/yoast.com\/wordpress\/plugins\/seo\/ -->\n<title>Intel Core i5-14400F - 10 Nucleos - 16 Hilos - PC MASTERS BOGOTA<\/title>\n<meta name=\"robots\" content=\"index, follow, max-snippet:-1, max-image-preview:large, max-video-preview:-1\" \/>\n<link rel=\"canonical\" href=\"https:\/\/pcmastersbogota.com.co\/es_es\/producto\/intel-core-i5-14400f-10-nucleos-16-hilos\/\" \/>\n<meta property=\"og:locale\" content=\"es_ES\" \/>\n<meta property=\"og:type\" content=\"article\" \/>\n<meta property=\"og:title\" content=\"Intel Core i5-14400F - 10 Nucleos - 16 Hilos - PC MASTERS BOGOTA\" \/>\n<meta property=\"og:description\" content=\"ARQUITECTURA H\u00cdBRIDA La arquitectura h\u00edbrida de alto rendimiento de Intel est\u00e1 dise\u00f1ada para las necesidades de los jugadores modernos. Los\" \/>\n<meta property=\"og:url\" content=\"https:\/\/pcmastersbogota.com.co\/es_es\/producto\/intel-core-i5-14400f-10-nucleos-16-hilos\/\" \/>\n<meta property=\"og:site_name\" content=\"PC MASTERS BOGOTA\" \/>\n<meta property=\"article:modified_time\" content=\"2025-10-31T20:18:00+00:00\" \/>\n<meta property=\"og:image\" content=\"https:\/\/pcmastersbogota.com.co\/wp-content\/uploads\/2024\/10\/imagen_2024-10-20_174058249.png\" \/>\n\t<meta property=\"og:image:width\" content=\"1600\" \/>\n\t<meta property=\"og:image:height\" content=\"1600\" \/>\n\t<meta property=\"og:image:type\" content=\"image\/png\" \/>\n<meta name=\"twitter:card\" content=\"summary_large_image\" \/>\n<meta name=\"twitter:label1\" content=\"Tiempo de lectura\" \/>\n\t<meta name=\"twitter:data1\" content=\"2 minutos\" \/>\n<script type=\"application\/ld+json\" class=\"yoast-schema-graph\">{\"@context\":\"https:\/\/schema.org\",\"@graph\":[{\"@type\":\"WebPage\",\"@id\":\"https:\/\/pcmastersbogota.com.co\/producto\/intel-core-i5-14400f-10-nucleos-16-hilos\/\",\"url\":\"https:\/\/pcmastersbogota.com.co\/producto\/intel-core-i5-14400f-10-nucleos-16-hilos\/\",\"name\":\"Intel Core i5-14400F - 10 Nucleos - 16 Hilos - PC MASTERS BOGOTA\",\"isPartOf\":{\"@id\":\"https:\/\/pcmastersbogota.com.co\/es_es\/#website\"},\"primaryImageOfPage\":{\"@id\":\"https:\/\/pcmastersbogota.com.co\/producto\/intel-core-i5-14400f-10-nucleos-16-hilos\/#primaryimage\"},\"image\":{\"@id\":\"https:\/\/pcmastersbogota.com.co\/producto\/intel-core-i5-14400f-10-nucleos-16-hilos\/#primaryimage\"},\"thumbnailUrl\":\"https:\/\/pcmastersbogota.com.co\/wp-content\/uploads\/2024\/10\/imagen_2024-10-20_174058249.png\",\"datePublished\":\"2024-10-20T22:39:39+00:00\",\"dateModified\":\"2025-10-31T20:18:00+00:00\",\"breadcrumb\":{\"@id\":\"https:\/\/pcmastersbogota.com.co\/producto\/intel-core-i5-14400f-10-nucleos-16-hilos\/#breadcrumb\"},\"inLanguage\":\"es\",\"potentialAction\":[{\"@type\":\"ReadAction\",\"target\":[\"https:\/\/pcmastersbogota.com.co\/producto\/intel-core-i5-14400f-10-nucleos-16-hilos\/\"]}]},{\"@type\":\"ImageObject\",\"inLanguage\":\"es\",\"@id\":\"https:\/\/pcmastersbogota.com.co\/producto\/intel-core-i5-14400f-10-nucleos-16-hilos\/#primaryimage\",\"url\":\"https:\/\/pcmastersbogota.com.co\/wp-content\/uploads\/2024\/10\/imagen_2024-10-20_174058249.png\",\"contentUrl\":\"https:\/\/pcmastersbogota.com.co\/wp-content\/uploads\/2024\/10\/imagen_2024-10-20_174058249.png\",\"width\":1600,\"height\":1600},{\"@type\":\"BreadcrumbList\",\"@id\":\"https:\/\/pcmastersbogota.com.co\/producto\/intel-core-i5-14400f-10-nucleos-16-hilos\/#breadcrumb\",\"itemListElement\":[{\"@type\":\"ListItem\",\"position\":1,\"name\":\"Home\",\"item\":\"https:\/\/pcmastersbogota.com.co\/\"},{\"@type\":\"ListItem\",\"position\":2,\"name\":\"Tienda\",\"item\":\"https:\/\/pcmastersbogota.com.co\/es_es\/tienda\/\"},{\"@type\":\"ListItem\",\"position\":3,\"name\":\"Intel Core i5-14400F &#8211; 10 Nucleos &#8211; 16 Hilos\"}]},{\"@type\":\"WebSite\",\"@id\":\"https:\/\/pcmastersbogota.com.co\/es_es\/#website\",\"url\":\"https:\/\/pcmastersbogota.com.co\/es_es\/\",\"name\":\"PC MASTERS BOGOTA\",\"description\":\"\",\"potentialAction\":[{\"@type\":\"SearchAction\",\"target\":{\"@type\":\"EntryPoint\",\"urlTemplate\":\"https:\/\/pcmastersbogota.com.co\/es_es\/?s={search_term_string}\"},\"query-input\":{\"@type\":\"PropertyValueSpecification\",\"valueRequired\":true,\"valueName\":\"search_term_string\"}}],\"inLanguage\":\"es\"}]}<\/script>\n<!-- \/ Yoast SEO plugin. -->","yoast_head_json":{"title":"Intel Core i5-14400F - 10 Nucleos - 16 Hilos - PC MASTERS BOGOTA","robots":{"index":"index","follow":"follow","max-snippet":"max-snippet:-1","max-image-preview":"max-image-preview:large","max-video-preview":"max-video-preview:-1"},"canonical":"https:\/\/pcmastersbogota.com.co\/es_es\/producto\/intel-core-i5-14400f-10-nucleos-16-hilos\/","og_locale":"es_ES","og_type":"article","og_title":"Intel Core i5-14400F - 10 Nucleos - 16 Hilos - PC MASTERS BOGOTA","og_description":"ARQUITECTURA H\u00cdBRIDA La arquitectura h\u00edbrida de alto rendimiento de Intel est\u00e1 dise\u00f1ada para las necesidades de los jugadores modernos. Los","og_url":"https:\/\/pcmastersbogota.com.co\/es_es\/producto\/intel-core-i5-14400f-10-nucleos-16-hilos\/","og_site_name":"PC MASTERS BOGOTA","article_modified_time":"2025-10-31T20:18:00+00:00","og_image":[{"width":1600,"height":1600,"url":"https:\/\/pcmastersbogota.com.co\/wp-content\/uploads\/2024\/10\/imagen_2024-10-20_174058249.png","type":"image\/png"}],"twitter_card":"summary_large_image","twitter_misc":{"Tiempo de lectura":"2 minutos"},"schema":{"@context":"https:\/\/schema.org","@graph":[{"@type":"WebPage","@id":"https:\/\/pcmastersbogota.com.co\/producto\/intel-core-i5-14400f-10-nucleos-16-hilos\/","url":"https:\/\/pcmastersbogota.com.co\/producto\/intel-core-i5-14400f-10-nucleos-16-hilos\/","name":"Intel Core i5-14400F - 10 Nucleos - 16 Hilos - PC MASTERS BOGOTA","isPartOf":{"@id":"https:\/\/pcmastersbogota.com.co\/es_es\/#website"},"primaryImageOfPage":{"@id":"https:\/\/pcmastersbogota.com.co\/producto\/intel-core-i5-14400f-10-nucleos-16-hilos\/#primaryimage"},"image":{"@id":"https:\/\/pcmastersbogota.com.co\/producto\/intel-core-i5-14400f-10-nucleos-16-hilos\/#primaryimage"},"thumbnailUrl":"https:\/\/pcmastersbogota.com.co\/wp-content\/uploads\/2024\/10\/imagen_2024-10-20_174058249.png","datePublished":"2024-10-20T22:39:39+00:00","dateModified":"2025-10-31T20:18:00+00:00","breadcrumb":{"@id":"https:\/\/pcmastersbogota.com.co\/producto\/intel-core-i5-14400f-10-nucleos-16-hilos\/#breadcrumb"},"inLanguage":"es","potentialAction":[{"@type":"ReadAction","target":["https:\/\/pcmastersbogota.com.co\/producto\/intel-core-i5-14400f-10-nucleos-16-hilos\/"]}]},{"@type":"ImageObject","inLanguage":"es","@id":"https:\/\/pcmastersbogota.com.co\/producto\/intel-core-i5-14400f-10-nucleos-16-hilos\/#primaryimage","url":"https:\/\/pcmastersbogota.com.co\/wp-content\/uploads\/2024\/10\/imagen_2024-10-20_174058249.png","contentUrl":"https:\/\/pcmastersbogota.com.co\/wp-content\/uploads\/2024\/10\/imagen_2024-10-20_174058249.png","width":1600,"height":1600},{"@type":"BreadcrumbList","@id":"https:\/\/pcmastersbogota.com.co\/producto\/intel-core-i5-14400f-10-nucleos-16-hilos\/#breadcrumb","itemListElement":[{"@type":"ListItem","position":1,"name":"Home","item":"https:\/\/pcmastersbogota.com.co\/"},{"@type":"ListItem","position":2,"name":"Tienda","item":"https:\/\/pcmastersbogota.com.co\/es_es\/tienda\/"},{"@type":"ListItem","position":3,"name":"Intel Core i5-14400F &#8211; 10 Nucleos &#8211; 16 Hilos"}]},{"@type":"WebSite","@id":"https:\/\/pcmastersbogota.com.co\/es_es\/#website","url":"https:\/\/pcmastersbogota.com.co\/es_es\/","name":"PC MASTERS BOGOTA","description":"","potentialAction":[{"@type":"SearchAction","target":{"@type":"EntryPoint","urlTemplate":"https:\/\/pcmastersbogota.com.co\/es_es\/?s={search_term_string}"},"query-input":{"@type":"PropertyValueSpecification","valueRequired":true,"valueName":"search_term_string"}}],"inLanguage":"es"}]}},"brands":[{"id":89,"name":"INTEL","slug":"intel"}],"_links":{"self":[{"href":"https:\/\/pcmastersbogota.com.co\/es_es\/wp-json\/wp\/v2\/product\/23864","targetHints":{"allow":["GET"]}}],"collection":[{"href":"https:\/\/pcmastersbogota.com.co\/es_es\/wp-json\/wp\/v2\/product"}],"about":[{"href":"https:\/\/pcmastersbogota.com.co\/es_es\/wp-json\/wp\/v2\/types\/product"}],"replies":[{"embeddable":true,"href":"https:\/\/pcmastersbogota.com.co\/es_es\/wp-json\/wp\/v2\/comments?post=23864"}],"version-history":[{"count":4,"href":"https:\/\/pcmastersbogota.com.co\/es_es\/wp-json\/wp\/v2\/product\/23864\/revisions"}],"predecessor-version":[{"id":27203,"href":"https:\/\/pcmastersbogota.com.co\/es_es\/wp-json\/wp\/v2\/product\/23864\/revisions\/27203"}],"wp:featuredmedia":[{"embeddable":true,"href":"https:\/\/pcmastersbogota.com.co\/es_es\/wp-json\/wp\/v2\/media\/23866"}],"wp:attachment":[{"href":"https:\/\/pcmastersbogota.com.co\/es_es\/wp-json\/wp\/v2\/media?parent=23864"}],"wp:term":[{"taxonomy":"pwb-brand","embeddable":true,"href":"https:\/\/pcmastersbogota.com.co\/es_es\/wp-json\/wp\/v2\/pwb-brand?post=23864"},{"taxonomy":"product_brand","embeddable":true,"href":"https:\/\/pcmastersbogota.com.co\/es_es\/wp-json\/wp\/v2\/product_brand?post=23864"},{"taxonomy":"product_cat","embeddable":true,"href":"https:\/\/pcmastersbogota.com.co\/es_es\/wp-json\/wp\/v2\/product_cat?post=23864"},{"taxonomy":"product_tag","embeddable":true,"href":"https:\/\/pcmastersbogota.com.co\/es_es\/wp-json\/wp\/v2\/product_tag?post=23864"}],"curies":[{"name":"wp","href":"https:\/\/api.w.org\/{rel}","templated":true}]}}