{"id":23870,"date":"2024-10-20T17:45:20","date_gmt":"2024-10-20T22:45:20","guid":{"rendered":"https:\/\/pcmastersbogota.com.co\/?post_type=product&#038;p=23870"},"modified":"2025-10-31T15:17:37","modified_gmt":"2025-10-31T20:17:37","slug":"intel-core-i5-14600kf-14-nucleos-20-hilos","status":"publish","type":"product","link":"https:\/\/pcmastersbogota.com.co\/es_es\/producto\/intel-core-i5-14600kf-14-nucleos-20-hilos\/","title":{"rendered":"Intel Core i5-14600K &#8211; 14 Nucleos &#8211; 20 Hilos"},"content":{"rendered":"<p><strong><a href=\"https:\/\/www.intel.la\/content\/www\/xl\/es\/products\/sku\/236799\/intel-core-i5-processor-14600k-24m-cache-up-to-5-30-ghz\/specifications.html\">PARA M\u00c1S INFO DA CLIC<\/a><\/p>\n<p>ARQUITECTURA H\u00cdBRIDA<\/strong><br \/>\nLa arquitectura h\u00edbrida de alto rendimiento de Intel est\u00e1 dise\u00f1ada para las necesidades de los jugadores modernos. Los n\u00facleos electr\u00f3nicos adicionales te ofrecen un rendimiento mejorado para la multitarea. Intel Thread Director te permite jugar sin interrupciones, para que no tengas que preocuparte de que las tareas en segundo plano te ralenticen. Optimiza las cargas de trabajo entre tu procesador Intel Core y tu GPU, asignando la energ\u00eda donde m\u00e1s se necesita con Dynamic Power Share.<\/p>\n<p><strong>POTENCIAL ILIMITADO<br \/>\n<\/strong>Con a\u00fan m\u00e1s n\u00facleos E y potencia para la multitarea, es hora de trabajar y jugar al mismo tiempo. Juega mientras transmites v\u00eddeos, escuchas m\u00fasica y codificas v\u00eddeos. Gracias a sus n\u00facleos Performance, los procesadores Intel Core de 14va ; generaci\u00f3n liberan toda la potencia necesaria para optimizar los juegos m\u00e1s exigentes de hoy en d\u00eda.<\/p>\n<p><strong>Intel Thread Director<br \/>\n<\/strong>Te permite jugar sin interrupciones: no tienes que preocuparte de que las tareas en segundo plano te ralenticen.<\/p>\n<p><strong>Intel Smart Cache<\/strong><br \/>\nEl tama\u00f1o ampliado de la cach\u00e9 acelera el procesador, proporcionando un mejor rendimiento, velocidades de fotogramas m\u00e1s altas y fluidas, y cargas m\u00e1s r\u00e1pidas.<\/p>\n","protected":false},"excerpt":{"rendered":"<div class=\"row tech-section-row\">\n<div class=\"col-xs-6 col-lg-6 tech-label\">\n<div class=\"row tech-section-row\">\n<div class=\"col-xs-6 col-lg-6 tech-label\">\n<div class=\"row tech-section-row\">\n<div class=\"col-xs-6 col-lg-6 tech-label\">\n<div class=\"row tech-section-row\"><\/div>\n<div class=\"row tech-section-row\">\n<div class=\"col-xs-6 col-lg-6 tech-data\">\n<div class=\"row tech-section-row\">\n<div class=\"col-xs-6 col-lg-6 tech-label\">Cantidad de n\u00facleos\u00a0<button class=\"btn btn-tooltip-trigger view-modal info-modal\" type=\"button\" data-toggle=\"modal\" data-target=\".upe-modal\" data-title=\"Cantidad de n\u00facleos\" data-description=\"N\u00facleos es un t\u00e9rmino de hardware que describe el n\u00famero de unidades de procesamiento independientes en un componente computacional individual (matriz o chip).\" data-search-title=\"Buscar productos con Cantidad de n\u00facleos\" data-search-href=\"\" data-search-icon=\"true\" data-keyboard=\"true\" aria-label=\"Cantidad de n\u00facleos\"><\/button><\/div>\n<div class=\"col-xs-6 col-lg-6 tech-data\">14<\/div>\n<\/div>\n<div class=\"row tech-section-row\">\n<div class=\"col-xs-6 col-lg-6 tech-label\">Cantidad de Performance-cores<\/div>\n<div class=\"col-xs-6 col-lg-6 tech-data\">6<\/div>\n<\/div>\n<div class=\"row tech-section-row\">\n<div class=\"col-xs-6 col-lg-6 tech-label\">Cantidad de Efficient-cores<\/div>\n<div class=\"col-xs-6 col-lg-6 tech-data\">8<\/div>\n<\/div>\n<div class=\"row tech-section-row\">\n<div class=\"col-xs-6 col-lg-6 tech-label\">Total de subprocesos\u00a0<button class=\"btn btn-tooltip-trigger view-modal info-modal\" type=\"button\" data-toggle=\"modal\" data-target=\".upe-modal\" data-title=\"Total de subprocesos\" data-description=\"Cuando corresponde, la tecnolog\u00eda Intel\u00ae Hyper-Threading solo est\u00e1 disponible en Performance-cores.\" data-search-title=\"Buscar productos con Total de subprocesos\" data-search-href=\"\" data-search-icon=\"true\" data-keyboard=\"true\" aria-label=\"Total de subprocesos\"><\/button><\/div>\n<div class=\"col-xs-6 col-lg-6 tech-data\">20<\/div>\n<\/div>\n<div class=\"row tech-section-row\">\n<div class=\"col-xs-6 col-lg-6 tech-label\">Frecuencia turbo m\u00e1xima\u00a0<button class=\"btn btn-tooltip-trigger view-modal info-modal\" style=\"box-sizing: border-box; font-family: inherit; font-size: 1rem; margin: 0px; line-height: 1; text-transform: none; appearance: button; cursor: pointer; display: inline-block; font-weight: bold; text-align: center; vertical-align: initial; background-image: none; border: 0px; white-space: normal; padding: 0px; border-radius: 0px; user-select: none; position: relative; min-width: 1rem; background-color: transparent; height: auto; outline: 0px; width: auto; box-shadow: none;\" type=\"button\" data-toggle=\"modal\" data-target=\".upe-modal\" data-title=\"Frecuencia turbo m\u00e1xima\" data-description=\"La frecuencia turbo m\u00e1xima es la frecuencia m\u00e1xima de un solo n\u00facleo a la que el procesador puede funcionar con la tecnolog\u00eda Intel\u00ae Turbo Boost y, si est\u00e1n presentes, con las tecnolog\u00edas Intel\u00ae Turbo Boost Max 3.0 e Intel\u00ae Thermal Velocity Boost. La frecuencia se suele medir en gigahercios (GHz) o mil millones de ciclos por segundo.&lt;br \/&gt;&lt;br \/&gt;Para obtener m\u00e1s detalles sobre el rango de funcionamiento din\u00e1mico de energ\u00eda y frecuencia, consulte las &lt;a href=&quot;https:\/\/www.intel.la\/content\/www\/xl\/es\/support\/articles\/000098324\/processors.html&quot;&gt;Preguntas frecuentes sobre proxy de desempe\u00f1o para procesadores Intel\u00ae&lt;\/a&gt;.\" data-search-title=\"Buscar productos con Frecuencia turbo m\u00e1xima\" data-search-href=\"\" data-search-icon=\"true\" data-keyboard=\"true\" aria-label=\"Frecuencia turbo m\u00e1xima\"><\/button><\/div>\n<div class=\"col-xs-6 col-lg-6 tech-data\">5.3 GHz<\/div>\n<\/div>\n<div class=\"row tech-section-row\">\n<div class=\"col-xs-6 col-lg-6 tech-label\">Frecuencia turbo m\u00e1xima del Performance-core\u00a0<button class=\"btn btn-tooltip-trigger view-modal info-modal\" style=\"box-sizing: border-box; font-family: inherit; font-size: 1rem; margin: 0px; line-height: 1; text-transform: none; appearance: button; cursor: pointer; display: inline-block; font-weight: bold; text-align: center; vertical-align: initial; background-image: none; border: 0px; white-space: normal; padding: 0px; border-radius: 0px; user-select: none; position: relative; min-width: 1rem; background-color: transparent; height: auto; outline: 0px; width: auto; box-shadow: none;\" type=\"button\" data-toggle=\"modal\" data-target=\".upe-modal\" data-title=\"Frecuencia turbo m\u00e1xima del Performance-core\" data-description=\"Frecuencia turbo m\u00e1xima del Performance-core derivada de la tecnolog\u00eda Intel\u00ae Turbo Boost.&lt;br \/&gt;&lt;br \/&gt;Para obtener m\u00e1s detalles sobre el rango de funcionamiento din\u00e1mico de energ\u00eda y frecuencia, consulte las &lt;a href=&quot;https:\/\/www.intel.la\/content\/www\/xl\/es\/support\/articles\/000098324\/processors.html&quot;&gt;Preguntas frecuentes sobre proxy de desempe\u00f1o para procesadores Intel\u00ae&lt;\/a&gt;.\" data-search-title=\"Buscar productos con Frecuencia turbo m\u00e1xima del Performance-core\" data-search-href=\"\" data-search-icon=\"true\" data-keyboard=\"true\" aria-label=\"Frecuencia turbo m\u00e1xima del Performance-core\"><\/button><\/div>\n<div class=\"col-xs-6 col-lg-6 tech-data\">5.3 GHz<\/div>\n<\/div>\n<div class=\"row tech-section-row\">\n<div class=\"col-xs-6 col-lg-6 tech-label\">Frecuencia turbo m\u00e1xima de Efficient-core\u00a0<button class=\"btn btn-tooltip-trigger view-modal info-modal\" style=\"box-sizing: border-box; font-family: inherit; font-size: 1rem; margin: 0px; line-height: 1; text-transform: none; appearance: button; cursor: pointer; display: inline-block; font-weight: bold; text-align: center; vertical-align: initial; background-image: none; border: 0px; white-space: normal; padding: 0px; border-radius: 0px; user-select: none; position: relative; min-width: 1rem; background-color: transparent; height: auto; outline: 0px; width: auto; box-shadow: none;\" type=\"button\" data-toggle=\"modal\" data-target=\".upe-modal\" data-title=\"Frecuencia turbo m\u00e1xima de Efficient-core\" data-description=\"Frecuencia turbo m\u00e1xima del E-core derivada de la tecnolog\u00eda Intel\u00ae Turbo Boost.&lt;br \/&gt;&lt;br \/&gt;Para obtener m\u00e1s detalles sobre el rango de funcionamiento din\u00e1mico de energ\u00eda y frecuencia, consulte las &lt;a href=&quot;https:\/\/www.intel.la\/content\/www\/xl\/es\/support\/articles\/000098324\/processors.html&quot;&gt;Preguntas frecuentes sobre proxy de desempe\u00f1o para procesadores Intel\u00ae&lt;\/a&gt;.\" data-search-title=\"Buscar productos con Frecuencia turbo m\u00e1xima de Efficient-core\" data-search-href=\"\" data-search-icon=\"true\" data-keyboard=\"true\" aria-label=\"Frecuencia turbo m\u00e1xima de Efficient-core\"><\/button><\/div>\n<div class=\"col-xs-6 col-lg-6 tech-data\">4 GHz<\/div>\n<\/div>\n<div class=\"row tech-section-row\">\n<div class=\"col-xs-6 col-lg-6 tech-label\">Frecuencia base de Performance-core\u00a0<button class=\"btn btn-tooltip-trigger view-modal info-modal\" style=\"box-sizing: border-box; font-family: inherit; font-size: 1rem; margin: 0px; line-height: 1; text-transform: none; appearance: button; cursor: pointer; display: inline-block; font-weight: bold; text-align: center; vertical-align: initial; background-image: none; border: 0px; white-space: normal; padding: 0px; border-radius: 0px; user-select: none; position: relative; min-width: 1rem; background-color: transparent; height: auto; outline: 0px; width: auto; box-shadow: none;\" type=\"button\" data-toggle=\"modal\" data-target=\".upe-modal\" data-title=\"Frecuencia base de Performance-core\" data-description=\"Para obtener m\u00e1s detalles sobre el rango de funcionamiento din\u00e1mico de energ\u00eda y frecuencia, consulte las &lt;a href=&quot;https:\/\/www.intel.la\/content\/www\/xl\/es\/support\/articles\/000098324\/processors.html&quot;&gt;Preguntas frecuentes sobre proxy de desempe\u00f1o para procesadores Intel\u00ae&lt;\/a&gt;.\" data-search-title=\"Buscar productos con Frecuencia base de Performance-core\" data-search-href=\"\" data-search-icon=\"true\" data-keyboard=\"true\" aria-label=\"Frecuencia base de Performance-core\"><\/button><\/div>\n<div class=\"col-xs-6 col-lg-6 tech-data\">3.5 GHz<\/div>\n<\/div>\n<div class=\"row tech-section-row\">\n<div class=\"col-xs-6 col-lg-6 tech-label\">Frecuencia base de Efficient-core\u00a0<button class=\"btn btn-tooltip-trigger view-modal info-modal\" style=\"box-sizing: border-box; font-family: inherit; font-size: 1rem; margin: 0px; line-height: 1; text-transform: none; appearance: button; cursor: pointer; display: inline-block; font-weight: bold; text-align: center; vertical-align: initial; background-image: none; border: 0px; white-space: normal; padding: 0px; border-radius: 0px; user-select: none; position: relative; min-width: 1rem; background-color: transparent; height: auto; outline: 0px; width: auto; box-shadow: none;\" type=\"button\" data-toggle=\"modal\" data-target=\".upe-modal\" data-title=\"Frecuencia base de Efficient-core\" data-description=\"Para obtener m\u00e1s detalles sobre el rango de funcionamiento din\u00e1mico de energ\u00eda y frecuencia, consulte las &lt;a href=&quot;https:\/\/www.intel.la\/content\/www\/xl\/es\/support\/articles\/000098324\/processors.html&quot;&gt;Preguntas frecuentes sobre proxy de desempe\u00f1o para procesadores Intel\u00ae&lt;\/a&gt;.\" data-search-title=\"Buscar productos con Frecuencia base de Efficient-core\" data-search-href=\"\" data-search-icon=\"true\" data-keyboard=\"true\" aria-label=\"Frecuencia base de Efficient-core\"><\/button><\/div>\n<div class=\"col-xs-6 col-lg-6 tech-data\">2.6 GHz<\/div>\n<\/div>\n<div class=\"row tech-section-row\">\n<div class=\"col-xs-6 col-lg-6 tech-label\">Cach\u00e9\u00a0<button class=\"btn btn-tooltip-trigger view-modal info-modal\" type=\"button\" data-toggle=\"modal\" data-target=\".upe-modal\" data-title=\"Cach\u00e9\" data-description=\"El Cach\u00e9 de CPU es un \u00e1rea de memoria r\u00e1pida ubicada en el procesador. El Cach\u00e9 inteligente Intel\u00ae se refiere a la arquitectura que permite a todos los n\u00facleos compartir din\u00e1micamente el acceso al cach\u00e9 de alto nivel.\" data-search-title=\"Buscar productos con Cach\u00e9\" data-search-href=\"\" data-search-icon=\"true\" data-keyboard=\"true\" aria-label=\"Cach\u00e9\"><\/button><\/div>\n<div class=\"col-xs-6 col-lg-6 tech-data\">24 MB Intel\u00ae Smart Cache<\/div>\n<\/div>\n<div class=\"row tech-section-row\">\n<div class=\"col-xs-6 col-lg-6 tech-label\">Cach\u00e9 L2 total<\/div>\n<div class=\"col-xs-6 col-lg-6 tech-data\">20 MB<\/div>\n<\/div>\n<div class=\"row tech-section-row\">\n<div class=\"col-xs-6 col-lg-6 tech-label\">Potencia base del procesador\u00a0<button class=\"btn btn-tooltip-trigger view-modal info-modal\" type=\"button\" data-toggle=\"modal\" data-target=\".upe-modal\" data-title=\"Potencia base del procesador\" data-description=\"La dispersi\u00f3n de potencia promediada en el tiempo validada para que el procesador no supere, durante la fabricaci\u00f3n, mientras ejecuta una carga de trabajo de alta complejidad que especifica Intel, a la frecuencia base y a la temperatura de uni\u00f3n seg\u00fan se especifica en la hoja de datos de la configuraci\u00f3n y el segmento SKU.\" data-search-title=\"Buscar productos con Potencia base del procesador\" data-search-href=\"\" data-search-icon=\"true\" data-keyboard=\"true\" aria-label=\"Potencia base del procesador\"><\/button><\/div>\n<div class=\"col-xs-6 col-lg-6 tech-data\">125 W<\/div>\n<\/div>\n<div class=\"row tech-section-row\">\n<div class=\"col-xs-6 col-lg-6 tech-label\">Potencia turbo m\u00e1xima\u00a0<button class=\"btn btn-tooltip-trigger view-modal info-modal\" type=\"button\" data-toggle=\"modal\" data-target=\".upe-modal\" data-title=\"Potencia turbo m\u00e1xima\" data-description=\"La dispersi\u00f3n de potencia m\u00e1xima sostenida (&gt;1) del procesador seg\u00fan se limita con los controles de temperatura o corriente. La potencia instant\u00e1nea puede superar la potencia turbo m\u00e1xima durante un corto periodo de tiempo (&lt;=10\u00a0ms). Nota: el proveedor de sistema puede configurar la potencia turbo m\u00e1xima y puede ser espec\u00edfico del sistema.\" data-search-title=\"Buscar productos con Potencia turbo m\u00e1xima\" data-search-href=\"\" data-search-icon=\"true\" data-keyboard=\"true\" aria-label=\"Potencia turbo m\u00e1xima\"><\/button><\/div>\n<div class=\"col-xs-6 col-lg-6 tech-data\">181 W<\/div>\n<\/div>\n<\/div>\n<\/div>\n<\/div>\n<\/div>\n<\/div>\n<\/div>\n<\/div>\n<\/div>\n<div class=\"row tech-section-row\">\n<div class=\"col-xs-6 col-lg-6 tech-data\">Socket: LGA <b>1700<\/b><\/div>\n<\/div>\n","protected":false},"featured_media":23866,"comment_status":"closed","ping_status":"closed","template":"","meta":[],"pwb-brand":[89],"product_brand":[],"product_cat":[20],"product_tag":[92,421,491],"class_list":{"0":"post-23870","1":"product","2":"type-product","3":"status-publish","4":"has-post-thumbnail","6":"pwb-brand-intel","7":"product_cat-procesadores","8":"product_tag-icore","9":"product_tag-intel","10":"product_tag-lga-1700","12":"first","13":"instock","14":"taxable","15":"shipping-taxable","16":"purchasable","17":"product-type-simple"},"yoast_head":"<!-- This site is optimized with the Yoast SEO plugin v26.7 - https:\/\/yoast.com\/wordpress\/plugins\/seo\/ -->\n<title>Intel Core i5-14600K - 14 Nucleos - 20 Hilos - PC MASTERS BOGOTA<\/title>\n<meta name=\"robots\" content=\"index, follow, max-snippet:-1, max-image-preview:large, max-video-preview:-1\" \/>\n<link rel=\"canonical\" href=\"https:\/\/pcmastersbogota.com.co\/es_es\/producto\/intel-core-i5-14600kf-14-nucleos-20-hilos\/\" \/>\n<meta property=\"og:locale\" content=\"es_ES\" \/>\n<meta property=\"og:type\" content=\"article\" \/>\n<meta property=\"og:title\" content=\"Intel Core i5-14600K - 14 Nucleos - 20 Hilos - PC MASTERS BOGOTA\" \/>\n<meta property=\"og:description\" content=\"Cantidad de n\u00facleos\u00a0 14   Cantidad de Performance-cores 6   Cantidad de Efficient-cores 8   Total de subprocesos\u00a0 20   Frecuencia turbo m\u00e1xima\u00a0 5.3 GHz   Frecuencia turbo m\u00e1xima del Performance-core\u00a0 5.3 GHz   Frecuencia turbo m\u00e1xima de Efficient-core\u00a0 4 GHz   Frecuencia base de Performance-core\u00a0 3.5 GHz   Frecuencia base de Efficient-core\u00a0 2.6 GHz   Cach\u00e9\u00a0 24 MB Intel\u00ae Smart Cache   Cach\u00e9 L2 total 20 MB   Potencia base del procesador\u00a0 125 W   Potencia turbo m\u00e1xima\u00a0 181 W           Socket: LGA 1700\" \/>\n<meta property=\"og:url\" content=\"https:\/\/pcmastersbogota.com.co\/es_es\/producto\/intel-core-i5-14600kf-14-nucleos-20-hilos\/\" \/>\n<meta property=\"og:site_name\" content=\"PC MASTERS BOGOTA\" \/>\n<meta property=\"article:modified_time\" content=\"2025-10-31T20:17:37+00:00\" \/>\n<meta property=\"og:image\" content=\"https:\/\/pcmastersbogota.com.co\/wp-content\/uploads\/2024\/10\/imagen_2024-10-20_174058249.png\" \/>\n\t<meta property=\"og:image:width\" content=\"1600\" \/>\n\t<meta property=\"og:image:height\" content=\"1600\" \/>\n\t<meta property=\"og:image:type\" content=\"image\/png\" \/>\n<meta name=\"twitter:card\" content=\"summary_large_image\" \/>\n<meta name=\"twitter:label1\" content=\"Tiempo de lectura\" \/>\n\t<meta name=\"twitter:data1\" content=\"2 minutos\" \/>\n<script type=\"application\/ld+json\" class=\"yoast-schema-graph\">{\"@context\":\"https:\/\/schema.org\",\"@graph\":[{\"@type\":\"WebPage\",\"@id\":\"https:\/\/pcmastersbogota.com.co\/producto\/intel-core-i5-14600kf-14-nucleos-20-hilos\/\",\"url\":\"https:\/\/pcmastersbogota.com.co\/producto\/intel-core-i5-14600kf-14-nucleos-20-hilos\/\",\"name\":\"Intel Core i5-14600K - 14 Nucleos - 20 Hilos - PC MASTERS BOGOTA\",\"isPartOf\":{\"@id\":\"https:\/\/pcmastersbogota.com.co\/es_es\/#website\"},\"primaryImageOfPage\":{\"@id\":\"https:\/\/pcmastersbogota.com.co\/producto\/intel-core-i5-14600kf-14-nucleos-20-hilos\/#primaryimage\"},\"image\":{\"@id\":\"https:\/\/pcmastersbogota.com.co\/producto\/intel-core-i5-14600kf-14-nucleos-20-hilos\/#primaryimage\"},\"thumbnailUrl\":\"https:\/\/pcmastersbogota.com.co\/wp-content\/uploads\/2024\/10\/imagen_2024-10-20_174058249.png\",\"datePublished\":\"2024-10-20T22:45:20+00:00\",\"dateModified\":\"2025-10-31T20:17:37+00:00\",\"breadcrumb\":{\"@id\":\"https:\/\/pcmastersbogota.com.co\/producto\/intel-core-i5-14600kf-14-nucleos-20-hilos\/#breadcrumb\"},\"inLanguage\":\"es\",\"potentialAction\":[{\"@type\":\"ReadAction\",\"target\":[\"https:\/\/pcmastersbogota.com.co\/producto\/intel-core-i5-14600kf-14-nucleos-20-hilos\/\"]}]},{\"@type\":\"ImageObject\",\"inLanguage\":\"es\",\"@id\":\"https:\/\/pcmastersbogota.com.co\/producto\/intel-core-i5-14600kf-14-nucleos-20-hilos\/#primaryimage\",\"url\":\"https:\/\/pcmastersbogota.com.co\/wp-content\/uploads\/2024\/10\/imagen_2024-10-20_174058249.png\",\"contentUrl\":\"https:\/\/pcmastersbogota.com.co\/wp-content\/uploads\/2024\/10\/imagen_2024-10-20_174058249.png\",\"width\":1600,\"height\":1600},{\"@type\":\"BreadcrumbList\",\"@id\":\"https:\/\/pcmastersbogota.com.co\/producto\/intel-core-i5-14600kf-14-nucleos-20-hilos\/#breadcrumb\",\"itemListElement\":[{\"@type\":\"ListItem\",\"position\":1,\"name\":\"Home\",\"item\":\"https:\/\/pcmastersbogota.com.co\/\"},{\"@type\":\"ListItem\",\"position\":2,\"name\":\"Tienda\",\"item\":\"https:\/\/pcmastersbogota.com.co\/es_es\/tienda\/\"},{\"@type\":\"ListItem\",\"position\":3,\"name\":\"Intel Core i5-14600K &#8211; 14 Nucleos &#8211; 20 Hilos\"}]},{\"@type\":\"WebSite\",\"@id\":\"https:\/\/pcmastersbogota.com.co\/es_es\/#website\",\"url\":\"https:\/\/pcmastersbogota.com.co\/es_es\/\",\"name\":\"PC MASTERS BOGOTA\",\"description\":\"\",\"potentialAction\":[{\"@type\":\"SearchAction\",\"target\":{\"@type\":\"EntryPoint\",\"urlTemplate\":\"https:\/\/pcmastersbogota.com.co\/es_es\/?s={search_term_string}\"},\"query-input\":{\"@type\":\"PropertyValueSpecification\",\"valueRequired\":true,\"valueName\":\"search_term_string\"}}],\"inLanguage\":\"es\"}]}<\/script>\n<!-- \/ Yoast SEO plugin. -->","yoast_head_json":{"title":"Intel Core i5-14600K - 14 Nucleos - 20 Hilos - PC MASTERS BOGOTA","robots":{"index":"index","follow":"follow","max-snippet":"max-snippet:-1","max-image-preview":"max-image-preview:large","max-video-preview":"max-video-preview:-1"},"canonical":"https:\/\/pcmastersbogota.com.co\/es_es\/producto\/intel-core-i5-14600kf-14-nucleos-20-hilos\/","og_locale":"es_ES","og_type":"article","og_title":"Intel Core i5-14600K - 14 Nucleos - 20 Hilos - PC MASTERS BOGOTA","og_description":"Cantidad de n\u00facleos\u00a0 14   Cantidad de Performance-cores 6   Cantidad de Efficient-cores 8   Total de subprocesos\u00a0 20   Frecuencia turbo m\u00e1xima\u00a0 5.3 GHz   Frecuencia turbo m\u00e1xima del Performance-core\u00a0 5.3 GHz   Frecuencia turbo m\u00e1xima de Efficient-core\u00a0 4 GHz   Frecuencia base de Performance-core\u00a0 3.5 GHz   Frecuencia base de Efficient-core\u00a0 2.6 GHz   Cach\u00e9\u00a0 24 MB Intel\u00ae Smart Cache   Cach\u00e9 L2 total 20 MB   Potencia base del procesador\u00a0 125 W   Potencia turbo m\u00e1xima\u00a0 181 W           Socket: LGA 1700","og_url":"https:\/\/pcmastersbogota.com.co\/es_es\/producto\/intel-core-i5-14600kf-14-nucleos-20-hilos\/","og_site_name":"PC MASTERS BOGOTA","article_modified_time":"2025-10-31T20:17:37+00:00","og_image":[{"width":1600,"height":1600,"url":"https:\/\/pcmastersbogota.com.co\/wp-content\/uploads\/2024\/10\/imagen_2024-10-20_174058249.png","type":"image\/png"}],"twitter_card":"summary_large_image","twitter_misc":{"Tiempo de lectura":"2 minutos"},"schema":{"@context":"https:\/\/schema.org","@graph":[{"@type":"WebPage","@id":"https:\/\/pcmastersbogota.com.co\/producto\/intel-core-i5-14600kf-14-nucleos-20-hilos\/","url":"https:\/\/pcmastersbogota.com.co\/producto\/intel-core-i5-14600kf-14-nucleos-20-hilos\/","name":"Intel Core i5-14600K - 14 Nucleos - 20 Hilos - PC MASTERS BOGOTA","isPartOf":{"@id":"https:\/\/pcmastersbogota.com.co\/es_es\/#website"},"primaryImageOfPage":{"@id":"https:\/\/pcmastersbogota.com.co\/producto\/intel-core-i5-14600kf-14-nucleos-20-hilos\/#primaryimage"},"image":{"@id":"https:\/\/pcmastersbogota.com.co\/producto\/intel-core-i5-14600kf-14-nucleos-20-hilos\/#primaryimage"},"thumbnailUrl":"https:\/\/pcmastersbogota.com.co\/wp-content\/uploads\/2024\/10\/imagen_2024-10-20_174058249.png","datePublished":"2024-10-20T22:45:20+00:00","dateModified":"2025-10-31T20:17:37+00:00","breadcrumb":{"@id":"https:\/\/pcmastersbogota.com.co\/producto\/intel-core-i5-14600kf-14-nucleos-20-hilos\/#breadcrumb"},"inLanguage":"es","potentialAction":[{"@type":"ReadAction","target":["https:\/\/pcmastersbogota.com.co\/producto\/intel-core-i5-14600kf-14-nucleos-20-hilos\/"]}]},{"@type":"ImageObject","inLanguage":"es","@id":"https:\/\/pcmastersbogota.com.co\/producto\/intel-core-i5-14600kf-14-nucleos-20-hilos\/#primaryimage","url":"https:\/\/pcmastersbogota.com.co\/wp-content\/uploads\/2024\/10\/imagen_2024-10-20_174058249.png","contentUrl":"https:\/\/pcmastersbogota.com.co\/wp-content\/uploads\/2024\/10\/imagen_2024-10-20_174058249.png","width":1600,"height":1600},{"@type":"BreadcrumbList","@id":"https:\/\/pcmastersbogota.com.co\/producto\/intel-core-i5-14600kf-14-nucleos-20-hilos\/#breadcrumb","itemListElement":[{"@type":"ListItem","position":1,"name":"Home","item":"https:\/\/pcmastersbogota.com.co\/"},{"@type":"ListItem","position":2,"name":"Tienda","item":"https:\/\/pcmastersbogota.com.co\/es_es\/tienda\/"},{"@type":"ListItem","position":3,"name":"Intel Core i5-14600K &#8211; 14 Nucleos &#8211; 20 Hilos"}]},{"@type":"WebSite","@id":"https:\/\/pcmastersbogota.com.co\/es_es\/#website","url":"https:\/\/pcmastersbogota.com.co\/es_es\/","name":"PC MASTERS BOGOTA","description":"","potentialAction":[{"@type":"SearchAction","target":{"@type":"EntryPoint","urlTemplate":"https:\/\/pcmastersbogota.com.co\/es_es\/?s={search_term_string}"},"query-input":{"@type":"PropertyValueSpecification","valueRequired":true,"valueName":"search_term_string"}}],"inLanguage":"es"}]}},"brands":[{"id":89,"name":"INTEL","slug":"intel"}],"_links":{"self":[{"href":"https:\/\/pcmastersbogota.com.co\/es_es\/wp-json\/wp\/v2\/product\/23870","targetHints":{"allow":["GET"]}}],"collection":[{"href":"https:\/\/pcmastersbogota.com.co\/es_es\/wp-json\/wp\/v2\/product"}],"about":[{"href":"https:\/\/pcmastersbogota.com.co\/es_es\/wp-json\/wp\/v2\/types\/product"}],"replies":[{"embeddable":true,"href":"https:\/\/pcmastersbogota.com.co\/es_es\/wp-json\/wp\/v2\/comments?post=23870"}],"version-history":[{"count":4,"href":"https:\/\/pcmastersbogota.com.co\/es_es\/wp-json\/wp\/v2\/product\/23870\/revisions"}],"predecessor-version":[{"id":23874,"href":"https:\/\/pcmastersbogota.com.co\/es_es\/wp-json\/wp\/v2\/product\/23870\/revisions\/23874"}],"wp:featuredmedia":[{"embeddable":true,"href":"https:\/\/pcmastersbogota.com.co\/es_es\/wp-json\/wp\/v2\/media\/23866"}],"wp:attachment":[{"href":"https:\/\/pcmastersbogota.com.co\/es_es\/wp-json\/wp\/v2\/media?parent=23870"}],"wp:term":[{"taxonomy":"pwb-brand","embeddable":true,"href":"https:\/\/pcmastersbogota.com.co\/es_es\/wp-json\/wp\/v2\/pwb-brand?post=23870"},{"taxonomy":"product_brand","embeddable":true,"href":"https:\/\/pcmastersbogota.com.co\/es_es\/wp-json\/wp\/v2\/product_brand?post=23870"},{"taxonomy":"product_cat","embeddable":true,"href":"https:\/\/pcmastersbogota.com.co\/es_es\/wp-json\/wp\/v2\/product_cat?post=23870"},{"taxonomy":"product_tag","embeddable":true,"href":"https:\/\/pcmastersbogota.com.co\/es_es\/wp-json\/wp\/v2\/product_tag?post=23870"}],"curies":[{"name":"wp","href":"https:\/\/api.w.org\/{rel}","templated":true}]}}