{"id":23947,"date":"2024-10-28T09:56:55","date_gmt":"2024-10-28T14:56:55","guid":{"rendered":"https:\/\/pcmastersbogota.com.co\/?post_type=product&#038;p=23947"},"modified":"2025-04-10T09:19:37","modified_gmt":"2025-04-10T14:19:37","slug":"asus-prime-rtx-4070-super-12-gb-oc-trifan","status":"publish","type":"product","link":"https:\/\/pcmastersbogota.com.co\/es_es\/producto\/asus-prime-rtx-4070-super-12-gb-oc-trifan\/","title":{"rendered":"ASUS PRIME RTX 4070 SUPER  12 GB OC TRIFAN"},"content":{"rendered":"<p><a href=\"https:\/\/pcmastersbogota.com.co\/wp-content\/uploads\/2024\/10\/imagen_2024-10-28_093904523.png\"><img fetchpriority=\"high\" decoding=\"async\" class=\" wp-image-23948 aligncenter\" src=\"https:\/\/pcmastersbogota.com.co\/wp-content\/uploads\/2024\/10\/imagen_2024-10-28_093904523-300x224.png\" alt=\"\" width=\"1463\" height=\"1092\" srcset=\"https:\/\/pcmastersbogota.com.co\/wp-content\/uploads\/2024\/10\/imagen_2024-10-28_093904523-300x224.png 300w, https:\/\/pcmastersbogota.com.co\/wp-content\/uploads\/2024\/10\/imagen_2024-10-28_093904523-1024x765.png 1024w, https:\/\/pcmastersbogota.com.co\/wp-content\/uploads\/2024\/10\/imagen_2024-10-28_093904523-768x574.png 768w, https:\/\/pcmastersbogota.com.co\/wp-content\/uploads\/2024\/10\/imagen_2024-10-28_093904523-1200x896.png 1200w, https:\/\/pcmastersbogota.com.co\/wp-content\/uploads\/2024\/10\/imagen_2024-10-28_093904523-150x112.png 150w, https:\/\/pcmastersbogota.com.co\/wp-content\/uploads\/2024\/10\/imagen_2024-10-28_093904523.png 1411w\" sizes=\"(max-width: 1463px) 100vw, 1463px\" \/><\/a>Prime GeForce RTX\u2122 4070 SUPER<br \/>\nDisfruta de un rendimiento elegante con la tarjeta gr\u00e1fica PRIME GeForce RTX 4070 SUPER compatible con SFF, que cuenta con un dise\u00f1o compacto de 2,5 ranuras para una compatibilidad expansiva, mejorado por una configuraci\u00f3n de triple ventilador para un flujo de aire superior. Su dise\u00f1o elegante se integra a la perfecci\u00f3n con el ecosistema ASUS PRIME, lo que garantiza tanto atractivo visual como destreza en los juegos.<br \/>\n<a href=\"https:\/\/pcmastersbogota.com.co\/wp-content\/uploads\/2024\/10\/imagen_2024-10-28_094102816.png\"><img decoding=\"async\" class=\"wp-image-23949 aligncenter\" src=\"https:\/\/pcmastersbogota.com.co\/wp-content\/uploads\/2024\/10\/imagen_2024-10-28_094102816-300x63.png\" alt=\"\" width=\"1300\" height=\"273\" srcset=\"https:\/\/pcmastersbogota.com.co\/wp-content\/uploads\/2024\/10\/imagen_2024-10-28_094102816-300x63.png 300w, https:\/\/pcmastersbogota.com.co\/wp-content\/uploads\/2024\/10\/imagen_2024-10-28_094102816-1024x216.png 1024w, https:\/\/pcmastersbogota.com.co\/wp-content\/uploads\/2024\/10\/imagen_2024-10-28_094102816-768x162.png 768w, https:\/\/pcmastersbogota.com.co\/wp-content\/uploads\/2024\/10\/imagen_2024-10-28_094102816-150x32.png 150w, https:\/\/pcmastersbogota.com.co\/wp-content\/uploads\/2024\/10\/imagen_2024-10-28_094102816.png 1201w\" sizes=\"(max-width: 1300px) 100vw, 1300px\" \/><\/a><a href=\"https:\/\/pcmastersbogota.com.co\/wp-content\/uploads\/2024\/10\/imagen_2024-10-28_094149470.png\"><img decoding=\"async\" class=\"wp-image-23950 aligncenter\" src=\"https:\/\/pcmastersbogota.com.co\/wp-content\/uploads\/2024\/10\/imagen_2024-10-28_094149470-300x231.png\" alt=\"\" width=\"1462\" height=\"1126\" srcset=\"https:\/\/pcmastersbogota.com.co\/wp-content\/uploads\/2024\/10\/imagen_2024-10-28_094149470-300x231.png 300w, https:\/\/pcmastersbogota.com.co\/wp-content\/uploads\/2024\/10\/imagen_2024-10-28_094149470-1024x790.png 1024w, https:\/\/pcmastersbogota.com.co\/wp-content\/uploads\/2024\/10\/imagen_2024-10-28_094149470-150x116.png 150w\" sizes=\"(max-width: 1462px) 100vw, 1462px\" \/><\/a> <a href=\"https:\/\/pcmastersbogota.com.co\/wp-content\/uploads\/2024\/10\/imagen_2024-10-28_094333121.png\"><img loading=\"lazy\" decoding=\"async\" class=\" wp-image-23951 aligncenter\" src=\"https:\/\/pcmastersbogota.com.co\/wp-content\/uploads\/2024\/10\/imagen_2024-10-28_094333121-300x116.png\" alt=\"\" width=\"1355\" height=\"524\" srcset=\"https:\/\/pcmastersbogota.com.co\/wp-content\/uploads\/2024\/10\/imagen_2024-10-28_094333121-300x116.png 300w, https:\/\/pcmastersbogota.com.co\/wp-content\/uploads\/2024\/10\/imagen_2024-10-28_094333121-768x298.png 768w, https:\/\/pcmastersbogota.com.co\/wp-content\/uploads\/2024\/10\/imagen_2024-10-28_094333121-150x58.png 150w\" sizes=\"(max-width: 1355px) 100vw, 1355px\" \/><\/a> <a href=\"https:\/\/pcmastersbogota.com.co\/wp-content\/uploads\/2024\/10\/imagen_2024-10-28_094410805.png\"><img loading=\"lazy\" decoding=\"async\" class=\" wp-image-23952 aligncenter\" src=\"https:\/\/pcmastersbogota.com.co\/wp-content\/uploads\/2024\/10\/imagen_2024-10-28_094410805-300x265.png\" alt=\"\" width=\"1355\" height=\"1197\" srcset=\"https:\/\/pcmastersbogota.com.co\/wp-content\/uploads\/2024\/10\/imagen_2024-10-28_094410805-300x265.png 300w, https:\/\/pcmastersbogota.com.co\/wp-content\/uploads\/2024\/10\/imagen_2024-10-28_094410805-1024x905.png 1024w, https:\/\/pcmastersbogota.com.co\/wp-content\/uploads\/2024\/10\/imagen_2024-10-28_094410805-768x678.png 768w, https:\/\/pcmastersbogota.com.co\/wp-content\/uploads\/2024\/10\/imagen_2024-10-28_094410805-1200x1060.png 1200w, https:\/\/pcmastersbogota.com.co\/wp-content\/uploads\/2024\/10\/imagen_2024-10-28_094410805-150x132.png 150w, https:\/\/pcmastersbogota.com.co\/wp-content\/uploads\/2024\/10\/imagen_2024-10-28_094410805.png 1337w\" sizes=\"(max-width: 1355px) 100vw, 1355px\" \/><\/a> <a href=\"https:\/\/pcmastersbogota.com.co\/wp-content\/uploads\/2024\/10\/imagen_2024-10-28_094458612.png\"><img loading=\"lazy\" decoding=\"async\" class=\" wp-image-23953 aligncenter\" src=\"https:\/\/pcmastersbogota.com.co\/wp-content\/uploads\/2024\/10\/imagen_2024-10-28_094458612-300x157.png\" alt=\"\" width=\"1355\" height=\"709\" srcset=\"https:\/\/pcmastersbogota.com.co\/wp-content\/uploads\/2024\/10\/imagen_2024-10-28_094458612-300x157.png 300w, https:\/\/pcmastersbogota.com.co\/wp-content\/uploads\/2024\/10\/imagen_2024-10-28_094458612-1024x537.png 1024w, https:\/\/pcmastersbogota.com.co\/wp-content\/uploads\/2024\/10\/imagen_2024-10-28_094458612-768x403.png 768w, https:\/\/pcmastersbogota.com.co\/wp-content\/uploads\/2024\/10\/imagen_2024-10-28_094458612-1200x629.png 1200w, https:\/\/pcmastersbogota.com.co\/wp-content\/uploads\/2024\/10\/imagen_2024-10-28_094458612-150x79.png 150w\" sizes=\"(max-width: 1355px) 100vw, 1355px\" \/><\/a> <a href=\"https:\/\/pcmastersbogota.com.co\/wp-content\/uploads\/2024\/10\/imagen_2024-10-28_094512346.png\"><img loading=\"lazy\" decoding=\"async\" class=\" wp-image-23954 aligncenter\" src=\"https:\/\/pcmastersbogota.com.co\/wp-content\/uploads\/2024\/10\/imagen_2024-10-28_094512346-300x126.png\" alt=\"\" width=\"1355\" height=\"569\" srcset=\"https:\/\/pcmastersbogota.com.co\/wp-content\/uploads\/2024\/10\/imagen_2024-10-28_094512346-300x126.png 300w, https:\/\/pcmastersbogota.com.co\/wp-content\/uploads\/2024\/10\/imagen_2024-10-28_094512346-1024x430.png 1024w, https:\/\/pcmastersbogota.com.co\/wp-content\/uploads\/2024\/10\/imagen_2024-10-28_094512346-768x322.png 768w, https:\/\/pcmastersbogota.com.co\/wp-content\/uploads\/2024\/10\/imagen_2024-10-28_094512346-1536x645.png 1536w, https:\/\/pcmastersbogota.com.co\/wp-content\/uploads\/2024\/10\/imagen_2024-10-28_094512346-1200x504.png 1200w, https:\/\/pcmastersbogota.com.co\/wp-content\/uploads\/2024\/10\/imagen_2024-10-28_094512346-150x63.png 150w, https:\/\/pcmastersbogota.com.co\/wp-content\/uploads\/2024\/10\/imagen_2024-10-28_094512346.png 1546w\" sizes=\"(max-width: 1355px) 100vw, 1355px\" \/><\/a><a href=\"https:\/\/pcmastersbogota.com.co\/wp-content\/uploads\/2024\/10\/imagen_2024-10-28_094918029.png\"><img loading=\"lazy\" decoding=\"async\" class=\" wp-image-23955 aligncenter\" src=\"https:\/\/pcmastersbogota.com.co\/wp-content\/uploads\/2024\/10\/imagen_2024-10-28_094918029-300x246.png\" alt=\"\" width=\"1164\" height=\"954\" srcset=\"https:\/\/pcmastersbogota.com.co\/wp-content\/uploads\/2024\/10\/imagen_2024-10-28_094918029-300x246.png 300w, https:\/\/pcmastersbogota.com.co\/wp-content\/uploads\/2024\/10\/imagen_2024-10-28_094918029-1024x840.png 1024w, https:\/\/pcmastersbogota.com.co\/wp-content\/uploads\/2024\/10\/imagen_2024-10-28_094918029-768x630.png 768w, https:\/\/pcmastersbogota.com.co\/wp-content\/uploads\/2024\/10\/imagen_2024-10-28_094918029-1200x985.png 1200w, https:\/\/pcmastersbogota.com.co\/wp-content\/uploads\/2024\/10\/imagen_2024-10-28_094918029-150x123.png 150w, https:\/\/pcmastersbogota.com.co\/wp-content\/uploads\/2024\/10\/imagen_2024-10-28_094918029.png 1216w\" sizes=\"(max-width: 1164px) 100vw, 1164px\" \/><\/a> <a href=\"https:\/\/pcmastersbogota.com.co\/wp-content\/uploads\/2024\/10\/imagen_2024-10-28_095525020.png\"><img loading=\"lazy\" decoding=\"async\" class=\" wp-image-23956 aligncenter\" src=\"https:\/\/pcmastersbogota.com.co\/wp-content\/uploads\/2024\/10\/imagen_2024-10-28_095525020-300x249.png\" alt=\"\" width=\"1141\" height=\"947\" srcset=\"https:\/\/pcmastersbogota.com.co\/wp-content\/uploads\/2024\/10\/imagen_2024-10-28_095525020-300x249.png 300w, https:\/\/pcmastersbogota.com.co\/wp-content\/uploads\/2024\/10\/imagen_2024-10-28_095525020-1024x850.png 1024w, https:\/\/pcmastersbogota.com.co\/wp-content\/uploads\/2024\/10\/imagen_2024-10-28_095525020-768x638.png 768w, https:\/\/pcmastersbogota.com.co\/wp-content\/uploads\/2024\/10\/imagen_2024-10-28_095525020-1200x997.png 1200w, https:\/\/pcmastersbogota.com.co\/wp-content\/uploads\/2024\/10\/imagen_2024-10-28_095525020-150x125.png 150w, https:\/\/pcmastersbogota.com.co\/wp-content\/uploads\/2024\/10\/imagen_2024-10-28_095525020.png 1262w\" sizes=\"(max-width: 1141px) 100vw, 1141px\" \/><\/a> <a href=\"https:\/\/pcmastersbogota.com.co\/wp-content\/uploads\/2024\/10\/imagen_2024-10-28_095549644.png\"><img loading=\"lazy\" decoding=\"async\" class=\" wp-image-23957 aligncenter\" src=\"https:\/\/pcmastersbogota.com.co\/wp-content\/uploads\/2024\/10\/imagen_2024-10-28_095549644-300x164.png\" alt=\"\" width=\"1120\" height=\"612\" srcset=\"https:\/\/pcmastersbogota.com.co\/wp-content\/uploads\/2024\/10\/imagen_2024-10-28_095549644-300x164.png 300w, https:\/\/pcmastersbogota.com.co\/wp-content\/uploads\/2024\/10\/imagen_2024-10-28_095549644-1024x561.png 1024w, https:\/\/pcmastersbogota.com.co\/wp-content\/uploads\/2024\/10\/imagen_2024-10-28_095549644-768x420.png 768w, https:\/\/pcmastersbogota.com.co\/wp-content\/uploads\/2024\/10\/imagen_2024-10-28_095549644-1200x657.png 1200w, https:\/\/pcmastersbogota.com.co\/wp-content\/uploads\/2024\/10\/imagen_2024-10-28_095549644-150x82.png 150w, https:\/\/pcmastersbogota.com.co\/wp-content\/uploads\/2024\/10\/imagen_2024-10-28_095549644.png 1231w\" sizes=\"(max-width: 1120px) 100vw, 1120px\" \/><\/a><\/p>\n","protected":false},"excerpt":{"rendered":"<ul>\n<li><strong>Con tecnolog\u00eda NVIDIA DLSS3,<\/strong>\u00a0arco ultraeficiente de Ada Lovelace y ray tracing completo.<\/li>\n<li><strong>Tensor Cores de cuarta generaci\u00f3n:\u00a0<\/strong>Rendimiento hasta 4 veces mayor con DLSS 3 frente a renderizado de fuerza bruta.<\/li>\n<li><strong>RT Cores de tercera generaci\u00f3n:\u00a0<\/strong>Hasta el doble de endimiento de ray tracing.<\/li>\n<li><strong>Compatible con el programa NVIDIA GeForce SFF-Ready<\/strong>\u00a0para ensambles de factor de forma peque\u00f1o.<\/li>\n<li><strong>Edici\u00f3n OC: 2550 MHz OC mode, 2520 MHz default mode.<\/strong><\/li>\n<li><strong>Los ventiladores Axial-tech\u00a0<\/strong>cuentan con un centro de ventilador m\u00e1s peque\u00f1o que facilita aspas m\u00e1s largas y un anillo de barrera que aumenta la presi\u00f3n del aire hacia abajo.<\/li>\n<li><strong>El dise\u00f1o de 2.5 ranuras<\/strong>\u00a0permite una mayor compatibilidad de construcci\u00f3n manteniendo al mismo tiempo el rendimiento de refrigeraci\u00f3n.<\/li>\n<li><strong>Dobles baleros de ventilador de bolas\u00a0<\/strong>duran hasta el doble que los dise\u00f1os de baleros convencionales.<\/li>\n<li><strong>La tecnolog\u00eda 0dB\u00a0<\/strong>te permite disfrutar de juegos ligeros en relativo silencio.<\/li>\n<li><strong>El interruptor BIOS dual<\/strong>\u00a0te permite alternar entre los perfiles de BIOS silencioso y de rendimiento.<\/li>\n<li><strong>Auto-Extreme\u00a0<\/strong>fabricaci\u00f3n automatizada de precisi\u00f3n para una mayor confiabilidad.<\/li>\n<\/ul>\n","protected":false},"featured_media":23959,"comment_status":"closed","ping_status":"closed","template":"","meta":[],"pwb-brand":[212,508],"product_brand":[],"product_cat":[73],"product_tag":[364,354,362,509],"class_list":{"0":"post-23947","1":"product","2":"type-product","3":"status-publish","4":"has-post-thumbnail","6":"pwb-brand-asus","7":"pwb-brand-prime","8":"product_cat-tarjetas-graficas","9":"product_tag-asus","10":"product_tag-gpu","11":"product_tag-nvidia","12":"product_tag-prime","14":"first","15":"onbackorder","16":"taxable","17":"shipping-taxable","18":"purchasable","19":"product-type-simple"},"yoast_head":"<!-- This site is optimized with the Yoast SEO plugin v26.7 - https:\/\/yoast.com\/wordpress\/plugins\/seo\/ -->\n<title>ASUS PRIME RTX 4070 SUPER 12 GB OC TRIFAN - PC MASTERS BOGOTA<\/title>\n<meta name=\"robots\" content=\"index, follow, max-snippet:-1, max-image-preview:large, max-video-preview:-1\" \/>\n<link rel=\"canonical\" href=\"https:\/\/pcmastersbogota.com.co\/es_es\/producto\/asus-prime-rtx-4070-super-12-gb-oc-trifan\/\" \/>\n<meta property=\"og:locale\" content=\"es_ES\" \/>\n<meta property=\"og:type\" content=\"article\" \/>\n<meta property=\"og:title\" content=\"ASUS PRIME RTX 4070 SUPER 12 GB OC TRIFAN - PC MASTERS BOGOTA\" \/>\n<meta property=\"og:description\" content=\"Con tecnolog\u00eda NVIDIA DLSS3,\u00a0arco ultraeficiente de Ada Lovelace y ray tracing completo.  Tensor Cores de cuarta generaci\u00f3n:\u00a0Rendimiento hasta 4 veces mayor con DLSS 3 frente a renderizado de fuerza bruta.  RT Cores de tercera generaci\u00f3n:\u00a0Hasta el doble de endimiento de ray tracing.  Compatible con el programa NVIDIA GeForce SFF-Ready\u00a0para ensambles de factor de forma peque\u00f1o.  Edici\u00f3n OC: 2550 MHz OC mode, 2520 MHz default mode.  Los ventiladores Axial-tech\u00a0cuentan con un centro de ventilador m\u00e1s peque\u00f1o que facilita aspas m\u00e1s largas y un anillo de barrera que aumenta la presi\u00f3n del aire hacia abajo.  El dise\u00f1o de 2.5 ranuras\u00a0permite una mayor compatibilidad de construcci\u00f3n manteniendo al mismo tiempo el rendimiento de refrigeraci\u00f3n.  Dobles baleros de ventilador de bolas\u00a0duran hasta el doble que los dise\u00f1os de baleros convencionales.  La tecnolog\u00eda 0dB\u00a0te permite disfrutar de juegos ligeros en relativo silencio.  El interruptor BIOS dual\u00a0te permite alternar entre los perfiles de BIOS silencioso y de rendimiento.  Auto-Extreme\u00a0fabricaci\u00f3n automatizada de precisi\u00f3n para una mayor confiabilidad.\" \/>\n<meta property=\"og:url\" content=\"https:\/\/pcmastersbogota.com.co\/es_es\/producto\/asus-prime-rtx-4070-super-12-gb-oc-trifan\/\" \/>\n<meta property=\"og:site_name\" content=\"PC MASTERS BOGOTA\" \/>\n<meta property=\"article:modified_time\" content=\"2025-04-10T14:19:37+00:00\" \/>\n<meta property=\"og:image\" content=\"https:\/\/pcmastersbogota.com.co\/wp-content\/uploads\/2024\/10\/imagen_2024-10-28_105627275.png\" \/>\n\t<meta property=\"og:image:width\" content=\"1465\" \/>\n\t<meta property=\"og:image:height\" content=\"1500\" \/>\n\t<meta property=\"og:image:type\" content=\"image\/png\" \/>\n<meta name=\"twitter:card\" content=\"summary_large_image\" \/>\n<meta name=\"twitter:label1\" content=\"Tiempo de lectura\" \/>\n\t<meta name=\"twitter:data1\" content=\"3 minutos\" \/>\n<script type=\"application\/ld+json\" class=\"yoast-schema-graph\">{\"@context\":\"https:\/\/schema.org\",\"@graph\":[{\"@type\":\"WebPage\",\"@id\":\"https:\/\/pcmastersbogota.com.co\/producto\/asus-prime-rtx-4070-super-12-gb-oc-trifan\/\",\"url\":\"https:\/\/pcmastersbogota.com.co\/producto\/asus-prime-rtx-4070-super-12-gb-oc-trifan\/\",\"name\":\"ASUS PRIME RTX 4070 SUPER 12 GB OC TRIFAN - PC MASTERS BOGOTA\",\"isPartOf\":{\"@id\":\"https:\/\/pcmastersbogota.com.co\/es_es\/#website\"},\"primaryImageOfPage\":{\"@id\":\"https:\/\/pcmastersbogota.com.co\/producto\/asus-prime-rtx-4070-super-12-gb-oc-trifan\/#primaryimage\"},\"image\":{\"@id\":\"https:\/\/pcmastersbogota.com.co\/producto\/asus-prime-rtx-4070-super-12-gb-oc-trifan\/#primaryimage\"},\"thumbnailUrl\":\"https:\/\/pcmastersbogota.com.co\/wp-content\/uploads\/2024\/10\/imagen_2024-10-28_105627275.png\",\"datePublished\":\"2024-10-28T14:56:55+00:00\",\"dateModified\":\"2025-04-10T14:19:37+00:00\",\"breadcrumb\":{\"@id\":\"https:\/\/pcmastersbogota.com.co\/producto\/asus-prime-rtx-4070-super-12-gb-oc-trifan\/#breadcrumb\"},\"inLanguage\":\"es\",\"potentialAction\":[{\"@type\":\"ReadAction\",\"target\":[\"https:\/\/pcmastersbogota.com.co\/producto\/asus-prime-rtx-4070-super-12-gb-oc-trifan\/\"]}]},{\"@type\":\"ImageObject\",\"inLanguage\":\"es\",\"@id\":\"https:\/\/pcmastersbogota.com.co\/producto\/asus-prime-rtx-4070-super-12-gb-oc-trifan\/#primaryimage\",\"url\":\"https:\/\/pcmastersbogota.com.co\/wp-content\/uploads\/2024\/10\/imagen_2024-10-28_105627275.png\",\"contentUrl\":\"https:\/\/pcmastersbogota.com.co\/wp-content\/uploads\/2024\/10\/imagen_2024-10-28_105627275.png\",\"width\":1465,\"height\":1500},{\"@type\":\"BreadcrumbList\",\"@id\":\"https:\/\/pcmastersbogota.com.co\/producto\/asus-prime-rtx-4070-super-12-gb-oc-trifan\/#breadcrumb\",\"itemListElement\":[{\"@type\":\"ListItem\",\"position\":1,\"name\":\"Home\",\"item\":\"https:\/\/pcmastersbogota.com.co\/\"},{\"@type\":\"ListItem\",\"position\":2,\"name\":\"Tienda\",\"item\":\"https:\/\/pcmastersbogota.com.co\/es_es\/tienda\/\"},{\"@type\":\"ListItem\",\"position\":3,\"name\":\"ASUS PRIME RTX 4070 SUPER 12 GB OC TRIFAN\"}]},{\"@type\":\"WebSite\",\"@id\":\"https:\/\/pcmastersbogota.com.co\/es_es\/#website\",\"url\":\"https:\/\/pcmastersbogota.com.co\/es_es\/\",\"name\":\"PC MASTERS BOGOTA\",\"description\":\"\",\"potentialAction\":[{\"@type\":\"SearchAction\",\"target\":{\"@type\":\"EntryPoint\",\"urlTemplate\":\"https:\/\/pcmastersbogota.com.co\/es_es\/?s={search_term_string}\"},\"query-input\":{\"@type\":\"PropertyValueSpecification\",\"valueRequired\":true,\"valueName\":\"search_term_string\"}}],\"inLanguage\":\"es\"}]}<\/script>\n<!-- \/ Yoast SEO plugin. -->","yoast_head_json":{"title":"ASUS PRIME RTX 4070 SUPER 12 GB OC TRIFAN - PC MASTERS BOGOTA","robots":{"index":"index","follow":"follow","max-snippet":"max-snippet:-1","max-image-preview":"max-image-preview:large","max-video-preview":"max-video-preview:-1"},"canonical":"https:\/\/pcmastersbogota.com.co\/es_es\/producto\/asus-prime-rtx-4070-super-12-gb-oc-trifan\/","og_locale":"es_ES","og_type":"article","og_title":"ASUS PRIME RTX 4070 SUPER 12 GB OC TRIFAN - PC MASTERS BOGOTA","og_description":"Con tecnolog\u00eda NVIDIA DLSS3,\u00a0arco ultraeficiente de Ada Lovelace y ray tracing completo.  Tensor Cores de cuarta generaci\u00f3n:\u00a0Rendimiento hasta 4 veces mayor con DLSS 3 frente a renderizado de fuerza bruta.  RT Cores de tercera generaci\u00f3n:\u00a0Hasta el doble de endimiento de ray tracing.  Compatible con el programa NVIDIA GeForce SFF-Ready\u00a0para ensambles de factor de forma peque\u00f1o.  Edici\u00f3n OC: 2550 MHz OC mode, 2520 MHz default mode.  Los ventiladores Axial-tech\u00a0cuentan con un centro de ventilador m\u00e1s peque\u00f1o que facilita aspas m\u00e1s largas y un anillo de barrera que aumenta la presi\u00f3n del aire hacia abajo.  El dise\u00f1o de 2.5 ranuras\u00a0permite una mayor compatibilidad de construcci\u00f3n manteniendo al mismo tiempo el rendimiento de refrigeraci\u00f3n.  Dobles baleros de ventilador de bolas\u00a0duran hasta el doble que los dise\u00f1os de baleros convencionales.  La tecnolog\u00eda 0dB\u00a0te permite disfrutar de juegos ligeros en relativo silencio.  El interruptor BIOS dual\u00a0te permite alternar entre los perfiles de BIOS silencioso y de rendimiento.  Auto-Extreme\u00a0fabricaci\u00f3n automatizada de precisi\u00f3n para una mayor confiabilidad.","og_url":"https:\/\/pcmastersbogota.com.co\/es_es\/producto\/asus-prime-rtx-4070-super-12-gb-oc-trifan\/","og_site_name":"PC MASTERS BOGOTA","article_modified_time":"2025-04-10T14:19:37+00:00","og_image":[{"width":1465,"height":1500,"url":"https:\/\/pcmastersbogota.com.co\/wp-content\/uploads\/2024\/10\/imagen_2024-10-28_105627275.png","type":"image\/png"}],"twitter_card":"summary_large_image","twitter_misc":{"Tiempo de lectura":"3 minutos"},"schema":{"@context":"https:\/\/schema.org","@graph":[{"@type":"WebPage","@id":"https:\/\/pcmastersbogota.com.co\/producto\/asus-prime-rtx-4070-super-12-gb-oc-trifan\/","url":"https:\/\/pcmastersbogota.com.co\/producto\/asus-prime-rtx-4070-super-12-gb-oc-trifan\/","name":"ASUS PRIME RTX 4070 SUPER 12 GB OC TRIFAN - PC MASTERS BOGOTA","isPartOf":{"@id":"https:\/\/pcmastersbogota.com.co\/es_es\/#website"},"primaryImageOfPage":{"@id":"https:\/\/pcmastersbogota.com.co\/producto\/asus-prime-rtx-4070-super-12-gb-oc-trifan\/#primaryimage"},"image":{"@id":"https:\/\/pcmastersbogota.com.co\/producto\/asus-prime-rtx-4070-super-12-gb-oc-trifan\/#primaryimage"},"thumbnailUrl":"https:\/\/pcmastersbogota.com.co\/wp-content\/uploads\/2024\/10\/imagen_2024-10-28_105627275.png","datePublished":"2024-10-28T14:56:55+00:00","dateModified":"2025-04-10T14:19:37+00:00","breadcrumb":{"@id":"https:\/\/pcmastersbogota.com.co\/producto\/asus-prime-rtx-4070-super-12-gb-oc-trifan\/#breadcrumb"},"inLanguage":"es","potentialAction":[{"@type":"ReadAction","target":["https:\/\/pcmastersbogota.com.co\/producto\/asus-prime-rtx-4070-super-12-gb-oc-trifan\/"]}]},{"@type":"ImageObject","inLanguage":"es","@id":"https:\/\/pcmastersbogota.com.co\/producto\/asus-prime-rtx-4070-super-12-gb-oc-trifan\/#primaryimage","url":"https:\/\/pcmastersbogota.com.co\/wp-content\/uploads\/2024\/10\/imagen_2024-10-28_105627275.png","contentUrl":"https:\/\/pcmastersbogota.com.co\/wp-content\/uploads\/2024\/10\/imagen_2024-10-28_105627275.png","width":1465,"height":1500},{"@type":"BreadcrumbList","@id":"https:\/\/pcmastersbogota.com.co\/producto\/asus-prime-rtx-4070-super-12-gb-oc-trifan\/#breadcrumb","itemListElement":[{"@type":"ListItem","position":1,"name":"Home","item":"https:\/\/pcmastersbogota.com.co\/"},{"@type":"ListItem","position":2,"name":"Tienda","item":"https:\/\/pcmastersbogota.com.co\/es_es\/tienda\/"},{"@type":"ListItem","position":3,"name":"ASUS PRIME RTX 4070 SUPER 12 GB OC TRIFAN"}]},{"@type":"WebSite","@id":"https:\/\/pcmastersbogota.com.co\/es_es\/#website","url":"https:\/\/pcmastersbogota.com.co\/es_es\/","name":"PC MASTERS BOGOTA","description":"","potentialAction":[{"@type":"SearchAction","target":{"@type":"EntryPoint","urlTemplate":"https:\/\/pcmastersbogota.com.co\/es_es\/?s={search_term_string}"},"query-input":{"@type":"PropertyValueSpecification","valueRequired":true,"valueName":"search_term_string"}}],"inLanguage":"es"}]}},"brands":[{"id":212,"name":"ASUS","slug":"asus"},{"id":508,"name":"PRIME","slug":"prime"}],"_links":{"self":[{"href":"https:\/\/pcmastersbogota.com.co\/es_es\/wp-json\/wp\/v2\/product\/23947","targetHints":{"allow":["GET"]}}],"collection":[{"href":"https:\/\/pcmastersbogota.com.co\/es_es\/wp-json\/wp\/v2\/product"}],"about":[{"href":"https:\/\/pcmastersbogota.com.co\/es_es\/wp-json\/wp\/v2\/types\/product"}],"replies":[{"embeddable":true,"href":"https:\/\/pcmastersbogota.com.co\/es_es\/wp-json\/wp\/v2\/comments?post=23947"}],"version-history":[{"count":2,"href":"https:\/\/pcmastersbogota.com.co\/es_es\/wp-json\/wp\/v2\/product\/23947\/revisions"}],"predecessor-version":[{"id":23962,"href":"https:\/\/pcmastersbogota.com.co\/es_es\/wp-json\/wp\/v2\/product\/23947\/revisions\/23962"}],"wp:featuredmedia":[{"embeddable":true,"href":"https:\/\/pcmastersbogota.com.co\/es_es\/wp-json\/wp\/v2\/media\/23959"}],"wp:attachment":[{"href":"https:\/\/pcmastersbogota.com.co\/es_es\/wp-json\/wp\/v2\/media?parent=23947"}],"wp:term":[{"taxonomy":"pwb-brand","embeddable":true,"href":"https:\/\/pcmastersbogota.com.co\/es_es\/wp-json\/wp\/v2\/pwb-brand?post=23947"},{"taxonomy":"product_brand","embeddable":true,"href":"https:\/\/pcmastersbogota.com.co\/es_es\/wp-json\/wp\/v2\/product_brand?post=23947"},{"taxonomy":"product_cat","embeddable":true,"href":"https:\/\/pcmastersbogota.com.co\/es_es\/wp-json\/wp\/v2\/product_cat?post=23947"},{"taxonomy":"product_tag","embeddable":true,"href":"https:\/\/pcmastersbogota.com.co\/es_es\/wp-json\/wp\/v2\/product_tag?post=23947"}],"curies":[{"name":"wp","href":"https:\/\/api.w.org\/{rel}","templated":true}]}}