{"id":24487,"date":"2024-12-01T22:24:32","date_gmt":"2024-12-02T03:24:32","guid":{"rendered":"https:\/\/pcmastersbogota.com.co\/?post_type=product&#038;p=24487"},"modified":"2026-02-23T11:16:52","modified_gmt":"2026-02-23T16:16:52","slug":"amd-ryzen-7-9800x3d-5-7ghz-8-nucleos-16-hilos","status":"publish","type":"product","link":"https:\/\/pcmastersbogota.com.co\/es_es\/producto\/amd-ryzen-7-9800x3d-5-7ghz-8-nucleos-16-hilos\/","title":{"rendered":"AMD RYZEN 7 9800X3D 5.7GHZ &#8211; 8 NUCLEOS &#8211; 16 HILOS"},"content":{"rendered":"<p><a href=\"https:\/\/pcmastersbogota.com.co\/wp-content\/uploads\/2024\/10\/imagen_2024-10-20_135719564-e1729450685283.png\"><br \/>\n<img fetchpriority=\"high\" decoding=\"async\" class=\"wp-image-23792 aligncenter\" src=\"https:\/\/pcmastersbogota.com.co\/wp-content\/uploads\/2024\/10\/imagen_2024-10-20_135719564-e1729450685283-300x193.png\" alt=\"\" width=\"1164\" height=\"749\" srcset=\"https:\/\/pcmastersbogota.com.co\/wp-content\/uploads\/2024\/10\/imagen_2024-10-20_135719564-e1729450685283-300x193.png 300w, https:\/\/pcmastersbogota.com.co\/wp-content\/uploads\/2024\/10\/imagen_2024-10-20_135719564-e1729450685283-768x495.png 768w, https:\/\/pcmastersbogota.com.co\/wp-content\/uploads\/2024\/10\/imagen_2024-10-20_135719564-e1729450685283-150x97.png 150w, https:\/\/pcmastersbogota.com.co\/wp-content\/uploads\/2024\/10\/imagen_2024-10-20_135719564-e1729450685283.png 969w\" sizes=\"(max-width: 1164px) 100vw, 1164px\" \/><\/a><\/p>\n<p><iframe title=\"AMD Ryzen 9000 Series processors - The AMD Gaming Experience\" width=\"500\" height=\"281\" src=\"https:\/\/www.youtube.com\/embed\/Nk0TZOeCZsw?feature=oembed\" frameborder=\"0\" allow=\"accelerometer; autoplay; clipboard-write; encrypted-media; gyroscope; picture-in-picture; web-share\" referrerpolicy=\"strict-origin-when-cross-origin\" allowfullscreen><\/iframe><\/p>\n<p><a href=\"https:\/\/pcmastersbogota.com.co\/wp-content\/uploads\/2024\/10\/imagen_2024-10-20_140608996.png\"><img decoding=\"async\" class=\"wp-image-23799 aligncenter\" src=\"https:\/\/pcmastersbogota.com.co\/wp-content\/uploads\/2024\/10\/imagen_2024-10-20_140608996-300x143.png\" alt=\"\" width=\"1093\" height=\"521\" srcset=\"https:\/\/pcmastersbogota.com.co\/wp-content\/uploads\/2024\/10\/imagen_2024-10-20_140608996-300x143.png 300w, https:\/\/pcmastersbogota.com.co\/wp-content\/uploads\/2024\/10\/imagen_2024-10-20_140608996-150x71.png 150w, https:\/\/pcmastersbogota.com.co\/wp-content\/uploads\/2024\/10\/imagen_2024-10-20_140608996.png 706w\" sizes=\"(max-width: 1093px) 100vw, 1093px\" \/><\/a><\/p>\n<div style=\"width: 2560px;\" class=\"wp-video\"><video class=\"wp-video-shortcode\" id=\"video-24487-1\" width=\"2560\" height=\"1440\" preload=\"metadata\" controls=\"controls\"><source type=\"video\/mp4\" src=\"https:\/\/pcmastersbogota.com.co\/wp-content\/uploads\/2024\/10\/AMD-Ryzen\u2122-9-7950X3D-The-Worlds-Fastest-Gaming-Desktop-Processor.mp4?_=1\" \/><a href=\"https:\/\/pcmastersbogota.com.co\/wp-content\/uploads\/2024\/10\/AMD-Ryzen\u2122-9-7950X3D-The-Worlds-Fastest-Gaming-Desktop-Processor.mp4\">https:\/\/pcmastersbogota.com.co\/wp-content\/uploads\/2024\/10\/AMD-Ryzen\u2122-9-7950X3D-The-Worlds-Fastest-Gaming-Desktop-Processor.mp4<\/a><\/video><\/div>\n<p><a href=\"https:\/\/pcmastersbogota.com.co\/wp-content\/uploads\/2024\/10\/imagen_2024-10-20_141355575.png\"><img decoding=\"async\" class=\" wp-image-23804 alignright\" src=\"https:\/\/pcmastersbogota.com.co\/wp-content\/uploads\/2024\/10\/imagen_2024-10-20_141355575-300x163.png\" alt=\"\" width=\"1042\" height=\"566\" srcset=\"https:\/\/pcmastersbogota.com.co\/wp-content\/uploads\/2024\/10\/imagen_2024-10-20_141355575-300x163.png 300w, https:\/\/pcmastersbogota.com.co\/wp-content\/uploads\/2024\/10\/imagen_2024-10-20_141355575-150x82.png 150w, https:\/\/pcmastersbogota.com.co\/wp-content\/uploads\/2024\/10\/imagen_2024-10-20_141355575.png 741w\" sizes=\"(max-width: 1042px) 100vw, 1042px\" \/><\/a> <a href=\"https:\/\/pcmastersbogota.com.co\/wp-content\/uploads\/2024\/10\/imagen_2024-10-20_141408645.png\"><img loading=\"lazy\" decoding=\"async\" class=\" wp-image-23805 aligncenter\" src=\"https:\/\/pcmastersbogota.com.co\/wp-content\/uploads\/2024\/10\/imagen_2024-10-20_141408645-300x105.png\" alt=\"\" width=\"1666\" height=\"583\" srcset=\"https:\/\/pcmastersbogota.com.co\/wp-content\/uploads\/2024\/10\/imagen_2024-10-20_141408645-300x105.png 300w, https:\/\/pcmastersbogota.com.co\/wp-content\/uploads\/2024\/10\/imagen_2024-10-20_141408645-1024x357.png 1024w, https:\/\/pcmastersbogota.com.co\/wp-content\/uploads\/2024\/10\/imagen_2024-10-20_141408645-768x268.png 768w, https:\/\/pcmastersbogota.com.co\/wp-content\/uploads\/2024\/10\/imagen_2024-10-20_141408645-150x52.png 150w\" sizes=\"(max-width: 1666px) 100vw, 1666px\" \/><\/a> <a href=\"https:\/\/pcmastersbogota.com.co\/wp-content\/uploads\/2024\/10\/imagen_2024-10-20_141424754.png\"><img loading=\"lazy\" decoding=\"async\" class=\" wp-image-23806 aligncenter\" src=\"https:\/\/pcmastersbogota.com.co\/wp-content\/uploads\/2024\/10\/imagen_2024-10-20_141424754-300x81.png\" alt=\"\" width=\"1666\" height=\"450\" srcset=\"https:\/\/pcmastersbogota.com.co\/wp-content\/uploads\/2024\/10\/imagen_2024-10-20_141424754-300x81.png 300w, https:\/\/pcmastersbogota.com.co\/wp-content\/uploads\/2024\/10\/imagen_2024-10-20_141424754-1024x278.png 1024w, https:\/\/pcmastersbogota.com.co\/wp-content\/uploads\/2024\/10\/imagen_2024-10-20_141424754-768x208.png 768w, https:\/\/pcmastersbogota.com.co\/wp-content\/uploads\/2024\/10\/imagen_2024-10-20_141424754-150x41.png 150w\" sizes=\"(max-width: 1666px) 100vw, 1666px\" \/><\/a><\/p>\n<h3>AMD\u00a0Ryzen ofrece la potencia del procesamiento de IA personal<\/h3>\n<p>Durante d\u00e9cadas, AMD ha estado a la vanguardia de la tecnolog\u00eda para superar los l\u00edmites de lo que la IA puede lograr; ahora, t\u00fa puedes experimentar la potencia de tu propia tecnolog\u00eda de inteligencia artificial incre\u00edblemente avanzada<sup>10<\/sup>. Prep\u00e1rate para darle la bienvenida al futuro con nuevas capacidades que solo AMD\u00a0Ryzen puede proporcionar. No importa si habilitas la mejor plataforma de IA con Ryzen\u00a0Serie\u00a09000 o AMD\u00a0Ryzen\u00a0AI con procesadores seleccionados Ryzen\u00a0Serie\u00a08000G, esto es la clave para desbloquear experiencias de IA m\u00e1gicas en tu PC.<\/p>\n<p><strong>CARACTER\u00cdSTICAS<br \/>\n<\/strong><br \/>\n<a href=\"https:\/\/pcmastersbogota.com.co\/wp-content\/uploads\/2024\/12\/imagen_2024-12-01_222551633.png\"><img loading=\"lazy\" decoding=\"async\" class=\"alignnone wp-image-24488\" src=\"https:\/\/pcmastersbogota.com.co\/wp-content\/uploads\/2024\/12\/imagen_2024-12-01_222551633-192x300.png\" alt=\"\" width=\"500\" height=\"781\" srcset=\"https:\/\/pcmastersbogota.com.co\/wp-content\/uploads\/2024\/12\/imagen_2024-12-01_222551633-192x300.png 192w, https:\/\/pcmastersbogota.com.co\/wp-content\/uploads\/2024\/12\/imagen_2024-12-01_222551633-150x234.png 150w, https:\/\/pcmastersbogota.com.co\/wp-content\/uploads\/2024\/12\/imagen_2024-12-01_222551633.png 742w\" sizes=\"(max-width: 500px) 100vw, 500px\" \/><\/a> <a href=\"https:\/\/pcmastersbogota.com.co\/wp-content\/uploads\/2024\/12\/imagen_2024-12-01_222616818.png\"><img loading=\"lazy\" decoding=\"async\" class=\"alignnone wp-image-24489\" src=\"https:\/\/pcmastersbogota.com.co\/wp-content\/uploads\/2024\/12\/imagen_2024-12-01_222616818-253x300.png\" alt=\"\" width=\"689\" height=\"817\" srcset=\"https:\/\/pcmastersbogota.com.co\/wp-content\/uploads\/2024\/12\/imagen_2024-12-01_222616818-253x300.png 253w, https:\/\/pcmastersbogota.com.co\/wp-content\/uploads\/2024\/12\/imagen_2024-12-01_222616818-768x910.png 768w, https:\/\/pcmastersbogota.com.co\/wp-content\/uploads\/2024\/12\/imagen_2024-12-01_222616818-150x178.png 150w, https:\/\/pcmastersbogota.com.co\/wp-content\/uploads\/2024\/12\/imagen_2024-12-01_222616818.png 791w\" sizes=\"(max-width: 689px) 100vw, 689px\" \/><\/a><\/p>\n","protected":false},"excerpt":{"rendered":"<p>Arquitectura Zen 5<br \/>\nN.\u00ba de n\u00facleos\u00a0 8<br \/>\nN.\u00ba de subprocesos 16 hilos<br \/>\nReloj turbo m\u00e1ximo\u00a0<i class=\"fass fa-info-circle\" style=\"box-sizing: border-box; -webkit-font-smoothing: antialiased; display: var(--fa-display,inline-block); font-style: normal; font-variant: normal; line-height: 1; text-rendering: auto; font-family: 'Font Awesome 6 Sharp'; font-weight: 900;\" tabindex=\"0\" title=\"\" data-bs-toggle=\"tooltip\" data-bs-placement=\"top\" data-bs-html=\"true\" data-bs-original-title=\"&lt;p&gt;El aumento m\u00e1ximo en los procesadores AMD Ryzen corresponde a la frecuencia m\u00e1xima que un solo n\u00facleo de procesador puede alcanzar cuando ejecuta una carga de trabajo de un solo proceso a r\u00e1fagas. El aumento m\u00e1ximo variar\u00e1 en funci\u00f3n de diferentes factores, incluidos, entre otros: la pasta t\u00e9rmica; el sistema de refrigeraci\u00f3n; el dise\u00f1o y la BIOS de la motherboard; el \u00faltimo controlador del chipset de AMD; las \u00faltimas actualizaciones del sistema operativo. &lt;a href=&quot;https:\/\/www.amd.com\/en\/support\/kb\/faq\/cpu-pb2&quot;&gt;Obtenga m\u00e1s informaci\u00f3n&lt;\/a&gt;.&lt;\/p&gt; \" aria-label=\"&lt;p&gt;El aumento m\u00e1ximo en los procesadores AMD Ryzen corresponde a la frecuencia m\u00e1xima que un solo n\u00facleo de procesador puede alcanzar cuando ejecuta una carga de trabajo de un solo proceso a r\u00e1fagas. El aumento m\u00e1ximo variar\u00e1 en funci\u00f3n de diferentes factores, incluidos, entre otros: la pasta t\u00e9rmica; el sistema de refrigeraci\u00f3n; el dise\u00f1o y la BIOS de la motherboard; el \u00faltimo controlador del chipset de AMD; las \u00faltimas actualizaciones del sistema operativo. &lt;a href=&quot;https:\/\/www.amd.com\/en\/support\/kb\/faq\/cpu-pb2&quot;&gt;Obtenga m\u00e1s informaci\u00f3n&lt;\/a&gt;.&lt;\/p&gt; \"><\/i>Hasta 5.2 GHz<br \/>\nReloj base 4.7 GHz<br \/>\nSocket de CPU AM5<\/p>\n","protected":false},"featured_media":24490,"comment_status":"closed","ping_status":"closed","template":"","meta":[],"pwb-brand":[87,381],"product_brand":[],"product_cat":[20],"product_tag":[358,90,507,183],"class_list":{"0":"post-24487","1":"product","2":"type-product","3":"status-publish","4":"has-post-thumbnail","6":"pwb-brand-amd","7":"pwb-brand-ryzen","8":"product_cat-procesadores","9":"product_tag-amd","10":"product_tag-ryzen","11":"product_tag-ryzen-9000","12":"product_tag-ryzen-am5","14":"first","15":"instock","16":"sale","17":"taxable","18":"shipping-taxable","19":"purchasable","20":"product-type-simple"},"yoast_head":"<!-- This site is optimized with the Yoast SEO plugin v26.7 - https:\/\/yoast.com\/wordpress\/plugins\/seo\/ -->\n<title>AMD RYZEN 7 9800X3D 5.7GHZ - 8 NUCLEOS - 16 HILOS - PC MASTERS BOGOTA<\/title>\n<meta name=\"robots\" content=\"index, follow, max-snippet:-1, max-image-preview:large, max-video-preview:-1\" \/>\n<link rel=\"canonical\" href=\"https:\/\/pcmastersbogota.com.co\/es_es\/producto\/amd-ryzen-7-9800x3d-5-7ghz-8-nucleos-16-hilos\/\" \/>\n<meta property=\"og:locale\" content=\"es_ES\" \/>\n<meta property=\"og:type\" content=\"article\" \/>\n<meta property=\"og:title\" content=\"AMD RYZEN 7 9800X3D 5.7GHZ - 8 NUCLEOS - 16 HILOS - PC MASTERS BOGOTA\" \/>\n<meta property=\"og:description\" content=\"Arquitectura Zen 5 N.\u00ba de n\u00facleos\u00a0 8 N.\u00ba de subprocesos 16 hilos Reloj turbo m\u00e1ximo\u00a0Hasta 5.2 GHz Reloj base 4.7 GHz Socket de CPU AM5\" \/>\n<meta property=\"og:url\" content=\"https:\/\/pcmastersbogota.com.co\/es_es\/producto\/amd-ryzen-7-9800x3d-5-7ghz-8-nucleos-16-hilos\/\" \/>\n<meta property=\"og:site_name\" content=\"PC MASTERS BOGOTA\" \/>\n<meta property=\"article:modified_time\" content=\"2026-02-23T16:16:52+00:00\" \/>\n<meta property=\"og:image\" content=\"https:\/\/pcmastersbogota.com.co\/wp-content\/uploads\/2024\/12\/imagen_2024-12-01_222729841.png\" \/>\n\t<meta property=\"og:image:width\" content=\"1200\" \/>\n\t<meta property=\"og:image:height\" content=\"1200\" \/>\n\t<meta property=\"og:image:type\" content=\"image\/png\" \/>\n<meta name=\"twitter:card\" content=\"summary_large_image\" \/>\n<meta name=\"twitter:label1\" content=\"Tiempo de lectura\" \/>\n\t<meta name=\"twitter:data1\" content=\"3 minutos\" \/>\n<script type=\"application\/ld+json\" class=\"yoast-schema-graph\">{\"@context\":\"https:\/\/schema.org\",\"@graph\":[{\"@type\":\"WebPage\",\"@id\":\"https:\/\/pcmastersbogota.com.co\/producto\/amd-ryzen-7-9800x3d-5-7ghz-8-nucleos-16-hilos\/\",\"url\":\"https:\/\/pcmastersbogota.com.co\/producto\/amd-ryzen-7-9800x3d-5-7ghz-8-nucleos-16-hilos\/\",\"name\":\"AMD RYZEN 7 9800X3D 5.7GHZ - 8 NUCLEOS - 16 HILOS - PC MASTERS BOGOTA\",\"isPartOf\":{\"@id\":\"https:\/\/pcmastersbogota.com.co\/es_es\/#website\"},\"primaryImageOfPage\":{\"@id\":\"https:\/\/pcmastersbogota.com.co\/producto\/amd-ryzen-7-9800x3d-5-7ghz-8-nucleos-16-hilos\/#primaryimage\"},\"image\":{\"@id\":\"https:\/\/pcmastersbogota.com.co\/producto\/amd-ryzen-7-9800x3d-5-7ghz-8-nucleos-16-hilos\/#primaryimage\"},\"thumbnailUrl\":\"https:\/\/pcmastersbogota.com.co\/wp-content\/uploads\/2024\/12\/imagen_2024-12-01_222729841.png\",\"datePublished\":\"2024-12-02T03:24:32+00:00\",\"dateModified\":\"2026-02-23T16:16:52+00:00\",\"breadcrumb\":{\"@id\":\"https:\/\/pcmastersbogota.com.co\/producto\/amd-ryzen-7-9800x3d-5-7ghz-8-nucleos-16-hilos\/#breadcrumb\"},\"inLanguage\":\"es\",\"potentialAction\":[{\"@type\":\"ReadAction\",\"target\":[\"https:\/\/pcmastersbogota.com.co\/producto\/amd-ryzen-7-9800x3d-5-7ghz-8-nucleos-16-hilos\/\"]}]},{\"@type\":\"ImageObject\",\"inLanguage\":\"es\",\"@id\":\"https:\/\/pcmastersbogota.com.co\/producto\/amd-ryzen-7-9800x3d-5-7ghz-8-nucleos-16-hilos\/#primaryimage\",\"url\":\"https:\/\/pcmastersbogota.com.co\/wp-content\/uploads\/2024\/12\/imagen_2024-12-01_222729841.png\",\"contentUrl\":\"https:\/\/pcmastersbogota.com.co\/wp-content\/uploads\/2024\/12\/imagen_2024-12-01_222729841.png\",\"width\":1200,\"height\":1200},{\"@type\":\"BreadcrumbList\",\"@id\":\"https:\/\/pcmastersbogota.com.co\/producto\/amd-ryzen-7-9800x3d-5-7ghz-8-nucleos-16-hilos\/#breadcrumb\",\"itemListElement\":[{\"@type\":\"ListItem\",\"position\":1,\"name\":\"Home\",\"item\":\"https:\/\/pcmastersbogota.com.co\/\"},{\"@type\":\"ListItem\",\"position\":2,\"name\":\"Tienda\",\"item\":\"https:\/\/pcmastersbogota.com.co\/es_es\/tienda\/\"},{\"@type\":\"ListItem\",\"position\":3,\"name\":\"AMD RYZEN 7 9800X3D 5.7GHZ &#8211; 8 NUCLEOS &#8211; 16 HILOS\"}]},{\"@type\":\"WebSite\",\"@id\":\"https:\/\/pcmastersbogota.com.co\/es_es\/#website\",\"url\":\"https:\/\/pcmastersbogota.com.co\/es_es\/\",\"name\":\"PC MASTERS BOGOTA\",\"description\":\"\",\"potentialAction\":[{\"@type\":\"SearchAction\",\"target\":{\"@type\":\"EntryPoint\",\"urlTemplate\":\"https:\/\/pcmastersbogota.com.co\/es_es\/?s={search_term_string}\"},\"query-input\":{\"@type\":\"PropertyValueSpecification\",\"valueRequired\":true,\"valueName\":\"search_term_string\"}}],\"inLanguage\":\"es\"}]}<\/script>\n<!-- \/ Yoast SEO plugin. -->","yoast_head_json":{"title":"AMD RYZEN 7 9800X3D 5.7GHZ - 8 NUCLEOS - 16 HILOS - PC MASTERS BOGOTA","robots":{"index":"index","follow":"follow","max-snippet":"max-snippet:-1","max-image-preview":"max-image-preview:large","max-video-preview":"max-video-preview:-1"},"canonical":"https:\/\/pcmastersbogota.com.co\/es_es\/producto\/amd-ryzen-7-9800x3d-5-7ghz-8-nucleos-16-hilos\/","og_locale":"es_ES","og_type":"article","og_title":"AMD RYZEN 7 9800X3D 5.7GHZ - 8 NUCLEOS - 16 HILOS - PC MASTERS BOGOTA","og_description":"Arquitectura Zen 5 N.\u00ba de n\u00facleos\u00a0 8 N.\u00ba de subprocesos 16 hilos Reloj turbo m\u00e1ximo\u00a0Hasta 5.2 GHz Reloj base 4.7 GHz Socket de CPU AM5","og_url":"https:\/\/pcmastersbogota.com.co\/es_es\/producto\/amd-ryzen-7-9800x3d-5-7ghz-8-nucleos-16-hilos\/","og_site_name":"PC MASTERS BOGOTA","article_modified_time":"2026-02-23T16:16:52+00:00","og_image":[{"width":1200,"height":1200,"url":"https:\/\/pcmastersbogota.com.co\/wp-content\/uploads\/2024\/12\/imagen_2024-12-01_222729841.png","type":"image\/png"}],"twitter_card":"summary_large_image","twitter_misc":{"Tiempo de lectura":"3 minutos"},"schema":{"@context":"https:\/\/schema.org","@graph":[{"@type":"WebPage","@id":"https:\/\/pcmastersbogota.com.co\/producto\/amd-ryzen-7-9800x3d-5-7ghz-8-nucleos-16-hilos\/","url":"https:\/\/pcmastersbogota.com.co\/producto\/amd-ryzen-7-9800x3d-5-7ghz-8-nucleos-16-hilos\/","name":"AMD RYZEN 7 9800X3D 5.7GHZ - 8 NUCLEOS - 16 HILOS - PC MASTERS BOGOTA","isPartOf":{"@id":"https:\/\/pcmastersbogota.com.co\/es_es\/#website"},"primaryImageOfPage":{"@id":"https:\/\/pcmastersbogota.com.co\/producto\/amd-ryzen-7-9800x3d-5-7ghz-8-nucleos-16-hilos\/#primaryimage"},"image":{"@id":"https:\/\/pcmastersbogota.com.co\/producto\/amd-ryzen-7-9800x3d-5-7ghz-8-nucleos-16-hilos\/#primaryimage"},"thumbnailUrl":"https:\/\/pcmastersbogota.com.co\/wp-content\/uploads\/2024\/12\/imagen_2024-12-01_222729841.png","datePublished":"2024-12-02T03:24:32+00:00","dateModified":"2026-02-23T16:16:52+00:00","breadcrumb":{"@id":"https:\/\/pcmastersbogota.com.co\/producto\/amd-ryzen-7-9800x3d-5-7ghz-8-nucleos-16-hilos\/#breadcrumb"},"inLanguage":"es","potentialAction":[{"@type":"ReadAction","target":["https:\/\/pcmastersbogota.com.co\/producto\/amd-ryzen-7-9800x3d-5-7ghz-8-nucleos-16-hilos\/"]}]},{"@type":"ImageObject","inLanguage":"es","@id":"https:\/\/pcmastersbogota.com.co\/producto\/amd-ryzen-7-9800x3d-5-7ghz-8-nucleos-16-hilos\/#primaryimage","url":"https:\/\/pcmastersbogota.com.co\/wp-content\/uploads\/2024\/12\/imagen_2024-12-01_222729841.png","contentUrl":"https:\/\/pcmastersbogota.com.co\/wp-content\/uploads\/2024\/12\/imagen_2024-12-01_222729841.png","width":1200,"height":1200},{"@type":"BreadcrumbList","@id":"https:\/\/pcmastersbogota.com.co\/producto\/amd-ryzen-7-9800x3d-5-7ghz-8-nucleos-16-hilos\/#breadcrumb","itemListElement":[{"@type":"ListItem","position":1,"name":"Home","item":"https:\/\/pcmastersbogota.com.co\/"},{"@type":"ListItem","position":2,"name":"Tienda","item":"https:\/\/pcmastersbogota.com.co\/es_es\/tienda\/"},{"@type":"ListItem","position":3,"name":"AMD RYZEN 7 9800X3D 5.7GHZ &#8211; 8 NUCLEOS &#8211; 16 HILOS"}]},{"@type":"WebSite","@id":"https:\/\/pcmastersbogota.com.co\/es_es\/#website","url":"https:\/\/pcmastersbogota.com.co\/es_es\/","name":"PC MASTERS BOGOTA","description":"","potentialAction":[{"@type":"SearchAction","target":{"@type":"EntryPoint","urlTemplate":"https:\/\/pcmastersbogota.com.co\/es_es\/?s={search_term_string}"},"query-input":{"@type":"PropertyValueSpecification","valueRequired":true,"valueName":"search_term_string"}}],"inLanguage":"es"}]}},"brands":[{"id":87,"name":"AMD","slug":"amd"},{"id":381,"name":"RYZEN","slug":"ryzen"}],"_links":{"self":[{"href":"https:\/\/pcmastersbogota.com.co\/es_es\/wp-json\/wp\/v2\/product\/24487","targetHints":{"allow":["GET"]}}],"collection":[{"href":"https:\/\/pcmastersbogota.com.co\/es_es\/wp-json\/wp\/v2\/product"}],"about":[{"href":"https:\/\/pcmastersbogota.com.co\/es_es\/wp-json\/wp\/v2\/types\/product"}],"replies":[{"embeddable":true,"href":"https:\/\/pcmastersbogota.com.co\/es_es\/wp-json\/wp\/v2\/comments?post=24487"}],"version-history":[{"count":1,"href":"https:\/\/pcmastersbogota.com.co\/es_es\/wp-json\/wp\/v2\/product\/24487\/revisions"}],"predecessor-version":[{"id":24493,"href":"https:\/\/pcmastersbogota.com.co\/es_es\/wp-json\/wp\/v2\/product\/24487\/revisions\/24493"}],"wp:featuredmedia":[{"embeddable":true,"href":"https:\/\/pcmastersbogota.com.co\/es_es\/wp-json\/wp\/v2\/media\/24490"}],"wp:attachment":[{"href":"https:\/\/pcmastersbogota.com.co\/es_es\/wp-json\/wp\/v2\/media?parent=24487"}],"wp:term":[{"taxonomy":"pwb-brand","embeddable":true,"href":"https:\/\/pcmastersbogota.com.co\/es_es\/wp-json\/wp\/v2\/pwb-brand?post=24487"},{"taxonomy":"product_brand","embeddable":true,"href":"https:\/\/pcmastersbogota.com.co\/es_es\/wp-json\/wp\/v2\/product_brand?post=24487"},{"taxonomy":"product_cat","embeddable":true,"href":"https:\/\/pcmastersbogota.com.co\/es_es\/wp-json\/wp\/v2\/product_cat?post=24487"},{"taxonomy":"product_tag","embeddable":true,"href":"https:\/\/pcmastersbogota.com.co\/es_es\/wp-json\/wp\/v2\/product_tag?post=24487"}],"curies":[{"name":"wp","href":"https:\/\/api.w.org\/{rel}","templated":true}]}}