{"id":24546,"date":"2024-12-09T10:26:43","date_gmt":"2024-12-09T15:26:43","guid":{"rendered":"https:\/\/pcmastersbogota.com.co\/?post_type=product&#038;p=24546"},"modified":"2025-04-19T22:27:22","modified_gmt":"2025-04-20T03:27:22","slug":"coolermaster-mwe-850-v3-80plus-gold-full-modular","status":"publish","type":"product","link":"https:\/\/pcmastersbogota.com.co\/es_es\/producto\/coolermaster-mwe-850-v3-80plus-gold-full-modular\/","title":{"rendered":"COOLERMASTER MWE 850W V3 80PLUS GOLD FULL MODULAR"},"content":{"rendered":"<p><a href=\"https:\/\/pcmastersbogota.com.co\/wp-content\/uploads\/2024\/12\/imagen_2024-12-09_102133116.png\"><img fetchpriority=\"high\" decoding=\"async\" class=\"alignnone wp-image-24551\" src=\"https:\/\/pcmastersbogota.com.co\/wp-content\/uploads\/2024\/12\/imagen_2024-12-09_102133116-300x93.png\" alt=\"\" width=\"1945\" height=\"603\" srcset=\"https:\/\/pcmastersbogota.com.co\/wp-content\/uploads\/2024\/12\/imagen_2024-12-09_102133116-300x93.png 300w, https:\/\/pcmastersbogota.com.co\/wp-content\/uploads\/2024\/12\/imagen_2024-12-09_102133116-768x238.png 768w, https:\/\/pcmastersbogota.com.co\/wp-content\/uploads\/2024\/12\/imagen_2024-12-09_102133116-150x46.png 150w, https:\/\/pcmastersbogota.com.co\/wp-content\/uploads\/2024\/12\/imagen_2024-12-09_102133116.png 970w\" sizes=\"(max-width: 1945px) 100vw, 1945px\" \/><\/a><\/p>\n<h3 class=\"a-spacing-mini\" style=\"text-align: center;\">MWE Oro 850 V3<\/h3>\n<h4 class=\"a-spacing-mini a-color-secondary a-text-italic\" style=\"text-align: center;\">Construido para durar<\/h4>\n<p class=\"a-spacing-base\" style=\"text-align: center;\">La MWE Gold V3 establece un nuevo est\u00e1ndar de durabilidad y eficiencia para las fuentes de alimentaci\u00f3n Cooler Master. Esta unidad con certificaci\u00f3n 80 Plus Gold puede alcanzar una eficiencia de nivel Titanium con cargas ligeras en una prueba de 115 V. Con un dise\u00f1o de CC a CC y LLC de medio puente APFC, la MWE Gold V3 garantiza un rendimiento de primer nivel con eficiencia 80 Plus Gold. El control t\u00e9rmico inteligente y el modo de cero RPM reducen el ruido y mejoran la disipaci\u00f3n del calor. El cable nativo ATX 3.1 12V-2&#215;6 con un conector duradero de 90 grados.<br \/>\n<a href=\"https:\/\/pcmastersbogota.com.co\/wp-content\/uploads\/2024\/12\/imagen_2024-12-09_102312739.png\"><img decoding=\"async\" class=\"alignnone wp-image-24552\" src=\"https:\/\/pcmastersbogota.com.co\/wp-content\/uploads\/2024\/12\/imagen_2024-12-09_102312739-300x242.png\" alt=\"\" width=\"1446\" height=\"1167\" srcset=\"https:\/\/pcmastersbogota.com.co\/wp-content\/uploads\/2024\/12\/imagen_2024-12-09_102312739-300x242.png 300w, https:\/\/pcmastersbogota.com.co\/wp-content\/uploads\/2024\/12\/imagen_2024-12-09_102312739-768x619.png 768w, https:\/\/pcmastersbogota.com.co\/wp-content\/uploads\/2024\/12\/imagen_2024-12-09_102312739-150x121.png 150w\" sizes=\"(max-width: 1446px) 100vw, 1446px\" \/><\/a><\/p>\n","protected":false},"excerpt":{"rendered":"<ul class=\"a-unordered-list a-vertical\">\n<li><span class=\"a-list-item\"><span class=\"a-size-base\">Compatibilidad con ATX 3.1<\/span><\/span><\/li>\n<li><span class=\"a-list-item\"><span class=\"a-size-base\">90\u00b0 12 V 2&#215;6 PCIe 5.1<\/span><\/span><\/li>\n<li><span class=\"a-list-item\"><span class=\"a-size-base\">Eficiencia 80+ Gold<\/span><\/span><\/li>\n<li><span class=\"a-list-item\"><span class=\"a-size-base\">Cubierta de ventilador hexagonal<\/span><\/span><\/li>\n<li><span class=\"a-list-item\"><span class=\"a-size-base\">Tecnolog\u00edas t\u00e9rmicas separadas<\/span><\/span><\/li>\n<li><span class=\"a-list-item\"><span class=\"a-size-base\">Condensadores japoneses<\/span><\/span><\/li>\n<li><span class=\"a-list-item\"><span class=\"a-size-base\">Modo de cero revoluciones<\/span><\/span><\/li>\n<li><span class=\"a-list-item\"><span class=\"a-size-base\">Cableado totalmente modular<\/span><\/span><\/li>\n<\/ul>\n","protected":false},"featured_media":24557,"comment_status":"closed","ping_status":"closed","template":"","meta":[],"pwb-brand":[123],"product_brand":[],"product_cat":[313],"product_tag":[513,390,413,514],"class_list":{"0":"post-24546","1":"product","2":"type-product","3":"status-publish","4":"has-post-thumbnail","6":"pwb-brand-cooler-master","7":"product_cat-fuentes-de-poder","8":"product_tag-80-plus-gold","9":"product_tag-coolermaster","10":"product_tag-fuente","11":"product_tag-modular","13":"first","14":"instock","15":"taxable","16":"shipping-taxable","17":"purchasable","18":"product-type-simple"},"yoast_head":"<!-- This site is optimized with the Yoast SEO plugin v26.7 - https:\/\/yoast.com\/wordpress\/plugins\/seo\/ -->\n<title>COOLERMASTER MWE 850W V3 80PLUS GOLD FULL MODULAR - PC MASTERS BOGOTA<\/title>\n<meta name=\"robots\" content=\"index, follow, max-snippet:-1, max-image-preview:large, max-video-preview:-1\" \/>\n<link rel=\"canonical\" href=\"https:\/\/pcmastersbogota.com.co\/es_es\/producto\/coolermaster-mwe-850-v3-80plus-gold-full-modular\/\" \/>\n<meta property=\"og:locale\" content=\"es_ES\" \/>\n<meta property=\"og:type\" content=\"article\" \/>\n<meta property=\"og:title\" content=\"COOLERMASTER MWE 850W V3 80PLUS GOLD FULL MODULAR - PC MASTERS BOGOTA\" \/>\n<meta property=\"og:description\" content=\"Compatibilidad con ATX 3.1  90\u00b0 12 V 2x6 PCIe 5.1  Eficiencia 80+ Gold  Cubierta de ventilador hexagonal  Tecnolog\u00edas t\u00e9rmicas separadas  Condensadores japoneses  Modo de cero revoluciones  Cableado totalmente modular\" \/>\n<meta property=\"og:url\" content=\"https:\/\/pcmastersbogota.com.co\/es_es\/producto\/coolermaster-mwe-850-v3-80plus-gold-full-modular\/\" \/>\n<meta property=\"og:site_name\" content=\"PC MASTERS BOGOTA\" \/>\n<meta property=\"article:modified_time\" content=\"2025-04-20T03:27:22+00:00\" \/>\n<meta property=\"og:image\" content=\"https:\/\/pcmastersbogota.com.co\/wp-content\/uploads\/2024\/12\/818BEX3WhsL._AC_SL1500_.jpg\" \/>\n\t<meta property=\"og:image:width\" content=\"1439\" \/>\n\t<meta property=\"og:image:height\" content=\"1500\" \/>\n\t<meta property=\"og:image:type\" content=\"image\/jpeg\" \/>\n<meta name=\"twitter:card\" content=\"summary_large_image\" \/>\n<meta name=\"twitter:label1\" content=\"Tiempo de lectura\" \/>\n\t<meta name=\"twitter:data1\" content=\"2 minutos\" \/>\n<script type=\"application\/ld+json\" class=\"yoast-schema-graph\">{\"@context\":\"https:\/\/schema.org\",\"@graph\":[{\"@type\":\"WebPage\",\"@id\":\"https:\/\/pcmastersbogota.com.co\/producto\/coolermaster-mwe-850-v3-80plus-gold-full-modular\/\",\"url\":\"https:\/\/pcmastersbogota.com.co\/producto\/coolermaster-mwe-850-v3-80plus-gold-full-modular\/\",\"name\":\"COOLERMASTER MWE 850W V3 80PLUS GOLD FULL MODULAR - PC MASTERS BOGOTA\",\"isPartOf\":{\"@id\":\"https:\/\/pcmastersbogota.com.co\/es_es\/#website\"},\"primaryImageOfPage\":{\"@id\":\"https:\/\/pcmastersbogota.com.co\/producto\/coolermaster-mwe-850-v3-80plus-gold-full-modular\/#primaryimage\"},\"image\":{\"@id\":\"https:\/\/pcmastersbogota.com.co\/producto\/coolermaster-mwe-850-v3-80plus-gold-full-modular\/#primaryimage\"},\"thumbnailUrl\":\"https:\/\/pcmastersbogota.com.co\/wp-content\/uploads\/2024\/12\/818BEX3WhsL._AC_SL1500_.jpg\",\"datePublished\":\"2024-12-09T15:26:43+00:00\",\"dateModified\":\"2025-04-20T03:27:22+00:00\",\"breadcrumb\":{\"@id\":\"https:\/\/pcmastersbogota.com.co\/producto\/coolermaster-mwe-850-v3-80plus-gold-full-modular\/#breadcrumb\"},\"inLanguage\":\"es\",\"potentialAction\":[{\"@type\":\"ReadAction\",\"target\":[\"https:\/\/pcmastersbogota.com.co\/producto\/coolermaster-mwe-850-v3-80plus-gold-full-modular\/\"]}]},{\"@type\":\"ImageObject\",\"inLanguage\":\"es\",\"@id\":\"https:\/\/pcmastersbogota.com.co\/producto\/coolermaster-mwe-850-v3-80plus-gold-full-modular\/#primaryimage\",\"url\":\"https:\/\/pcmastersbogota.com.co\/wp-content\/uploads\/2024\/12\/818BEX3WhsL._AC_SL1500_.jpg\",\"contentUrl\":\"https:\/\/pcmastersbogota.com.co\/wp-content\/uploads\/2024\/12\/818BEX3WhsL._AC_SL1500_.jpg\",\"width\":1439,\"height\":1500},{\"@type\":\"BreadcrumbList\",\"@id\":\"https:\/\/pcmastersbogota.com.co\/producto\/coolermaster-mwe-850-v3-80plus-gold-full-modular\/#breadcrumb\",\"itemListElement\":[{\"@type\":\"ListItem\",\"position\":1,\"name\":\"Home\",\"item\":\"https:\/\/pcmastersbogota.com.co\/\"},{\"@type\":\"ListItem\",\"position\":2,\"name\":\"Tienda\",\"item\":\"https:\/\/pcmastersbogota.com.co\/es_es\/tienda\/\"},{\"@type\":\"ListItem\",\"position\":3,\"name\":\"COOLERMASTER MWE 850W V3 80PLUS GOLD FULL MODULAR\"}]},{\"@type\":\"WebSite\",\"@id\":\"https:\/\/pcmastersbogota.com.co\/es_es\/#website\",\"url\":\"https:\/\/pcmastersbogota.com.co\/es_es\/\",\"name\":\"PC MASTERS BOGOTA\",\"description\":\"\",\"potentialAction\":[{\"@type\":\"SearchAction\",\"target\":{\"@type\":\"EntryPoint\",\"urlTemplate\":\"https:\/\/pcmastersbogota.com.co\/es_es\/?s={search_term_string}\"},\"query-input\":{\"@type\":\"PropertyValueSpecification\",\"valueRequired\":true,\"valueName\":\"search_term_string\"}}],\"inLanguage\":\"es\"}]}<\/script>\n<!-- \/ Yoast SEO plugin. -->","yoast_head_json":{"title":"COOLERMASTER MWE 850W V3 80PLUS GOLD FULL MODULAR - PC MASTERS BOGOTA","robots":{"index":"index","follow":"follow","max-snippet":"max-snippet:-1","max-image-preview":"max-image-preview:large","max-video-preview":"max-video-preview:-1"},"canonical":"https:\/\/pcmastersbogota.com.co\/es_es\/producto\/coolermaster-mwe-850-v3-80plus-gold-full-modular\/","og_locale":"es_ES","og_type":"article","og_title":"COOLERMASTER MWE 850W V3 80PLUS GOLD FULL MODULAR - PC MASTERS BOGOTA","og_description":"Compatibilidad con ATX 3.1  90\u00b0 12 V 2x6 PCIe 5.1  Eficiencia 80+ Gold  Cubierta de ventilador hexagonal  Tecnolog\u00edas t\u00e9rmicas separadas  Condensadores japoneses  Modo de cero revoluciones  Cableado totalmente modular","og_url":"https:\/\/pcmastersbogota.com.co\/es_es\/producto\/coolermaster-mwe-850-v3-80plus-gold-full-modular\/","og_site_name":"PC MASTERS BOGOTA","article_modified_time":"2025-04-20T03:27:22+00:00","og_image":[{"width":1439,"height":1500,"url":"https:\/\/pcmastersbogota.com.co\/wp-content\/uploads\/2024\/12\/818BEX3WhsL._AC_SL1500_.jpg","type":"image\/jpeg"}],"twitter_card":"summary_large_image","twitter_misc":{"Tiempo de lectura":"2 minutos"},"schema":{"@context":"https:\/\/schema.org","@graph":[{"@type":"WebPage","@id":"https:\/\/pcmastersbogota.com.co\/producto\/coolermaster-mwe-850-v3-80plus-gold-full-modular\/","url":"https:\/\/pcmastersbogota.com.co\/producto\/coolermaster-mwe-850-v3-80plus-gold-full-modular\/","name":"COOLERMASTER MWE 850W V3 80PLUS GOLD FULL MODULAR - PC MASTERS BOGOTA","isPartOf":{"@id":"https:\/\/pcmastersbogota.com.co\/es_es\/#website"},"primaryImageOfPage":{"@id":"https:\/\/pcmastersbogota.com.co\/producto\/coolermaster-mwe-850-v3-80plus-gold-full-modular\/#primaryimage"},"image":{"@id":"https:\/\/pcmastersbogota.com.co\/producto\/coolermaster-mwe-850-v3-80plus-gold-full-modular\/#primaryimage"},"thumbnailUrl":"https:\/\/pcmastersbogota.com.co\/wp-content\/uploads\/2024\/12\/818BEX3WhsL._AC_SL1500_.jpg","datePublished":"2024-12-09T15:26:43+00:00","dateModified":"2025-04-20T03:27:22+00:00","breadcrumb":{"@id":"https:\/\/pcmastersbogota.com.co\/producto\/coolermaster-mwe-850-v3-80plus-gold-full-modular\/#breadcrumb"},"inLanguage":"es","potentialAction":[{"@type":"ReadAction","target":["https:\/\/pcmastersbogota.com.co\/producto\/coolermaster-mwe-850-v3-80plus-gold-full-modular\/"]}]},{"@type":"ImageObject","inLanguage":"es","@id":"https:\/\/pcmastersbogota.com.co\/producto\/coolermaster-mwe-850-v3-80plus-gold-full-modular\/#primaryimage","url":"https:\/\/pcmastersbogota.com.co\/wp-content\/uploads\/2024\/12\/818BEX3WhsL._AC_SL1500_.jpg","contentUrl":"https:\/\/pcmastersbogota.com.co\/wp-content\/uploads\/2024\/12\/818BEX3WhsL._AC_SL1500_.jpg","width":1439,"height":1500},{"@type":"BreadcrumbList","@id":"https:\/\/pcmastersbogota.com.co\/producto\/coolermaster-mwe-850-v3-80plus-gold-full-modular\/#breadcrumb","itemListElement":[{"@type":"ListItem","position":1,"name":"Home","item":"https:\/\/pcmastersbogota.com.co\/"},{"@type":"ListItem","position":2,"name":"Tienda","item":"https:\/\/pcmastersbogota.com.co\/es_es\/tienda\/"},{"@type":"ListItem","position":3,"name":"COOLERMASTER MWE 850W V3 80PLUS GOLD FULL MODULAR"}]},{"@type":"WebSite","@id":"https:\/\/pcmastersbogota.com.co\/es_es\/#website","url":"https:\/\/pcmastersbogota.com.co\/es_es\/","name":"PC MASTERS BOGOTA","description":"","potentialAction":[{"@type":"SearchAction","target":{"@type":"EntryPoint","urlTemplate":"https:\/\/pcmastersbogota.com.co\/es_es\/?s={search_term_string}"},"query-input":{"@type":"PropertyValueSpecification","valueRequired":true,"valueName":"search_term_string"}}],"inLanguage":"es"}]}},"brands":[{"id":123,"name":"COOLER MASTER","slug":"cooler-master"}],"_links":{"self":[{"href":"https:\/\/pcmastersbogota.com.co\/es_es\/wp-json\/wp\/v2\/product\/24546","targetHints":{"allow":["GET"]}}],"collection":[{"href":"https:\/\/pcmastersbogota.com.co\/es_es\/wp-json\/wp\/v2\/product"}],"about":[{"href":"https:\/\/pcmastersbogota.com.co\/es_es\/wp-json\/wp\/v2\/types\/product"}],"replies":[{"embeddable":true,"href":"https:\/\/pcmastersbogota.com.co\/es_es\/wp-json\/wp\/v2\/comments?post=24546"}],"version-history":[{"count":3,"href":"https:\/\/pcmastersbogota.com.co\/es_es\/wp-json\/wp\/v2\/product\/24546\/revisions"}],"predecessor-version":[{"id":24580,"href":"https:\/\/pcmastersbogota.com.co\/es_es\/wp-json\/wp\/v2\/product\/24546\/revisions\/24580"}],"wp:featuredmedia":[{"embeddable":true,"href":"https:\/\/pcmastersbogota.com.co\/es_es\/wp-json\/wp\/v2\/media\/24557"}],"wp:attachment":[{"href":"https:\/\/pcmastersbogota.com.co\/es_es\/wp-json\/wp\/v2\/media?parent=24546"}],"wp:term":[{"taxonomy":"pwb-brand","embeddable":true,"href":"https:\/\/pcmastersbogota.com.co\/es_es\/wp-json\/wp\/v2\/pwb-brand?post=24546"},{"taxonomy":"product_brand","embeddable":true,"href":"https:\/\/pcmastersbogota.com.co\/es_es\/wp-json\/wp\/v2\/product_brand?post=24546"},{"taxonomy":"product_cat","embeddable":true,"href":"https:\/\/pcmastersbogota.com.co\/es_es\/wp-json\/wp\/v2\/product_cat?post=24546"},{"taxonomy":"product_tag","embeddable":true,"href":"https:\/\/pcmastersbogota.com.co\/es_es\/wp-json\/wp\/v2\/product_tag?post=24546"}],"curies":[{"name":"wp","href":"https:\/\/api.w.org\/{rel}","templated":true}]}}