{"id":25000,"date":"2025-01-14T02:26:24","date_gmt":"2025-01-14T07:26:24","guid":{"rendered":"https:\/\/pcmastersbogota.com.co\/?post_type=product&#038;p=25000"},"modified":"2025-05-14T11:52:50","modified_gmt":"2025-05-14T16:52:50","slug":"apnx-c1-black","status":"publish","type":"product","link":"https:\/\/pcmastersbogota.com.co\/es_es\/producto\/apnx-c1-black\/","title":{"rendered":"APNX C1 BLACK"},"content":{"rendered":"<p>&nbsp;<\/p>\n<div class=\"vc_col-sm-7 wpb_column vc_column_container\">\n<div class=\"vc_column-inner\">\n<div class=\"wpb_wrapper\" style=\"text-align: center;\"><\/div>\n<\/div>\n<\/div>\n<div class=\"vc_col-sm-5 vc_hidden-md vc_col-sm-offset-0 wpb_column vc_column_container\">\n<div class=\"vc_column-inner\">\n<div class=\"wpb_wrapper\">\n<div class=\"vc_custom_heading vc_do_custom_heading us_custom_ab977c6f\" style=\"text-align: center;\">DESCRIPCI\u00d3N GENERAL<\/div>\n<div class=\"wpb_text_column\">\n<div class=\"wpb_wrapper\">\n<h2 style=\"text-align: center;\">Una nueva era<\/h2>\n<p style=\"text-align: center;\">C1 es un chasis ATX de torre media de primera calidad que combina un nuevo y hermoso aspecto, una calidad de construcci\u00f3n robusta y un impresionante rendimiento de refrigeraci\u00f3n listo para usar. Este chasis insignia deja las cosas claras sobre APNX. Nunca comprometemos la calidad.<\/p>\n<\/div>\n<\/div>\n<\/div>\n<\/div>\n<\/div>\n<p><a href=\"https:\/\/pcmastersbogota.com.co\/wp-content\/uploads\/2025\/01\/imagen_2025-01-13_232502659.png\"><img fetchpriority=\"high\" decoding=\"async\" class=\" wp-image-24989 aligncenter\" src=\"https:\/\/pcmastersbogota.com.co\/wp-content\/uploads\/2025\/01\/imagen_2025-01-13_232502659-300x211.png\" alt=\"\" width=\"1091\" height=\"767\" srcset=\"https:\/\/pcmastersbogota.com.co\/wp-content\/uploads\/2025\/01\/imagen_2025-01-13_232502659-300x211.png 300w, https:\/\/pcmastersbogota.com.co\/wp-content\/uploads\/2025\/01\/imagen_2025-01-13_232502659-1024x720.png 1024w, https:\/\/pcmastersbogota.com.co\/wp-content\/uploads\/2025\/01\/imagen_2025-01-13_232502659-768x540.png 768w, https:\/\/pcmastersbogota.com.co\/wp-content\/uploads\/2025\/01\/imagen_2025-01-13_232502659-1200x844.png 1200w, https:\/\/pcmastersbogota.com.co\/wp-content\/uploads\/2025\/01\/imagen_2025-01-13_232502659-150x105.png 150w, https:\/\/pcmastersbogota.com.co\/wp-content\/uploads\/2025\/01\/imagen_2025-01-13_232502659.png 1280w\" sizes=\"(max-width: 1091px) 100vw, 1091px\" \/><\/a><a href=\"https:\/\/pcmastersbogota.com.co\/wp-content\/uploads\/2025\/01\/imagen_2025-01-13_224729023.png\"><img decoding=\"async\" class=\"alignnone wp-image-24977 aligncenter\" src=\"https:\/\/pcmastersbogota.com.co\/wp-content\/uploads\/2025\/01\/imagen_2025-01-13_224729023-300x74.png\" alt=\"\" width=\"1074\" height=\"265\" srcset=\"https:\/\/pcmastersbogota.com.co\/wp-content\/uploads\/2025\/01\/imagen_2025-01-13_224729023-300x74.png 300w, https:\/\/pcmastersbogota.com.co\/wp-content\/uploads\/2025\/01\/imagen_2025-01-13_224729023-1024x253.png 1024w, https:\/\/pcmastersbogota.com.co\/wp-content\/uploads\/2025\/01\/imagen_2025-01-13_224729023-768x190.png 768w, https:\/\/pcmastersbogota.com.co\/wp-content\/uploads\/2025\/01\/imagen_2025-01-13_224729023-1200x297.png 1200w, https:\/\/pcmastersbogota.com.co\/wp-content\/uploads\/2025\/01\/imagen_2025-01-13_224729023-150x37.png 150w, https:\/\/pcmastersbogota.com.co\/wp-content\/uploads\/2025\/01\/imagen_2025-01-13_224729023.png 1428w\" sizes=\"(max-width: 1074px) 100vw, 1074px\" \/><\/a> <a href=\"https:\/\/pcmastersbogota.com.co\/wp-content\/uploads\/2025\/01\/imagen_2025-01-13_224855844.png\"><img decoding=\"async\" class=\" wp-image-24978 aligncenter\" src=\"https:\/\/pcmastersbogota.com.co\/wp-content\/uploads\/2025\/01\/imagen_2025-01-13_224855844-300x141.png\" alt=\"\" width=\"1111\" height=\"522\" srcset=\"https:\/\/pcmastersbogota.com.co\/wp-content\/uploads\/2025\/01\/imagen_2025-01-13_224855844-300x141.png 300w, https:\/\/pcmastersbogota.com.co\/wp-content\/uploads\/2025\/01\/imagen_2025-01-13_224855844-1024x481.png 1024w, https:\/\/pcmastersbogota.com.co\/wp-content\/uploads\/2025\/01\/imagen_2025-01-13_224855844-768x361.png 768w, https:\/\/pcmastersbogota.com.co\/wp-content\/uploads\/2025\/01\/imagen_2025-01-13_224855844-1536x722.png 1536w, https:\/\/pcmastersbogota.com.co\/wp-content\/uploads\/2025\/01\/imagen_2025-01-13_224855844-1200x564.png 1200w, https:\/\/pcmastersbogota.com.co\/wp-content\/uploads\/2025\/01\/imagen_2025-01-13_224855844-150x70.png 150w, https:\/\/pcmastersbogota.com.co\/wp-content\/uploads\/2025\/01\/imagen_2025-01-13_224855844.png 1692w\" sizes=\"(max-width: 1111px) 100vw, 1111px\" \/><\/a> <a href=\"https:\/\/pcmastersbogota.com.co\/wp-content\/uploads\/2025\/01\/imagen_2025-01-13_224919246.png\"><img loading=\"lazy\" decoding=\"async\" class=\" wp-image-24979 aligncenter\" src=\"https:\/\/pcmastersbogota.com.co\/wp-content\/uploads\/2025\/01\/imagen_2025-01-13_224919246-300x151.png\" alt=\"\" width=\"1240\" height=\"624\" srcset=\"https:\/\/pcmastersbogota.com.co\/wp-content\/uploads\/2025\/01\/imagen_2025-01-13_224919246-300x151.png 300w, https:\/\/pcmastersbogota.com.co\/wp-content\/uploads\/2025\/01\/imagen_2025-01-13_224919246-1024x515.png 1024w, https:\/\/pcmastersbogota.com.co\/wp-content\/uploads\/2025\/01\/imagen_2025-01-13_224919246-768x386.png 768w, https:\/\/pcmastersbogota.com.co\/wp-content\/uploads\/2025\/01\/imagen_2025-01-13_224919246-1536x772.png 1536w, https:\/\/pcmastersbogota.com.co\/wp-content\/uploads\/2025\/01\/imagen_2025-01-13_224919246-1200x603.png 1200w, https:\/\/pcmastersbogota.com.co\/wp-content\/uploads\/2025\/01\/imagen_2025-01-13_224919246-150x75.png 150w, https:\/\/pcmastersbogota.com.co\/wp-content\/uploads\/2025\/01\/imagen_2025-01-13_224919246.png 1732w\" sizes=\"(max-width: 1240px) 100vw, 1240px\" \/><\/a> <a href=\"https:\/\/pcmastersbogota.com.co\/wp-content\/uploads\/2025\/01\/imagen_2025-01-13_225035175.png\"><img loading=\"lazy\" decoding=\"async\" class=\" wp-image-24980 aligncenter\" src=\"https:\/\/pcmastersbogota.com.co\/wp-content\/uploads\/2025\/01\/imagen_2025-01-13_225035175-300x153.png\" alt=\"\" width=\"1239\" height=\"632\" srcset=\"https:\/\/pcmastersbogota.com.co\/wp-content\/uploads\/2025\/01\/imagen_2025-01-13_225035175-300x153.png 300w, https:\/\/pcmastersbogota.com.co\/wp-content\/uploads\/2025\/01\/imagen_2025-01-13_225035175-1024x523.png 1024w, https:\/\/pcmastersbogota.com.co\/wp-content\/uploads\/2025\/01\/imagen_2025-01-13_225035175-768x392.png 768w, https:\/\/pcmastersbogota.com.co\/wp-content\/uploads\/2025\/01\/imagen_2025-01-13_225035175-1200x612.png 1200w, https:\/\/pcmastersbogota.com.co\/wp-content\/uploads\/2025\/01\/imagen_2025-01-13_225035175-150x77.png 150w, https:\/\/pcmastersbogota.com.co\/wp-content\/uploads\/2025\/01\/imagen_2025-01-13_225035175.png 1497w\" sizes=\"(max-width: 1239px) 100vw, 1239px\" \/><\/a> <a href=\"https:\/\/pcmastersbogota.com.co\/wp-content\/uploads\/2025\/01\/imagen_2025-01-13_225104372.png\"><img loading=\"lazy\" decoding=\"async\" class=\" wp-image-24981 aligncenter\" src=\"https:\/\/pcmastersbogota.com.co\/wp-content\/uploads\/2025\/01\/imagen_2025-01-13_225104372-300x171.png\" alt=\"\" width=\"1229\" height=\"701\" srcset=\"https:\/\/pcmastersbogota.com.co\/wp-content\/uploads\/2025\/01\/imagen_2025-01-13_225104372-300x171.png 300w, https:\/\/pcmastersbogota.com.co\/wp-content\/uploads\/2025\/01\/imagen_2025-01-13_225104372-1024x585.png 1024w, https:\/\/pcmastersbogota.com.co\/wp-content\/uploads\/2025\/01\/imagen_2025-01-13_225104372-768x439.png 768w, https:\/\/pcmastersbogota.com.co\/wp-content\/uploads\/2025\/01\/imagen_2025-01-13_225104372-150x86.png 150w, https:\/\/pcmastersbogota.com.co\/wp-content\/uploads\/2025\/01\/imagen_2025-01-13_225104372.png 1416w\" sizes=\"(max-width: 1229px) 100vw, 1229px\" \/><\/a> <a href=\"https:\/\/pcmastersbogota.com.co\/wp-content\/uploads\/2025\/01\/imagen_2025-01-13_232013250.png\"><img loading=\"lazy\" decoding=\"async\" class=\" wp-image-24982 aligncenter\" src=\"https:\/\/pcmastersbogota.com.co\/wp-content\/uploads\/2025\/01\/imagen_2025-01-13_232013250-300x160.png\" alt=\"\" width=\"1194\" height=\"637\" srcset=\"https:\/\/pcmastersbogota.com.co\/wp-content\/uploads\/2025\/01\/imagen_2025-01-13_232013250-300x160.png 300w, https:\/\/pcmastersbogota.com.co\/wp-content\/uploads\/2025\/01\/imagen_2025-01-13_232013250-1024x547.png 1024w, https:\/\/pcmastersbogota.com.co\/wp-content\/uploads\/2025\/01\/imagen_2025-01-13_232013250-768x410.png 768w, https:\/\/pcmastersbogota.com.co\/wp-content\/uploads\/2025\/01\/imagen_2025-01-13_232013250-1200x641.png 1200w, https:\/\/pcmastersbogota.com.co\/wp-content\/uploads\/2025\/01\/imagen_2025-01-13_232013250-150x80.png 150w, https:\/\/pcmastersbogota.com.co\/wp-content\/uploads\/2025\/01\/imagen_2025-01-13_232013250.png 1427w\" sizes=\"(max-width: 1194px) 100vw, 1194px\" \/><\/a> <a href=\"https:\/\/pcmastersbogota.com.co\/wp-content\/uploads\/2025\/01\/imagen_2025-01-13_232028169.png\"><img loading=\"lazy\" decoding=\"async\" class=\" wp-image-24983 aligncenter\" src=\"https:\/\/pcmastersbogota.com.co\/wp-content\/uploads\/2025\/01\/imagen_2025-01-13_232028169-300x133.png\" alt=\"\" width=\"1191\" height=\"528\" srcset=\"https:\/\/pcmastersbogota.com.co\/wp-content\/uploads\/2025\/01\/imagen_2025-01-13_232028169-300x133.png 300w, https:\/\/pcmastersbogota.com.co\/wp-content\/uploads\/2025\/01\/imagen_2025-01-13_232028169-768x339.png 768w, https:\/\/pcmastersbogota.com.co\/wp-content\/uploads\/2025\/01\/imagen_2025-01-13_232028169-150x66.png 150w\" sizes=\"(max-width: 1191px) 100vw, 1191px\" \/><\/a> <a href=\"https:\/\/pcmastersbogota.com.co\/wp-content\/uploads\/2025\/01\/imagen_2025-01-13_232045879.png\"><img loading=\"lazy\" decoding=\"async\" class=\" wp-image-24984 aligncenter\" src=\"https:\/\/pcmastersbogota.com.co\/wp-content\/uploads\/2025\/01\/imagen_2025-01-13_232045879-300x221.png\" alt=\"\" width=\"1178\" height=\"868\" srcset=\"https:\/\/pcmastersbogota.com.co\/wp-content\/uploads\/2025\/01\/imagen_2025-01-13_232045879-300x221.png 300w, https:\/\/pcmastersbogota.com.co\/wp-content\/uploads\/2025\/01\/imagen_2025-01-13_232045879-1024x754.png 1024w, https:\/\/pcmastersbogota.com.co\/wp-content\/uploads\/2025\/01\/imagen_2025-01-13_232045879-768x566.png 768w, https:\/\/pcmastersbogota.com.co\/wp-content\/uploads\/2025\/01\/imagen_2025-01-13_232045879-1200x884.png 1200w, https:\/\/pcmastersbogota.com.co\/wp-content\/uploads\/2025\/01\/imagen_2025-01-13_232045879-150x110.png 150w, https:\/\/pcmastersbogota.com.co\/wp-content\/uploads\/2025\/01\/imagen_2025-01-13_232045879.png 1362w\" sizes=\"(max-width: 1178px) 100vw, 1178px\" \/><\/a> <a href=\"https:\/\/pcmastersbogota.com.co\/wp-content\/uploads\/2025\/01\/imagen_2025-01-13_232103895.png\"><img loading=\"lazy\" decoding=\"async\" class=\" wp-image-24985 aligncenter\" src=\"https:\/\/pcmastersbogota.com.co\/wp-content\/uploads\/2025\/01\/imagen_2025-01-13_232103895-300x194.png\" alt=\"\" width=\"1059\" height=\"685\" srcset=\"https:\/\/pcmastersbogota.com.co\/wp-content\/uploads\/2025\/01\/imagen_2025-01-13_232103895-300x194.png 300w, https:\/\/pcmastersbogota.com.co\/wp-content\/uploads\/2025\/01\/imagen_2025-01-13_232103895-1024x663.png 1024w, https:\/\/pcmastersbogota.com.co\/wp-content\/uploads\/2025\/01\/imagen_2025-01-13_232103895-768x497.png 768w, https:\/\/pcmastersbogota.com.co\/wp-content\/uploads\/2025\/01\/imagen_2025-01-13_232103895-1200x777.png 1200w, https:\/\/pcmastersbogota.com.co\/wp-content\/uploads\/2025\/01\/imagen_2025-01-13_232103895-150x97.png 150w, https:\/\/pcmastersbogota.com.co\/wp-content\/uploads\/2025\/01\/imagen_2025-01-13_232103895.png 1262w\" sizes=\"(max-width: 1059px) 100vw, 1059px\" \/><\/a> <a href=\"https:\/\/pcmastersbogota.com.co\/wp-content\/uploads\/2025\/01\/imagen_2025-01-13_232115868.png\"><img loading=\"lazy\" decoding=\"async\" class=\" wp-image-24986 aligncenter\" src=\"https:\/\/pcmastersbogota.com.co\/wp-content\/uploads\/2025\/01\/imagen_2025-01-13_232115868-300x192.png\" alt=\"\" width=\"1053\" height=\"674\" srcset=\"https:\/\/pcmastersbogota.com.co\/wp-content\/uploads\/2025\/01\/imagen_2025-01-13_232115868-300x192.png 300w, https:\/\/pcmastersbogota.com.co\/wp-content\/uploads\/2025\/01\/imagen_2025-01-13_232115868-1024x654.png 1024w, https:\/\/pcmastersbogota.com.co\/wp-content\/uploads\/2025\/01\/imagen_2025-01-13_232115868-768x491.png 768w, https:\/\/pcmastersbogota.com.co\/wp-content\/uploads\/2025\/01\/imagen_2025-01-13_232115868-150x96.png 150w, https:\/\/pcmastersbogota.com.co\/wp-content\/uploads\/2025\/01\/imagen_2025-01-13_232115868.png 1240w\" sizes=\"(max-width: 1053px) 100vw, 1053px\" \/><\/a> <a href=\"https:\/\/pcmastersbogota.com.co\/wp-content\/uploads\/2025\/01\/imagen_2025-01-13_232304300.png\"><img loading=\"lazy\" decoding=\"async\" class=\" wp-image-24987 aligncenter\" src=\"https:\/\/pcmastersbogota.com.co\/wp-content\/uploads\/2025\/01\/imagen_2025-01-13_232304300-300x144.png\" alt=\"\" width=\"1044\" height=\"501\" srcset=\"https:\/\/pcmastersbogota.com.co\/wp-content\/uploads\/2025\/01\/imagen_2025-01-13_232304300-300x144.png 300w, https:\/\/pcmastersbogota.com.co\/wp-content\/uploads\/2025\/01\/imagen_2025-01-13_232304300-1024x492.png 1024w, https:\/\/pcmastersbogota.com.co\/wp-content\/uploads\/2025\/01\/imagen_2025-01-13_232304300-768x369.png 768w, https:\/\/pcmastersbogota.com.co\/wp-content\/uploads\/2025\/01\/imagen_2025-01-13_232304300-1200x576.png 1200w, https:\/\/pcmastersbogota.com.co\/wp-content\/uploads\/2025\/01\/imagen_2025-01-13_232304300-150x72.png 150w, https:\/\/pcmastersbogota.com.co\/wp-content\/uploads\/2025\/01\/imagen_2025-01-13_232304300.png 1537w\" sizes=\"(max-width: 1044px) 100vw, 1044px\" \/><\/a> <a href=\"https:\/\/pcmastersbogota.com.co\/wp-content\/uploads\/2025\/01\/imagen_2025-01-13_232326775.png\"><img loading=\"lazy\" decoding=\"async\" class=\"alignnone wp-image-24988 aligncenter\" src=\"https:\/\/pcmastersbogota.com.co\/wp-content\/uploads\/2025\/01\/imagen_2025-01-13_232326775-300x172.png\" alt=\"\" width=\"1043\" height=\"598\" srcset=\"https:\/\/pcmastersbogota.com.co\/wp-content\/uploads\/2025\/01\/imagen_2025-01-13_232326775-300x172.png 300w, https:\/\/pcmastersbogota.com.co\/wp-content\/uploads\/2025\/01\/imagen_2025-01-13_232326775-1024x587.png 1024w, https:\/\/pcmastersbogota.com.co\/wp-content\/uploads\/2025\/01\/imagen_2025-01-13_232326775-768x440.png 768w, https:\/\/pcmastersbogota.com.co\/wp-content\/uploads\/2025\/01\/imagen_2025-01-13_232326775-1200x687.png 1200w, https:\/\/pcmastersbogota.com.co\/wp-content\/uploads\/2025\/01\/imagen_2025-01-13_232326775-150x86.png 150w, https:\/\/pcmastersbogota.com.co\/wp-content\/uploads\/2025\/01\/imagen_2025-01-13_232326775.png 1449w\" sizes=\"(max-width: 1043px) 100vw, 1043px\" \/><\/a><a href=\"https:\/\/pcmastersbogota.com.co\/wp-content\/uploads\/2025\/01\/imagen_2025-01-14_010017191.png\"><img loading=\"lazy\" decoding=\"async\" class=\" wp-image-24995 aligncenter\" src=\"https:\/\/pcmastersbogota.com.co\/wp-content\/uploads\/2025\/01\/imagen_2025-01-14_010017191-300x236.png\" alt=\"\" width=\"1054\" height=\"829\" srcset=\"https:\/\/pcmastersbogota.com.co\/wp-content\/uploads\/2025\/01\/imagen_2025-01-14_010017191-300x236.png 300w, https:\/\/pcmastersbogota.com.co\/wp-content\/uploads\/2025\/01\/imagen_2025-01-14_010017191-1024x806.png 1024w, https:\/\/pcmastersbogota.com.co\/wp-content\/uploads\/2025\/01\/imagen_2025-01-14_010017191-768x605.png 768w, https:\/\/pcmastersbogota.com.co\/wp-content\/uploads\/2025\/01\/imagen_2025-01-14_010017191-1200x945.png 1200w, https:\/\/pcmastersbogota.com.co\/wp-content\/uploads\/2025\/01\/imagen_2025-01-14_010017191-150x118.png 150w, https:\/\/pcmastersbogota.com.co\/wp-content\/uploads\/2025\/01\/imagen_2025-01-14_010017191.png 1428w\" sizes=\"(max-width: 1054px) 100vw, 1054px\" \/><\/a><\/p>\n","protected":false},"excerpt":{"rendered":"<h1 style=\"text-align: center;\">C1<\/h1>\n<p style=\"text-align: center;\">Rendimiento y estilo desde el primer momento. Incluye 4 fans argb premium de alto rendimiento de marco metalizado<br \/>\n<a href=\"https:\/\/pcmastersbogota.com.co\/wp-content\/uploads\/2025\/01\/imagen_2025-01-14_005857642.png\"><img loading=\"lazy\" decoding=\"async\" class=\"alignnone size-medium wp-image-24993\" src=\"https:\/\/pcmastersbogota.com.co\/wp-content\/uploads\/2025\/01\/imagen_2025-01-14_005857642-300x176.png\" alt=\"\" width=\"300\" height=\"176\" srcset=\"https:\/\/pcmastersbogota.com.co\/wp-content\/uploads\/2025\/01\/imagen_2025-01-14_005857642-300x176.png 300w, https:\/\/pcmastersbogota.com.co\/wp-content\/uploads\/2025\/01\/imagen_2025-01-14_005857642-150x88.png 150w, https:\/\/pcmastersbogota.com.co\/wp-content\/uploads\/2025\/01\/imagen_2025-01-14_005857642.png 500w\" sizes=\"(max-width: 300px) 100vw, 300px\" \/><\/a><\/p>\n<h2 style=\"text-align: center;\">Est\u00e9tica que inspira<\/h2>\n<p style=\"text-align: center;\">Consideramos al C1 como una obra de arte. Sus l\u00edneas elegantes, su acabado de primera calidad y su fabricaci\u00f3n detallada lo convierten en un espect\u00e1culo digno de contemplar.<\/p>\n<p style=\"text-align: center;\">\n","protected":false},"featured_media":25016,"comment_status":"closed","ping_status":"closed","template":"","meta":[],"pwb-brand":[522],"product_brand":[],"product_cat":[76],"product_tag":[524,523,380,480],"class_list":{"0":"post-25000","1":"product","2":"type-product","3":"status-publish","4":"has-post-thumbnail","6":"pwb-brand-apnx","7":"product_cat-chasis","8":"product_tag-aerocool","9":"product_tag-apnx","10":"product_tag-chasis","11":"product_tag-white","13":"first","14":"instock","15":"taxable","16":"shipping-taxable","17":"purchasable","18":"product-type-simple"},"yoast_head":"<!-- This site is optimized with the Yoast SEO plugin v26.7 - https:\/\/yoast.com\/wordpress\/plugins\/seo\/ -->\n<title>APNX C1 BLACK - PC MASTERS BOGOTA<\/title>\n<meta name=\"robots\" content=\"index, follow, max-snippet:-1, max-image-preview:large, max-video-preview:-1\" \/>\n<link rel=\"canonical\" href=\"https:\/\/pcmastersbogota.com.co\/es_es\/producto\/apnx-c1-black\/\" \/>\n<meta property=\"og:locale\" content=\"es_ES\" \/>\n<meta property=\"og:type\" content=\"article\" \/>\n<meta property=\"og:title\" content=\"APNX C1 BLACK - PC MASTERS BOGOTA\" \/>\n<meta property=\"og:description\" content=\"C1 Rendimiento y estilo desde el primer momento. Incluye 4 fans argb premium de alto rendimiento de marco metalizado   Est\u00e9tica que inspira Consideramos al C1 como una obra de arte. Sus l\u00edneas elegantes, su acabado de primera calidad y su fabricaci\u00f3n detallada lo convierten en un espect\u00e1culo digno de contemplar.\" \/>\n<meta property=\"og:url\" content=\"https:\/\/pcmastersbogota.com.co\/es_es\/producto\/apnx-c1-black\/\" \/>\n<meta property=\"og:site_name\" content=\"PC MASTERS BOGOTA\" \/>\n<meta property=\"article:modified_time\" content=\"2025-05-14T16:52:50+00:00\" \/>\n<meta property=\"og:image\" content=\"https:\/\/pcmastersbogota.com.co\/wp-content\/uploads\/2025\/01\/C1-product-gallery-bk-1.jpg\" \/>\n\t<meta property=\"og:image:width\" content=\"1024\" \/>\n\t<meta property=\"og:image:height\" content=\"1024\" \/>\n\t<meta property=\"og:image:type\" content=\"image\/jpeg\" \/>\n<meta name=\"twitter:card\" content=\"summary_large_image\" \/>\n<meta name=\"twitter:label1\" content=\"Tiempo de lectura\" \/>\n\t<meta name=\"twitter:data1\" content=\"4 minutos\" \/>\n<script type=\"application\/ld+json\" class=\"yoast-schema-graph\">{\"@context\":\"https:\/\/schema.org\",\"@graph\":[{\"@type\":\"WebPage\",\"@id\":\"https:\/\/pcmastersbogota.com.co\/producto\/apnx-c1-black\/\",\"url\":\"https:\/\/pcmastersbogota.com.co\/producto\/apnx-c1-black\/\",\"name\":\"APNX C1 BLACK - PC MASTERS BOGOTA\",\"isPartOf\":{\"@id\":\"https:\/\/pcmastersbogota.com.co\/es_es\/#website\"},\"primaryImageOfPage\":{\"@id\":\"https:\/\/pcmastersbogota.com.co\/producto\/apnx-c1-black\/#primaryimage\"},\"image\":{\"@id\":\"https:\/\/pcmastersbogota.com.co\/producto\/apnx-c1-black\/#primaryimage\"},\"thumbnailUrl\":\"https:\/\/pcmastersbogota.com.co\/wp-content\/uploads\/2025\/01\/C1-product-gallery-bk-1.jpg\",\"datePublished\":\"2025-01-14T07:26:24+00:00\",\"dateModified\":\"2025-05-14T16:52:50+00:00\",\"breadcrumb\":{\"@id\":\"https:\/\/pcmastersbogota.com.co\/producto\/apnx-c1-black\/#breadcrumb\"},\"inLanguage\":\"es\",\"potentialAction\":[{\"@type\":\"ReadAction\",\"target\":[\"https:\/\/pcmastersbogota.com.co\/producto\/apnx-c1-black\/\"]}]},{\"@type\":\"ImageObject\",\"inLanguage\":\"es\",\"@id\":\"https:\/\/pcmastersbogota.com.co\/producto\/apnx-c1-black\/#primaryimage\",\"url\":\"https:\/\/pcmastersbogota.com.co\/wp-content\/uploads\/2025\/01\/C1-product-gallery-bk-1.jpg\",\"contentUrl\":\"https:\/\/pcmastersbogota.com.co\/wp-content\/uploads\/2025\/01\/C1-product-gallery-bk-1.jpg\",\"width\":1024,\"height\":1024},{\"@type\":\"BreadcrumbList\",\"@id\":\"https:\/\/pcmastersbogota.com.co\/producto\/apnx-c1-black\/#breadcrumb\",\"itemListElement\":[{\"@type\":\"ListItem\",\"position\":1,\"name\":\"Home\",\"item\":\"https:\/\/pcmastersbogota.com.co\/\"},{\"@type\":\"ListItem\",\"position\":2,\"name\":\"Tienda\",\"item\":\"https:\/\/pcmastersbogota.com.co\/es_es\/tienda\/\"},{\"@type\":\"ListItem\",\"position\":3,\"name\":\"APNX C1 BLACK\"}]},{\"@type\":\"WebSite\",\"@id\":\"https:\/\/pcmastersbogota.com.co\/es_es\/#website\",\"url\":\"https:\/\/pcmastersbogota.com.co\/es_es\/\",\"name\":\"PC MASTERS BOGOTA\",\"description\":\"\",\"potentialAction\":[{\"@type\":\"SearchAction\",\"target\":{\"@type\":\"EntryPoint\",\"urlTemplate\":\"https:\/\/pcmastersbogota.com.co\/es_es\/?s={search_term_string}\"},\"query-input\":{\"@type\":\"PropertyValueSpecification\",\"valueRequired\":true,\"valueName\":\"search_term_string\"}}],\"inLanguage\":\"es\"}]}<\/script>\n<!-- \/ Yoast SEO plugin. -->","yoast_head_json":{"title":"APNX C1 BLACK - PC MASTERS BOGOTA","robots":{"index":"index","follow":"follow","max-snippet":"max-snippet:-1","max-image-preview":"max-image-preview:large","max-video-preview":"max-video-preview:-1"},"canonical":"https:\/\/pcmastersbogota.com.co\/es_es\/producto\/apnx-c1-black\/","og_locale":"es_ES","og_type":"article","og_title":"APNX C1 BLACK - PC MASTERS BOGOTA","og_description":"C1 Rendimiento y estilo desde el primer momento. Incluye 4 fans argb premium de alto rendimiento de marco metalizado   Est\u00e9tica que inspira Consideramos al C1 como una obra de arte. Sus l\u00edneas elegantes, su acabado de primera calidad y su fabricaci\u00f3n detallada lo convierten en un espect\u00e1culo digno de contemplar.","og_url":"https:\/\/pcmastersbogota.com.co\/es_es\/producto\/apnx-c1-black\/","og_site_name":"PC MASTERS BOGOTA","article_modified_time":"2025-05-14T16:52:50+00:00","og_image":[{"width":1024,"height":1024,"url":"https:\/\/pcmastersbogota.com.co\/wp-content\/uploads\/2025\/01\/C1-product-gallery-bk-1.jpg","type":"image\/jpeg"}],"twitter_card":"summary_large_image","twitter_misc":{"Tiempo de lectura":"4 minutos"},"schema":{"@context":"https:\/\/schema.org","@graph":[{"@type":"WebPage","@id":"https:\/\/pcmastersbogota.com.co\/producto\/apnx-c1-black\/","url":"https:\/\/pcmastersbogota.com.co\/producto\/apnx-c1-black\/","name":"APNX C1 BLACK - PC MASTERS BOGOTA","isPartOf":{"@id":"https:\/\/pcmastersbogota.com.co\/es_es\/#website"},"primaryImageOfPage":{"@id":"https:\/\/pcmastersbogota.com.co\/producto\/apnx-c1-black\/#primaryimage"},"image":{"@id":"https:\/\/pcmastersbogota.com.co\/producto\/apnx-c1-black\/#primaryimage"},"thumbnailUrl":"https:\/\/pcmastersbogota.com.co\/wp-content\/uploads\/2025\/01\/C1-product-gallery-bk-1.jpg","datePublished":"2025-01-14T07:26:24+00:00","dateModified":"2025-05-14T16:52:50+00:00","breadcrumb":{"@id":"https:\/\/pcmastersbogota.com.co\/producto\/apnx-c1-black\/#breadcrumb"},"inLanguage":"es","potentialAction":[{"@type":"ReadAction","target":["https:\/\/pcmastersbogota.com.co\/producto\/apnx-c1-black\/"]}]},{"@type":"ImageObject","inLanguage":"es","@id":"https:\/\/pcmastersbogota.com.co\/producto\/apnx-c1-black\/#primaryimage","url":"https:\/\/pcmastersbogota.com.co\/wp-content\/uploads\/2025\/01\/C1-product-gallery-bk-1.jpg","contentUrl":"https:\/\/pcmastersbogota.com.co\/wp-content\/uploads\/2025\/01\/C1-product-gallery-bk-1.jpg","width":1024,"height":1024},{"@type":"BreadcrumbList","@id":"https:\/\/pcmastersbogota.com.co\/producto\/apnx-c1-black\/#breadcrumb","itemListElement":[{"@type":"ListItem","position":1,"name":"Home","item":"https:\/\/pcmastersbogota.com.co\/"},{"@type":"ListItem","position":2,"name":"Tienda","item":"https:\/\/pcmastersbogota.com.co\/es_es\/tienda\/"},{"@type":"ListItem","position":3,"name":"APNX C1 BLACK"}]},{"@type":"WebSite","@id":"https:\/\/pcmastersbogota.com.co\/es_es\/#website","url":"https:\/\/pcmastersbogota.com.co\/es_es\/","name":"PC MASTERS BOGOTA","description":"","potentialAction":[{"@type":"SearchAction","target":{"@type":"EntryPoint","urlTemplate":"https:\/\/pcmastersbogota.com.co\/es_es\/?s={search_term_string}"},"query-input":{"@type":"PropertyValueSpecification","valueRequired":true,"valueName":"search_term_string"}}],"inLanguage":"es"}]}},"brands":[{"id":522,"name":"APNX","slug":"apnx"}],"_links":{"self":[{"href":"https:\/\/pcmastersbogota.com.co\/es_es\/wp-json\/wp\/v2\/product\/25000","targetHints":{"allow":["GET"]}}],"collection":[{"href":"https:\/\/pcmastersbogota.com.co\/es_es\/wp-json\/wp\/v2\/product"}],"about":[{"href":"https:\/\/pcmastersbogota.com.co\/es_es\/wp-json\/wp\/v2\/types\/product"}],"replies":[{"embeddable":true,"href":"https:\/\/pcmastersbogota.com.co\/es_es\/wp-json\/wp\/v2\/comments?post=25000"}],"version-history":[{"count":1,"href":"https:\/\/pcmastersbogota.com.co\/es_es\/wp-json\/wp\/v2\/product\/25000\/revisions"}],"predecessor-version":[{"id":25017,"href":"https:\/\/pcmastersbogota.com.co\/es_es\/wp-json\/wp\/v2\/product\/25000\/revisions\/25017"}],"wp:featuredmedia":[{"embeddable":true,"href":"https:\/\/pcmastersbogota.com.co\/es_es\/wp-json\/wp\/v2\/media\/25016"}],"wp:attachment":[{"href":"https:\/\/pcmastersbogota.com.co\/es_es\/wp-json\/wp\/v2\/media?parent=25000"}],"wp:term":[{"taxonomy":"pwb-brand","embeddable":true,"href":"https:\/\/pcmastersbogota.com.co\/es_es\/wp-json\/wp\/v2\/pwb-brand?post=25000"},{"taxonomy":"product_brand","embeddable":true,"href":"https:\/\/pcmastersbogota.com.co\/es_es\/wp-json\/wp\/v2\/product_brand?post=25000"},{"taxonomy":"product_cat","embeddable":true,"href":"https:\/\/pcmastersbogota.com.co\/es_es\/wp-json\/wp\/v2\/product_cat?post=25000"},{"taxonomy":"product_tag","embeddable":true,"href":"https:\/\/pcmastersbogota.com.co\/es_es\/wp-json\/wp\/v2\/product_tag?post=25000"}],"curies":[{"name":"wp","href":"https:\/\/api.w.org\/{rel}","templated":true}]}}