{"id":25264,"date":"2025-01-29T13:13:57","date_gmt":"2025-01-29T18:13:57","guid":{"rendered":"https:\/\/pcmastersbogota.com.co\/?post_type=product&#038;p=25264"},"modified":"2025-01-30T02:12:11","modified_gmt":"2025-01-30T07:12:11","slug":"asus-prime-b840m-a-wifi","status":"publish","type":"product","link":"https:\/\/pcmastersbogota.com.co\/es_es\/producto\/asus-prime-b840m-a-wifi\/","title":{"rendered":"ASUS PRIME B840M -A WIFI"},"content":{"rendered":"<p><a href=\"https:\/\/pcmastersbogota.com.co\/wp-content\/uploads\/2025\/01\/imagen_2025-01-28_181053919.png\"><img fetchpriority=\"high\" decoding=\"async\" class=\" wp-image-25227 aligncenter\" src=\"https:\/\/pcmastersbogota.com.co\/wp-content\/uploads\/2025\/01\/imagen_2025-01-28_181053919-300x183.png\" alt=\"\" width=\"1284\" height=\"783\" srcset=\"https:\/\/pcmastersbogota.com.co\/wp-content\/uploads\/2025\/01\/imagen_2025-01-28_181053919-300x183.png 300w, https:\/\/pcmastersbogota.com.co\/wp-content\/uploads\/2025\/01\/imagen_2025-01-28_181053919-1024x624.png 1024w, https:\/\/pcmastersbogota.com.co\/wp-content\/uploads\/2025\/01\/imagen_2025-01-28_181053919-768x468.png 768w, https:\/\/pcmastersbogota.com.co\/wp-content\/uploads\/2025\/01\/imagen_2025-01-28_181053919-1200x731.png 1200w, https:\/\/pcmastersbogota.com.co\/wp-content\/uploads\/2025\/01\/imagen_2025-01-28_181053919-150x91.png 150w, https:\/\/pcmastersbogota.com.co\/wp-content\/uploads\/2025\/01\/imagen_2025-01-28_181053919.png 1234w\" sizes=\"(max-width: 1284px) 100vw, 1284px\" \/><\/a><\/p>\n<div class=\"logo\"><a href=\"https:\/\/www.ldlc.com\/es-es\/asus\/bint000000806\/\" rel=\"nofollow\"><img decoding=\"async\" class=\"aligncenter\" src=\"https:\/\/media.ldlc.com\/v3\/marque\/bo\/00\/05\/62\/42\/V30005624251_2.jpg\" alt=\"ASUS\" \/><\/a><\/div>\n<div id=\"description\" class=\"description\">\n<div class=\"details-pdt-desc\">\n<h2 class=\"h2-master\" style=\"text-align: center;\">ASUS PRIME B840M-A WIFI<\/h2>\n<section><strong>AMD\u00a0<\/strong>AMD Basada en el chipset<strong>\u00a0B840<\/strong>, la placa base\u00a0<strong>ASUS PRIME B840M-A W\u00a0<\/strong>IFI est\u00e1 dise\u00f1ada para alojar procesadores\u00a0<strong>Ryzen 7000\/8000\/9000<\/strong>\u00a0en socket AM5. Es ideal para montar una configuraci\u00f3n de juegos o multimedia. M\u00e1s asequible que los chipsets B850 y X870, admite\u00a0<strong>DDR5<\/strong>,\u00a0<strong>tarjetas gr\u00e1ficas PCI-Express 4.0<\/strong>\u00a0y\u00a0<strong>unidades SSD\u00a0<\/strong><strong>PCIe 4.0<\/strong><strong>M.2<\/strong>. Tiene conectividad completa con<strong>\u00a0LAN\u00a0<\/strong>2,5 GbE, Wi-Fi 6E y USB 3.1.<\/p>\n<\/section>\n<section>\n<div class=\"desc-image\"><img decoding=\"async\" class=\"aligncenter\" src=\"https:\/\/media.ldlc.com\/bo\/images\/fiches\/carte-mere\/ASUS\/asus_prime_2.jpg\" alt=\"\" \/><\/div>\n<div class=\"desc-text\" style=\"text-align: center;\">\n<h2>Extras del ASUS PRIME B840M-A WIFI<\/h2>\n<ul>\n<li><b>AMD Compatibilidad con procesadores Ryzen de la serie 7000\/8000\/9000<\/b><\/li>\n<li>Conectividad ultrarr\u00e1pida: PCIe 4.0, ranura M.2, Ethernet Realtek 2,5 GbE, USB 3.1 10 Gbps<\/li>\n<li>Refrigeraci\u00f3n total: disipador PCH y Fan Xpert<\/li>\n<li>Iluminaci\u00f3n RGB Aura Sync: conectores direccionables Gen 2 integrados para tiras de LED, f\u00e1cilmente sincronizables con hardware compatible con Aura Sync.<\/li>\n<\/ul>\n<\/div>\n<\/section>\n<section>\n<div class=\"desc-text\" style=\"text-align: center;\">\n<h2 style=\"text-align: center;\">Jugar en las mejores condiciones<\/h2>\n<p><strong>AMD Las altas frecuencias de los procesadores<\/strong>\u00a0<strong>Ryzen<\/strong>\u00a0son una verdadera ventaja cuando se trata de jugar. Elige los componentes adecuados y dise\u00f1a un PC para juegos de alto rendimiento, sin latencia y listo cuando t\u00fa lo est\u00e9s.\u00a0<strong>AMD\u00a0<\/strong>AMD Obt\u00e9n ventaja sobre tus oponentes y alcanza nuevas cotas con los procesadores\u00a0<strong>Ryzen 9000\/8000\/7000<\/strong>\u00a0y las placas base\u00a0<strong>AM5<\/strong>.<\/p>\n<p><strong>AMD Los procesadores<\/strong>\u00a0<strong>Ryzen 9<\/strong>\u00a0000 ofrecen rendimiento en todas las \u00e1reas. Te ayudar\u00e1n a crear m\u00e1s r\u00e1pido, a alcanzar tus objetivos m\u00e1s r\u00e1pido y a ahorrar tiempo en todo momento.<\/p>\n<\/div>\n<div class=\"desc-image\"><img decoding=\"async\" class=\"aligncenter\" src=\"https:\/\/media.ldlc.com\/bo\/images\/fiches\/Processeur\/AMD\/raphael\/amd_ryzen_7000_001.jpg\" alt=\"\" \/><\/div>\n<\/section>\n<\/div>\n<\/div>\n<p>&nbsp;<\/p>\n","protected":false},"excerpt":{"rendered":"<p style=\"text-align: center;\">AMD AMD Basada en el chipset B840, la placa base ASUS PRIME B840M-A WIFI est\u00e1 dise\u00f1ada para alojar procesadores Ryzen 7000\/8000\/9000 en socket AM5. Es ideal para montar una configuraci\u00f3n de juegos o multimedia. M\u00e1s asequible que el chipset B850, admite DDR5.<\/p>\n","protected":false},"featured_media":25220,"comment_status":"closed","ping_status":"closed","template":"","meta":[],"pwb-brand":[212,508],"product_brand":[],"product_cat":[68],"product_tag":[383,358,364,474,509],"class_list":{"0":"post-25264","1":"product","2":"type-product","3":"status-publish","4":"has-post-thumbnail","6":"pwb-brand-asus","7":"pwb-brand-prime","8":"product_cat-board","9":"product_tag-am5","10":"product_tag-amd","11":"product_tag-asus","12":"product_tag-board-amd","13":"product_tag-prime","15":"first","16":"instock","17":"taxable","18":"shipping-taxable","19":"purchasable","20":"product-type-simple"},"yoast_head":"<!-- This site is optimized with the Yoast SEO plugin v26.7 - https:\/\/yoast.com\/wordpress\/plugins\/seo\/ -->\n<title>ASUS PRIME B840M -A WIFI - PC MASTERS BOGOTA<\/title>\n<meta name=\"robots\" content=\"index, follow, max-snippet:-1, max-image-preview:large, max-video-preview:-1\" \/>\n<link rel=\"canonical\" href=\"https:\/\/pcmastersbogota.com.co\/es_es\/producto\/asus-prime-b840m-a-wifi\/\" \/>\n<meta property=\"og:locale\" content=\"es_ES\" \/>\n<meta property=\"og:type\" content=\"article\" \/>\n<meta property=\"og:title\" content=\"ASUS PRIME B840M -A WIFI - PC MASTERS BOGOTA\" \/>\n<meta property=\"og:description\" content=\"AMD AMD Basada en el chipset B840, la placa base ASUS PRIME B840M-A WIFI est\u00e1 dise\u00f1ada para alojar procesadores Ryzen 7000\/8000\/9000 en socket AM5. Es ideal para montar una configuraci\u00f3n de juegos o multimedia. M\u00e1s asequible que el chipset B850, admite DDR5.\" \/>\n<meta property=\"og:url\" content=\"https:\/\/pcmastersbogota.com.co\/es_es\/producto\/asus-prime-b840m-a-wifi\/\" \/>\n<meta property=\"og:site_name\" content=\"PC MASTERS BOGOTA\" \/>\n<meta property=\"article:modified_time\" content=\"2025-01-30T07:12:11+00:00\" \/>\n<meta property=\"og:image\" content=\"https:\/\/pcmastersbogota.com.co\/wp-content\/uploads\/2025\/01\/imagen_2025-01-28_181537882-1024x1024.png\" \/>\n\t<meta property=\"og:image:width\" content=\"1024\" \/>\n\t<meta property=\"og:image:height\" content=\"1024\" \/>\n\t<meta property=\"og:image:type\" content=\"image\/png\" \/>\n<meta name=\"twitter:card\" content=\"summary_large_image\" \/>\n<meta name=\"twitter:label1\" content=\"Tiempo de lectura\" \/>\n\t<meta name=\"twitter:data1\" content=\"3 minutos\" \/>\n<script type=\"application\/ld+json\" class=\"yoast-schema-graph\">{\"@context\":\"https:\/\/schema.org\",\"@graph\":[{\"@type\":\"WebPage\",\"@id\":\"https:\/\/pcmastersbogota.com.co\/producto\/asus-prime-b840m-a-wifi\/\",\"url\":\"https:\/\/pcmastersbogota.com.co\/producto\/asus-prime-b840m-a-wifi\/\",\"name\":\"ASUS PRIME B840M -A WIFI - PC MASTERS BOGOTA\",\"isPartOf\":{\"@id\":\"https:\/\/pcmastersbogota.com.co\/es_es\/#website\"},\"primaryImageOfPage\":{\"@id\":\"https:\/\/pcmastersbogota.com.co\/producto\/asus-prime-b840m-a-wifi\/#primaryimage\"},\"image\":{\"@id\":\"https:\/\/pcmastersbogota.com.co\/producto\/asus-prime-b840m-a-wifi\/#primaryimage\"},\"thumbnailUrl\":\"https:\/\/pcmastersbogota.com.co\/wp-content\/uploads\/2025\/01\/imagen_2025-01-28_181537882.png\",\"datePublished\":\"2025-01-29T18:13:57+00:00\",\"dateModified\":\"2025-01-30T07:12:11+00:00\",\"breadcrumb\":{\"@id\":\"https:\/\/pcmastersbogota.com.co\/producto\/asus-prime-b840m-a-wifi\/#breadcrumb\"},\"inLanguage\":\"es\",\"potentialAction\":[{\"@type\":\"ReadAction\",\"target\":[\"https:\/\/pcmastersbogota.com.co\/producto\/asus-prime-b840m-a-wifi\/\"]}]},{\"@type\":\"ImageObject\",\"inLanguage\":\"es\",\"@id\":\"https:\/\/pcmastersbogota.com.co\/producto\/asus-prime-b840m-a-wifi\/#primaryimage\",\"url\":\"https:\/\/pcmastersbogota.com.co\/wp-content\/uploads\/2025\/01\/imagen_2025-01-28_181537882.png\",\"contentUrl\":\"https:\/\/pcmastersbogota.com.co\/wp-content\/uploads\/2025\/01\/imagen_2025-01-28_181537882.png\",\"width\":2400,\"height\":2400},{\"@type\":\"BreadcrumbList\",\"@id\":\"https:\/\/pcmastersbogota.com.co\/producto\/asus-prime-b840m-a-wifi\/#breadcrumb\",\"itemListElement\":[{\"@type\":\"ListItem\",\"position\":1,\"name\":\"Home\",\"item\":\"https:\/\/pcmastersbogota.com.co\/\"},{\"@type\":\"ListItem\",\"position\":2,\"name\":\"Tienda\",\"item\":\"https:\/\/pcmastersbogota.com.co\/es_es\/tienda\/\"},{\"@type\":\"ListItem\",\"position\":3,\"name\":\"ASUS PRIME B840M -A WIFI\"}]},{\"@type\":\"WebSite\",\"@id\":\"https:\/\/pcmastersbogota.com.co\/es_es\/#website\",\"url\":\"https:\/\/pcmastersbogota.com.co\/es_es\/\",\"name\":\"PC MASTERS BOGOTA\",\"description\":\"\",\"potentialAction\":[{\"@type\":\"SearchAction\",\"target\":{\"@type\":\"EntryPoint\",\"urlTemplate\":\"https:\/\/pcmastersbogota.com.co\/es_es\/?s={search_term_string}\"},\"query-input\":{\"@type\":\"PropertyValueSpecification\",\"valueRequired\":true,\"valueName\":\"search_term_string\"}}],\"inLanguage\":\"es\"}]}<\/script>\n<!-- \/ Yoast SEO plugin. -->","yoast_head_json":{"title":"ASUS PRIME B840M -A WIFI - PC MASTERS BOGOTA","robots":{"index":"index","follow":"follow","max-snippet":"max-snippet:-1","max-image-preview":"max-image-preview:large","max-video-preview":"max-video-preview:-1"},"canonical":"https:\/\/pcmastersbogota.com.co\/es_es\/producto\/asus-prime-b840m-a-wifi\/","og_locale":"es_ES","og_type":"article","og_title":"ASUS PRIME B840M -A WIFI - PC MASTERS BOGOTA","og_description":"AMD AMD Basada en el chipset B840, la placa base ASUS PRIME B840M-A WIFI est\u00e1 dise\u00f1ada para alojar procesadores Ryzen 7000\/8000\/9000 en socket AM5. Es ideal para montar una configuraci\u00f3n de juegos o multimedia. M\u00e1s asequible que el chipset B850, admite DDR5.","og_url":"https:\/\/pcmastersbogota.com.co\/es_es\/producto\/asus-prime-b840m-a-wifi\/","og_site_name":"PC MASTERS BOGOTA","article_modified_time":"2025-01-30T07:12:11+00:00","og_image":[{"width":1024,"height":1024,"url":"https:\/\/pcmastersbogota.com.co\/wp-content\/uploads\/2025\/01\/imagen_2025-01-28_181537882-1024x1024.png","type":"image\/png"}],"twitter_card":"summary_large_image","twitter_misc":{"Tiempo de lectura":"3 minutos"},"schema":{"@context":"https:\/\/schema.org","@graph":[{"@type":"WebPage","@id":"https:\/\/pcmastersbogota.com.co\/producto\/asus-prime-b840m-a-wifi\/","url":"https:\/\/pcmastersbogota.com.co\/producto\/asus-prime-b840m-a-wifi\/","name":"ASUS PRIME B840M -A WIFI - PC MASTERS BOGOTA","isPartOf":{"@id":"https:\/\/pcmastersbogota.com.co\/es_es\/#website"},"primaryImageOfPage":{"@id":"https:\/\/pcmastersbogota.com.co\/producto\/asus-prime-b840m-a-wifi\/#primaryimage"},"image":{"@id":"https:\/\/pcmastersbogota.com.co\/producto\/asus-prime-b840m-a-wifi\/#primaryimage"},"thumbnailUrl":"https:\/\/pcmastersbogota.com.co\/wp-content\/uploads\/2025\/01\/imagen_2025-01-28_181537882.png","datePublished":"2025-01-29T18:13:57+00:00","dateModified":"2025-01-30T07:12:11+00:00","breadcrumb":{"@id":"https:\/\/pcmastersbogota.com.co\/producto\/asus-prime-b840m-a-wifi\/#breadcrumb"},"inLanguage":"es","potentialAction":[{"@type":"ReadAction","target":["https:\/\/pcmastersbogota.com.co\/producto\/asus-prime-b840m-a-wifi\/"]}]},{"@type":"ImageObject","inLanguage":"es","@id":"https:\/\/pcmastersbogota.com.co\/producto\/asus-prime-b840m-a-wifi\/#primaryimage","url":"https:\/\/pcmastersbogota.com.co\/wp-content\/uploads\/2025\/01\/imagen_2025-01-28_181537882.png","contentUrl":"https:\/\/pcmastersbogota.com.co\/wp-content\/uploads\/2025\/01\/imagen_2025-01-28_181537882.png","width":2400,"height":2400},{"@type":"BreadcrumbList","@id":"https:\/\/pcmastersbogota.com.co\/producto\/asus-prime-b840m-a-wifi\/#breadcrumb","itemListElement":[{"@type":"ListItem","position":1,"name":"Home","item":"https:\/\/pcmastersbogota.com.co\/"},{"@type":"ListItem","position":2,"name":"Tienda","item":"https:\/\/pcmastersbogota.com.co\/es_es\/tienda\/"},{"@type":"ListItem","position":3,"name":"ASUS PRIME B840M -A WIFI"}]},{"@type":"WebSite","@id":"https:\/\/pcmastersbogota.com.co\/es_es\/#website","url":"https:\/\/pcmastersbogota.com.co\/es_es\/","name":"PC MASTERS BOGOTA","description":"","potentialAction":[{"@type":"SearchAction","target":{"@type":"EntryPoint","urlTemplate":"https:\/\/pcmastersbogota.com.co\/es_es\/?s={search_term_string}"},"query-input":{"@type":"PropertyValueSpecification","valueRequired":true,"valueName":"search_term_string"}}],"inLanguage":"es"}]}},"brands":[{"id":212,"name":"ASUS","slug":"asus"},{"id":508,"name":"PRIME","slug":"prime"}],"_links":{"self":[{"href":"https:\/\/pcmastersbogota.com.co\/es_es\/wp-json\/wp\/v2\/product\/25264","targetHints":{"allow":["GET"]}}],"collection":[{"href":"https:\/\/pcmastersbogota.com.co\/es_es\/wp-json\/wp\/v2\/product"}],"about":[{"href":"https:\/\/pcmastersbogota.com.co\/es_es\/wp-json\/wp\/v2\/types\/product"}],"replies":[{"embeddable":true,"href":"https:\/\/pcmastersbogota.com.co\/es_es\/wp-json\/wp\/v2\/comments?post=25264"}],"version-history":[{"count":1,"href":"https:\/\/pcmastersbogota.com.co\/es_es\/wp-json\/wp\/v2\/product\/25264\/revisions"}],"predecessor-version":[{"id":25267,"href":"https:\/\/pcmastersbogota.com.co\/es_es\/wp-json\/wp\/v2\/product\/25264\/revisions\/25267"}],"wp:featuredmedia":[{"embeddable":true,"href":"https:\/\/pcmastersbogota.com.co\/es_es\/wp-json\/wp\/v2\/media\/25220"}],"wp:attachment":[{"href":"https:\/\/pcmastersbogota.com.co\/es_es\/wp-json\/wp\/v2\/media?parent=25264"}],"wp:term":[{"taxonomy":"pwb-brand","embeddable":true,"href":"https:\/\/pcmastersbogota.com.co\/es_es\/wp-json\/wp\/v2\/pwb-brand?post=25264"},{"taxonomy":"product_brand","embeddable":true,"href":"https:\/\/pcmastersbogota.com.co\/es_es\/wp-json\/wp\/v2\/product_brand?post=25264"},{"taxonomy":"product_cat","embeddable":true,"href":"https:\/\/pcmastersbogota.com.co\/es_es\/wp-json\/wp\/v2\/product_cat?post=25264"},{"taxonomy":"product_tag","embeddable":true,"href":"https:\/\/pcmastersbogota.com.co\/es_es\/wp-json\/wp\/v2\/product_tag?post=25264"}],"curies":[{"name":"wp","href":"https:\/\/api.w.org\/{rel}","templated":true}]}}