{"id":25268,"date":"2025-01-29T13:25:46","date_gmt":"2025-01-29T18:25:46","guid":{"rendered":"https:\/\/pcmastersbogota.com.co\/?post_type=product&#038;p=25268"},"modified":"2026-02-12T13:45:13","modified_gmt":"2026-02-12T18:45:13","slug":"gigabyte-b650-eagle-ax","status":"publish","type":"product","link":"https:\/\/pcmastersbogota.com.co\/es_es\/producto\/gigabyte-b650-eagle-ax\/","title":{"rendered":"GIGABYTE B650 EAGLE AX"},"content":{"rendered":"<p><a href=\"https:\/\/pcmastersbogota.com.co\/wp-content\/uploads\/2025\/01\/imagen_2025-01-28_182318723.png\"><img fetchpriority=\"high\" decoding=\"async\" class=\" wp-image-25218 aligncenter\" src=\"https:\/\/pcmastersbogota.com.co\/wp-content\/uploads\/2025\/01\/imagen_2025-01-28_182318723-300x133.png\" alt=\"\" width=\"1446\" height=\"641\" srcset=\"https:\/\/pcmastersbogota.com.co\/wp-content\/uploads\/2025\/01\/imagen_2025-01-28_182318723-300x133.png 300w, https:\/\/pcmastersbogota.com.co\/wp-content\/uploads\/2025\/01\/imagen_2025-01-28_182318723-1024x454.png 1024w, https:\/\/pcmastersbogota.com.co\/wp-content\/uploads\/2025\/01\/imagen_2025-01-28_182318723-768x341.png 768w, https:\/\/pcmastersbogota.com.co\/wp-content\/uploads\/2025\/01\/imagen_2025-01-28_182318723-1536x681.png 1536w, https:\/\/pcmastersbogota.com.co\/wp-content\/uploads\/2025\/01\/imagen_2025-01-28_182318723-2048x908.png 2048w, https:\/\/pcmastersbogota.com.co\/wp-content\/uploads\/2025\/01\/imagen_2025-01-28_182318723-1200x532.png 1200w, https:\/\/pcmastersbogota.com.co\/wp-content\/uploads\/2025\/01\/imagen_2025-01-28_182318723-150x67.png 150w\" sizes=\"(max-width: 1446px) 100vw, 1446px\" \/><\/a><\/p>\n<h3 style=\"text-align: center;\">B650\u00a0EAGLE AX<\/h3>\n<p><a href=\"https:\/\/pcmastersbogota.com.co\/wp-content\/uploads\/2025\/01\/imagen_2025-01-28_182425531.png\"><img decoding=\"async\" class=\" wp-image-25217 aligncenter\" src=\"https:\/\/pcmastersbogota.com.co\/wp-content\/uploads\/2025\/01\/imagen_2025-01-28_182425531-300x161.png\" alt=\"\" width=\"1415\" height=\"759\" srcset=\"https:\/\/pcmastersbogota.com.co\/wp-content\/uploads\/2025\/01\/imagen_2025-01-28_182425531-300x161.png 300w, https:\/\/pcmastersbogota.com.co\/wp-content\/uploads\/2025\/01\/imagen_2025-01-28_182425531-1024x548.png 1024w, https:\/\/pcmastersbogota.com.co\/wp-content\/uploads\/2025\/01\/imagen_2025-01-28_182425531-768x411.png 768w, https:\/\/pcmastersbogota.com.co\/wp-content\/uploads\/2025\/01\/imagen_2025-01-28_182425531-150x80.png 150w\" sizes=\"(max-width: 1415px) 100vw, 1415px\" \/><\/a> <a href=\"https:\/\/pcmastersbogota.com.co\/wp-content\/uploads\/2025\/01\/imagen_2025-01-28_182523672.png\"><img decoding=\"async\" class=\" wp-image-25216 aligncenter\" src=\"https:\/\/pcmastersbogota.com.co\/wp-content\/uploads\/2025\/01\/imagen_2025-01-28_182523672-300x181.png\" alt=\"\" width=\"1451\" height=\"876\" srcset=\"https:\/\/pcmastersbogota.com.co\/wp-content\/uploads\/2025\/01\/imagen_2025-01-28_182523672-300x181.png 300w, https:\/\/pcmastersbogota.com.co\/wp-content\/uploads\/2025\/01\/imagen_2025-01-28_182523672-768x465.png 768w, https:\/\/pcmastersbogota.com.co\/wp-content\/uploads\/2025\/01\/imagen_2025-01-28_182523672-150x91.png 150w\" sizes=\"(max-width: 1451px) 100vw, 1451px\" \/><\/a> <a href=\"https:\/\/pcmastersbogota.com.co\/wp-content\/uploads\/2025\/01\/imagen_2025-01-28_182600962.png\"><img loading=\"lazy\" decoding=\"async\" class=\" wp-image-25215 aligncenter\" src=\"https:\/\/pcmastersbogota.com.co\/wp-content\/uploads\/2025\/01\/imagen_2025-01-28_182600962-300x165.png\" alt=\"\" width=\"1458\" height=\"802\" srcset=\"https:\/\/pcmastersbogota.com.co\/wp-content\/uploads\/2025\/01\/imagen_2025-01-28_182600962-300x165.png 300w, https:\/\/pcmastersbogota.com.co\/wp-content\/uploads\/2025\/01\/imagen_2025-01-28_182600962-1024x563.png 1024w, https:\/\/pcmastersbogota.com.co\/wp-content\/uploads\/2025\/01\/imagen_2025-01-28_182600962-768x422.png 768w, https:\/\/pcmastersbogota.com.co\/wp-content\/uploads\/2025\/01\/imagen_2025-01-28_182600962-1536x844.png 1536w, https:\/\/pcmastersbogota.com.co\/wp-content\/uploads\/2025\/01\/imagen_2025-01-28_182600962-1200x659.png 1200w, https:\/\/pcmastersbogota.com.co\/wp-content\/uploads\/2025\/01\/imagen_2025-01-28_182600962-150x82.png 150w, https:\/\/pcmastersbogota.com.co\/wp-content\/uploads\/2025\/01\/imagen_2025-01-28_182600962.png 1638w\" sizes=\"(max-width: 1458px) 100vw, 1458px\" \/><\/a> <a href=\"https:\/\/pcmastersbogota.com.co\/wp-content\/uploads\/2025\/01\/imagen_2025-01-28_182702792.png\"><img loading=\"lazy\" decoding=\"async\" class=\" wp-image-25214 aligncenter\" src=\"https:\/\/pcmastersbogota.com.co\/wp-content\/uploads\/2025\/01\/imagen_2025-01-28_182702792-300x159.png\" alt=\"\" width=\"1442\" height=\"764\" srcset=\"https:\/\/pcmastersbogota.com.co\/wp-content\/uploads\/2025\/01\/imagen_2025-01-28_182702792-300x159.png 300w, https:\/\/pcmastersbogota.com.co\/wp-content\/uploads\/2025\/01\/imagen_2025-01-28_182702792-1024x544.png 1024w, https:\/\/pcmastersbogota.com.co\/wp-content\/uploads\/2025\/01\/imagen_2025-01-28_182702792-768x408.png 768w, https:\/\/pcmastersbogota.com.co\/wp-content\/uploads\/2025\/01\/imagen_2025-01-28_182702792-1200x637.png 1200w, https:\/\/pcmastersbogota.com.co\/wp-content\/uploads\/2025\/01\/imagen_2025-01-28_182702792-150x80.png 150w\" sizes=\"(max-width: 1442px) 100vw, 1442px\" \/><\/a> <a href=\"https:\/\/pcmastersbogota.com.co\/wp-content\/uploads\/2025\/01\/imagen_2025-01-28_182720084.png\"><img loading=\"lazy\" decoding=\"async\" class=\" wp-image-25213 aligncenter\" src=\"https:\/\/pcmastersbogota.com.co\/wp-content\/uploads\/2025\/01\/imagen_2025-01-28_182720084-300x116.png\" alt=\"\" width=\"1404\" height=\"543\" srcset=\"https:\/\/pcmastersbogota.com.co\/wp-content\/uploads\/2025\/01\/imagen_2025-01-28_182720084-300x116.png 300w, https:\/\/pcmastersbogota.com.co\/wp-content\/uploads\/2025\/01\/imagen_2025-01-28_182720084-1024x395.png 1024w, https:\/\/pcmastersbogota.com.co\/wp-content\/uploads\/2025\/01\/imagen_2025-01-28_182720084-768x296.png 768w, https:\/\/pcmastersbogota.com.co\/wp-content\/uploads\/2025\/01\/imagen_2025-01-28_182720084-2048x790.png 2048w, https:\/\/pcmastersbogota.com.co\/wp-content\/uploads\/2025\/01\/imagen_2025-01-28_182720084-1200x463.png 1200w, https:\/\/pcmastersbogota.com.co\/wp-content\/uploads\/2025\/01\/imagen_2025-01-28_182720084-150x58.png 150w\" sizes=\"(max-width: 1404px) 100vw, 1404px\" \/><\/a> <a href=\"https:\/\/pcmastersbogota.com.co\/wp-content\/uploads\/2025\/01\/imagen_2025-01-28_182752073.png\"><img loading=\"lazy\" decoding=\"async\" class=\" wp-image-25212 aligncenter\" src=\"https:\/\/pcmastersbogota.com.co\/wp-content\/uploads\/2025\/01\/imagen_2025-01-28_182752073-300x169.png\" alt=\"\" width=\"1451\" height=\"817\" srcset=\"https:\/\/pcmastersbogota.com.co\/wp-content\/uploads\/2025\/01\/imagen_2025-01-28_182752073-300x169.png 300w, https:\/\/pcmastersbogota.com.co\/wp-content\/uploads\/2025\/01\/imagen_2025-01-28_182752073-1024x577.png 1024w, https:\/\/pcmastersbogota.com.co\/wp-content\/uploads\/2025\/01\/imagen_2025-01-28_182752073-768x433.png 768w, https:\/\/pcmastersbogota.com.co\/wp-content\/uploads\/2025\/01\/imagen_2025-01-28_182752073-1536x865.png 1536w, https:\/\/pcmastersbogota.com.co\/wp-content\/uploads\/2025\/01\/imagen_2025-01-28_182752073-1200x676.png 1200w, https:\/\/pcmastersbogota.com.co\/wp-content\/uploads\/2025\/01\/imagen_2025-01-28_182752073-150x84.png 150w, https:\/\/pcmastersbogota.com.co\/wp-content\/uploads\/2025\/01\/imagen_2025-01-28_182752073.png 1637w\" sizes=\"(max-width: 1451px) 100vw, 1451px\" \/><\/a> <a href=\"https:\/\/pcmastersbogota.com.co\/wp-content\/uploads\/2025\/01\/imagen_2025-01-28_182804160.png\"><img loading=\"lazy\" decoding=\"async\" class=\" wp-image-25211 aligncenter\" src=\"https:\/\/pcmastersbogota.com.co\/wp-content\/uploads\/2025\/01\/imagen_2025-01-28_182804160-300x192.png\" alt=\"\" width=\"1462\" height=\"936\" srcset=\"https:\/\/pcmastersbogota.com.co\/wp-content\/uploads\/2025\/01\/imagen_2025-01-28_182804160-300x192.png 300w, https:\/\/pcmastersbogota.com.co\/wp-content\/uploads\/2025\/01\/imagen_2025-01-28_182804160-1024x655.png 1024w, https:\/\/pcmastersbogota.com.co\/wp-content\/uploads\/2025\/01\/imagen_2025-01-28_182804160-768x491.png 768w, https:\/\/pcmastersbogota.com.co\/wp-content\/uploads\/2025\/01\/imagen_2025-01-28_182804160-1536x982.png 1536w, https:\/\/pcmastersbogota.com.co\/wp-content\/uploads\/2025\/01\/imagen_2025-01-28_182804160-1200x767.png 1200w, https:\/\/pcmastersbogota.com.co\/wp-content\/uploads\/2025\/01\/imagen_2025-01-28_182804160-150x96.png 150w, https:\/\/pcmastersbogota.com.co\/wp-content\/uploads\/2025\/01\/imagen_2025-01-28_182804160.png 1608w\" sizes=\"(max-width: 1462px) 100vw, 1462px\" \/><\/a> <a href=\"https:\/\/pcmastersbogota.com.co\/wp-content\/uploads\/2025\/01\/imagen_2025-01-28_183154133.png\"><img loading=\"lazy\" decoding=\"async\" class=\" wp-image-25210 aligncenter\" src=\"https:\/\/pcmastersbogota.com.co\/wp-content\/uploads\/2025\/01\/imagen_2025-01-28_183154133-300x168.png\" alt=\"\" width=\"1438\" height=\"805\" srcset=\"https:\/\/pcmastersbogota.com.co\/wp-content\/uploads\/2025\/01\/imagen_2025-01-28_183154133-300x168.png 300w, https:\/\/pcmastersbogota.com.co\/wp-content\/uploads\/2025\/01\/imagen_2025-01-28_183154133-1024x572.png 1024w, https:\/\/pcmastersbogota.com.co\/wp-content\/uploads\/2025\/01\/imagen_2025-01-28_183154133-768x429.png 768w, https:\/\/pcmastersbogota.com.co\/wp-content\/uploads\/2025\/01\/imagen_2025-01-28_183154133-150x84.png 150w\" sizes=\"(max-width: 1438px) 100vw, 1438px\" \/><\/a><\/p>\n","protected":false},"excerpt":{"rendered":"<h3><span class=\"\">B650 EAGLE AX<\/span><\/h3>\n<ul>\n<li>Socket AM5 de AMD: compatible con procesadores de las series AMD Ryzen\u2122 7000\/Ryzen\u2122 8000\/Ryzen\u2122 9000<\/li>\n<li>Rendimiento incomparable: soluci\u00f3n VRM digital de 12+2+2 fases<\/li>\n<li>DDR5 de canal doble: 4*SMD DIMM con compatibilidad con m\u00f3dulos de memoria AMD EXPO\u2122 e Intel\u00ae XMP<\/li>\n<li>Almacenamiento SuperSpeed: 1*PCIe 5.0 + 2*PCIe 4.0 Conectores M.2<\/li>\n<li>Dise\u00f1o t\u00e9rmico avanzado y protecci\u00f3n t\u00e9rmica M.2: para garantizar la estabilidad de la energ\u00eda del VRM y el rendimiento del SSD M.2 25110<\/li>\n<li>EZ-Latch: ranura PCIe x16 con dise\u00f1o de liberaci\u00f3n r\u00e1pida<\/li>\n<li>Redes r\u00e1pidas: Wi-Fi 6E 802.11ax y GbE LAN<\/li>\n<li>Conectividad extendida: DP, HDMI, USB\u00ae trasero de 10 Gb\/s<\/li>\n<li><span class=\"\">Ventilador inteligente 6: cuenta con m\u00faltiples sensores de temperatura, cabezales de ventilador h\u00edbridos con funci\u00f3n FAN STOP<\/span><\/li>\n<li><span class=\"\">Q-Flash Plus: Actualice la BIOS sin instalar la CPU, la memoria ni la tarjeta gr\u00e1fica<\/span><\/li>\n<\/ul>\n<p><img decoding=\"async\" src=\"https:\/\/www.gigabyte.com\/FileUpload\/Global\/KeyFeature\/3563\/innergigabyteimages\/logo\/amd.png\" \/><\/p>\n<aside><a href=\"https:\/\/www-gigabyte-com.translate.goog\/latam\/Motherboard\/B650-EAGLE-AX?_x_tr_sl=auto&amp;_x_tr_tl=es&amp;_x_tr_hl=es-419#ud\"><img decoding=\"async\" class=\"aligncenter\" src=\"https:\/\/www.gigabyte.com\/FileUpload\/Global\/KeyFeature\/3563\/innergigabyteimages\/logo\/performance.png\" \/><\/a><\/p>\n<p style=\"text-align: center;\">Rendimiento duradero<\/p>\n<p><a href=\"https:\/\/www-gigabyte-com.translate.goog\/latam\/Motherboard\/B650-EAGLE-AX?_x_tr_sl=auto&amp;_x_tr_tl=es&amp;_x_tr_hl=es-419#slidecard\"><img decoding=\"async\" class=\"aligncenter\" src=\"https:\/\/www.gigabyte.com\/FileUpload\/Global\/KeyFeature\/3563\/innergigabyteimages\/logo\/connect.png\" \/><\/a><\/p>\n<p style=\"text-align: center;\">Conectividad futura<\/p>\n<p><a href=\"https:\/\/www-gigabyte-com.translate.goog\/latam\/Motherboard\/B650-EAGLE-AX?_x_tr_sl=auto&amp;_x_tr_tl=es&amp;_x_tr_hl=es-419#easy\"><img decoding=\"async\" class=\"aligncenter\" src=\"https:\/\/www.gigabyte.com\/FileUpload\/Global\/KeyFeature\/3563\/innergigabyteimages\/logo\/friendly.png\" \/><\/a><\/p>\n<p style=\"text-align: center;\"><span class=\"\">F\u00e1cil y amigable<\/span><\/p>\n<\/aside>\n","protected":false},"featured_media":25185,"comment_status":"closed","ping_status":"closed","template":"","meta":[],"pwb-brand":[526,109],"product_brand":[],"product_cat":[68],"product_tag":[383,358,474,385],"class_list":{"0":"post-25268","1":"product","2":"type-product","3":"status-publish","4":"has-post-thumbnail","6":"pwb-brand-eagle","7":"pwb-brand-gigabyte","8":"product_cat-board","9":"product_tag-am5","10":"product_tag-amd","11":"product_tag-board-amd","12":"product_tag-gigabyte","14":"first","15":"instock","16":"taxable","17":"shipping-taxable","18":"purchasable","19":"product-type-simple"},"yoast_head":"<!-- This site is optimized with the Yoast SEO plugin v26.7 - https:\/\/yoast.com\/wordpress\/plugins\/seo\/ -->\n<title>GIGABYTE B650 EAGLE AX - PC MASTERS BOGOTA<\/title>\n<meta name=\"robots\" content=\"index, follow, max-snippet:-1, max-image-preview:large, max-video-preview:-1\" \/>\n<link rel=\"canonical\" href=\"https:\/\/pcmastersbogota.com.co\/es_es\/producto\/gigabyte-b650-eagle-ax\/\" \/>\n<meta property=\"og:locale\" content=\"es_ES\" \/>\n<meta property=\"og:type\" content=\"article\" \/>\n<meta property=\"og:title\" content=\"GIGABYTE B650 EAGLE AX - PC MASTERS BOGOTA\" \/>\n<meta property=\"og:description\" content=\"B650 EAGLE AX   Socket AM5 de AMD: compatible con procesadores de las series AMD Ryzen\u2122 7000\/Ryzen\u2122 8000\/Ryzen\u2122 9000  Rendimiento incomparable: soluci\u00f3n VRM digital de 12+2+2 fases  DDR5 de canal doble: 4*SMD DIMM con compatibilidad con m\u00f3dulos de memoria AMD EXPO\u2122 e Intel\u00ae XMP  Almacenamiento SuperSpeed: 1*PCIe 5.0 + 2*PCIe 4.0 Conectores M.2  Dise\u00f1o t\u00e9rmico avanzado y protecci\u00f3n t\u00e9rmica M.2: para garantizar la estabilidad de la energ\u00eda del VRM y el rendimiento del SSD M.2 25110  EZ-Latch: ranura PCIe x16 con dise\u00f1o de liberaci\u00f3n r\u00e1pida  Redes r\u00e1pidas: Wi-Fi 6E 802.11ax y GbE LAN  Conectividad extendida: DP, HDMI, USB\u00ae trasero de 10 Gb\/s  Ventilador inteligente 6: cuenta con m\u00faltiples sensores de temperatura, cabezales de ventilador h\u00edbridos con funci\u00f3n FAN STOP  Q-Flash Plus: Actualice la BIOS sin instalar la CPU, la memoria ni la tarjeta gr\u00e1fica     Rendimiento duradero  Conectividad futura  F\u00e1cil y amigable\" \/>\n<meta property=\"og:url\" content=\"https:\/\/pcmastersbogota.com.co\/es_es\/producto\/gigabyte-b650-eagle-ax\/\" \/>\n<meta property=\"og:site_name\" content=\"PC MASTERS BOGOTA\" \/>\n<meta property=\"article:modified_time\" content=\"2026-02-12T18:45:13+00:00\" \/>\n<meta property=\"og:image\" content=\"https:\/\/pcmastersbogota.com.co\/wp-content\/uploads\/2025\/01\/B650-EAGLE-AX-01.png\" \/>\n\t<meta property=\"og:image:width\" content=\"1000\" \/>\n\t<meta property=\"og:image:height\" content=\"1000\" \/>\n\t<meta property=\"og:image:type\" content=\"image\/png\" \/>\n<meta name=\"twitter:card\" content=\"summary_large_image\" \/>\n<meta name=\"twitter:label1\" content=\"Tiempo de lectura\" \/>\n\t<meta name=\"twitter:data1\" content=\"3 minutos\" \/>\n<script type=\"application\/ld+json\" class=\"yoast-schema-graph\">{\"@context\":\"https:\/\/schema.org\",\"@graph\":[{\"@type\":\"WebPage\",\"@id\":\"https:\/\/pcmastersbogota.com.co\/producto\/gigabyte-b650-eagle-ax\/\",\"url\":\"https:\/\/pcmastersbogota.com.co\/producto\/gigabyte-b650-eagle-ax\/\",\"name\":\"GIGABYTE B650 EAGLE AX - PC MASTERS BOGOTA\",\"isPartOf\":{\"@id\":\"https:\/\/pcmastersbogota.com.co\/es_es\/#website\"},\"primaryImageOfPage\":{\"@id\":\"https:\/\/pcmastersbogota.com.co\/producto\/gigabyte-b650-eagle-ax\/#primaryimage\"},\"image\":{\"@id\":\"https:\/\/pcmastersbogota.com.co\/producto\/gigabyte-b650-eagle-ax\/#primaryimage\"},\"thumbnailUrl\":\"https:\/\/pcmastersbogota.com.co\/wp-content\/uploads\/2025\/01\/B650-EAGLE-AX-01.png\",\"datePublished\":\"2025-01-29T18:25:46+00:00\",\"dateModified\":\"2026-02-12T18:45:13+00:00\",\"breadcrumb\":{\"@id\":\"https:\/\/pcmastersbogota.com.co\/producto\/gigabyte-b650-eagle-ax\/#breadcrumb\"},\"inLanguage\":\"es\",\"potentialAction\":[{\"@type\":\"ReadAction\",\"target\":[\"https:\/\/pcmastersbogota.com.co\/producto\/gigabyte-b650-eagle-ax\/\"]}]},{\"@type\":\"ImageObject\",\"inLanguage\":\"es\",\"@id\":\"https:\/\/pcmastersbogota.com.co\/producto\/gigabyte-b650-eagle-ax\/#primaryimage\",\"url\":\"https:\/\/pcmastersbogota.com.co\/wp-content\/uploads\/2025\/01\/B650-EAGLE-AX-01.png\",\"contentUrl\":\"https:\/\/pcmastersbogota.com.co\/wp-content\/uploads\/2025\/01\/B650-EAGLE-AX-01.png\",\"width\":1000,\"height\":1000},{\"@type\":\"BreadcrumbList\",\"@id\":\"https:\/\/pcmastersbogota.com.co\/producto\/gigabyte-b650-eagle-ax\/#breadcrumb\",\"itemListElement\":[{\"@type\":\"ListItem\",\"position\":1,\"name\":\"Home\",\"item\":\"https:\/\/pcmastersbogota.com.co\/\"},{\"@type\":\"ListItem\",\"position\":2,\"name\":\"Tienda\",\"item\":\"https:\/\/pcmastersbogota.com.co\/es_es\/tienda\/\"},{\"@type\":\"ListItem\",\"position\":3,\"name\":\"GIGABYTE B650 EAGLE AX\"}]},{\"@type\":\"WebSite\",\"@id\":\"https:\/\/pcmastersbogota.com.co\/es_es\/#website\",\"url\":\"https:\/\/pcmastersbogota.com.co\/es_es\/\",\"name\":\"PC MASTERS BOGOTA\",\"description\":\"\",\"potentialAction\":[{\"@type\":\"SearchAction\",\"target\":{\"@type\":\"EntryPoint\",\"urlTemplate\":\"https:\/\/pcmastersbogota.com.co\/es_es\/?s={search_term_string}\"},\"query-input\":{\"@type\":\"PropertyValueSpecification\",\"valueRequired\":true,\"valueName\":\"search_term_string\"}}],\"inLanguage\":\"es\"}]}<\/script>\n<!-- \/ Yoast SEO plugin. -->","yoast_head_json":{"title":"GIGABYTE B650 EAGLE AX - PC MASTERS BOGOTA","robots":{"index":"index","follow":"follow","max-snippet":"max-snippet:-1","max-image-preview":"max-image-preview:large","max-video-preview":"max-video-preview:-1"},"canonical":"https:\/\/pcmastersbogota.com.co\/es_es\/producto\/gigabyte-b650-eagle-ax\/","og_locale":"es_ES","og_type":"article","og_title":"GIGABYTE B650 EAGLE AX - PC MASTERS BOGOTA","og_description":"B650 EAGLE AX   Socket AM5 de AMD: compatible con procesadores de las series AMD Ryzen\u2122 7000\/Ryzen\u2122 8000\/Ryzen\u2122 9000  Rendimiento incomparable: soluci\u00f3n VRM digital de 12+2+2 fases  DDR5 de canal doble: 4*SMD DIMM con compatibilidad con m\u00f3dulos de memoria AMD EXPO\u2122 e Intel\u00ae XMP  Almacenamiento SuperSpeed: 1*PCIe 5.0 + 2*PCIe 4.0 Conectores M.2  Dise\u00f1o t\u00e9rmico avanzado y protecci\u00f3n t\u00e9rmica M.2: para garantizar la estabilidad de la energ\u00eda del VRM y el rendimiento del SSD M.2 25110  EZ-Latch: ranura PCIe x16 con dise\u00f1o de liberaci\u00f3n r\u00e1pida  Redes r\u00e1pidas: Wi-Fi 6E 802.11ax y GbE LAN  Conectividad extendida: DP, HDMI, USB\u00ae trasero de 10 Gb\/s  Ventilador inteligente 6: cuenta con m\u00faltiples sensores de temperatura, cabezales de ventilador h\u00edbridos con funci\u00f3n FAN STOP  Q-Flash Plus: Actualice la BIOS sin instalar la CPU, la memoria ni la tarjeta gr\u00e1fica     Rendimiento duradero  Conectividad futura  F\u00e1cil y amigable","og_url":"https:\/\/pcmastersbogota.com.co\/es_es\/producto\/gigabyte-b650-eagle-ax\/","og_site_name":"PC MASTERS BOGOTA","article_modified_time":"2026-02-12T18:45:13+00:00","og_image":[{"width":1000,"height":1000,"url":"https:\/\/pcmastersbogota.com.co\/wp-content\/uploads\/2025\/01\/B650-EAGLE-AX-01.png","type":"image\/png"}],"twitter_card":"summary_large_image","twitter_misc":{"Tiempo de lectura":"3 minutos"},"schema":{"@context":"https:\/\/schema.org","@graph":[{"@type":"WebPage","@id":"https:\/\/pcmastersbogota.com.co\/producto\/gigabyte-b650-eagle-ax\/","url":"https:\/\/pcmastersbogota.com.co\/producto\/gigabyte-b650-eagle-ax\/","name":"GIGABYTE B650 EAGLE AX - PC MASTERS BOGOTA","isPartOf":{"@id":"https:\/\/pcmastersbogota.com.co\/es_es\/#website"},"primaryImageOfPage":{"@id":"https:\/\/pcmastersbogota.com.co\/producto\/gigabyte-b650-eagle-ax\/#primaryimage"},"image":{"@id":"https:\/\/pcmastersbogota.com.co\/producto\/gigabyte-b650-eagle-ax\/#primaryimage"},"thumbnailUrl":"https:\/\/pcmastersbogota.com.co\/wp-content\/uploads\/2025\/01\/B650-EAGLE-AX-01.png","datePublished":"2025-01-29T18:25:46+00:00","dateModified":"2026-02-12T18:45:13+00:00","breadcrumb":{"@id":"https:\/\/pcmastersbogota.com.co\/producto\/gigabyte-b650-eagle-ax\/#breadcrumb"},"inLanguage":"es","potentialAction":[{"@type":"ReadAction","target":["https:\/\/pcmastersbogota.com.co\/producto\/gigabyte-b650-eagle-ax\/"]}]},{"@type":"ImageObject","inLanguage":"es","@id":"https:\/\/pcmastersbogota.com.co\/producto\/gigabyte-b650-eagle-ax\/#primaryimage","url":"https:\/\/pcmastersbogota.com.co\/wp-content\/uploads\/2025\/01\/B650-EAGLE-AX-01.png","contentUrl":"https:\/\/pcmastersbogota.com.co\/wp-content\/uploads\/2025\/01\/B650-EAGLE-AX-01.png","width":1000,"height":1000},{"@type":"BreadcrumbList","@id":"https:\/\/pcmastersbogota.com.co\/producto\/gigabyte-b650-eagle-ax\/#breadcrumb","itemListElement":[{"@type":"ListItem","position":1,"name":"Home","item":"https:\/\/pcmastersbogota.com.co\/"},{"@type":"ListItem","position":2,"name":"Tienda","item":"https:\/\/pcmastersbogota.com.co\/es_es\/tienda\/"},{"@type":"ListItem","position":3,"name":"GIGABYTE B650 EAGLE AX"}]},{"@type":"WebSite","@id":"https:\/\/pcmastersbogota.com.co\/es_es\/#website","url":"https:\/\/pcmastersbogota.com.co\/es_es\/","name":"PC MASTERS BOGOTA","description":"","potentialAction":[{"@type":"SearchAction","target":{"@type":"EntryPoint","urlTemplate":"https:\/\/pcmastersbogota.com.co\/es_es\/?s={search_term_string}"},"query-input":{"@type":"PropertyValueSpecification","valueRequired":true,"valueName":"search_term_string"}}],"inLanguage":"es"}]}},"brands":[{"id":526,"name":"EAGLE","slug":"eagle"},{"id":109,"name":"GIGABYTE","slug":"gigabyte"}],"_links":{"self":[{"href":"https:\/\/pcmastersbogota.com.co\/es_es\/wp-json\/wp\/v2\/product\/25268","targetHints":{"allow":["GET"]}}],"collection":[{"href":"https:\/\/pcmastersbogota.com.co\/es_es\/wp-json\/wp\/v2\/product"}],"about":[{"href":"https:\/\/pcmastersbogota.com.co\/es_es\/wp-json\/wp\/v2\/types\/product"}],"replies":[{"embeddable":true,"href":"https:\/\/pcmastersbogota.com.co\/es_es\/wp-json\/wp\/v2\/comments?post=25268"}],"version-history":[{"count":3,"href":"https:\/\/pcmastersbogota.com.co\/es_es\/wp-json\/wp\/v2\/product\/25268\/revisions"}],"predecessor-version":[{"id":25271,"href":"https:\/\/pcmastersbogota.com.co\/es_es\/wp-json\/wp\/v2\/product\/25268\/revisions\/25271"}],"wp:featuredmedia":[{"embeddable":true,"href":"https:\/\/pcmastersbogota.com.co\/es_es\/wp-json\/wp\/v2\/media\/25185"}],"wp:attachment":[{"href":"https:\/\/pcmastersbogota.com.co\/es_es\/wp-json\/wp\/v2\/media?parent=25268"}],"wp:term":[{"taxonomy":"pwb-brand","embeddable":true,"href":"https:\/\/pcmastersbogota.com.co\/es_es\/wp-json\/wp\/v2\/pwb-brand?post=25268"},{"taxonomy":"product_brand","embeddable":true,"href":"https:\/\/pcmastersbogota.com.co\/es_es\/wp-json\/wp\/v2\/product_brand?post=25268"},{"taxonomy":"product_cat","embeddable":true,"href":"https:\/\/pcmastersbogota.com.co\/es_es\/wp-json\/wp\/v2\/product_cat?post=25268"},{"taxonomy":"product_tag","embeddable":true,"href":"https:\/\/pcmastersbogota.com.co\/es_es\/wp-json\/wp\/v2\/product_tag?post=25268"}],"curies":[{"name":"wp","href":"https:\/\/api.w.org\/{rel}","templated":true}]}}