{"id":25567,"date":"2025-02-23T19:23:07","date_gmt":"2025-02-24T00:23:07","guid":{"rendered":"https:\/\/pcmastersbogota.com.co\/?post_type=product&#038;p=25567"},"modified":"2026-01-22T15:43:15","modified_gmt":"2026-01-22T20:43:15","slug":"asus-rog-astral-rtx-5080-de-16gb-trifan-oc","status":"publish","type":"product","link":"https:\/\/pcmastersbogota.com.co\/es_es\/producto\/asus-rog-astral-rtx-5080-de-16gb-trifan-oc\/","title":{"rendered":"ASUS ROG ASTRAL RTX 5080 DE 16GB OC"},"content":{"rendered":"<div style=\"width: 1920px;\" class=\"wp-video\"><video class=\"wp-video-shortcode\" id=\"video-25567-1\" width=\"1920\" height=\"1080\" loop autoplay preload=\"metadata\" controls=\"controls\"><source type=\"video\/mp4\" src=\"https:\/\/pcmastersbogota.com.co\/wp-content\/uploads\/2025\/02\/hero.mp4?_=1\" \/><a href=\"https:\/\/pcmastersbogota.com.co\/wp-content\/uploads\/2025\/02\/hero.mp4\">https:\/\/pcmastersbogota.com.co\/wp-content\/uploads\/2025\/02\/hero.mp4<\/a><\/video><\/div>\n<p style=\"text-align: center;\"><img fetchpriority=\"high\" decoding=\"async\" class=\" wp-image-25585 aligncenter\" src=\"https:\/\/pcmastersbogota.com.co\/wp-content\/uploads\/2025\/02\/Captura-de-pantalla-2025-02-23-192050-300x37.png\" alt=\"\" width=\"1638\" height=\"202\" srcset=\"https:\/\/pcmastersbogota.com.co\/wp-content\/uploads\/2025\/02\/Captura-de-pantalla-2025-02-23-192050-300x37.png 300w, https:\/\/pcmastersbogota.com.co\/wp-content\/uploads\/2025\/02\/Captura-de-pantalla-2025-02-23-192050-1024x125.png 1024w, https:\/\/pcmastersbogota.com.co\/wp-content\/uploads\/2025\/02\/Captura-de-pantalla-2025-02-23-192050-768x94.png 768w, https:\/\/pcmastersbogota.com.co\/wp-content\/uploads\/2025\/02\/Captura-de-pantalla-2025-02-23-192050-1200x147.png 1200w, https:\/\/pcmastersbogota.com.co\/wp-content\/uploads\/2025\/02\/Captura-de-pantalla-2025-02-23-192050-150x18.png 150w\" sizes=\"(max-width: 1638px) 100vw, 1638px\" \/><span class=\"VIpgJd-yAWNEb-VIpgJd-fmcmS-sn54Q\">La nueva familia ROG Astral se inspir\u00f3 en la extensi\u00f3n y belleza ilimitadas del cosmos, y es un testimonio de una dedicaci\u00f3n incesante a la exploraci\u00f3n y definici\u00f3n de nuevas fronteras. En ese esp\u00edritu, la ROG Astral GeForce RTX 5080 presenta la primera tarjeta gr\u00e1fica de cuatro ventiladores de ROG, junto con una c\u00e1mara de vapor patentada, mayor densidad de aletas del disipador de calor, una almohadilla t\u00e9rmica de GPU con cambio de fase, imponentes velocidades de reloj predeterminadas, mayor suministro de energ\u00eda y m\u00e1s. Estas innovaciones premium, amplificadas por un llamativo marco de fundici\u00f3n a presi\u00f3n y un soporte de GPU de metal, se combinan para brindar un rendimiento absoluto que puede manejar incluso los\u00a0<\/span><span class=\"nobr\"><span class=\"VIpgJd-yAWNEb-VIpgJd-fmcmS-sn54Q\">escenarios de juego m\u00e1s exigentes.<\/span><\/span><\/p>\n<p><a href=\"https:\/\/pcmastersbogota.com.co\/wp-content\/uploads\/2025\/02\/imagen_2025-02-23_192646401.png\"><img decoding=\"async\" class=\" wp-image-25590 aligncenter\" src=\"https:\/\/pcmastersbogota.com.co\/wp-content\/uploads\/2025\/02\/imagen_2025-02-23_192646401-298x300.png\" alt=\"\" width=\"1168\" height=\"1176\" srcset=\"https:\/\/pcmastersbogota.com.co\/wp-content\/uploads\/2025\/02\/imagen_2025-02-23_192646401-298x300.png 298w, https:\/\/pcmastersbogota.com.co\/wp-content\/uploads\/2025\/02\/imagen_2025-02-23_192646401-150x151.png 150w, https:\/\/pcmastersbogota.com.co\/wp-content\/uploads\/2025\/02\/imagen_2025-02-23_192646401-768x772.png 768w\" sizes=\"(max-width: 1168px) 100vw, 1168px\" \/><\/a><\/p>\n<div style=\"width: 1920px;\" class=\"wp-video\"><video class=\"wp-video-shortcode\" id=\"video-25567-2\" width=\"1920\" height=\"1080\" poster=\"https:\/\/pcmastersbogota.com.co\/wp-content\/uploads\/2025\/02\/h732-4.png\" loop autoplay preload=\"metadata\" controls=\"controls\"><source type=\"video\/mp4\" src=\"https:\/\/pcmastersbogota.com.co\/wp-content\/uploads\/2025\/02\/product.mp4?_=2\" \/><a href=\"https:\/\/pcmastersbogota.com.co\/wp-content\/uploads\/2025\/02\/product.mp4\">https:\/\/pcmastersbogota.com.co\/wp-content\/uploads\/2025\/02\/product.mp4<\/a><\/video><\/div>\n<p><a href=\"https:\/\/pcmastersbogota.com.co\/wp-content\/uploads\/2025\/02\/imagen_2025-02-23_192807690.png\"><img decoding=\"async\" class=\" wp-image-25592 aligncenter\" src=\"https:\/\/pcmastersbogota.com.co\/wp-content\/uploads\/2025\/02\/imagen_2025-02-23_192807690-300x210.png\" alt=\"\" width=\"1247\" height=\"873\" srcset=\"https:\/\/pcmastersbogota.com.co\/wp-content\/uploads\/2025\/02\/imagen_2025-02-23_192807690-300x210.png 300w, https:\/\/pcmastersbogota.com.co\/wp-content\/uploads\/2025\/02\/imagen_2025-02-23_192807690-1024x716.png 1024w, https:\/\/pcmastersbogota.com.co\/wp-content\/uploads\/2025\/02\/imagen_2025-02-23_192807690-768x537.png 768w, https:\/\/pcmastersbogota.com.co\/wp-content\/uploads\/2025\/02\/imagen_2025-02-23_192807690-1200x839.png 1200w, https:\/\/pcmastersbogota.com.co\/wp-content\/uploads\/2025\/02\/imagen_2025-02-23_192807690-150x105.png 150w, https:\/\/pcmastersbogota.com.co\/wp-content\/uploads\/2025\/02\/imagen_2025-02-23_192807690.png 1402w\" sizes=\"(max-width: 1247px) 100vw, 1247px\" \/><\/a> <a href=\"https:\/\/pcmastersbogota.com.co\/wp-content\/uploads\/2025\/02\/imagen_2025-02-23_192905647.png\"><img loading=\"lazy\" decoding=\"async\" class=\" wp-image-25593 aligncenter\" src=\"https:\/\/pcmastersbogota.com.co\/wp-content\/uploads\/2025\/02\/imagen_2025-02-23_192905647-300x210.png\" alt=\"\" width=\"1212\" height=\"848\" srcset=\"https:\/\/pcmastersbogota.com.co\/wp-content\/uploads\/2025\/02\/imagen_2025-02-23_192905647-300x210.png 300w, https:\/\/pcmastersbogota.com.co\/wp-content\/uploads\/2025\/02\/imagen_2025-02-23_192905647-768x538.png 768w, https:\/\/pcmastersbogota.com.co\/wp-content\/uploads\/2025\/02\/imagen_2025-02-23_192905647-1200x841.png 1200w, https:\/\/pcmastersbogota.com.co\/wp-content\/uploads\/2025\/02\/imagen_2025-02-23_192905647-150x105.png 150w\" sizes=\"(max-width: 1212px) 100vw, 1212px\" \/><\/a> <a href=\"https:\/\/pcmastersbogota.com.co\/wp-content\/uploads\/2025\/02\/imagen_2025-02-23_193120615.png\"><img loading=\"lazy\" decoding=\"async\" class=\" wp-image-25595 aligncenter\" src=\"https:\/\/pcmastersbogota.com.co\/wp-content\/uploads\/2025\/02\/imagen_2025-02-23_193120615-300x136.png\" alt=\"\" width=\"1185\" height=\"537\" srcset=\"https:\/\/pcmastersbogota.com.co\/wp-content\/uploads\/2025\/02\/imagen_2025-02-23_193120615-300x136.png 300w, https:\/\/pcmastersbogota.com.co\/wp-content\/uploads\/2025\/02\/imagen_2025-02-23_193120615-768x349.png 768w, https:\/\/pcmastersbogota.com.co\/wp-content\/uploads\/2025\/02\/imagen_2025-02-23_193120615-150x68.png 150w\" sizes=\"(max-width: 1185px) 100vw, 1185px\" \/><\/a> <a href=\"https:\/\/pcmastersbogota.com.co\/wp-content\/uploads\/2025\/02\/imagen_2025-02-23_193147146.png\"><img loading=\"lazy\" decoding=\"async\" class=\" wp-image-25596 aligncenter\" src=\"https:\/\/pcmastersbogota.com.co\/wp-content\/uploads\/2025\/02\/imagen_2025-02-23_193147146-300x205.png\" alt=\"\" width=\"978\" height=\"668\" srcset=\"https:\/\/pcmastersbogota.com.co\/wp-content\/uploads\/2025\/02\/imagen_2025-02-23_193147146-300x205.png 300w, https:\/\/pcmastersbogota.com.co\/wp-content\/uploads\/2025\/02\/imagen_2025-02-23_193147146-768x524.png 768w, https:\/\/pcmastersbogota.com.co\/wp-content\/uploads\/2025\/02\/imagen_2025-02-23_193147146-150x102.png 150w, https:\/\/pcmastersbogota.com.co\/wp-content\/uploads\/2025\/02\/imagen_2025-02-23_193147146.png 875w\" sizes=\"(max-width: 978px) 100vw, 978px\" \/><\/a> <a href=\"https:\/\/pcmastersbogota.com.co\/wp-content\/uploads\/2025\/02\/imagen_2025-02-23_193222919.png\"><img loading=\"lazy\" decoding=\"async\" class=\" wp-image-25597 aligncenter\" src=\"https:\/\/pcmastersbogota.com.co\/wp-content\/uploads\/2025\/02\/imagen_2025-02-23_193222919-300x167.png\" alt=\"\" width=\"1114\" height=\"620\" srcset=\"https:\/\/pcmastersbogota.com.co\/wp-content\/uploads\/2025\/02\/imagen_2025-02-23_193222919-300x167.png 300w, https:\/\/pcmastersbogota.com.co\/wp-content\/uploads\/2025\/02\/imagen_2025-02-23_193222919-1024x570.png 1024w, https:\/\/pcmastersbogota.com.co\/wp-content\/uploads\/2025\/02\/imagen_2025-02-23_193222919-768x428.png 768w, https:\/\/pcmastersbogota.com.co\/wp-content\/uploads\/2025\/02\/imagen_2025-02-23_193222919-150x84.png 150w, https:\/\/pcmastersbogota.com.co\/wp-content\/uploads\/2025\/02\/imagen_2025-02-23_193222919.png 1156w\" sizes=\"(max-width: 1114px) 100vw, 1114px\" \/><\/a> <a href=\"https:\/\/pcmastersbogota.com.co\/wp-content\/uploads\/2025\/02\/imagen_2025-02-23_193249846.png\"><img loading=\"lazy\" decoding=\"async\" class=\" wp-image-25598 aligncenter\" src=\"https:\/\/pcmastersbogota.com.co\/wp-content\/uploads\/2025\/02\/imagen_2025-02-23_193249846-300x169.png\" alt=\"\" width=\"1073\" height=\"604\" srcset=\"https:\/\/pcmastersbogota.com.co\/wp-content\/uploads\/2025\/02\/imagen_2025-02-23_193249846-300x169.png 300w, https:\/\/pcmastersbogota.com.co\/wp-content\/uploads\/2025\/02\/imagen_2025-02-23_193249846-1024x575.png 1024w, https:\/\/pcmastersbogota.com.co\/wp-content\/uploads\/2025\/02\/imagen_2025-02-23_193249846-768x431.png 768w, https:\/\/pcmastersbogota.com.co\/wp-content\/uploads\/2025\/02\/imagen_2025-02-23_193249846-150x84.png 150w, https:\/\/pcmastersbogota.com.co\/wp-content\/uploads\/2025\/02\/imagen_2025-02-23_193249846.png 1157w\" sizes=\"(max-width: 1073px) 100vw, 1073px\" \/><\/a><a href=\"https:\/\/pcmastersbogota.com.co\/wp-content\/uploads\/2025\/02\/imagen_2025-02-23_193442156.png\"><img loading=\"lazy\" decoding=\"async\" class=\" wp-image-25599 aligncenter\" src=\"https:\/\/pcmastersbogota.com.co\/wp-content\/uploads\/2025\/02\/imagen_2025-02-23_193442156-291x300.png\" alt=\"\" width=\"981\" height=\"1011\" srcset=\"https:\/\/pcmastersbogota.com.co\/wp-content\/uploads\/2025\/02\/imagen_2025-02-23_193442156-291x300.png 291w, https:\/\/pcmastersbogota.com.co\/wp-content\/uploads\/2025\/02\/imagen_2025-02-23_193442156-994x1024.png 994w, https:\/\/pcmastersbogota.com.co\/wp-content\/uploads\/2025\/02\/imagen_2025-02-23_193442156-768x791.png 768w, https:\/\/pcmastersbogota.com.co\/wp-content\/uploads\/2025\/02\/imagen_2025-02-23_193442156-150x155.png 150w, https:\/\/pcmastersbogota.com.co\/wp-content\/uploads\/2025\/02\/imagen_2025-02-23_193442156.png 1086w\" sizes=\"(max-width: 981px) 100vw, 981px\" \/><\/a><a href=\"https:\/\/pcmastersbogota.com.co\/wp-content\/uploads\/2025\/02\/imagen_2025-02-23_193509462.png\"><img loading=\"lazy\" decoding=\"async\" class=\" wp-image-25600 aligncenter\" src=\"https:\/\/pcmastersbogota.com.co\/wp-content\/uploads\/2025\/02\/imagen_2025-02-23_193509462-285x300.png\" alt=\"\" width=\"1051\" height=\"1106\" srcset=\"https:\/\/pcmastersbogota.com.co\/wp-content\/uploads\/2025\/02\/imagen_2025-02-23_193509462-285x300.png 285w, https:\/\/pcmastersbogota.com.co\/wp-content\/uploads\/2025\/02\/imagen_2025-02-23_193509462-768x807.png 768w, https:\/\/pcmastersbogota.com.co\/wp-content\/uploads\/2025\/02\/imagen_2025-02-23_193509462-150x158.png 150w, https:\/\/pcmastersbogota.com.co\/wp-content\/uploads\/2025\/02\/imagen_2025-02-23_193509462.png 964w\" sizes=\"(max-width: 1051px) 100vw, 1051px\" \/><\/a><a href=\"https:\/\/pcmastersbogota.com.co\/wp-content\/uploads\/2025\/02\/imagen_2025-02-23_193539364.png\"><img loading=\"lazy\" decoding=\"async\" class=\" wp-image-25601 aligncenter\" src=\"https:\/\/pcmastersbogota.com.co\/wp-content\/uploads\/2025\/02\/imagen_2025-02-23_193539364-300x275.png\" alt=\"\" width=\"1117\" height=\"1024\" srcset=\"https:\/\/pcmastersbogota.com.co\/wp-content\/uploads\/2025\/02\/imagen_2025-02-23_193539364-300x275.png 300w, https:\/\/pcmastersbogota.com.co\/wp-content\/uploads\/2025\/02\/imagen_2025-02-23_193539364-1024x939.png 1024w, https:\/\/pcmastersbogota.com.co\/wp-content\/uploads\/2025\/02\/imagen_2025-02-23_193539364-768x704.png 768w, https:\/\/pcmastersbogota.com.co\/wp-content\/uploads\/2025\/02\/imagen_2025-02-23_193539364-1200x1100.png 1200w, https:\/\/pcmastersbogota.com.co\/wp-content\/uploads\/2025\/02\/imagen_2025-02-23_193539364-150x137.png 150w, https:\/\/pcmastersbogota.com.co\/wp-content\/uploads\/2025\/02\/imagen_2025-02-23_193539364.png 1247w\" sizes=\"(max-width: 1117px) 100vw, 1117px\" \/><\/a><\/p>\n","protected":false},"excerpt":{"rendered":"<h2 class=\"OverViewBanner__overBannerTextSub__8v7iu\">La primera tarjeta gr\u00e1fica ROG con cuatro ventiladores que ofrece un flujo de aire y una presi\u00f3n de aire sin precedentes para un rendimiento de refrigeraci\u00f3n \u00f3ptimo<\/h2>\n<div class=\"OverViewBanner__overBannerTextSubDescription__Akro1\">\n<div>\n<ul>\n<li><strong>El dise\u00f1o de cuatro ventiladores<\/strong>\u00a0aumenta el flujo de aire y la presi\u00f3n hasta en un 20%.<\/li>\n<li><strong>C\u00e1mara de vapor patentada<\/strong>\u00a0con difusor de calor fresado para temperaturas de GPU m\u00e1s bajas.<\/li>\n<li><strong>La almohadilla t\u00e9rmica de GPU con cambio de fase<\/strong>\u00a0garantiza una transferencia de calor \u00f3ptima, lo que reduce las temperaturas de la GPU para un mejor rendimiento y confiabilidad.<\/li>\n<li><strong>Dise\u00f1o de 3.8 ranuras:\u00a0<\/strong>Disipador de calor masivo y matriz de aletas optimizadas para el flujo de aire de los cuatro ventiladores Axial-tech.<\/li>\n<li><strong>Protecci\u00f3n segura de la GPU<\/strong>\u00a0con la tecnolog\u00eda GPU Guard que asegura las cuatro esquinas de la y el soporte de la GPU, garantiza un montaje estable.<\/li>\n<li><strong>La cubierta de metal fundido a presi\u00f3n, la placa posterior del marco y el soporte de E\/S trasero<\/strong>\u00a0sujetan la PCB para Rigidez.<\/li>\n<li><strong>Los potentes MOSFET de 80 amperios<\/strong>\u00a0ayudan a garantizar un mejor rendimiento, estabilidad y un mayor potencial de overclocking.<\/li>\n<li><strong>El revestimiento protector de PCB<\/strong>\u00a0protege contra la humedad, el polvo y las temperaturas extremas.<\/li>\n<li><strong>Proceso de fabricaci\u00f3n Auto-Extreme\u00a0<\/strong>para precisi\u00f3n y confiabilidad.<\/li>\n<li><strong>El software GPU Tweak III\u00a0<\/strong>ofrece ajustes intuitivos del rendimiento, controles t\u00e9rmicos avanzados y monitoreo del sistema.<\/li>\n<\/ul>\n<\/div>\n<\/div>\n<div id=\"gtx-trans\" style=\"position: absolute; left: -2px; top: 50.9132px;\">\n<div class=\"gtx-trans-icon\"><\/div>\n<\/div>\n","protected":false},"featured_media":25570,"comment_status":"closed","ping_status":"closed","template":"","meta":[],"pwb-brand":[212,530,435],"product_brand":[],"product_cat":[73],"product_tag":[436,362,531],"class_list":{"0":"post-25567","1":"product","2":"type-product","3":"status-publish","4":"has-post-thumbnail","6":"pwb-brand-asus","7":"pwb-brand-rog","8":"pwb-brand-rog-strix","9":"product_cat-tarjetas-graficas","10":"product_tag-asus-rog","11":"product_tag-nvidia","12":"product_tag-rtx-5080","14":"first","15":"onbackorder","16":"taxable","17":"shipping-taxable","18":"purchasable","19":"product-type-simple"},"yoast_head":"<!-- This site is optimized with the Yoast SEO plugin v26.7 - https:\/\/yoast.com\/wordpress\/plugins\/seo\/ -->\n<title>ASUS ROG ASTRAL RTX 5080 DE 16GB OC - PC MASTERS BOGOTA<\/title>\n<meta name=\"robots\" content=\"index, follow, max-snippet:-1, max-image-preview:large, max-video-preview:-1\" \/>\n<link rel=\"canonical\" href=\"https:\/\/pcmastersbogota.com.co\/es_es\/producto\/asus-rog-astral-rtx-5080-de-16gb-trifan-oc\/\" \/>\n<meta property=\"og:locale\" content=\"es_ES\" \/>\n<meta property=\"og:type\" content=\"article\" \/>\n<meta property=\"og:title\" content=\"ASUS ROG ASTRAL RTX 5080 DE 16GB OC - PC MASTERS BOGOTA\" \/>\n<meta property=\"og:description\" content=\"La primera tarjeta gr\u00e1fica ROG con cuatro ventiladores que ofrece un flujo de aire y una presi\u00f3n de aire sin precedentes para un rendimiento de refrigeraci\u00f3n \u00f3ptimo     El dise\u00f1o de cuatro ventiladores\u00a0aumenta el flujo de aire y la presi\u00f3n hasta en un 20%.  C\u00e1mara de vapor patentada\u00a0con difusor de calor fresado para temperaturas de GPU m\u00e1s bajas.  La almohadilla t\u00e9rmica de GPU con cambio de fase\u00a0garantiza una transferencia de calor \u00f3ptima, lo que reduce las temperaturas de la GPU para un mejor rendimiento y confiabilidad.  Dise\u00f1o de 3.8 ranuras:\u00a0Disipador de calor masivo y matriz de aletas optimizadas para el flujo de aire de los cuatro ventiladores Axial-tech.  Protecci\u00f3n segura de la GPU\u00a0con la tecnolog\u00eda GPU Guard que asegura las cuatro esquinas de la y el soporte de la GPU, garantiza un montaje estable.  La cubierta de metal fundido a presi\u00f3n, la placa posterior del marco y el soporte de E\/S trasero\u00a0sujetan la PCB para Rigidez.  Los potentes MOSFET de 80 amperios\u00a0ayudan a garantizar un mejor rendimiento, estabilidad y un mayor potencial de overclocking.  El revestimiento protector de PCB\u00a0protege contra la humedad, el polvo y las temperaturas extremas.  Proceso de fabricaci\u00f3n Auto-Extreme\u00a0para precisi\u00f3n y confiabilidad.  El software GPU Tweak III\u00a0ofrece ajustes intuitivos del rendimiento, controles t\u00e9rmicos avanzados y monitoreo del sistema.\" \/>\n<meta property=\"og:url\" content=\"https:\/\/pcmastersbogota.com.co\/es_es\/producto\/asus-rog-astral-rtx-5080-de-16gb-trifan-oc\/\" \/>\n<meta property=\"og:site_name\" content=\"PC MASTERS BOGOTA\" \/>\n<meta property=\"article:modified_time\" content=\"2026-01-22T20:43:15+00:00\" \/>\n<meta property=\"og:image\" content=\"https:\/\/pcmastersbogota.com.co\/wp-content\/uploads\/2025\/02\/h732-14.png\" \/>\n\t<meta property=\"og:image:width\" content=\"732\" \/>\n\t<meta property=\"og:image:height\" content=\"732\" \/>\n\t<meta property=\"og:image:type\" content=\"image\/png\" \/>\n<meta name=\"twitter:card\" content=\"summary_large_image\" \/>\n<meta name=\"twitter:label1\" content=\"Tiempo de lectura\" \/>\n\t<meta name=\"twitter:data1\" content=\"4 minutos\" \/>\n<script type=\"application\/ld+json\" class=\"yoast-schema-graph\">{\"@context\":\"https:\/\/schema.org\",\"@graph\":[{\"@type\":\"WebPage\",\"@id\":\"https:\/\/pcmastersbogota.com.co\/producto\/asus-rog-astral-rtx-5080-de-16gb-trifan-oc\/\",\"url\":\"https:\/\/pcmastersbogota.com.co\/producto\/asus-rog-astral-rtx-5080-de-16gb-trifan-oc\/\",\"name\":\"ASUS ROG ASTRAL RTX 5080 DE 16GB OC - PC MASTERS BOGOTA\",\"isPartOf\":{\"@id\":\"https:\/\/pcmastersbogota.com.co\/es_es\/#website\"},\"primaryImageOfPage\":{\"@id\":\"https:\/\/pcmastersbogota.com.co\/producto\/asus-rog-astral-rtx-5080-de-16gb-trifan-oc\/#primaryimage\"},\"image\":{\"@id\":\"https:\/\/pcmastersbogota.com.co\/producto\/asus-rog-astral-rtx-5080-de-16gb-trifan-oc\/#primaryimage\"},\"thumbnailUrl\":\"https:\/\/pcmastersbogota.com.co\/wp-content\/uploads\/2025\/02\/h732-14.png\",\"datePublished\":\"2025-02-24T00:23:07+00:00\",\"dateModified\":\"2026-01-22T20:43:15+00:00\",\"breadcrumb\":{\"@id\":\"https:\/\/pcmastersbogota.com.co\/producto\/asus-rog-astral-rtx-5080-de-16gb-trifan-oc\/#breadcrumb\"},\"inLanguage\":\"es\",\"potentialAction\":[{\"@type\":\"ReadAction\",\"target\":[\"https:\/\/pcmastersbogota.com.co\/producto\/asus-rog-astral-rtx-5080-de-16gb-trifan-oc\/\"]}]},{\"@type\":\"ImageObject\",\"inLanguage\":\"es\",\"@id\":\"https:\/\/pcmastersbogota.com.co\/producto\/asus-rog-astral-rtx-5080-de-16gb-trifan-oc\/#primaryimage\",\"url\":\"https:\/\/pcmastersbogota.com.co\/wp-content\/uploads\/2025\/02\/h732-14.png\",\"contentUrl\":\"https:\/\/pcmastersbogota.com.co\/wp-content\/uploads\/2025\/02\/h732-14.png\",\"width\":732,\"height\":732},{\"@type\":\"BreadcrumbList\",\"@id\":\"https:\/\/pcmastersbogota.com.co\/producto\/asus-rog-astral-rtx-5080-de-16gb-trifan-oc\/#breadcrumb\",\"itemListElement\":[{\"@type\":\"ListItem\",\"position\":1,\"name\":\"Home\",\"item\":\"https:\/\/pcmastersbogota.com.co\/\"},{\"@type\":\"ListItem\",\"position\":2,\"name\":\"Tienda\",\"item\":\"https:\/\/pcmastersbogota.com.co\/es_es\/tienda\/\"},{\"@type\":\"ListItem\",\"position\":3,\"name\":\"ASUS ROG ASTRAL RTX 5080 DE 16GB OC\"}]},{\"@type\":\"WebSite\",\"@id\":\"https:\/\/pcmastersbogota.com.co\/es_es\/#website\",\"url\":\"https:\/\/pcmastersbogota.com.co\/es_es\/\",\"name\":\"PC MASTERS BOGOTA\",\"description\":\"\",\"potentialAction\":[{\"@type\":\"SearchAction\",\"target\":{\"@type\":\"EntryPoint\",\"urlTemplate\":\"https:\/\/pcmastersbogota.com.co\/es_es\/?s={search_term_string}\"},\"query-input\":{\"@type\":\"PropertyValueSpecification\",\"valueRequired\":true,\"valueName\":\"search_term_string\"}}],\"inLanguage\":\"es\"}]}<\/script>\n<!-- \/ Yoast SEO plugin. -->","yoast_head_json":{"title":"ASUS ROG ASTRAL RTX 5080 DE 16GB OC - PC MASTERS BOGOTA","robots":{"index":"index","follow":"follow","max-snippet":"max-snippet:-1","max-image-preview":"max-image-preview:large","max-video-preview":"max-video-preview:-1"},"canonical":"https:\/\/pcmastersbogota.com.co\/es_es\/producto\/asus-rog-astral-rtx-5080-de-16gb-trifan-oc\/","og_locale":"es_ES","og_type":"article","og_title":"ASUS ROG ASTRAL RTX 5080 DE 16GB OC - PC MASTERS BOGOTA","og_description":"La primera tarjeta gr\u00e1fica ROG con cuatro ventiladores que ofrece un flujo de aire y una presi\u00f3n de aire sin precedentes para un rendimiento de refrigeraci\u00f3n \u00f3ptimo     El dise\u00f1o de cuatro ventiladores\u00a0aumenta el flujo de aire y la presi\u00f3n hasta en un 20%.  C\u00e1mara de vapor patentada\u00a0con difusor de calor fresado para temperaturas de GPU m\u00e1s bajas.  La almohadilla t\u00e9rmica de GPU con cambio de fase\u00a0garantiza una transferencia de calor \u00f3ptima, lo que reduce las temperaturas de la GPU para un mejor rendimiento y confiabilidad.  Dise\u00f1o de 3.8 ranuras:\u00a0Disipador de calor masivo y matriz de aletas optimizadas para el flujo de aire de los cuatro ventiladores Axial-tech.  Protecci\u00f3n segura de la GPU\u00a0con la tecnolog\u00eda GPU Guard que asegura las cuatro esquinas de la y el soporte de la GPU, garantiza un montaje estable.  La cubierta de metal fundido a presi\u00f3n, la placa posterior del marco y el soporte de E\/S trasero\u00a0sujetan la PCB para Rigidez.  Los potentes MOSFET de 80 amperios\u00a0ayudan a garantizar un mejor rendimiento, estabilidad y un mayor potencial de overclocking.  El revestimiento protector de PCB\u00a0protege contra la humedad, el polvo y las temperaturas extremas.  Proceso de fabricaci\u00f3n Auto-Extreme\u00a0para precisi\u00f3n y confiabilidad.  El software GPU Tweak III\u00a0ofrece ajustes intuitivos del rendimiento, controles t\u00e9rmicos avanzados y monitoreo del sistema.","og_url":"https:\/\/pcmastersbogota.com.co\/es_es\/producto\/asus-rog-astral-rtx-5080-de-16gb-trifan-oc\/","og_site_name":"PC MASTERS BOGOTA","article_modified_time":"2026-01-22T20:43:15+00:00","og_image":[{"width":732,"height":732,"url":"https:\/\/pcmastersbogota.com.co\/wp-content\/uploads\/2025\/02\/h732-14.png","type":"image\/png"}],"twitter_card":"summary_large_image","twitter_misc":{"Tiempo de lectura":"4 minutos"},"schema":{"@context":"https:\/\/schema.org","@graph":[{"@type":"WebPage","@id":"https:\/\/pcmastersbogota.com.co\/producto\/asus-rog-astral-rtx-5080-de-16gb-trifan-oc\/","url":"https:\/\/pcmastersbogota.com.co\/producto\/asus-rog-astral-rtx-5080-de-16gb-trifan-oc\/","name":"ASUS ROG ASTRAL RTX 5080 DE 16GB OC - PC MASTERS BOGOTA","isPartOf":{"@id":"https:\/\/pcmastersbogota.com.co\/es_es\/#website"},"primaryImageOfPage":{"@id":"https:\/\/pcmastersbogota.com.co\/producto\/asus-rog-astral-rtx-5080-de-16gb-trifan-oc\/#primaryimage"},"image":{"@id":"https:\/\/pcmastersbogota.com.co\/producto\/asus-rog-astral-rtx-5080-de-16gb-trifan-oc\/#primaryimage"},"thumbnailUrl":"https:\/\/pcmastersbogota.com.co\/wp-content\/uploads\/2025\/02\/h732-14.png","datePublished":"2025-02-24T00:23:07+00:00","dateModified":"2026-01-22T20:43:15+00:00","breadcrumb":{"@id":"https:\/\/pcmastersbogota.com.co\/producto\/asus-rog-astral-rtx-5080-de-16gb-trifan-oc\/#breadcrumb"},"inLanguage":"es","potentialAction":[{"@type":"ReadAction","target":["https:\/\/pcmastersbogota.com.co\/producto\/asus-rog-astral-rtx-5080-de-16gb-trifan-oc\/"]}]},{"@type":"ImageObject","inLanguage":"es","@id":"https:\/\/pcmastersbogota.com.co\/producto\/asus-rog-astral-rtx-5080-de-16gb-trifan-oc\/#primaryimage","url":"https:\/\/pcmastersbogota.com.co\/wp-content\/uploads\/2025\/02\/h732-14.png","contentUrl":"https:\/\/pcmastersbogota.com.co\/wp-content\/uploads\/2025\/02\/h732-14.png","width":732,"height":732},{"@type":"BreadcrumbList","@id":"https:\/\/pcmastersbogota.com.co\/producto\/asus-rog-astral-rtx-5080-de-16gb-trifan-oc\/#breadcrumb","itemListElement":[{"@type":"ListItem","position":1,"name":"Home","item":"https:\/\/pcmastersbogota.com.co\/"},{"@type":"ListItem","position":2,"name":"Tienda","item":"https:\/\/pcmastersbogota.com.co\/es_es\/tienda\/"},{"@type":"ListItem","position":3,"name":"ASUS ROG ASTRAL RTX 5080 DE 16GB OC"}]},{"@type":"WebSite","@id":"https:\/\/pcmastersbogota.com.co\/es_es\/#website","url":"https:\/\/pcmastersbogota.com.co\/es_es\/","name":"PC MASTERS BOGOTA","description":"","potentialAction":[{"@type":"SearchAction","target":{"@type":"EntryPoint","urlTemplate":"https:\/\/pcmastersbogota.com.co\/es_es\/?s={search_term_string}"},"query-input":{"@type":"PropertyValueSpecification","valueRequired":true,"valueName":"search_term_string"}}],"inLanguage":"es"}]}},"brands":[{"id":212,"name":"ASUS","slug":"asus"},{"id":530,"name":"ROG","slug":"rog"},{"id":435,"name":"ROG STRIX","slug":"rog-strix"}],"_links":{"self":[{"href":"https:\/\/pcmastersbogota.com.co\/es_es\/wp-json\/wp\/v2\/product\/25567","targetHints":{"allow":["GET"]}}],"collection":[{"href":"https:\/\/pcmastersbogota.com.co\/es_es\/wp-json\/wp\/v2\/product"}],"about":[{"href":"https:\/\/pcmastersbogota.com.co\/es_es\/wp-json\/wp\/v2\/types\/product"}],"replies":[{"embeddable":true,"href":"https:\/\/pcmastersbogota.com.co\/es_es\/wp-json\/wp\/v2\/comments?post=25567"}],"version-history":[{"count":8,"href":"https:\/\/pcmastersbogota.com.co\/es_es\/wp-json\/wp\/v2\/product\/25567\/revisions"}],"predecessor-version":[{"id":25679,"href":"https:\/\/pcmastersbogota.com.co\/es_es\/wp-json\/wp\/v2\/product\/25567\/revisions\/25679"}],"wp:featuredmedia":[{"embeddable":true,"href":"https:\/\/pcmastersbogota.com.co\/es_es\/wp-json\/wp\/v2\/media\/25570"}],"wp:attachment":[{"href":"https:\/\/pcmastersbogota.com.co\/es_es\/wp-json\/wp\/v2\/media?parent=25567"}],"wp:term":[{"taxonomy":"pwb-brand","embeddable":true,"href":"https:\/\/pcmastersbogota.com.co\/es_es\/wp-json\/wp\/v2\/pwb-brand?post=25567"},{"taxonomy":"product_brand","embeddable":true,"href":"https:\/\/pcmastersbogota.com.co\/es_es\/wp-json\/wp\/v2\/product_brand?post=25567"},{"taxonomy":"product_cat","embeddable":true,"href":"https:\/\/pcmastersbogota.com.co\/es_es\/wp-json\/wp\/v2\/product_cat?post=25567"},{"taxonomy":"product_tag","embeddable":true,"href":"https:\/\/pcmastersbogota.com.co\/es_es\/wp-json\/wp\/v2\/product_tag?post=25567"}],"curies":[{"name":"wp","href":"https:\/\/api.w.org\/{rel}","templated":true}]}}