{"id":25606,"date":"2025-02-23T20:34:31","date_gmt":"2025-02-24T01:34:31","guid":{"rendered":"https:\/\/pcmastersbogota.com.co\/?post_type=product&#038;p=25606"},"modified":"2025-07-10T13:26:40","modified_gmt":"2025-07-10T18:26:40","slug":"thermalright-frozen-warframe-360-black-argb","status":"publish","type":"product","link":"https:\/\/pcmastersbogota.com.co\/es_es\/producto\/thermalright-frozen-warframe-360-black-argb\/","title":{"rendered":"Thermalright Frozen Warframe 360 BLACK ARGB"},"content":{"rendered":"<h2>Descripci\u00f3n<\/h2>\n<p style=\"text-align: center;\"><a href=\"https:\/\/pcmastersbogota.com.co\/wp-content\/uploads\/2025\/02\/imagen_2025-02-23_203034381.png\"><img fetchpriority=\"high\" decoding=\"async\" class=\" wp-image-25625 aligncenter\" src=\"https:\/\/pcmastersbogota.com.co\/wp-content\/uploads\/2025\/02\/imagen_2025-02-23_203034381-300x186.png\" alt=\"\" width=\"1069\" height=\"663\" srcset=\"https:\/\/pcmastersbogota.com.co\/wp-content\/uploads\/2025\/02\/imagen_2025-02-23_203034381-300x186.png 300w, https:\/\/pcmastersbogota.com.co\/wp-content\/uploads\/2025\/02\/imagen_2025-02-23_203034381-768x475.png 768w, https:\/\/pcmastersbogota.com.co\/wp-content\/uploads\/2025\/02\/imagen_2025-02-23_203034381-150x93.png 150w\" sizes=\"(max-width: 1069px) 100vw, 1069px\" \/><\/a><\/p>\n<p style=\"text-align: center;\">PANTALLA LCD<br \/>\nBomba de agua de pantalla LCD] La bomba del enfriador refrigerado por agua es una nueva generaci\u00f3n de sistema de bomba de agua, que no solo puede mejorar la eficiencia de absorci\u00f3n de calor, sino tambi\u00e9n reducir el ruido de funcionamiento. A diferencia de las bombas de agua ordinarias, la bomba de agua es una nueva pantalla LCD IPS, que puede admitir varios cambios de imagen est\u00e1tica y din\u00e1mica, soporte de pantalla de proyecci\u00f3n de pantalla del sistema (sujeto a software), aumenta el inter\u00e9s visual mientras que la alta disipaci\u00f3n de calor.<\/p>\n<p style=\"text-align: center;\">Compatible con AMD: AM4\/AM5, Intel: LGA1150\/1151\/1155\/1156\/1200\/2011\/2066\/1700, cada plataforma viene con el sujetador de montaje correspondiente, los pasos de instalaci\u00f3n son simples, se puede instalar bien en la plataforma de CPU correspondiente, se recomienda instalar de acuerdo con el video de instalaci\u00f3n o manual. Si tienes alguna pregunta, ponte en contacto con el servicio de atenci\u00f3n al cliente de la tienda.<\/p>\n<p style=\"text-align: center;\">Product Description<br \/>\nSpecification:<br \/>\nPump Dimensions\uff1aW69.2 mm x D69.2 mm x H60 mm<br \/>\nPump Rated Speed\uff1a3000 RPM\u00b110% (MAX)<br \/>\nPump Noise Level\uff1a23 dBA(MAX)<br \/>\nPump Power Consumption\uff1a3.4W (MAX)<br \/>\nPump Rated Voltage\uff1a12V DC<br \/>\nAmpere\uff1a0.28\u00b110% A<br \/>\nConnector\uff1a4 PIN PWM<br \/>\nRadiator\uff1aAluminum<br \/>\nPump MTTF\uff1a40000 Hours<br \/>\nWarranty\uff1a5 Years<\/p>\n<p style=\"text-align: center;\">Product Description<br \/>\nTL-P12-S SPECIFICATION\uff1a<br \/>\nDimension\uff1aL120 mm x W120 mm x H25 mm<br \/>\nWeight: 150 g<br \/>\nRated Speed\uff1a2000 RPM\u00b110% (MAX)<br \/>\nNoise Level\uff1a29.8 dBA (MAX)<br \/>\nAir Flow\uff1a70.84 CFM (MAX)<br \/>\nAir Pressure\uff1a2.63 mm H2O (MAX)<br \/>\nAmpere\uff1a0.17 A<br \/>\nConnector\uff1a4 PIN PWM<br \/>\nARGB Connector\uff1a3 PIN 5V<br \/>\nBearing Type\uff1aS-FDB Bearing<\/p>\n<p><a href=\"https:\/\/pcmastersbogota.com.co\/wp-content\/uploads\/2025\/02\/imagen_2025-02-23_202542406.png\"><img decoding=\"async\" class=\" wp-image-25624 aligncenter\" src=\"https:\/\/pcmastersbogota.com.co\/wp-content\/uploads\/2025\/02\/imagen_2025-02-23_202542406-267x300.png\" alt=\"\" width=\"1020\" height=\"1146\" srcset=\"https:\/\/pcmastersbogota.com.co\/wp-content\/uploads\/2025\/02\/imagen_2025-02-23_202542406-267x300.png 267w, https:\/\/pcmastersbogota.com.co\/wp-content\/uploads\/2025\/02\/imagen_2025-02-23_202542406-768x862.png 768w, https:\/\/pcmastersbogota.com.co\/wp-content\/uploads\/2025\/02\/imagen_2025-02-23_202542406-150x168.png 150w\" sizes=\"(max-width: 1020px) 100vw, 1020px\" \/><\/a><\/p>\n","protected":false},"excerpt":{"rendered":"<h4>Compatible con :<\/h4>\n<p>Intel\uff1aLGA115X\/1200\/1700\/1851\/2011\/2066<br \/>\nAMD\uff1aAM4\/AM5<\/p>\n","protected":false},"featured_media":25612,"comment_status":"closed","ping_status":"closed","template":"","meta":[],"pwb-brand":[458],"product_brand":[],"product_cat":[71],"product_tag":[532,459],"class_list":{"0":"post-25606","1":"product","2":"type-product","3":"status-publish","4":"has-post-thumbnail","6":"pwb-brand-thermalright","7":"product_cat-refrigeracion-liquida","8":"product_tag-lcd","9":"product_tag-refrigeracion-liquida","11":"first","12":"instock","13":"sale","14":"taxable","15":"shipping-taxable","16":"purchasable","17":"product-type-simple"},"yoast_head":"<!-- This site is optimized with the Yoast SEO plugin v26.7 - https:\/\/yoast.com\/wordpress\/plugins\/seo\/ -->\n<title>Thermalright Frozen Warframe 360 BLACK ARGB - PC MASTERS BOGOTA<\/title>\n<meta name=\"robots\" content=\"index, follow, max-snippet:-1, max-image-preview:large, max-video-preview:-1\" \/>\n<link rel=\"canonical\" href=\"https:\/\/pcmastersbogota.com.co\/es_es\/producto\/thermalright-frozen-warframe-360-black-argb\/\" \/>\n<meta property=\"og:locale\" content=\"es_ES\" \/>\n<meta property=\"og:type\" content=\"article\" \/>\n<meta property=\"og:title\" content=\"Thermalright Frozen Warframe 360 BLACK ARGB - PC MASTERS BOGOTA\" \/>\n<meta property=\"og:description\" content=\"Compatible con : Intel\uff1aLGA115X\/1200\/1700\/1851\/2011\/2066 AMD\uff1aAM4\/AM5\" \/>\n<meta property=\"og:url\" content=\"https:\/\/pcmastersbogota.com.co\/es_es\/producto\/thermalright-frozen-warframe-360-black-argb\/\" \/>\n<meta property=\"og:site_name\" content=\"PC MASTERS BOGOTA\" \/>\n<meta property=\"article:modified_time\" content=\"2025-07-10T18:26:40+00:00\" \/>\n<meta property=\"og:image\" content=\"https:\/\/pcmastersbogota.com.co\/wp-content\/uploads\/2025\/02\/1-8-1.jpg\" \/>\n\t<meta property=\"og:image:width\" content=\"1500\" \/>\n\t<meta property=\"og:image:height\" content=\"1500\" \/>\n\t<meta property=\"og:image:type\" content=\"image\/jpeg\" \/>\n<meta name=\"twitter:card\" content=\"summary_large_image\" \/>\n<meta name=\"twitter:label1\" content=\"Tiempo de lectura\" \/>\n\t<meta name=\"twitter:data1\" content=\"2 minutos\" \/>\n<script type=\"application\/ld+json\" class=\"yoast-schema-graph\">{\"@context\":\"https:\/\/schema.org\",\"@graph\":[{\"@type\":\"WebPage\",\"@id\":\"https:\/\/pcmastersbogota.com.co\/producto\/thermalright-frozen-warframe-360-black-argb\/\",\"url\":\"https:\/\/pcmastersbogota.com.co\/producto\/thermalright-frozen-warframe-360-black-argb\/\",\"name\":\"Thermalright Frozen Warframe 360 BLACK ARGB - PC MASTERS BOGOTA\",\"isPartOf\":{\"@id\":\"https:\/\/pcmastersbogota.com.co\/es_es\/#website\"},\"primaryImageOfPage\":{\"@id\":\"https:\/\/pcmastersbogota.com.co\/producto\/thermalright-frozen-warframe-360-black-argb\/#primaryimage\"},\"image\":{\"@id\":\"https:\/\/pcmastersbogota.com.co\/producto\/thermalright-frozen-warframe-360-black-argb\/#primaryimage\"},\"thumbnailUrl\":\"https:\/\/pcmastersbogota.com.co\/wp-content\/uploads\/2025\/02\/1-8-1.jpg\",\"datePublished\":\"2025-02-24T01:34:31+00:00\",\"dateModified\":\"2025-07-10T18:26:40+00:00\",\"breadcrumb\":{\"@id\":\"https:\/\/pcmastersbogota.com.co\/producto\/thermalright-frozen-warframe-360-black-argb\/#breadcrumb\"},\"inLanguage\":\"es\",\"potentialAction\":[{\"@type\":\"ReadAction\",\"target\":[\"https:\/\/pcmastersbogota.com.co\/producto\/thermalright-frozen-warframe-360-black-argb\/\"]}]},{\"@type\":\"ImageObject\",\"inLanguage\":\"es\",\"@id\":\"https:\/\/pcmastersbogota.com.co\/producto\/thermalright-frozen-warframe-360-black-argb\/#primaryimage\",\"url\":\"https:\/\/pcmastersbogota.com.co\/wp-content\/uploads\/2025\/02\/1-8-1.jpg\",\"contentUrl\":\"https:\/\/pcmastersbogota.com.co\/wp-content\/uploads\/2025\/02\/1-8-1.jpg\",\"width\":1500,\"height\":1500},{\"@type\":\"BreadcrumbList\",\"@id\":\"https:\/\/pcmastersbogota.com.co\/producto\/thermalright-frozen-warframe-360-black-argb\/#breadcrumb\",\"itemListElement\":[{\"@type\":\"ListItem\",\"position\":1,\"name\":\"Home\",\"item\":\"https:\/\/pcmastersbogota.com.co\/\"},{\"@type\":\"ListItem\",\"position\":2,\"name\":\"Tienda\",\"item\":\"https:\/\/pcmastersbogota.com.co\/es_es\/tienda\/\"},{\"@type\":\"ListItem\",\"position\":3,\"name\":\"Thermalright Frozen Warframe 360 BLACK ARGB\"}]},{\"@type\":\"WebSite\",\"@id\":\"https:\/\/pcmastersbogota.com.co\/es_es\/#website\",\"url\":\"https:\/\/pcmastersbogota.com.co\/es_es\/\",\"name\":\"PC MASTERS BOGOTA\",\"description\":\"\",\"potentialAction\":[{\"@type\":\"SearchAction\",\"target\":{\"@type\":\"EntryPoint\",\"urlTemplate\":\"https:\/\/pcmastersbogota.com.co\/es_es\/?s={search_term_string}\"},\"query-input\":{\"@type\":\"PropertyValueSpecification\",\"valueRequired\":true,\"valueName\":\"search_term_string\"}}],\"inLanguage\":\"es\"}]}<\/script>\n<!-- \/ Yoast SEO plugin. -->","yoast_head_json":{"title":"Thermalright Frozen Warframe 360 BLACK ARGB - PC MASTERS BOGOTA","robots":{"index":"index","follow":"follow","max-snippet":"max-snippet:-1","max-image-preview":"max-image-preview:large","max-video-preview":"max-video-preview:-1"},"canonical":"https:\/\/pcmastersbogota.com.co\/es_es\/producto\/thermalright-frozen-warframe-360-black-argb\/","og_locale":"es_ES","og_type":"article","og_title":"Thermalright Frozen Warframe 360 BLACK ARGB - PC MASTERS BOGOTA","og_description":"Compatible con : Intel\uff1aLGA115X\/1200\/1700\/1851\/2011\/2066 AMD\uff1aAM4\/AM5","og_url":"https:\/\/pcmastersbogota.com.co\/es_es\/producto\/thermalright-frozen-warframe-360-black-argb\/","og_site_name":"PC MASTERS BOGOTA","article_modified_time":"2025-07-10T18:26:40+00:00","og_image":[{"width":1500,"height":1500,"url":"https:\/\/pcmastersbogota.com.co\/wp-content\/uploads\/2025\/02\/1-8-1.jpg","type":"image\/jpeg"}],"twitter_card":"summary_large_image","twitter_misc":{"Tiempo de lectura":"2 minutos"},"schema":{"@context":"https:\/\/schema.org","@graph":[{"@type":"WebPage","@id":"https:\/\/pcmastersbogota.com.co\/producto\/thermalright-frozen-warframe-360-black-argb\/","url":"https:\/\/pcmastersbogota.com.co\/producto\/thermalright-frozen-warframe-360-black-argb\/","name":"Thermalright Frozen Warframe 360 BLACK ARGB - PC MASTERS BOGOTA","isPartOf":{"@id":"https:\/\/pcmastersbogota.com.co\/es_es\/#website"},"primaryImageOfPage":{"@id":"https:\/\/pcmastersbogota.com.co\/producto\/thermalright-frozen-warframe-360-black-argb\/#primaryimage"},"image":{"@id":"https:\/\/pcmastersbogota.com.co\/producto\/thermalright-frozen-warframe-360-black-argb\/#primaryimage"},"thumbnailUrl":"https:\/\/pcmastersbogota.com.co\/wp-content\/uploads\/2025\/02\/1-8-1.jpg","datePublished":"2025-02-24T01:34:31+00:00","dateModified":"2025-07-10T18:26:40+00:00","breadcrumb":{"@id":"https:\/\/pcmastersbogota.com.co\/producto\/thermalright-frozen-warframe-360-black-argb\/#breadcrumb"},"inLanguage":"es","potentialAction":[{"@type":"ReadAction","target":["https:\/\/pcmastersbogota.com.co\/producto\/thermalright-frozen-warframe-360-black-argb\/"]}]},{"@type":"ImageObject","inLanguage":"es","@id":"https:\/\/pcmastersbogota.com.co\/producto\/thermalright-frozen-warframe-360-black-argb\/#primaryimage","url":"https:\/\/pcmastersbogota.com.co\/wp-content\/uploads\/2025\/02\/1-8-1.jpg","contentUrl":"https:\/\/pcmastersbogota.com.co\/wp-content\/uploads\/2025\/02\/1-8-1.jpg","width":1500,"height":1500},{"@type":"BreadcrumbList","@id":"https:\/\/pcmastersbogota.com.co\/producto\/thermalright-frozen-warframe-360-black-argb\/#breadcrumb","itemListElement":[{"@type":"ListItem","position":1,"name":"Home","item":"https:\/\/pcmastersbogota.com.co\/"},{"@type":"ListItem","position":2,"name":"Tienda","item":"https:\/\/pcmastersbogota.com.co\/es_es\/tienda\/"},{"@type":"ListItem","position":3,"name":"Thermalright Frozen Warframe 360 BLACK ARGB"}]},{"@type":"WebSite","@id":"https:\/\/pcmastersbogota.com.co\/es_es\/#website","url":"https:\/\/pcmastersbogota.com.co\/es_es\/","name":"PC MASTERS BOGOTA","description":"","potentialAction":[{"@type":"SearchAction","target":{"@type":"EntryPoint","urlTemplate":"https:\/\/pcmastersbogota.com.co\/es_es\/?s={search_term_string}"},"query-input":{"@type":"PropertyValueSpecification","valueRequired":true,"valueName":"search_term_string"}}],"inLanguage":"es"}]}},"brands":[{"id":458,"name":"Thermalright","slug":"thermalright"}],"_links":{"self":[{"href":"https:\/\/pcmastersbogota.com.co\/es_es\/wp-json\/wp\/v2\/product\/25606","targetHints":{"allow":["GET"]}}],"collection":[{"href":"https:\/\/pcmastersbogota.com.co\/es_es\/wp-json\/wp\/v2\/product"}],"about":[{"href":"https:\/\/pcmastersbogota.com.co\/es_es\/wp-json\/wp\/v2\/types\/product"}],"replies":[{"embeddable":true,"href":"https:\/\/pcmastersbogota.com.co\/es_es\/wp-json\/wp\/v2\/comments?post=25606"}],"version-history":[{"count":5,"href":"https:\/\/pcmastersbogota.com.co\/es_es\/wp-json\/wp\/v2\/product\/25606\/revisions"}],"predecessor-version":[{"id":28536,"href":"https:\/\/pcmastersbogota.com.co\/es_es\/wp-json\/wp\/v2\/product\/25606\/revisions\/28536"}],"wp:featuredmedia":[{"embeddable":true,"href":"https:\/\/pcmastersbogota.com.co\/es_es\/wp-json\/wp\/v2\/media\/25612"}],"wp:attachment":[{"href":"https:\/\/pcmastersbogota.com.co\/es_es\/wp-json\/wp\/v2\/media?parent=25606"}],"wp:term":[{"taxonomy":"pwb-brand","embeddable":true,"href":"https:\/\/pcmastersbogota.com.co\/es_es\/wp-json\/wp\/v2\/pwb-brand?post=25606"},{"taxonomy":"product_brand","embeddable":true,"href":"https:\/\/pcmastersbogota.com.co\/es_es\/wp-json\/wp\/v2\/product_brand?post=25606"},{"taxonomy":"product_cat","embeddable":true,"href":"https:\/\/pcmastersbogota.com.co\/es_es\/wp-json\/wp\/v2\/product_cat?post=25606"},{"taxonomy":"product_tag","embeddable":true,"href":"https:\/\/pcmastersbogota.com.co\/es_es\/wp-json\/wp\/v2\/product_tag?post=25606"}],"curies":[{"name":"wp","href":"https:\/\/api.w.org\/{rel}","templated":true}]}}