{"id":26216,"date":"2025-03-25T11:18:26","date_gmt":"2025-03-25T16:18:26","guid":{"rendered":"https:\/\/pcmastersbogota.com.co\/?post_type=product&#038;p=26216"},"modified":"2025-03-27T18:31:11","modified_gmt":"2025-03-27T23:31:11","slug":"antec-g750-750w-80-plus-gold-modular","status":"publish","type":"product","link":"https:\/\/pcmastersbogota.com.co\/es_es\/producto\/antec-g750-750w-80-plus-gold-modular\/","title":{"rendered":"ANTEC G750 750W 80 PLUS GOLD  MODULAR"},"content":{"rendered":"<p style=\"text-align: center;\"><a href=\"https:\/\/pcmastersbogota.com.co\/wp-content\/uploads\/2025\/03\/imagen_2025-03-25_104406076.png\"><img fetchpriority=\"high\" decoding=\"async\" class=\"alignnone size-full wp-image-26217\" src=\"https:\/\/pcmastersbogota.com.co\/wp-content\/uploads\/2025\/03\/imagen_2025-03-25_104406076.png\" alt=\"\" width=\"1604\" height=\"854\" srcset=\"https:\/\/pcmastersbogota.com.co\/wp-content\/uploads\/2025\/03\/imagen_2025-03-25_104406076.png 1604w, https:\/\/pcmastersbogota.com.co\/wp-content\/uploads\/2025\/03\/imagen_2025-03-25_104406076-300x160.png 300w, https:\/\/pcmastersbogota.com.co\/wp-content\/uploads\/2025\/03\/imagen_2025-03-25_104406076-1024x545.png 1024w, https:\/\/pcmastersbogota.com.co\/wp-content\/uploads\/2025\/03\/imagen_2025-03-25_104406076-768x409.png 768w, https:\/\/pcmastersbogota.com.co\/wp-content\/uploads\/2025\/03\/imagen_2025-03-25_104406076-1536x818.png 1536w, https:\/\/pcmastersbogota.com.co\/wp-content\/uploads\/2025\/03\/imagen_2025-03-25_104406076-18x10.png 18w, https:\/\/pcmastersbogota.com.co\/wp-content\/uploads\/2025\/03\/imagen_2025-03-25_104406076-1200x639.png 1200w, https:\/\/pcmastersbogota.com.co\/wp-content\/uploads\/2025\/03\/imagen_2025-03-25_104406076-150x80.png 150w\" sizes=\"(max-width: 1604px) 100vw, 1604px\" \/><\/a><\/p>\n<p style=\"text-align: center;\"><span class=\"\">La \u00faltima generaci\u00f3n de fuentes de alimentaci\u00f3n High Current Gamer Gold ofrece una estabilidad inigualable y eficiencia con certificaci\u00f3n 80 PLUS\u00ae Gold, gracias a los condensadores japoneses de alta gama y al PFC activo. El control t\u00e9rmico avanzado con el modo Zero RPM permite un equilibrio \u00f3ptimo entre silencio y refrigeraci\u00f3n, y un silencioso ventilador de 120 mm con cojinetes fluidodin\u00e1micos completa el conjunto. El conjunto de protecciones de grado industrial CircuitShield\u2122 garantiza que la alimentaci\u00f3n de su sistema sea segura y fiable en cualquier entorno.<\/span><\/p>\n<p style=\"text-align: center;\">Si lo que buscas es mucha potencia, ingenier\u00eda de alto nivel y eficiencia extrema, la serie High Current Gamer Gold es la ganadora.<\/p>\n<p style=\"text-align: center;\"><a href=\"https:\/\/pcmastersbogota.com.co\/wp-content\/uploads\/2025\/03\/imagen_2025-03-25_104421209.png\"><img decoding=\"async\" class=\"size-full wp-image-26218 aligncenter\" src=\"https:\/\/pcmastersbogota.com.co\/wp-content\/uploads\/2025\/03\/imagen_2025-03-25_104421209.png\" alt=\"\" width=\"1031\" height=\"493\" srcset=\"https:\/\/pcmastersbogota.com.co\/wp-content\/uploads\/2025\/03\/imagen_2025-03-25_104421209.png 1031w, https:\/\/pcmastersbogota.com.co\/wp-content\/uploads\/2025\/03\/imagen_2025-03-25_104421209-300x143.png 300w, https:\/\/pcmastersbogota.com.co\/wp-content\/uploads\/2025\/03\/imagen_2025-03-25_104421209-1024x490.png 1024w, https:\/\/pcmastersbogota.com.co\/wp-content\/uploads\/2025\/03\/imagen_2025-03-25_104421209-768x367.png 768w, https:\/\/pcmastersbogota.com.co\/wp-content\/uploads\/2025\/03\/imagen_2025-03-25_104421209-18x9.png 18w, https:\/\/pcmastersbogota.com.co\/wp-content\/uploads\/2025\/03\/imagen_2025-03-25_104421209-150x72.png 150w\" sizes=\"(max-width: 1031px) 100vw, 1031px\" \/><\/a><a href=\"https:\/\/pcmastersbogota.com.co\/wp-content\/uploads\/2025\/03\/imagen_2025-03-25_104508501.png\"><img decoding=\"async\" class=\"alignnone size-full wp-image-26219\" src=\"https:\/\/pcmastersbogota.com.co\/wp-content\/uploads\/2025\/03\/imagen_2025-03-25_104508501.png\" alt=\"\" width=\"1400\" height=\"758\" srcset=\"https:\/\/pcmastersbogota.com.co\/wp-content\/uploads\/2025\/03\/imagen_2025-03-25_104508501.png 1400w, https:\/\/pcmastersbogota.com.co\/wp-content\/uploads\/2025\/03\/imagen_2025-03-25_104508501-300x162.png 300w, https:\/\/pcmastersbogota.com.co\/wp-content\/uploads\/2025\/03\/imagen_2025-03-25_104508501-1024x554.png 1024w, https:\/\/pcmastersbogota.com.co\/wp-content\/uploads\/2025\/03\/imagen_2025-03-25_104508501-768x416.png 768w, https:\/\/pcmastersbogota.com.co\/wp-content\/uploads\/2025\/03\/imagen_2025-03-25_104508501-18x10.png 18w, https:\/\/pcmastersbogota.com.co\/wp-content\/uploads\/2025\/03\/imagen_2025-03-25_104508501-1200x650.png 1200w, https:\/\/pcmastersbogota.com.co\/wp-content\/uploads\/2025\/03\/imagen_2025-03-25_104508501-150x81.png 150w\" sizes=\"(max-width: 1400px) 100vw, 1400px\" \/><\/a><a href=\"https:\/\/pcmastersbogota.com.co\/wp-content\/uploads\/2025\/03\/imagen_2025-03-25_104521806.png\"><img loading=\"lazy\" decoding=\"async\" class=\"alignnone size-full wp-image-26220\" src=\"https:\/\/pcmastersbogota.com.co\/wp-content\/uploads\/2025\/03\/imagen_2025-03-25_104521806.png\" alt=\"\" width=\"1511\" height=\"747\" srcset=\"https:\/\/pcmastersbogota.com.co\/wp-content\/uploads\/2025\/03\/imagen_2025-03-25_104521806.png 1511w, https:\/\/pcmastersbogota.com.co\/wp-content\/uploads\/2025\/03\/imagen_2025-03-25_104521806-300x148.png 300w, https:\/\/pcmastersbogota.com.co\/wp-content\/uploads\/2025\/03\/imagen_2025-03-25_104521806-1024x506.png 1024w, https:\/\/pcmastersbogota.com.co\/wp-content\/uploads\/2025\/03\/imagen_2025-03-25_104521806-768x380.png 768w, https:\/\/pcmastersbogota.com.co\/wp-content\/uploads\/2025\/03\/imagen_2025-03-25_104521806-18x9.png 18w, https:\/\/pcmastersbogota.com.co\/wp-content\/uploads\/2025\/03\/imagen_2025-03-25_104521806-1200x593.png 1200w, https:\/\/pcmastersbogota.com.co\/wp-content\/uploads\/2025\/03\/imagen_2025-03-25_104521806-150x74.png 150w\" sizes=\"(max-width: 1511px) 100vw, 1511px\" \/><\/a><a href=\"https:\/\/pcmastersbogota.com.co\/wp-content\/uploads\/2025\/03\/imagen_2025-03-25_104532793.png\"><img loading=\"lazy\" decoding=\"async\" class=\"alignnone size-full wp-image-26221\" src=\"https:\/\/pcmastersbogota.com.co\/wp-content\/uploads\/2025\/03\/imagen_2025-03-25_104532793.png\" alt=\"\" width=\"1063\" height=\"790\" srcset=\"https:\/\/pcmastersbogota.com.co\/wp-content\/uploads\/2025\/03\/imagen_2025-03-25_104532793.png 1063w, https:\/\/pcmastersbogota.com.co\/wp-content\/uploads\/2025\/03\/imagen_2025-03-25_104532793-300x223.png 300w, https:\/\/pcmastersbogota.com.co\/wp-content\/uploads\/2025\/03\/imagen_2025-03-25_104532793-1024x761.png 1024w, https:\/\/pcmastersbogota.com.co\/wp-content\/uploads\/2025\/03\/imagen_2025-03-25_104532793-768x571.png 768w, https:\/\/pcmastersbogota.com.co\/wp-content\/uploads\/2025\/03\/imagen_2025-03-25_104532793-16x12.png 16w, https:\/\/pcmastersbogota.com.co\/wp-content\/uploads\/2025\/03\/imagen_2025-03-25_104532793-150x111.png 150w\" sizes=\"(max-width: 1063px) 100vw, 1063px\" \/><\/a><a href=\"https:\/\/pcmastersbogota.com.co\/wp-content\/uploads\/2025\/03\/imagen_2025-03-25_104542633.png\"><img loading=\"lazy\" decoding=\"async\" class=\"alignnone size-full wp-image-26222\" src=\"https:\/\/pcmastersbogota.com.co\/wp-content\/uploads\/2025\/03\/imagen_2025-03-25_104542633.png\" alt=\"\" width=\"1257\" height=\"951\" srcset=\"https:\/\/pcmastersbogota.com.co\/wp-content\/uploads\/2025\/03\/imagen_2025-03-25_104542633.png 1257w, https:\/\/pcmastersbogota.com.co\/wp-content\/uploads\/2025\/03\/imagen_2025-03-25_104542633-300x227.png 300w, https:\/\/pcmastersbogota.com.co\/wp-content\/uploads\/2025\/03\/imagen_2025-03-25_104542633-1024x775.png 1024w, https:\/\/pcmastersbogota.com.co\/wp-content\/uploads\/2025\/03\/imagen_2025-03-25_104542633-768x581.png 768w, https:\/\/pcmastersbogota.com.co\/wp-content\/uploads\/2025\/03\/imagen_2025-03-25_104542633-16x12.png 16w, https:\/\/pcmastersbogota.com.co\/wp-content\/uploads\/2025\/03\/imagen_2025-03-25_104542633-1200x908.png 1200w, https:\/\/pcmastersbogota.com.co\/wp-content\/uploads\/2025\/03\/imagen_2025-03-25_104542633-150x113.png 150w\" sizes=\"(max-width: 1257px) 100vw, 1257px\" \/><\/a><a href=\"https:\/\/pcmastersbogota.com.co\/wp-content\/uploads\/2025\/03\/imagen_2025-03-25_104603411.png\"><img loading=\"lazy\" decoding=\"async\" class=\"alignnone size-full wp-image-26224\" src=\"https:\/\/pcmastersbogota.com.co\/wp-content\/uploads\/2025\/03\/imagen_2025-03-25_104603411.png\" alt=\"\" width=\"1335\" height=\"562\" srcset=\"https:\/\/pcmastersbogota.com.co\/wp-content\/uploads\/2025\/03\/imagen_2025-03-25_104603411.png 1335w, https:\/\/pcmastersbogota.com.co\/wp-content\/uploads\/2025\/03\/imagen_2025-03-25_104603411-300x126.png 300w, https:\/\/pcmastersbogota.com.co\/wp-content\/uploads\/2025\/03\/imagen_2025-03-25_104603411-1024x431.png 1024w, https:\/\/pcmastersbogota.com.co\/wp-content\/uploads\/2025\/03\/imagen_2025-03-25_104603411-768x323.png 768w, https:\/\/pcmastersbogota.com.co\/wp-content\/uploads\/2025\/03\/imagen_2025-03-25_104603411-18x8.png 18w, https:\/\/pcmastersbogota.com.co\/wp-content\/uploads\/2025\/03\/imagen_2025-03-25_104603411-1200x505.png 1200w, https:\/\/pcmastersbogota.com.co\/wp-content\/uploads\/2025\/03\/imagen_2025-03-25_104603411-150x63.png 150w\" sizes=\"(max-width: 1335px) 100vw, 1335px\" \/><\/a><\/p>\n","protected":false},"excerpt":{"rendered":"<p>La \u00faltima generaci\u00f3n de fuentes de alimentaci\u00f3n High Current Gamer Gold ofrece una estabilidad inigualable y eficiencia con certificaci\u00f3n 80<\/p>\n","protected":false},"featured_media":26226,"comment_status":"closed","ping_status":"closed","template":"","meta":[],"pwb-brand":[352],"product_brand":[],"product_cat":[313],"product_tag":[424,425],"class_list":{"0":"post-26216","1":"product","2":"type-product","3":"status-publish","4":"has-post-thumbnail","6":"pwb-brand-antec","7":"product_cat-fuentes-de-poder","8":"product_tag-antec","9":"product_tag-fuente-de-poder","11":"first","12":"instock","13":"taxable","14":"shipping-taxable","15":"purchasable","16":"product-type-simple"},"yoast_head":"<!-- This site is optimized with the Yoast SEO plugin v26.7 - https:\/\/yoast.com\/wordpress\/plugins\/seo\/ -->\n<title>ANTEC G750 750W 80 PLUS GOLD MODULAR - PC MASTERS BOGOTA<\/title>\n<meta name=\"robots\" content=\"index, follow, max-snippet:-1, max-image-preview:large, max-video-preview:-1\" \/>\n<link rel=\"canonical\" href=\"https:\/\/pcmastersbogota.com.co\/es_es\/producto\/antec-g750-750w-80-plus-gold-modular\/\" \/>\n<meta property=\"og:locale\" content=\"es_ES\" \/>\n<meta property=\"og:type\" content=\"article\" \/>\n<meta property=\"og:title\" content=\"ANTEC G750 750W 80 PLUS GOLD MODULAR - PC MASTERS BOGOTA\" \/>\n<meta property=\"og:description\" content=\"La \u00faltima generaci\u00f3n de fuentes de alimentaci\u00f3n High Current Gamer Gold ofrece una estabilidad inigualable y eficiencia con certificaci\u00f3n 80\" \/>\n<meta property=\"og:url\" content=\"https:\/\/pcmastersbogota.com.co\/es_es\/producto\/antec-g750-750w-80-plus-gold-modular\/\" \/>\n<meta property=\"og:site_name\" content=\"PC MASTERS BOGOTA\" \/>\n<meta property=\"article:modified_time\" content=\"2025-03-27T23:31:11+00:00\" \/>\n<meta property=\"og:image\" content=\"https:\/\/pcmastersbogota.com.co\/wp-content\/uploads\/2025\/03\/imagen_2025-03-25_111747327.png\" \/>\n\t<meta property=\"og:image:width\" content=\"610\" \/>\n\t<meta property=\"og:image:height\" content=\"610\" \/>\n\t<meta property=\"og:image:type\" content=\"image\/png\" \/>\n<meta name=\"twitter:card\" content=\"summary_large_image\" \/>\n<meta name=\"twitter:label1\" content=\"Tiempo de lectura\" \/>\n\t<meta name=\"twitter:data1\" content=\"3 minutos\" \/>\n<script type=\"application\/ld+json\" class=\"yoast-schema-graph\">{\"@context\":\"https:\/\/schema.org\",\"@graph\":[{\"@type\":\"WebPage\",\"@id\":\"https:\/\/pcmastersbogota.com.co\/producto\/antec-g750-750w-80-plus-gold-modular\/\",\"url\":\"https:\/\/pcmastersbogota.com.co\/producto\/antec-g750-750w-80-plus-gold-modular\/\",\"name\":\"ANTEC G750 750W 80 PLUS GOLD MODULAR - PC MASTERS BOGOTA\",\"isPartOf\":{\"@id\":\"https:\/\/pcmastersbogota.com.co\/es_es\/#website\"},\"primaryImageOfPage\":{\"@id\":\"https:\/\/pcmastersbogota.com.co\/producto\/antec-g750-750w-80-plus-gold-modular\/#primaryimage\"},\"image\":{\"@id\":\"https:\/\/pcmastersbogota.com.co\/producto\/antec-g750-750w-80-plus-gold-modular\/#primaryimage\"},\"thumbnailUrl\":\"https:\/\/pcmastersbogota.com.co\/wp-content\/uploads\/2025\/03\/imagen_2025-03-25_111747327.png\",\"datePublished\":\"2025-03-25T16:18:26+00:00\",\"dateModified\":\"2025-03-27T23:31:11+00:00\",\"breadcrumb\":{\"@id\":\"https:\/\/pcmastersbogota.com.co\/producto\/antec-g750-750w-80-plus-gold-modular\/#breadcrumb\"},\"inLanguage\":\"es\",\"potentialAction\":[{\"@type\":\"ReadAction\",\"target\":[\"https:\/\/pcmastersbogota.com.co\/producto\/antec-g750-750w-80-plus-gold-modular\/\"]}]},{\"@type\":\"ImageObject\",\"inLanguage\":\"es\",\"@id\":\"https:\/\/pcmastersbogota.com.co\/producto\/antec-g750-750w-80-plus-gold-modular\/#primaryimage\",\"url\":\"https:\/\/pcmastersbogota.com.co\/wp-content\/uploads\/2025\/03\/imagen_2025-03-25_111747327.png\",\"contentUrl\":\"https:\/\/pcmastersbogota.com.co\/wp-content\/uploads\/2025\/03\/imagen_2025-03-25_111747327.png\",\"width\":610,\"height\":610},{\"@type\":\"BreadcrumbList\",\"@id\":\"https:\/\/pcmastersbogota.com.co\/producto\/antec-g750-750w-80-plus-gold-modular\/#breadcrumb\",\"itemListElement\":[{\"@type\":\"ListItem\",\"position\":1,\"name\":\"Home\",\"item\":\"https:\/\/pcmastersbogota.com.co\/\"},{\"@type\":\"ListItem\",\"position\":2,\"name\":\"Tienda\",\"item\":\"https:\/\/pcmastersbogota.com.co\/es_es\/tienda\/\"},{\"@type\":\"ListItem\",\"position\":3,\"name\":\"ANTEC G750 750W 80 PLUS GOLD MODULAR\"}]},{\"@type\":\"WebSite\",\"@id\":\"https:\/\/pcmastersbogota.com.co\/es_es\/#website\",\"url\":\"https:\/\/pcmastersbogota.com.co\/es_es\/\",\"name\":\"PC MASTERS BOGOTA\",\"description\":\"\",\"potentialAction\":[{\"@type\":\"SearchAction\",\"target\":{\"@type\":\"EntryPoint\",\"urlTemplate\":\"https:\/\/pcmastersbogota.com.co\/es_es\/?s={search_term_string}\"},\"query-input\":{\"@type\":\"PropertyValueSpecification\",\"valueRequired\":true,\"valueName\":\"search_term_string\"}}],\"inLanguage\":\"es\"}]}<\/script>\n<!-- \/ Yoast SEO plugin. -->","yoast_head_json":{"title":"ANTEC G750 750W 80 PLUS GOLD MODULAR - PC MASTERS BOGOTA","robots":{"index":"index","follow":"follow","max-snippet":"max-snippet:-1","max-image-preview":"max-image-preview:large","max-video-preview":"max-video-preview:-1"},"canonical":"https:\/\/pcmastersbogota.com.co\/es_es\/producto\/antec-g750-750w-80-plus-gold-modular\/","og_locale":"es_ES","og_type":"article","og_title":"ANTEC G750 750W 80 PLUS GOLD MODULAR - PC MASTERS BOGOTA","og_description":"La \u00faltima generaci\u00f3n de fuentes de alimentaci\u00f3n High Current Gamer Gold ofrece una estabilidad inigualable y eficiencia con certificaci\u00f3n 80","og_url":"https:\/\/pcmastersbogota.com.co\/es_es\/producto\/antec-g750-750w-80-plus-gold-modular\/","og_site_name":"PC MASTERS BOGOTA","article_modified_time":"2025-03-27T23:31:11+00:00","og_image":[{"width":610,"height":610,"url":"https:\/\/pcmastersbogota.com.co\/wp-content\/uploads\/2025\/03\/imagen_2025-03-25_111747327.png","type":"image\/png"}],"twitter_card":"summary_large_image","twitter_misc":{"Tiempo de lectura":"3 minutos"},"schema":{"@context":"https:\/\/schema.org","@graph":[{"@type":"WebPage","@id":"https:\/\/pcmastersbogota.com.co\/producto\/antec-g750-750w-80-plus-gold-modular\/","url":"https:\/\/pcmastersbogota.com.co\/producto\/antec-g750-750w-80-plus-gold-modular\/","name":"ANTEC G750 750W 80 PLUS GOLD MODULAR - PC MASTERS BOGOTA","isPartOf":{"@id":"https:\/\/pcmastersbogota.com.co\/es_es\/#website"},"primaryImageOfPage":{"@id":"https:\/\/pcmastersbogota.com.co\/producto\/antec-g750-750w-80-plus-gold-modular\/#primaryimage"},"image":{"@id":"https:\/\/pcmastersbogota.com.co\/producto\/antec-g750-750w-80-plus-gold-modular\/#primaryimage"},"thumbnailUrl":"https:\/\/pcmastersbogota.com.co\/wp-content\/uploads\/2025\/03\/imagen_2025-03-25_111747327.png","datePublished":"2025-03-25T16:18:26+00:00","dateModified":"2025-03-27T23:31:11+00:00","breadcrumb":{"@id":"https:\/\/pcmastersbogota.com.co\/producto\/antec-g750-750w-80-plus-gold-modular\/#breadcrumb"},"inLanguage":"es","potentialAction":[{"@type":"ReadAction","target":["https:\/\/pcmastersbogota.com.co\/producto\/antec-g750-750w-80-plus-gold-modular\/"]}]},{"@type":"ImageObject","inLanguage":"es","@id":"https:\/\/pcmastersbogota.com.co\/producto\/antec-g750-750w-80-plus-gold-modular\/#primaryimage","url":"https:\/\/pcmastersbogota.com.co\/wp-content\/uploads\/2025\/03\/imagen_2025-03-25_111747327.png","contentUrl":"https:\/\/pcmastersbogota.com.co\/wp-content\/uploads\/2025\/03\/imagen_2025-03-25_111747327.png","width":610,"height":610},{"@type":"BreadcrumbList","@id":"https:\/\/pcmastersbogota.com.co\/producto\/antec-g750-750w-80-plus-gold-modular\/#breadcrumb","itemListElement":[{"@type":"ListItem","position":1,"name":"Home","item":"https:\/\/pcmastersbogota.com.co\/"},{"@type":"ListItem","position":2,"name":"Tienda","item":"https:\/\/pcmastersbogota.com.co\/es_es\/tienda\/"},{"@type":"ListItem","position":3,"name":"ANTEC G750 750W 80 PLUS GOLD MODULAR"}]},{"@type":"WebSite","@id":"https:\/\/pcmastersbogota.com.co\/es_es\/#website","url":"https:\/\/pcmastersbogota.com.co\/es_es\/","name":"PC MASTERS BOGOTA","description":"","potentialAction":[{"@type":"SearchAction","target":{"@type":"EntryPoint","urlTemplate":"https:\/\/pcmastersbogota.com.co\/es_es\/?s={search_term_string}"},"query-input":{"@type":"PropertyValueSpecification","valueRequired":true,"valueName":"search_term_string"}}],"inLanguage":"es"}]}},"brands":[{"id":352,"name":"ANTEC","slug":"antec"}],"_links":{"self":[{"href":"https:\/\/pcmastersbogota.com.co\/es_es\/wp-json\/wp\/v2\/product\/26216","targetHints":{"allow":["GET"]}}],"collection":[{"href":"https:\/\/pcmastersbogota.com.co\/es_es\/wp-json\/wp\/v2\/product"}],"about":[{"href":"https:\/\/pcmastersbogota.com.co\/es_es\/wp-json\/wp\/v2\/types\/product"}],"replies":[{"embeddable":true,"href":"https:\/\/pcmastersbogota.com.co\/es_es\/wp-json\/wp\/v2\/comments?post=26216"}],"version-history":[{"count":2,"href":"https:\/\/pcmastersbogota.com.co\/es_es\/wp-json\/wp\/v2\/product\/26216\/revisions"}],"predecessor-version":[{"id":26228,"href":"https:\/\/pcmastersbogota.com.co\/es_es\/wp-json\/wp\/v2\/product\/26216\/revisions\/26228"}],"wp:featuredmedia":[{"embeddable":true,"href":"https:\/\/pcmastersbogota.com.co\/es_es\/wp-json\/wp\/v2\/media\/26226"}],"wp:attachment":[{"href":"https:\/\/pcmastersbogota.com.co\/es_es\/wp-json\/wp\/v2\/media?parent=26216"}],"wp:term":[{"taxonomy":"pwb-brand","embeddable":true,"href":"https:\/\/pcmastersbogota.com.co\/es_es\/wp-json\/wp\/v2\/pwb-brand?post=26216"},{"taxonomy":"product_brand","embeddable":true,"href":"https:\/\/pcmastersbogota.com.co\/es_es\/wp-json\/wp\/v2\/product_brand?post=26216"},{"taxonomy":"product_cat","embeddable":true,"href":"https:\/\/pcmastersbogota.com.co\/es_es\/wp-json\/wp\/v2\/product_cat?post=26216"},{"taxonomy":"product_tag","embeddable":true,"href":"https:\/\/pcmastersbogota.com.co\/es_es\/wp-json\/wp\/v2\/product_tag?post=26216"}],"curies":[{"name":"wp","href":"https:\/\/api.w.org\/{rel}","templated":true}]}}