{"id":26314,"date":"2025-04-02T22:03:15","date_gmt":"2025-04-03T03:03:15","guid":{"rendered":"https:\/\/pcmastersbogota.com.co\/?post_type=product&#038;p=26314"},"modified":"2026-01-15T23:44:46","modified_gmt":"2026-01-16T04:44:46","slug":"zotac-gaming-solid-rtx-5070ti-de16gb-oc","status":"publish","type":"product","link":"https:\/\/pcmastersbogota.com.co\/es_es\/producto\/zotac-gaming-solid-rtx-5070ti-de16gb-oc\/","title":{"rendered":"ZOTAC GAMING AMP  RTX 5070 Ti DE 16GB OC Extreme INFINITY"},"content":{"rendered":"<p style=\"text-align: center;\">La ZOTAC GAMING GeForce RTX\u2122 5070 Ti AMP Extreme INFINITY ofrece una experiencia de juego completamente renovada con un enfoque totalmente nuevo en el dise\u00f1o de tarjetas gr\u00e1ficas, que incorpora la innovadora arquitectura Blackwell de NVIDIA y caracter\u00edsticas como DLSS 4. Con un dise\u00f1o elegante, realzado por un magn\u00edfico espejo infinito en la parte frontal, un marco central reforzado y una c\u00e1mara de vapor m\u00e1s grande que su predecesora, la AMP Extreme INFINITY te ofrece infinitas posibilidades para juegos y otras aplicaciones.<\/p>\n<p><iframe title=\"To Gaming and Beyond - The all-new ZOTAC GAMING GeForce RTX 50 series\" width=\"500\" height=\"281\" src=\"https:\/\/www.youtube.com\/embed\/i88APV24dsI?feature=oembed\" frameborder=\"0\" allow=\"accelerometer; autoplay; clipboard-write; encrypted-media; gyroscope; picture-in-picture; web-share\" referrerpolicy=\"strict-origin-when-cross-origin\" allowfullscreen><\/iframe><\/p>\n<p><a href=\"https:\/\/pcmastersbogota.com.co\/wp-content\/uploads\/2025\/04\/imagen_2025-04-02_215648279.png\"><img fetchpriority=\"high\" decoding=\"async\" class=\"size-full wp-image-26324 aligncenter\" src=\"https:\/\/pcmastersbogota.com.co\/wp-content\/uploads\/2025\/04\/imagen_2025-04-02_215648279.png\" alt=\"\" width=\"1800\" height=\"935\" srcset=\"https:\/\/pcmastersbogota.com.co\/wp-content\/uploads\/2025\/04\/imagen_2025-04-02_215648279.png 1800w, https:\/\/pcmastersbogota.com.co\/wp-content\/uploads\/2025\/04\/imagen_2025-04-02_215648279-300x156.png 300w, https:\/\/pcmastersbogota.com.co\/wp-content\/uploads\/2025\/04\/imagen_2025-04-02_215648279-1024x532.png 1024w, https:\/\/pcmastersbogota.com.co\/wp-content\/uploads\/2025\/04\/imagen_2025-04-02_215648279-768x399.png 768w, https:\/\/pcmastersbogota.com.co\/wp-content\/uploads\/2025\/04\/imagen_2025-04-02_215648279-1536x798.png 1536w, https:\/\/pcmastersbogota.com.co\/wp-content\/uploads\/2025\/04\/imagen_2025-04-02_215648279-18x9.png 18w, https:\/\/pcmastersbogota.com.co\/wp-content\/uploads\/2025\/04\/imagen_2025-04-02_215648279-1200x623.png 1200w, https:\/\/pcmastersbogota.com.co\/wp-content\/uploads\/2025\/04\/imagen_2025-04-02_215648279-150x78.png 150w\" sizes=\"(max-width: 1800px) 100vw, 1800px\" \/><\/a><a href=\"https:\/\/pcmastersbogota.com.co\/wp-content\/uploads\/2025\/04\/imagen_2025-04-02_215755951.png\"><img decoding=\"async\" class=\"size-full wp-image-26325 aligncenter\" src=\"https:\/\/pcmastersbogota.com.co\/wp-content\/uploads\/2025\/04\/imagen_2025-04-02_215755951.png\" alt=\"\" width=\"1291\" height=\"974\" srcset=\"https:\/\/pcmastersbogota.com.co\/wp-content\/uploads\/2025\/04\/imagen_2025-04-02_215755951.png 1291w, https:\/\/pcmastersbogota.com.co\/wp-content\/uploads\/2025\/04\/imagen_2025-04-02_215755951-300x226.png 300w, https:\/\/pcmastersbogota.com.co\/wp-content\/uploads\/2025\/04\/imagen_2025-04-02_215755951-1024x773.png 1024w, https:\/\/pcmastersbogota.com.co\/wp-content\/uploads\/2025\/04\/imagen_2025-04-02_215755951-768x579.png 768w, https:\/\/pcmastersbogota.com.co\/wp-content\/uploads\/2025\/04\/imagen_2025-04-02_215755951-16x12.png 16w, https:\/\/pcmastersbogota.com.co\/wp-content\/uploads\/2025\/04\/imagen_2025-04-02_215755951-1200x905.png 1200w, https:\/\/pcmastersbogota.com.co\/wp-content\/uploads\/2025\/04\/imagen_2025-04-02_215755951-150x113.png 150w\" sizes=\"(max-width: 1291px) 100vw, 1291px\" \/><\/a><a href=\"https:\/\/pcmastersbogota.com.co\/wp-content\/uploads\/2025\/04\/imagen_2025-04-02_215837277.png\"><img decoding=\"async\" class=\"size-full wp-image-26326 aligncenter\" src=\"https:\/\/pcmastersbogota.com.co\/wp-content\/uploads\/2025\/04\/imagen_2025-04-02_215837277.png\" alt=\"\" width=\"1470\" height=\"895\" srcset=\"https:\/\/pcmastersbogota.com.co\/wp-content\/uploads\/2025\/04\/imagen_2025-04-02_215837277.png 1470w, https:\/\/pcmastersbogota.com.co\/wp-content\/uploads\/2025\/04\/imagen_2025-04-02_215837277-300x183.png 300w, https:\/\/pcmastersbogota.com.co\/wp-content\/uploads\/2025\/04\/imagen_2025-04-02_215837277-1024x623.png 1024w, https:\/\/pcmastersbogota.com.co\/wp-content\/uploads\/2025\/04\/imagen_2025-04-02_215837277-768x468.png 768w, https:\/\/pcmastersbogota.com.co\/wp-content\/uploads\/2025\/04\/imagen_2025-04-02_215837277-18x12.png 18w, https:\/\/pcmastersbogota.com.co\/wp-content\/uploads\/2025\/04\/imagen_2025-04-02_215837277-1200x731.png 1200w, https:\/\/pcmastersbogota.com.co\/wp-content\/uploads\/2025\/04\/imagen_2025-04-02_215837277-150x91.png 150w\" sizes=\"(max-width: 1470px) 100vw, 1470px\" \/><\/a><a href=\"https:\/\/pcmastersbogota.com.co\/wp-content\/uploads\/2025\/04\/imagen_2025-04-02_215847875.png\"><img loading=\"lazy\" decoding=\"async\" class=\"size-full wp-image-26327 aligncenter\" src=\"https:\/\/pcmastersbogota.com.co\/wp-content\/uploads\/2025\/04\/imagen_2025-04-02_215847875.png\" alt=\"\" width=\"1474\" height=\"699\" srcset=\"https:\/\/pcmastersbogota.com.co\/wp-content\/uploads\/2025\/04\/imagen_2025-04-02_215847875.png 1474w, https:\/\/pcmastersbogota.com.co\/wp-content\/uploads\/2025\/04\/imagen_2025-04-02_215847875-300x142.png 300w, https:\/\/pcmastersbogota.com.co\/wp-content\/uploads\/2025\/04\/imagen_2025-04-02_215847875-1024x486.png 1024w, https:\/\/pcmastersbogota.com.co\/wp-content\/uploads\/2025\/04\/imagen_2025-04-02_215847875-768x364.png 768w, https:\/\/pcmastersbogota.com.co\/wp-content\/uploads\/2025\/04\/imagen_2025-04-02_215847875-18x9.png 18w, https:\/\/pcmastersbogota.com.co\/wp-content\/uploads\/2025\/04\/imagen_2025-04-02_215847875-1200x569.png 1200w, https:\/\/pcmastersbogota.com.co\/wp-content\/uploads\/2025\/04\/imagen_2025-04-02_215847875-150x71.png 150w\" sizes=\"(max-width: 1474px) 100vw, 1474px\" \/><\/a><a href=\"https:\/\/pcmastersbogota.com.co\/wp-content\/uploads\/2025\/04\/imagen_2025-04-02_215908459.png\"><img loading=\"lazy\" decoding=\"async\" class=\"size-full wp-image-26328 aligncenter\" src=\"https:\/\/pcmastersbogota.com.co\/wp-content\/uploads\/2025\/04\/imagen_2025-04-02_215908459.png\" alt=\"\" width=\"1780\" height=\"917\" srcset=\"https:\/\/pcmastersbogota.com.co\/wp-content\/uploads\/2025\/04\/imagen_2025-04-02_215908459.png 1780w, https:\/\/pcmastersbogota.com.co\/wp-content\/uploads\/2025\/04\/imagen_2025-04-02_215908459-300x155.png 300w, https:\/\/pcmastersbogota.com.co\/wp-content\/uploads\/2025\/04\/imagen_2025-04-02_215908459-1024x528.png 1024w, https:\/\/pcmastersbogota.com.co\/wp-content\/uploads\/2025\/04\/imagen_2025-04-02_215908459-768x396.png 768w, https:\/\/pcmastersbogota.com.co\/wp-content\/uploads\/2025\/04\/imagen_2025-04-02_215908459-1536x791.png 1536w, https:\/\/pcmastersbogota.com.co\/wp-content\/uploads\/2025\/04\/imagen_2025-04-02_215908459-18x9.png 18w, https:\/\/pcmastersbogota.com.co\/wp-content\/uploads\/2025\/04\/imagen_2025-04-02_215908459-1200x618.png 1200w, https:\/\/pcmastersbogota.com.co\/wp-content\/uploads\/2025\/04\/imagen_2025-04-02_215908459-150x77.png 150w\" sizes=\"(max-width: 1780px) 100vw, 1780px\" \/><\/a><a href=\"https:\/\/pcmastersbogota.com.co\/wp-content\/uploads\/2025\/04\/imagen_2025-04-02_215920869.png\"><img loading=\"lazy\" decoding=\"async\" class=\"size-full wp-image-26329 aligncenter\" src=\"https:\/\/pcmastersbogota.com.co\/wp-content\/uploads\/2025\/04\/imagen_2025-04-02_215920869.png\" alt=\"\" width=\"1733\" height=\"727\" srcset=\"https:\/\/pcmastersbogota.com.co\/wp-content\/uploads\/2025\/04\/imagen_2025-04-02_215920869.png 1733w, https:\/\/pcmastersbogota.com.co\/wp-content\/uploads\/2025\/04\/imagen_2025-04-02_215920869-300x126.png 300w, https:\/\/pcmastersbogota.com.co\/wp-content\/uploads\/2025\/04\/imagen_2025-04-02_215920869-1024x430.png 1024w, https:\/\/pcmastersbogota.com.co\/wp-content\/uploads\/2025\/04\/imagen_2025-04-02_215920869-768x322.png 768w, https:\/\/pcmastersbogota.com.co\/wp-content\/uploads\/2025\/04\/imagen_2025-04-02_215920869-1536x644.png 1536w, https:\/\/pcmastersbogota.com.co\/wp-content\/uploads\/2025\/04\/imagen_2025-04-02_215920869-18x8.png 18w, https:\/\/pcmastersbogota.com.co\/wp-content\/uploads\/2025\/04\/imagen_2025-04-02_215920869-1200x503.png 1200w, https:\/\/pcmastersbogota.com.co\/wp-content\/uploads\/2025\/04\/imagen_2025-04-02_215920869-150x63.png 150w\" sizes=\"(max-width: 1733px) 100vw, 1733px\" \/><\/a><a href=\"https:\/\/pcmastersbogota.com.co\/wp-content\/uploads\/2025\/04\/imagen_2025-04-02_215932303.png\"><img loading=\"lazy\" decoding=\"async\" class=\"size-full wp-image-26330 aligncenter\" src=\"https:\/\/pcmastersbogota.com.co\/wp-content\/uploads\/2025\/04\/imagen_2025-04-02_215932303.png\" alt=\"\" width=\"1834\" height=\"761\" srcset=\"https:\/\/pcmastersbogota.com.co\/wp-content\/uploads\/2025\/04\/imagen_2025-04-02_215932303.png 1834w, https:\/\/pcmastersbogota.com.co\/wp-content\/uploads\/2025\/04\/imagen_2025-04-02_215932303-300x124.png 300w, https:\/\/pcmastersbogota.com.co\/wp-content\/uploads\/2025\/04\/imagen_2025-04-02_215932303-1024x425.png 1024w, https:\/\/pcmastersbogota.com.co\/wp-content\/uploads\/2025\/04\/imagen_2025-04-02_215932303-768x319.png 768w, https:\/\/pcmastersbogota.com.co\/wp-content\/uploads\/2025\/04\/imagen_2025-04-02_215932303-1536x637.png 1536w, https:\/\/pcmastersbogota.com.co\/wp-content\/uploads\/2025\/04\/imagen_2025-04-02_215932303-18x7.png 18w, https:\/\/pcmastersbogota.com.co\/wp-content\/uploads\/2025\/04\/imagen_2025-04-02_215932303-1200x498.png 1200w, https:\/\/pcmastersbogota.com.co\/wp-content\/uploads\/2025\/04\/imagen_2025-04-02_215932303-150x62.png 150w\" sizes=\"(max-width: 1834px) 100vw, 1834px\" \/><\/a><a href=\"https:\/\/pcmastersbogota.com.co\/wp-content\/uploads\/2025\/04\/imagen_2025-04-02_220006394.png\"><img loading=\"lazy\" decoding=\"async\" class=\"size-full wp-image-26331 aligncenter\" src=\"https:\/\/pcmastersbogota.com.co\/wp-content\/uploads\/2025\/04\/imagen_2025-04-02_220006394.png\" alt=\"\" width=\"1563\" height=\"981\" srcset=\"https:\/\/pcmastersbogota.com.co\/wp-content\/uploads\/2025\/04\/imagen_2025-04-02_220006394.png 1563w, https:\/\/pcmastersbogota.com.co\/wp-content\/uploads\/2025\/04\/imagen_2025-04-02_220006394-300x188.png 300w, https:\/\/pcmastersbogota.com.co\/wp-content\/uploads\/2025\/04\/imagen_2025-04-02_220006394-1024x643.png 1024w, https:\/\/pcmastersbogota.com.co\/wp-content\/uploads\/2025\/04\/imagen_2025-04-02_220006394-768x482.png 768w, https:\/\/pcmastersbogota.com.co\/wp-content\/uploads\/2025\/04\/imagen_2025-04-02_220006394-1536x964.png 1536w, https:\/\/pcmastersbogota.com.co\/wp-content\/uploads\/2025\/04\/imagen_2025-04-02_220006394-18x12.png 18w, https:\/\/pcmastersbogota.com.co\/wp-content\/uploads\/2025\/04\/imagen_2025-04-02_220006394-1200x753.png 1200w, https:\/\/pcmastersbogota.com.co\/wp-content\/uploads\/2025\/04\/imagen_2025-04-02_220006394-150x94.png 150w\" sizes=\"(max-width: 1563px) 100vw, 1563px\" \/><\/a><a href=\"https:\/\/pcmastersbogota.com.co\/wp-content\/uploads\/2025\/04\/imagen_2025-04-02_220019295.png\"><img loading=\"lazy\" decoding=\"async\" class=\"size-full wp-image-26332 aligncenter\" src=\"https:\/\/pcmastersbogota.com.co\/wp-content\/uploads\/2025\/04\/imagen_2025-04-02_220019295.png\" alt=\"\" width=\"1144\" height=\"711\" srcset=\"https:\/\/pcmastersbogota.com.co\/wp-content\/uploads\/2025\/04\/imagen_2025-04-02_220019295.png 1144w, https:\/\/pcmastersbogota.com.co\/wp-content\/uploads\/2025\/04\/imagen_2025-04-02_220019295-300x186.png 300w, https:\/\/pcmastersbogota.com.co\/wp-content\/uploads\/2025\/04\/imagen_2025-04-02_220019295-1024x636.png 1024w, https:\/\/pcmastersbogota.com.co\/wp-content\/uploads\/2025\/04\/imagen_2025-04-02_220019295-768x477.png 768w, https:\/\/pcmastersbogota.com.co\/wp-content\/uploads\/2025\/04\/imagen_2025-04-02_220019295-18x12.png 18w, https:\/\/pcmastersbogota.com.co\/wp-content\/uploads\/2025\/04\/imagen_2025-04-02_220019295-150x93.png 150w\" sizes=\"(max-width: 1144px) 100vw, 1144px\" \/><\/a><a href=\"https:\/\/pcmastersbogota.com.co\/wp-content\/uploads\/2025\/04\/imagen_2025-04-02_220046038.png\"><img loading=\"lazy\" decoding=\"async\" class=\"size-full wp-image-26333 aligncenter\" src=\"https:\/\/pcmastersbogota.com.co\/wp-content\/uploads\/2025\/04\/imagen_2025-04-02_220046038.png\" alt=\"\" width=\"1186\" height=\"651\" srcset=\"https:\/\/pcmastersbogota.com.co\/wp-content\/uploads\/2025\/04\/imagen_2025-04-02_220046038.png 1186w, https:\/\/pcmastersbogota.com.co\/wp-content\/uploads\/2025\/04\/imagen_2025-04-02_220046038-300x165.png 300w, https:\/\/pcmastersbogota.com.co\/wp-content\/uploads\/2025\/04\/imagen_2025-04-02_220046038-1024x562.png 1024w, https:\/\/pcmastersbogota.com.co\/wp-content\/uploads\/2025\/04\/imagen_2025-04-02_220046038-768x422.png 768w, https:\/\/pcmastersbogota.com.co\/wp-content\/uploads\/2025\/04\/imagen_2025-04-02_220046038-18x10.png 18w, https:\/\/pcmastersbogota.com.co\/wp-content\/uploads\/2025\/04\/imagen_2025-04-02_220046038-150x82.png 150w\" sizes=\"(max-width: 1186px) 100vw, 1186px\" \/><\/a><\/p>\n","protected":false},"excerpt":{"rendered":"<p>Caracter\u00edsticas destacadas:<br \/>\n&#8211; Impulsada por la arquitectura NVIDIA Blackwell y DLSS 4<br \/>\n&#8211; La GPU ZOTAC GAMING definitiva<br \/>\n&#8211; Dise\u00f1o Infinity Mirror<br \/>\n&#8211; Refrigeraci\u00f3n avanzada IceStorm 3.0<br \/>\n&#8211; C\u00e1mara de vapor m\u00e1s grande<br \/>\n&#8211; Ventiladores BladeLink<br \/>\n&#8211; FREEZE Fan Stop, Control activo de ventilador, BIOS dual<br \/>\n&#8211; Iluminaci\u00f3n RGB SPECTRA 2.0<br \/>\n&#8211; Puerto de sincronizaci\u00f3n de iluminaci\u00f3n SPECTRA LINK<br \/>\n&#8211; Placa trasera de metal fundido a presi\u00f3n<br \/>\n&#8211; Incluye soporte para GPU<br \/>\n&#8211; Luz de seguridad de 12 V 2&#215;6<br \/>\n&#8211; Nueva utilidad FireStorm &#8211; <a href=\"https:\/\/www.zotac.com\/download\/mediadrivers\/External\/FireStorm\/ZOTACGAMING-RTX50-FireStorm.zip\">DESCARGAR<\/a><\/p>\n<p><img loading=\"lazy\" decoding=\"async\" class=\"\" src=\"https:\/\/www.zotac.com\/download\/files\/styles\/medium\/public\/product_icons\/nvidia-geforce-rtx-power-adv-ai-badge-rgb-for-screen_1.png?itok=5bSaEMms\" width=\"129\" height=\"72\" \/><img loading=\"lazy\" decoding=\"async\" class=\"alignnone\" src=\"https:\/\/www.zotac.com\/download\/files\/styles\/medium\/public\/product_icons\/3-2_warrenty_logo_1_5_33.png?itok=81UMYtT3\" width=\"68\" height=\"61\" \/><\/p>\n","protected":false},"featured_media":26323,"comment_status":"closed","ping_status":"closed","template":"","meta":[],"pwb-brand":[363],"product_brand":[],"product_cat":[73],"product_tag":[362,384,365],"class_list":{"0":"post-26314","1":"product","2":"type-product","3":"status-publish","4":"has-post-thumbnail","6":"pwb-brand-zotac","7":"product_cat-tarjetas-graficas","8":"product_tag-nvidia","9":"product_tag-rtx","10":"product_tag-zotac","12":"first","13":"outofstock","14":"taxable","15":"shipping-taxable","16":"purchasable","17":"product-type-simple"},"yoast_head":"<!-- This site is optimized with the Yoast SEO plugin v26.7 - https:\/\/yoast.com\/wordpress\/plugins\/seo\/ -->\n<title>ZOTAC GAMING AMP RTX 5070 Ti DE 16GB OC Extreme INFINITY - PC MASTERS BOGOTA<\/title>\n<meta name=\"robots\" content=\"index, follow, max-snippet:-1, max-image-preview:large, max-video-preview:-1\" \/>\n<link rel=\"canonical\" href=\"https:\/\/pcmastersbogota.com.co\/es_es\/producto\/zotac-gaming-solid-rtx-5070ti-de16gb-oc\/\" \/>\n<meta property=\"og:locale\" content=\"es_ES\" \/>\n<meta property=\"og:type\" content=\"article\" \/>\n<meta property=\"og:title\" content=\"ZOTAC GAMING AMP RTX 5070 Ti DE 16GB OC Extreme INFINITY - PC MASTERS BOGOTA\" \/>\n<meta property=\"og:description\" content=\"Caracter\u00edsticas destacadas: - Impulsada por la arquitectura NVIDIA Blackwell y DLSS 4 - La GPU ZOTAC GAMING definitiva - Dise\u00f1o Infinity Mirror - Refrigeraci\u00f3n avanzada IceStorm 3.0 - C\u00e1mara de vapor m\u00e1s grande - Ventiladores BladeLink - FREEZE Fan Stop, Control activo de ventilador, BIOS dual - Iluminaci\u00f3n RGB SPECTRA 2.0 - Puerto de sincronizaci\u00f3n de iluminaci\u00f3n SPECTRA LINK - Placa trasera de metal fundido a presi\u00f3n - Incluye soporte para GPU - Luz de seguridad de 12 V 2x6 - Nueva utilidad FireStorm - DESCARGAR\" \/>\n<meta property=\"og:url\" content=\"https:\/\/pcmastersbogota.com.co\/es_es\/producto\/zotac-gaming-solid-rtx-5070ti-de16gb-oc\/\" \/>\n<meta property=\"og:site_name\" content=\"PC MASTERS BOGOTA\" \/>\n<meta property=\"article:modified_time\" content=\"2026-01-16T04:44:46+00:00\" \/>\n<meta property=\"og:image\" content=\"https:\/\/pcmastersbogota.com.co\/wp-content\/uploads\/2025\/04\/ZT-B50710B-10P-image01-scaled.jpg\" \/>\n\t<meta property=\"og:image:width\" content=\"2560\" \/>\n\t<meta property=\"og:image:height\" content=\"1767\" \/>\n\t<meta property=\"og:image:type\" content=\"image\/jpeg\" \/>\n<meta name=\"twitter:card\" content=\"summary_large_image\" \/>\n<meta name=\"twitter:label1\" content=\"Tiempo de lectura\" \/>\n\t<meta name=\"twitter:data1\" content=\"3 minutos\" \/>\n<script type=\"application\/ld+json\" class=\"yoast-schema-graph\">{\"@context\":\"https:\/\/schema.org\",\"@graph\":[{\"@type\":\"WebPage\",\"@id\":\"https:\/\/pcmastersbogota.com.co\/producto\/zotac-gaming-solid-rtx-5070ti-de16gb-oc\/\",\"url\":\"https:\/\/pcmastersbogota.com.co\/producto\/zotac-gaming-solid-rtx-5070ti-de16gb-oc\/\",\"name\":\"ZOTAC GAMING AMP RTX 5070 Ti DE 16GB OC Extreme INFINITY - PC MASTERS BOGOTA\",\"isPartOf\":{\"@id\":\"https:\/\/pcmastersbogota.com.co\/es_es\/#website\"},\"primaryImageOfPage\":{\"@id\":\"https:\/\/pcmastersbogota.com.co\/producto\/zotac-gaming-solid-rtx-5070ti-de16gb-oc\/#primaryimage\"},\"image\":{\"@id\":\"https:\/\/pcmastersbogota.com.co\/producto\/zotac-gaming-solid-rtx-5070ti-de16gb-oc\/#primaryimage\"},\"thumbnailUrl\":\"https:\/\/pcmastersbogota.com.co\/wp-content\/uploads\/2025\/04\/ZT-B50710B-10P-image01-scaled.jpg\",\"datePublished\":\"2025-04-03T03:03:15+00:00\",\"dateModified\":\"2026-01-16T04:44:46+00:00\",\"breadcrumb\":{\"@id\":\"https:\/\/pcmastersbogota.com.co\/producto\/zotac-gaming-solid-rtx-5070ti-de16gb-oc\/#breadcrumb\"},\"inLanguage\":\"es\",\"potentialAction\":[{\"@type\":\"ReadAction\",\"target\":[\"https:\/\/pcmastersbogota.com.co\/producto\/zotac-gaming-solid-rtx-5070ti-de16gb-oc\/\"]}]},{\"@type\":\"ImageObject\",\"inLanguage\":\"es\",\"@id\":\"https:\/\/pcmastersbogota.com.co\/producto\/zotac-gaming-solid-rtx-5070ti-de16gb-oc\/#primaryimage\",\"url\":\"https:\/\/pcmastersbogota.com.co\/wp-content\/uploads\/2025\/04\/ZT-B50710B-10P-image01-scaled.jpg\",\"contentUrl\":\"https:\/\/pcmastersbogota.com.co\/wp-content\/uploads\/2025\/04\/ZT-B50710B-10P-image01-scaled.jpg\",\"width\":2560,\"height\":1767},{\"@type\":\"BreadcrumbList\",\"@id\":\"https:\/\/pcmastersbogota.com.co\/producto\/zotac-gaming-solid-rtx-5070ti-de16gb-oc\/#breadcrumb\",\"itemListElement\":[{\"@type\":\"ListItem\",\"position\":1,\"name\":\"Home\",\"item\":\"https:\/\/pcmastersbogota.com.co\/\"},{\"@type\":\"ListItem\",\"position\":2,\"name\":\"Tienda\",\"item\":\"https:\/\/pcmastersbogota.com.co\/es_es\/tienda\/\"},{\"@type\":\"ListItem\",\"position\":3,\"name\":\"ZOTAC GAMING AMP RTX 5070 Ti DE 16GB OC Extreme INFINITY\"}]},{\"@type\":\"WebSite\",\"@id\":\"https:\/\/pcmastersbogota.com.co\/es_es\/#website\",\"url\":\"https:\/\/pcmastersbogota.com.co\/es_es\/\",\"name\":\"PC MASTERS BOGOTA\",\"description\":\"\",\"potentialAction\":[{\"@type\":\"SearchAction\",\"target\":{\"@type\":\"EntryPoint\",\"urlTemplate\":\"https:\/\/pcmastersbogota.com.co\/es_es\/?s={search_term_string}\"},\"query-input\":{\"@type\":\"PropertyValueSpecification\",\"valueRequired\":true,\"valueName\":\"search_term_string\"}}],\"inLanguage\":\"es\"}]}<\/script>\n<!-- \/ Yoast SEO plugin. -->","yoast_head_json":{"title":"ZOTAC GAMING AMP RTX 5070 Ti DE 16GB OC Extreme INFINITY - PC MASTERS BOGOTA","robots":{"index":"index","follow":"follow","max-snippet":"max-snippet:-1","max-image-preview":"max-image-preview:large","max-video-preview":"max-video-preview:-1"},"canonical":"https:\/\/pcmastersbogota.com.co\/es_es\/producto\/zotac-gaming-solid-rtx-5070ti-de16gb-oc\/","og_locale":"es_ES","og_type":"article","og_title":"ZOTAC GAMING AMP RTX 5070 Ti DE 16GB OC Extreme INFINITY - PC MASTERS BOGOTA","og_description":"Caracter\u00edsticas destacadas: - Impulsada por la arquitectura NVIDIA Blackwell y DLSS 4 - La GPU ZOTAC GAMING definitiva - Dise\u00f1o Infinity Mirror - Refrigeraci\u00f3n avanzada IceStorm 3.0 - C\u00e1mara de vapor m\u00e1s grande - Ventiladores BladeLink - FREEZE Fan Stop, Control activo de ventilador, BIOS dual - Iluminaci\u00f3n RGB SPECTRA 2.0 - Puerto de sincronizaci\u00f3n de iluminaci\u00f3n SPECTRA LINK - Placa trasera de metal fundido a presi\u00f3n - Incluye soporte para GPU - Luz de seguridad de 12 V 2x6 - Nueva utilidad FireStorm - DESCARGAR","og_url":"https:\/\/pcmastersbogota.com.co\/es_es\/producto\/zotac-gaming-solid-rtx-5070ti-de16gb-oc\/","og_site_name":"PC MASTERS BOGOTA","article_modified_time":"2026-01-16T04:44:46+00:00","og_image":[{"width":2560,"height":1767,"url":"https:\/\/pcmastersbogota.com.co\/wp-content\/uploads\/2025\/04\/ZT-B50710B-10P-image01-scaled.jpg","type":"image\/jpeg"}],"twitter_card":"summary_large_image","twitter_misc":{"Tiempo de lectura":"3 minutos"},"schema":{"@context":"https:\/\/schema.org","@graph":[{"@type":"WebPage","@id":"https:\/\/pcmastersbogota.com.co\/producto\/zotac-gaming-solid-rtx-5070ti-de16gb-oc\/","url":"https:\/\/pcmastersbogota.com.co\/producto\/zotac-gaming-solid-rtx-5070ti-de16gb-oc\/","name":"ZOTAC GAMING AMP RTX 5070 Ti DE 16GB OC Extreme INFINITY - PC MASTERS BOGOTA","isPartOf":{"@id":"https:\/\/pcmastersbogota.com.co\/es_es\/#website"},"primaryImageOfPage":{"@id":"https:\/\/pcmastersbogota.com.co\/producto\/zotac-gaming-solid-rtx-5070ti-de16gb-oc\/#primaryimage"},"image":{"@id":"https:\/\/pcmastersbogota.com.co\/producto\/zotac-gaming-solid-rtx-5070ti-de16gb-oc\/#primaryimage"},"thumbnailUrl":"https:\/\/pcmastersbogota.com.co\/wp-content\/uploads\/2025\/04\/ZT-B50710B-10P-image01-scaled.jpg","datePublished":"2025-04-03T03:03:15+00:00","dateModified":"2026-01-16T04:44:46+00:00","breadcrumb":{"@id":"https:\/\/pcmastersbogota.com.co\/producto\/zotac-gaming-solid-rtx-5070ti-de16gb-oc\/#breadcrumb"},"inLanguage":"es","potentialAction":[{"@type":"ReadAction","target":["https:\/\/pcmastersbogota.com.co\/producto\/zotac-gaming-solid-rtx-5070ti-de16gb-oc\/"]}]},{"@type":"ImageObject","inLanguage":"es","@id":"https:\/\/pcmastersbogota.com.co\/producto\/zotac-gaming-solid-rtx-5070ti-de16gb-oc\/#primaryimage","url":"https:\/\/pcmastersbogota.com.co\/wp-content\/uploads\/2025\/04\/ZT-B50710B-10P-image01-scaled.jpg","contentUrl":"https:\/\/pcmastersbogota.com.co\/wp-content\/uploads\/2025\/04\/ZT-B50710B-10P-image01-scaled.jpg","width":2560,"height":1767},{"@type":"BreadcrumbList","@id":"https:\/\/pcmastersbogota.com.co\/producto\/zotac-gaming-solid-rtx-5070ti-de16gb-oc\/#breadcrumb","itemListElement":[{"@type":"ListItem","position":1,"name":"Home","item":"https:\/\/pcmastersbogota.com.co\/"},{"@type":"ListItem","position":2,"name":"Tienda","item":"https:\/\/pcmastersbogota.com.co\/es_es\/tienda\/"},{"@type":"ListItem","position":3,"name":"ZOTAC GAMING AMP RTX 5070 Ti DE 16GB OC Extreme INFINITY"}]},{"@type":"WebSite","@id":"https:\/\/pcmastersbogota.com.co\/es_es\/#website","url":"https:\/\/pcmastersbogota.com.co\/es_es\/","name":"PC MASTERS BOGOTA","description":"","potentialAction":[{"@type":"SearchAction","target":{"@type":"EntryPoint","urlTemplate":"https:\/\/pcmastersbogota.com.co\/es_es\/?s={search_term_string}"},"query-input":{"@type":"PropertyValueSpecification","valueRequired":true,"valueName":"search_term_string"}}],"inLanguage":"es"}]}},"brands":[{"id":363,"name":"ZOTAC","slug":"zotac"}],"_links":{"self":[{"href":"https:\/\/pcmastersbogota.com.co\/es_es\/wp-json\/wp\/v2\/product\/26314","targetHints":{"allow":["GET"]}}],"collection":[{"href":"https:\/\/pcmastersbogota.com.co\/es_es\/wp-json\/wp\/v2\/product"}],"about":[{"href":"https:\/\/pcmastersbogota.com.co\/es_es\/wp-json\/wp\/v2\/types\/product"}],"replies":[{"embeddable":true,"href":"https:\/\/pcmastersbogota.com.co\/es_es\/wp-json\/wp\/v2\/comments?post=26314"}],"version-history":[{"count":3,"href":"https:\/\/pcmastersbogota.com.co\/es_es\/wp-json\/wp\/v2\/product\/26314\/revisions"}],"predecessor-version":[{"id":26350,"href":"https:\/\/pcmastersbogota.com.co\/es_es\/wp-json\/wp\/v2\/product\/26314\/revisions\/26350"}],"wp:featuredmedia":[{"embeddable":true,"href":"https:\/\/pcmastersbogota.com.co\/es_es\/wp-json\/wp\/v2\/media\/26323"}],"wp:attachment":[{"href":"https:\/\/pcmastersbogota.com.co\/es_es\/wp-json\/wp\/v2\/media?parent=26314"}],"wp:term":[{"taxonomy":"pwb-brand","embeddable":true,"href":"https:\/\/pcmastersbogota.com.co\/es_es\/wp-json\/wp\/v2\/pwb-brand?post=26314"},{"taxonomy":"product_brand","embeddable":true,"href":"https:\/\/pcmastersbogota.com.co\/es_es\/wp-json\/wp\/v2\/product_brand?post=26314"},{"taxonomy":"product_cat","embeddable":true,"href":"https:\/\/pcmastersbogota.com.co\/es_es\/wp-json\/wp\/v2\/product_cat?post=26314"},{"taxonomy":"product_tag","embeddable":true,"href":"https:\/\/pcmastersbogota.com.co\/es_es\/wp-json\/wp\/v2\/product_tag?post=26314"}],"curies":[{"name":"wp","href":"https:\/\/api.w.org\/{rel}","templated":true}]}}