{"id":26673,"date":"2025-04-21T22:37:04","date_gmt":"2025-04-22T03:37:04","guid":{"rendered":"https:\/\/pcmastersbogota.com.co\/?post_type=product&#038;p=26673"},"modified":"2025-08-17T13:56:40","modified_gmt":"2025-08-17T18:56:40","slug":"thermaltake-view-270-white-snow","status":"publish","type":"product","link":"https:\/\/pcmastersbogota.com.co\/es_es\/producto\/thermaltake-view-270-white-snow\/","title":{"rendered":"THERMALTAKE VIEW 270 WHITE SNOW"},"content":{"rendered":"<h2 id=\"motherboard-sync-title\" class=\"fontCW w60 font45 colorW icenter paddtop5\" style=\"text-align: center;\"><a href=\"https:\/\/pcmastersbogota.com.co\/wp-content\/uploads\/2025\/04\/imagen_2025-04-21_221941453.png\"><img fetchpriority=\"high\" decoding=\"async\" class=\"alignnone size-full wp-image-26652\" src=\"https:\/\/pcmastersbogota.com.co\/wp-content\/uploads\/2025\/04\/imagen_2025-04-21_221941453.png\" alt=\"\" width=\"1846\" height=\"800\" srcset=\"https:\/\/pcmastersbogota.com.co\/wp-content\/uploads\/2025\/04\/imagen_2025-04-21_221941453.png 1846w, https:\/\/pcmastersbogota.com.co\/wp-content\/uploads\/2025\/04\/imagen_2025-04-21_221941453-300x130.png 300w, https:\/\/pcmastersbogota.com.co\/wp-content\/uploads\/2025\/04\/imagen_2025-04-21_221941453-1024x444.png 1024w, https:\/\/pcmastersbogota.com.co\/wp-content\/uploads\/2025\/04\/imagen_2025-04-21_221941453-768x333.png 768w, https:\/\/pcmastersbogota.com.co\/wp-content\/uploads\/2025\/04\/imagen_2025-04-21_221941453-1536x666.png 1536w, https:\/\/pcmastersbogota.com.co\/wp-content\/uploads\/2025\/04\/imagen_2025-04-21_221941453-18x8.png 18w, https:\/\/pcmastersbogota.com.co\/wp-content\/uploads\/2025\/04\/imagen_2025-04-21_221941453-1200x520.png 1200w, https:\/\/pcmastersbogota.com.co\/wp-content\/uploads\/2025\/04\/imagen_2025-04-21_221941453-150x65.png 150w\" sizes=\"(max-width: 1846px) 100vw, 1846px\" \/><\/a> <a href=\"https:\/\/pcmastersbogota.com.co\/wp-content\/uploads\/2025\/04\/imagen_2025-04-21_221958979.png\"><img decoding=\"async\" class=\"alignnone size-full wp-image-26653\" src=\"https:\/\/pcmastersbogota.com.co\/wp-content\/uploads\/2025\/04\/imagen_2025-04-21_221958979.png\" alt=\"\" width=\"1896\" height=\"782\" srcset=\"https:\/\/pcmastersbogota.com.co\/wp-content\/uploads\/2025\/04\/imagen_2025-04-21_221958979.png 1896w, https:\/\/pcmastersbogota.com.co\/wp-content\/uploads\/2025\/04\/imagen_2025-04-21_221958979-300x124.png 300w, https:\/\/pcmastersbogota.com.co\/wp-content\/uploads\/2025\/04\/imagen_2025-04-21_221958979-1024x422.png 1024w, https:\/\/pcmastersbogota.com.co\/wp-content\/uploads\/2025\/04\/imagen_2025-04-21_221958979-768x317.png 768w, https:\/\/pcmastersbogota.com.co\/wp-content\/uploads\/2025\/04\/imagen_2025-04-21_221958979-1536x634.png 1536w, https:\/\/pcmastersbogota.com.co\/wp-content\/uploads\/2025\/04\/imagen_2025-04-21_221958979-18x7.png 18w, https:\/\/pcmastersbogota.com.co\/wp-content\/uploads\/2025\/04\/imagen_2025-04-21_221958979-1200x495.png 1200w, https:\/\/pcmastersbogota.com.co\/wp-content\/uploads\/2025\/04\/imagen_2025-04-21_221958979-150x62.png 150w\" sizes=\"(max-width: 1896px) 100vw, 1896px\" \/><\/a> <a href=\"https:\/\/pcmastersbogota.com.co\/wp-content\/uploads\/2025\/04\/imagen_2025-04-21_222025286.png\"><img decoding=\"async\" class=\"alignnone size-full wp-image-26654\" src=\"https:\/\/pcmastersbogota.com.co\/wp-content\/uploads\/2025\/04\/imagen_2025-04-21_222025286.png\" alt=\"\" width=\"1813\" height=\"942\" srcset=\"https:\/\/pcmastersbogota.com.co\/wp-content\/uploads\/2025\/04\/imagen_2025-04-21_222025286.png 1813w, https:\/\/pcmastersbogota.com.co\/wp-content\/uploads\/2025\/04\/imagen_2025-04-21_222025286-300x156.png 300w, https:\/\/pcmastersbogota.com.co\/wp-content\/uploads\/2025\/04\/imagen_2025-04-21_222025286-1024x532.png 1024w, https:\/\/pcmastersbogota.com.co\/wp-content\/uploads\/2025\/04\/imagen_2025-04-21_222025286-768x399.png 768w, https:\/\/pcmastersbogota.com.co\/wp-content\/uploads\/2025\/04\/imagen_2025-04-21_222025286-1536x798.png 1536w, https:\/\/pcmastersbogota.com.co\/wp-content\/uploads\/2025\/04\/imagen_2025-04-21_222025286-18x9.png 18w, https:\/\/pcmastersbogota.com.co\/wp-content\/uploads\/2025\/04\/imagen_2025-04-21_222025286-1200x623.png 1200w, https:\/\/pcmastersbogota.com.co\/wp-content\/uploads\/2025\/04\/imagen_2025-04-21_222025286-150x78.png 150w\" sizes=\"(max-width: 1813px) 100vw, 1813px\" \/><\/a> <a href=\"https:\/\/pcmastersbogota.com.co\/wp-content\/uploads\/2025\/04\/imagen_2025-04-21_222044670.png\"><img loading=\"lazy\" decoding=\"async\" class=\"alignnone size-full wp-image-26655\" src=\"https:\/\/pcmastersbogota.com.co\/wp-content\/uploads\/2025\/04\/imagen_2025-04-21_222044670.png\" alt=\"\" width=\"1818\" height=\"891\" srcset=\"https:\/\/pcmastersbogota.com.co\/wp-content\/uploads\/2025\/04\/imagen_2025-04-21_222044670.png 1818w, https:\/\/pcmastersbogota.com.co\/wp-content\/uploads\/2025\/04\/imagen_2025-04-21_222044670-300x147.png 300w, https:\/\/pcmastersbogota.com.co\/wp-content\/uploads\/2025\/04\/imagen_2025-04-21_222044670-1024x502.png 1024w, https:\/\/pcmastersbogota.com.co\/wp-content\/uploads\/2025\/04\/imagen_2025-04-21_222044670-768x376.png 768w, https:\/\/pcmastersbogota.com.co\/wp-content\/uploads\/2025\/04\/imagen_2025-04-21_222044670-1536x753.png 1536w, https:\/\/pcmastersbogota.com.co\/wp-content\/uploads\/2025\/04\/imagen_2025-04-21_222044670-18x9.png 18w, https:\/\/pcmastersbogota.com.co\/wp-content\/uploads\/2025\/04\/imagen_2025-04-21_222044670-1200x588.png 1200w, https:\/\/pcmastersbogota.com.co\/wp-content\/uploads\/2025\/04\/imagen_2025-04-21_222044670-150x74.png 150w\" sizes=\"(max-width: 1818px) 100vw, 1818px\" \/><\/a> <a href=\"https:\/\/pcmastersbogota.com.co\/wp-content\/uploads\/2025\/04\/imagen_2025-04-21_222100631.png\"><img loading=\"lazy\" decoding=\"async\" class=\"alignnone size-full wp-image-26656\" src=\"https:\/\/pcmastersbogota.com.co\/wp-content\/uploads\/2025\/04\/imagen_2025-04-21_222100631.png\" alt=\"\" width=\"1555\" height=\"815\" srcset=\"https:\/\/pcmastersbogota.com.co\/wp-content\/uploads\/2025\/04\/imagen_2025-04-21_222100631.png 1555w, https:\/\/pcmastersbogota.com.co\/wp-content\/uploads\/2025\/04\/imagen_2025-04-21_222100631-300x157.png 300w, https:\/\/pcmastersbogota.com.co\/wp-content\/uploads\/2025\/04\/imagen_2025-04-21_222100631-1024x537.png 1024w, https:\/\/pcmastersbogota.com.co\/wp-content\/uploads\/2025\/04\/imagen_2025-04-21_222100631-768x403.png 768w, https:\/\/pcmastersbogota.com.co\/wp-content\/uploads\/2025\/04\/imagen_2025-04-21_222100631-1536x805.png 1536w, https:\/\/pcmastersbogota.com.co\/wp-content\/uploads\/2025\/04\/imagen_2025-04-21_222100631-18x9.png 18w, https:\/\/pcmastersbogota.com.co\/wp-content\/uploads\/2025\/04\/imagen_2025-04-21_222100631-1200x629.png 1200w, https:\/\/pcmastersbogota.com.co\/wp-content\/uploads\/2025\/04\/imagen_2025-04-21_222100631-150x79.png 150w\" sizes=\"(max-width: 1555px) 100vw, 1555px\" \/><\/a> <a href=\"https:\/\/pcmastersbogota.com.co\/wp-content\/uploads\/2025\/04\/imagen_2025-04-21_222117145.png\"><img loading=\"lazy\" decoding=\"async\" class=\"alignnone size-full wp-image-26657\" src=\"https:\/\/pcmastersbogota.com.co\/wp-content\/uploads\/2025\/04\/imagen_2025-04-21_222117145.png\" alt=\"\" width=\"1986\" height=\"942\" srcset=\"https:\/\/pcmastersbogota.com.co\/wp-content\/uploads\/2025\/04\/imagen_2025-04-21_222117145.png 1986w, https:\/\/pcmastersbogota.com.co\/wp-content\/uploads\/2025\/04\/imagen_2025-04-21_222117145-300x142.png 300w, https:\/\/pcmastersbogota.com.co\/wp-content\/uploads\/2025\/04\/imagen_2025-04-21_222117145-1024x486.png 1024w, https:\/\/pcmastersbogota.com.co\/wp-content\/uploads\/2025\/04\/imagen_2025-04-21_222117145-768x364.png 768w, https:\/\/pcmastersbogota.com.co\/wp-content\/uploads\/2025\/04\/imagen_2025-04-21_222117145-1536x729.png 1536w, https:\/\/pcmastersbogota.com.co\/wp-content\/uploads\/2025\/04\/imagen_2025-04-21_222117145-18x9.png 18w, https:\/\/pcmastersbogota.com.co\/wp-content\/uploads\/2025\/04\/imagen_2025-04-21_222117145-1200x569.png 1200w, https:\/\/pcmastersbogota.com.co\/wp-content\/uploads\/2025\/04\/imagen_2025-04-21_222117145-150x71.png 150w\" sizes=\"(max-width: 1986px) 100vw, 1986px\" \/><\/a> <a href=\"https:\/\/pcmastersbogota.com.co\/wp-content\/uploads\/2025\/04\/imagen_2025-04-21_222202130.png\"><img loading=\"lazy\" decoding=\"async\" class=\"alignnone size-full wp-image-26659\" src=\"https:\/\/pcmastersbogota.com.co\/wp-content\/uploads\/2025\/04\/imagen_2025-04-21_222202130.png\" alt=\"\" width=\"811\" height=\"786\" srcset=\"https:\/\/pcmastersbogota.com.co\/wp-content\/uploads\/2025\/04\/imagen_2025-04-21_222202130.png 811w, https:\/\/pcmastersbogota.com.co\/wp-content\/uploads\/2025\/04\/imagen_2025-04-21_222202130-300x291.png 300w, https:\/\/pcmastersbogota.com.co\/wp-content\/uploads\/2025\/04\/imagen_2025-04-21_222202130-768x744.png 768w, https:\/\/pcmastersbogota.com.co\/wp-content\/uploads\/2025\/04\/imagen_2025-04-21_222202130-12x12.png 12w, https:\/\/pcmastersbogota.com.co\/wp-content\/uploads\/2025\/04\/imagen_2025-04-21_222202130-150x145.png 150w\" sizes=\"(max-width: 811px) 100vw, 811px\" \/><\/a> <a href=\"https:\/\/pcmastersbogota.com.co\/wp-content\/uploads\/2025\/04\/imagen_2025-04-21_222240638.png\"><img loading=\"lazy\" decoding=\"async\" class=\"alignnone size-full wp-image-26660\" src=\"https:\/\/pcmastersbogota.com.co\/wp-content\/uploads\/2025\/04\/imagen_2025-04-21_222240638.png\" alt=\"\" width=\"1489\" height=\"901\" srcset=\"https:\/\/pcmastersbogota.com.co\/wp-content\/uploads\/2025\/04\/imagen_2025-04-21_222240638.png 1489w, https:\/\/pcmastersbogota.com.co\/wp-content\/uploads\/2025\/04\/imagen_2025-04-21_222240638-300x182.png 300w, https:\/\/pcmastersbogota.com.co\/wp-content\/uploads\/2025\/04\/imagen_2025-04-21_222240638-1024x620.png 1024w, https:\/\/pcmastersbogota.com.co\/wp-content\/uploads\/2025\/04\/imagen_2025-04-21_222240638-768x465.png 768w, https:\/\/pcmastersbogota.com.co\/wp-content\/uploads\/2025\/04\/imagen_2025-04-21_222240638-18x12.png 18w, https:\/\/pcmastersbogota.com.co\/wp-content\/uploads\/2025\/04\/imagen_2025-04-21_222240638-1200x726.png 1200w, https:\/\/pcmastersbogota.com.co\/wp-content\/uploads\/2025\/04\/imagen_2025-04-21_222240638-150x91.png 150w\" sizes=\"(max-width: 1489px) 100vw, 1489px\" \/><\/a> <a href=\"https:\/\/pcmastersbogota.com.co\/wp-content\/uploads\/2025\/04\/imagen_2025-04-21_222257292.png\"><img loading=\"lazy\" decoding=\"async\" class=\"alignnone size-full wp-image-26661\" src=\"https:\/\/pcmastersbogota.com.co\/wp-content\/uploads\/2025\/04\/imagen_2025-04-21_222257292.png\" alt=\"\" width=\"2130\" height=\"793\" srcset=\"https:\/\/pcmastersbogota.com.co\/wp-content\/uploads\/2025\/04\/imagen_2025-04-21_222257292.png 2130w, https:\/\/pcmastersbogota.com.co\/wp-content\/uploads\/2025\/04\/imagen_2025-04-21_222257292-300x112.png 300w, https:\/\/pcmastersbogota.com.co\/wp-content\/uploads\/2025\/04\/imagen_2025-04-21_222257292-1024x381.png 1024w, https:\/\/pcmastersbogota.com.co\/wp-content\/uploads\/2025\/04\/imagen_2025-04-21_222257292-768x286.png 768w, https:\/\/pcmastersbogota.com.co\/wp-content\/uploads\/2025\/04\/imagen_2025-04-21_222257292-1536x572.png 1536w, https:\/\/pcmastersbogota.com.co\/wp-content\/uploads\/2025\/04\/imagen_2025-04-21_222257292-2048x762.png 2048w, https:\/\/pcmastersbogota.com.co\/wp-content\/uploads\/2025\/04\/imagen_2025-04-21_222257292-18x7.png 18w, https:\/\/pcmastersbogota.com.co\/wp-content\/uploads\/2025\/04\/imagen_2025-04-21_222257292-1200x447.png 1200w, https:\/\/pcmastersbogota.com.co\/wp-content\/uploads\/2025\/04\/imagen_2025-04-21_222257292-150x56.png 150w\" sizes=\"(max-width: 2130px) 100vw, 2130px\" \/><\/a> <a href=\"https:\/\/pcmastersbogota.com.co\/wp-content\/uploads\/2025\/04\/imagen_2025-04-21_222315116.png\"><img loading=\"lazy\" decoding=\"async\" class=\"alignnone size-full wp-image-26662\" src=\"https:\/\/pcmastersbogota.com.co\/wp-content\/uploads\/2025\/04\/imagen_2025-04-21_222315116.png\" alt=\"\" width=\"1414\" height=\"765\" srcset=\"https:\/\/pcmastersbogota.com.co\/wp-content\/uploads\/2025\/04\/imagen_2025-04-21_222315116.png 1414w, https:\/\/pcmastersbogota.com.co\/wp-content\/uploads\/2025\/04\/imagen_2025-04-21_222315116-300x162.png 300w, https:\/\/pcmastersbogota.com.co\/wp-content\/uploads\/2025\/04\/imagen_2025-04-21_222315116-1024x554.png 1024w, https:\/\/pcmastersbogota.com.co\/wp-content\/uploads\/2025\/04\/imagen_2025-04-21_222315116-768x416.png 768w, https:\/\/pcmastersbogota.com.co\/wp-content\/uploads\/2025\/04\/imagen_2025-04-21_222315116-18x10.png 18w, https:\/\/pcmastersbogota.com.co\/wp-content\/uploads\/2025\/04\/imagen_2025-04-21_222315116-1200x649.png 1200w, https:\/\/pcmastersbogota.com.co\/wp-content\/uploads\/2025\/04\/imagen_2025-04-21_222315116-150x81.png 150w\" sizes=\"(max-width: 1414px) 100vw, 1414px\" \/><\/a> <a href=\"https:\/\/pcmastersbogota.com.co\/wp-content\/uploads\/2025\/04\/imagen_2025-04-21_222329631.png\"><img loading=\"lazy\" decoding=\"async\" class=\"alignnone size-full wp-image-26663\" src=\"https:\/\/pcmastersbogota.com.co\/wp-content\/uploads\/2025\/04\/imagen_2025-04-21_222329631.png\" alt=\"\" width=\"1545\" height=\"743\" srcset=\"https:\/\/pcmastersbogota.com.co\/wp-content\/uploads\/2025\/04\/imagen_2025-04-21_222329631.png 1545w, https:\/\/pcmastersbogota.com.co\/wp-content\/uploads\/2025\/04\/imagen_2025-04-21_222329631-300x144.png 300w, https:\/\/pcmastersbogota.com.co\/wp-content\/uploads\/2025\/04\/imagen_2025-04-21_222329631-1024x492.png 1024w, https:\/\/pcmastersbogota.com.co\/wp-content\/uploads\/2025\/04\/imagen_2025-04-21_222329631-768x369.png 768w, https:\/\/pcmastersbogota.com.co\/wp-content\/uploads\/2025\/04\/imagen_2025-04-21_222329631-1536x739.png 1536w, https:\/\/pcmastersbogota.com.co\/wp-content\/uploads\/2025\/04\/imagen_2025-04-21_222329631-18x9.png 18w, https:\/\/pcmastersbogota.com.co\/wp-content\/uploads\/2025\/04\/imagen_2025-04-21_222329631-1200x577.png 1200w, https:\/\/pcmastersbogota.com.co\/wp-content\/uploads\/2025\/04\/imagen_2025-04-21_222329631-150x72.png 150w\" sizes=\"(max-width: 1545px) 100vw, 1545px\" \/><\/a> <a href=\"https:\/\/pcmastersbogota.com.co\/wp-content\/uploads\/2025\/04\/imagen_2025-04-21_222456048.png\"><img loading=\"lazy\" decoding=\"async\" class=\"alignnone size-full wp-image-26664\" src=\"https:\/\/pcmastersbogota.com.co\/wp-content\/uploads\/2025\/04\/imagen_2025-04-21_222456048.png\" alt=\"\" width=\"1131\" height=\"1148\" srcset=\"https:\/\/pcmastersbogota.com.co\/wp-content\/uploads\/2025\/04\/imagen_2025-04-21_222456048.png 1131w, https:\/\/pcmastersbogota.com.co\/wp-content\/uploads\/2025\/04\/imagen_2025-04-21_222456048-296x300.png 296w, https:\/\/pcmastersbogota.com.co\/wp-content\/uploads\/2025\/04\/imagen_2025-04-21_222456048-1009x1024.png 1009w, https:\/\/pcmastersbogota.com.co\/wp-content\/uploads\/2025\/04\/imagen_2025-04-21_222456048-768x780.png 768w, https:\/\/pcmastersbogota.com.co\/wp-content\/uploads\/2025\/04\/imagen_2025-04-21_222456048-12x12.png 12w, https:\/\/pcmastersbogota.com.co\/wp-content\/uploads\/2025\/04\/imagen_2025-04-21_222456048-150x152.png 150w\" sizes=\"(max-width: 1131px) 100vw, 1131px\" \/><\/a><br \/>\nSincronizar con el software RGB de la placa base<\/h2>\n<p class=\"font24 w60 colorW icenter\" style=\"text-align: center;\">Dise\u00f1ado para sincronizarse con ASUS Aura Sync, GIGABYTE RGB Fusion, MSI Mystic Light Sync y ASRock Polychrome. Es compatible con placas base con un conector RGB direccionable de 5 V, lo que permite controlar las luces directamente desde el software mencionado, sin necesidad de instalar software ni controladores de iluminaci\u00f3n adicionales. Para m\u00e1s informaci\u00f3n, visite los sitios web oficiales de ASUS, GIGABYTE, MSI y ASRock.<\/p>\n","protected":false},"excerpt":{"rendered":"<div class=\"product attribute overview\">\n<div class=\"value\" style=\"text-align: center;\">Dise\u00f1ado para una visualizaci\u00f3n incre\u00edble, el chasis de torre media View 270 TG ARGB es un gabinete ATX que cuenta con paneles frontales e izquierdos de vidrio templado y viene con 3 ventiladores de enfriamiento de PC CT140 ARGB Sync preinstalado.<\/div>\n<\/div>\n<div class=\"award\" style=\"text-align: center;\"><\/div>\n<div class=\"productIcon\" style=\"text-align: center;\"><\/div>\n<div class=\"softwareIcon\"><\/div>\n<div class=\"softwareIcon\"><img decoding=\"async\" src=\"https:\/\/thermaltake-de-bhgycxg9djfgcmfn.a02.azurefd.net\/media\/wysiwyg\/key3\/support_software\/ASROCKPOLYCHROMERGB.png\" width=\"80px\" \/><img decoding=\"async\" src=\"https:\/\/thermaltake-de-bhgycxg9djfgcmfn.a02.azurefd.net\/media\/wysiwyg\/key3\/support_software\/ASUS_AURA_SYNC.jpg\" width=\"80px\" \/><img decoding=\"async\" src=\"https:\/\/thermaltake-de-bhgycxg9djfgcmfn.a02.azurefd.net\/media\/wysiwyg\/key3\/support_software\/GIGABYTE_RGB_FUSION_READY.jpg\" width=\"80px\" \/><img decoding=\"async\" src=\"https:\/\/thermaltake-de-bhgycxg9djfgcmfn.a02.azurefd.net\/media\/wysiwyg\/key3\/support_software\/msilight.jpg\" width=\"80px\" \/><\/div>\n","protected":false},"featured_media":26674,"comment_status":"closed","ping_status":"closed","template":"","meta":[],"pwb-brand":[102],"product_brand":[],"product_cat":[76],"product_tag":[537,536],"class_list":{"0":"post-26673","1":"product","2":"type-product","3":"status-publish","4":"has-post-thumbnail","6":"pwb-brand-thermaltake","7":"product_cat-chasis","8":"product_tag-pecera","9":"product_tag-thermaltake","11":"first","12":"instock","13":"taxable","14":"shipping-taxable","15":"purchasable","16":"product-type-simple"},"yoast_head":"<!-- This site is optimized with the Yoast SEO plugin v26.7 - https:\/\/yoast.com\/wordpress\/plugins\/seo\/ -->\n<title>THERMALTAKE VIEW 270 WHITE SNOW - PC MASTERS BOGOTA<\/title>\n<meta name=\"robots\" content=\"index, follow, max-snippet:-1, max-image-preview:large, max-video-preview:-1\" \/>\n<link rel=\"canonical\" href=\"https:\/\/pcmastersbogota.com.co\/es_es\/producto\/thermaltake-view-270-white-snow\/\" \/>\n<meta property=\"og:locale\" content=\"es_ES\" \/>\n<meta property=\"og:type\" content=\"article\" \/>\n<meta property=\"og:title\" content=\"THERMALTAKE VIEW 270 WHITE SNOW - PC MASTERS BOGOTA\" \/>\n<meta property=\"og:description\" content=\"Dise\u00f1ado para una visualizaci\u00f3n incre\u00edble, el chasis de torre media View 270 TG ARGB es un gabinete ATX que cuenta con paneles frontales e izquierdos de vidrio templado y viene con 3 ventiladores de enfriamiento de PC CT140 ARGB Sync preinstalado.\" \/>\n<meta property=\"og:url\" content=\"https:\/\/pcmastersbogota.com.co\/es_es\/producto\/thermaltake-view-270-white-snow\/\" \/>\n<meta property=\"og:site_name\" content=\"PC MASTERS BOGOTA\" \/>\n<meta property=\"article:modified_time\" content=\"2025-08-17T18:56:40+00:00\" \/>\n<meta property=\"og:image\" content=\"https:\/\/pcmastersbogota.com.co\/wp-content\/uploads\/2025\/04\/imagen_2025-04-21_223742250.png\" \/>\n\t<meta property=\"og:image:width\" content=\"720\" \/>\n\t<meta property=\"og:image:height\" content=\"720\" \/>\n\t<meta property=\"og:image:type\" content=\"image\/png\" \/>\n<meta name=\"twitter:card\" content=\"summary_large_image\" \/>\n<meta name=\"twitter:label1\" content=\"Tiempo de lectura\" \/>\n\t<meta name=\"twitter:data1\" content=\"3 minutos\" \/>\n<script type=\"application\/ld+json\" class=\"yoast-schema-graph\">{\"@context\":\"https:\/\/schema.org\",\"@graph\":[{\"@type\":\"WebPage\",\"@id\":\"https:\/\/pcmastersbogota.com.co\/producto\/thermaltake-view-270-white-snow\/\",\"url\":\"https:\/\/pcmastersbogota.com.co\/producto\/thermaltake-view-270-white-snow\/\",\"name\":\"THERMALTAKE VIEW 270 WHITE SNOW - PC MASTERS BOGOTA\",\"isPartOf\":{\"@id\":\"https:\/\/pcmastersbogota.com.co\/es_es\/#website\"},\"primaryImageOfPage\":{\"@id\":\"https:\/\/pcmastersbogota.com.co\/producto\/thermaltake-view-270-white-snow\/#primaryimage\"},\"image\":{\"@id\":\"https:\/\/pcmastersbogota.com.co\/producto\/thermaltake-view-270-white-snow\/#primaryimage\"},\"thumbnailUrl\":\"https:\/\/pcmastersbogota.com.co\/wp-content\/uploads\/2025\/04\/imagen_2025-04-21_223742250.png\",\"datePublished\":\"2025-04-22T03:37:04+00:00\",\"dateModified\":\"2025-08-17T18:56:40+00:00\",\"breadcrumb\":{\"@id\":\"https:\/\/pcmastersbogota.com.co\/producto\/thermaltake-view-270-white-snow\/#breadcrumb\"},\"inLanguage\":\"es\",\"potentialAction\":[{\"@type\":\"ReadAction\",\"target\":[\"https:\/\/pcmastersbogota.com.co\/producto\/thermaltake-view-270-white-snow\/\"]}]},{\"@type\":\"ImageObject\",\"inLanguage\":\"es\",\"@id\":\"https:\/\/pcmastersbogota.com.co\/producto\/thermaltake-view-270-white-snow\/#primaryimage\",\"url\":\"https:\/\/pcmastersbogota.com.co\/wp-content\/uploads\/2025\/04\/imagen_2025-04-21_223742250.png\",\"contentUrl\":\"https:\/\/pcmastersbogota.com.co\/wp-content\/uploads\/2025\/04\/imagen_2025-04-21_223742250.png\",\"width\":720,\"height\":720},{\"@type\":\"BreadcrumbList\",\"@id\":\"https:\/\/pcmastersbogota.com.co\/producto\/thermaltake-view-270-white-snow\/#breadcrumb\",\"itemListElement\":[{\"@type\":\"ListItem\",\"position\":1,\"name\":\"Home\",\"item\":\"https:\/\/pcmastersbogota.com.co\/\"},{\"@type\":\"ListItem\",\"position\":2,\"name\":\"Tienda\",\"item\":\"https:\/\/pcmastersbogota.com.co\/es_es\/tienda\/\"},{\"@type\":\"ListItem\",\"position\":3,\"name\":\"THERMALTAKE VIEW 270 WHITE SNOW\"}]},{\"@type\":\"WebSite\",\"@id\":\"https:\/\/pcmastersbogota.com.co\/es_es\/#website\",\"url\":\"https:\/\/pcmastersbogota.com.co\/es_es\/\",\"name\":\"PC MASTERS BOGOTA\",\"description\":\"\",\"potentialAction\":[{\"@type\":\"SearchAction\",\"target\":{\"@type\":\"EntryPoint\",\"urlTemplate\":\"https:\/\/pcmastersbogota.com.co\/es_es\/?s={search_term_string}\"},\"query-input\":{\"@type\":\"PropertyValueSpecification\",\"valueRequired\":true,\"valueName\":\"search_term_string\"}}],\"inLanguage\":\"es\"}]}<\/script>\n<!-- \/ Yoast SEO plugin. -->","yoast_head_json":{"title":"THERMALTAKE VIEW 270 WHITE SNOW - PC MASTERS BOGOTA","robots":{"index":"index","follow":"follow","max-snippet":"max-snippet:-1","max-image-preview":"max-image-preview:large","max-video-preview":"max-video-preview:-1"},"canonical":"https:\/\/pcmastersbogota.com.co\/es_es\/producto\/thermaltake-view-270-white-snow\/","og_locale":"es_ES","og_type":"article","og_title":"THERMALTAKE VIEW 270 WHITE SNOW - PC MASTERS BOGOTA","og_description":"Dise\u00f1ado para una visualizaci\u00f3n incre\u00edble, el chasis de torre media View 270 TG ARGB es un gabinete ATX que cuenta con paneles frontales e izquierdos de vidrio templado y viene con 3 ventiladores de enfriamiento de PC CT140 ARGB Sync preinstalado.","og_url":"https:\/\/pcmastersbogota.com.co\/es_es\/producto\/thermaltake-view-270-white-snow\/","og_site_name":"PC MASTERS BOGOTA","article_modified_time":"2025-08-17T18:56:40+00:00","og_image":[{"width":720,"height":720,"url":"https:\/\/pcmastersbogota.com.co\/wp-content\/uploads\/2025\/04\/imagen_2025-04-21_223742250.png","type":"image\/png"}],"twitter_card":"summary_large_image","twitter_misc":{"Tiempo de lectura":"3 minutos"},"schema":{"@context":"https:\/\/schema.org","@graph":[{"@type":"WebPage","@id":"https:\/\/pcmastersbogota.com.co\/producto\/thermaltake-view-270-white-snow\/","url":"https:\/\/pcmastersbogota.com.co\/producto\/thermaltake-view-270-white-snow\/","name":"THERMALTAKE VIEW 270 WHITE SNOW - PC MASTERS BOGOTA","isPartOf":{"@id":"https:\/\/pcmastersbogota.com.co\/es_es\/#website"},"primaryImageOfPage":{"@id":"https:\/\/pcmastersbogota.com.co\/producto\/thermaltake-view-270-white-snow\/#primaryimage"},"image":{"@id":"https:\/\/pcmastersbogota.com.co\/producto\/thermaltake-view-270-white-snow\/#primaryimage"},"thumbnailUrl":"https:\/\/pcmastersbogota.com.co\/wp-content\/uploads\/2025\/04\/imagen_2025-04-21_223742250.png","datePublished":"2025-04-22T03:37:04+00:00","dateModified":"2025-08-17T18:56:40+00:00","breadcrumb":{"@id":"https:\/\/pcmastersbogota.com.co\/producto\/thermaltake-view-270-white-snow\/#breadcrumb"},"inLanguage":"es","potentialAction":[{"@type":"ReadAction","target":["https:\/\/pcmastersbogota.com.co\/producto\/thermaltake-view-270-white-snow\/"]}]},{"@type":"ImageObject","inLanguage":"es","@id":"https:\/\/pcmastersbogota.com.co\/producto\/thermaltake-view-270-white-snow\/#primaryimage","url":"https:\/\/pcmastersbogota.com.co\/wp-content\/uploads\/2025\/04\/imagen_2025-04-21_223742250.png","contentUrl":"https:\/\/pcmastersbogota.com.co\/wp-content\/uploads\/2025\/04\/imagen_2025-04-21_223742250.png","width":720,"height":720},{"@type":"BreadcrumbList","@id":"https:\/\/pcmastersbogota.com.co\/producto\/thermaltake-view-270-white-snow\/#breadcrumb","itemListElement":[{"@type":"ListItem","position":1,"name":"Home","item":"https:\/\/pcmastersbogota.com.co\/"},{"@type":"ListItem","position":2,"name":"Tienda","item":"https:\/\/pcmastersbogota.com.co\/es_es\/tienda\/"},{"@type":"ListItem","position":3,"name":"THERMALTAKE VIEW 270 WHITE SNOW"}]},{"@type":"WebSite","@id":"https:\/\/pcmastersbogota.com.co\/es_es\/#website","url":"https:\/\/pcmastersbogota.com.co\/es_es\/","name":"PC MASTERS BOGOTA","description":"","potentialAction":[{"@type":"SearchAction","target":{"@type":"EntryPoint","urlTemplate":"https:\/\/pcmastersbogota.com.co\/es_es\/?s={search_term_string}"},"query-input":{"@type":"PropertyValueSpecification","valueRequired":true,"valueName":"search_term_string"}}],"inLanguage":"es"}]}},"brands":[{"id":102,"name":"THERMALTAKE","slug":"thermaltake"}],"_links":{"self":[{"href":"https:\/\/pcmastersbogota.com.co\/es_es\/wp-json\/wp\/v2\/product\/26673","targetHints":{"allow":["GET"]}}],"collection":[{"href":"https:\/\/pcmastersbogota.com.co\/es_es\/wp-json\/wp\/v2\/product"}],"about":[{"href":"https:\/\/pcmastersbogota.com.co\/es_es\/wp-json\/wp\/v2\/types\/product"}],"replies":[{"embeddable":true,"href":"https:\/\/pcmastersbogota.com.co\/es_es\/wp-json\/wp\/v2\/comments?post=26673"}],"version-history":[{"count":3,"href":"https:\/\/pcmastersbogota.com.co\/es_es\/wp-json\/wp\/v2\/product\/26673\/revisions"}],"predecessor-version":[{"id":28998,"href":"https:\/\/pcmastersbogota.com.co\/es_es\/wp-json\/wp\/v2\/product\/26673\/revisions\/28998"}],"wp:featuredmedia":[{"embeddable":true,"href":"https:\/\/pcmastersbogota.com.co\/es_es\/wp-json\/wp\/v2\/media\/26674"}],"wp:attachment":[{"href":"https:\/\/pcmastersbogota.com.co\/es_es\/wp-json\/wp\/v2\/media?parent=26673"}],"wp:term":[{"taxonomy":"pwb-brand","embeddable":true,"href":"https:\/\/pcmastersbogota.com.co\/es_es\/wp-json\/wp\/v2\/pwb-brand?post=26673"},{"taxonomy":"product_brand","embeddable":true,"href":"https:\/\/pcmastersbogota.com.co\/es_es\/wp-json\/wp\/v2\/product_brand?post=26673"},{"taxonomy":"product_cat","embeddable":true,"href":"https:\/\/pcmastersbogota.com.co\/es_es\/wp-json\/wp\/v2\/product_cat?post=26673"},{"taxonomy":"product_tag","embeddable":true,"href":"https:\/\/pcmastersbogota.com.co\/es_es\/wp-json\/wp\/v2\/product_tag?post=26673"}],"curies":[{"name":"wp","href":"https:\/\/api.w.org\/{rel}","templated":true}]}}