{"id":26952,"date":"2025-05-07T11:36:42","date_gmt":"2025-05-07T16:36:42","guid":{"rendered":"https:\/\/pcmastersbogota.com.co\/?post_type=product&#038;p=26952"},"modified":"2026-04-10T13:09:27","modified_gmt":"2026-04-10T18:09:27","slug":"gigabyte-eagle-rtx-5070-de-12gb","status":"publish","type":"product","link":"https:\/\/pcmastersbogota.com.co\/es_es\/producto\/gigabyte-eagle-rtx-5070-de-12gb\/","title":{"rendered":"GIGABYTE EAGLE RTX 5070 DE 12GB"},"content":{"rendered":"<p style=\"text-align: center;\"><a href=\"https:\/\/pcmastersbogota.com.co\/wp-content\/uploads\/2025\/05\/imagen_2025-05-07_110609955.png\"><img fetchpriority=\"high\" decoding=\"async\" class=\"size-full wp-image-26953 aligncenter\" src=\"https:\/\/pcmastersbogota.com.co\/wp-content\/uploads\/2025\/05\/imagen_2025-05-07_110609955.png\" alt=\"\" width=\"900\" height=\"549\" srcset=\"https:\/\/pcmastersbogota.com.co\/wp-content\/uploads\/2025\/05\/imagen_2025-05-07_110609955.png 900w, https:\/\/pcmastersbogota.com.co\/wp-content\/uploads\/2025\/05\/imagen_2025-05-07_110609955-300x183.png 300w, https:\/\/pcmastersbogota.com.co\/wp-content\/uploads\/2025\/05\/imagen_2025-05-07_110609955-768x468.png 768w, https:\/\/pcmastersbogota.com.co\/wp-content\/uploads\/2025\/05\/imagen_2025-05-07_110609955-18x12.png 18w, https:\/\/pcmastersbogota.com.co\/wp-content\/uploads\/2025\/05\/imagen_2025-05-07_110609955-150x92.png 150w\" sizes=\"(max-width: 900px) 100vw, 900px\" \/><\/a> <a href=\"https:\/\/pcmastersbogota.com.co\/wp-content\/uploads\/2025\/05\/imagen_2025-05-07_110754863.png\"><img decoding=\"async\" class=\"size-full wp-image-26954 aligncenter\" src=\"https:\/\/pcmastersbogota.com.co\/wp-content\/uploads\/2025\/05\/imagen_2025-05-07_110754863.png\" alt=\"\" width=\"1374\" height=\"1097\" srcset=\"https:\/\/pcmastersbogota.com.co\/wp-content\/uploads\/2025\/05\/imagen_2025-05-07_110754863.png 1374w, https:\/\/pcmastersbogota.com.co\/wp-content\/uploads\/2025\/05\/imagen_2025-05-07_110754863-300x240.png 300w, https:\/\/pcmastersbogota.com.co\/wp-content\/uploads\/2025\/05\/imagen_2025-05-07_110754863-1024x818.png 1024w, https:\/\/pcmastersbogota.com.co\/wp-content\/uploads\/2025\/05\/imagen_2025-05-07_110754863-768x613.png 768w, https:\/\/pcmastersbogota.com.co\/wp-content\/uploads\/2025\/05\/imagen_2025-05-07_110754863-15x12.png 15w, https:\/\/pcmastersbogota.com.co\/wp-content\/uploads\/2025\/05\/imagen_2025-05-07_110754863-1200x958.png 1200w, https:\/\/pcmastersbogota.com.co\/wp-content\/uploads\/2025\/05\/imagen_2025-05-07_110754863-150x120.png 150w\" sizes=\"(max-width: 1374px) 100vw, 1374px\" \/><\/a><\/p>\n<div class=\"w960:col-4 w960:text-end\" style=\"text-align: center;\">\n<h3 class=\"textClip\">SISTEMA DE ENFRIAMIENTO<br \/>\nWINDFORCE<\/h3>\n<\/div>\n<div class=\"w960:col-5\">\n<p style=\"text-align: center;\">El sistema de refrigeraci\u00f3n WINDFORCE ofrece un rendimiento t\u00e9rmico excepcional gracias a una combinaci\u00f3n de tecnolog\u00edas de vanguardia. Cuenta con gel conductor t\u00e9rmico de calidad para servidores, innovadores ventiladores Hawk con giro alterno, tubos de calor de cobre compuesto, una gran placa de cobre, ventiladores activos 3D y refrigeraci\u00f3n de pantalla.<br \/>\n<a href=\"https:\/\/pcmastersbogota.com.co\/wp-content\/uploads\/2025\/05\/imagen_2025-05-07_110904177.png\"><img decoding=\"async\" class=\"alignnone size-full wp-image-26955\" src=\"https:\/\/pcmastersbogota.com.co\/wp-content\/uploads\/2025\/05\/imagen_2025-05-07_110904177.png\" alt=\"\" width=\"1282\" height=\"1133\" srcset=\"https:\/\/pcmastersbogota.com.co\/wp-content\/uploads\/2025\/05\/imagen_2025-05-07_110904177.png 1282w, https:\/\/pcmastersbogota.com.co\/wp-content\/uploads\/2025\/05\/imagen_2025-05-07_110904177-300x265.png 300w, https:\/\/pcmastersbogota.com.co\/wp-content\/uploads\/2025\/05\/imagen_2025-05-07_110904177-1024x905.png 1024w, https:\/\/pcmastersbogota.com.co\/wp-content\/uploads\/2025\/05\/imagen_2025-05-07_110904177-768x679.png 768w, https:\/\/pcmastersbogota.com.co\/wp-content\/uploads\/2025\/05\/imagen_2025-05-07_110904177-14x12.png 14w, https:\/\/pcmastersbogota.com.co\/wp-content\/uploads\/2025\/05\/imagen_2025-05-07_110904177-1200x1061.png 1200w, https:\/\/pcmastersbogota.com.co\/wp-content\/uploads\/2025\/05\/imagen_2025-05-07_110904177-150x133.png 150w\" sizes=\"(max-width: 1282px) 100vw, 1282px\" \/><\/a> <a href=\"https:\/\/pcmastersbogota.com.co\/wp-content\/uploads\/2025\/05\/imagen_2025-05-07_110938614.png\"><img loading=\"lazy\" decoding=\"async\" class=\"alignnone size-full wp-image-26956\" src=\"https:\/\/pcmastersbogota.com.co\/wp-content\/uploads\/2025\/05\/imagen_2025-05-07_110938614.png\" alt=\"\" width=\"1994\" height=\"671\" srcset=\"https:\/\/pcmastersbogota.com.co\/wp-content\/uploads\/2025\/05\/imagen_2025-05-07_110938614.png 1994w, https:\/\/pcmastersbogota.com.co\/wp-content\/uploads\/2025\/05\/imagen_2025-05-07_110938614-300x101.png 300w, https:\/\/pcmastersbogota.com.co\/wp-content\/uploads\/2025\/05\/imagen_2025-05-07_110938614-1024x345.png 1024w, https:\/\/pcmastersbogota.com.co\/wp-content\/uploads\/2025\/05\/imagen_2025-05-07_110938614-768x258.png 768w, https:\/\/pcmastersbogota.com.co\/wp-content\/uploads\/2025\/05\/imagen_2025-05-07_110938614-1536x517.png 1536w, https:\/\/pcmastersbogota.com.co\/wp-content\/uploads\/2025\/05\/imagen_2025-05-07_110938614-18x6.png 18w, https:\/\/pcmastersbogota.com.co\/wp-content\/uploads\/2025\/05\/imagen_2025-05-07_110938614-1200x404.png 1200w, https:\/\/pcmastersbogota.com.co\/wp-content\/uploads\/2025\/05\/imagen_2025-05-07_110938614-150x50.png 150w\" sizes=\"(max-width: 1994px) 100vw, 1994px\" \/><\/a> <a href=\"https:\/\/pcmastersbogota.com.co\/wp-content\/uploads\/2025\/05\/imagen_2025-05-07_111001178.png\"><img loading=\"lazy\" decoding=\"async\" class=\"alignnone size-full wp-image-26957\" src=\"https:\/\/pcmastersbogota.com.co\/wp-content\/uploads\/2025\/05\/imagen_2025-05-07_111001178.png\" alt=\"\" width=\"1942\" height=\"524\" srcset=\"https:\/\/pcmastersbogota.com.co\/wp-content\/uploads\/2025\/05\/imagen_2025-05-07_111001178.png 1942w, https:\/\/pcmastersbogota.com.co\/wp-content\/uploads\/2025\/05\/imagen_2025-05-07_111001178-300x81.png 300w, https:\/\/pcmastersbogota.com.co\/wp-content\/uploads\/2025\/05\/imagen_2025-05-07_111001178-1024x276.png 1024w, https:\/\/pcmastersbogota.com.co\/wp-content\/uploads\/2025\/05\/imagen_2025-05-07_111001178-768x207.png 768w, https:\/\/pcmastersbogota.com.co\/wp-content\/uploads\/2025\/05\/imagen_2025-05-07_111001178-1536x414.png 1536w, https:\/\/pcmastersbogota.com.co\/wp-content\/uploads\/2025\/05\/imagen_2025-05-07_111001178-18x5.png 18w, https:\/\/pcmastersbogota.com.co\/wp-content\/uploads\/2025\/05\/imagen_2025-05-07_111001178-1200x324.png 1200w, https:\/\/pcmastersbogota.com.co\/wp-content\/uploads\/2025\/05\/imagen_2025-05-07_111001178-150x40.png 150w\" sizes=\"(max-width: 1942px) 100vw, 1942px\" \/><\/a> <a href=\"https:\/\/pcmastersbogota.com.co\/wp-content\/uploads\/2025\/05\/imagen_2025-05-07_111031312.png\"><img loading=\"lazy\" decoding=\"async\" class=\"alignnone size-full wp-image-26958\" src=\"https:\/\/pcmastersbogota.com.co\/wp-content\/uploads\/2025\/05\/imagen_2025-05-07_111031312.png\" alt=\"\" width=\"1270\" height=\"1030\" srcset=\"https:\/\/pcmastersbogota.com.co\/wp-content\/uploads\/2025\/05\/imagen_2025-05-07_111031312.png 1270w, https:\/\/pcmastersbogota.com.co\/wp-content\/uploads\/2025\/05\/imagen_2025-05-07_111031312-300x243.png 300w, https:\/\/pcmastersbogota.com.co\/wp-content\/uploads\/2025\/05\/imagen_2025-05-07_111031312-1024x830.png 1024w, https:\/\/pcmastersbogota.com.co\/wp-content\/uploads\/2025\/05\/imagen_2025-05-07_111031312-768x623.png 768w, https:\/\/pcmastersbogota.com.co\/wp-content\/uploads\/2025\/05\/imagen_2025-05-07_111031312-15x12.png 15w, https:\/\/pcmastersbogota.com.co\/wp-content\/uploads\/2025\/05\/imagen_2025-05-07_111031312-1200x973.png 1200w, https:\/\/pcmastersbogota.com.co\/wp-content\/uploads\/2025\/05\/imagen_2025-05-07_111031312-150x122.png 150w\" sizes=\"(max-width: 1270px) 100vw, 1270px\" \/><\/a> <a href=\"https:\/\/pcmastersbogota.com.co\/wp-content\/uploads\/2025\/05\/imagen_2025-05-07_111044373.png\"><img loading=\"lazy\" decoding=\"async\" class=\"alignnone size-full wp-image-26959\" src=\"https:\/\/pcmastersbogota.com.co\/wp-content\/uploads\/2025\/05\/imagen_2025-05-07_111044373.png\" alt=\"\" width=\"912\" height=\"600\" srcset=\"https:\/\/pcmastersbogota.com.co\/wp-content\/uploads\/2025\/05\/imagen_2025-05-07_111044373.png 912w, https:\/\/pcmastersbogota.com.co\/wp-content\/uploads\/2025\/05\/imagen_2025-05-07_111044373-300x197.png 300w, https:\/\/pcmastersbogota.com.co\/wp-content\/uploads\/2025\/05\/imagen_2025-05-07_111044373-768x505.png 768w, https:\/\/pcmastersbogota.com.co\/wp-content\/uploads\/2025\/05\/imagen_2025-05-07_111044373-18x12.png 18w, https:\/\/pcmastersbogota.com.co\/wp-content\/uploads\/2025\/05\/imagen_2025-05-07_111044373-150x99.png 150w\" sizes=\"(max-width: 912px) 100vw, 912px\" \/><\/a><\/p>\n<\/div>\n","protected":false},"excerpt":{"rendered":"<div class=\"w960:col-10\">\n<h3 class=\"textClip\">CARACTER\u00cdSTICAS<\/h3>\n<\/div>\n<div class=\"w960:col-6\">\n<ul>\n<li>\u00a0Desarrollado con la arquitectura NVIDIA Blackwell y DLSS 4<\/li>\n<li>\u00a0Desarrollado con GeForce RTX\u2122 5070<\/li>\n<li>\u00a0Integrado con interfaz de memoria GDDR7 de 12GB y 192bits<\/li>\n<li>\u00a0Sistema de refrigeraci\u00f3n WINDFORCE\n<ul>\n<li>\u00a0Ventilador Hawk<\/li>\n<li>\u00a0Gel conductor t\u00e9rmico de calidad de servidor<\/li>\n<\/ul>\n<\/li>\n<li>\u00a0Compatible con NVIDIA SFF<\/li>\n<li>\u00a0Iluminaci\u00f3n RGB<\/li>\n<li>\u00a0Estructura reforzada<\/li>\n<\/ul>\n<\/div>\n<div class=\"w960:col-4 space-y-5\">\n<h4><b>CORE CLOCK<\/b><\/h4>\n<p class=\"gigabyteKeyfeatureDataFromDb\" data-type=\"ProductSpec\" data-id=\"2\">2587 MHz (Reference card : 2512 MHz)<\/p>\n<div class=\"icons\"><img loading=\"lazy\" decoding=\"async\" class=\"\" src=\"https:\/\/www.gigabyte.com\/FileUpload\/Global\/KeyFeature\/3873\/innergigabyte\/images\/icons\/features-windforce.png\" width=\"47\" height=\"47\" \/><img loading=\"lazy\" decoding=\"async\" class=\"\" src=\"https:\/\/www.gigabyte.com\/FileUpload\/Global\/KeyFeature\/3873\/innergigabyte\/images\/icons\/features-oc.png\" width=\"50\" height=\"50\" \/><img loading=\"lazy\" decoding=\"async\" class=\"\" src=\"https:\/\/www.gigabyte.com\/FileUpload\/Global\/KeyFeature\/3873\/innergigabyte\/images\/vendor\/rtx.png\" width=\"125\" height=\"58\" \/><\/div>\n<\/div>\n","protected":false},"featured_media":26969,"comment_status":"closed","ping_status":"closed","template":"","meta":[],"pwb-brand":[526,109],"product_brand":[],"product_cat":[73],"product_tag":[385,362,384],"class_list":{"0":"post-26952","1":"product","2":"type-product","3":"status-publish","4":"has-post-thumbnail","6":"pwb-brand-eagle","7":"pwb-brand-gigabyte","8":"product_cat-tarjetas-graficas","9":"product_tag-gigabyte","10":"product_tag-nvidia","11":"product_tag-rtx","13":"first","14":"instock","15":"taxable","16":"shipping-taxable","17":"purchasable","18":"product-type-simple"},"yoast_head":"<!-- This site is optimized with the Yoast SEO plugin v26.7 - https:\/\/yoast.com\/wordpress\/plugins\/seo\/ -->\n<title>GIGABYTE EAGLE RTX 5070 DE 12GB - PC MASTERS BOGOTA<\/title>\n<meta name=\"robots\" content=\"index, follow, max-snippet:-1, max-image-preview:large, max-video-preview:-1\" \/>\n<link rel=\"canonical\" href=\"https:\/\/pcmastersbogota.com.co\/es_es\/producto\/gigabyte-eagle-rtx-5070-de-12gb\/\" \/>\n<meta property=\"og:locale\" content=\"es_ES\" \/>\n<meta property=\"og:type\" content=\"article\" \/>\n<meta property=\"og:title\" content=\"GIGABYTE EAGLE RTX 5070 DE 12GB - PC MASTERS BOGOTA\" \/>\n<meta property=\"og:description\" content=\"CARACTER\u00cdSTICAS     \u00a0Desarrollado con la arquitectura NVIDIA Blackwell y DLSS 4  \u00a0Desarrollado con GeForce RTX\u2122 5070  \u00a0Integrado con interfaz de memoria GDDR7 de 12GB y 192bits  \u00a0Sistema de refrigeraci\u00f3n WINDFORCE   \u00a0Ventilador Hawk  \u00a0Gel conductor t\u00e9rmico de calidad de servidor    \u00a0Compatible con NVIDIA SFF  \u00a0Iluminaci\u00f3n RGB  \u00a0Estructura reforzada    CORE CLOCK 2587 MHz (Reference card : 2512 MHz)\" \/>\n<meta property=\"og:url\" content=\"https:\/\/pcmastersbogota.com.co\/es_es\/producto\/gigabyte-eagle-rtx-5070-de-12gb\/\" \/>\n<meta property=\"og:site_name\" content=\"PC MASTERS BOGOTA\" \/>\n<meta property=\"article:modified_time\" content=\"2026-04-10T18:09:27+00:00\" \/>\n<meta property=\"og:image\" content=\"https:\/\/pcmastersbogota.com.co\/wp-content\/uploads\/2025\/05\/GeForce-RTX\u2122-5070-EAGLE-OC-SFF-12G-11.png\" \/>\n\t<meta property=\"og:image:width\" content=\"2000\" \/>\n\t<meta property=\"og:image:height\" content=\"2000\" \/>\n\t<meta property=\"og:image:type\" content=\"image\/png\" \/>\n<meta name=\"twitter:card\" content=\"summary_large_image\" \/>\n<meta name=\"twitter:label1\" content=\"Tiempo de lectura\" \/>\n\t<meta name=\"twitter:data1\" content=\"2 minutos\" \/>\n<script type=\"application\/ld+json\" class=\"yoast-schema-graph\">{\"@context\":\"https:\/\/schema.org\",\"@graph\":[{\"@type\":\"WebPage\",\"@id\":\"https:\/\/pcmastersbogota.com.co\/producto\/gigabyte-eagle-rtx-5070-de-12gb\/\",\"url\":\"https:\/\/pcmastersbogota.com.co\/producto\/gigabyte-eagle-rtx-5070-de-12gb\/\",\"name\":\"GIGABYTE EAGLE RTX 5070 DE 12GB - PC MASTERS BOGOTA\",\"isPartOf\":{\"@id\":\"https:\/\/pcmastersbogota.com.co\/es_es\/#website\"},\"primaryImageOfPage\":{\"@id\":\"https:\/\/pcmastersbogota.com.co\/producto\/gigabyte-eagle-rtx-5070-de-12gb\/#primaryimage\"},\"image\":{\"@id\":\"https:\/\/pcmastersbogota.com.co\/producto\/gigabyte-eagle-rtx-5070-de-12gb\/#primaryimage\"},\"thumbnailUrl\":\"https:\/\/pcmastersbogota.com.co\/wp-content\/uploads\/2025\/05\/GeForce-RTX\u2122-5070-EAGLE-OC-SFF-12G-11.png\",\"datePublished\":\"2025-05-07T16:36:42+00:00\",\"dateModified\":\"2026-04-10T18:09:27+00:00\",\"breadcrumb\":{\"@id\":\"https:\/\/pcmastersbogota.com.co\/producto\/gigabyte-eagle-rtx-5070-de-12gb\/#breadcrumb\"},\"inLanguage\":\"es\",\"potentialAction\":[{\"@type\":\"ReadAction\",\"target\":[\"https:\/\/pcmastersbogota.com.co\/producto\/gigabyte-eagle-rtx-5070-de-12gb\/\"]}]},{\"@type\":\"ImageObject\",\"inLanguage\":\"es\",\"@id\":\"https:\/\/pcmastersbogota.com.co\/producto\/gigabyte-eagle-rtx-5070-de-12gb\/#primaryimage\",\"url\":\"https:\/\/pcmastersbogota.com.co\/wp-content\/uploads\/2025\/05\/GeForce-RTX\u2122-5070-EAGLE-OC-SFF-12G-11.png\",\"contentUrl\":\"https:\/\/pcmastersbogota.com.co\/wp-content\/uploads\/2025\/05\/GeForce-RTX\u2122-5070-EAGLE-OC-SFF-12G-11.png\",\"width\":2000,\"height\":2000},{\"@type\":\"BreadcrumbList\",\"@id\":\"https:\/\/pcmastersbogota.com.co\/producto\/gigabyte-eagle-rtx-5070-de-12gb\/#breadcrumb\",\"itemListElement\":[{\"@type\":\"ListItem\",\"position\":1,\"name\":\"Home\",\"item\":\"https:\/\/pcmastersbogota.com.co\/\"},{\"@type\":\"ListItem\",\"position\":2,\"name\":\"Tienda\",\"item\":\"https:\/\/pcmastersbogota.com.co\/es_es\/tienda\/\"},{\"@type\":\"ListItem\",\"position\":3,\"name\":\"GIGABYTE EAGLE RTX 5070 DE 12GB\"}]},{\"@type\":\"WebSite\",\"@id\":\"https:\/\/pcmastersbogota.com.co\/es_es\/#website\",\"url\":\"https:\/\/pcmastersbogota.com.co\/es_es\/\",\"name\":\"PC MASTERS BOGOTA\",\"description\":\"\",\"potentialAction\":[{\"@type\":\"SearchAction\",\"target\":{\"@type\":\"EntryPoint\",\"urlTemplate\":\"https:\/\/pcmastersbogota.com.co\/es_es\/?s={search_term_string}\"},\"query-input\":{\"@type\":\"PropertyValueSpecification\",\"valueRequired\":true,\"valueName\":\"search_term_string\"}}],\"inLanguage\":\"es\"}]}<\/script>\n<!-- \/ Yoast SEO plugin. -->","yoast_head_json":{"title":"GIGABYTE EAGLE RTX 5070 DE 12GB - PC MASTERS BOGOTA","robots":{"index":"index","follow":"follow","max-snippet":"max-snippet:-1","max-image-preview":"max-image-preview:large","max-video-preview":"max-video-preview:-1"},"canonical":"https:\/\/pcmastersbogota.com.co\/es_es\/producto\/gigabyte-eagle-rtx-5070-de-12gb\/","og_locale":"es_ES","og_type":"article","og_title":"GIGABYTE EAGLE RTX 5070 DE 12GB - PC MASTERS BOGOTA","og_description":"CARACTER\u00cdSTICAS     \u00a0Desarrollado con la arquitectura NVIDIA Blackwell y DLSS 4  \u00a0Desarrollado con GeForce RTX\u2122 5070  \u00a0Integrado con interfaz de memoria GDDR7 de 12GB y 192bits  \u00a0Sistema de refrigeraci\u00f3n WINDFORCE   \u00a0Ventilador Hawk  \u00a0Gel conductor t\u00e9rmico de calidad de servidor    \u00a0Compatible con NVIDIA SFF  \u00a0Iluminaci\u00f3n RGB  \u00a0Estructura reforzada    CORE CLOCK 2587 MHz (Reference card : 2512 MHz)","og_url":"https:\/\/pcmastersbogota.com.co\/es_es\/producto\/gigabyte-eagle-rtx-5070-de-12gb\/","og_site_name":"PC MASTERS BOGOTA","article_modified_time":"2026-04-10T18:09:27+00:00","og_image":[{"width":2000,"height":2000,"url":"https:\/\/pcmastersbogota.com.co\/wp-content\/uploads\/2025\/05\/GeForce-RTX\u2122-5070-EAGLE-OC-SFF-12G-11.png","type":"image\/png"}],"twitter_card":"summary_large_image","twitter_misc":{"Tiempo de lectura":"2 minutos"},"schema":{"@context":"https:\/\/schema.org","@graph":[{"@type":"WebPage","@id":"https:\/\/pcmastersbogota.com.co\/producto\/gigabyte-eagle-rtx-5070-de-12gb\/","url":"https:\/\/pcmastersbogota.com.co\/producto\/gigabyte-eagle-rtx-5070-de-12gb\/","name":"GIGABYTE EAGLE RTX 5070 DE 12GB - PC MASTERS BOGOTA","isPartOf":{"@id":"https:\/\/pcmastersbogota.com.co\/es_es\/#website"},"primaryImageOfPage":{"@id":"https:\/\/pcmastersbogota.com.co\/producto\/gigabyte-eagle-rtx-5070-de-12gb\/#primaryimage"},"image":{"@id":"https:\/\/pcmastersbogota.com.co\/producto\/gigabyte-eagle-rtx-5070-de-12gb\/#primaryimage"},"thumbnailUrl":"https:\/\/pcmastersbogota.com.co\/wp-content\/uploads\/2025\/05\/GeForce-RTX\u2122-5070-EAGLE-OC-SFF-12G-11.png","datePublished":"2025-05-07T16:36:42+00:00","dateModified":"2026-04-10T18:09:27+00:00","breadcrumb":{"@id":"https:\/\/pcmastersbogota.com.co\/producto\/gigabyte-eagle-rtx-5070-de-12gb\/#breadcrumb"},"inLanguage":"es","potentialAction":[{"@type":"ReadAction","target":["https:\/\/pcmastersbogota.com.co\/producto\/gigabyte-eagle-rtx-5070-de-12gb\/"]}]},{"@type":"ImageObject","inLanguage":"es","@id":"https:\/\/pcmastersbogota.com.co\/producto\/gigabyte-eagle-rtx-5070-de-12gb\/#primaryimage","url":"https:\/\/pcmastersbogota.com.co\/wp-content\/uploads\/2025\/05\/GeForce-RTX\u2122-5070-EAGLE-OC-SFF-12G-11.png","contentUrl":"https:\/\/pcmastersbogota.com.co\/wp-content\/uploads\/2025\/05\/GeForce-RTX\u2122-5070-EAGLE-OC-SFF-12G-11.png","width":2000,"height":2000},{"@type":"BreadcrumbList","@id":"https:\/\/pcmastersbogota.com.co\/producto\/gigabyte-eagle-rtx-5070-de-12gb\/#breadcrumb","itemListElement":[{"@type":"ListItem","position":1,"name":"Home","item":"https:\/\/pcmastersbogota.com.co\/"},{"@type":"ListItem","position":2,"name":"Tienda","item":"https:\/\/pcmastersbogota.com.co\/es_es\/tienda\/"},{"@type":"ListItem","position":3,"name":"GIGABYTE EAGLE RTX 5070 DE 12GB"}]},{"@type":"WebSite","@id":"https:\/\/pcmastersbogota.com.co\/es_es\/#website","url":"https:\/\/pcmastersbogota.com.co\/es_es\/","name":"PC MASTERS BOGOTA","description":"","potentialAction":[{"@type":"SearchAction","target":{"@type":"EntryPoint","urlTemplate":"https:\/\/pcmastersbogota.com.co\/es_es\/?s={search_term_string}"},"query-input":{"@type":"PropertyValueSpecification","valueRequired":true,"valueName":"search_term_string"}}],"inLanguage":"es"}]}},"brands":[{"id":526,"name":"EAGLE","slug":"eagle"},{"id":109,"name":"GIGABYTE","slug":"gigabyte"}],"_links":{"self":[{"href":"https:\/\/pcmastersbogota.com.co\/es_es\/wp-json\/wp\/v2\/product\/26952","targetHints":{"allow":["GET"]}}],"collection":[{"href":"https:\/\/pcmastersbogota.com.co\/es_es\/wp-json\/wp\/v2\/product"}],"about":[{"href":"https:\/\/pcmastersbogota.com.co\/es_es\/wp-json\/wp\/v2\/types\/product"}],"replies":[{"embeddable":true,"href":"https:\/\/pcmastersbogota.com.co\/es_es\/wp-json\/wp\/v2\/comments?post=26952"}],"version-history":[{"count":1,"href":"https:\/\/pcmastersbogota.com.co\/es_es\/wp-json\/wp\/v2\/product\/26952\/revisions"}],"predecessor-version":[{"id":26972,"href":"https:\/\/pcmastersbogota.com.co\/es_es\/wp-json\/wp\/v2\/product\/26952\/revisions\/26972"}],"wp:featuredmedia":[{"embeddable":true,"href":"https:\/\/pcmastersbogota.com.co\/es_es\/wp-json\/wp\/v2\/media\/26969"}],"wp:attachment":[{"href":"https:\/\/pcmastersbogota.com.co\/es_es\/wp-json\/wp\/v2\/media?parent=26952"}],"wp:term":[{"taxonomy":"pwb-brand","embeddable":true,"href":"https:\/\/pcmastersbogota.com.co\/es_es\/wp-json\/wp\/v2\/pwb-brand?post=26952"},{"taxonomy":"product_brand","embeddable":true,"href":"https:\/\/pcmastersbogota.com.co\/es_es\/wp-json\/wp\/v2\/product_brand?post=26952"},{"taxonomy":"product_cat","embeddable":true,"href":"https:\/\/pcmastersbogota.com.co\/es_es\/wp-json\/wp\/v2\/product_cat?post=26952"},{"taxonomy":"product_tag","embeddable":true,"href":"https:\/\/pcmastersbogota.com.co\/es_es\/wp-json\/wp\/v2\/product_tag?post=26952"}],"curies":[{"name":"wp","href":"https:\/\/api.w.org\/{rel}","templated":true}]}}