{"id":27078,"date":"2025-05-12T21:26:50","date_gmt":"2025-05-13T02:26:50","guid":{"rendered":"https:\/\/pcmastersbogota.com.co\/?post_type=product&#038;p=27078"},"modified":"2026-01-23T11:22:12","modified_gmt":"2026-01-23T16:22:12","slug":"gigabyte-windforce-rtx-5060-ti-8gb-oc","status":"publish","type":"product","link":"https:\/\/pcmastersbogota.com.co\/es_es\/producto\/gigabyte-windforce-rtx-5060-ti-8gb-oc\/","title":{"rendered":"GIGABYTE WINDFORCE RTX 5060 Ti 8GB OC"},"content":{"rendered":"<p style=\"text-align: center;\"><a href=\"https:\/\/pcmastersbogota.com.co\/wp-content\/uploads\/2025\/05\/imagen_2025-05-12_210107788.png\"><img fetchpriority=\"high\" decoding=\"async\" class=\"alignnone size-full wp-image-27079\" src=\"https:\/\/pcmastersbogota.com.co\/wp-content\/uploads\/2025\/05\/imagen_2025-05-12_210107788.png\" alt=\"\" width=\"1623\" height=\"1146\" srcset=\"https:\/\/pcmastersbogota.com.co\/wp-content\/uploads\/2025\/05\/imagen_2025-05-12_210107788.png 1623w, https:\/\/pcmastersbogota.com.co\/wp-content\/uploads\/2025\/05\/imagen_2025-05-12_210107788-300x212.png 300w, https:\/\/pcmastersbogota.com.co\/wp-content\/uploads\/2025\/05\/imagen_2025-05-12_210107788-1024x723.png 1024w, https:\/\/pcmastersbogota.com.co\/wp-content\/uploads\/2025\/05\/imagen_2025-05-12_210107788-768x542.png 768w, https:\/\/pcmastersbogota.com.co\/wp-content\/uploads\/2025\/05\/imagen_2025-05-12_210107788-1536x1085.png 1536w, https:\/\/pcmastersbogota.com.co\/wp-content\/uploads\/2025\/05\/imagen_2025-05-12_210107788-18x12.png 18w, https:\/\/pcmastersbogota.com.co\/wp-content\/uploads\/2025\/05\/imagen_2025-05-12_210107788-1200x847.png 1200w, https:\/\/pcmastersbogota.com.co\/wp-content\/uploads\/2025\/05\/imagen_2025-05-12_210107788-150x106.png 150w\" sizes=\"(max-width: 1623px) 100vw, 1623px\" \/><\/a> <a href=\"https:\/\/pcmastersbogota.com.co\/wp-content\/uploads\/2025\/05\/imagen_2025-05-12_210132140.png\"><img decoding=\"async\" class=\"alignnone size-full wp-image-27080\" src=\"https:\/\/pcmastersbogota.com.co\/wp-content\/uploads\/2025\/05\/imagen_2025-05-12_210132140.png\" alt=\"\" width=\"1390\" height=\"1067\" srcset=\"https:\/\/pcmastersbogota.com.co\/wp-content\/uploads\/2025\/05\/imagen_2025-05-12_210132140.png 1390w, https:\/\/pcmastersbogota.com.co\/wp-content\/uploads\/2025\/05\/imagen_2025-05-12_210132140-300x230.png 300w, https:\/\/pcmastersbogota.com.co\/wp-content\/uploads\/2025\/05\/imagen_2025-05-12_210132140-1024x786.png 1024w, https:\/\/pcmastersbogota.com.co\/wp-content\/uploads\/2025\/05\/imagen_2025-05-12_210132140-768x590.png 768w, https:\/\/pcmastersbogota.com.co\/wp-content\/uploads\/2025\/05\/imagen_2025-05-12_210132140-16x12.png 16w, https:\/\/pcmastersbogota.com.co\/wp-content\/uploads\/2025\/05\/imagen_2025-05-12_210132140-1200x921.png 1200w, https:\/\/pcmastersbogota.com.co\/wp-content\/uploads\/2025\/05\/imagen_2025-05-12_210132140-150x115.png 150w\" sizes=\"(max-width: 1390px) 100vw, 1390px\" \/><\/a> <a href=\"https:\/\/pcmastersbogota.com.co\/wp-content\/uploads\/2025\/05\/imagen_2025-05-12_210148178.png\"><img decoding=\"async\" class=\"alignnone size-full wp-image-27081\" src=\"https:\/\/pcmastersbogota.com.co\/wp-content\/uploads\/2025\/05\/imagen_2025-05-12_210148178.png\" alt=\"\" width=\"1214\" height=\"1017\" srcset=\"https:\/\/pcmastersbogota.com.co\/wp-content\/uploads\/2025\/05\/imagen_2025-05-12_210148178.png 1214w, https:\/\/pcmastersbogota.com.co\/wp-content\/uploads\/2025\/05\/imagen_2025-05-12_210148178-300x251.png 300w, https:\/\/pcmastersbogota.com.co\/wp-content\/uploads\/2025\/05\/imagen_2025-05-12_210148178-1024x858.png 1024w, https:\/\/pcmastersbogota.com.co\/wp-content\/uploads\/2025\/05\/imagen_2025-05-12_210148178-768x643.png 768w, https:\/\/pcmastersbogota.com.co\/wp-content\/uploads\/2025\/05\/imagen_2025-05-12_210148178-14x12.png 14w, https:\/\/pcmastersbogota.com.co\/wp-content\/uploads\/2025\/05\/imagen_2025-05-12_210148178-1200x1005.png 1200w, https:\/\/pcmastersbogota.com.co\/wp-content\/uploads\/2025\/05\/imagen_2025-05-12_210148178-150x126.png 150w\" sizes=\"(max-width: 1214px) 100vw, 1214px\" \/><\/a><br \/>\nNANO LUBRICANTE DE GRAFENO<br \/>\nEl nano lubricante de grafeno puede prolongar la vida \u00fatil del ventilador con cojinetes de manguito hasta 2,1 veces, casi la misma que la de un cojinete de bolas doble, y es m\u00e1s silencioso.<br \/>\n<a href=\"https:\/\/pcmastersbogota.com.co\/wp-content\/uploads\/2025\/05\/imagen_2025-05-12_210241942.png\"><img loading=\"lazy\" decoding=\"async\" class=\"alignnone size-full wp-image-27082\" src=\"https:\/\/pcmastersbogota.com.co\/wp-content\/uploads\/2025\/05\/imagen_2025-05-12_210241942.png\" alt=\"\" width=\"1163\" height=\"1026\" srcset=\"https:\/\/pcmastersbogota.com.co\/wp-content\/uploads\/2025\/05\/imagen_2025-05-12_210241942.png 1163w, https:\/\/pcmastersbogota.com.co\/wp-content\/uploads\/2025\/05\/imagen_2025-05-12_210241942-300x265.png 300w, https:\/\/pcmastersbogota.com.co\/wp-content\/uploads\/2025\/05\/imagen_2025-05-12_210241942-1024x903.png 1024w, https:\/\/pcmastersbogota.com.co\/wp-content\/uploads\/2025\/05\/imagen_2025-05-12_210241942-768x678.png 768w, https:\/\/pcmastersbogota.com.co\/wp-content\/uploads\/2025\/05\/imagen_2025-05-12_210241942-14x12.png 14w, https:\/\/pcmastersbogota.com.co\/wp-content\/uploads\/2025\/05\/imagen_2025-05-12_210241942-150x132.png 150w\" sizes=\"(max-width: 1163px) 100vw, 1163px\" \/><\/a> <a href=\"https:\/\/pcmastersbogota.com.co\/wp-content\/uploads\/2025\/05\/imagen_2025-05-12_210410092.png\"><img loading=\"lazy\" decoding=\"async\" class=\"alignnone size-full wp-image-27083\" src=\"https:\/\/pcmastersbogota.com.co\/wp-content\/uploads\/2025\/05\/imagen_2025-05-12_210410092.png\" alt=\"\" width=\"1727\" height=\"792\" srcset=\"https:\/\/pcmastersbogota.com.co\/wp-content\/uploads\/2025\/05\/imagen_2025-05-12_210410092.png 1727w, https:\/\/pcmastersbogota.com.co\/wp-content\/uploads\/2025\/05\/imagen_2025-05-12_210410092-300x138.png 300w, https:\/\/pcmastersbogota.com.co\/wp-content\/uploads\/2025\/05\/imagen_2025-05-12_210410092-1024x470.png 1024w, https:\/\/pcmastersbogota.com.co\/wp-content\/uploads\/2025\/05\/imagen_2025-05-12_210410092-768x352.png 768w, https:\/\/pcmastersbogota.com.co\/wp-content\/uploads\/2025\/05\/imagen_2025-05-12_210410092-1536x704.png 1536w, https:\/\/pcmastersbogota.com.co\/wp-content\/uploads\/2025\/05\/imagen_2025-05-12_210410092-18x8.png 18w, https:\/\/pcmastersbogota.com.co\/wp-content\/uploads\/2025\/05\/imagen_2025-05-12_210410092-1200x550.png 1200w, https:\/\/pcmastersbogota.com.co\/wp-content\/uploads\/2025\/05\/imagen_2025-05-12_210410092-150x69.png 150w\" sizes=\"(max-width: 1727px) 100vw, 1727px\" \/><\/a> <a href=\"https:\/\/pcmastersbogota.com.co\/wp-content\/uploads\/2025\/05\/imagen_2025-05-12_210422993.png\"><img loading=\"lazy\" decoding=\"async\" class=\"alignnone size-full wp-image-27084\" src=\"https:\/\/pcmastersbogota.com.co\/wp-content\/uploads\/2025\/05\/imagen_2025-05-12_210422993.png\" alt=\"\" width=\"1192\" height=\"824\" srcset=\"https:\/\/pcmastersbogota.com.co\/wp-content\/uploads\/2025\/05\/imagen_2025-05-12_210422993.png 1192w, https:\/\/pcmastersbogota.com.co\/wp-content\/uploads\/2025\/05\/imagen_2025-05-12_210422993-300x207.png 300w, https:\/\/pcmastersbogota.com.co\/wp-content\/uploads\/2025\/05\/imagen_2025-05-12_210422993-1024x708.png 1024w, https:\/\/pcmastersbogota.com.co\/wp-content\/uploads\/2025\/05\/imagen_2025-05-12_210422993-768x531.png 768w, https:\/\/pcmastersbogota.com.co\/wp-content\/uploads\/2025\/05\/imagen_2025-05-12_210422993-18x12.png 18w, https:\/\/pcmastersbogota.com.co\/wp-content\/uploads\/2025\/05\/imagen_2025-05-12_210422993-150x104.png 150w\" sizes=\"(max-width: 1192px) 100vw, 1192px\" \/><\/a> <a href=\"https:\/\/pcmastersbogota.com.co\/wp-content\/uploads\/2025\/05\/imagen_2025-05-12_210437552.png\"><img loading=\"lazy\" decoding=\"async\" class=\"alignnone size-full wp-image-27085\" src=\"https:\/\/pcmastersbogota.com.co\/wp-content\/uploads\/2025\/05\/imagen_2025-05-12_210437552.png\" alt=\"\" width=\"1274\" height=\"772\" srcset=\"https:\/\/pcmastersbogota.com.co\/wp-content\/uploads\/2025\/05\/imagen_2025-05-12_210437552.png 1274w, https:\/\/pcmastersbogota.com.co\/wp-content\/uploads\/2025\/05\/imagen_2025-05-12_210437552-300x182.png 300w, https:\/\/pcmastersbogota.com.co\/wp-content\/uploads\/2025\/05\/imagen_2025-05-12_210437552-1024x621.png 1024w, https:\/\/pcmastersbogota.com.co\/wp-content\/uploads\/2025\/05\/imagen_2025-05-12_210437552-768x465.png 768w, https:\/\/pcmastersbogota.com.co\/wp-content\/uploads\/2025\/05\/imagen_2025-05-12_210437552-18x12.png 18w, https:\/\/pcmastersbogota.com.co\/wp-content\/uploads\/2025\/05\/imagen_2025-05-12_210437552-1200x727.png 1200w, https:\/\/pcmastersbogota.com.co\/wp-content\/uploads\/2025\/05\/imagen_2025-05-12_210437552-150x91.png 150w\" sizes=\"(max-width: 1274px) 100vw, 1274px\" \/><\/a> <a href=\"https:\/\/pcmastersbogota.com.co\/wp-content\/uploads\/2025\/05\/imagen_2025-05-12_210524461.png\"><img loading=\"lazy\" decoding=\"async\" class=\"alignnone size-full wp-image-27086\" src=\"https:\/\/pcmastersbogota.com.co\/wp-content\/uploads\/2025\/05\/imagen_2025-05-12_210524461.png\" alt=\"\" width=\"762\" height=\"820\" srcset=\"https:\/\/pcmastersbogota.com.co\/wp-content\/uploads\/2025\/05\/imagen_2025-05-12_210524461.png 762w, https:\/\/pcmastersbogota.com.co\/wp-content\/uploads\/2025\/05\/imagen_2025-05-12_210524461-279x300.png 279w, https:\/\/pcmastersbogota.com.co\/wp-content\/uploads\/2025\/05\/imagen_2025-05-12_210524461-11x12.png 11w, https:\/\/pcmastersbogota.com.co\/wp-content\/uploads\/2025\/05\/imagen_2025-05-12_210524461-150x161.png 150w\" sizes=\"(max-width: 762px) 100vw, 762px\" \/><\/a><\/p>\n","protected":false},"excerpt":{"rendered":"<div>\n<h3><span>CARACTER\u00cdSTICAS<\/span><\/h3>\n<ul>\n<li><span>Desarrollado con la arquitectura NVIDIA Blackwell y DLSS 4<\/span><\/li>\n<li><span>Impulsado por GeForce RTX\u2122 5060 Ti<\/span><\/li>\n<li><span>Integrado con interfaz de memoria GDDR7 de 128 bits y 8 GB<\/span><\/li>\n<li><span>Sistema de refrigeraci\u00f3n WINDFORCE<\/span>\n<ul>\n<li><span>Fan\u00e1tico de los halcones<\/span><\/li>\n<li><span>Gel conductor t\u00e9rmico de grado servidor<\/span><\/li>\n<\/ul>\n<\/li>\n<li><span>Estructura reforzada<\/span><\/li>\n<\/ul>\n<\/div>\n<div>\n<h4><span>RELOJ DEL N\u00daCLEO<\/span><\/h4>\n<p class=\"gigabyteKeyfeatureDataFromDb\" data-type=\"ProductSpec\" data-id=\"2\"><span>2572 MHz<\/span><\/p>\n<div class=\"kf-logos\"><img decoding=\"async\" src=\"https:\/\/www.gigabyte.com\/FileUpload\/Global\/KeyFeature\/3985\/innergigabyte\/images\/logo\/windforce-icon.png\" \/><img decoding=\"async\" src=\"https:\/\/www.gigabyte.com\/FileUpload\/Global\/KeyFeature\/3985\/innergigabyte\/images\/vendor\/rtx.png\" \/><\/div>\n<\/div>\n","protected":false},"featured_media":27088,"comment_status":"closed","ping_status":"closed","template":"","meta":[],"pwb-brand":[109],"product_brand":[],"product_cat":[73],"product_tag":[385,362,384],"class_list":{"0":"post-27078","1":"product","2":"type-product","3":"status-publish","4":"has-post-thumbnail","6":"pwb-brand-gigabyte","7":"product_cat-tarjetas-graficas","8":"product_tag-gigabyte","9":"product_tag-nvidia","10":"product_tag-rtx","12":"first","13":"instock","14":"taxable","15":"shipping-taxable","16":"purchasable","17":"product-type-simple"},"yoast_head":"<!-- This site is optimized with the Yoast SEO plugin v26.7 - https:\/\/yoast.com\/wordpress\/plugins\/seo\/ -->\n<title>GIGABYTE WINDFORCE RTX 5060 Ti 8GB OC - PC MASTERS BOGOTA<\/title>\n<meta name=\"robots\" content=\"index, follow, max-snippet:-1, max-image-preview:large, max-video-preview:-1\" \/>\n<link rel=\"canonical\" href=\"https:\/\/pcmastersbogota.com.co\/es_es\/producto\/gigabyte-windforce-rtx-5060-ti-8gb-oc\/\" \/>\n<meta property=\"og:locale\" content=\"es_ES\" \/>\n<meta property=\"og:type\" content=\"article\" \/>\n<meta property=\"og:title\" content=\"GIGABYTE WINDFORCE RTX 5060 Ti 8GB OC - PC MASTERS BOGOTA\" \/>\n<meta property=\"og:description\" content=\"CARACTER\u00cdSTICAS   Desarrollado con la arquitectura NVIDIA Blackwell y DLSS 4  Impulsado por GeForce RTX\u2122 5060 Ti  Integrado con interfaz de memoria GDDR7 de 128 bits y 8 GB  Sistema de refrigeraci\u00f3n WINDFORCE   Fan\u00e1tico de los halcones  Gel conductor t\u00e9rmico de grado servidor    Estructura reforzada    RELOJ DEL N\u00daCLEO 2572 MHz\" \/>\n<meta property=\"og:url\" content=\"https:\/\/pcmastersbogota.com.co\/es_es\/producto\/gigabyte-windforce-rtx-5060-ti-8gb-oc\/\" \/>\n<meta property=\"og:site_name\" content=\"PC MASTERS BOGOTA\" \/>\n<meta property=\"article:modified_time\" content=\"2026-01-23T16:22:12+00:00\" \/>\n<meta property=\"og:image\" content=\"https:\/\/pcmastersbogota.com.co\/wp-content\/uploads\/2025\/05\/GeForce-RTX\u2122-5060-Ti-WINDFORCE-8G-02.png\" \/>\n\t<meta property=\"og:image:width\" content=\"2000\" \/>\n\t<meta property=\"og:image:height\" content=\"2000\" \/>\n\t<meta property=\"og:image:type\" content=\"image\/png\" \/>\n<meta name=\"twitter:card\" content=\"summary_large_image\" \/>\n<meta name=\"twitter:label1\" content=\"Tiempo de lectura\" \/>\n\t<meta name=\"twitter:data1\" content=\"2 minutos\" \/>\n<script type=\"application\/ld+json\" class=\"yoast-schema-graph\">{\"@context\":\"https:\/\/schema.org\",\"@graph\":[{\"@type\":\"WebPage\",\"@id\":\"https:\/\/pcmastersbogota.com.co\/producto\/gigabyte-windforce-rtx-5060-ti-8gb-oc\/\",\"url\":\"https:\/\/pcmastersbogota.com.co\/producto\/gigabyte-windforce-rtx-5060-ti-8gb-oc\/\",\"name\":\"GIGABYTE WINDFORCE RTX 5060 Ti 8GB OC - PC MASTERS BOGOTA\",\"isPartOf\":{\"@id\":\"https:\/\/pcmastersbogota.com.co\/es_es\/#website\"},\"primaryImageOfPage\":{\"@id\":\"https:\/\/pcmastersbogota.com.co\/producto\/gigabyte-windforce-rtx-5060-ti-8gb-oc\/#primaryimage\"},\"image\":{\"@id\":\"https:\/\/pcmastersbogota.com.co\/producto\/gigabyte-windforce-rtx-5060-ti-8gb-oc\/#primaryimage\"},\"thumbnailUrl\":\"https:\/\/pcmastersbogota.com.co\/wp-content\/uploads\/2025\/05\/GeForce-RTX\u2122-5060-Ti-WINDFORCE-8G-02.png\",\"datePublished\":\"2025-05-13T02:26:50+00:00\",\"dateModified\":\"2026-01-23T16:22:12+00:00\",\"breadcrumb\":{\"@id\":\"https:\/\/pcmastersbogota.com.co\/producto\/gigabyte-windforce-rtx-5060-ti-8gb-oc\/#breadcrumb\"},\"inLanguage\":\"es\",\"potentialAction\":[{\"@type\":\"ReadAction\",\"target\":[\"https:\/\/pcmastersbogota.com.co\/producto\/gigabyte-windforce-rtx-5060-ti-8gb-oc\/\"]}]},{\"@type\":\"ImageObject\",\"inLanguage\":\"es\",\"@id\":\"https:\/\/pcmastersbogota.com.co\/producto\/gigabyte-windforce-rtx-5060-ti-8gb-oc\/#primaryimage\",\"url\":\"https:\/\/pcmastersbogota.com.co\/wp-content\/uploads\/2025\/05\/GeForce-RTX\u2122-5060-Ti-WINDFORCE-8G-02.png\",\"contentUrl\":\"https:\/\/pcmastersbogota.com.co\/wp-content\/uploads\/2025\/05\/GeForce-RTX\u2122-5060-Ti-WINDFORCE-8G-02.png\",\"width\":2000,\"height\":2000},{\"@type\":\"BreadcrumbList\",\"@id\":\"https:\/\/pcmastersbogota.com.co\/producto\/gigabyte-windforce-rtx-5060-ti-8gb-oc\/#breadcrumb\",\"itemListElement\":[{\"@type\":\"ListItem\",\"position\":1,\"name\":\"Home\",\"item\":\"https:\/\/pcmastersbogota.com.co\/\"},{\"@type\":\"ListItem\",\"position\":2,\"name\":\"Tienda\",\"item\":\"https:\/\/pcmastersbogota.com.co\/es_es\/tienda\/\"},{\"@type\":\"ListItem\",\"position\":3,\"name\":\"GIGABYTE WINDFORCE RTX 5060 Ti 8GB OC\"}]},{\"@type\":\"WebSite\",\"@id\":\"https:\/\/pcmastersbogota.com.co\/es_es\/#website\",\"url\":\"https:\/\/pcmastersbogota.com.co\/es_es\/\",\"name\":\"PC MASTERS BOGOTA\",\"description\":\"\",\"potentialAction\":[{\"@type\":\"SearchAction\",\"target\":{\"@type\":\"EntryPoint\",\"urlTemplate\":\"https:\/\/pcmastersbogota.com.co\/es_es\/?s={search_term_string}\"},\"query-input\":{\"@type\":\"PropertyValueSpecification\",\"valueRequired\":true,\"valueName\":\"search_term_string\"}}],\"inLanguage\":\"es\"}]}<\/script>\n<!-- \/ Yoast SEO plugin. -->","yoast_head_json":{"title":"GIGABYTE WINDFORCE RTX 5060 Ti 8GB OC - PC MASTERS BOGOTA","robots":{"index":"index","follow":"follow","max-snippet":"max-snippet:-1","max-image-preview":"max-image-preview:large","max-video-preview":"max-video-preview:-1"},"canonical":"https:\/\/pcmastersbogota.com.co\/es_es\/producto\/gigabyte-windforce-rtx-5060-ti-8gb-oc\/","og_locale":"es_ES","og_type":"article","og_title":"GIGABYTE WINDFORCE RTX 5060 Ti 8GB OC - PC MASTERS BOGOTA","og_description":"CARACTER\u00cdSTICAS   Desarrollado con la arquitectura NVIDIA Blackwell y DLSS 4  Impulsado por GeForce RTX\u2122 5060 Ti  Integrado con interfaz de memoria GDDR7 de 128 bits y 8 GB  Sistema de refrigeraci\u00f3n WINDFORCE   Fan\u00e1tico de los halcones  Gel conductor t\u00e9rmico de grado servidor    Estructura reforzada    RELOJ DEL N\u00daCLEO 2572 MHz","og_url":"https:\/\/pcmastersbogota.com.co\/es_es\/producto\/gigabyte-windforce-rtx-5060-ti-8gb-oc\/","og_site_name":"PC MASTERS BOGOTA","article_modified_time":"2026-01-23T16:22:12+00:00","og_image":[{"width":2000,"height":2000,"url":"https:\/\/pcmastersbogota.com.co\/wp-content\/uploads\/2025\/05\/GeForce-RTX\u2122-5060-Ti-WINDFORCE-8G-02.png","type":"image\/png"}],"twitter_card":"summary_large_image","twitter_misc":{"Tiempo de lectura":"2 minutos"},"schema":{"@context":"https:\/\/schema.org","@graph":[{"@type":"WebPage","@id":"https:\/\/pcmastersbogota.com.co\/producto\/gigabyte-windforce-rtx-5060-ti-8gb-oc\/","url":"https:\/\/pcmastersbogota.com.co\/producto\/gigabyte-windforce-rtx-5060-ti-8gb-oc\/","name":"GIGABYTE WINDFORCE RTX 5060 Ti 8GB OC - PC MASTERS BOGOTA","isPartOf":{"@id":"https:\/\/pcmastersbogota.com.co\/es_es\/#website"},"primaryImageOfPage":{"@id":"https:\/\/pcmastersbogota.com.co\/producto\/gigabyte-windforce-rtx-5060-ti-8gb-oc\/#primaryimage"},"image":{"@id":"https:\/\/pcmastersbogota.com.co\/producto\/gigabyte-windforce-rtx-5060-ti-8gb-oc\/#primaryimage"},"thumbnailUrl":"https:\/\/pcmastersbogota.com.co\/wp-content\/uploads\/2025\/05\/GeForce-RTX\u2122-5060-Ti-WINDFORCE-8G-02.png","datePublished":"2025-05-13T02:26:50+00:00","dateModified":"2026-01-23T16:22:12+00:00","breadcrumb":{"@id":"https:\/\/pcmastersbogota.com.co\/producto\/gigabyte-windforce-rtx-5060-ti-8gb-oc\/#breadcrumb"},"inLanguage":"es","potentialAction":[{"@type":"ReadAction","target":["https:\/\/pcmastersbogota.com.co\/producto\/gigabyte-windforce-rtx-5060-ti-8gb-oc\/"]}]},{"@type":"ImageObject","inLanguage":"es","@id":"https:\/\/pcmastersbogota.com.co\/producto\/gigabyte-windforce-rtx-5060-ti-8gb-oc\/#primaryimage","url":"https:\/\/pcmastersbogota.com.co\/wp-content\/uploads\/2025\/05\/GeForce-RTX\u2122-5060-Ti-WINDFORCE-8G-02.png","contentUrl":"https:\/\/pcmastersbogota.com.co\/wp-content\/uploads\/2025\/05\/GeForce-RTX\u2122-5060-Ti-WINDFORCE-8G-02.png","width":2000,"height":2000},{"@type":"BreadcrumbList","@id":"https:\/\/pcmastersbogota.com.co\/producto\/gigabyte-windforce-rtx-5060-ti-8gb-oc\/#breadcrumb","itemListElement":[{"@type":"ListItem","position":1,"name":"Home","item":"https:\/\/pcmastersbogota.com.co\/"},{"@type":"ListItem","position":2,"name":"Tienda","item":"https:\/\/pcmastersbogota.com.co\/es_es\/tienda\/"},{"@type":"ListItem","position":3,"name":"GIGABYTE WINDFORCE RTX 5060 Ti 8GB OC"}]},{"@type":"WebSite","@id":"https:\/\/pcmastersbogota.com.co\/es_es\/#website","url":"https:\/\/pcmastersbogota.com.co\/es_es\/","name":"PC MASTERS BOGOTA","description":"","potentialAction":[{"@type":"SearchAction","target":{"@type":"EntryPoint","urlTemplate":"https:\/\/pcmastersbogota.com.co\/es_es\/?s={search_term_string}"},"query-input":{"@type":"PropertyValueSpecification","valueRequired":true,"valueName":"search_term_string"}}],"inLanguage":"es"}]}},"brands":[{"id":109,"name":"GIGABYTE","slug":"gigabyte"}],"_links":{"self":[{"href":"https:\/\/pcmastersbogota.com.co\/es_es\/wp-json\/wp\/v2\/product\/27078","targetHints":{"allow":["GET"]}}],"collection":[{"href":"https:\/\/pcmastersbogota.com.co\/es_es\/wp-json\/wp\/v2\/product"}],"about":[{"href":"https:\/\/pcmastersbogota.com.co\/es_es\/wp-json\/wp\/v2\/types\/product"}],"replies":[{"embeddable":true,"href":"https:\/\/pcmastersbogota.com.co\/es_es\/wp-json\/wp\/v2\/comments?post=27078"}],"version-history":[{"count":1,"href":"https:\/\/pcmastersbogota.com.co\/es_es\/wp-json\/wp\/v2\/product\/27078\/revisions"}],"predecessor-version":[{"id":27098,"href":"https:\/\/pcmastersbogota.com.co\/es_es\/wp-json\/wp\/v2\/product\/27078\/revisions\/27098"}],"wp:featuredmedia":[{"embeddable":true,"href":"https:\/\/pcmastersbogota.com.co\/es_es\/wp-json\/wp\/v2\/media\/27088"}],"wp:attachment":[{"href":"https:\/\/pcmastersbogota.com.co\/es_es\/wp-json\/wp\/v2\/media?parent=27078"}],"wp:term":[{"taxonomy":"pwb-brand","embeddable":true,"href":"https:\/\/pcmastersbogota.com.co\/es_es\/wp-json\/wp\/v2\/pwb-brand?post=27078"},{"taxonomy":"product_brand","embeddable":true,"href":"https:\/\/pcmastersbogota.com.co\/es_es\/wp-json\/wp\/v2\/product_brand?post=27078"},{"taxonomy":"product_cat","embeddable":true,"href":"https:\/\/pcmastersbogota.com.co\/es_es\/wp-json\/wp\/v2\/product_cat?post=27078"},{"taxonomy":"product_tag","embeddable":true,"href":"https:\/\/pcmastersbogota.com.co\/es_es\/wp-json\/wp\/v2\/product_tag?post=27078"}],"curies":[{"name":"wp","href":"https:\/\/api.w.org\/{rel}","templated":true}]}}