{"id":27233,"date":"2025-05-26T09:56:52","date_gmt":"2025-05-26T14:56:52","guid":{"rendered":"https:\/\/pcmastersbogota.com.co\/?post_type=product&#038;p=27233"},"modified":"2026-04-13T19:10:59","modified_gmt":"2026-04-14T00:10:59","slug":"asus-prime-rtx-5060-8gb-trifan-oc","status":"publish","type":"product","link":"https:\/\/pcmastersbogota.com.co\/es_es\/producto\/asus-prime-rtx-5060-8gb-trifan-oc\/","title":{"rendered":"ASUS PRIME RTX 5060 8GB TRIFAN OC"},"content":{"rendered":"<p style=\"text-align: center;\"><a href=\"https:\/\/pcmastersbogota.com.co\/wp-content\/uploads\/2025\/05\/imagen_2025-05-26_094735068.png\"><img fetchpriority=\"high\" decoding=\"async\" class=\"alignnone size-full wp-image-27234\" src=\"https:\/\/pcmastersbogota.com.co\/wp-content\/uploads\/2025\/05\/imagen_2025-05-26_094735068.png\" alt=\"\" width=\"1420\" height=\"1168\" srcset=\"https:\/\/pcmastersbogota.com.co\/wp-content\/uploads\/2025\/05\/imagen_2025-05-26_094735068.png 1420w, https:\/\/pcmastersbogota.com.co\/wp-content\/uploads\/2025\/05\/imagen_2025-05-26_094735068-300x247.png 300w, https:\/\/pcmastersbogota.com.co\/wp-content\/uploads\/2025\/05\/imagen_2025-05-26_094735068-1024x842.png 1024w, https:\/\/pcmastersbogota.com.co\/wp-content\/uploads\/2025\/05\/imagen_2025-05-26_094735068-768x632.png 768w, https:\/\/pcmastersbogota.com.co\/wp-content\/uploads\/2025\/05\/imagen_2025-05-26_094735068-15x12.png 15w, https:\/\/pcmastersbogota.com.co\/wp-content\/uploads\/2025\/05\/imagen_2025-05-26_094735068-1200x987.png 1200w, https:\/\/pcmastersbogota.com.co\/wp-content\/uploads\/2025\/05\/imagen_2025-05-26_094735068-150x123.png 150w\" sizes=\"(max-width: 1420px) 100vw, 1420px\" \/><\/a> <a href=\"https:\/\/pcmastersbogota.com.co\/wp-content\/uploads\/2025\/05\/imagen_2025-05-26_094751824.png\"><img decoding=\"async\" class=\"alignnone size-full wp-image-27235\" src=\"https:\/\/pcmastersbogota.com.co\/wp-content\/uploads\/2025\/05\/imagen_2025-05-26_094751824.png\" alt=\"\" width=\"1227\" height=\"1145\" srcset=\"https:\/\/pcmastersbogota.com.co\/wp-content\/uploads\/2025\/05\/imagen_2025-05-26_094751824.png 1227w, https:\/\/pcmastersbogota.com.co\/wp-content\/uploads\/2025\/05\/imagen_2025-05-26_094751824-300x280.png 300w, https:\/\/pcmastersbogota.com.co\/wp-content\/uploads\/2025\/05\/imagen_2025-05-26_094751824-1024x956.png 1024w, https:\/\/pcmastersbogota.com.co\/wp-content\/uploads\/2025\/05\/imagen_2025-05-26_094751824-768x717.png 768w, https:\/\/pcmastersbogota.com.co\/wp-content\/uploads\/2025\/05\/imagen_2025-05-26_094751824-13x12.png 13w, https:\/\/pcmastersbogota.com.co\/wp-content\/uploads\/2025\/05\/imagen_2025-05-26_094751824-1200x1120.png 1200w, https:\/\/pcmastersbogota.com.co\/wp-content\/uploads\/2025\/05\/imagen_2025-05-26_094751824-150x140.png 150w\" sizes=\"(max-width: 1227px) 100vw, 1227px\" \/><\/a><a href=\"https:\/\/pcmastersbogota.com.co\/wp-content\/uploads\/2025\/05\/imagen_2025-05-12_210107788.png\"><img decoding=\"async\" class=\"alignnone size-full wp-image-27079\" src=\"https:\/\/pcmastersbogota.com.co\/wp-content\/uploads\/2025\/05\/imagen_2025-05-12_210107788.png\" alt=\"\" width=\"1623\" height=\"1146\" srcset=\"https:\/\/pcmastersbogota.com.co\/wp-content\/uploads\/2025\/05\/imagen_2025-05-12_210107788.png 1623w, https:\/\/pcmastersbogota.com.co\/wp-content\/uploads\/2025\/05\/imagen_2025-05-12_210107788-300x212.png 300w, https:\/\/pcmastersbogota.com.co\/wp-content\/uploads\/2025\/05\/imagen_2025-05-12_210107788-1024x723.png 1024w, https:\/\/pcmastersbogota.com.co\/wp-content\/uploads\/2025\/05\/imagen_2025-05-12_210107788-768x542.png 768w, https:\/\/pcmastersbogota.com.co\/wp-content\/uploads\/2025\/05\/imagen_2025-05-12_210107788-1536x1085.png 1536w, https:\/\/pcmastersbogota.com.co\/wp-content\/uploads\/2025\/05\/imagen_2025-05-12_210107788-18x12.png 18w, https:\/\/pcmastersbogota.com.co\/wp-content\/uploads\/2025\/05\/imagen_2025-05-12_210107788-1200x847.png 1200w, https:\/\/pcmastersbogota.com.co\/wp-content\/uploads\/2025\/05\/imagen_2025-05-12_210107788-150x106.png 150w\" sizes=\"(max-width: 1623px) 100vw, 1623px\" \/><\/a><a href=\"https:\/\/pcmastersbogota.com.co\/wp-content\/uploads\/2025\/05\/imagen_2025-05-26_095353727.png\"><img loading=\"lazy\" decoding=\"async\" class=\"alignnone size-full wp-image-27245\" src=\"https:\/\/pcmastersbogota.com.co\/wp-content\/uploads\/2025\/05\/imagen_2025-05-26_095353727.png\" alt=\"\" width=\"1604\" height=\"821\" srcset=\"https:\/\/pcmastersbogota.com.co\/wp-content\/uploads\/2025\/05\/imagen_2025-05-26_095353727.png 1604w, https:\/\/pcmastersbogota.com.co\/wp-content\/uploads\/2025\/05\/imagen_2025-05-26_095353727-300x154.png 300w, https:\/\/pcmastersbogota.com.co\/wp-content\/uploads\/2025\/05\/imagen_2025-05-26_095353727-1024x524.png 1024w, https:\/\/pcmastersbogota.com.co\/wp-content\/uploads\/2025\/05\/imagen_2025-05-26_095353727-768x393.png 768w, https:\/\/pcmastersbogota.com.co\/wp-content\/uploads\/2025\/05\/imagen_2025-05-26_095353727-1536x786.png 1536w, https:\/\/pcmastersbogota.com.co\/wp-content\/uploads\/2025\/05\/imagen_2025-05-26_095353727-18x9.png 18w, https:\/\/pcmastersbogota.com.co\/wp-content\/uploads\/2025\/05\/imagen_2025-05-26_095353727-1200x614.png 1200w, https:\/\/pcmastersbogota.com.co\/wp-content\/uploads\/2025\/05\/imagen_2025-05-26_095353727-150x77.png 150w\" sizes=\"(max-width: 1604px) 100vw, 1604px\" \/><\/a><\/p>\n<div class=\"hd-container hd-w1100\">\n<h2 class=\"reveal-bottom\" style=\"text-align: center;\" data-sr-id=\"4\"><span class=\"txt-larger\">REFRIGERACI\u00d3N<\/span><\/h2>\n<div class=\"hd-content hd-col55\" style=\"text-align: center;\">\n<h3 class=\"font-title reveal-bottom-delay1\" data-sr-id=\"17\">Dise\u00f1o de 2,5 ranuras<\/h3>\n<p class=\"reveal-bottom-delay2\" data-sr-id=\"27\">La Prime RTX 5060 presenta un dise\u00f1o de 2,5 ranuras con una disposici\u00f3n cuidadosamente dispuesta para la cubierta, el disipador y los tubos de calor, para que los tres ventiladores Axial-tech aprovechen la ventilaci\u00f3n del panel lateral del chasis y ofrezcan un\u00a0<span class=\"nobr\">rendimiento t\u00e9rmico \u00f3ptimo .<\/span><\/p>\n<\/div>\n<\/div>\n<div class=\"hd-container hd-w1200\" style=\"text-align: center;\">\n<figure class=\"hd-img-main\"><img loading=\"lazy\" decoding=\"async\" class=\"hd-pd reveal-bottom-delay2 aligncenter\" src=\"https:\/\/dlcdnwebimgs.asus.com\/files\/media\/fcfc82cf-01c3-424c-a7e1-30813c7e4b72\/v1\/img\/cooling\/pd.png\" alt=\"Vista en \u00e1ngulo de arriba abajo del \u00e1ngulo del h\u00e9roe de la tarjeta gr\u00e1fica Prime GeForce RTX 5060\" width=\"1724\" height=\"492\" data-sr-id=\"28\" \/><a href=\"https:\/\/pcmastersbogota.com.co\/wp-content\/uploads\/2025\/05\/imagen_2025-05-26_095501926.png\"><img loading=\"lazy\" decoding=\"async\" class=\"alignnone size-full wp-image-27247\" src=\"https:\/\/pcmastersbogota.com.co\/wp-content\/uploads\/2025\/05\/imagen_2025-05-26_095501926.png\" alt=\"\" width=\"2217\" height=\"811\" srcset=\"https:\/\/pcmastersbogota.com.co\/wp-content\/uploads\/2025\/05\/imagen_2025-05-26_095501926.png 2217w, https:\/\/pcmastersbogota.com.co\/wp-content\/uploads\/2025\/05\/imagen_2025-05-26_095501926-300x110.png 300w, https:\/\/pcmastersbogota.com.co\/wp-content\/uploads\/2025\/05\/imagen_2025-05-26_095501926-1024x375.png 1024w, https:\/\/pcmastersbogota.com.co\/wp-content\/uploads\/2025\/05\/imagen_2025-05-26_095501926-768x281.png 768w, https:\/\/pcmastersbogota.com.co\/wp-content\/uploads\/2025\/05\/imagen_2025-05-26_095501926-1536x562.png 1536w, https:\/\/pcmastersbogota.com.co\/wp-content\/uploads\/2025\/05\/imagen_2025-05-26_095501926-2048x749.png 2048w, https:\/\/pcmastersbogota.com.co\/wp-content\/uploads\/2025\/05\/imagen_2025-05-26_095501926-18x7.png 18w, https:\/\/pcmastersbogota.com.co\/wp-content\/uploads\/2025\/05\/imagen_2025-05-26_095501926-1200x439.png 1200w, https:\/\/pcmastersbogota.com.co\/wp-content\/uploads\/2025\/05\/imagen_2025-05-26_095501926-150x55.png 150w\" sizes=\"(max-width: 2217px) 100vw, 2217px\" \/><\/a> <a href=\"https:\/\/pcmastersbogota.com.co\/wp-content\/uploads\/2025\/05\/imagen_2025-05-26_095520473.png\"><img loading=\"lazy\" decoding=\"async\" class=\"alignnone size-full wp-image-27248\" src=\"https:\/\/pcmastersbogota.com.co\/wp-content\/uploads\/2025\/05\/imagen_2025-05-26_095520473.png\" alt=\"\" width=\"2199\" height=\"791\" srcset=\"https:\/\/pcmastersbogota.com.co\/wp-content\/uploads\/2025\/05\/imagen_2025-05-26_095520473.png 2199w, https:\/\/pcmastersbogota.com.co\/wp-content\/uploads\/2025\/05\/imagen_2025-05-26_095520473-300x108.png 300w, https:\/\/pcmastersbogota.com.co\/wp-content\/uploads\/2025\/05\/imagen_2025-05-26_095520473-1024x368.png 1024w, https:\/\/pcmastersbogota.com.co\/wp-content\/uploads\/2025\/05\/imagen_2025-05-26_095520473-768x276.png 768w, https:\/\/pcmastersbogota.com.co\/wp-content\/uploads\/2025\/05\/imagen_2025-05-26_095520473-1536x553.png 1536w, https:\/\/pcmastersbogota.com.co\/wp-content\/uploads\/2025\/05\/imagen_2025-05-26_095520473-2048x737.png 2048w, https:\/\/pcmastersbogota.com.co\/wp-content\/uploads\/2025\/05\/imagen_2025-05-26_095520473-18x6.png 18w, https:\/\/pcmastersbogota.com.co\/wp-content\/uploads\/2025\/05\/imagen_2025-05-26_095520473-1200x432.png 1200w, https:\/\/pcmastersbogota.com.co\/wp-content\/uploads\/2025\/05\/imagen_2025-05-26_095520473-150x54.png 150w\" sizes=\"(max-width: 2199px) 100vw, 2199px\" \/><\/a> <a href=\"https:\/\/pcmastersbogota.com.co\/wp-content\/uploads\/2025\/05\/imagen_2025-05-26_095537920.png\"><img loading=\"lazy\" decoding=\"async\" class=\"alignnone size-full wp-image-27249\" src=\"https:\/\/pcmastersbogota.com.co\/wp-content\/uploads\/2025\/05\/imagen_2025-05-26_095537920.png\" alt=\"\" width=\"1371\" height=\"743\" srcset=\"https:\/\/pcmastersbogota.com.co\/wp-content\/uploads\/2025\/05\/imagen_2025-05-26_095537920.png 1371w, https:\/\/pcmastersbogota.com.co\/wp-content\/uploads\/2025\/05\/imagen_2025-05-26_095537920-300x163.png 300w, https:\/\/pcmastersbogota.com.co\/wp-content\/uploads\/2025\/05\/imagen_2025-05-26_095537920-1024x555.png 1024w, https:\/\/pcmastersbogota.com.co\/wp-content\/uploads\/2025\/05\/imagen_2025-05-26_095537920-768x416.png 768w, https:\/\/pcmastersbogota.com.co\/wp-content\/uploads\/2025\/05\/imagen_2025-05-26_095537920-18x10.png 18w, https:\/\/pcmastersbogota.com.co\/wp-content\/uploads\/2025\/05\/imagen_2025-05-26_095537920-1200x650.png 1200w, https:\/\/pcmastersbogota.com.co\/wp-content\/uploads\/2025\/05\/imagen_2025-05-26_095537920-150x81.png 150w\" sizes=\"(max-width: 1371px) 100vw, 1371px\" \/><\/a> <a href=\"https:\/\/pcmastersbogota.com.co\/wp-content\/uploads\/2025\/05\/imagen_2025-05-26_095640868.png\"><img loading=\"lazy\" decoding=\"async\" class=\"alignnone size-full wp-image-27251\" src=\"https:\/\/pcmastersbogota.com.co\/wp-content\/uploads\/2025\/05\/imagen_2025-05-26_095640868.png\" alt=\"\" width=\"648\" height=\"1125\" srcset=\"https:\/\/pcmastersbogota.com.co\/wp-content\/uploads\/2025\/05\/imagen_2025-05-26_095640868.png 648w, https:\/\/pcmastersbogota.com.co\/wp-content\/uploads\/2025\/05\/imagen_2025-05-26_095640868-173x300.png 173w, https:\/\/pcmastersbogota.com.co\/wp-content\/uploads\/2025\/05\/imagen_2025-05-26_095640868-590x1024.png 590w, https:\/\/pcmastersbogota.com.co\/wp-content\/uploads\/2025\/05\/imagen_2025-05-26_095640868-7x12.png 7w, https:\/\/pcmastersbogota.com.co\/wp-content\/uploads\/2025\/05\/imagen_2025-05-26_095640868-150x260.png 150w\" sizes=\"(max-width: 648px) 100vw, 648px\" \/><\/a><a href=\"https:\/\/pcmastersbogota.com.co\/wp-content\/uploads\/2025\/05\/imagen_2025-05-26_095905881.png\"><img loading=\"lazy\" decoding=\"async\" class=\"size-full wp-image-27253 aligncenter\" src=\"https:\/\/pcmastersbogota.com.co\/wp-content\/uploads\/2025\/05\/imagen_2025-05-26_095905881.png\" alt=\"\" width=\"1206\" height=\"1148\" srcset=\"https:\/\/pcmastersbogota.com.co\/wp-content\/uploads\/2025\/05\/imagen_2025-05-26_095905881.png 1206w, https:\/\/pcmastersbogota.com.co\/wp-content\/uploads\/2025\/05\/imagen_2025-05-26_095905881-300x286.png 300w, https:\/\/pcmastersbogota.com.co\/wp-content\/uploads\/2025\/05\/imagen_2025-05-26_095905881-1024x975.png 1024w, https:\/\/pcmastersbogota.com.co\/wp-content\/uploads\/2025\/05\/imagen_2025-05-26_095905881-768x731.png 768w, https:\/\/pcmastersbogota.com.co\/wp-content\/uploads\/2025\/05\/imagen_2025-05-26_095905881-13x12.png 13w, https:\/\/pcmastersbogota.com.co\/wp-content\/uploads\/2025\/05\/imagen_2025-05-26_095905881-1200x1142.png 1200w, https:\/\/pcmastersbogota.com.co\/wp-content\/uploads\/2025\/05\/imagen_2025-05-26_095905881-150x143.png 150w\" sizes=\"(max-width: 1206px) 100vw, 1206px\" \/><\/a><\/figure>\n<\/div>\n","protected":false},"excerpt":{"rendered":"<p>&nbsp;<\/p>\n<ul class=\"a-unordered-list a-vertical a-spacing-mini\">\n<li class=\"a-spacing-mini\"><span class=\"a-list-item\">Rendimiento de IA: 630 AI TOPS<\/span><\/li>\n<li class=\"a-spacing-mini\"><span class=\"a-list-item\">Desarrollado por la arquitectura NVIDIA Blackwell y DLSS 4<\/span><\/li>\n<li class=\"a-spacing-mini\"><span class=\"a-list-item\">Tarjeta GeForce para entusiastas SFF. Modo OC: 2527 MHz\/Modo Defult: 2497 MHz (reloj de aumento)<\/span><\/li>\n<li class=\"a-spacing-mini\"><span class=\"a-list-item\">Los ventiladores de tecnolog\u00eda axial cuentan con un cubo de ventilador m\u00e1s peque\u00f1o que facilita aspas m\u00e1s largas y un anillo de barrera que aumenta la presi\u00f3n de aire hacia abajo<\/span><\/li>\n<li class=\"a-spacing-mini\"><span class=\"a-list-item\">El dise\u00f1o de 2.5 ranuras permite una mayor compatibilidad de construcci\u00f3n mientras mantiene el rendimiento de refrigeraci\u00f3n<\/span><\/li>\n<li class=\"a-spacing-mini\"><span class=\"a-list-item\">Los rodamientos de ventilador de doble bola duran hasta el doble de tiempo que los rodamientos de manguitos est\u00e1ndar<\/span><\/li>\n<li class=\"a-spacing-mini\"><span class=\"a-list-item\">La tecnolog\u00eda 0dB te permite disfrutar de juegos ligeros en relativo silencio<\/span><\/li>\n<\/ul>\n<div class=\"a-row a-expander-container a-expander-inline-container\">\n<div class=\"a-expander-content a-expander-extend-content a-expander-content-expanded\" data-expanded=\"true\">\n<ul class=\"a-unordered-list a-vertical a-spacing-none\">\n<li class=\"a-spacing-mini\"><span class=\"a-list-item\">El conmutador BIOS dual le permite alternar entre los perfiles de BIOS silencioso y de rendimiento<\/span><\/li>\n<li class=\"a-spacing-mini\"><span class=\"a-list-item\">Proceso de fabricaci\u00f3n Au-Extreme para precisi\u00f3n y fiabilidad<\/span><\/li>\n<li class=\"a-spacing-mini\"><span class=\"a-list-item\">El software GPU Tweak III proporciona ajustes de rendimiento intuitivos, control t\u00e9rmico avanzado y monitoreo del sistema<\/span><\/li>\n<\/ul>\n<\/div>\n<\/div>\n","protected":false},"featured_media":27246,"comment_status":"closed","ping_status":"closed","template":"","meta":[],"pwb-brand":[212,508],"product_brand":[],"product_cat":[73],"product_tag":[364,362,384,549],"class_list":{"0":"post-27233","1":"product","2":"type-product","3":"status-publish","4":"has-post-thumbnail","6":"pwb-brand-asus","7":"pwb-brand-prime","8":"product_cat-tarjetas-graficas","9":"product_tag-asus","10":"product_tag-nvidia","11":"product_tag-rtx","12":"product_tag-rtx-5000","14":"first","15":"instock","16":"taxable","17":"shipping-taxable","18":"purchasable","19":"product-type-simple"},"yoast_head":"<!-- This site is optimized with the Yoast SEO plugin v26.7 - https:\/\/yoast.com\/wordpress\/plugins\/seo\/ -->\n<title>ASUS PRIME RTX 5060 8GB TRIFAN OC - PC MASTERS BOGOTA<\/title>\n<meta name=\"robots\" content=\"index, follow, max-snippet:-1, max-image-preview:large, max-video-preview:-1\" \/>\n<link rel=\"canonical\" href=\"https:\/\/pcmastersbogota.com.co\/es_es\/producto\/asus-prime-rtx-5060-8gb-trifan-oc\/\" \/>\n<meta property=\"og:locale\" content=\"es_ES\" \/>\n<meta property=\"og:type\" content=\"article\" \/>\n<meta property=\"og:title\" content=\"ASUS PRIME RTX 5060 8GB TRIFAN OC - PC MASTERS BOGOTA\" \/>\n<meta property=\"og:description\" content=\"&nbsp;   Rendimiento de IA: 630 AI TOPS  Desarrollado por la arquitectura NVIDIA Blackwell y DLSS 4  Tarjeta GeForce para entusiastas SFF. Modo OC: 2527 MHz\/Modo Defult: 2497 MHz (reloj de aumento)  Los ventiladores de tecnolog\u00eda axial cuentan con un cubo de ventilador m\u00e1s peque\u00f1o que facilita aspas m\u00e1s largas y un anillo de barrera que aumenta la presi\u00f3n de aire hacia abajo  El dise\u00f1o de 2.5 ranuras permite una mayor compatibilidad de construcci\u00f3n mientras mantiene el rendimiento de refrigeraci\u00f3n  Los rodamientos de ventilador de doble bola duran hasta el doble de tiempo que los rodamientos de manguitos est\u00e1ndar  La tecnolog\u00eda 0dB te permite disfrutar de juegos ligeros en relativo silencio      El conmutador BIOS dual le permite alternar entre los perfiles de BIOS silencioso y de rendimiento  Proceso de fabricaci\u00f3n Au-Extreme para precisi\u00f3n y fiabilidad  El software GPU Tweak III proporciona ajustes de rendimiento intuitivos, control t\u00e9rmico avanzado y monitoreo del sistema\" \/>\n<meta property=\"og:url\" content=\"https:\/\/pcmastersbogota.com.co\/es_es\/producto\/asus-prime-rtx-5060-8gb-trifan-oc\/\" \/>\n<meta property=\"og:site_name\" content=\"PC MASTERS BOGOTA\" \/>\n<meta property=\"article:modified_time\" content=\"2026-04-14T00:10:59+00:00\" \/>\n<meta property=\"og:image\" content=\"https:\/\/pcmastersbogota.com.co\/wp-content\/uploads\/2025\/05\/imagen_2025-05-26_095103882-1024x1024.png\" \/>\n\t<meta property=\"og:image:width\" content=\"1024\" \/>\n\t<meta property=\"og:image:height\" content=\"1024\" \/>\n\t<meta property=\"og:image:type\" content=\"image\/png\" \/>\n<meta name=\"twitter:card\" content=\"summary_large_image\" \/>\n<meta name=\"twitter:label1\" content=\"Tiempo de lectura\" \/>\n\t<meta name=\"twitter:data1\" content=\"3 minutos\" \/>\n<script type=\"application\/ld+json\" class=\"yoast-schema-graph\">{\"@context\":\"https:\/\/schema.org\",\"@graph\":[{\"@type\":\"WebPage\",\"@id\":\"https:\/\/pcmastersbogota.com.co\/producto\/asus-prime-rtx-5060-8gb-trifan-oc\/\",\"url\":\"https:\/\/pcmastersbogota.com.co\/producto\/asus-prime-rtx-5060-8gb-trifan-oc\/\",\"name\":\"ASUS PRIME RTX 5060 8GB TRIFAN OC - PC MASTERS BOGOTA\",\"isPartOf\":{\"@id\":\"https:\/\/pcmastersbogota.com.co\/es_es\/#website\"},\"primaryImageOfPage\":{\"@id\":\"https:\/\/pcmastersbogota.com.co\/producto\/asus-prime-rtx-5060-8gb-trifan-oc\/#primaryimage\"},\"image\":{\"@id\":\"https:\/\/pcmastersbogota.com.co\/producto\/asus-prime-rtx-5060-8gb-trifan-oc\/#primaryimage\"},\"thumbnailUrl\":\"https:\/\/pcmastersbogota.com.co\/wp-content\/uploads\/2025\/05\/imagen_2025-05-26_095103882.png\",\"datePublished\":\"2025-05-26T14:56:52+00:00\",\"dateModified\":\"2026-04-14T00:10:59+00:00\",\"breadcrumb\":{\"@id\":\"https:\/\/pcmastersbogota.com.co\/producto\/asus-prime-rtx-5060-8gb-trifan-oc\/#breadcrumb\"},\"inLanguage\":\"es\",\"potentialAction\":[{\"@type\":\"ReadAction\",\"target\":[\"https:\/\/pcmastersbogota.com.co\/producto\/asus-prime-rtx-5060-8gb-trifan-oc\/\"]}]},{\"@type\":\"ImageObject\",\"inLanguage\":\"es\",\"@id\":\"https:\/\/pcmastersbogota.com.co\/producto\/asus-prime-rtx-5060-8gb-trifan-oc\/#primaryimage\",\"url\":\"https:\/\/pcmastersbogota.com.co\/wp-content\/uploads\/2025\/05\/imagen_2025-05-26_095103882.png\",\"contentUrl\":\"https:\/\/pcmastersbogota.com.co\/wp-content\/uploads\/2025\/05\/imagen_2025-05-26_095103882.png\",\"width\":2400,\"height\":2400},{\"@type\":\"BreadcrumbList\",\"@id\":\"https:\/\/pcmastersbogota.com.co\/producto\/asus-prime-rtx-5060-8gb-trifan-oc\/#breadcrumb\",\"itemListElement\":[{\"@type\":\"ListItem\",\"position\":1,\"name\":\"Home\",\"item\":\"https:\/\/pcmastersbogota.com.co\/\"},{\"@type\":\"ListItem\",\"position\":2,\"name\":\"Tienda\",\"item\":\"https:\/\/pcmastersbogota.com.co\/es_es\/tienda\/\"},{\"@type\":\"ListItem\",\"position\":3,\"name\":\"ASUS PRIME RTX 5060 8GB TRIFAN OC\"}]},{\"@type\":\"WebSite\",\"@id\":\"https:\/\/pcmastersbogota.com.co\/es_es\/#website\",\"url\":\"https:\/\/pcmastersbogota.com.co\/es_es\/\",\"name\":\"PC MASTERS BOGOTA\",\"description\":\"\",\"potentialAction\":[{\"@type\":\"SearchAction\",\"target\":{\"@type\":\"EntryPoint\",\"urlTemplate\":\"https:\/\/pcmastersbogota.com.co\/es_es\/?s={search_term_string}\"},\"query-input\":{\"@type\":\"PropertyValueSpecification\",\"valueRequired\":true,\"valueName\":\"search_term_string\"}}],\"inLanguage\":\"es\"}]}<\/script>\n<!-- \/ Yoast SEO plugin. -->","yoast_head_json":{"title":"ASUS PRIME RTX 5060 8GB TRIFAN OC - PC MASTERS BOGOTA","robots":{"index":"index","follow":"follow","max-snippet":"max-snippet:-1","max-image-preview":"max-image-preview:large","max-video-preview":"max-video-preview:-1"},"canonical":"https:\/\/pcmastersbogota.com.co\/es_es\/producto\/asus-prime-rtx-5060-8gb-trifan-oc\/","og_locale":"es_ES","og_type":"article","og_title":"ASUS PRIME RTX 5060 8GB TRIFAN OC - PC MASTERS BOGOTA","og_description":"&nbsp;   Rendimiento de IA: 630 AI TOPS  Desarrollado por la arquitectura NVIDIA Blackwell y DLSS 4  Tarjeta GeForce para entusiastas SFF. Modo OC: 2527 MHz\/Modo Defult: 2497 MHz (reloj de aumento)  Los ventiladores de tecnolog\u00eda axial cuentan con un cubo de ventilador m\u00e1s peque\u00f1o que facilita aspas m\u00e1s largas y un anillo de barrera que aumenta la presi\u00f3n de aire hacia abajo  El dise\u00f1o de 2.5 ranuras permite una mayor compatibilidad de construcci\u00f3n mientras mantiene el rendimiento de refrigeraci\u00f3n  Los rodamientos de ventilador de doble bola duran hasta el doble de tiempo que los rodamientos de manguitos est\u00e1ndar  La tecnolog\u00eda 0dB te permite disfrutar de juegos ligeros en relativo silencio      El conmutador BIOS dual le permite alternar entre los perfiles de BIOS silencioso y de rendimiento  Proceso de fabricaci\u00f3n Au-Extreme para precisi\u00f3n y fiabilidad  El software GPU Tweak III proporciona ajustes de rendimiento intuitivos, control t\u00e9rmico avanzado y monitoreo del sistema","og_url":"https:\/\/pcmastersbogota.com.co\/es_es\/producto\/asus-prime-rtx-5060-8gb-trifan-oc\/","og_site_name":"PC MASTERS BOGOTA","article_modified_time":"2026-04-14T00:10:59+00:00","og_image":[{"width":1024,"height":1024,"url":"https:\/\/pcmastersbogota.com.co\/wp-content\/uploads\/2025\/05\/imagen_2025-05-26_095103882-1024x1024.png","type":"image\/png"}],"twitter_card":"summary_large_image","twitter_misc":{"Tiempo de lectura":"3 minutos"},"schema":{"@context":"https:\/\/schema.org","@graph":[{"@type":"WebPage","@id":"https:\/\/pcmastersbogota.com.co\/producto\/asus-prime-rtx-5060-8gb-trifan-oc\/","url":"https:\/\/pcmastersbogota.com.co\/producto\/asus-prime-rtx-5060-8gb-trifan-oc\/","name":"ASUS PRIME RTX 5060 8GB TRIFAN OC - PC MASTERS BOGOTA","isPartOf":{"@id":"https:\/\/pcmastersbogota.com.co\/es_es\/#website"},"primaryImageOfPage":{"@id":"https:\/\/pcmastersbogota.com.co\/producto\/asus-prime-rtx-5060-8gb-trifan-oc\/#primaryimage"},"image":{"@id":"https:\/\/pcmastersbogota.com.co\/producto\/asus-prime-rtx-5060-8gb-trifan-oc\/#primaryimage"},"thumbnailUrl":"https:\/\/pcmastersbogota.com.co\/wp-content\/uploads\/2025\/05\/imagen_2025-05-26_095103882.png","datePublished":"2025-05-26T14:56:52+00:00","dateModified":"2026-04-14T00:10:59+00:00","breadcrumb":{"@id":"https:\/\/pcmastersbogota.com.co\/producto\/asus-prime-rtx-5060-8gb-trifan-oc\/#breadcrumb"},"inLanguage":"es","potentialAction":[{"@type":"ReadAction","target":["https:\/\/pcmastersbogota.com.co\/producto\/asus-prime-rtx-5060-8gb-trifan-oc\/"]}]},{"@type":"ImageObject","inLanguage":"es","@id":"https:\/\/pcmastersbogota.com.co\/producto\/asus-prime-rtx-5060-8gb-trifan-oc\/#primaryimage","url":"https:\/\/pcmastersbogota.com.co\/wp-content\/uploads\/2025\/05\/imagen_2025-05-26_095103882.png","contentUrl":"https:\/\/pcmastersbogota.com.co\/wp-content\/uploads\/2025\/05\/imagen_2025-05-26_095103882.png","width":2400,"height":2400},{"@type":"BreadcrumbList","@id":"https:\/\/pcmastersbogota.com.co\/producto\/asus-prime-rtx-5060-8gb-trifan-oc\/#breadcrumb","itemListElement":[{"@type":"ListItem","position":1,"name":"Home","item":"https:\/\/pcmastersbogota.com.co\/"},{"@type":"ListItem","position":2,"name":"Tienda","item":"https:\/\/pcmastersbogota.com.co\/es_es\/tienda\/"},{"@type":"ListItem","position":3,"name":"ASUS PRIME RTX 5060 8GB TRIFAN OC"}]},{"@type":"WebSite","@id":"https:\/\/pcmastersbogota.com.co\/es_es\/#website","url":"https:\/\/pcmastersbogota.com.co\/es_es\/","name":"PC MASTERS BOGOTA","description":"","potentialAction":[{"@type":"SearchAction","target":{"@type":"EntryPoint","urlTemplate":"https:\/\/pcmastersbogota.com.co\/es_es\/?s={search_term_string}"},"query-input":{"@type":"PropertyValueSpecification","valueRequired":true,"valueName":"search_term_string"}}],"inLanguage":"es"}]}},"brands":[{"id":212,"name":"ASUS","slug":"asus"},{"id":508,"name":"PRIME","slug":"prime"}],"_links":{"self":[{"href":"https:\/\/pcmastersbogota.com.co\/es_es\/wp-json\/wp\/v2\/product\/27233","targetHints":{"allow":["GET"]}}],"collection":[{"href":"https:\/\/pcmastersbogota.com.co\/es_es\/wp-json\/wp\/v2\/product"}],"about":[{"href":"https:\/\/pcmastersbogota.com.co\/es_es\/wp-json\/wp\/v2\/types\/product"}],"replies":[{"embeddable":true,"href":"https:\/\/pcmastersbogota.com.co\/es_es\/wp-json\/wp\/v2\/comments?post=27233"}],"version-history":[{"count":4,"href":"https:\/\/pcmastersbogota.com.co\/es_es\/wp-json\/wp\/v2\/product\/27233\/revisions"}],"predecessor-version":[{"id":28112,"href":"https:\/\/pcmastersbogota.com.co\/es_es\/wp-json\/wp\/v2\/product\/27233\/revisions\/28112"}],"wp:featuredmedia":[{"embeddable":true,"href":"https:\/\/pcmastersbogota.com.co\/es_es\/wp-json\/wp\/v2\/media\/27246"}],"wp:attachment":[{"href":"https:\/\/pcmastersbogota.com.co\/es_es\/wp-json\/wp\/v2\/media?parent=27233"}],"wp:term":[{"taxonomy":"pwb-brand","embeddable":true,"href":"https:\/\/pcmastersbogota.com.co\/es_es\/wp-json\/wp\/v2\/pwb-brand?post=27233"},{"taxonomy":"product_brand","embeddable":true,"href":"https:\/\/pcmastersbogota.com.co\/es_es\/wp-json\/wp\/v2\/product_brand?post=27233"},{"taxonomy":"product_cat","embeddable":true,"href":"https:\/\/pcmastersbogota.com.co\/es_es\/wp-json\/wp\/v2\/product_cat?post=27233"},{"taxonomy":"product_tag","embeddable":true,"href":"https:\/\/pcmastersbogota.com.co\/es_es\/wp-json\/wp\/v2\/product_tag?post=27233"}],"curies":[{"name":"wp","href":"https:\/\/api.w.org\/{rel}","templated":true}]}}