{"id":28284,"date":"2025-06-24T20:59:57","date_gmt":"2025-06-25T01:59:57","guid":{"rendered":"https:\/\/pcmastersbogota.com.co\/?post_type=product&#038;p=28284"},"modified":"2025-06-25T11:18:32","modified_gmt":"2025-06-25T16:18:32","slug":"asrock-a520m-hdv","status":"publish","type":"product","link":"https:\/\/pcmastersbogota.com.co\/es_es\/producto\/asrock-a520m-hdv\/","title":{"rendered":"ASROCK A520M HDV"},"content":{"rendered":"<section id=\"sOverview\" class=\"wrapper\">\n<div class=\"Banner\">\n<div class=\"inner\">\n<div class=\"VideoContainer\"><a class=\"Video\" href=\"https:\/\/www.youtube.com\/embed\/BBmr9Ts88XA?autoplay=1\"><img decoding=\"async\" src=\"https:\/\/www.asrock.com\/news\/images\/20200818-1.jpg\" alt=\"Youtube Thumbnail\" \/><\/a><\/div>\n<\/div>\n<\/div>\n<div class=\"Banner\">\n<div class=\"BigFeature BigFeatureCust top-5\">\n<div class=\"wide-60-1 right\">\n<h3>PLACA BASE A520 PARA TODOS<\/h3>\n<h5>Todo lo esencial que necesita para la inform\u00e1tica<\/h5>\n<\/div>\n<\/div>\n<p><img decoding=\"async\" class=\"image desktop\" src=\"https:\/\/www.asrock.com\/mb\/features\/Your-PC-Transformed-A520M-HDV.jpg\" \/><\/div>\n<div class=\"Banner\"><img decoding=\"async\" class=\"image desktop lazy\" src=\"https:\/\/www.asrock.com\/mb\/features\/Keyimage-A520ReadyforRyzen.es.jpg\" data-original=\"\/mb\/features\/Keyimage-A520ReadyforRyzen.es.jpg\" \/><\/div>\n<div class=\"Banner\">\n<div class=\"BigFeature BigFeatureWide\">\n<h3>Ultra M.2 (PCIe Gen3 x4 &amp; SATA3)<\/h3>\n<div class=\"Context\">La interfaz PCIe Gen3 x4 Ultra M.2 empuja la transferencia de datos a velocidades de hasta 32Gb\/s. Adem\u00e1s, tambi\u00e9n soporta m\u00f3dulos M.2 SATA3 6Gb\/s.<\/div>\n<\/div>\n<p><img decoding=\"async\" class=\"image lazy\" src=\"https:\/\/www.asrock.com\/mb\/features\/UltraM2-A520M-HDV.jpg\" data-original=\"\/mb\/features\/UltraM2-A520M-HDV.jpg\" \/><\/div>\n<div class=\"Banner Standard\">\n<div class=\"BigFeature BigFeatureWide\">\n<h3>AMD SMART ACCESS MEMORY<\/h3>\n<div class=\"Context\">Conventional PC systems processor can only access a fraction of graphics memory and limits system performance. With AMD Smart Access Memory, the data channel gets expanded to harness the full potential of GPU memory, removes the bottleneck and increase performance.<\/div>\n<\/div>\n<p><img decoding=\"async\" class=\"image lazy\" src=\"https:\/\/www.asrock.com\/mb\/features\/AMDSmart-AccessMemory.gif\" data-original=\"\/mb\/features\/AMDSmart-AccessMemory.gif\" \/><\/div>\n<div class=\"Banner\">\n<div class=\"BigFeature FeatureRight\">\n<h3>HDMI 4k @60Hz<\/h3>\n<div class=\"Context\">Soporta HDMI 4K 60Hz, la especificaci\u00f3n de salida de gr\u00e1ficos m\u00e1s reciente. Con mayor ancho de banda y una mayor velocidad de fotogramas, la imagen en la pantalla se vuelve m\u00e1s fluida y menos borrosa.<\/div>\n<\/div>\n<p><img decoding=\"async\" class=\"image lazy\" src=\"https:\/\/www.asrock.com\/mb\/features\/HDMI4K@60hz.jpg\" data-original=\"\/mb\/features\/HDMI4K@60hz.jpg\" \/><\/div>\n<div class=\"Banner\">\n<div class=\"BigFeature FeatureRight\">\n<h3>3 Salidas Gr\u00e1ficas<\/h3>\n<div class=\"Context\">\u00a1Completa con los tres tipos de la mayor\u00eda de los conectores usados! Equipado con un D-Sub + DVI-D + HDMI combo. Adem\u00e1s, el puerto HDMI con soporte para reproducci\u00f3n 4K.<\/p>\n<div class=\"Remark\">*Soportado solo con procesadores con gr\u00e1ficos integrados. Por favor, consulte la lista de CPU soportadas de la p\u00e1gina web de cada placa base.<\/div>\n<\/div>\n<\/div>\n<p><img decoding=\"async\" class=\"image desktop lazy\" src=\"https:\/\/www.asrock.com\/mb\/features\/AllKindsOfDisplay.jpg\" data-original=\"\/mb\/features\/AllKindsOfDisplay.jpg\" \/><\/div>\n<div class=\"Banner\">\n<div class=\"inner\">\n<div class=\"wide-33-2\"><img decoding=\"async\" class=\"image lazy\" src=\"https:\/\/www.asrock.com\/mb\/features\/SA.png\" data-original=\"\/mb\/features\/SA.png\" \/><\/div>\n<div>\n<div class=\"wide-33-1 left\">\n<div class=\"Context\">\n<h6>Premium 50A Power Choke<\/h6>\n<p><img decoding=\"async\" class=\"image lazy\" src=\"https:\/\/www.asrock.com\/mb\/features\/SA-50APowerChoke.jpg\" data-original=\"\/mb\/features\/SA-50APowerChoke.jpg\" \/><\/p>\n<div>En comparaci\u00f3n con chokes tradicionales, la nueva generaci\u00f3n de chokes de alimentaci\u00f3n de ASRock incrementan con eficacia hasta 3 veces mejor corriente de saturaci\u00f3n, proporcionando una mayor y mejor voltaje Vcore a la placa base.<\/div>\n<\/div>\n<\/div>\n<div class=\"wide-33-1 left\">\n<div class=\"Context\">\n<h6>PCB de tela de cristal de Alta Densidad<\/h6>\n<p><img decoding=\"async\" class=\"image lazy\" src=\"https:\/\/www.asrock.com\/mb\/features\/SA-HDPCB.jpg\" data-original=\"\/mb\/features\/SA-HDPCB.jpg\" \/><\/p>\n<div>Dise\u00f1o de PCB de tela de cristal de alta densidad que reduce las brechas entre las capas PCB para proteger la placa base contra cortocircuitos el\u00e9ctricos causados por la humedad.<\/div>\n<\/div>\n<\/div>\n<div class=\"wide-33-1 left\">\n<div class=\"Context\">\n<h6>PCB Negro Zafiro<\/h6>\n<p><img decoding=\"async\" class=\"image lazy\" src=\"https:\/\/www.asrock.com\/mb\/features\/SA-BlackPCB.jpg\" data-original=\"\/mb\/features\/SA-BlackPCB.jpg\" \/><\/p>\n<div>Aspecto puramente negro de la PCB. El nuevo PCB negro zafiro representa una s\u00f3lida calidad y da a la placa base un toque m\u00e1s misterioso.<\/div>\n<\/div>\n<\/div>\n<\/div>\n<div><\/div>\n<\/div>\n<\/div>\n<div class=\"Banner SmallFeature\">\n<div class=\"inner\">\n<div class=\"wide-40 left\"><img decoding=\"async\" class=\"image lazy\" src=\"https:\/\/www.asrock.com\/mb\/features\/FullSpike.jpg\" data-original=\"\/mb\/features\/FullSpike.jpg\" \/><\/div>\n<div class=\"wide-60 left\">\n<h3>Protecci\u00f3n Full Spike<\/h3>\n<div class=\"Context\">Algunos componentes digitales sensibles de la placa base son vulnerables a subidas de tensi\u00f3n, la excesiva corriente puede hacer que el sistema funcione mal inmediatamente. ASRock Full Spike Protection incluye varias tecnolog\u00edas para evitar que los componentes de su placa base se da\u00f1en por estos picos de tensi\u00f3n inesperados.<\/div>\n<\/div>\n<\/div>\n<\/div>\n<div class=\"Banner SmallFeature\">\n<div class=\"inner\">\n<div class=\"wide-40 left\"><img decoding=\"async\" class=\"image lazy\" src=\"https:\/\/www.asrock.com\/mb\/features\/APPShop.jpg\" data-original=\"\/mb\/features\/APPShop.jpg\" \/><\/div>\n<div class=\"wide-60 left\">\n<h3>Live Update &amp; APP Shop<\/h3>\n<div class=\"Context\">ASRock APP Shop est\u00e1 dise\u00f1ada para su comodidad. Ofrecemos a los usuarios varias aplicaciones y software de soporte para descargar. Puede optimizar f\u00e1cilmente su sistema y mantener su placa base al d\u00eda con ASRock APP Shop.<input class=\"Buttons\" type=\"button\" value=\"more\" \/><br \/>\n<a href=\"https:\/\/pcmastersbogota.com.co\/wp-content\/uploads\/2025\/06\/imagen_2025-06-24_202319485.png\"><img fetchpriority=\"high\" decoding=\"async\" class=\"alignnone size-full wp-image-28285\" src=\"https:\/\/pcmastersbogota.com.co\/wp-content\/uploads\/2025\/06\/imagen_2025-06-24_202319485.png\" alt=\"\" width=\"1205\" height=\"971\" srcset=\"https:\/\/pcmastersbogota.com.co\/wp-content\/uploads\/2025\/06\/imagen_2025-06-24_202319485.png 1205w, https:\/\/pcmastersbogota.com.co\/wp-content\/uploads\/2025\/06\/imagen_2025-06-24_202319485-300x242.png 300w, https:\/\/pcmastersbogota.com.co\/wp-content\/uploads\/2025\/06\/imagen_2025-06-24_202319485-1024x825.png 1024w, https:\/\/pcmastersbogota.com.co\/wp-content\/uploads\/2025\/06\/imagen_2025-06-24_202319485-768x619.png 768w, https:\/\/pcmastersbogota.com.co\/wp-content\/uploads\/2025\/06\/imagen_2025-06-24_202319485-15x12.png 15w, https:\/\/pcmastersbogota.com.co\/wp-content\/uploads\/2025\/06\/imagen_2025-06-24_202319485-1200x967.png 1200w, https:\/\/pcmastersbogota.com.co\/wp-content\/uploads\/2025\/06\/imagen_2025-06-24_202319485-150x121.png 150w\" sizes=\"(max-width: 1205px) 100vw, 1205px\" \/><\/a><\/div>\n<\/div>\n<\/div>\n<\/div>\n<\/section>\n<section id=\"statement\" class=\"wrapper\">\n<div class=\"inner\"><\/div>\n<\/section>\n","protected":false},"excerpt":{"rendered":"<ul>\n<li>Soporta Socket AMD AM4 Ryzen\u2122 3000, 3000 G-Series, 4000 G-Series, 5000 y 5000 G-Series Desktop Processors<\/li>\n<li>6 Phase Power Design<\/li>\n<li>Soporta memoria DDR4 4733+ (OC)<\/li>\n<li>1 x PCIe 3.0 x16, 1 x PCIe 3.0 x1<\/li>\n<li>Opciones de salida gr\u00e1ficos: D-Sub, DVI-D, HDMI<\/li>\n<li>Audio 7.1 canales HD (C\u00f3dec de audio Realtek ALC887)<\/li>\n<li>4 x SATA3, 1 x Ultra M.2(Gen3x4 &amp; SATA3)<\/li>\n<li>6 x USB 3.2 Gen1(4 x Rear, 2 x Front)<br \/>\n6 x USB 2.0(2 x Rear, 4 x Front)<\/li>\n<li>Realtek Gigabit LAN<\/li>\n<\/ul>\n","protected":false},"featured_media":28286,"comment_status":"closed","ping_status":"closed","template":"","meta":[],"pwb-brand":[213],"product_brand":[],"product_cat":[68],"product_tag":[357,375],"class_list":{"0":"post-28284","1":"product","2":"type-product","3":"status-publish","4":"has-post-thumbnail","6":"pwb-brand-asrock","7":"product_cat-board","8":"product_tag-am4","9":"product_tag-asrock","11":"first","12":"instock","13":"taxable","14":"shipping-taxable","15":"purchasable","16":"product-type-simple"},"yoast_head":"<!-- This site is optimized with the Yoast SEO plugin v26.7 - https:\/\/yoast.com\/wordpress\/plugins\/seo\/ -->\n<title>ASROCK A520M HDV - PC MASTERS BOGOTA<\/title>\n<meta name=\"robots\" content=\"index, follow, max-snippet:-1, max-image-preview:large, max-video-preview:-1\" \/>\n<link rel=\"canonical\" href=\"https:\/\/pcmastersbogota.com.co\/es_es\/producto\/asrock-a520m-hdv\/\" \/>\n<meta property=\"og:locale\" content=\"es_ES\" \/>\n<meta property=\"og:type\" content=\"article\" \/>\n<meta property=\"og:title\" content=\"ASROCK A520M HDV - PC MASTERS BOGOTA\" \/>\n<meta property=\"og:description\" content=\"Soporta Socket AMD AM4 Ryzen\u2122 3000, 3000 G-Series, 4000 G-Series, 5000 y 5000 G-Series Desktop Processors  6 Phase Power Design  Soporta memoria DDR4 4733+ (OC)  1 x PCIe 3.0 x16, 1 x PCIe 3.0 x1  Opciones de salida gr\u00e1ficos: D-Sub, DVI-D, HDMI  Audio 7.1 canales HD (C\u00f3dec de audio Realtek ALC887)  4 x SATA3, 1 x Ultra M.2(Gen3x4 &amp; SATA3)  6 x USB 3.2 Gen1(4 x Rear, 2 x Front) 6 x USB 2.0(2 x Rear, 4 x Front)  Realtek Gigabit LAN\" \/>\n<meta property=\"og:url\" content=\"https:\/\/pcmastersbogota.com.co\/es_es\/producto\/asrock-a520m-hdv\/\" \/>\n<meta property=\"og:site_name\" content=\"PC MASTERS BOGOTA\" \/>\n<meta property=\"article:modified_time\" content=\"2025-06-25T16:18:32+00:00\" \/>\n<meta property=\"og:image\" content=\"https:\/\/pcmastersbogota.com.co\/wp-content\/uploads\/2025\/06\/imagen_2025-06-24_202435029.png\" \/>\n\t<meta property=\"og:image:width\" content=\"1200\" \/>\n\t<meta property=\"og:image:height\" content=\"1000\" \/>\n\t<meta property=\"og:image:type\" content=\"image\/png\" \/>\n<meta name=\"twitter:card\" content=\"summary_large_image\" \/>\n<meta name=\"twitter:label1\" content=\"Tiempo de lectura\" \/>\n\t<meta name=\"twitter:data1\" content=\"5 minutos\" \/>\n<script type=\"application\/ld+json\" class=\"yoast-schema-graph\">{\"@context\":\"https:\/\/schema.org\",\"@graph\":[{\"@type\":\"WebPage\",\"@id\":\"https:\/\/pcmastersbogota.com.co\/producto\/asrock-a520m-hdv\/\",\"url\":\"https:\/\/pcmastersbogota.com.co\/producto\/asrock-a520m-hdv\/\",\"name\":\"ASROCK A520M HDV - PC MASTERS BOGOTA\",\"isPartOf\":{\"@id\":\"https:\/\/pcmastersbogota.com.co\/es_es\/#website\"},\"primaryImageOfPage\":{\"@id\":\"https:\/\/pcmastersbogota.com.co\/producto\/asrock-a520m-hdv\/#primaryimage\"},\"image\":{\"@id\":\"https:\/\/pcmastersbogota.com.co\/producto\/asrock-a520m-hdv\/#primaryimage\"},\"thumbnailUrl\":\"https:\/\/pcmastersbogota.com.co\/wp-content\/uploads\/2025\/06\/imagen_2025-06-24_202435029.png\",\"datePublished\":\"2025-06-25T01:59:57+00:00\",\"dateModified\":\"2025-06-25T16:18:32+00:00\",\"breadcrumb\":{\"@id\":\"https:\/\/pcmastersbogota.com.co\/producto\/asrock-a520m-hdv\/#breadcrumb\"},\"inLanguage\":\"es\",\"potentialAction\":[{\"@type\":\"ReadAction\",\"target\":[\"https:\/\/pcmastersbogota.com.co\/producto\/asrock-a520m-hdv\/\"]}]},{\"@type\":\"ImageObject\",\"inLanguage\":\"es\",\"@id\":\"https:\/\/pcmastersbogota.com.co\/producto\/asrock-a520m-hdv\/#primaryimage\",\"url\":\"https:\/\/pcmastersbogota.com.co\/wp-content\/uploads\/2025\/06\/imagen_2025-06-24_202435029.png\",\"contentUrl\":\"https:\/\/pcmastersbogota.com.co\/wp-content\/uploads\/2025\/06\/imagen_2025-06-24_202435029.png\",\"width\":1200,\"height\":1000},{\"@type\":\"BreadcrumbList\",\"@id\":\"https:\/\/pcmastersbogota.com.co\/producto\/asrock-a520m-hdv\/#breadcrumb\",\"itemListElement\":[{\"@type\":\"ListItem\",\"position\":1,\"name\":\"Home\",\"item\":\"https:\/\/pcmastersbogota.com.co\/\"},{\"@type\":\"ListItem\",\"position\":2,\"name\":\"Tienda\",\"item\":\"https:\/\/pcmastersbogota.com.co\/es_es\/tienda\/\"},{\"@type\":\"ListItem\",\"position\":3,\"name\":\"ASROCK A520M HDV\"}]},{\"@type\":\"WebSite\",\"@id\":\"https:\/\/pcmastersbogota.com.co\/es_es\/#website\",\"url\":\"https:\/\/pcmastersbogota.com.co\/es_es\/\",\"name\":\"PC MASTERS BOGOTA\",\"description\":\"\",\"potentialAction\":[{\"@type\":\"SearchAction\",\"target\":{\"@type\":\"EntryPoint\",\"urlTemplate\":\"https:\/\/pcmastersbogota.com.co\/es_es\/?s={search_term_string}\"},\"query-input\":{\"@type\":\"PropertyValueSpecification\",\"valueRequired\":true,\"valueName\":\"search_term_string\"}}],\"inLanguage\":\"es\"}]}<\/script>\n<!-- \/ Yoast SEO plugin. -->","yoast_head_json":{"title":"ASROCK A520M HDV - PC MASTERS BOGOTA","robots":{"index":"index","follow":"follow","max-snippet":"max-snippet:-1","max-image-preview":"max-image-preview:large","max-video-preview":"max-video-preview:-1"},"canonical":"https:\/\/pcmastersbogota.com.co\/es_es\/producto\/asrock-a520m-hdv\/","og_locale":"es_ES","og_type":"article","og_title":"ASROCK A520M HDV - PC MASTERS BOGOTA","og_description":"Soporta Socket AMD AM4 Ryzen\u2122 3000, 3000 G-Series, 4000 G-Series, 5000 y 5000 G-Series Desktop Processors  6 Phase Power Design  Soporta memoria DDR4 4733+ (OC)  1 x PCIe 3.0 x16, 1 x PCIe 3.0 x1  Opciones de salida gr\u00e1ficos: D-Sub, DVI-D, HDMI  Audio 7.1 canales HD (C\u00f3dec de audio Realtek ALC887)  4 x SATA3, 1 x Ultra M.2(Gen3x4 &amp; SATA3)  6 x USB 3.2 Gen1(4 x Rear, 2 x Front) 6 x USB 2.0(2 x Rear, 4 x Front)  Realtek Gigabit LAN","og_url":"https:\/\/pcmastersbogota.com.co\/es_es\/producto\/asrock-a520m-hdv\/","og_site_name":"PC MASTERS BOGOTA","article_modified_time":"2025-06-25T16:18:32+00:00","og_image":[{"width":1200,"height":1000,"url":"https:\/\/pcmastersbogota.com.co\/wp-content\/uploads\/2025\/06\/imagen_2025-06-24_202435029.png","type":"image\/png"}],"twitter_card":"summary_large_image","twitter_misc":{"Tiempo de lectura":"5 minutos"},"schema":{"@context":"https:\/\/schema.org","@graph":[{"@type":"WebPage","@id":"https:\/\/pcmastersbogota.com.co\/producto\/asrock-a520m-hdv\/","url":"https:\/\/pcmastersbogota.com.co\/producto\/asrock-a520m-hdv\/","name":"ASROCK A520M HDV - PC MASTERS BOGOTA","isPartOf":{"@id":"https:\/\/pcmastersbogota.com.co\/es_es\/#website"},"primaryImageOfPage":{"@id":"https:\/\/pcmastersbogota.com.co\/producto\/asrock-a520m-hdv\/#primaryimage"},"image":{"@id":"https:\/\/pcmastersbogota.com.co\/producto\/asrock-a520m-hdv\/#primaryimage"},"thumbnailUrl":"https:\/\/pcmastersbogota.com.co\/wp-content\/uploads\/2025\/06\/imagen_2025-06-24_202435029.png","datePublished":"2025-06-25T01:59:57+00:00","dateModified":"2025-06-25T16:18:32+00:00","breadcrumb":{"@id":"https:\/\/pcmastersbogota.com.co\/producto\/asrock-a520m-hdv\/#breadcrumb"},"inLanguage":"es","potentialAction":[{"@type":"ReadAction","target":["https:\/\/pcmastersbogota.com.co\/producto\/asrock-a520m-hdv\/"]}]},{"@type":"ImageObject","inLanguage":"es","@id":"https:\/\/pcmastersbogota.com.co\/producto\/asrock-a520m-hdv\/#primaryimage","url":"https:\/\/pcmastersbogota.com.co\/wp-content\/uploads\/2025\/06\/imagen_2025-06-24_202435029.png","contentUrl":"https:\/\/pcmastersbogota.com.co\/wp-content\/uploads\/2025\/06\/imagen_2025-06-24_202435029.png","width":1200,"height":1000},{"@type":"BreadcrumbList","@id":"https:\/\/pcmastersbogota.com.co\/producto\/asrock-a520m-hdv\/#breadcrumb","itemListElement":[{"@type":"ListItem","position":1,"name":"Home","item":"https:\/\/pcmastersbogota.com.co\/"},{"@type":"ListItem","position":2,"name":"Tienda","item":"https:\/\/pcmastersbogota.com.co\/es_es\/tienda\/"},{"@type":"ListItem","position":3,"name":"ASROCK A520M HDV"}]},{"@type":"WebSite","@id":"https:\/\/pcmastersbogota.com.co\/es_es\/#website","url":"https:\/\/pcmastersbogota.com.co\/es_es\/","name":"PC MASTERS BOGOTA","description":"","potentialAction":[{"@type":"SearchAction","target":{"@type":"EntryPoint","urlTemplate":"https:\/\/pcmastersbogota.com.co\/es_es\/?s={search_term_string}"},"query-input":{"@type":"PropertyValueSpecification","valueRequired":true,"valueName":"search_term_string"}}],"inLanguage":"es"}]}},"brands":[{"id":213,"name":"ASROCK","slug":"asrock"}],"_links":{"self":[{"href":"https:\/\/pcmastersbogota.com.co\/es_es\/wp-json\/wp\/v2\/product\/28284","targetHints":{"allow":["GET"]}}],"collection":[{"href":"https:\/\/pcmastersbogota.com.co\/es_es\/wp-json\/wp\/v2\/product"}],"about":[{"href":"https:\/\/pcmastersbogota.com.co\/es_es\/wp-json\/wp\/v2\/types\/product"}],"replies":[{"embeddable":true,"href":"https:\/\/pcmastersbogota.com.co\/es_es\/wp-json\/wp\/v2\/comments?post=28284"}],"version-history":[{"count":1,"href":"https:\/\/pcmastersbogota.com.co\/es_es\/wp-json\/wp\/v2\/product\/28284\/revisions"}],"predecessor-version":[{"id":28291,"href":"https:\/\/pcmastersbogota.com.co\/es_es\/wp-json\/wp\/v2\/product\/28284\/revisions\/28291"}],"wp:featuredmedia":[{"embeddable":true,"href":"https:\/\/pcmastersbogota.com.co\/es_es\/wp-json\/wp\/v2\/media\/28286"}],"wp:attachment":[{"href":"https:\/\/pcmastersbogota.com.co\/es_es\/wp-json\/wp\/v2\/media?parent=28284"}],"wp:term":[{"taxonomy":"pwb-brand","embeddable":true,"href":"https:\/\/pcmastersbogota.com.co\/es_es\/wp-json\/wp\/v2\/pwb-brand?post=28284"},{"taxonomy":"product_brand","embeddable":true,"href":"https:\/\/pcmastersbogota.com.co\/es_es\/wp-json\/wp\/v2\/product_brand?post=28284"},{"taxonomy":"product_cat","embeddable":true,"href":"https:\/\/pcmastersbogota.com.co\/es_es\/wp-json\/wp\/v2\/product_cat?post=28284"},{"taxonomy":"product_tag","embeddable":true,"href":"https:\/\/pcmastersbogota.com.co\/es_es\/wp-json\/wp\/v2\/product_tag?post=28284"}],"curies":[{"name":"wp","href":"https:\/\/api.w.org\/{rel}","templated":true}]}}