{"id":28484,"date":"2025-07-05T11:45:20","date_gmt":"2025-07-05T16:45:20","guid":{"rendered":"https:\/\/pcmastersbogota.com.co\/?post_type=product&#038;p=28484"},"modified":"2026-01-30T13:47:56","modified_gmt":"2026-01-30T18:47:56","slug":"1tb-patriot-viper-vp4300-lite","status":"publish","type":"product","link":"https:\/\/pcmastersbogota.com.co\/es_es\/producto\/1tb-patriot-viper-vp4300-lite\/","title":{"rendered":"1TB PATRIOT VIPER VP4300 lite"},"content":{"rendered":"<p><img decoding=\"async\" src=\"https:\/\/assets-global.website-files.com\/63b6412d4ef17b35c8b5f9d5\/649e4fbac962420345acecbd_kv_banner_vp4300lite_en.jpg\" alt=\"SSD para juegos VP4300 Lite M.2 PCIe Gen4 x4\" \/><\/p>\n<section class=\"section-feature content1\">\n<div class=\"container-content\">\n<div class=\"div-content\">\n<div class=\"feature-image left\"><img decoding=\"async\" class=\"images aligncenter\" src=\"https:\/\/assets-global.website-files.com\/63b6412d4ef17b35c8b5f9d5\/648bc131d7f293f1fb7ed7bc_features_vp4300lite_01.jpg\" sizes=\"(max-width: 479px) 100vw, (max-width: 767px) 95vw, (max-width: 991px) 46vw, (max-width: 1439px) 38vw, 40vw\" srcset=\"https:\/\/assets-global.website-files.com\/63b6412d4ef17b35c8b5f9d5\/648bc131d7f293f1fb7ed7bc_features_vp4300lite_01-p-500.jpg 500w, https:\/\/assets-global.website-files.com\/63b6412d4ef17b35c8b5f9d5\/648bc131d7f293f1fb7ed7bc_features_vp4300lite_01-p-800.jpg 800w, https:\/\/assets-global.website-files.com\/63b6412d4ef17b35c8b5f9d5\/648bc131d7f293f1fb7ed7bc_features_vp4300lite_01-p-1080.jpg 1080w, https:\/\/assets-global.website-files.com\/63b6412d4ef17b35c8b5f9d5\/648bc131d7f293f1fb7ed7bc_features_vp4300lite_01.jpg 1200w\" alt=\"SSD para juegos VP4300 Lite M.2 PCIe Gen4 x4\" \/><\/div>\n<div class=\"feature-content right\">\n<div class=\"richt-content w-richtext\">\n<h2 style=\"text-align: center;\">Velocidades revolucionarias, rendimiento inigualable, velocidad inigualable<\/h2>\n<p style=\"text-align: center;\">El VP4300 Lite ofrece una velocidad incre\u00edblemente r\u00e1pida y una experiencia de juego inigualable con velocidades de lectura de hasta 7400 MB\/s.<\/p>\n<\/div>\n<\/div>\n<\/div>\n<\/div>\n<\/section>\n<div class=\"section-feature full\">\n<div class=\"div-content-full\">\n<div class=\"div-feature-image-full\"><img decoding=\"async\" class=\"feature-image-full aligncenter\" src=\"https:\/\/assets-global.website-files.com\/63b6412d4ef17b35c8b5f9d5\/648bc1c1348f0091693282cb_features_vp4300lite_02.jpg\" sizes=\"100vw\" srcset=\"https:\/\/assets-global.website-files.com\/63b6412d4ef17b35c8b5f9d5\/648bc1c1348f0091693282cb_features_vp4300lite_02-p-500.jpg 500w, https:\/\/assets-global.website-files.com\/63b6412d4ef17b35c8b5f9d5\/648bc1c1348f0091693282cb_features_vp4300lite_02-p-800.jpg 800w, https:\/\/assets-global.website-files.com\/63b6412d4ef17b35c8b5f9d5\/648bc1c1348f0091693282cb_features_vp4300lite_02-p-1080.jpg 1080w, https:\/\/assets-global.website-files.com\/63b6412d4ef17b35c8b5f9d5\/648bc1c1348f0091693282cb_features_vp4300lite_02-p-1600.jpg 1600w, https:\/\/assets-global.website-files.com\/63b6412d4ef17b35c8b5f9d5\/648bc1c1348f0091693282cb_features_vp4300lite_02.jpg 1920w\" alt=\"SSD para juegos VP4300 Lite M.2 PCIe Gen4 x4\" \/><\/div>\n<div class=\"richt-content full w-richtext\">\n<h2 style=\"text-align: center;\">Soporte NVMe 2.0 m\u00e1s reciente<\/h2>\n<p style=\"text-align: center;\">El VP4300 Lite es totalmente compatible con NVMe 2.0, lo que garantiza compatibilidad y rendimiento en todos los sistemas..<\/p>\n<\/div>\n<\/div>\n<\/div>\n<section class=\"section-feature content1\">\n<div class=\"container-content\">\n<div class=\"div-content reverse\">\n<div class=\"feature-content right\">\n<div class=\"richt-content w-richtext\">\n<h2 style=\"text-align: center;\">Refrigeraci\u00f3n de vanguardia<\/h2>\n<p style=\"text-align: center;\">Nuestro disipador de calor de refrigeraci\u00f3n de grafeno ultrafino de edici\u00f3n especial proporciona una refrigeraci\u00f3n \u00f3ptima para funcionar sin problemas durante sesiones de juego intensas..<\/p>\n<\/div>\n<\/div>\n<div class=\"feature-image left\"><img decoding=\"async\" class=\"images aligncenter\" src=\"https:\/\/assets-global.website-files.com\/63b6412d4ef17b35c8b5f9d5\/648bc212a5a1cb67b12cff98_features_vp4300lite_03.jpg\" sizes=\"(max-width: 479px) 100vw, (max-width: 767px) 95vw, (max-width: 991px) 46vw, (max-width: 1439px) 38vw, 40vw\" srcset=\"https:\/\/assets-global.website-files.com\/63b6412d4ef17b35c8b5f9d5\/648bc212a5a1cb67b12cff98_features_vp4300lite_03-p-500.jpg 500w, https:\/\/assets-global.website-files.com\/63b6412d4ef17b35c8b5f9d5\/648bc212a5a1cb67b12cff98_features_vp4300lite_03-p-800.jpg 800w, https:\/\/assets-global.website-files.com\/63b6412d4ef17b35c8b5f9d5\/648bc212a5a1cb67b12cff98_features_vp4300lite_03-p-1080.jpg 1080w, https:\/\/assets-global.website-files.com\/63b6412d4ef17b35c8b5f9d5\/648bc212a5a1cb67b12cff98_features_vp4300lite_03.jpg 1200w\" alt=\"SSD para juegos VP4300 Lite M.2 PCIe Gen4 x4\" \/><\/div>\n<\/div>\n<\/div>\n<\/section>\n<section class=\"section-feature content4\">\n<div class=\"container-content\">\n<div class=\"div-content\">\n<div class=\"feature-image left\"><img decoding=\"async\" class=\"images aligncenter\" src=\"https:\/\/assets-global.website-files.com\/63b6412d4ef17b35c8b5f9d5\/649e521c4d05799152b192e3_features_vp4300lite_04.jpg\" sizes=\"(max-width: 479px) 100vw, (max-width: 767px) 95vw, (max-width: 991px) 46vw, (max-width: 1439px) 38vw, 40vw\" srcset=\"https:\/\/assets-global.website-files.com\/63b6412d4ef17b35c8b5f9d5\/649e521c4d05799152b192e3_features_vp4300lite_04-p-500.jpg 500w, https:\/\/assets-global.website-files.com\/63b6412d4ef17b35c8b5f9d5\/649e521c4d05799152b192e3_features_vp4300lite_04-p-800.jpg 800w, https:\/\/assets-global.website-files.com\/63b6412d4ef17b35c8b5f9d5\/649e521c4d05799152b192e3_features_vp4300lite_04-p-1080.jpg 1080w, https:\/\/assets-global.website-files.com\/63b6412d4ef17b35c8b5f9d5\/649e521c4d05799152b192e3_features_vp4300lite_04.jpg 1200w\" alt=\"SSD para juegos VP4300 Lite M.2 PCIe Gen4 x4\" \/><\/div>\n<div class=\"feature-content right\">\n<div class=\"richt-content w-richtext\">\n<h2 style=\"text-align: center;\">Compatibilidad con PS5<\/h2>\n<p style=\"text-align: center;\">Con compatibilidad entre PC y PS5, el VP4300 Lite ofrece un rendimiento s\u00f3lido dise\u00f1ado para ambos sistemas. Cuando se utiliza con la PS5, el VP4300 Lite ofrece s\u00f3lidas velocidades de lectura secuencial de hasta 6100 MB\/s.<\/p>\n<p style=\"text-align: center;\">Hacer clic\u00a0<a href=\"https:\/\/assets-global.website-files.com\/63b6412d4ef17b35c8b5f9d5\/649e50b1864503a635f417f0_PS5_Compatibility_List.pdf\" target=\"_blank\" rel=\"noopener\">aqu\u00ed<\/a>\u00a0para obtener m\u00e1s informaci\u00f3n sobre la lista de compatibilidad de PS5.<\/p>\n<\/div>\n<\/div>\n<\/div>\n<\/div>\n<\/section>\n<div class=\"section-feature full\">\n<div class=\"div-content-full\" style=\"text-align: center;\">\n<p><img decoding=\"async\" class=\"feature-image-full\" src=\"https:\/\/assets-global.website-files.com\/63b6412d4ef17b35c8b5f9d5\/648bc2ed90d3b765fda0371d_features_vp4300lite_05.jpg\" sizes=\"100vw\" srcset=\"https:\/\/assets-global.website-files.com\/63b6412d4ef17b35c8b5f9d5\/648bc2ed90d3b765fda0371d_features_vp4300lite_05-p-500.jpg 500w, https:\/\/assets-global.website-files.com\/63b6412d4ef17b35c8b5f9d5\/648bc2ed90d3b765fda0371d_features_vp4300lite_05-p-800.jpg 800w, https:\/\/assets-global.website-files.com\/63b6412d4ef17b35c8b5f9d5\/648bc2ed90d3b765fda0371d_features_vp4300lite_05-p-1080.jpg 1080w, https:\/\/assets-global.website-files.com\/63b6412d4ef17b35c8b5f9d5\/648bc2ed90d3b765fda0371d_features_vp4300lite_05-p-1600.jpg 1600w, https:\/\/assets-global.website-files.com\/63b6412d4ef17b35c8b5f9d5\/648bc2ed90d3b765fda0371d_features_vp4300lite_05.jpg 1920w\" alt=\"SSD para juegos VP4300 Lite M.2 PCIe Gen4 x4\" \/><\/p>\n<div class=\"richt-content full w-richtext\">\n<h2>Espacio de almacenamiento masivo de 4 TB<\/h2>\n<p>Con el VP4300 Lite que ofrece capacidades de hasta 4 TB, los jugadores tendr\u00e1n mucho espacio para todos sus juegos, archivos y medios cuando lo necesiten.<\/p>\n<\/div>\n<\/div>\n<\/div>\n<div class=\"section-feature full\">\n<div class=\"div-content-full\">\n<div class=\"richt-content full w-richtext\">\n<h2>M\u00e1xima protecci\u00f3n, rendimiento duradero, garantizado<\/h2>\n<p>Construido con los mejores materiales de su clase, el VP4300 Lite tambi\u00e9n viene con una garant\u00eda de cinco a\u00f1os para garantizar una protecci\u00f3n garantizada y un rendimiento duradero..<\/p>\n<\/div>\n<\/div>\n<\/div>\n","protected":false},"excerpt":{"rendered":"<section class=\"section-gallery\">\n<div class=\"div-gallery\">\n<div class=\"wrapper-gallery\">\n<div class=\"bullet-point\">\n<h2 class=\"p-name\" style=\"text-align: left;\">SSD para juegos VP4300 Lite M.2 PCIe Gen4 x4<\/h2>\n<div class=\"list-bullet-point w-richtext\" style=\"text-align: center;\">\n<ul role=\"list\">\n<li style=\"text-align: left;\">Velocidades de lectura\/escritura de hasta 7400 MB\/s, 6400 MB\/s<\/li>\n<li style=\"text-align: left;\">Soporte NVMe 2.0 m\u00e1s reciente<\/li>\n<li style=\"text-align: left;\">Disipador de calor de refrigeraci\u00f3n ultrafino de edici\u00f3n especial<\/li>\n<li style=\"text-align: left;\">Compatible con PS5: lectura secundaria de PS5 de hasta 6100 MB\/s<\/li>\n<li style=\"text-align: left;\">Grandes capacidades de almacenamiento de hasta 4 TB<\/li>\n<li style=\"text-align: left;\">Garant\u00eda de cinco a\u00f1os<\/li>\n<\/ul>\n<\/div>\n<\/div>\n<\/div>\n<\/div>\n<\/section>\n","protected":false},"featured_media":21295,"comment_status":"closed","ping_status":"closed","template":"","meta":[],"pwb-brand":[114],"product_brand":[],"product_cat":[28],"product_tag":[451,452,340,116],"class_list":{"0":"post-28484","1":"product","2":"type-product","3":"status-publish","4":"has-post-thumbnail","6":"pwb-brand-viper","7":"product_cat-ssd","8":"product_tag-nvme","9":"product_tag-pcie4","10":"product_tag-ssd","11":"product_tag-viper","13":"first","14":"instock","15":"taxable","16":"shipping-taxable","17":"purchasable","18":"product-type-simple"},"yoast_head":"<!-- This site is optimized with the Yoast SEO plugin v26.7 - https:\/\/yoast.com\/wordpress\/plugins\/seo\/ -->\n<title>1TB PATRIOT VIPER VP4300 lite - PC MASTERS BOGOTA<\/title>\n<meta name=\"robots\" content=\"index, follow, max-snippet:-1, max-image-preview:large, max-video-preview:-1\" \/>\n<link rel=\"canonical\" href=\"https:\/\/pcmastersbogota.com.co\/es_es\/producto\/1tb-patriot-viper-vp4300-lite\/\" \/>\n<meta property=\"og:locale\" content=\"es_ES\" \/>\n<meta property=\"og:type\" content=\"article\" \/>\n<meta property=\"og:title\" content=\"1TB PATRIOT VIPER VP4300 lite - PC MASTERS BOGOTA\" \/>\n<meta property=\"og:description\" content=\"SSD para juegos VP4300 Lite M.2 PCIe Gen4 x4    Velocidades de lectura\/escritura de hasta 7400 MB\/s, 6400 MB\/s  Soporte NVMe 2.0 m\u00e1s reciente  Disipador de calor de refrigeraci\u00f3n ultrafino de edici\u00f3n especial  Compatible con PS5: lectura secundaria de PS5 de hasta 6100 MB\/s  Grandes capacidades de almacenamiento de hasta 4 TB  Garant\u00eda de cinco a\u00f1os\" \/>\n<meta property=\"og:url\" content=\"https:\/\/pcmastersbogota.com.co\/es_es\/producto\/1tb-patriot-viper-vp4300-lite\/\" \/>\n<meta property=\"og:site_name\" content=\"PC MASTERS BOGOTA\" \/>\n<meta property=\"article:modified_time\" content=\"2026-01-30T18:47:56+00:00\" \/>\n<meta property=\"og:image\" content=\"https:\/\/pcmastersbogota.com.co\/wp-content\/uploads\/2023\/10\/VP4300-Lite_2TB_Image_A-scaled.jpg\" \/>\n\t<meta property=\"og:image:width\" content=\"2560\" \/>\n\t<meta property=\"og:image:height\" content=\"2560\" \/>\n\t<meta property=\"og:image:type\" content=\"image\/jpeg\" \/>\n<meta name=\"twitter:card\" content=\"summary_large_image\" \/>\n<meta name=\"twitter:label1\" content=\"Tiempo de lectura\" \/>\n\t<meta name=\"twitter:data1\" content=\"3 minutos\" \/>\n<script type=\"application\/ld+json\" class=\"yoast-schema-graph\">{\"@context\":\"https:\/\/schema.org\",\"@graph\":[{\"@type\":\"WebPage\",\"@id\":\"https:\/\/pcmastersbogota.com.co\/producto\/1tb-patriot-viper-vp4300-lite\/\",\"url\":\"https:\/\/pcmastersbogota.com.co\/producto\/1tb-patriot-viper-vp4300-lite\/\",\"name\":\"1TB PATRIOT VIPER VP4300 lite - PC MASTERS BOGOTA\",\"isPartOf\":{\"@id\":\"https:\/\/pcmastersbogota.com.co\/es_es\/#website\"},\"primaryImageOfPage\":{\"@id\":\"https:\/\/pcmastersbogota.com.co\/producto\/1tb-patriot-viper-vp4300-lite\/#primaryimage\"},\"image\":{\"@id\":\"https:\/\/pcmastersbogota.com.co\/producto\/1tb-patriot-viper-vp4300-lite\/#primaryimage\"},\"thumbnailUrl\":\"https:\/\/pcmastersbogota.com.co\/wp-content\/uploads\/2023\/10\/VP4300-Lite_2TB_Image_A-scaled.jpg\",\"datePublished\":\"2025-07-05T16:45:20+00:00\",\"dateModified\":\"2026-01-30T18:47:56+00:00\",\"breadcrumb\":{\"@id\":\"https:\/\/pcmastersbogota.com.co\/producto\/1tb-patriot-viper-vp4300-lite\/#breadcrumb\"},\"inLanguage\":\"es\",\"potentialAction\":[{\"@type\":\"ReadAction\",\"target\":[\"https:\/\/pcmastersbogota.com.co\/producto\/1tb-patriot-viper-vp4300-lite\/\"]}]},{\"@type\":\"ImageObject\",\"inLanguage\":\"es\",\"@id\":\"https:\/\/pcmastersbogota.com.co\/producto\/1tb-patriot-viper-vp4300-lite\/#primaryimage\",\"url\":\"https:\/\/pcmastersbogota.com.co\/wp-content\/uploads\/2023\/10\/VP4300-Lite_2TB_Image_A-scaled.jpg\",\"contentUrl\":\"https:\/\/pcmastersbogota.com.co\/wp-content\/uploads\/2023\/10\/VP4300-Lite_2TB_Image_A-scaled.jpg\",\"width\":2560,\"height\":2560},{\"@type\":\"BreadcrumbList\",\"@id\":\"https:\/\/pcmastersbogota.com.co\/producto\/1tb-patriot-viper-vp4300-lite\/#breadcrumb\",\"itemListElement\":[{\"@type\":\"ListItem\",\"position\":1,\"name\":\"Home\",\"item\":\"https:\/\/pcmastersbogota.com.co\/\"},{\"@type\":\"ListItem\",\"position\":2,\"name\":\"Tienda\",\"item\":\"https:\/\/pcmastersbogota.com.co\/es_es\/tienda\/\"},{\"@type\":\"ListItem\",\"position\":3,\"name\":\"1TB PATRIOT VIPER VP4300 lite\"}]},{\"@type\":\"WebSite\",\"@id\":\"https:\/\/pcmastersbogota.com.co\/es_es\/#website\",\"url\":\"https:\/\/pcmastersbogota.com.co\/es_es\/\",\"name\":\"PC MASTERS BOGOTA\",\"description\":\"\",\"potentialAction\":[{\"@type\":\"SearchAction\",\"target\":{\"@type\":\"EntryPoint\",\"urlTemplate\":\"https:\/\/pcmastersbogota.com.co\/es_es\/?s={search_term_string}\"},\"query-input\":{\"@type\":\"PropertyValueSpecification\",\"valueRequired\":true,\"valueName\":\"search_term_string\"}}],\"inLanguage\":\"es\"}]}<\/script>\n<!-- \/ Yoast SEO plugin. -->","yoast_head_json":{"title":"1TB PATRIOT VIPER VP4300 lite - PC MASTERS BOGOTA","robots":{"index":"index","follow":"follow","max-snippet":"max-snippet:-1","max-image-preview":"max-image-preview:large","max-video-preview":"max-video-preview:-1"},"canonical":"https:\/\/pcmastersbogota.com.co\/es_es\/producto\/1tb-patriot-viper-vp4300-lite\/","og_locale":"es_ES","og_type":"article","og_title":"1TB PATRIOT VIPER VP4300 lite - PC MASTERS BOGOTA","og_description":"SSD para juegos VP4300 Lite M.2 PCIe Gen4 x4    Velocidades de lectura\/escritura de hasta 7400 MB\/s, 6400 MB\/s  Soporte NVMe 2.0 m\u00e1s reciente  Disipador de calor de refrigeraci\u00f3n ultrafino de edici\u00f3n especial  Compatible con PS5: lectura secundaria de PS5 de hasta 6100 MB\/s  Grandes capacidades de almacenamiento de hasta 4 TB  Garant\u00eda de cinco a\u00f1os","og_url":"https:\/\/pcmastersbogota.com.co\/es_es\/producto\/1tb-patriot-viper-vp4300-lite\/","og_site_name":"PC MASTERS BOGOTA","article_modified_time":"2026-01-30T18:47:56+00:00","og_image":[{"width":2560,"height":2560,"url":"https:\/\/pcmastersbogota.com.co\/wp-content\/uploads\/2023\/10\/VP4300-Lite_2TB_Image_A-scaled.jpg","type":"image\/jpeg"}],"twitter_card":"summary_large_image","twitter_misc":{"Tiempo de lectura":"3 minutos"},"schema":{"@context":"https:\/\/schema.org","@graph":[{"@type":"WebPage","@id":"https:\/\/pcmastersbogota.com.co\/producto\/1tb-patriot-viper-vp4300-lite\/","url":"https:\/\/pcmastersbogota.com.co\/producto\/1tb-patriot-viper-vp4300-lite\/","name":"1TB PATRIOT VIPER VP4300 lite - PC MASTERS BOGOTA","isPartOf":{"@id":"https:\/\/pcmastersbogota.com.co\/es_es\/#website"},"primaryImageOfPage":{"@id":"https:\/\/pcmastersbogota.com.co\/producto\/1tb-patriot-viper-vp4300-lite\/#primaryimage"},"image":{"@id":"https:\/\/pcmastersbogota.com.co\/producto\/1tb-patriot-viper-vp4300-lite\/#primaryimage"},"thumbnailUrl":"https:\/\/pcmastersbogota.com.co\/wp-content\/uploads\/2023\/10\/VP4300-Lite_2TB_Image_A-scaled.jpg","datePublished":"2025-07-05T16:45:20+00:00","dateModified":"2026-01-30T18:47:56+00:00","breadcrumb":{"@id":"https:\/\/pcmastersbogota.com.co\/producto\/1tb-patriot-viper-vp4300-lite\/#breadcrumb"},"inLanguage":"es","potentialAction":[{"@type":"ReadAction","target":["https:\/\/pcmastersbogota.com.co\/producto\/1tb-patriot-viper-vp4300-lite\/"]}]},{"@type":"ImageObject","inLanguage":"es","@id":"https:\/\/pcmastersbogota.com.co\/producto\/1tb-patriot-viper-vp4300-lite\/#primaryimage","url":"https:\/\/pcmastersbogota.com.co\/wp-content\/uploads\/2023\/10\/VP4300-Lite_2TB_Image_A-scaled.jpg","contentUrl":"https:\/\/pcmastersbogota.com.co\/wp-content\/uploads\/2023\/10\/VP4300-Lite_2TB_Image_A-scaled.jpg","width":2560,"height":2560},{"@type":"BreadcrumbList","@id":"https:\/\/pcmastersbogota.com.co\/producto\/1tb-patriot-viper-vp4300-lite\/#breadcrumb","itemListElement":[{"@type":"ListItem","position":1,"name":"Home","item":"https:\/\/pcmastersbogota.com.co\/"},{"@type":"ListItem","position":2,"name":"Tienda","item":"https:\/\/pcmastersbogota.com.co\/es_es\/tienda\/"},{"@type":"ListItem","position":3,"name":"1TB PATRIOT VIPER VP4300 lite"}]},{"@type":"WebSite","@id":"https:\/\/pcmastersbogota.com.co\/es_es\/#website","url":"https:\/\/pcmastersbogota.com.co\/es_es\/","name":"PC MASTERS BOGOTA","description":"","potentialAction":[{"@type":"SearchAction","target":{"@type":"EntryPoint","urlTemplate":"https:\/\/pcmastersbogota.com.co\/es_es\/?s={search_term_string}"},"query-input":{"@type":"PropertyValueSpecification","valueRequired":true,"valueName":"search_term_string"}}],"inLanguage":"es"}]}},"brands":[{"id":114,"name":"VIPER","slug":"viper"}],"_links":{"self":[{"href":"https:\/\/pcmastersbogota.com.co\/es_es\/wp-json\/wp\/v2\/product\/28484","targetHints":{"allow":["GET"]}}],"collection":[{"href":"https:\/\/pcmastersbogota.com.co\/es_es\/wp-json\/wp\/v2\/product"}],"about":[{"href":"https:\/\/pcmastersbogota.com.co\/es_es\/wp-json\/wp\/v2\/types\/product"}],"replies":[{"embeddable":true,"href":"https:\/\/pcmastersbogota.com.co\/es_es\/wp-json\/wp\/v2\/comments?post=28484"}],"version-history":[{"count":1,"href":"https:\/\/pcmastersbogota.com.co\/es_es\/wp-json\/wp\/v2\/product\/28484\/revisions"}],"predecessor-version":[{"id":28485,"href":"https:\/\/pcmastersbogota.com.co\/es_es\/wp-json\/wp\/v2\/product\/28484\/revisions\/28485"}],"wp:featuredmedia":[{"embeddable":true,"href":"https:\/\/pcmastersbogota.com.co\/es_es\/wp-json\/wp\/v2\/media\/21295"}],"wp:attachment":[{"href":"https:\/\/pcmastersbogota.com.co\/es_es\/wp-json\/wp\/v2\/media?parent=28484"}],"wp:term":[{"taxonomy":"pwb-brand","embeddable":true,"href":"https:\/\/pcmastersbogota.com.co\/es_es\/wp-json\/wp\/v2\/pwb-brand?post=28484"},{"taxonomy":"product_brand","embeddable":true,"href":"https:\/\/pcmastersbogota.com.co\/es_es\/wp-json\/wp\/v2\/product_brand?post=28484"},{"taxonomy":"product_cat","embeddable":true,"href":"https:\/\/pcmastersbogota.com.co\/es_es\/wp-json\/wp\/v2\/product_cat?post=28484"},{"taxonomy":"product_tag","embeddable":true,"href":"https:\/\/pcmastersbogota.com.co\/es_es\/wp-json\/wp\/v2\/product_tag?post=28484"}],"curies":[{"name":"wp","href":"https:\/\/api.w.org\/{rel}","templated":true}]}}