{"id":28486,"date":"2025-07-05T15:06:35","date_gmt":"2025-07-05T20:06:35","guid":{"rendered":"https:\/\/pcmastersbogota.com.co\/?post_type=product&#038;p=28486"},"modified":"2025-08-26T14:07:13","modified_gmt":"2025-08-26T19:07:13","slug":"msi-pro-b650m-b","status":"publish","type":"product","link":"https:\/\/pcmastersbogota.com.co\/es_es\/producto\/msi-pro-b650m-b\/","title":{"rendered":"MSI PRO B650M-B"},"content":{"rendered":"<p style=\"text-align: center;\"><a href=\"https:\/\/pcmastersbogota.com.co\/wp-content\/uploads\/2025\/07\/imagen_2025-07-05_115212178.png\"><img fetchpriority=\"high\" decoding=\"async\" class=\"alignnone size-full wp-image-28487\" src=\"https:\/\/pcmastersbogota.com.co\/wp-content\/uploads\/2025\/07\/imagen_2025-07-05_115212178.png\" alt=\"\" width=\"1744\" height=\"985\" srcset=\"https:\/\/pcmastersbogota.com.co\/wp-content\/uploads\/2025\/07\/imagen_2025-07-05_115212178.png 1744w, https:\/\/pcmastersbogota.com.co\/wp-content\/uploads\/2025\/07\/imagen_2025-07-05_115212178-300x169.png 300w, https:\/\/pcmastersbogota.com.co\/wp-content\/uploads\/2025\/07\/imagen_2025-07-05_115212178-1024x578.png 1024w, https:\/\/pcmastersbogota.com.co\/wp-content\/uploads\/2025\/07\/imagen_2025-07-05_115212178-768x434.png 768w, https:\/\/pcmastersbogota.com.co\/wp-content\/uploads\/2025\/07\/imagen_2025-07-05_115212178-1536x868.png 1536w, https:\/\/pcmastersbogota.com.co\/wp-content\/uploads\/2025\/07\/imagen_2025-07-05_115212178-18x10.png 18w, https:\/\/pcmastersbogota.com.co\/wp-content\/uploads\/2025\/07\/imagen_2025-07-05_115212178-1200x678.png 1200w, https:\/\/pcmastersbogota.com.co\/wp-content\/uploads\/2025\/07\/imagen_2025-07-05_115212178-150x85.png 150w\" sizes=\"(max-width: 1744px) 100vw, 1744px\" \/><\/a> <a href=\"https:\/\/pcmastersbogota.com.co\/wp-content\/uploads\/2025\/07\/imagen_2025-07-05_115242119.png\"><img decoding=\"async\" class=\"alignnone size-full wp-image-28488\" src=\"https:\/\/pcmastersbogota.com.co\/wp-content\/uploads\/2025\/07\/imagen_2025-07-05_115242119.png\" alt=\"\" width=\"1383\" height=\"864\" srcset=\"https:\/\/pcmastersbogota.com.co\/wp-content\/uploads\/2025\/07\/imagen_2025-07-05_115242119.png 1383w, https:\/\/pcmastersbogota.com.co\/wp-content\/uploads\/2025\/07\/imagen_2025-07-05_115242119-300x187.png 300w, https:\/\/pcmastersbogota.com.co\/wp-content\/uploads\/2025\/07\/imagen_2025-07-05_115242119-1024x640.png 1024w, https:\/\/pcmastersbogota.com.co\/wp-content\/uploads\/2025\/07\/imagen_2025-07-05_115242119-768x480.png 768w, https:\/\/pcmastersbogota.com.co\/wp-content\/uploads\/2025\/07\/imagen_2025-07-05_115242119-18x12.png 18w, https:\/\/pcmastersbogota.com.co\/wp-content\/uploads\/2025\/07\/imagen_2025-07-05_115242119-1200x750.png 1200w, https:\/\/pcmastersbogota.com.co\/wp-content\/uploads\/2025\/07\/imagen_2025-07-05_115242119-150x94.png 150w\" sizes=\"(max-width: 1383px) 100vw, 1383px\" \/><\/a> <a href=\"https:\/\/pcmastersbogota.com.co\/wp-content\/uploads\/2025\/07\/imagen_2025-07-05_115302351.png\"><img decoding=\"async\" class=\"alignnone size-full wp-image-28489\" src=\"https:\/\/pcmastersbogota.com.co\/wp-content\/uploads\/2025\/07\/imagen_2025-07-05_115302351.png\" alt=\"\" width=\"1041\" height=\"783\" srcset=\"https:\/\/pcmastersbogota.com.co\/wp-content\/uploads\/2025\/07\/imagen_2025-07-05_115302351.png 1041w, https:\/\/pcmastersbogota.com.co\/wp-content\/uploads\/2025\/07\/imagen_2025-07-05_115302351-300x226.png 300w, https:\/\/pcmastersbogota.com.co\/wp-content\/uploads\/2025\/07\/imagen_2025-07-05_115302351-1024x770.png 1024w, https:\/\/pcmastersbogota.com.co\/wp-content\/uploads\/2025\/07\/imagen_2025-07-05_115302351-768x578.png 768w, https:\/\/pcmastersbogota.com.co\/wp-content\/uploads\/2025\/07\/imagen_2025-07-05_115302351-16x12.png 16w, https:\/\/pcmastersbogota.com.co\/wp-content\/uploads\/2025\/07\/imagen_2025-07-05_115302351-150x113.png 150w\" sizes=\"(max-width: 1041px) 100vw, 1041px\" \/><\/a> <a href=\"https:\/\/pcmastersbogota.com.co\/wp-content\/uploads\/2025\/07\/imagen_2025-07-05_143224592.png\"><img loading=\"lazy\" decoding=\"async\" class=\"alignnone size-full wp-image-28491\" src=\"https:\/\/pcmastersbogota.com.co\/wp-content\/uploads\/2025\/07\/imagen_2025-07-05_143224592.png\" alt=\"\" width=\"1788\" height=\"813\" srcset=\"https:\/\/pcmastersbogota.com.co\/wp-content\/uploads\/2025\/07\/imagen_2025-07-05_143224592.png 1788w, https:\/\/pcmastersbogota.com.co\/wp-content\/uploads\/2025\/07\/imagen_2025-07-05_143224592-300x136.png 300w, https:\/\/pcmastersbogota.com.co\/wp-content\/uploads\/2025\/07\/imagen_2025-07-05_143224592-1024x466.png 1024w, https:\/\/pcmastersbogota.com.co\/wp-content\/uploads\/2025\/07\/imagen_2025-07-05_143224592-768x349.png 768w, https:\/\/pcmastersbogota.com.co\/wp-content\/uploads\/2025\/07\/imagen_2025-07-05_143224592-1536x698.png 1536w, https:\/\/pcmastersbogota.com.co\/wp-content\/uploads\/2025\/07\/imagen_2025-07-05_143224592-18x8.png 18w, https:\/\/pcmastersbogota.com.co\/wp-content\/uploads\/2025\/07\/imagen_2025-07-05_143224592-1200x546.png 1200w, https:\/\/pcmastersbogota.com.co\/wp-content\/uploads\/2025\/07\/imagen_2025-07-05_143224592-150x68.png 150w\" sizes=\"(max-width: 1788px) 100vw, 1788px\" \/><\/a> <a href=\"https:\/\/pcmastersbogota.com.co\/wp-content\/uploads\/2025\/07\/imagen_2025-07-05_143239984.png\"><img loading=\"lazy\" decoding=\"async\" class=\"alignnone size-full wp-image-28492\" src=\"https:\/\/pcmastersbogota.com.co\/wp-content\/uploads\/2025\/07\/imagen_2025-07-05_143239984.png\" alt=\"\" width=\"1681\" height=\"878\" srcset=\"https:\/\/pcmastersbogota.com.co\/wp-content\/uploads\/2025\/07\/imagen_2025-07-05_143239984.png 1681w, https:\/\/pcmastersbogota.com.co\/wp-content\/uploads\/2025\/07\/imagen_2025-07-05_143239984-300x157.png 300w, https:\/\/pcmastersbogota.com.co\/wp-content\/uploads\/2025\/07\/imagen_2025-07-05_143239984-1024x535.png 1024w, https:\/\/pcmastersbogota.com.co\/wp-content\/uploads\/2025\/07\/imagen_2025-07-05_143239984-768x401.png 768w, https:\/\/pcmastersbogota.com.co\/wp-content\/uploads\/2025\/07\/imagen_2025-07-05_143239984-1536x802.png 1536w, https:\/\/pcmastersbogota.com.co\/wp-content\/uploads\/2025\/07\/imagen_2025-07-05_143239984-18x9.png 18w, https:\/\/pcmastersbogota.com.co\/wp-content\/uploads\/2025\/07\/imagen_2025-07-05_143239984-1200x627.png 1200w, https:\/\/pcmastersbogota.com.co\/wp-content\/uploads\/2025\/07\/imagen_2025-07-05_143239984-150x78.png 150w\" sizes=\"(max-width: 1681px) 100vw, 1681px\" \/><\/a> <a href=\"https:\/\/pcmastersbogota.com.co\/wp-content\/uploads\/2025\/07\/imagen_2025-07-05_143303214.png\"><img loading=\"lazy\" decoding=\"async\" class=\"alignnone size-full wp-image-28493\" src=\"https:\/\/pcmastersbogota.com.co\/wp-content\/uploads\/2025\/07\/imagen_2025-07-05_143303214.png\" alt=\"\" width=\"1687\" height=\"841\" srcset=\"https:\/\/pcmastersbogota.com.co\/wp-content\/uploads\/2025\/07\/imagen_2025-07-05_143303214.png 1687w, https:\/\/pcmastersbogota.com.co\/wp-content\/uploads\/2025\/07\/imagen_2025-07-05_143303214-300x150.png 300w, https:\/\/pcmastersbogota.com.co\/wp-content\/uploads\/2025\/07\/imagen_2025-07-05_143303214-1024x510.png 1024w, https:\/\/pcmastersbogota.com.co\/wp-content\/uploads\/2025\/07\/imagen_2025-07-05_143303214-768x383.png 768w, https:\/\/pcmastersbogota.com.co\/wp-content\/uploads\/2025\/07\/imagen_2025-07-05_143303214-1536x766.png 1536w, https:\/\/pcmastersbogota.com.co\/wp-content\/uploads\/2025\/07\/imagen_2025-07-05_143303214-18x9.png 18w, https:\/\/pcmastersbogota.com.co\/wp-content\/uploads\/2025\/07\/imagen_2025-07-05_143303214-1200x598.png 1200w, https:\/\/pcmastersbogota.com.co\/wp-content\/uploads\/2025\/07\/imagen_2025-07-05_143303214-150x75.png 150w\" sizes=\"(max-width: 1687px) 100vw, 1687px\" \/><\/a> <a href=\"https:\/\/pcmastersbogota.com.co\/wp-content\/uploads\/2025\/07\/imagen_2025-07-05_143321523.png\"><img loading=\"lazy\" decoding=\"async\" class=\"alignnone size-full wp-image-28494\" src=\"https:\/\/pcmastersbogota.com.co\/wp-content\/uploads\/2025\/07\/imagen_2025-07-05_143321523.png\" alt=\"\" width=\"1728\" height=\"911\" srcset=\"https:\/\/pcmastersbogota.com.co\/wp-content\/uploads\/2025\/07\/imagen_2025-07-05_143321523.png 1728w, https:\/\/pcmastersbogota.com.co\/wp-content\/uploads\/2025\/07\/imagen_2025-07-05_143321523-300x158.png 300w, https:\/\/pcmastersbogota.com.co\/wp-content\/uploads\/2025\/07\/imagen_2025-07-05_143321523-1024x540.png 1024w, https:\/\/pcmastersbogota.com.co\/wp-content\/uploads\/2025\/07\/imagen_2025-07-05_143321523-768x405.png 768w, https:\/\/pcmastersbogota.com.co\/wp-content\/uploads\/2025\/07\/imagen_2025-07-05_143321523-1536x810.png 1536w, https:\/\/pcmastersbogota.com.co\/wp-content\/uploads\/2025\/07\/imagen_2025-07-05_143321523-18x9.png 18w, https:\/\/pcmastersbogota.com.co\/wp-content\/uploads\/2025\/07\/imagen_2025-07-05_143321523-1200x633.png 1200w, https:\/\/pcmastersbogota.com.co\/wp-content\/uploads\/2025\/07\/imagen_2025-07-05_143321523-150x79.png 150w\" sizes=\"(max-width: 1728px) 100vw, 1728px\" \/><\/a> <a href=\"https:\/\/pcmastersbogota.com.co\/wp-content\/uploads\/2025\/07\/imagen_2025-07-05_143428510.png\"><img loading=\"lazy\" decoding=\"async\" class=\"alignnone size-full wp-image-28495\" src=\"https:\/\/pcmastersbogota.com.co\/wp-content\/uploads\/2025\/07\/imagen_2025-07-05_143428510.png\" alt=\"\" width=\"1677\" height=\"864\" srcset=\"https:\/\/pcmastersbogota.com.co\/wp-content\/uploads\/2025\/07\/imagen_2025-07-05_143428510.png 1677w, https:\/\/pcmastersbogota.com.co\/wp-content\/uploads\/2025\/07\/imagen_2025-07-05_143428510-300x155.png 300w, https:\/\/pcmastersbogota.com.co\/wp-content\/uploads\/2025\/07\/imagen_2025-07-05_143428510-1024x528.png 1024w, https:\/\/pcmastersbogota.com.co\/wp-content\/uploads\/2025\/07\/imagen_2025-07-05_143428510-768x396.png 768w, https:\/\/pcmastersbogota.com.co\/wp-content\/uploads\/2025\/07\/imagen_2025-07-05_143428510-1536x791.png 1536w, https:\/\/pcmastersbogota.com.co\/wp-content\/uploads\/2025\/07\/imagen_2025-07-05_143428510-18x9.png 18w, https:\/\/pcmastersbogota.com.co\/wp-content\/uploads\/2025\/07\/imagen_2025-07-05_143428510-1200x618.png 1200w, https:\/\/pcmastersbogota.com.co\/wp-content\/uploads\/2025\/07\/imagen_2025-07-05_143428510-150x77.png 150w\" sizes=\"(max-width: 1677px) 100vw, 1677px\" \/><\/a> <a href=\"https:\/\/pcmastersbogota.com.co\/wp-content\/uploads\/2025\/07\/imagen_2025-07-05_143645959.png\"><img loading=\"lazy\" decoding=\"async\" class=\"alignnone size-full wp-image-28496\" src=\"https:\/\/pcmastersbogota.com.co\/wp-content\/uploads\/2025\/07\/imagen_2025-07-05_143645959.png\" alt=\"\" width=\"1712\" height=\"858\" srcset=\"https:\/\/pcmastersbogota.com.co\/wp-content\/uploads\/2025\/07\/imagen_2025-07-05_143645959.png 1712w, https:\/\/pcmastersbogota.com.co\/wp-content\/uploads\/2025\/07\/imagen_2025-07-05_143645959-300x150.png 300w, https:\/\/pcmastersbogota.com.co\/wp-content\/uploads\/2025\/07\/imagen_2025-07-05_143645959-1024x513.png 1024w, https:\/\/pcmastersbogota.com.co\/wp-content\/uploads\/2025\/07\/imagen_2025-07-05_143645959-768x385.png 768w, https:\/\/pcmastersbogota.com.co\/wp-content\/uploads\/2025\/07\/imagen_2025-07-05_143645959-1536x770.png 1536w, https:\/\/pcmastersbogota.com.co\/wp-content\/uploads\/2025\/07\/imagen_2025-07-05_143645959-18x9.png 18w, https:\/\/pcmastersbogota.com.co\/wp-content\/uploads\/2025\/07\/imagen_2025-07-05_143645959-1200x601.png 1200w, https:\/\/pcmastersbogota.com.co\/wp-content\/uploads\/2025\/07\/imagen_2025-07-05_143645959-150x75.png 150w\" sizes=\"(max-width: 1712px) 100vw, 1712px\" \/><\/a> <a href=\"https:\/\/pcmastersbogota.com.co\/wp-content\/uploads\/2025\/07\/imagen_2025-07-05_143704266.png\"><img loading=\"lazy\" decoding=\"async\" class=\"alignnone size-full wp-image-28497\" src=\"https:\/\/pcmastersbogota.com.co\/wp-content\/uploads\/2025\/07\/imagen_2025-07-05_143704266.png\" alt=\"\" width=\"1698\" height=\"852\" srcset=\"https:\/\/pcmastersbogota.com.co\/wp-content\/uploads\/2025\/07\/imagen_2025-07-05_143704266.png 1698w, https:\/\/pcmastersbogota.com.co\/wp-content\/uploads\/2025\/07\/imagen_2025-07-05_143704266-300x151.png 300w, https:\/\/pcmastersbogota.com.co\/wp-content\/uploads\/2025\/07\/imagen_2025-07-05_143704266-1024x514.png 1024w, https:\/\/pcmastersbogota.com.co\/wp-content\/uploads\/2025\/07\/imagen_2025-07-05_143704266-768x385.png 768w, https:\/\/pcmastersbogota.com.co\/wp-content\/uploads\/2025\/07\/imagen_2025-07-05_143704266-1536x771.png 1536w, https:\/\/pcmastersbogota.com.co\/wp-content\/uploads\/2025\/07\/imagen_2025-07-05_143704266-18x9.png 18w, https:\/\/pcmastersbogota.com.co\/wp-content\/uploads\/2025\/07\/imagen_2025-07-05_143704266-1200x602.png 1200w, https:\/\/pcmastersbogota.com.co\/wp-content\/uploads\/2025\/07\/imagen_2025-07-05_143704266-150x75.png 150w\" sizes=\"(max-width: 1698px) 100vw, 1698px\" \/><\/a> <a href=\"https:\/\/pcmastersbogota.com.co\/wp-content\/uploads\/2025\/07\/imagen_2025-07-05_143734896.png\"><img loading=\"lazy\" decoding=\"async\" class=\"alignnone size-full wp-image-28498\" src=\"https:\/\/pcmastersbogota.com.co\/wp-content\/uploads\/2025\/07\/imagen_2025-07-05_143734896.png\" alt=\"\" width=\"1349\" height=\"785\" srcset=\"https:\/\/pcmastersbogota.com.co\/wp-content\/uploads\/2025\/07\/imagen_2025-07-05_143734896.png 1349w, https:\/\/pcmastersbogota.com.co\/wp-content\/uploads\/2025\/07\/imagen_2025-07-05_143734896-300x175.png 300w, https:\/\/pcmastersbogota.com.co\/wp-content\/uploads\/2025\/07\/imagen_2025-07-05_143734896-1024x596.png 1024w, https:\/\/pcmastersbogota.com.co\/wp-content\/uploads\/2025\/07\/imagen_2025-07-05_143734896-768x447.png 768w, https:\/\/pcmastersbogota.com.co\/wp-content\/uploads\/2025\/07\/imagen_2025-07-05_143734896-18x10.png 18w, https:\/\/pcmastersbogota.com.co\/wp-content\/uploads\/2025\/07\/imagen_2025-07-05_143734896-1200x698.png 1200w, https:\/\/pcmastersbogota.com.co\/wp-content\/uploads\/2025\/07\/imagen_2025-07-05_143734896-150x87.png 150w\" sizes=\"(max-width: 1349px) 100vw, 1349px\" \/><\/a> <a href=\"https:\/\/pcmastersbogota.com.co\/wp-content\/uploads\/2025\/07\/imagen_2025-07-05_150328446.png\"><img loading=\"lazy\" decoding=\"async\" class=\"alignnone size-full wp-image-28499\" src=\"https:\/\/pcmastersbogota.com.co\/wp-content\/uploads\/2025\/07\/imagen_2025-07-05_150328446.png\" alt=\"\" width=\"1325\" height=\"784\" srcset=\"https:\/\/pcmastersbogota.com.co\/wp-content\/uploads\/2025\/07\/imagen_2025-07-05_150328446.png 1325w, https:\/\/pcmastersbogota.com.co\/wp-content\/uploads\/2025\/07\/imagen_2025-07-05_150328446-300x178.png 300w, https:\/\/pcmastersbogota.com.co\/wp-content\/uploads\/2025\/07\/imagen_2025-07-05_150328446-1024x606.png 1024w, https:\/\/pcmastersbogota.com.co\/wp-content\/uploads\/2025\/07\/imagen_2025-07-05_150328446-768x454.png 768w, https:\/\/pcmastersbogota.com.co\/wp-content\/uploads\/2025\/07\/imagen_2025-07-05_150328446-18x12.png 18w, https:\/\/pcmastersbogota.com.co\/wp-content\/uploads\/2025\/07\/imagen_2025-07-05_150328446-1200x710.png 1200w, https:\/\/pcmastersbogota.com.co\/wp-content\/uploads\/2025\/07\/imagen_2025-07-05_150328446-150x89.png 150w\" sizes=\"(max-width: 1325px) 100vw, 1325px\" \/><\/a><\/p>\n","protected":false},"excerpt":{"rendered":"<h2><\/h2>\n<ul>\n<li>Admite procesadores de escritorio AMD Ryzen \u2122 8000 \/7000 Series<\/li>\n<li>Admite memoria DDR5, doble canal DDR5 6800 MHz (OC)<\/li>\n<li>Boost de n\u00facleo: con dise\u00f1o premium y dise\u00f1o de potencia digital para admitir m\u00e1s n\u00facleos y proporcionar un mejor rendimiento<\/li>\n<li>Memory Boost: tecnolog\u00eda avanzada para entregar se\u00f1ales de datos puros para el mejor rendimiento, estabilidad y compatibilidad<\/li>\n<li>Experiencia de juego r\u00e1pido de Lightning: ranura PCIe 4.0, Lightning Gen 4 x4 M.2<\/li>\n<li>2.5G LAN: soluci\u00f3n de red actualizada para uso profesional y multimedia. Ofrece una conexi\u00f3n de red segura, estable y r\u00e1pida<\/li>\n<li>Audio Boost: recompensa sus o\u00eddos con calidad de sonido de grado de estudio para la experiencia de juego m\u00e1s inmersiva<\/li>\n<li>Armadura de acero: proteger las tarjetas VGA contra la flexi\u00f3n y el EMI para un mejor rendimiento, estabilidad y resistencia<\/li>\n<\/ul>\n","protected":false},"featured_media":28500,"comment_status":"closed","ping_status":"closed","template":"","meta":[],"pwb-brand":[214],"product_brand":[],"product_cat":[68],"product_tag":[383,486],"class_list":{"0":"post-28486","1":"product","2":"type-product","3":"status-publish","4":"has-post-thumbnail","6":"pwb-brand-msi","7":"product_cat-board","8":"product_tag-am5","9":"product_tag-msi","11":"first","12":"instock","13":"taxable","14":"shipping-taxable","15":"purchasable","16":"product-type-simple"},"yoast_head":"<!-- This site is optimized with the Yoast SEO plugin v26.7 - https:\/\/yoast.com\/wordpress\/plugins\/seo\/ -->\n<title>MSI PRO B650M-B - PC MASTERS BOGOTA<\/title>\n<meta name=\"robots\" content=\"index, follow, max-snippet:-1, max-image-preview:large, max-video-preview:-1\" \/>\n<link rel=\"canonical\" href=\"https:\/\/pcmastersbogota.com.co\/es_es\/producto\/msi-pro-b650m-b\/\" \/>\n<meta property=\"og:locale\" content=\"es_ES\" \/>\n<meta property=\"og:type\" content=\"article\" \/>\n<meta property=\"og:title\" content=\"MSI PRO B650M-B - PC MASTERS BOGOTA\" \/>\n<meta property=\"og:description\" content=\"Admite procesadores de escritorio AMD Ryzen \u2122 8000 \/7000 Series  Admite memoria DDR5, doble canal DDR5 6800 MHz (OC)  Boost de n\u00facleo: con dise\u00f1o premium y dise\u00f1o de potencia digital para admitir m\u00e1s n\u00facleos y proporcionar un mejor rendimiento  Memory Boost: tecnolog\u00eda avanzada para entregar se\u00f1ales de datos puros para el mejor rendimiento, estabilidad y compatibilidad  Experiencia de juego r\u00e1pido de Lightning: ranura PCIe 4.0, Lightning Gen 4 x4 M.2  2.5G LAN: soluci\u00f3n de red actualizada para uso profesional y multimedia. Ofrece una conexi\u00f3n de red segura, estable y r\u00e1pida  Audio Boost: recompensa sus o\u00eddos con calidad de sonido de grado de estudio para la experiencia de juego m\u00e1s inmersiva  Armadura de acero: proteger las tarjetas VGA contra la flexi\u00f3n y el EMI para un mejor rendimiento, estabilidad y resistencia\" \/>\n<meta property=\"og:url\" content=\"https:\/\/pcmastersbogota.com.co\/es_es\/producto\/msi-pro-b650m-b\/\" \/>\n<meta property=\"og:site_name\" content=\"PC MASTERS BOGOTA\" \/>\n<meta property=\"article:modified_time\" content=\"2025-08-26T19:07:13+00:00\" \/>\n<meta property=\"og:image\" content=\"https:\/\/pcmastersbogota.com.co\/wp-content\/uploads\/2025\/07\/imagen_2025-07-05_150534325.png\" \/>\n\t<meta property=\"og:image:width\" content=\"1024\" \/>\n\t<meta property=\"og:image:height\" content=\"819\" \/>\n\t<meta property=\"og:image:type\" content=\"image\/png\" \/>\n<meta name=\"twitter:card\" content=\"summary_large_image\" \/>\n<meta name=\"twitter:label1\" content=\"Tiempo de lectura\" \/>\n\t<meta name=\"twitter:data1\" content=\"3 minutos\" \/>\n<script type=\"application\/ld+json\" class=\"yoast-schema-graph\">{\"@context\":\"https:\/\/schema.org\",\"@graph\":[{\"@type\":\"WebPage\",\"@id\":\"https:\/\/pcmastersbogota.com.co\/producto\/msi-pro-b650m-b\/\",\"url\":\"https:\/\/pcmastersbogota.com.co\/producto\/msi-pro-b650m-b\/\",\"name\":\"MSI PRO B650M-B - PC MASTERS BOGOTA\",\"isPartOf\":{\"@id\":\"https:\/\/pcmastersbogota.com.co\/es_es\/#website\"},\"primaryImageOfPage\":{\"@id\":\"https:\/\/pcmastersbogota.com.co\/producto\/msi-pro-b650m-b\/#primaryimage\"},\"image\":{\"@id\":\"https:\/\/pcmastersbogota.com.co\/producto\/msi-pro-b650m-b\/#primaryimage\"},\"thumbnailUrl\":\"https:\/\/pcmastersbogota.com.co\/wp-content\/uploads\/2025\/07\/imagen_2025-07-05_150534325.png\",\"datePublished\":\"2025-07-05T20:06:35+00:00\",\"dateModified\":\"2025-08-26T19:07:13+00:00\",\"breadcrumb\":{\"@id\":\"https:\/\/pcmastersbogota.com.co\/producto\/msi-pro-b650m-b\/#breadcrumb\"},\"inLanguage\":\"es\",\"potentialAction\":[{\"@type\":\"ReadAction\",\"target\":[\"https:\/\/pcmastersbogota.com.co\/producto\/msi-pro-b650m-b\/\"]}]},{\"@type\":\"ImageObject\",\"inLanguage\":\"es\",\"@id\":\"https:\/\/pcmastersbogota.com.co\/producto\/msi-pro-b650m-b\/#primaryimage\",\"url\":\"https:\/\/pcmastersbogota.com.co\/wp-content\/uploads\/2025\/07\/imagen_2025-07-05_150534325.png\",\"contentUrl\":\"https:\/\/pcmastersbogota.com.co\/wp-content\/uploads\/2025\/07\/imagen_2025-07-05_150534325.png\",\"width\":1024,\"height\":819},{\"@type\":\"BreadcrumbList\",\"@id\":\"https:\/\/pcmastersbogota.com.co\/producto\/msi-pro-b650m-b\/#breadcrumb\",\"itemListElement\":[{\"@type\":\"ListItem\",\"position\":1,\"name\":\"Home\",\"item\":\"https:\/\/pcmastersbogota.com.co\/\"},{\"@type\":\"ListItem\",\"position\":2,\"name\":\"Tienda\",\"item\":\"https:\/\/pcmastersbogota.com.co\/es_es\/tienda\/\"},{\"@type\":\"ListItem\",\"position\":3,\"name\":\"MSI PRO B650M-B\"}]},{\"@type\":\"WebSite\",\"@id\":\"https:\/\/pcmastersbogota.com.co\/es_es\/#website\",\"url\":\"https:\/\/pcmastersbogota.com.co\/es_es\/\",\"name\":\"PC MASTERS BOGOTA\",\"description\":\"\",\"potentialAction\":[{\"@type\":\"SearchAction\",\"target\":{\"@type\":\"EntryPoint\",\"urlTemplate\":\"https:\/\/pcmastersbogota.com.co\/es_es\/?s={search_term_string}\"},\"query-input\":{\"@type\":\"PropertyValueSpecification\",\"valueRequired\":true,\"valueName\":\"search_term_string\"}}],\"inLanguage\":\"es\"}]}<\/script>\n<!-- \/ Yoast SEO plugin. -->","yoast_head_json":{"title":"MSI PRO B650M-B - PC MASTERS BOGOTA","robots":{"index":"index","follow":"follow","max-snippet":"max-snippet:-1","max-image-preview":"max-image-preview:large","max-video-preview":"max-video-preview:-1"},"canonical":"https:\/\/pcmastersbogota.com.co\/es_es\/producto\/msi-pro-b650m-b\/","og_locale":"es_ES","og_type":"article","og_title":"MSI PRO B650M-B - PC MASTERS BOGOTA","og_description":"Admite procesadores de escritorio AMD Ryzen \u2122 8000 \/7000 Series  Admite memoria DDR5, doble canal DDR5 6800 MHz (OC)  Boost de n\u00facleo: con dise\u00f1o premium y dise\u00f1o de potencia digital para admitir m\u00e1s n\u00facleos y proporcionar un mejor rendimiento  Memory Boost: tecnolog\u00eda avanzada para entregar se\u00f1ales de datos puros para el mejor rendimiento, estabilidad y compatibilidad  Experiencia de juego r\u00e1pido de Lightning: ranura PCIe 4.0, Lightning Gen 4 x4 M.2  2.5G LAN: soluci\u00f3n de red actualizada para uso profesional y multimedia. Ofrece una conexi\u00f3n de red segura, estable y r\u00e1pida  Audio Boost: recompensa sus o\u00eddos con calidad de sonido de grado de estudio para la experiencia de juego m\u00e1s inmersiva  Armadura de acero: proteger las tarjetas VGA contra la flexi\u00f3n y el EMI para un mejor rendimiento, estabilidad y resistencia","og_url":"https:\/\/pcmastersbogota.com.co\/es_es\/producto\/msi-pro-b650m-b\/","og_site_name":"PC MASTERS BOGOTA","article_modified_time":"2025-08-26T19:07:13+00:00","og_image":[{"width":1024,"height":819,"url":"https:\/\/pcmastersbogota.com.co\/wp-content\/uploads\/2025\/07\/imagen_2025-07-05_150534325.png","type":"image\/png"}],"twitter_card":"summary_large_image","twitter_misc":{"Tiempo de lectura":"3 minutos"},"schema":{"@context":"https:\/\/schema.org","@graph":[{"@type":"WebPage","@id":"https:\/\/pcmastersbogota.com.co\/producto\/msi-pro-b650m-b\/","url":"https:\/\/pcmastersbogota.com.co\/producto\/msi-pro-b650m-b\/","name":"MSI PRO B650M-B - PC MASTERS BOGOTA","isPartOf":{"@id":"https:\/\/pcmastersbogota.com.co\/es_es\/#website"},"primaryImageOfPage":{"@id":"https:\/\/pcmastersbogota.com.co\/producto\/msi-pro-b650m-b\/#primaryimage"},"image":{"@id":"https:\/\/pcmastersbogota.com.co\/producto\/msi-pro-b650m-b\/#primaryimage"},"thumbnailUrl":"https:\/\/pcmastersbogota.com.co\/wp-content\/uploads\/2025\/07\/imagen_2025-07-05_150534325.png","datePublished":"2025-07-05T20:06:35+00:00","dateModified":"2025-08-26T19:07:13+00:00","breadcrumb":{"@id":"https:\/\/pcmastersbogota.com.co\/producto\/msi-pro-b650m-b\/#breadcrumb"},"inLanguage":"es","potentialAction":[{"@type":"ReadAction","target":["https:\/\/pcmastersbogota.com.co\/producto\/msi-pro-b650m-b\/"]}]},{"@type":"ImageObject","inLanguage":"es","@id":"https:\/\/pcmastersbogota.com.co\/producto\/msi-pro-b650m-b\/#primaryimage","url":"https:\/\/pcmastersbogota.com.co\/wp-content\/uploads\/2025\/07\/imagen_2025-07-05_150534325.png","contentUrl":"https:\/\/pcmastersbogota.com.co\/wp-content\/uploads\/2025\/07\/imagen_2025-07-05_150534325.png","width":1024,"height":819},{"@type":"BreadcrumbList","@id":"https:\/\/pcmastersbogota.com.co\/producto\/msi-pro-b650m-b\/#breadcrumb","itemListElement":[{"@type":"ListItem","position":1,"name":"Home","item":"https:\/\/pcmastersbogota.com.co\/"},{"@type":"ListItem","position":2,"name":"Tienda","item":"https:\/\/pcmastersbogota.com.co\/es_es\/tienda\/"},{"@type":"ListItem","position":3,"name":"MSI PRO B650M-B"}]},{"@type":"WebSite","@id":"https:\/\/pcmastersbogota.com.co\/es_es\/#website","url":"https:\/\/pcmastersbogota.com.co\/es_es\/","name":"PC MASTERS BOGOTA","description":"","potentialAction":[{"@type":"SearchAction","target":{"@type":"EntryPoint","urlTemplate":"https:\/\/pcmastersbogota.com.co\/es_es\/?s={search_term_string}"},"query-input":{"@type":"PropertyValueSpecification","valueRequired":true,"valueName":"search_term_string"}}],"inLanguage":"es"}]}},"brands":[{"id":214,"name":"MSI","slug":"msi"}],"_links":{"self":[{"href":"https:\/\/pcmastersbogota.com.co\/es_es\/wp-json\/wp\/v2\/product\/28486","targetHints":{"allow":["GET"]}}],"collection":[{"href":"https:\/\/pcmastersbogota.com.co\/es_es\/wp-json\/wp\/v2\/product"}],"about":[{"href":"https:\/\/pcmastersbogota.com.co\/es_es\/wp-json\/wp\/v2\/types\/product"}],"replies":[{"embeddable":true,"href":"https:\/\/pcmastersbogota.com.co\/es_es\/wp-json\/wp\/v2\/comments?post=28486"}],"version-history":[{"count":1,"href":"https:\/\/pcmastersbogota.com.co\/es_es\/wp-json\/wp\/v2\/product\/28486\/revisions"}],"predecessor-version":[{"id":28505,"href":"https:\/\/pcmastersbogota.com.co\/es_es\/wp-json\/wp\/v2\/product\/28486\/revisions\/28505"}],"wp:featuredmedia":[{"embeddable":true,"href":"https:\/\/pcmastersbogota.com.co\/es_es\/wp-json\/wp\/v2\/media\/28500"}],"wp:attachment":[{"href":"https:\/\/pcmastersbogota.com.co\/es_es\/wp-json\/wp\/v2\/media?parent=28486"}],"wp:term":[{"taxonomy":"pwb-brand","embeddable":true,"href":"https:\/\/pcmastersbogota.com.co\/es_es\/wp-json\/wp\/v2\/pwb-brand?post=28486"},{"taxonomy":"product_brand","embeddable":true,"href":"https:\/\/pcmastersbogota.com.co\/es_es\/wp-json\/wp\/v2\/product_brand?post=28486"},{"taxonomy":"product_cat","embeddable":true,"href":"https:\/\/pcmastersbogota.com.co\/es_es\/wp-json\/wp\/v2\/product_cat?post=28486"},{"taxonomy":"product_tag","embeddable":true,"href":"https:\/\/pcmastersbogota.com.co\/es_es\/wp-json\/wp\/v2\/product_tag?post=28486"}],"curies":[{"name":"wp","href":"https:\/\/api.w.org\/{rel}","templated":true}]}}