{"id":28943,"date":"2025-08-12T21:44:48","date_gmt":"2025-08-13T02:44:48","guid":{"rendered":"https:\/\/pcmastersbogota.com.co\/?post_type=product&#038;p=28943"},"modified":"2025-08-12T23:10:44","modified_gmt":"2025-08-13T04:10:44","slug":"iceberg-extencion-24p-board","status":"publish","type":"product","link":"https:\/\/pcmastersbogota.com.co\/es_es\/producto\/iceberg-extencion-24p-board\/","title":{"rendered":"ICEBERG EXTENCION 24P BLACK"},"content":{"rendered":"<div class=\"elementor-element elementor-element-48c4942 elementor-widget elementor-widget-heading\" data-id=\"48c4942\" data-element_type=\"widget\" data-widget_type=\"heading.default\">\n<div class=\"elementor-widget-container\">\n<h3 class=\"elementor-heading-title elementor-size-xl\">\u00daLTIMA CONFIGURACI\u00d3N RGB QUE NECESITAS<\/h3>\n<\/div>\n<\/div>\n<div class=\"elementor-element elementor-element-687715d elementor-widget elementor-widget-text-editor\" data-id=\"687715d\" data-element_type=\"widget\" data-widget_type=\"text-editor.default\">\n<div class=\"elementor-widget-container\">\n<div class=\"elementor-text-editor elementor-clearfix\">\n<p>Actualice el RGB en su PC con los cables de extensi\u00f3n ARGB.<\/p>\n<\/div>\n<p>\u00bfQuieres darle un toque de estilo a tu PC? Nuestras extensiones PSU con iluminaci\u00f3n ARGB son la soluci\u00f3n perfecta. Estas extensiones no solo mejoran la est\u00e9tica de tu sistema, sino que tambi\u00e9n sincronizan con otros componentes ARGB para crear un espect\u00e1culo de luces impresionante. Son ideales para personalizar tu PC y darle vida con colores vibrantes.<\/p>\n<\/div>\n<\/div>\n<p><img fetchpriority=\"high\" decoding=\"async\" class=\"aligncenter wp-image-211802 size-large\" src=\"https:\/\/gtech.systems\/wp-content\/uploads\/2024\/07\/cables-1268x800.jpg\" sizes=\"(max-width: 1268px) 100vw, 1268px\" srcset=\"https:\/\/gtech.systems\/wp-content\/uploads\/2024\/07\/cables-1268x800.jpg 1268w, https:\/\/gtech.systems\/wp-content\/uploads\/2024\/07\/cables-400x252.jpg 400w, https:\/\/gtech.systems\/wp-content\/uploads\/2024\/07\/cables-768x484.jpg 768w, https:\/\/gtech.systems\/wp-content\/uploads\/2024\/07\/cables-1536x969.jpg 1536w, https:\/\/gtech.systems\/wp-content\/uploads\/2024\/07\/cables-2048x1292.jpg 2048w, https:\/\/gtech.systems\/wp-content\/uploads\/2024\/07\/cables-700x442.jpg 700w, https:\/\/gtech.systems\/wp-content\/uploads\/2024\/07\/cables-150x95.jpg 150w\" alt=\"\" width=\"1268\" height=\"800\" \/><\/p>\n<div class=\"elementor-element elementor-element-e40685b elementor-widget elementor-widget-heading\" data-id=\"e40685b\" data-element_type=\"widget\" data-widget_type=\"heading.default\">\n<div class=\"elementor-widget-container\">\n<h3 class=\"elementor-heading-title elementor-size-large\">Siguiente nivel de brillo<\/h3>\n<\/div>\n<\/div>\n<div class=\"elementor-element elementor-element-4cd9d35 elementor-widget elementor-widget-text-editor\" data-id=\"4cd9d35\" data-element_type=\"widget\" data-widget_type=\"text-editor.default\">\n<div class=\"elementor-widget-container\">\n<div class=\"elementor-text-editor elementor-clearfix\">\n<p>Presentamos una nueva franja de luz lateral, iluminando\u00a0 de diferentes maneras.<\/p>\n<\/div>\n<\/div>\n<\/div>\n<p><img decoding=\"async\" class=\"aligncenter wp-image-211846 size-full\" src=\"https:\/\/gtech.systems\/wp-content\/uploads\/2024\/07\/06-removebg-preview-1.png\" sizes=\"(max-width: 500px) 100vw, 500px\" srcset=\"https:\/\/gtech.systems\/wp-content\/uploads\/2024\/07\/06-removebg-preview-1.png 500w, https:\/\/gtech.systems\/wp-content\/uploads\/2024\/07\/06-removebg-preview-1-300x300.png 300w, https:\/\/gtech.systems\/wp-content\/uploads\/2024\/07\/06-removebg-preview-1-150x150.png 150w, https:\/\/gtech.systems\/wp-content\/uploads\/2024\/07\/06-removebg-preview-1-39x39.png 39w, https:\/\/gtech.systems\/wp-content\/uploads\/2024\/07\/06-removebg-preview-1-18x18.png 18w, https:\/\/gtech.systems\/wp-content\/uploads\/2024\/07\/06-removebg-preview-1-25x25.png 25w, https:\/\/gtech.systems\/wp-content\/uploads\/2024\/07\/06-removebg-preview-1-430x430.png 430w\" alt=\"\" width=\"500\" height=\"500\" \/><\/p>\n<div class=\"elementor-element elementor-element-fb0a4d5 elementor-widget elementor-widget-heading\" data-id=\"fb0a4d5\" data-element_type=\"widget\" data-widget_type=\"heading.default\">\n<div class=\"elementor-widget-container\">\n<h3 class=\"elementor-heading-title elementor-size-large\">Numerosos LED<\/h3>\n<\/div>\n<\/div>\n<div class=\"elementor-element elementor-element-a08c4c7 elementor-widget elementor-widget-text-editor\" data-id=\"a08c4c7\" data-element_type=\"widget\" data-widget_type=\"text-editor.default\">\n<div class=\"elementor-widget-container\">\n<div class=\"elementor-text-editor elementor-clearfix\">\n<p>Asignar muchos LED de manera uniforme para hacer brillar su construcci\u00f3n con efectos de iluminaci\u00f3n complejos.<\/p>\n<p><img decoding=\"async\" class=\"aligncenter wp-image-211859 size-full\" src=\"https:\/\/gtech.systems\/wp-content\/uploads\/2024\/07\/05-2.jpg\" sizes=\"(max-width: 800px) 100vw, 800px\" srcset=\"https:\/\/gtech.systems\/wp-content\/uploads\/2024\/07\/05-2.jpg 800w, https:\/\/gtech.systems\/wp-content\/uploads\/2024\/07\/05-2-300x300.jpg 300w, https:\/\/gtech.systems\/wp-content\/uploads\/2024\/07\/05-2-150x150.jpg 150w, https:\/\/gtech.systems\/wp-content\/uploads\/2024\/07\/05-2-768x768.jpg 768w, https:\/\/gtech.systems\/wp-content\/uploads\/2024\/07\/05-2-39x39.jpg 39w, https:\/\/gtech.systems\/wp-content\/uploads\/2024\/07\/05-2-18x18.jpg 18w, https:\/\/gtech.systems\/wp-content\/uploads\/2024\/07\/05-2-25x25.jpg 25w, https:\/\/gtech.systems\/wp-content\/uploads\/2024\/07\/05-2-430x430.jpg 430w, https:\/\/gtech.systems\/wp-content\/uploads\/2024\/07\/05-2-700x700.jpg 700w\" alt=\"\" width=\"800\" height=\"800\" \/><\/p>\n<\/div>\n<\/div>\n<\/div>\n<div class=\"elementor-element elementor-element-f588190 elementor-widget elementor-widget-heading\" data-id=\"f588190\" data-element_type=\"widget\" data-widget_type=\"heading.default\">\n<div class=\"elementor-widget-container\">\n<h3 class=\"elementor-heading-title elementor-size-large\">Estilo de iluminaci\u00f3n suave<\/h3>\n<\/div>\n<\/div>\n<div class=\"elementor-element elementor-element-cdf890d elementor-widget elementor-widget-text-editor\" data-id=\"cdf890d\" data-element_type=\"widget\" data-widget_type=\"text-editor.default\">\n<div class=\"elementor-widget-container\">\n<div class=\"elementor-text-editor elementor-clearfix\">\n<p>Ilumina con ARGB Iceberg\u00a0 con un dise\u00f1o elegante reduciendo el ancho de las tiras de iluminaci\u00f3n a 2,1 mm.<\/p>\n<\/div>\n<\/div>\n<\/div>\n<p><img decoding=\"async\" class=\"aligncenter ls-is-cached lazyloaded et-lazy-loaded\" src=\"https:\/\/lian-li.com\/wp-content\/uploads\/2022\/04\/sp_V2_970-008.jpg\" data-src=\"https:\/\/lian-li.com\/wp-content\/uploads\/2022\/04\/sp_V2_970-008.jpg\" \/><\/p>\n<div class=\"elementor-element elementor-element-5ee62b2 elementor-widget elementor-widget-heading\" data-id=\"5ee62b2\" data-element_type=\"widget\" data-widget_type=\"heading.default\">\n<div class=\"elementor-widget-container\">\n<h3 class=\"elementor-heading-title elementor-size-xl\">INSTALACI\u00d3N SENCILLA<\/h3>\n<\/div>\n<\/div>\n<div class=\"elementor-element elementor-element-04992ac elementor-widget elementor-widget-text-editor\" data-id=\"04992ac\" data-element_type=\"widget\" data-widget_type=\"text-editor.default\">\n<div class=\"elementor-widget-container\">\n<div class=\"elementor-text-editor elementor-clearfix\">\n<p>Instale Iceberg ARGB con una curvatura perfecta y haga brillar su estructura con RGB.<\/p>\n<p><img loading=\"lazy\" decoding=\"async\" class=\"size-medium wp-image-211860 aligncenter\" src=\"https:\/\/gtech.systems\/wp-content\/uploads\/2024\/07\/04-2-300x300.jpg\" sizes=\"(max-width: 300px) 100vw, 300px\" srcset=\"https:\/\/gtech.systems\/wp-content\/uploads\/2024\/07\/04-2-300x300.jpg 300w, https:\/\/gtech.systems\/wp-content\/uploads\/2024\/07\/04-2-150x150.jpg 150w, https:\/\/gtech.systems\/wp-content\/uploads\/2024\/07\/04-2-768x768.jpg 768w, https:\/\/gtech.systems\/wp-content\/uploads\/2024\/07\/04-2-39x39.jpg 39w, https:\/\/gtech.systems\/wp-content\/uploads\/2024\/07\/04-2-18x18.jpg 18w, https:\/\/gtech.systems\/wp-content\/uploads\/2024\/07\/04-2-25x25.jpg 25w, https:\/\/gtech.systems\/wp-content\/uploads\/2024\/07\/04-2-430x430.jpg 430w, https:\/\/gtech.systems\/wp-content\/uploads\/2024\/07\/04-2-700x700.jpg 700w, https:\/\/gtech.systems\/wp-content\/uploads\/2024\/07\/04-2.jpg 800w\" alt=\"\" width=\"300\" height=\"300\" \/><\/p>\n<\/div>\n<\/div>\n<\/div>\n<p>&nbsp;<\/p>\n<div class=\"elementor-element elementor-element-44f7102 elementor-widget elementor-widget-heading\" data-id=\"44f7102\" data-element_type=\"widget\" data-widget_type=\"heading.default\">\n<div class=\"elementor-widget-container\">\n<h3 class=\"elementor-heading-title elementor-size-large\">Delgado y flexible<\/h3>\n<\/div>\n<\/div>\n<div class=\"elementor-element elementor-element-12ccda7 elementor-widget elementor-widget-text-editor\" data-id=\"12ccda7\" data-element_type=\"widget\" data-widget_type=\"text-editor.default\">\n<div class=\"elementor-widget-container\">\n<div class=\"elementor-text-editor elementor-clearfix\">\n<p>El grosor de la zona RGB y del cable se reduce a 8 mm, lo que garantiza flexibilidad para todo tipo de configuraci\u00f3n.<\/p>\n<p>&nbsp;<\/p>\n<\/div>\n<\/div>\n<\/div>\n<p><img decoding=\"async\" class=\"aligncenter ls-is-cached lazyloaded et-lazy-loaded\" src=\"https:\/\/lian-li.com\/wp-content\/uploads\/2022\/04\/sp_V2_970-012.jpg\" data-src=\"https:\/\/lian-li.com\/wp-content\/uploads\/2022\/04\/sp_V2_970-012.jpg\" \/><\/p>\n<div class=\"elementor-element elementor-element-048fd2b elementor-widget elementor-widget-heading\" data-id=\"048fd2b\" data-element_type=\"widget\" data-widget_type=\"heading.default\">\n<div class=\"elementor-widget-container\">\n<h3 class=\"elementor-heading-title elementor-size-xl\">SINCRONIZACI\u00d3N ARGB CON LA PLACA BASE<\/h3>\n<\/div>\n<\/div>\n<div class=\"elementor-element elementor-element-8f32e0c elementor-widget elementor-widget-text-editor\" data-id=\"8f32e0c\" data-element_type=\"widget\" data-widget_type=\"text-editor.default\">\n<div class=\"elementor-widget-container\">\n<div class=\"elementor-text-editor elementor-clearfix\">\n<p>El cable de extensi\u00f3n GPU tiene un adaptador ARGB\u00a0 para conectarse directamente a la placa base.<\/p>\n<\/div>\n<\/div>\n<\/div>\n<div class=\"elementor-element elementor-element-6a092e0 elementor-widget elementor-widget-text-editor\" data-id=\"6a092e0\" data-element_type=\"widget\" data-widget_type=\"text-editor.default\">\n<div class=\"elementor-widget-container\">\n<div class=\"elementor-text-editor elementor-clearfix\">\n<p>&nbsp;<\/p>\n<\/div>\n<\/div>\n<\/div>\n<p><img loading=\"lazy\" decoding=\"async\" class=\"aligncenter wp-image-211848 size-large\" src=\"https:\/\/gtech.systems\/wp-content\/uploads\/2024\/07\/07-800x800.jpg\" sizes=\"(max-width: 800px) 100vw, 800px\" srcset=\"https:\/\/gtech.systems\/wp-content\/uploads\/2024\/07\/07-800x800.jpg 800w, https:\/\/gtech.systems\/wp-content\/uploads\/2024\/07\/07-300x300.jpg 300w, https:\/\/gtech.systems\/wp-content\/uploads\/2024\/07\/07-150x150.jpg 150w, https:\/\/gtech.systems\/wp-content\/uploads\/2024\/07\/07-768x768.jpg 768w, https:\/\/gtech.systems\/wp-content\/uploads\/2024\/07\/07-1536x1536.jpg 1536w, https:\/\/gtech.systems\/wp-content\/uploads\/2024\/07\/07-39x39.jpg 39w, https:\/\/gtech.systems\/wp-content\/uploads\/2024\/07\/07-18x18.jpg 18w, https:\/\/gtech.systems\/wp-content\/uploads\/2024\/07\/07-25x25.jpg 25w, https:\/\/gtech.systems\/wp-content\/uploads\/2024\/07\/07-860x860.jpg 860w, https:\/\/gtech.systems\/wp-content\/uploads\/2024\/07\/07-430x430.jpg 430w, https:\/\/gtech.systems\/wp-content\/uploads\/2024\/07\/07-700x700.jpg 700w, https:\/\/gtech.systems\/wp-content\/uploads\/2024\/07\/07.jpg 1600w\" alt=\"\" width=\"800\" height=\"800\" \/><\/p>\n<p><img loading=\"lazy\" decoding=\"async\" class=\"aligncenter wp-image-211835 size-full\" src=\"https:\/\/gtech.systems\/wp-content\/uploads\/2024\/07\/RGB_Compatibility_ALL_2__1__waifu2x_noise0-removebg-preview.png\" sizes=\"(max-width: 981px) 100vw, 981px\" srcset=\"https:\/\/gtech.systems\/wp-content\/uploads\/2024\/07\/RGB_Compatibility_ALL_2__1__waifu2x_noise0-removebg-preview.png 981w, https:\/\/gtech.systems\/wp-content\/uploads\/2024\/07\/RGB_Compatibility_ALL_2__1__waifu2x_noise0-removebg-preview-400x61.png 400w, https:\/\/gtech.systems\/wp-content\/uploads\/2024\/07\/RGB_Compatibility_ALL_2__1__waifu2x_noise0-removebg-preview-768x117.png 768w, https:\/\/gtech.systems\/wp-content\/uploads\/2024\/07\/RGB_Compatibility_ALL_2__1__waifu2x_noise0-removebg-preview-700x106.png 700w, https:\/\/gtech.systems\/wp-content\/uploads\/2024\/07\/RGB_Compatibility_ALL_2__1__waifu2x_noise0-removebg-preview-150x23.png 150w\" alt=\"\" width=\"981\" height=\"149\" \/><\/p>\n<h3 class=\"elementor-heading-title elementor-size-large\">ESPECIFICACIONES<\/h3>\n<p><strong>NOMBRE DEL PRODUCTO \u2013 Extensi\u00f3n Iceberg ARGB Iceberg 24 Pines<\/strong><\/p>\n<p><strong>MODELO \u2013 ARGB Iceberg 24 Pines<\/strong><\/p>\n<p><strong>CONECTOR HEMBRA \u2013 24 Pines<\/strong><\/p>\n<p><strong>CONECTOR MACHO \u2013 24 Pines<\/strong><\/p>\n<p><strong>MATERIAL \u2013 PET<\/strong><\/p>\n<p><strong>LONGITUD DEL CABLE \u2013 300 mm<\/strong><\/p>\n","protected":false},"excerpt":{"rendered":"<p>\u00daLTIMA CONFIGURACI\u00d3N RGB QUE NECESITAS Actualice el RGB en su PC con los cables de extensi\u00f3n ARGB. \u00bfQuieres darle un<\/p>\n","protected":false},"featured_media":28959,"comment_status":"closed","ping_status":"closed","template":"","meta":[],"pwb-brand":[261],"product_brand":[],"product_cat":[82],"product_tag":[256,567],"class_list":{"0":"post-28943","1":"product","2":"type-product","3":"status-publish","4":"has-post-thumbnail","6":"pwb-brand-iceberg","7":"product_cat-cables-modding","8":"product_tag-argb","9":"product_tag-cable-mod","11":"first","12":"instock","13":"taxable","14":"shipping-taxable","15":"purchasable","16":"product-type-simple"},"yoast_head":"<!-- This site is optimized with the Yoast SEO plugin v26.7 - https:\/\/yoast.com\/wordpress\/plugins\/seo\/ -->\n<title>ICEBERG EXTENCION 24P BLACK - PC MASTERS BOGOTA<\/title>\n<meta name=\"robots\" content=\"index, follow, max-snippet:-1, max-image-preview:large, max-video-preview:-1\" \/>\n<link rel=\"canonical\" href=\"https:\/\/pcmastersbogota.com.co\/es_es\/producto\/iceberg-extencion-24p-board\/\" \/>\n<meta property=\"og:locale\" content=\"es_ES\" \/>\n<meta property=\"og:type\" content=\"article\" \/>\n<meta property=\"og:title\" content=\"ICEBERG EXTENCION 24P BLACK - PC MASTERS BOGOTA\" \/>\n<meta property=\"og:description\" content=\"\u00daLTIMA CONFIGURACI\u00d3N RGB QUE NECESITAS Actualice el RGB en su PC con los cables de extensi\u00f3n ARGB. \u00bfQuieres darle un\" \/>\n<meta property=\"og:url\" content=\"https:\/\/pcmastersbogota.com.co\/es_es\/producto\/iceberg-extencion-24p-board\/\" \/>\n<meta property=\"og:site_name\" content=\"PC MASTERS BOGOTA\" \/>\n<meta property=\"article:modified_time\" content=\"2025-08-13T04:10:44+00:00\" \/>\n<meta property=\"og:image\" content=\"https:\/\/pcmastersbogota.com.co\/wp-content\/uploads\/2025\/08\/07-1024x1024.jpg\" \/>\n\t<meta property=\"og:image:width\" content=\"1024\" \/>\n\t<meta property=\"og:image:height\" content=\"1024\" \/>\n\t<meta property=\"og:image:type\" content=\"image\/jpeg\" \/>\n<meta name=\"twitter:card\" content=\"summary_large_image\" \/>\n<meta name=\"twitter:label1\" content=\"Tiempo de lectura\" \/>\n\t<meta name=\"twitter:data1\" content=\"3 minutos\" \/>\n<script type=\"application\/ld+json\" class=\"yoast-schema-graph\">{\"@context\":\"https:\/\/schema.org\",\"@graph\":[{\"@type\":\"WebPage\",\"@id\":\"https:\/\/pcmastersbogota.com.co\/producto\/iceberg-extencion-24p-board\/\",\"url\":\"https:\/\/pcmastersbogota.com.co\/producto\/iceberg-extencion-24p-board\/\",\"name\":\"ICEBERG EXTENCION 24P BLACK - PC MASTERS BOGOTA\",\"isPartOf\":{\"@id\":\"https:\/\/pcmastersbogota.com.co\/es_es\/#website\"},\"primaryImageOfPage\":{\"@id\":\"https:\/\/pcmastersbogota.com.co\/producto\/iceberg-extencion-24p-board\/#primaryimage\"},\"image\":{\"@id\":\"https:\/\/pcmastersbogota.com.co\/producto\/iceberg-extencion-24p-board\/#primaryimage\"},\"thumbnailUrl\":\"https:\/\/pcmastersbogota.com.co\/wp-content\/uploads\/2025\/08\/07.jpg\",\"datePublished\":\"2025-08-13T02:44:48+00:00\",\"dateModified\":\"2025-08-13T04:10:44+00:00\",\"breadcrumb\":{\"@id\":\"https:\/\/pcmastersbogota.com.co\/producto\/iceberg-extencion-24p-board\/#breadcrumb\"},\"inLanguage\":\"es\",\"potentialAction\":[{\"@type\":\"ReadAction\",\"target\":[\"https:\/\/pcmastersbogota.com.co\/producto\/iceberg-extencion-24p-board\/\"]}]},{\"@type\":\"ImageObject\",\"inLanguage\":\"es\",\"@id\":\"https:\/\/pcmastersbogota.com.co\/producto\/iceberg-extencion-24p-board\/#primaryimage\",\"url\":\"https:\/\/pcmastersbogota.com.co\/wp-content\/uploads\/2025\/08\/07.jpg\",\"contentUrl\":\"https:\/\/pcmastersbogota.com.co\/wp-content\/uploads\/2025\/08\/07.jpg\",\"width\":2000,\"height\":2000},{\"@type\":\"BreadcrumbList\",\"@id\":\"https:\/\/pcmastersbogota.com.co\/producto\/iceberg-extencion-24p-board\/#breadcrumb\",\"itemListElement\":[{\"@type\":\"ListItem\",\"position\":1,\"name\":\"Home\",\"item\":\"https:\/\/pcmastersbogota.com.co\/\"},{\"@type\":\"ListItem\",\"position\":2,\"name\":\"Tienda\",\"item\":\"https:\/\/pcmastersbogota.com.co\/es_es\/tienda\/\"},{\"@type\":\"ListItem\",\"position\":3,\"name\":\"ICEBERG EXTENCION 24P BLACK\"}]},{\"@type\":\"WebSite\",\"@id\":\"https:\/\/pcmastersbogota.com.co\/es_es\/#website\",\"url\":\"https:\/\/pcmastersbogota.com.co\/es_es\/\",\"name\":\"PC MASTERS BOGOTA\",\"description\":\"\",\"potentialAction\":[{\"@type\":\"SearchAction\",\"target\":{\"@type\":\"EntryPoint\",\"urlTemplate\":\"https:\/\/pcmastersbogota.com.co\/es_es\/?s={search_term_string}\"},\"query-input\":{\"@type\":\"PropertyValueSpecification\",\"valueRequired\":true,\"valueName\":\"search_term_string\"}}],\"inLanguage\":\"es\"}]}<\/script>\n<!-- \/ Yoast SEO plugin. -->","yoast_head_json":{"title":"ICEBERG EXTENCION 24P BLACK - PC MASTERS BOGOTA","robots":{"index":"index","follow":"follow","max-snippet":"max-snippet:-1","max-image-preview":"max-image-preview:large","max-video-preview":"max-video-preview:-1"},"canonical":"https:\/\/pcmastersbogota.com.co\/es_es\/producto\/iceberg-extencion-24p-board\/","og_locale":"es_ES","og_type":"article","og_title":"ICEBERG EXTENCION 24P BLACK - PC MASTERS BOGOTA","og_description":"\u00daLTIMA CONFIGURACI\u00d3N RGB QUE NECESITAS Actualice el RGB en su PC con los cables de extensi\u00f3n ARGB. \u00bfQuieres darle un","og_url":"https:\/\/pcmastersbogota.com.co\/es_es\/producto\/iceberg-extencion-24p-board\/","og_site_name":"PC MASTERS BOGOTA","article_modified_time":"2025-08-13T04:10:44+00:00","og_image":[{"width":1024,"height":1024,"url":"https:\/\/pcmastersbogota.com.co\/wp-content\/uploads\/2025\/08\/07-1024x1024.jpg","type":"image\/jpeg"}],"twitter_card":"summary_large_image","twitter_misc":{"Tiempo de lectura":"3 minutos"},"schema":{"@context":"https:\/\/schema.org","@graph":[{"@type":"WebPage","@id":"https:\/\/pcmastersbogota.com.co\/producto\/iceberg-extencion-24p-board\/","url":"https:\/\/pcmastersbogota.com.co\/producto\/iceberg-extencion-24p-board\/","name":"ICEBERG EXTENCION 24P BLACK - PC MASTERS BOGOTA","isPartOf":{"@id":"https:\/\/pcmastersbogota.com.co\/es_es\/#website"},"primaryImageOfPage":{"@id":"https:\/\/pcmastersbogota.com.co\/producto\/iceberg-extencion-24p-board\/#primaryimage"},"image":{"@id":"https:\/\/pcmastersbogota.com.co\/producto\/iceberg-extencion-24p-board\/#primaryimage"},"thumbnailUrl":"https:\/\/pcmastersbogota.com.co\/wp-content\/uploads\/2025\/08\/07.jpg","datePublished":"2025-08-13T02:44:48+00:00","dateModified":"2025-08-13T04:10:44+00:00","breadcrumb":{"@id":"https:\/\/pcmastersbogota.com.co\/producto\/iceberg-extencion-24p-board\/#breadcrumb"},"inLanguage":"es","potentialAction":[{"@type":"ReadAction","target":["https:\/\/pcmastersbogota.com.co\/producto\/iceberg-extencion-24p-board\/"]}]},{"@type":"ImageObject","inLanguage":"es","@id":"https:\/\/pcmastersbogota.com.co\/producto\/iceberg-extencion-24p-board\/#primaryimage","url":"https:\/\/pcmastersbogota.com.co\/wp-content\/uploads\/2025\/08\/07.jpg","contentUrl":"https:\/\/pcmastersbogota.com.co\/wp-content\/uploads\/2025\/08\/07.jpg","width":2000,"height":2000},{"@type":"BreadcrumbList","@id":"https:\/\/pcmastersbogota.com.co\/producto\/iceberg-extencion-24p-board\/#breadcrumb","itemListElement":[{"@type":"ListItem","position":1,"name":"Home","item":"https:\/\/pcmastersbogota.com.co\/"},{"@type":"ListItem","position":2,"name":"Tienda","item":"https:\/\/pcmastersbogota.com.co\/es_es\/tienda\/"},{"@type":"ListItem","position":3,"name":"ICEBERG EXTENCION 24P BLACK"}]},{"@type":"WebSite","@id":"https:\/\/pcmastersbogota.com.co\/es_es\/#website","url":"https:\/\/pcmastersbogota.com.co\/es_es\/","name":"PC MASTERS BOGOTA","description":"","potentialAction":[{"@type":"SearchAction","target":{"@type":"EntryPoint","urlTemplate":"https:\/\/pcmastersbogota.com.co\/es_es\/?s={search_term_string}"},"query-input":{"@type":"PropertyValueSpecification","valueRequired":true,"valueName":"search_term_string"}}],"inLanguage":"es"}]}},"brands":[{"id":261,"name":"ICEBERG","slug":"iceberg"}],"_links":{"self":[{"href":"https:\/\/pcmastersbogota.com.co\/es_es\/wp-json\/wp\/v2\/product\/28943","targetHints":{"allow":["GET"]}}],"collection":[{"href":"https:\/\/pcmastersbogota.com.co\/es_es\/wp-json\/wp\/v2\/product"}],"about":[{"href":"https:\/\/pcmastersbogota.com.co\/es_es\/wp-json\/wp\/v2\/types\/product"}],"replies":[{"embeddable":true,"href":"https:\/\/pcmastersbogota.com.co\/es_es\/wp-json\/wp\/v2\/comments?post=28943"}],"version-history":[{"count":3,"href":"https:\/\/pcmastersbogota.com.co\/es_es\/wp-json\/wp\/v2\/product\/28943\/revisions"}],"predecessor-version":[{"id":28960,"href":"https:\/\/pcmastersbogota.com.co\/es_es\/wp-json\/wp\/v2\/product\/28943\/revisions\/28960"}],"wp:featuredmedia":[{"embeddable":true,"href":"https:\/\/pcmastersbogota.com.co\/es_es\/wp-json\/wp\/v2\/media\/28959"}],"wp:attachment":[{"href":"https:\/\/pcmastersbogota.com.co\/es_es\/wp-json\/wp\/v2\/media?parent=28943"}],"wp:term":[{"taxonomy":"pwb-brand","embeddable":true,"href":"https:\/\/pcmastersbogota.com.co\/es_es\/wp-json\/wp\/v2\/pwb-brand?post=28943"},{"taxonomy":"product_brand","embeddable":true,"href":"https:\/\/pcmastersbogota.com.co\/es_es\/wp-json\/wp\/v2\/product_brand?post=28943"},{"taxonomy":"product_cat","embeddable":true,"href":"https:\/\/pcmastersbogota.com.co\/es_es\/wp-json\/wp\/v2\/product_cat?post=28943"},{"taxonomy":"product_tag","embeddable":true,"href":"https:\/\/pcmastersbogota.com.co\/es_es\/wp-json\/wp\/v2\/product_tag?post=28943"}],"curies":[{"name":"wp","href":"https:\/\/api.w.org\/{rel}","templated":true}]}}