{"id":29525,"date":"2025-10-13T10:42:21","date_gmt":"2025-10-13T15:42:21","guid":{"rendered":"https:\/\/pcmastersbogota.com.co\/?post_type=product&#038;p=29525"},"modified":"2026-02-07T22:13:09","modified_gmt":"2026-02-08T03:13:09","slug":"hyte-y60-snow-white","status":"publish","type":"product","link":"https:\/\/pcmastersbogota.com.co\/es_es\/producto\/hyte-y60-snow-white\/","title":{"rendered":"HYTE Y60 SNOW WHITE"},"content":{"rendered":"<p>&nbsp;<\/p>\n<div style=\"width: 1920px;\" class=\"wp-video\"><video class=\"wp-video-shortcode\" id=\"video-29525-1\" width=\"1920\" height=\"1080\" poster=\"https:\/\/pcmastersbogota.com.co\/wp-content\/uploads\/2023\/05\/756809e2f77f3ec440a30c126801bd422fb47284-1837x780-1.webp\" loop autoplay preload=\"metadata\" controls=\"controls\"><source type=\"video\/mp4\" src=\"https:\/\/pcmastersbogota.com.co\/wp-content\/uploads\/2023\/05\/Amazon.com_-HYTE-Y60.mp4?_=1\" \/><a href=\"https:\/\/pcmastersbogota.com.co\/wp-content\/uploads\/2023\/05\/Amazon.com_-HYTE-Y60.mp4\">https:\/\/pcmastersbogota.com.co\/wp-content\/uploads\/2023\/05\/Amazon.com_-HYTE-Y60.mp4<\/a><\/video><\/div>\n<p>&nbsp;<\/p>\n<h2 class=\"font-bold\"><a href=\"https:\/\/pcmastersbogota.com.co\/wp-content\/uploads\/2023\/05\/imagen_2024-04-17_181030926.png\"><img fetchpriority=\"high\" decoding=\"async\" class=\"size-full wp-image-22665 aligncenter\" src=\"https:\/\/pcmastersbogota.com.co\/wp-content\/uploads\/2023\/05\/imagen_2024-04-17_181030926.png\" alt=\"\" width=\"1446\" height=\"575\" srcset=\"https:\/\/pcmastersbogota.com.co\/wp-content\/uploads\/2023\/05\/imagen_2024-04-17_181030926.png 1446w, https:\/\/pcmastersbogota.com.co\/wp-content\/uploads\/2023\/05\/imagen_2024-04-17_181030926-300x119.png 300w, https:\/\/pcmastersbogota.com.co\/wp-content\/uploads\/2023\/05\/imagen_2024-04-17_181030926-1024x407.png 1024w, https:\/\/pcmastersbogota.com.co\/wp-content\/uploads\/2023\/05\/imagen_2024-04-17_181030926-768x305.png 768w, https:\/\/pcmastersbogota.com.co\/wp-content\/uploads\/2023\/05\/imagen_2024-04-17_181030926-1200x477.png 1200w, https:\/\/pcmastersbogota.com.co\/wp-content\/uploads\/2023\/05\/imagen_2024-04-17_181030926-150x60.png 150w\" sizes=\"(max-width: 1446px) 100vw, 1446px\" \/><\/a> <a href=\"https:\/\/pcmastersbogota.com.co\/wp-content\/uploads\/2023\/05\/imagen_2024-04-17_181106916.png\"><img decoding=\"async\" class=\" wp-image-22666 aligncenter\" src=\"https:\/\/pcmastersbogota.com.co\/wp-content\/uploads\/2023\/05\/imagen_2024-04-17_181106916.png\" alt=\"\" width=\"1247\" height=\"941\" srcset=\"https:\/\/pcmastersbogota.com.co\/wp-content\/uploads\/2023\/05\/imagen_2024-04-17_181106916.png 938w, https:\/\/pcmastersbogota.com.co\/wp-content\/uploads\/2023\/05\/imagen_2024-04-17_181106916-300x226.png 300w, https:\/\/pcmastersbogota.com.co\/wp-content\/uploads\/2023\/05\/imagen_2024-04-17_181106916-768x580.png 768w, https:\/\/pcmastersbogota.com.co\/wp-content\/uploads\/2023\/05\/imagen_2024-04-17_181106916-150x113.png 150w\" sizes=\"(max-width: 1247px) 100vw, 1247px\" \/><\/a> <a href=\"https:\/\/pcmastersbogota.com.co\/wp-content\/uploads\/2023\/05\/imagen_2024-04-17_181138991.png\"><img decoding=\"async\" class=\"size-full wp-image-22667 aligncenter\" src=\"https:\/\/pcmastersbogota.com.co\/wp-content\/uploads\/2023\/05\/imagen_2024-04-17_181138991.png\" alt=\"\" width=\"1371\" height=\"817\" srcset=\"https:\/\/pcmastersbogota.com.co\/wp-content\/uploads\/2023\/05\/imagen_2024-04-17_181138991.png 1371w, https:\/\/pcmastersbogota.com.co\/wp-content\/uploads\/2023\/05\/imagen_2024-04-17_181138991-300x179.png 300w, https:\/\/pcmastersbogota.com.co\/wp-content\/uploads\/2023\/05\/imagen_2024-04-17_181138991-1024x610.png 1024w, https:\/\/pcmastersbogota.com.co\/wp-content\/uploads\/2023\/05\/imagen_2024-04-17_181138991-768x458.png 768w, https:\/\/pcmastersbogota.com.co\/wp-content\/uploads\/2023\/05\/imagen_2024-04-17_181138991-1200x715.png 1200w, https:\/\/pcmastersbogota.com.co\/wp-content\/uploads\/2023\/05\/imagen_2024-04-17_181138991-150x89.png 150w\" sizes=\"(max-width: 1371px) 100vw, 1371px\" \/><\/a> <a href=\"https:\/\/pcmastersbogota.com.co\/wp-content\/uploads\/2023\/05\/imagen_2024-04-17_181157210.png\"><img loading=\"lazy\" decoding=\"async\" class=\" wp-image-22668 aligncenter\" src=\"https:\/\/pcmastersbogota.com.co\/wp-content\/uploads\/2023\/05\/imagen_2024-04-17_181157210.png\" alt=\"\" width=\"1381\" height=\"302\" srcset=\"https:\/\/pcmastersbogota.com.co\/wp-content\/uploads\/2023\/05\/imagen_2024-04-17_181157210.png 1340w, https:\/\/pcmastersbogota.com.co\/wp-content\/uploads\/2023\/05\/imagen_2024-04-17_181157210-300x66.png 300w, https:\/\/pcmastersbogota.com.co\/wp-content\/uploads\/2023\/05\/imagen_2024-04-17_181157210-1024x224.png 1024w, https:\/\/pcmastersbogota.com.co\/wp-content\/uploads\/2023\/05\/imagen_2024-04-17_181157210-768x168.png 768w, https:\/\/pcmastersbogota.com.co\/wp-content\/uploads\/2023\/05\/imagen_2024-04-17_181157210-1200x262.png 1200w, https:\/\/pcmastersbogota.com.co\/wp-content\/uploads\/2023\/05\/imagen_2024-04-17_181157210-150x33.png 150w\" sizes=\"(max-width: 1381px) 100vw, 1381px\" \/><\/a><\/h2>\n<div class=\"mb-sm flex gap-x-xs\">\n<div class=\"copy max-w-[750px]\">\n<p class=\"font-bold text-xl mb-1\">Vistas panor\u00e1micas<\/p>\n<p>Sin pilar de esquina.\u00a0El Y60 cuenta con un dise\u00f1o panor\u00e1mico de vidrio templado de 3 piezas para obtener el m\u00e1ximo potencial fotogr\u00e1fico y de visualizaci\u00f3n.\u00a0Vea su construcci\u00f3n de la forma en que debe verse desde el lado izquierdo o derecho de su escritorio con un simple giro.<\/p>\n<\/div>\n<\/div>\n<div class=\"mb-sm flex gap-x-xs\">\n<div class=\"copy max-w-[750px]\">\n<p class=\"font-bold text-xl mb-1\">Montado en GPU exclusivamente vertical<\/p>\n<p>\u00bfPor qu\u00e9 querr\u00edas ver tu tarjeta gr\u00e1fica de otra manera?<\/p>\n<\/div>\n<\/div>\n<div class=\"mb-sm flex gap-x-xs\">\n<div class=\"copy max-w-[750px]\">\n<p class=\"font-bold text-xl mb-1\">Cable elevador PCIE 4.0 incluido<\/p>\n<p><span class=\"VIpgJd-yAWNEb-VIpgJd-fmcmS-sn54Q\">Un dosel protector de cable vertical se integra a la perfecci\u00f3n en la carcasa, lo que permite tarjetas PCIE de media altura detr\u00e1s del trono de la tarjeta gr\u00e1fica vertical.\u00a0<\/span>La cubierta protectora es la primera de su tipo, hecha espec\u00edficamente para el Y60.<\/p>\n<\/div>\n<\/div>\n<div class=\"mb-sm flex gap-x-xs\">\n<div class=\"copy max-w-[750px]\">\n<p class=\"font-bold text-xl mb-1\">Construcci\u00f3n de la antec\u00e1mara<\/p>\n<p>Segmenta cables de componentes t\u00e9rmicos y convierte tu PC en una obra de arte.<\/p>\n<\/div>\n<\/div>\n<div class=\"mb-sm flex gap-x-xs\">\n<div class=\"copy max-w-[750px]\">\n<p class=\"font-bold text-xl mb-1\">Enfriamiento de piso fr\u00edo<\/p>\n<p>Elimine los puntos calientes con ventilaciones laterales amplias de los ventiladores metidos con buen gusto en el s\u00f3tano del Y60.<\/p>\n<\/div>\n<\/div>\n<div class=\"mb-sm flex gap-x-xs\">\n<div class=\"copy max-w-[750px]\">\n<p class=\"font-bold text-xl mb-1\">Ventiladores incluidos<\/p>\n<p>Los tres ventiladores Flow FE12 preinstalados con cojinetes fluido din\u00e1micos brindan un funcionamiento silencioso.<\/p>\n<\/div>\n<\/div>\n<div class=\"flex flex-col gap-y-lg\">\n<div class=\"flex gap-3 flex-wrap\">\n<p><iframe title=\"The HYTE Y60 | Experience Play\" width=\"500\" height=\"281\" src=\"https:\/\/www.youtube.com\/embed\/cc0Arq5lV2Q?feature=oembed\" frameborder=\"0\" allow=\"accelerometer; autoplay; clipboard-write; encrypted-media; gyroscope; picture-in-picture; web-share\" referrerpolicy=\"strict-origin-when-cross-origin\" allowfullscreen><\/iframe><\/p>\n<div class=\"flex flex-col gap-y-lg\" style=\"text-align: center;\">\n<div><\/div>\n<p class=\"max-w-5xl\">\n<\/div>\n<\/div>\n<\/div>\n","protected":false},"excerpt":{"rendered":"<div class=\"mb-md lg:mb-0 w-full max-w-[407px] lg:min-w-[407px] lg:mr-xl\">Estuche est\u00e9tico moderno<\/div>\n<div class=\"max-w-[750px]\">\n<ul>\n<li>Una nueva construcci\u00f3n debe sentirse nueva<\/li>\n<li>Vidrio panor\u00e1mico de 3 piezas con eliminaci\u00f3n de envoltura de pl\u00e1stico 3 veces m\u00e1s satisfactoria.<\/li>\n<li>Sabemos cu\u00e1nto acaba de gastar en esa GPU, as\u00ed que lanzamos el cable vertical.<\/li>\n<li>El enfriamiento del piso fr\u00edo mantiene las temperaturas m\u00e1s bajas que un d\u00eda parcialmente nublado con una brisa ligera y t\u00fa sin tu chaqueta.<\/li>\n<li>Echa un vistazo a esta moldura de corona all\u00ed mismo.<\/li>\n<\/ul>\n<\/div>\n","protected":false},"featured_media":29526,"comment_status":"closed","ping_status":"closed","template":"","meta":[],"pwb-brand":[402],"product_brand":[],"product_cat":[76],"product_tag":[380,379,487,537],"class_list":{"0":"post-29525","1":"product","2":"type-product","3":"status-publish","4":"has-post-thumbnail","6":"pwb-brand-hyte","7":"product_cat-chasis","8":"product_tag-chasis","9":"product_tag-gabinete","10":"product_tag-hyte","11":"product_tag-pecera","13":"first","14":"instock","15":"taxable","16":"shipping-taxable","17":"purchasable","18":"product-type-simple"},"yoast_head":"<!-- This site is optimized with the Yoast SEO plugin v26.7 - https:\/\/yoast.com\/wordpress\/plugins\/seo\/ -->\n<title>HYTE Y60 SNOW WHITE - PC MASTERS BOGOTA<\/title>\n<meta name=\"robots\" content=\"index, follow, max-snippet:-1, max-image-preview:large, max-video-preview:-1\" \/>\n<link rel=\"canonical\" href=\"https:\/\/pcmastersbogota.com.co\/es_es\/producto\/hyte-y60-snow-white\/\" \/>\n<meta property=\"og:locale\" content=\"es_ES\" \/>\n<meta property=\"og:type\" content=\"article\" \/>\n<meta property=\"og:title\" content=\"HYTE Y60 SNOW WHITE - PC MASTERS BOGOTA\" \/>\n<meta property=\"og:description\" content=\"Estuche est\u00e9tico moderno    Una nueva construcci\u00f3n debe sentirse nueva  Vidrio panor\u00e1mico de 3 piezas con eliminaci\u00f3n de envoltura de pl\u00e1stico 3 veces m\u00e1s satisfactoria.  Sabemos cu\u00e1nto acaba de gastar en esa GPU, as\u00ed que lanzamos el cable vertical.  El enfriamiento del piso fr\u00edo mantiene las temperaturas m\u00e1s bajas que un d\u00eda parcialmente nublado con una brisa ligera y t\u00fa sin tu chaqueta.  Echa un vistazo a esta moldura de corona all\u00ed mismo.\" \/>\n<meta property=\"og:url\" content=\"https:\/\/pcmastersbogota.com.co\/es_es\/producto\/hyte-y60-snow-white\/\" \/>\n<meta property=\"og:site_name\" content=\"PC MASTERS BOGOTA\" \/>\n<meta property=\"article:modified_time\" content=\"2026-02-08T03:13:09+00:00\" \/>\n<meta property=\"og:image\" content=\"https:\/\/pcmastersbogota.com.co\/wp-content\/uploads\/2025\/10\/imagen_2025-10-13_104349670.png\" \/>\n\t<meta property=\"og:image:width\" content=\"1920\" \/>\n\t<meta property=\"og:image:height\" content=\"1357\" \/>\n\t<meta property=\"og:image:type\" content=\"image\/png\" \/>\n<meta name=\"twitter:card\" content=\"summary_large_image\" \/>\n<meta name=\"twitter:label1\" content=\"Tiempo de lectura\" \/>\n\t<meta name=\"twitter:data1\" content=\"2 minutos\" \/>\n<script type=\"application\/ld+json\" class=\"yoast-schema-graph\">{\"@context\":\"https:\/\/schema.org\",\"@graph\":[{\"@type\":\"WebPage\",\"@id\":\"https:\/\/pcmastersbogota.com.co\/producto\/hyte-y60-snow-white\/\",\"url\":\"https:\/\/pcmastersbogota.com.co\/producto\/hyte-y60-snow-white\/\",\"name\":\"HYTE Y60 SNOW WHITE - PC MASTERS BOGOTA\",\"isPartOf\":{\"@id\":\"https:\/\/pcmastersbogota.com.co\/es_es\/#website\"},\"primaryImageOfPage\":{\"@id\":\"https:\/\/pcmastersbogota.com.co\/producto\/hyte-y60-snow-white\/#primaryimage\"},\"image\":{\"@id\":\"https:\/\/pcmastersbogota.com.co\/producto\/hyte-y60-snow-white\/#primaryimage\"},\"thumbnailUrl\":\"https:\/\/pcmastersbogota.com.co\/wp-content\/uploads\/2025\/10\/imagen_2025-10-13_104349670.png\",\"datePublished\":\"2025-10-13T15:42:21+00:00\",\"dateModified\":\"2026-02-08T03:13:09+00:00\",\"breadcrumb\":{\"@id\":\"https:\/\/pcmastersbogota.com.co\/producto\/hyte-y60-snow-white\/#breadcrumb\"},\"inLanguage\":\"es\",\"potentialAction\":[{\"@type\":\"ReadAction\",\"target\":[\"https:\/\/pcmastersbogota.com.co\/producto\/hyte-y60-snow-white\/\"]}]},{\"@type\":\"ImageObject\",\"inLanguage\":\"es\",\"@id\":\"https:\/\/pcmastersbogota.com.co\/producto\/hyte-y60-snow-white\/#primaryimage\",\"url\":\"https:\/\/pcmastersbogota.com.co\/wp-content\/uploads\/2025\/10\/imagen_2025-10-13_104349670.png\",\"contentUrl\":\"https:\/\/pcmastersbogota.com.co\/wp-content\/uploads\/2025\/10\/imagen_2025-10-13_104349670.png\",\"width\":1920,\"height\":1357},{\"@type\":\"BreadcrumbList\",\"@id\":\"https:\/\/pcmastersbogota.com.co\/producto\/hyte-y60-snow-white\/#breadcrumb\",\"itemListElement\":[{\"@type\":\"ListItem\",\"position\":1,\"name\":\"Home\",\"item\":\"https:\/\/pcmastersbogota.com.co\/\"},{\"@type\":\"ListItem\",\"position\":2,\"name\":\"Tienda\",\"item\":\"https:\/\/pcmastersbogota.com.co\/es_es\/tienda\/\"},{\"@type\":\"ListItem\",\"position\":3,\"name\":\"HYTE Y60 SNOW WHITE\"}]},{\"@type\":\"WebSite\",\"@id\":\"https:\/\/pcmastersbogota.com.co\/es_es\/#website\",\"url\":\"https:\/\/pcmastersbogota.com.co\/es_es\/\",\"name\":\"PC MASTERS BOGOTA\",\"description\":\"\",\"potentialAction\":[{\"@type\":\"SearchAction\",\"target\":{\"@type\":\"EntryPoint\",\"urlTemplate\":\"https:\/\/pcmastersbogota.com.co\/es_es\/?s={search_term_string}\"},\"query-input\":{\"@type\":\"PropertyValueSpecification\",\"valueRequired\":true,\"valueName\":\"search_term_string\"}}],\"inLanguage\":\"es\"}]}<\/script>\n<!-- \/ Yoast SEO plugin. -->","yoast_head_json":{"title":"HYTE Y60 SNOW WHITE - PC MASTERS BOGOTA","robots":{"index":"index","follow":"follow","max-snippet":"max-snippet:-1","max-image-preview":"max-image-preview:large","max-video-preview":"max-video-preview:-1"},"canonical":"https:\/\/pcmastersbogota.com.co\/es_es\/producto\/hyte-y60-snow-white\/","og_locale":"es_ES","og_type":"article","og_title":"HYTE Y60 SNOW WHITE - PC MASTERS BOGOTA","og_description":"Estuche est\u00e9tico moderno    Una nueva construcci\u00f3n debe sentirse nueva  Vidrio panor\u00e1mico de 3 piezas con eliminaci\u00f3n de envoltura de pl\u00e1stico 3 veces m\u00e1s satisfactoria.  Sabemos cu\u00e1nto acaba de gastar en esa GPU, as\u00ed que lanzamos el cable vertical.  El enfriamiento del piso fr\u00edo mantiene las temperaturas m\u00e1s bajas que un d\u00eda parcialmente nublado con una brisa ligera y t\u00fa sin tu chaqueta.  Echa un vistazo a esta moldura de corona all\u00ed mismo.","og_url":"https:\/\/pcmastersbogota.com.co\/es_es\/producto\/hyte-y60-snow-white\/","og_site_name":"PC MASTERS BOGOTA","article_modified_time":"2026-02-08T03:13:09+00:00","og_image":[{"width":1920,"height":1357,"url":"https:\/\/pcmastersbogota.com.co\/wp-content\/uploads\/2025\/10\/imagen_2025-10-13_104349670.png","type":"image\/png"}],"twitter_card":"summary_large_image","twitter_misc":{"Tiempo de lectura":"2 minutos"},"schema":{"@context":"https:\/\/schema.org","@graph":[{"@type":"WebPage","@id":"https:\/\/pcmastersbogota.com.co\/producto\/hyte-y60-snow-white\/","url":"https:\/\/pcmastersbogota.com.co\/producto\/hyte-y60-snow-white\/","name":"HYTE Y60 SNOW WHITE - PC MASTERS BOGOTA","isPartOf":{"@id":"https:\/\/pcmastersbogota.com.co\/es_es\/#website"},"primaryImageOfPage":{"@id":"https:\/\/pcmastersbogota.com.co\/producto\/hyte-y60-snow-white\/#primaryimage"},"image":{"@id":"https:\/\/pcmastersbogota.com.co\/producto\/hyte-y60-snow-white\/#primaryimage"},"thumbnailUrl":"https:\/\/pcmastersbogota.com.co\/wp-content\/uploads\/2025\/10\/imagen_2025-10-13_104349670.png","datePublished":"2025-10-13T15:42:21+00:00","dateModified":"2026-02-08T03:13:09+00:00","breadcrumb":{"@id":"https:\/\/pcmastersbogota.com.co\/producto\/hyte-y60-snow-white\/#breadcrumb"},"inLanguage":"es","potentialAction":[{"@type":"ReadAction","target":["https:\/\/pcmastersbogota.com.co\/producto\/hyte-y60-snow-white\/"]}]},{"@type":"ImageObject","inLanguage":"es","@id":"https:\/\/pcmastersbogota.com.co\/producto\/hyte-y60-snow-white\/#primaryimage","url":"https:\/\/pcmastersbogota.com.co\/wp-content\/uploads\/2025\/10\/imagen_2025-10-13_104349670.png","contentUrl":"https:\/\/pcmastersbogota.com.co\/wp-content\/uploads\/2025\/10\/imagen_2025-10-13_104349670.png","width":1920,"height":1357},{"@type":"BreadcrumbList","@id":"https:\/\/pcmastersbogota.com.co\/producto\/hyte-y60-snow-white\/#breadcrumb","itemListElement":[{"@type":"ListItem","position":1,"name":"Home","item":"https:\/\/pcmastersbogota.com.co\/"},{"@type":"ListItem","position":2,"name":"Tienda","item":"https:\/\/pcmastersbogota.com.co\/es_es\/tienda\/"},{"@type":"ListItem","position":3,"name":"HYTE Y60 SNOW WHITE"}]},{"@type":"WebSite","@id":"https:\/\/pcmastersbogota.com.co\/es_es\/#website","url":"https:\/\/pcmastersbogota.com.co\/es_es\/","name":"PC MASTERS BOGOTA","description":"","potentialAction":[{"@type":"SearchAction","target":{"@type":"EntryPoint","urlTemplate":"https:\/\/pcmastersbogota.com.co\/es_es\/?s={search_term_string}"},"query-input":{"@type":"PropertyValueSpecification","valueRequired":true,"valueName":"search_term_string"}}],"inLanguage":"es"}]}},"brands":[{"id":402,"name":"HYTE","slug":"hyte"}],"_links":{"self":[{"href":"https:\/\/pcmastersbogota.com.co\/es_es\/wp-json\/wp\/v2\/product\/29525","targetHints":{"allow":["GET"]}}],"collection":[{"href":"https:\/\/pcmastersbogota.com.co\/es_es\/wp-json\/wp\/v2\/product"}],"about":[{"href":"https:\/\/pcmastersbogota.com.co\/es_es\/wp-json\/wp\/v2\/types\/product"}],"replies":[{"embeddable":true,"href":"https:\/\/pcmastersbogota.com.co\/es_es\/wp-json\/wp\/v2\/comments?post=29525"}],"version-history":[{"count":1,"href":"https:\/\/pcmastersbogota.com.co\/es_es\/wp-json\/wp\/v2\/product\/29525\/revisions"}],"predecessor-version":[{"id":29532,"href":"https:\/\/pcmastersbogota.com.co\/es_es\/wp-json\/wp\/v2\/product\/29525\/revisions\/29532"}],"wp:featuredmedia":[{"embeddable":true,"href":"https:\/\/pcmastersbogota.com.co\/es_es\/wp-json\/wp\/v2\/media\/29526"}],"wp:attachment":[{"href":"https:\/\/pcmastersbogota.com.co\/es_es\/wp-json\/wp\/v2\/media?parent=29525"}],"wp:term":[{"taxonomy":"pwb-brand","embeddable":true,"href":"https:\/\/pcmastersbogota.com.co\/es_es\/wp-json\/wp\/v2\/pwb-brand?post=29525"},{"taxonomy":"product_brand","embeddable":true,"href":"https:\/\/pcmastersbogota.com.co\/es_es\/wp-json\/wp\/v2\/product_brand?post=29525"},{"taxonomy":"product_cat","embeddable":true,"href":"https:\/\/pcmastersbogota.com.co\/es_es\/wp-json\/wp\/v2\/product_cat?post=29525"},{"taxonomy":"product_tag","embeddable":true,"href":"https:\/\/pcmastersbogota.com.co\/es_es\/wp-json\/wp\/v2\/product_tag?post=29525"}],"curies":[{"name":"wp","href":"https:\/\/api.w.org\/{rel}","templated":true}]}}