{"id":30138,"date":"2025-11-19T10:27:50","date_gmt":"2025-11-19T15:27:50","guid":{"rendered":"https:\/\/pcmastersbogota.com.co\/?post_type=product&#038;p=30138"},"modified":"2026-01-10T02:54:08","modified_gmt":"2026-01-10T07:54:08","slug":"memoria-ram-t-force-delta-rgb-32gb-2-x-16gb-ddr5-6000mhz-white","status":"publish","type":"product","link":"https:\/\/pcmastersbogota.com.co\/es_es\/producto\/memoria-ram-t-force-delta-rgb-32gb-2-x-16gb-ddr5-6000mhz-white\/","title":{"rendered":"T-Force Delta RGB KIT 32GB DDR5 6000MHz WHITE"},"content":{"rendered":"<p style=\"text-align: center;\">combina alto rendimiento, \u00e1ngulo de iluminaci\u00f3n de 120\u00b0 y eficiencia gracias a PMIC integrado. Con On-Die ECC y compatibilidad con AMD EXPO e Intel XMP 3.0, ofrece overclocking estable y sencillo. Su disipador de aluminio asegura temperaturas controladas para gaming y creaci\u00f3n exigente.<a href=\"https:\/\/pcmastersbogota.com.co\/wp-content\/uploads\/2025\/11\/Captura-de-pantalla-2025-11-19-094708.png\"><img fetchpriority=\"high\" decoding=\"async\" class=\"alignnone size-full wp-image-30117\" src=\"https:\/\/pcmastersbogota.com.co\/wp-content\/uploads\/2025\/11\/Captura-de-pantalla-2025-11-19-094708.png\" alt=\"\" width=\"1918\" height=\"663\" srcset=\"https:\/\/pcmastersbogota.com.co\/wp-content\/uploads\/2025\/11\/Captura-de-pantalla-2025-11-19-094708.png 1918w, https:\/\/pcmastersbogota.com.co\/wp-content\/uploads\/2025\/11\/Captura-de-pantalla-2025-11-19-094708-300x104.png 300w, https:\/\/pcmastersbogota.com.co\/wp-content\/uploads\/2025\/11\/Captura-de-pantalla-2025-11-19-094708-1024x354.png 1024w, https:\/\/pcmastersbogota.com.co\/wp-content\/uploads\/2025\/11\/Captura-de-pantalla-2025-11-19-094708-768x265.png 768w, https:\/\/pcmastersbogota.com.co\/wp-content\/uploads\/2025\/11\/Captura-de-pantalla-2025-11-19-094708-1536x531.png 1536w, https:\/\/pcmastersbogota.com.co\/wp-content\/uploads\/2025\/11\/Captura-de-pantalla-2025-11-19-094708-18x6.png 18w, https:\/\/pcmastersbogota.com.co\/wp-content\/uploads\/2025\/11\/Captura-de-pantalla-2025-11-19-094708-1200x415.png 1200w, https:\/\/pcmastersbogota.com.co\/wp-content\/uploads\/2025\/11\/Captura-de-pantalla-2025-11-19-094708-150x52.png 150w\" sizes=\"(max-width: 1918px) 100vw, 1918px\" \/><\/a> <a href=\"https:\/\/pcmastersbogota.com.co\/wp-content\/uploads\/2025\/11\/Captura-de-pantalla-2025-11-19-094644.png\"><img decoding=\"async\" class=\"alignnone size-full wp-image-30118\" src=\"https:\/\/pcmastersbogota.com.co\/wp-content\/uploads\/2025\/11\/Captura-de-pantalla-2025-11-19-094644.png\" alt=\"\" width=\"1761\" height=\"663\" srcset=\"https:\/\/pcmastersbogota.com.co\/wp-content\/uploads\/2025\/11\/Captura-de-pantalla-2025-11-19-094644.png 1761w, https:\/\/pcmastersbogota.com.co\/wp-content\/uploads\/2025\/11\/Captura-de-pantalla-2025-11-19-094644-300x113.png 300w, https:\/\/pcmastersbogota.com.co\/wp-content\/uploads\/2025\/11\/Captura-de-pantalla-2025-11-19-094644-1024x386.png 1024w, https:\/\/pcmastersbogota.com.co\/wp-content\/uploads\/2025\/11\/Captura-de-pantalla-2025-11-19-094644-768x289.png 768w, https:\/\/pcmastersbogota.com.co\/wp-content\/uploads\/2025\/11\/Captura-de-pantalla-2025-11-19-094644-1536x578.png 1536w, https:\/\/pcmastersbogota.com.co\/wp-content\/uploads\/2025\/11\/Captura-de-pantalla-2025-11-19-094644-18x7.png 18w, https:\/\/pcmastersbogota.com.co\/wp-content\/uploads\/2025\/11\/Captura-de-pantalla-2025-11-19-094644-1200x452.png 1200w, https:\/\/pcmastersbogota.com.co\/wp-content\/uploads\/2025\/11\/Captura-de-pantalla-2025-11-19-094644-150x56.png 150w\" sizes=\"(max-width: 1761px) 100vw, 1761px\" \/><\/a> <a href=\"https:\/\/pcmastersbogota.com.co\/wp-content\/uploads\/2025\/11\/Captura-de-pantalla-2025-11-19-094631.png\"><img decoding=\"async\" class=\"alignnone size-full wp-image-30119\" src=\"https:\/\/pcmastersbogota.com.co\/wp-content\/uploads\/2025\/11\/Captura-de-pantalla-2025-11-19-094631.png\" alt=\"\" width=\"1647\" height=\"663\" srcset=\"https:\/\/pcmastersbogota.com.co\/wp-content\/uploads\/2025\/11\/Captura-de-pantalla-2025-11-19-094631.png 1647w, https:\/\/pcmastersbogota.com.co\/wp-content\/uploads\/2025\/11\/Captura-de-pantalla-2025-11-19-094631-300x121.png 300w, https:\/\/pcmastersbogota.com.co\/wp-content\/uploads\/2025\/11\/Captura-de-pantalla-2025-11-19-094631-1024x412.png 1024w, https:\/\/pcmastersbogota.com.co\/wp-content\/uploads\/2025\/11\/Captura-de-pantalla-2025-11-19-094631-768x309.png 768w, https:\/\/pcmastersbogota.com.co\/wp-content\/uploads\/2025\/11\/Captura-de-pantalla-2025-11-19-094631-1536x618.png 1536w, https:\/\/pcmastersbogota.com.co\/wp-content\/uploads\/2025\/11\/Captura-de-pantalla-2025-11-19-094631-18x7.png 18w, https:\/\/pcmastersbogota.com.co\/wp-content\/uploads\/2025\/11\/Captura-de-pantalla-2025-11-19-094631-1200x483.png 1200w, https:\/\/pcmastersbogota.com.co\/wp-content\/uploads\/2025\/11\/Captura-de-pantalla-2025-11-19-094631-150x60.png 150w\" sizes=\"(max-width: 1647px) 100vw, 1647px\" \/><\/a> <a href=\"https:\/\/pcmastersbogota.com.co\/wp-content\/uploads\/2025\/11\/Captura-de-pantalla-2025-11-19-094617.png\"><img loading=\"lazy\" decoding=\"async\" class=\"alignnone size-full wp-image-30120\" src=\"https:\/\/pcmastersbogota.com.co\/wp-content\/uploads\/2025\/11\/Captura-de-pantalla-2025-11-19-094617.png\" alt=\"\" width=\"1633\" height=\"578\" srcset=\"https:\/\/pcmastersbogota.com.co\/wp-content\/uploads\/2025\/11\/Captura-de-pantalla-2025-11-19-094617.png 1633w, https:\/\/pcmastersbogota.com.co\/wp-content\/uploads\/2025\/11\/Captura-de-pantalla-2025-11-19-094617-300x106.png 300w, https:\/\/pcmastersbogota.com.co\/wp-content\/uploads\/2025\/11\/Captura-de-pantalla-2025-11-19-094617-1024x362.png 1024w, https:\/\/pcmastersbogota.com.co\/wp-content\/uploads\/2025\/11\/Captura-de-pantalla-2025-11-19-094617-768x272.png 768w, https:\/\/pcmastersbogota.com.co\/wp-content\/uploads\/2025\/11\/Captura-de-pantalla-2025-11-19-094617-1536x544.png 1536w, https:\/\/pcmastersbogota.com.co\/wp-content\/uploads\/2025\/11\/Captura-de-pantalla-2025-11-19-094617-18x6.png 18w, https:\/\/pcmastersbogota.com.co\/wp-content\/uploads\/2025\/11\/Captura-de-pantalla-2025-11-19-094617-1200x425.png 1200w, https:\/\/pcmastersbogota.com.co\/wp-content\/uploads\/2025\/11\/Captura-de-pantalla-2025-11-19-094617-150x53.png 150w\" sizes=\"(max-width: 1633px) 100vw, 1633px\" \/><\/a> <a href=\"https:\/\/pcmastersbogota.com.co\/wp-content\/uploads\/2025\/11\/Captura-de-pantalla-2025-11-19-094602.png\"><img loading=\"lazy\" decoding=\"async\" class=\"alignnone size-full wp-image-30121\" src=\"https:\/\/pcmastersbogota.com.co\/wp-content\/uploads\/2025\/11\/Captura-de-pantalla-2025-11-19-094602.png\" alt=\"\" width=\"1691\" height=\"632\" srcset=\"https:\/\/pcmastersbogota.com.co\/wp-content\/uploads\/2025\/11\/Captura-de-pantalla-2025-11-19-094602.png 1691w, https:\/\/pcmastersbogota.com.co\/wp-content\/uploads\/2025\/11\/Captura-de-pantalla-2025-11-19-094602-300x112.png 300w, https:\/\/pcmastersbogota.com.co\/wp-content\/uploads\/2025\/11\/Captura-de-pantalla-2025-11-19-094602-1024x383.png 1024w, https:\/\/pcmastersbogota.com.co\/wp-content\/uploads\/2025\/11\/Captura-de-pantalla-2025-11-19-094602-768x287.png 768w, https:\/\/pcmastersbogota.com.co\/wp-content\/uploads\/2025\/11\/Captura-de-pantalla-2025-11-19-094602-1536x574.png 1536w, https:\/\/pcmastersbogota.com.co\/wp-content\/uploads\/2025\/11\/Captura-de-pantalla-2025-11-19-094602-18x7.png 18w, https:\/\/pcmastersbogota.com.co\/wp-content\/uploads\/2025\/11\/Captura-de-pantalla-2025-11-19-094602-1200x448.png 1200w, https:\/\/pcmastersbogota.com.co\/wp-content\/uploads\/2025\/11\/Captura-de-pantalla-2025-11-19-094602-150x56.png 150w\" sizes=\"(max-width: 1691px) 100vw, 1691px\" \/><\/a> <a href=\"https:\/\/pcmastersbogota.com.co\/wp-content\/uploads\/2025\/11\/Captura-de-pantalla-2025-11-19-094547.png\"><img loading=\"lazy\" decoding=\"async\" class=\"alignnone size-full wp-image-30122\" src=\"https:\/\/pcmastersbogota.com.co\/wp-content\/uploads\/2025\/11\/Captura-de-pantalla-2025-11-19-094547.png\" alt=\"\" width=\"1782\" height=\"647\" srcset=\"https:\/\/pcmastersbogota.com.co\/wp-content\/uploads\/2025\/11\/Captura-de-pantalla-2025-11-19-094547.png 1782w, https:\/\/pcmastersbogota.com.co\/wp-content\/uploads\/2025\/11\/Captura-de-pantalla-2025-11-19-094547-300x109.png 300w, https:\/\/pcmastersbogota.com.co\/wp-content\/uploads\/2025\/11\/Captura-de-pantalla-2025-11-19-094547-1024x372.png 1024w, https:\/\/pcmastersbogota.com.co\/wp-content\/uploads\/2025\/11\/Captura-de-pantalla-2025-11-19-094547-768x279.png 768w, https:\/\/pcmastersbogota.com.co\/wp-content\/uploads\/2025\/11\/Captura-de-pantalla-2025-11-19-094547-1536x558.png 1536w, https:\/\/pcmastersbogota.com.co\/wp-content\/uploads\/2025\/11\/Captura-de-pantalla-2025-11-19-094547-18x7.png 18w, https:\/\/pcmastersbogota.com.co\/wp-content\/uploads\/2025\/11\/Captura-de-pantalla-2025-11-19-094547-1200x436.png 1200w, https:\/\/pcmastersbogota.com.co\/wp-content\/uploads\/2025\/11\/Captura-de-pantalla-2025-11-19-094547-150x54.png 150w\" sizes=\"(max-width: 1782px) 100vw, 1782px\" \/><\/a> <a href=\"https:\/\/pcmastersbogota.com.co\/wp-content\/uploads\/2025\/11\/Captura-de-pantalla-2025-11-19-094530.png\"><img loading=\"lazy\" decoding=\"async\" class=\"alignnone size-full wp-image-30123\" src=\"https:\/\/pcmastersbogota.com.co\/wp-content\/uploads\/2025\/11\/Captura-de-pantalla-2025-11-19-094530.png\" alt=\"\" width=\"1599\" height=\"660\" srcset=\"https:\/\/pcmastersbogota.com.co\/wp-content\/uploads\/2025\/11\/Captura-de-pantalla-2025-11-19-094530.png 1599w, https:\/\/pcmastersbogota.com.co\/wp-content\/uploads\/2025\/11\/Captura-de-pantalla-2025-11-19-094530-300x124.png 300w, https:\/\/pcmastersbogota.com.co\/wp-content\/uploads\/2025\/11\/Captura-de-pantalla-2025-11-19-094530-1024x423.png 1024w, https:\/\/pcmastersbogota.com.co\/wp-content\/uploads\/2025\/11\/Captura-de-pantalla-2025-11-19-094530-768x317.png 768w, https:\/\/pcmastersbogota.com.co\/wp-content\/uploads\/2025\/11\/Captura-de-pantalla-2025-11-19-094530-1536x634.png 1536w, https:\/\/pcmastersbogota.com.co\/wp-content\/uploads\/2025\/11\/Captura-de-pantalla-2025-11-19-094530-18x7.png 18w, https:\/\/pcmastersbogota.com.co\/wp-content\/uploads\/2025\/11\/Captura-de-pantalla-2025-11-19-094530-1200x495.png 1200w, https:\/\/pcmastersbogota.com.co\/wp-content\/uploads\/2025\/11\/Captura-de-pantalla-2025-11-19-094530-150x62.png 150w\" sizes=\"(max-width: 1599px) 100vw, 1599px\" \/><\/a> <a href=\"https:\/\/pcmastersbogota.com.co\/wp-content\/uploads\/2025\/11\/Captura-de-pantalla-2025-11-19-094514.png\"><img loading=\"lazy\" decoding=\"async\" class=\"alignnone size-full wp-image-30124\" src=\"https:\/\/pcmastersbogota.com.co\/wp-content\/uploads\/2025\/11\/Captura-de-pantalla-2025-11-19-094514.png\" alt=\"\" width=\"1575\" height=\"665\" srcset=\"https:\/\/pcmastersbogota.com.co\/wp-content\/uploads\/2025\/11\/Captura-de-pantalla-2025-11-19-094514.png 1575w, https:\/\/pcmastersbogota.com.co\/wp-content\/uploads\/2025\/11\/Captura-de-pantalla-2025-11-19-094514-300x127.png 300w, https:\/\/pcmastersbogota.com.co\/wp-content\/uploads\/2025\/11\/Captura-de-pantalla-2025-11-19-094514-1024x432.png 1024w, https:\/\/pcmastersbogota.com.co\/wp-content\/uploads\/2025\/11\/Captura-de-pantalla-2025-11-19-094514-768x324.png 768w, https:\/\/pcmastersbogota.com.co\/wp-content\/uploads\/2025\/11\/Captura-de-pantalla-2025-11-19-094514-1536x649.png 1536w, https:\/\/pcmastersbogota.com.co\/wp-content\/uploads\/2025\/11\/Captura-de-pantalla-2025-11-19-094514-18x8.png 18w, https:\/\/pcmastersbogota.com.co\/wp-content\/uploads\/2025\/11\/Captura-de-pantalla-2025-11-19-094514-1200x507.png 1200w, https:\/\/pcmastersbogota.com.co\/wp-content\/uploads\/2025\/11\/Captura-de-pantalla-2025-11-19-094514-150x63.png 150w\" sizes=\"(max-width: 1575px) 100vw, 1575px\" \/><\/a> <a href=\"https:\/\/pcmastersbogota.com.co\/wp-content\/uploads\/2025\/11\/Captura-de-pantalla-2025-11-19-094454.png\"><img loading=\"lazy\" decoding=\"async\" class=\"alignnone size-full wp-image-30125\" src=\"https:\/\/pcmastersbogota.com.co\/wp-content\/uploads\/2025\/11\/Captura-de-pantalla-2025-11-19-094454.png\" alt=\"\" width=\"1510\" height=\"657\" srcset=\"https:\/\/pcmastersbogota.com.co\/wp-content\/uploads\/2025\/11\/Captura-de-pantalla-2025-11-19-094454.png 1510w, https:\/\/pcmastersbogota.com.co\/wp-content\/uploads\/2025\/11\/Captura-de-pantalla-2025-11-19-094454-300x131.png 300w, https:\/\/pcmastersbogota.com.co\/wp-content\/uploads\/2025\/11\/Captura-de-pantalla-2025-11-19-094454-1024x446.png 1024w, https:\/\/pcmastersbogota.com.co\/wp-content\/uploads\/2025\/11\/Captura-de-pantalla-2025-11-19-094454-768x334.png 768w, https:\/\/pcmastersbogota.com.co\/wp-content\/uploads\/2025\/11\/Captura-de-pantalla-2025-11-19-094454-18x8.png 18w, https:\/\/pcmastersbogota.com.co\/wp-content\/uploads\/2025\/11\/Captura-de-pantalla-2025-11-19-094454-1200x522.png 1200w, https:\/\/pcmastersbogota.com.co\/wp-content\/uploads\/2025\/11\/Captura-de-pantalla-2025-11-19-094454-150x65.png 150w\" sizes=\"(max-width: 1510px) 100vw, 1510px\" \/><\/a><\/p>\n","protected":false},"excerpt":{"rendered":"<ul>\n<li>Colores RGB e iluminaci\u00f3n ultraancha de 120\u00b0<\/li>\n<li>Certificaci\u00f3n de overclocking de un clic en modo dual r\u00e1pido<\/li>\n<li>Los circuitos integrados de administraci\u00f3n de energ\u00eda (PMIC, del ingl\u00e9s Power Management Integrated Circuit) est\u00e1n equipados para un uso de energ\u00eda estable y eficiente<\/li>\n<li>Dise\u00f1o de enfriamiento de PMIC fortalecido<\/li>\n<li>ECC on-die para darle estabilidad al sistema<\/li>\n<li>Circuitos integrados de alta calidad seleccionados para dar estabilidad y confiabilidad<\/li>\n<li>Equipado con un controlador inteligente de circuito integrado con RGB que admite diversos programas de efectos de iluminaci\u00f3n<br \/>\n6000MHZ CL38<br \/>\nDisponible solo para equipos armados<\/li>\n<\/ul>\n","protected":false},"featured_media":30130,"comment_status":"closed","ping_status":"closed","template":"","meta":[],"pwb-brand":[581],"product_brand":[],"product_cat":[27],"product_tag":[582],"class_list":{"0":"post-30138","1":"product","2":"type-product","3":"status-publish","4":"has-post-thumbnail","6":"pwb-brand-teamgroup","7":"product_cat-memorias","8":"product_tag-ram-ddr5","10":"first","11":"onbackorder","12":"taxable","13":"shipping-taxable","14":"purchasable","15":"product-type-simple"},"yoast_head":"<!-- This site is optimized with the Yoast SEO plugin v26.7 - https:\/\/yoast.com\/wordpress\/plugins\/seo\/ -->\n<title>T-Force Delta RGB KIT 32GB DDR5 6000MHz WHITE - PC MASTERS BOGOTA<\/title>\n<meta name=\"robots\" content=\"index, follow, max-snippet:-1, max-image-preview:large, max-video-preview:-1\" \/>\n<link rel=\"canonical\" href=\"https:\/\/pcmastersbogota.com.co\/es_es\/producto\/memoria-ram-t-force-delta-rgb-32gb-2-x-16gb-ddr5-6000mhz-white\/\" \/>\n<meta property=\"og:locale\" content=\"es_ES\" \/>\n<meta property=\"og:type\" content=\"article\" \/>\n<meta property=\"og:title\" content=\"T-Force Delta RGB KIT 32GB DDR5 6000MHz WHITE - PC MASTERS BOGOTA\" \/>\n<meta property=\"og:description\" content=\"Colores RGB e iluminaci\u00f3n ultraancha de 120\u00b0  Certificaci\u00f3n de overclocking de un clic en modo dual r\u00e1pido  Los circuitos integrados de administraci\u00f3n de energ\u00eda (PMIC, del ingl\u00e9s Power Management Integrated Circuit) est\u00e1n equipados para un uso de energ\u00eda estable y eficiente  Dise\u00f1o de enfriamiento de PMIC fortalecido  ECC on-die para darle estabilidad al sistema  Circuitos integrados de alta calidad seleccionados para dar estabilidad y confiabilidad  Equipado con un controlador inteligente de circuito integrado con RGB que admite diversos programas de efectos de iluminaci\u00f3n 6000MHZ CL38 Disponible solo para equipos armados\" \/>\n<meta property=\"og:url\" content=\"https:\/\/pcmastersbogota.com.co\/es_es\/producto\/memoria-ram-t-force-delta-rgb-32gb-2-x-16gb-ddr5-6000mhz-white\/\" \/>\n<meta property=\"og:site_name\" content=\"PC MASTERS BOGOTA\" \/>\n<meta property=\"article:modified_time\" content=\"2026-01-10T07:54:08+00:00\" \/>\n<meta property=\"og:image\" content=\"https:\/\/pcmastersbogota.com.co\/wp-content\/uploads\/2025\/11\/dual_01-1.jpg\" \/>\n\t<meta property=\"og:image:width\" content=\"1000\" \/>\n\t<meta property=\"og:image:height\" content=\"1000\" \/>\n\t<meta property=\"og:image:type\" content=\"image\/jpeg\" \/>\n<meta name=\"twitter:card\" content=\"summary_large_image\" \/>\n<meta name=\"twitter:label1\" content=\"Tiempo de lectura\" \/>\n\t<meta name=\"twitter:data1\" content=\"3 minutos\" \/>\n<script type=\"application\/ld+json\" class=\"yoast-schema-graph\">{\"@context\":\"https:\/\/schema.org\",\"@graph\":[{\"@type\":\"WebPage\",\"@id\":\"https:\/\/pcmastersbogota.com.co\/producto\/memoria-ram-t-force-delta-rgb-32gb-2-x-16gb-ddr5-6000mhz-white\/\",\"url\":\"https:\/\/pcmastersbogota.com.co\/producto\/memoria-ram-t-force-delta-rgb-32gb-2-x-16gb-ddr5-6000mhz-white\/\",\"name\":\"T-Force Delta RGB KIT 32GB DDR5 6000MHz WHITE - PC MASTERS BOGOTA\",\"isPartOf\":{\"@id\":\"https:\/\/pcmastersbogota.com.co\/es_es\/#website\"},\"primaryImageOfPage\":{\"@id\":\"https:\/\/pcmastersbogota.com.co\/producto\/memoria-ram-t-force-delta-rgb-32gb-2-x-16gb-ddr5-6000mhz-white\/#primaryimage\"},\"image\":{\"@id\":\"https:\/\/pcmastersbogota.com.co\/producto\/memoria-ram-t-force-delta-rgb-32gb-2-x-16gb-ddr5-6000mhz-white\/#primaryimage\"},\"thumbnailUrl\":\"https:\/\/pcmastersbogota.com.co\/wp-content\/uploads\/2025\/11\/dual_01-1.jpg\",\"datePublished\":\"2025-11-19T15:27:50+00:00\",\"dateModified\":\"2026-01-10T07:54:08+00:00\",\"breadcrumb\":{\"@id\":\"https:\/\/pcmastersbogota.com.co\/producto\/memoria-ram-t-force-delta-rgb-32gb-2-x-16gb-ddr5-6000mhz-white\/#breadcrumb\"},\"inLanguage\":\"es\",\"potentialAction\":[{\"@type\":\"ReadAction\",\"target\":[\"https:\/\/pcmastersbogota.com.co\/producto\/memoria-ram-t-force-delta-rgb-32gb-2-x-16gb-ddr5-6000mhz-white\/\"]}]},{\"@type\":\"ImageObject\",\"inLanguage\":\"es\",\"@id\":\"https:\/\/pcmastersbogota.com.co\/producto\/memoria-ram-t-force-delta-rgb-32gb-2-x-16gb-ddr5-6000mhz-white\/#primaryimage\",\"url\":\"https:\/\/pcmastersbogota.com.co\/wp-content\/uploads\/2025\/11\/dual_01-1.jpg\",\"contentUrl\":\"https:\/\/pcmastersbogota.com.co\/wp-content\/uploads\/2025\/11\/dual_01-1.jpg\",\"width\":1000,\"height\":1000},{\"@type\":\"BreadcrumbList\",\"@id\":\"https:\/\/pcmastersbogota.com.co\/producto\/memoria-ram-t-force-delta-rgb-32gb-2-x-16gb-ddr5-6000mhz-white\/#breadcrumb\",\"itemListElement\":[{\"@type\":\"ListItem\",\"position\":1,\"name\":\"Home\",\"item\":\"https:\/\/pcmastersbogota.com.co\/\"},{\"@type\":\"ListItem\",\"position\":2,\"name\":\"Tienda\",\"item\":\"https:\/\/pcmastersbogota.com.co\/es_es\/tienda\/\"},{\"@type\":\"ListItem\",\"position\":3,\"name\":\"T-Force Delta RGB KIT 32GB DDR5 6000MHz WHITE\"}]},{\"@type\":\"WebSite\",\"@id\":\"https:\/\/pcmastersbogota.com.co\/es_es\/#website\",\"url\":\"https:\/\/pcmastersbogota.com.co\/es_es\/\",\"name\":\"PC MASTERS BOGOTA\",\"description\":\"\",\"potentialAction\":[{\"@type\":\"SearchAction\",\"target\":{\"@type\":\"EntryPoint\",\"urlTemplate\":\"https:\/\/pcmastersbogota.com.co\/es_es\/?s={search_term_string}\"},\"query-input\":{\"@type\":\"PropertyValueSpecification\",\"valueRequired\":true,\"valueName\":\"search_term_string\"}}],\"inLanguage\":\"es\"}]}<\/script>\n<!-- \/ Yoast SEO plugin. -->","yoast_head_json":{"title":"T-Force Delta RGB KIT 32GB DDR5 6000MHz WHITE - PC MASTERS BOGOTA","robots":{"index":"index","follow":"follow","max-snippet":"max-snippet:-1","max-image-preview":"max-image-preview:large","max-video-preview":"max-video-preview:-1"},"canonical":"https:\/\/pcmastersbogota.com.co\/es_es\/producto\/memoria-ram-t-force-delta-rgb-32gb-2-x-16gb-ddr5-6000mhz-white\/","og_locale":"es_ES","og_type":"article","og_title":"T-Force Delta RGB KIT 32GB DDR5 6000MHz WHITE - PC MASTERS BOGOTA","og_description":"Colores RGB e iluminaci\u00f3n ultraancha de 120\u00b0  Certificaci\u00f3n de overclocking de un clic en modo dual r\u00e1pido  Los circuitos integrados de administraci\u00f3n de energ\u00eda (PMIC, del ingl\u00e9s Power Management Integrated Circuit) est\u00e1n equipados para un uso de energ\u00eda estable y eficiente  Dise\u00f1o de enfriamiento de PMIC fortalecido  ECC on-die para darle estabilidad al sistema  Circuitos integrados de alta calidad seleccionados para dar estabilidad y confiabilidad  Equipado con un controlador inteligente de circuito integrado con RGB que admite diversos programas de efectos de iluminaci\u00f3n 6000MHZ CL38 Disponible solo para equipos armados","og_url":"https:\/\/pcmastersbogota.com.co\/es_es\/producto\/memoria-ram-t-force-delta-rgb-32gb-2-x-16gb-ddr5-6000mhz-white\/","og_site_name":"PC MASTERS BOGOTA","article_modified_time":"2026-01-10T07:54:08+00:00","og_image":[{"width":1000,"height":1000,"url":"https:\/\/pcmastersbogota.com.co\/wp-content\/uploads\/2025\/11\/dual_01-1.jpg","type":"image\/jpeg"}],"twitter_card":"summary_large_image","twitter_misc":{"Tiempo de lectura":"3 minutos"},"schema":{"@context":"https:\/\/schema.org","@graph":[{"@type":"WebPage","@id":"https:\/\/pcmastersbogota.com.co\/producto\/memoria-ram-t-force-delta-rgb-32gb-2-x-16gb-ddr5-6000mhz-white\/","url":"https:\/\/pcmastersbogota.com.co\/producto\/memoria-ram-t-force-delta-rgb-32gb-2-x-16gb-ddr5-6000mhz-white\/","name":"T-Force Delta RGB KIT 32GB DDR5 6000MHz WHITE - PC MASTERS BOGOTA","isPartOf":{"@id":"https:\/\/pcmastersbogota.com.co\/es_es\/#website"},"primaryImageOfPage":{"@id":"https:\/\/pcmastersbogota.com.co\/producto\/memoria-ram-t-force-delta-rgb-32gb-2-x-16gb-ddr5-6000mhz-white\/#primaryimage"},"image":{"@id":"https:\/\/pcmastersbogota.com.co\/producto\/memoria-ram-t-force-delta-rgb-32gb-2-x-16gb-ddr5-6000mhz-white\/#primaryimage"},"thumbnailUrl":"https:\/\/pcmastersbogota.com.co\/wp-content\/uploads\/2025\/11\/dual_01-1.jpg","datePublished":"2025-11-19T15:27:50+00:00","dateModified":"2026-01-10T07:54:08+00:00","breadcrumb":{"@id":"https:\/\/pcmastersbogota.com.co\/producto\/memoria-ram-t-force-delta-rgb-32gb-2-x-16gb-ddr5-6000mhz-white\/#breadcrumb"},"inLanguage":"es","potentialAction":[{"@type":"ReadAction","target":["https:\/\/pcmastersbogota.com.co\/producto\/memoria-ram-t-force-delta-rgb-32gb-2-x-16gb-ddr5-6000mhz-white\/"]}]},{"@type":"ImageObject","inLanguage":"es","@id":"https:\/\/pcmastersbogota.com.co\/producto\/memoria-ram-t-force-delta-rgb-32gb-2-x-16gb-ddr5-6000mhz-white\/#primaryimage","url":"https:\/\/pcmastersbogota.com.co\/wp-content\/uploads\/2025\/11\/dual_01-1.jpg","contentUrl":"https:\/\/pcmastersbogota.com.co\/wp-content\/uploads\/2025\/11\/dual_01-1.jpg","width":1000,"height":1000},{"@type":"BreadcrumbList","@id":"https:\/\/pcmastersbogota.com.co\/producto\/memoria-ram-t-force-delta-rgb-32gb-2-x-16gb-ddr5-6000mhz-white\/#breadcrumb","itemListElement":[{"@type":"ListItem","position":1,"name":"Home","item":"https:\/\/pcmastersbogota.com.co\/"},{"@type":"ListItem","position":2,"name":"Tienda","item":"https:\/\/pcmastersbogota.com.co\/es_es\/tienda\/"},{"@type":"ListItem","position":3,"name":"T-Force Delta RGB KIT 32GB DDR5 6000MHz WHITE"}]},{"@type":"WebSite","@id":"https:\/\/pcmastersbogota.com.co\/es_es\/#website","url":"https:\/\/pcmastersbogota.com.co\/es_es\/","name":"PC MASTERS BOGOTA","description":"","potentialAction":[{"@type":"SearchAction","target":{"@type":"EntryPoint","urlTemplate":"https:\/\/pcmastersbogota.com.co\/es_es\/?s={search_term_string}"},"query-input":{"@type":"PropertyValueSpecification","valueRequired":true,"valueName":"search_term_string"}}],"inLanguage":"es"}]}},"brands":[{"id":581,"name":"TeamGroup","slug":"teamgroup"}],"_links":{"self":[{"href":"https:\/\/pcmastersbogota.com.co\/es_es\/wp-json\/wp\/v2\/product\/30138","targetHints":{"allow":["GET"]}}],"collection":[{"href":"https:\/\/pcmastersbogota.com.co\/es_es\/wp-json\/wp\/v2\/product"}],"about":[{"href":"https:\/\/pcmastersbogota.com.co\/es_es\/wp-json\/wp\/v2\/types\/product"}],"replies":[{"embeddable":true,"href":"https:\/\/pcmastersbogota.com.co\/es_es\/wp-json\/wp\/v2\/comments?post=30138"}],"version-history":[{"count":4,"href":"https:\/\/pcmastersbogota.com.co\/es_es\/wp-json\/wp\/v2\/product\/30138\/revisions"}],"predecessor-version":[{"id":30879,"href":"https:\/\/pcmastersbogota.com.co\/es_es\/wp-json\/wp\/v2\/product\/30138\/revisions\/30879"}],"wp:featuredmedia":[{"embeddable":true,"href":"https:\/\/pcmastersbogota.com.co\/es_es\/wp-json\/wp\/v2\/media\/30130"}],"wp:attachment":[{"href":"https:\/\/pcmastersbogota.com.co\/es_es\/wp-json\/wp\/v2\/media?parent=30138"}],"wp:term":[{"taxonomy":"pwb-brand","embeddable":true,"href":"https:\/\/pcmastersbogota.com.co\/es_es\/wp-json\/wp\/v2\/pwb-brand?post=30138"},{"taxonomy":"product_brand","embeddable":true,"href":"https:\/\/pcmastersbogota.com.co\/es_es\/wp-json\/wp\/v2\/product_brand?post=30138"},{"taxonomy":"product_cat","embeddable":true,"href":"https:\/\/pcmastersbogota.com.co\/es_es\/wp-json\/wp\/v2\/product_cat?post=30138"},{"taxonomy":"product_tag","embeddable":true,"href":"https:\/\/pcmastersbogota.com.co\/es_es\/wp-json\/wp\/v2\/product_tag?post=30138"}],"curies":[{"name":"wp","href":"https:\/\/api.w.org\/{rel}","templated":true}]}}