{"id":30486,"date":"2025-12-13T10:24:45","date_gmt":"2025-12-13T15:24:45","guid":{"rendered":"https:\/\/pcmastersbogota.com.co\/?post_type=product&#038;p=30486"},"modified":"2026-02-13T01:34:22","modified_gmt":"2026-02-13T06:34:22","slug":"msi-coreliquido-a17-edicion-mlg","status":"publish","type":"product","link":"https:\/\/pcmastersbogota.com.co\/es_es\/producto\/msi-coreliquido-a17-edicion-mlg\/","title":{"rendered":"MSI CORELIQUIDO A17 EDICI\u00d3N MLG"},"content":{"rendered":"<h2 class=\"foucs__title\" style=\"text-align: center;\">CORELIQUIDO A17 EDICI\u00d3N MLG<\/h2>\n<p style=\"text-align: center;\"><a href=\"https:\/\/pcmastersbogota.com.co\/wp-content\/uploads\/2025\/12\/Captura-de-pantalla-2025-12-11-201815.png\"><img fetchpriority=\"high\" decoding=\"async\" class=\"alignnone size-full wp-image-30497\" src=\"https:\/\/pcmastersbogota.com.co\/wp-content\/uploads\/2025\/12\/Captura-de-pantalla-2025-12-11-201815.png\" alt=\"\" width=\"2238\" height=\"1110\" srcset=\"https:\/\/pcmastersbogota.com.co\/wp-content\/uploads\/2025\/12\/Captura-de-pantalla-2025-12-11-201815.png 2238w, https:\/\/pcmastersbogota.com.co\/wp-content\/uploads\/2025\/12\/Captura-de-pantalla-2025-12-11-201815-300x149.png 300w, https:\/\/pcmastersbogota.com.co\/wp-content\/uploads\/2025\/12\/Captura-de-pantalla-2025-12-11-201815-1024x508.png 1024w, https:\/\/pcmastersbogota.com.co\/wp-content\/uploads\/2025\/12\/Captura-de-pantalla-2025-12-11-201815-768x381.png 768w, https:\/\/pcmastersbogota.com.co\/wp-content\/uploads\/2025\/12\/Captura-de-pantalla-2025-12-11-201815-1536x762.png 1536w, https:\/\/pcmastersbogota.com.co\/wp-content\/uploads\/2025\/12\/Captura-de-pantalla-2025-12-11-201815-2048x1016.png 2048w, https:\/\/pcmastersbogota.com.co\/wp-content\/uploads\/2025\/12\/Captura-de-pantalla-2025-12-11-201815-18x9.png 18w, https:\/\/pcmastersbogota.com.co\/wp-content\/uploads\/2025\/12\/Captura-de-pantalla-2025-12-11-201815-1200x595.png 1200w, https:\/\/pcmastersbogota.com.co\/wp-content\/uploads\/2025\/12\/Captura-de-pantalla-2025-12-11-201815-150x74.png 150w\" sizes=\"(max-width: 2238px) 100vw, 2238px\" \/><\/a> <a href=\"https:\/\/pcmastersbogota.com.co\/wp-content\/uploads\/2025\/12\/Captura-de-pantalla-2025-12-11-201859.png\"><img decoding=\"async\" class=\"alignnone size-full wp-image-30496\" src=\"https:\/\/pcmastersbogota.com.co\/wp-content\/uploads\/2025\/12\/Captura-de-pantalla-2025-12-11-201859.png\" alt=\"\" width=\"1621\" height=\"1066\" srcset=\"https:\/\/pcmastersbogota.com.co\/wp-content\/uploads\/2025\/12\/Captura-de-pantalla-2025-12-11-201859.png 1621w, https:\/\/pcmastersbogota.com.co\/wp-content\/uploads\/2025\/12\/Captura-de-pantalla-2025-12-11-201859-300x197.png 300w, https:\/\/pcmastersbogota.com.co\/wp-content\/uploads\/2025\/12\/Captura-de-pantalla-2025-12-11-201859-1024x673.png 1024w, https:\/\/pcmastersbogota.com.co\/wp-content\/uploads\/2025\/12\/Captura-de-pantalla-2025-12-11-201859-768x505.png 768w, https:\/\/pcmastersbogota.com.co\/wp-content\/uploads\/2025\/12\/Captura-de-pantalla-2025-12-11-201859-1536x1010.png 1536w, https:\/\/pcmastersbogota.com.co\/wp-content\/uploads\/2025\/12\/Captura-de-pantalla-2025-12-11-201859-18x12.png 18w, https:\/\/pcmastersbogota.com.co\/wp-content\/uploads\/2025\/12\/Captura-de-pantalla-2025-12-11-201859-1200x789.png 1200w, https:\/\/pcmastersbogota.com.co\/wp-content\/uploads\/2025\/12\/Captura-de-pantalla-2025-12-11-201859-150x99.png 150w\" sizes=\"(max-width: 1621px) 100vw, 1621px\" \/><\/a> <a href=\"https:\/\/pcmastersbogota.com.co\/wp-content\/uploads\/2025\/12\/Captura-de-pantalla-2025-12-11-201929.png\"><img decoding=\"async\" class=\"alignnone size-full wp-image-30495\" src=\"https:\/\/pcmastersbogota.com.co\/wp-content\/uploads\/2025\/12\/Captura-de-pantalla-2025-12-11-201929.png\" alt=\"\" width=\"1316\" height=\"1050\" srcset=\"https:\/\/pcmastersbogota.com.co\/wp-content\/uploads\/2025\/12\/Captura-de-pantalla-2025-12-11-201929.png 1316w, https:\/\/pcmastersbogota.com.co\/wp-content\/uploads\/2025\/12\/Captura-de-pantalla-2025-12-11-201929-300x239.png 300w, https:\/\/pcmastersbogota.com.co\/wp-content\/uploads\/2025\/12\/Captura-de-pantalla-2025-12-11-201929-1024x817.png 1024w, https:\/\/pcmastersbogota.com.co\/wp-content\/uploads\/2025\/12\/Captura-de-pantalla-2025-12-11-201929-768x613.png 768w, https:\/\/pcmastersbogota.com.co\/wp-content\/uploads\/2025\/12\/Captura-de-pantalla-2025-12-11-201929-15x12.png 15w, https:\/\/pcmastersbogota.com.co\/wp-content\/uploads\/2025\/12\/Captura-de-pantalla-2025-12-11-201929-1200x957.png 1200w, https:\/\/pcmastersbogota.com.co\/wp-content\/uploads\/2025\/12\/Captura-de-pantalla-2025-12-11-201929-150x120.png 150w\" sizes=\"(max-width: 1316px) 100vw, 1316px\" \/><\/a> <a href=\"https:\/\/pcmastersbogota.com.co\/wp-content\/uploads\/2025\/12\/Captura-de-pantalla-2025-12-11-201948.png\"><img loading=\"lazy\" decoding=\"async\" class=\"alignnone size-full wp-image-30494\" src=\"https:\/\/pcmastersbogota.com.co\/wp-content\/uploads\/2025\/12\/Captura-de-pantalla-2025-12-11-201948.png\" alt=\"\" width=\"1483\" height=\"1038\" srcset=\"https:\/\/pcmastersbogota.com.co\/wp-content\/uploads\/2025\/12\/Captura-de-pantalla-2025-12-11-201948.png 1483w, https:\/\/pcmastersbogota.com.co\/wp-content\/uploads\/2025\/12\/Captura-de-pantalla-2025-12-11-201948-300x210.png 300w, https:\/\/pcmastersbogota.com.co\/wp-content\/uploads\/2025\/12\/Captura-de-pantalla-2025-12-11-201948-1024x717.png 1024w, https:\/\/pcmastersbogota.com.co\/wp-content\/uploads\/2025\/12\/Captura-de-pantalla-2025-12-11-201948-768x538.png 768w, https:\/\/pcmastersbogota.com.co\/wp-content\/uploads\/2025\/12\/Captura-de-pantalla-2025-12-11-201948-18x12.png 18w, https:\/\/pcmastersbogota.com.co\/wp-content\/uploads\/2025\/12\/Captura-de-pantalla-2025-12-11-201948-1200x840.png 1200w, https:\/\/pcmastersbogota.com.co\/wp-content\/uploads\/2025\/12\/Captura-de-pantalla-2025-12-11-201948-150x105.png 150w\" sizes=\"(max-width: 1483px) 100vw, 1483px\" \/><\/a> <a href=\"https:\/\/pcmastersbogota.com.co\/wp-content\/uploads\/2025\/12\/Captura-de-pantalla-2025-12-11-202000.png\"><img loading=\"lazy\" decoding=\"async\" class=\"alignnone size-full wp-image-30493\" src=\"https:\/\/pcmastersbogota.com.co\/wp-content\/uploads\/2025\/12\/Captura-de-pantalla-2025-12-11-202000.png\" alt=\"\" width=\"1269\" height=\"948\" srcset=\"https:\/\/pcmastersbogota.com.co\/wp-content\/uploads\/2025\/12\/Captura-de-pantalla-2025-12-11-202000.png 1269w, https:\/\/pcmastersbogota.com.co\/wp-content\/uploads\/2025\/12\/Captura-de-pantalla-2025-12-11-202000-300x224.png 300w, https:\/\/pcmastersbogota.com.co\/wp-content\/uploads\/2025\/12\/Captura-de-pantalla-2025-12-11-202000-1024x765.png 1024w, https:\/\/pcmastersbogota.com.co\/wp-content\/uploads\/2025\/12\/Captura-de-pantalla-2025-12-11-202000-768x574.png 768w, https:\/\/pcmastersbogota.com.co\/wp-content\/uploads\/2025\/12\/Captura-de-pantalla-2025-12-11-202000-16x12.png 16w, https:\/\/pcmastersbogota.com.co\/wp-content\/uploads\/2025\/12\/Captura-de-pantalla-2025-12-11-202000-1200x896.png 1200w, https:\/\/pcmastersbogota.com.co\/wp-content\/uploads\/2025\/12\/Captura-de-pantalla-2025-12-11-202000-150x112.png 150w\" sizes=\"(max-width: 1269px) 100vw, 1269px\" \/><\/a> <a href=\"https:\/\/pcmastersbogota.com.co\/wp-content\/uploads\/2025\/12\/Captura-de-pantalla-2025-12-11-202014.png\"><img loading=\"lazy\" decoding=\"async\" class=\"alignnone size-full wp-image-30492\" src=\"https:\/\/pcmastersbogota.com.co\/wp-content\/uploads\/2025\/12\/Captura-de-pantalla-2025-12-11-202014.png\" alt=\"\" width=\"1359\" height=\"909\" srcset=\"https:\/\/pcmastersbogota.com.co\/wp-content\/uploads\/2025\/12\/Captura-de-pantalla-2025-12-11-202014.png 1359w, https:\/\/pcmastersbogota.com.co\/wp-content\/uploads\/2025\/12\/Captura-de-pantalla-2025-12-11-202014-300x201.png 300w, https:\/\/pcmastersbogota.com.co\/wp-content\/uploads\/2025\/12\/Captura-de-pantalla-2025-12-11-202014-1024x685.png 1024w, https:\/\/pcmastersbogota.com.co\/wp-content\/uploads\/2025\/12\/Captura-de-pantalla-2025-12-11-202014-768x514.png 768w, https:\/\/pcmastersbogota.com.co\/wp-content\/uploads\/2025\/12\/Captura-de-pantalla-2025-12-11-202014-18x12.png 18w, https:\/\/pcmastersbogota.com.co\/wp-content\/uploads\/2025\/12\/Captura-de-pantalla-2025-12-11-202014-1200x803.png 1200w, https:\/\/pcmastersbogota.com.co\/wp-content\/uploads\/2025\/12\/Captura-de-pantalla-2025-12-11-202014-150x100.png 150w\" sizes=\"(max-width: 1359px) 100vw, 1359px\" \/><\/a> <a href=\"https:\/\/pcmastersbogota.com.co\/wp-content\/uploads\/2025\/12\/Captura-de-pantalla-2025-12-11-202206.png\"><img loading=\"lazy\" decoding=\"async\" class=\"alignnone size-full wp-image-30491\" src=\"https:\/\/pcmastersbogota.com.co\/wp-content\/uploads\/2025\/12\/Captura-de-pantalla-2025-12-11-202206.png\" alt=\"\" width=\"1643\" height=\"1083\" srcset=\"https:\/\/pcmastersbogota.com.co\/wp-content\/uploads\/2025\/12\/Captura-de-pantalla-2025-12-11-202206.png 1643w, https:\/\/pcmastersbogota.com.co\/wp-content\/uploads\/2025\/12\/Captura-de-pantalla-2025-12-11-202206-300x198.png 300w, https:\/\/pcmastersbogota.com.co\/wp-content\/uploads\/2025\/12\/Captura-de-pantalla-2025-12-11-202206-1024x675.png 1024w, https:\/\/pcmastersbogota.com.co\/wp-content\/uploads\/2025\/12\/Captura-de-pantalla-2025-12-11-202206-768x506.png 768w, https:\/\/pcmastersbogota.com.co\/wp-content\/uploads\/2025\/12\/Captura-de-pantalla-2025-12-11-202206-1536x1012.png 1536w, https:\/\/pcmastersbogota.com.co\/wp-content\/uploads\/2025\/12\/Captura-de-pantalla-2025-12-11-202206-18x12.png 18w, https:\/\/pcmastersbogota.com.co\/wp-content\/uploads\/2025\/12\/Captura-de-pantalla-2025-12-11-202206-1200x791.png 1200w, https:\/\/pcmastersbogota.com.co\/wp-content\/uploads\/2025\/12\/Captura-de-pantalla-2025-12-11-202206-150x99.png 150w\" sizes=\"(max-width: 1643px) 100vw, 1643px\" \/><\/a> <a href=\"https:\/\/pcmastersbogota.com.co\/wp-content\/uploads\/2025\/12\/Captura-de-pantalla-2025-12-11-202217.png\"><img loading=\"lazy\" decoding=\"async\" class=\"alignnone size-full wp-image-30490\" src=\"https:\/\/pcmastersbogota.com.co\/wp-content\/uploads\/2025\/12\/Captura-de-pantalla-2025-12-11-202217.png\" alt=\"\" width=\"1354\" height=\"1021\" srcset=\"https:\/\/pcmastersbogota.com.co\/wp-content\/uploads\/2025\/12\/Captura-de-pantalla-2025-12-11-202217.png 1354w, https:\/\/pcmastersbogota.com.co\/wp-content\/uploads\/2025\/12\/Captura-de-pantalla-2025-12-11-202217-300x226.png 300w, https:\/\/pcmastersbogota.com.co\/wp-content\/uploads\/2025\/12\/Captura-de-pantalla-2025-12-11-202217-1024x772.png 1024w, https:\/\/pcmastersbogota.com.co\/wp-content\/uploads\/2025\/12\/Captura-de-pantalla-2025-12-11-202217-768x579.png 768w, https:\/\/pcmastersbogota.com.co\/wp-content\/uploads\/2025\/12\/Captura-de-pantalla-2025-12-11-202217-16x12.png 16w, https:\/\/pcmastersbogota.com.co\/wp-content\/uploads\/2025\/12\/Captura-de-pantalla-2025-12-11-202217-1200x905.png 1200w, https:\/\/pcmastersbogota.com.co\/wp-content\/uploads\/2025\/12\/Captura-de-pantalla-2025-12-11-202217-150x113.png 150w\" sizes=\"(max-width: 1354px) 100vw, 1354px\" \/><\/a> <a href=\"https:\/\/pcmastersbogota.com.co\/wp-content\/uploads\/2025\/12\/Captura-de-pantalla-2025-12-11-202229.png\"><img loading=\"lazy\" decoding=\"async\" class=\"alignnone size-full wp-image-30489\" src=\"https:\/\/pcmastersbogota.com.co\/wp-content\/uploads\/2025\/12\/Captura-de-pantalla-2025-12-11-202229.png\" alt=\"\" width=\"1523\" height=\"856\" srcset=\"https:\/\/pcmastersbogota.com.co\/wp-content\/uploads\/2025\/12\/Captura-de-pantalla-2025-12-11-202229.png 1523w, https:\/\/pcmastersbogota.com.co\/wp-content\/uploads\/2025\/12\/Captura-de-pantalla-2025-12-11-202229-300x169.png 300w, https:\/\/pcmastersbogota.com.co\/wp-content\/uploads\/2025\/12\/Captura-de-pantalla-2025-12-11-202229-1024x576.png 1024w, https:\/\/pcmastersbogota.com.co\/wp-content\/uploads\/2025\/12\/Captura-de-pantalla-2025-12-11-202229-768x432.png 768w, https:\/\/pcmastersbogota.com.co\/wp-content\/uploads\/2025\/12\/Captura-de-pantalla-2025-12-11-202229-18x10.png 18w, https:\/\/pcmastersbogota.com.co\/wp-content\/uploads\/2025\/12\/Captura-de-pantalla-2025-12-11-202229-1200x674.png 1200w, https:\/\/pcmastersbogota.com.co\/wp-content\/uploads\/2025\/12\/Captura-de-pantalla-2025-12-11-202229-150x84.png 150w\" sizes=\"(max-width: 1523px) 100vw, 1523px\" \/><\/a> <a href=\"https:\/\/pcmastersbogota.com.co\/wp-content\/uploads\/2025\/12\/Captura-de-pantalla-2025-12-11-202521.png\"><img loading=\"lazy\" decoding=\"async\" class=\"alignnone size-full wp-image-30488\" src=\"https:\/\/pcmastersbogota.com.co\/wp-content\/uploads\/2025\/12\/Captura-de-pantalla-2025-12-11-202521.png\" alt=\"\" width=\"903\" height=\"1205\" srcset=\"https:\/\/pcmastersbogota.com.co\/wp-content\/uploads\/2025\/12\/Captura-de-pantalla-2025-12-11-202521.png 903w, https:\/\/pcmastersbogota.com.co\/wp-content\/uploads\/2025\/12\/Captura-de-pantalla-2025-12-11-202521-225x300.png 225w, https:\/\/pcmastersbogota.com.co\/wp-content\/uploads\/2025\/12\/Captura-de-pantalla-2025-12-11-202521-767x1024.png 767w, https:\/\/pcmastersbogota.com.co\/wp-content\/uploads\/2025\/12\/Captura-de-pantalla-2025-12-11-202521-768x1025.png 768w, https:\/\/pcmastersbogota.com.co\/wp-content\/uploads\/2025\/12\/Captura-de-pantalla-2025-12-11-202521-9x12.png 9w, https:\/\/pcmastersbogota.com.co\/wp-content\/uploads\/2025\/12\/Captura-de-pantalla-2025-12-11-202521-150x200.png 150w\" sizes=\"(max-width: 903px) 100vw, 903px\" \/><\/a><\/p>\n","protected":false},"excerpt":{"rendered":"<div class=\"foucs__color\"><\/div>\n<div class=\"foucs__feature\">\n<ul>\n<li>Paquete con figura exclusiva de MLG.<\/li>\n<li>Dise\u00f1o CycloBlade: enfoca el flujo de aire y reduce el ruido.<\/li>\n<li>ARGB GEN2: Personaliza los efectos de iluminaci\u00f3n perfectos para ti a trav\u00e9s de MSI CENTER.<\/li>\n<li>Tuber\u00eda EPDM: duradera y eficaz para prevenir la evaporaci\u00f3n del refrigerante.<\/li>\n<li>Ventiladores preinstalados: ahorra tiempo de instalaci\u00f3n a los jugadores y mejora la experiencia de montaje.<\/li>\n<li>Refrigeraci\u00f3n mejorada para un rendimiento estable de la IA: orientaci\u00f3n precisa de la fuente de calor para un rendimiento estable de la CPU<\/li>\n<li>F\u00e1cil instalaci\u00f3n: Soporte UNI preinstalado (1700\/1851\/AM4\/AM5)<\/li>\n<\/ul>\n<\/div>\n","protected":false},"featured_media":30498,"comment_status":"closed","ping_status":"closed","template":"","meta":[],"pwb-brand":[214],"product_brand":[],"product_cat":[15],"product_tag":[448,585,486,578],"class_list":{"0":"post-30486","1":"product","2":"type-product","3":"status-publish","4":"has-post-thumbnail","6":"pwb-brand-msi","7":"product_cat-varios","8":"product_tag-anime","9":"product_tag-edicion-especial","10":"product_tag-msi","11":"product_tag-special-edition","13":"first","14":"instock","15":"taxable","16":"shipping-taxable","17":"purchasable","18":"product-type-simple"},"yoast_head":"<!-- This site is optimized with the Yoast SEO plugin v26.7 - https:\/\/yoast.com\/wordpress\/plugins\/seo\/ -->\n<title>MSI CORELIQUIDO A17 EDICI\u00d3N MLG - PC MASTERS BOGOTA<\/title>\n<meta name=\"robots\" content=\"index, follow, max-snippet:-1, max-image-preview:large, max-video-preview:-1\" \/>\n<link rel=\"canonical\" href=\"https:\/\/pcmastersbogota.com.co\/es_es\/producto\/msi-coreliquido-a17-edicion-mlg\/\" \/>\n<meta property=\"og:locale\" content=\"es_ES\" \/>\n<meta property=\"og:type\" content=\"article\" \/>\n<meta property=\"og:title\" content=\"MSI CORELIQUIDO A17 EDICI\u00d3N MLG - PC MASTERS BOGOTA\" \/>\n<meta property=\"og:description\" content=\"Paquete con figura exclusiva de MLG.  Dise\u00f1o CycloBlade: enfoca el flujo de aire y reduce el ruido.  ARGB GEN2: Personaliza los efectos de iluminaci\u00f3n perfectos para ti a trav\u00e9s de MSI CENTER.  Tuber\u00eda EPDM: duradera y eficaz para prevenir la evaporaci\u00f3n del refrigerante.  Ventiladores preinstalados: ahorra tiempo de instalaci\u00f3n a los jugadores y mejora la experiencia de montaje.  Refrigeraci\u00f3n mejorada para un rendimiento estable de la IA: orientaci\u00f3n precisa de la fuente de calor para un rendimiento estable de la CPU  F\u00e1cil instalaci\u00f3n: Soporte UNI preinstalado (1700\/1851\/AM4\/AM5)\" \/>\n<meta property=\"og:url\" content=\"https:\/\/pcmastersbogota.com.co\/es_es\/producto\/msi-coreliquido-a17-edicion-mlg\/\" \/>\n<meta property=\"og:site_name\" content=\"PC MASTERS BOGOTA\" \/>\n<meta property=\"article:modified_time\" content=\"2026-02-13T06:34:22+00:00\" \/>\n<meta property=\"og:image\" content=\"https:\/\/pcmastersbogota.com.co\/wp-content\/uploads\/2025\/12\/1024-4.png\" \/>\n\t<meta property=\"og:image:width\" content=\"1024\" \/>\n\t<meta property=\"og:image:height\" content=\"819\" \/>\n\t<meta property=\"og:image:type\" content=\"image\/png\" \/>\n<meta name=\"twitter:card\" content=\"summary_large_image\" \/>\n<meta name=\"twitter:label1\" content=\"Tiempo de lectura\" \/>\n\t<meta name=\"twitter:data1\" content=\"3 minutos\" \/>\n<script type=\"application\/ld+json\" class=\"yoast-schema-graph\">{\"@context\":\"https:\/\/schema.org\",\"@graph\":[{\"@type\":\"WebPage\",\"@id\":\"https:\/\/pcmastersbogota.com.co\/producto\/msi-coreliquido-a17-edicion-mlg\/\",\"url\":\"https:\/\/pcmastersbogota.com.co\/producto\/msi-coreliquido-a17-edicion-mlg\/\",\"name\":\"MSI CORELIQUIDO A17 EDICI\u00d3N MLG - PC MASTERS BOGOTA\",\"isPartOf\":{\"@id\":\"https:\/\/pcmastersbogota.com.co\/es_es\/#website\"},\"primaryImageOfPage\":{\"@id\":\"https:\/\/pcmastersbogota.com.co\/producto\/msi-coreliquido-a17-edicion-mlg\/#primaryimage\"},\"image\":{\"@id\":\"https:\/\/pcmastersbogota.com.co\/producto\/msi-coreliquido-a17-edicion-mlg\/#primaryimage\"},\"thumbnailUrl\":\"https:\/\/pcmastersbogota.com.co\/wp-content\/uploads\/2025\/12\/1024-4.png\",\"datePublished\":\"2025-12-13T15:24:45+00:00\",\"dateModified\":\"2026-02-13T06:34:22+00:00\",\"breadcrumb\":{\"@id\":\"https:\/\/pcmastersbogota.com.co\/producto\/msi-coreliquido-a17-edicion-mlg\/#breadcrumb\"},\"inLanguage\":\"es\",\"potentialAction\":[{\"@type\":\"ReadAction\",\"target\":[\"https:\/\/pcmastersbogota.com.co\/producto\/msi-coreliquido-a17-edicion-mlg\/\"]}]},{\"@type\":\"ImageObject\",\"inLanguage\":\"es\",\"@id\":\"https:\/\/pcmastersbogota.com.co\/producto\/msi-coreliquido-a17-edicion-mlg\/#primaryimage\",\"url\":\"https:\/\/pcmastersbogota.com.co\/wp-content\/uploads\/2025\/12\/1024-4.png\",\"contentUrl\":\"https:\/\/pcmastersbogota.com.co\/wp-content\/uploads\/2025\/12\/1024-4.png\",\"width\":1024,\"height\":819},{\"@type\":\"BreadcrumbList\",\"@id\":\"https:\/\/pcmastersbogota.com.co\/producto\/msi-coreliquido-a17-edicion-mlg\/#breadcrumb\",\"itemListElement\":[{\"@type\":\"ListItem\",\"position\":1,\"name\":\"Home\",\"item\":\"https:\/\/pcmastersbogota.com.co\/\"},{\"@type\":\"ListItem\",\"position\":2,\"name\":\"Tienda\",\"item\":\"https:\/\/pcmastersbogota.com.co\/es_es\/tienda\/\"},{\"@type\":\"ListItem\",\"position\":3,\"name\":\"MSI CORELIQUIDO A17 EDICI\u00d3N MLG\"}]},{\"@type\":\"WebSite\",\"@id\":\"https:\/\/pcmastersbogota.com.co\/es_es\/#website\",\"url\":\"https:\/\/pcmastersbogota.com.co\/es_es\/\",\"name\":\"PC MASTERS BOGOTA\",\"description\":\"\",\"potentialAction\":[{\"@type\":\"SearchAction\",\"target\":{\"@type\":\"EntryPoint\",\"urlTemplate\":\"https:\/\/pcmastersbogota.com.co\/es_es\/?s={search_term_string}\"},\"query-input\":{\"@type\":\"PropertyValueSpecification\",\"valueRequired\":true,\"valueName\":\"search_term_string\"}}],\"inLanguage\":\"es\"}]}<\/script>\n<!-- \/ Yoast SEO plugin. -->","yoast_head_json":{"title":"MSI CORELIQUIDO A17 EDICI\u00d3N MLG - PC MASTERS BOGOTA","robots":{"index":"index","follow":"follow","max-snippet":"max-snippet:-1","max-image-preview":"max-image-preview:large","max-video-preview":"max-video-preview:-1"},"canonical":"https:\/\/pcmastersbogota.com.co\/es_es\/producto\/msi-coreliquido-a17-edicion-mlg\/","og_locale":"es_ES","og_type":"article","og_title":"MSI CORELIQUIDO A17 EDICI\u00d3N MLG - PC MASTERS BOGOTA","og_description":"Paquete con figura exclusiva de MLG.  Dise\u00f1o CycloBlade: enfoca el flujo de aire y reduce el ruido.  ARGB GEN2: Personaliza los efectos de iluminaci\u00f3n perfectos para ti a trav\u00e9s de MSI CENTER.  Tuber\u00eda EPDM: duradera y eficaz para prevenir la evaporaci\u00f3n del refrigerante.  Ventiladores preinstalados: ahorra tiempo de instalaci\u00f3n a los jugadores y mejora la experiencia de montaje.  Refrigeraci\u00f3n mejorada para un rendimiento estable de la IA: orientaci\u00f3n precisa de la fuente de calor para un rendimiento estable de la CPU  F\u00e1cil instalaci\u00f3n: Soporte UNI preinstalado (1700\/1851\/AM4\/AM5)","og_url":"https:\/\/pcmastersbogota.com.co\/es_es\/producto\/msi-coreliquido-a17-edicion-mlg\/","og_site_name":"PC MASTERS BOGOTA","article_modified_time":"2026-02-13T06:34:22+00:00","og_image":[{"width":1024,"height":819,"url":"https:\/\/pcmastersbogota.com.co\/wp-content\/uploads\/2025\/12\/1024-4.png","type":"image\/png"}],"twitter_card":"summary_large_image","twitter_misc":{"Tiempo de lectura":"3 minutos"},"schema":{"@context":"https:\/\/schema.org","@graph":[{"@type":"WebPage","@id":"https:\/\/pcmastersbogota.com.co\/producto\/msi-coreliquido-a17-edicion-mlg\/","url":"https:\/\/pcmastersbogota.com.co\/producto\/msi-coreliquido-a17-edicion-mlg\/","name":"MSI CORELIQUIDO A17 EDICI\u00d3N MLG - PC MASTERS BOGOTA","isPartOf":{"@id":"https:\/\/pcmastersbogota.com.co\/es_es\/#website"},"primaryImageOfPage":{"@id":"https:\/\/pcmastersbogota.com.co\/producto\/msi-coreliquido-a17-edicion-mlg\/#primaryimage"},"image":{"@id":"https:\/\/pcmastersbogota.com.co\/producto\/msi-coreliquido-a17-edicion-mlg\/#primaryimage"},"thumbnailUrl":"https:\/\/pcmastersbogota.com.co\/wp-content\/uploads\/2025\/12\/1024-4.png","datePublished":"2025-12-13T15:24:45+00:00","dateModified":"2026-02-13T06:34:22+00:00","breadcrumb":{"@id":"https:\/\/pcmastersbogota.com.co\/producto\/msi-coreliquido-a17-edicion-mlg\/#breadcrumb"},"inLanguage":"es","potentialAction":[{"@type":"ReadAction","target":["https:\/\/pcmastersbogota.com.co\/producto\/msi-coreliquido-a17-edicion-mlg\/"]}]},{"@type":"ImageObject","inLanguage":"es","@id":"https:\/\/pcmastersbogota.com.co\/producto\/msi-coreliquido-a17-edicion-mlg\/#primaryimage","url":"https:\/\/pcmastersbogota.com.co\/wp-content\/uploads\/2025\/12\/1024-4.png","contentUrl":"https:\/\/pcmastersbogota.com.co\/wp-content\/uploads\/2025\/12\/1024-4.png","width":1024,"height":819},{"@type":"BreadcrumbList","@id":"https:\/\/pcmastersbogota.com.co\/producto\/msi-coreliquido-a17-edicion-mlg\/#breadcrumb","itemListElement":[{"@type":"ListItem","position":1,"name":"Home","item":"https:\/\/pcmastersbogota.com.co\/"},{"@type":"ListItem","position":2,"name":"Tienda","item":"https:\/\/pcmastersbogota.com.co\/es_es\/tienda\/"},{"@type":"ListItem","position":3,"name":"MSI CORELIQUIDO A17 EDICI\u00d3N MLG"}]},{"@type":"WebSite","@id":"https:\/\/pcmastersbogota.com.co\/es_es\/#website","url":"https:\/\/pcmastersbogota.com.co\/es_es\/","name":"PC MASTERS BOGOTA","description":"","potentialAction":[{"@type":"SearchAction","target":{"@type":"EntryPoint","urlTemplate":"https:\/\/pcmastersbogota.com.co\/es_es\/?s={search_term_string}"},"query-input":{"@type":"PropertyValueSpecification","valueRequired":true,"valueName":"search_term_string"}}],"inLanguage":"es"}]}},"brands":[{"id":214,"name":"MSI","slug":"msi"}],"_links":{"self":[{"href":"https:\/\/pcmastersbogota.com.co\/es_es\/wp-json\/wp\/v2\/product\/30486","targetHints":{"allow":["GET"]}}],"collection":[{"href":"https:\/\/pcmastersbogota.com.co\/es_es\/wp-json\/wp\/v2\/product"}],"about":[{"href":"https:\/\/pcmastersbogota.com.co\/es_es\/wp-json\/wp\/v2\/types\/product"}],"replies":[{"embeddable":true,"href":"https:\/\/pcmastersbogota.com.co\/es_es\/wp-json\/wp\/v2\/comments?post=30486"}],"version-history":[{"count":2,"href":"https:\/\/pcmastersbogota.com.co\/es_es\/wp-json\/wp\/v2\/product\/30486\/revisions"}],"predecessor-version":[{"id":30517,"href":"https:\/\/pcmastersbogota.com.co\/es_es\/wp-json\/wp\/v2\/product\/30486\/revisions\/30517"}],"wp:featuredmedia":[{"embeddable":true,"href":"https:\/\/pcmastersbogota.com.co\/es_es\/wp-json\/wp\/v2\/media\/30498"}],"wp:attachment":[{"href":"https:\/\/pcmastersbogota.com.co\/es_es\/wp-json\/wp\/v2\/media?parent=30486"}],"wp:term":[{"taxonomy":"pwb-brand","embeddable":true,"href":"https:\/\/pcmastersbogota.com.co\/es_es\/wp-json\/wp\/v2\/pwb-brand?post=30486"},{"taxonomy":"product_brand","embeddable":true,"href":"https:\/\/pcmastersbogota.com.co\/es_es\/wp-json\/wp\/v2\/product_brand?post=30486"},{"taxonomy":"product_cat","embeddable":true,"href":"https:\/\/pcmastersbogota.com.co\/es_es\/wp-json\/wp\/v2\/product_cat?post=30486"},{"taxonomy":"product_tag","embeddable":true,"href":"https:\/\/pcmastersbogota.com.co\/es_es\/wp-json\/wp\/v2\/product_tag?post=30486"}],"curies":[{"name":"wp","href":"https:\/\/api.w.org\/{rel}","templated":true}]}}