{"id":31314,"date":"2026-02-04T01:18:50","date_gmt":"2026-02-04T06:18:50","guid":{"rendered":"https:\/\/pcmastersbogota.com.co\/?post_type=product&#038;p=31314"},"modified":"2026-04-13T19:10:16","modified_gmt":"2026-04-14T00:10:16","slug":"asus-dual-rtx-5060-de-8gb","status":"publish","type":"product","link":"https:\/\/pcmastersbogota.com.co\/es_es\/producto\/asus-dual-rtx-5060-de-8gb\/","title":{"rendered":"ASUS DUAL RTX 5060 8GB"},"content":{"rendered":"<p style=\"text-align: center;\"><a href=\"https:\/\/pcmastersbogota.com.co\/wp-content\/uploads\/2026\/02\/imagen_2026-02-04_010545508.png\"><img fetchpriority=\"high\" decoding=\"async\" class=\"alignnone size-full wp-image-31315\" src=\"https:\/\/pcmastersbogota.com.co\/wp-content\/uploads\/2026\/02\/imagen_2026-02-04_010545508.png\" alt=\"\" width=\"1927\" height=\"1092\" srcset=\"https:\/\/pcmastersbogota.com.co\/wp-content\/uploads\/2026\/02\/imagen_2026-02-04_010545508.png 1927w, https:\/\/pcmastersbogota.com.co\/wp-content\/uploads\/2026\/02\/imagen_2026-02-04_010545508-300x170.png 300w, https:\/\/pcmastersbogota.com.co\/wp-content\/uploads\/2026\/02\/imagen_2026-02-04_010545508-1024x580.png 1024w, https:\/\/pcmastersbogota.com.co\/wp-content\/uploads\/2026\/02\/imagen_2026-02-04_010545508-768x435.png 768w, https:\/\/pcmastersbogota.com.co\/wp-content\/uploads\/2026\/02\/imagen_2026-02-04_010545508-1536x870.png 1536w, https:\/\/pcmastersbogota.com.co\/wp-content\/uploads\/2026\/02\/imagen_2026-02-04_010545508-18x10.png 18w, https:\/\/pcmastersbogota.com.co\/wp-content\/uploads\/2026\/02\/imagen_2026-02-04_010545508-1200x680.png 1200w, https:\/\/pcmastersbogota.com.co\/wp-content\/uploads\/2026\/02\/imagen_2026-02-04_010545508-150x85.png 150w\" sizes=\"(max-width: 1927px) 100vw, 1927px\" \/><\/a><\/p>\n<h2 class=\"reveal-bottom-delay2\" style=\"text-align: center;\" data-sr-id=\"23\"><span class=\"txt-flat\">DUAL GEFORCE RTX\u2122 5060<\/span><\/h2>\n<h3 class=\"h1 hd-uppercase reveal-bottom-delay1\" style=\"text-align: center;\" data-sr-id=\"14\"><span class=\"txt-flat\"><span class=\"color-gradient\">Doble Ventilador,\u00a0<span class=\"nobr\">Ajuste Perfecto<\/span><\/span><\/span><\/h3>\n<p class=\"reveal-bottom-delay2\" style=\"text-align: center;\" data-sr-id=\"24\">ASUS Dual GeForce RTX\u2122 5060 combina un potente rendimiento t\u00e9rmico con amplia compatibilidad. Soluciones de enfriamiento avanzadas de tarjetas gr\u00e1ficas de gama alta, incluyendo dos ventiladores Axial-tech para optimizar el flujo de aire hacia el disipador. Dise\u00f1ada en un formato compacto de 2.5 ranuras, entregando m\u00e1s potencia en menos espacio. Estas mejoras hacen de ASUS Dual la elecci\u00f3n perfecta para gamers que desean un rendimiento gr\u00e1fico potente en un equipo compacto.<br \/>\n<a href=\"https:\/\/pcmastersbogota.com.co\/wp-content\/uploads\/2026\/02\/imagen_2026-02-04_010656796.png\"><img decoding=\"async\" class=\"alignnone size-full wp-image-31316\" src=\"https:\/\/pcmastersbogota.com.co\/wp-content\/uploads\/2026\/02\/imagen_2026-02-04_010656796.png\" alt=\"\" width=\"1111\" height=\"975\" srcset=\"https:\/\/pcmastersbogota.com.co\/wp-content\/uploads\/2026\/02\/imagen_2026-02-04_010656796.png 1111w, https:\/\/pcmastersbogota.com.co\/wp-content\/uploads\/2026\/02\/imagen_2026-02-04_010656796-300x263.png 300w, https:\/\/pcmastersbogota.com.co\/wp-content\/uploads\/2026\/02\/imagen_2026-02-04_010656796-1024x899.png 1024w, https:\/\/pcmastersbogota.com.co\/wp-content\/uploads\/2026\/02\/imagen_2026-02-04_010656796-768x674.png 768w, https:\/\/pcmastersbogota.com.co\/wp-content\/uploads\/2026\/02\/imagen_2026-02-04_010656796-14x12.png 14w, https:\/\/pcmastersbogota.com.co\/wp-content\/uploads\/2026\/02\/imagen_2026-02-04_010656796-150x132.png 150w\" sizes=\"(max-width: 1111px) 100vw, 1111px\" \/><\/a> <a href=\"https:\/\/pcmastersbogota.com.co\/wp-content\/uploads\/2026\/02\/imagen_2026-02-04_010812959.png\"><img decoding=\"async\" class=\"alignnone size-full wp-image-31317\" src=\"https:\/\/pcmastersbogota.com.co\/wp-content\/uploads\/2026\/02\/imagen_2026-02-04_010812959.png\" alt=\"\" width=\"1262\" height=\"1244\" srcset=\"https:\/\/pcmastersbogota.com.co\/wp-content\/uploads\/2026\/02\/imagen_2026-02-04_010812959.png 1262w, https:\/\/pcmastersbogota.com.co\/wp-content\/uploads\/2026\/02\/imagen_2026-02-04_010812959-300x296.png 300w, https:\/\/pcmastersbogota.com.co\/wp-content\/uploads\/2026\/02\/imagen_2026-02-04_010812959-1024x1009.png 1024w, https:\/\/pcmastersbogota.com.co\/wp-content\/uploads\/2026\/02\/imagen_2026-02-04_010812959-768x757.png 768w, https:\/\/pcmastersbogota.com.co\/wp-content\/uploads\/2026\/02\/imagen_2026-02-04_010812959-12x12.png 12w, https:\/\/pcmastersbogota.com.co\/wp-content\/uploads\/2026\/02\/imagen_2026-02-04_010812959-1200x1183.png 1200w, https:\/\/pcmastersbogota.com.co\/wp-content\/uploads\/2026\/02\/imagen_2026-02-04_010812959-150x148.png 150w\" sizes=\"(max-width: 1262px) 100vw, 1262px\" \/><\/a> <a href=\"https:\/\/pcmastersbogota.com.co\/wp-content\/uploads\/2026\/02\/imagen_2026-02-04_010833623.png\"><img loading=\"lazy\" decoding=\"async\" class=\"alignnone size-full wp-image-31318\" src=\"https:\/\/pcmastersbogota.com.co\/wp-content\/uploads\/2026\/02\/imagen_2026-02-04_010833623.png\" alt=\"\" width=\"1534\" height=\"913\" srcset=\"https:\/\/pcmastersbogota.com.co\/wp-content\/uploads\/2026\/02\/imagen_2026-02-04_010833623.png 1534w, https:\/\/pcmastersbogota.com.co\/wp-content\/uploads\/2026\/02\/imagen_2026-02-04_010833623-300x179.png 300w, https:\/\/pcmastersbogota.com.co\/wp-content\/uploads\/2026\/02\/imagen_2026-02-04_010833623-1024x609.png 1024w, https:\/\/pcmastersbogota.com.co\/wp-content\/uploads\/2026\/02\/imagen_2026-02-04_010833623-768x457.png 768w, https:\/\/pcmastersbogota.com.co\/wp-content\/uploads\/2026\/02\/imagen_2026-02-04_010833623-18x12.png 18w, https:\/\/pcmastersbogota.com.co\/wp-content\/uploads\/2026\/02\/imagen_2026-02-04_010833623-1200x714.png 1200w, https:\/\/pcmastersbogota.com.co\/wp-content\/uploads\/2026\/02\/imagen_2026-02-04_010833623-150x89.png 150w\" sizes=\"(max-width: 1534px) 100vw, 1534px\" \/><\/a> <a href=\"https:\/\/pcmastersbogota.com.co\/wp-content\/uploads\/2026\/02\/imagen_2026-02-04_010850082.png\"><img loading=\"lazy\" decoding=\"async\" class=\"alignnone size-full wp-image-31319\" src=\"https:\/\/pcmastersbogota.com.co\/wp-content\/uploads\/2026\/02\/imagen_2026-02-04_010850082.png\" alt=\"\" width=\"1083\" height=\"781\" srcset=\"https:\/\/pcmastersbogota.com.co\/wp-content\/uploads\/2026\/02\/imagen_2026-02-04_010850082.png 1083w, https:\/\/pcmastersbogota.com.co\/wp-content\/uploads\/2026\/02\/imagen_2026-02-04_010850082-300x216.png 300w, https:\/\/pcmastersbogota.com.co\/wp-content\/uploads\/2026\/02\/imagen_2026-02-04_010850082-1024x738.png 1024w, https:\/\/pcmastersbogota.com.co\/wp-content\/uploads\/2026\/02\/imagen_2026-02-04_010850082-768x554.png 768w, https:\/\/pcmastersbogota.com.co\/wp-content\/uploads\/2026\/02\/imagen_2026-02-04_010850082-18x12.png 18w, https:\/\/pcmastersbogota.com.co\/wp-content\/uploads\/2026\/02\/imagen_2026-02-04_010850082-150x108.png 150w\" sizes=\"(max-width: 1083px) 100vw, 1083px\" \/><\/a> <a href=\"https:\/\/pcmastersbogota.com.co\/wp-content\/uploads\/2026\/02\/imagen_2026-02-04_010919647.png\"><img loading=\"lazy\" decoding=\"async\" class=\"alignnone size-full wp-image-31320\" src=\"https:\/\/pcmastersbogota.com.co\/wp-content\/uploads\/2026\/02\/imagen_2026-02-04_010919647.png\" alt=\"\" width=\"2156\" height=\"762\" srcset=\"https:\/\/pcmastersbogota.com.co\/wp-content\/uploads\/2026\/02\/imagen_2026-02-04_010919647.png 2156w, https:\/\/pcmastersbogota.com.co\/wp-content\/uploads\/2026\/02\/imagen_2026-02-04_010919647-300x106.png 300w, https:\/\/pcmastersbogota.com.co\/wp-content\/uploads\/2026\/02\/imagen_2026-02-04_010919647-1024x362.png 1024w, https:\/\/pcmastersbogota.com.co\/wp-content\/uploads\/2026\/02\/imagen_2026-02-04_010919647-768x271.png 768w, https:\/\/pcmastersbogota.com.co\/wp-content\/uploads\/2026\/02\/imagen_2026-02-04_010919647-1536x543.png 1536w, https:\/\/pcmastersbogota.com.co\/wp-content\/uploads\/2026\/02\/imagen_2026-02-04_010919647-2048x724.png 2048w, https:\/\/pcmastersbogota.com.co\/wp-content\/uploads\/2026\/02\/imagen_2026-02-04_010919647-18x6.png 18w, https:\/\/pcmastersbogota.com.co\/wp-content\/uploads\/2026\/02\/imagen_2026-02-04_010919647-1200x424.png 1200w, https:\/\/pcmastersbogota.com.co\/wp-content\/uploads\/2026\/02\/imagen_2026-02-04_010919647-150x53.png 150w\" sizes=\"(max-width: 2156px) 100vw, 2156px\" \/><\/a> <a href=\"https:\/\/pcmastersbogota.com.co\/wp-content\/uploads\/2026\/02\/imagen_2026-02-04_010938472.png\"><img loading=\"lazy\" decoding=\"async\" class=\"alignnone size-full wp-image-31321\" src=\"https:\/\/pcmastersbogota.com.co\/wp-content\/uploads\/2026\/02\/imagen_2026-02-04_010938472.png\" alt=\"\" width=\"1420\" height=\"745\" srcset=\"https:\/\/pcmastersbogota.com.co\/wp-content\/uploads\/2026\/02\/imagen_2026-02-04_010938472.png 1420w, https:\/\/pcmastersbogota.com.co\/wp-content\/uploads\/2026\/02\/imagen_2026-02-04_010938472-300x157.png 300w, https:\/\/pcmastersbogota.com.co\/wp-content\/uploads\/2026\/02\/imagen_2026-02-04_010938472-1024x537.png 1024w, https:\/\/pcmastersbogota.com.co\/wp-content\/uploads\/2026\/02\/imagen_2026-02-04_010938472-768x403.png 768w, https:\/\/pcmastersbogota.com.co\/wp-content\/uploads\/2026\/02\/imagen_2026-02-04_010938472-18x9.png 18w, https:\/\/pcmastersbogota.com.co\/wp-content\/uploads\/2026\/02\/imagen_2026-02-04_010938472-1200x630.png 1200w, https:\/\/pcmastersbogota.com.co\/wp-content\/uploads\/2026\/02\/imagen_2026-02-04_010938472-150x79.png 150w\" sizes=\"(max-width: 1420px) 100vw, 1420px\" \/><\/a> <a href=\"https:\/\/pcmastersbogota.com.co\/wp-content\/uploads\/2026\/02\/imagen_2026-02-04_010951355.png\"><img loading=\"lazy\" decoding=\"async\" class=\"alignnone size-full wp-image-31322\" src=\"https:\/\/pcmastersbogota.com.co\/wp-content\/uploads\/2026\/02\/imagen_2026-02-04_010951355.png\" alt=\"\" width=\"1610\" height=\"833\" srcset=\"https:\/\/pcmastersbogota.com.co\/wp-content\/uploads\/2026\/02\/imagen_2026-02-04_010951355.png 1610w, https:\/\/pcmastersbogota.com.co\/wp-content\/uploads\/2026\/02\/imagen_2026-02-04_010951355-300x155.png 300w, https:\/\/pcmastersbogota.com.co\/wp-content\/uploads\/2026\/02\/imagen_2026-02-04_010951355-1024x530.png 1024w, https:\/\/pcmastersbogota.com.co\/wp-content\/uploads\/2026\/02\/imagen_2026-02-04_010951355-768x397.png 768w, https:\/\/pcmastersbogota.com.co\/wp-content\/uploads\/2026\/02\/imagen_2026-02-04_010951355-1536x795.png 1536w, https:\/\/pcmastersbogota.com.co\/wp-content\/uploads\/2026\/02\/imagen_2026-02-04_010951355-18x9.png 18w, https:\/\/pcmastersbogota.com.co\/wp-content\/uploads\/2026\/02\/imagen_2026-02-04_010951355-1200x621.png 1200w, https:\/\/pcmastersbogota.com.co\/wp-content\/uploads\/2026\/02\/imagen_2026-02-04_010951355-150x78.png 150w\" sizes=\"(max-width: 1610px) 100vw, 1610px\" \/><\/a> <a href=\"https:\/\/pcmastersbogota.com.co\/wp-content\/uploads\/2026\/02\/imagen_2026-02-04_011012486.png\"><img loading=\"lazy\" decoding=\"async\" class=\"alignnone size-full wp-image-31323\" src=\"https:\/\/pcmastersbogota.com.co\/wp-content\/uploads\/2026\/02\/imagen_2026-02-04_011012486.png\" alt=\"\" width=\"1593\" height=\"622\" srcset=\"https:\/\/pcmastersbogota.com.co\/wp-content\/uploads\/2026\/02\/imagen_2026-02-04_011012486.png 1593w, https:\/\/pcmastersbogota.com.co\/wp-content\/uploads\/2026\/02\/imagen_2026-02-04_011012486-300x117.png 300w, https:\/\/pcmastersbogota.com.co\/wp-content\/uploads\/2026\/02\/imagen_2026-02-04_011012486-1024x400.png 1024w, https:\/\/pcmastersbogota.com.co\/wp-content\/uploads\/2026\/02\/imagen_2026-02-04_011012486-768x300.png 768w, https:\/\/pcmastersbogota.com.co\/wp-content\/uploads\/2026\/02\/imagen_2026-02-04_011012486-1536x600.png 1536w, https:\/\/pcmastersbogota.com.co\/wp-content\/uploads\/2026\/02\/imagen_2026-02-04_011012486-18x7.png 18w, https:\/\/pcmastersbogota.com.co\/wp-content\/uploads\/2026\/02\/imagen_2026-02-04_011012486-1200x469.png 1200w, https:\/\/pcmastersbogota.com.co\/wp-content\/uploads\/2026\/02\/imagen_2026-02-04_011012486-150x59.png 150w\" sizes=\"(max-width: 1593px) 100vw, 1593px\" \/><\/a> <a href=\"https:\/\/pcmastersbogota.com.co\/wp-content\/uploads\/2026\/02\/imagen_2026-02-04_011048392.png\"><img loading=\"lazy\" decoding=\"async\" class=\"alignnone size-full wp-image-31324\" src=\"https:\/\/pcmastersbogota.com.co\/wp-content\/uploads\/2026\/02\/imagen_2026-02-04_011048392.png\" alt=\"\" width=\"1430\" height=\"1128\" srcset=\"https:\/\/pcmastersbogota.com.co\/wp-content\/uploads\/2026\/02\/imagen_2026-02-04_011048392.png 1430w, https:\/\/pcmastersbogota.com.co\/wp-content\/uploads\/2026\/02\/imagen_2026-02-04_011048392-300x237.png 300w, https:\/\/pcmastersbogota.com.co\/wp-content\/uploads\/2026\/02\/imagen_2026-02-04_011048392-1024x808.png 1024w, https:\/\/pcmastersbogota.com.co\/wp-content\/uploads\/2026\/02\/imagen_2026-02-04_011048392-768x606.png 768w, https:\/\/pcmastersbogota.com.co\/wp-content\/uploads\/2026\/02\/imagen_2026-02-04_011048392-15x12.png 15w, https:\/\/pcmastersbogota.com.co\/wp-content\/uploads\/2026\/02\/imagen_2026-02-04_011048392-1200x947.png 1200w, https:\/\/pcmastersbogota.com.co\/wp-content\/uploads\/2026\/02\/imagen_2026-02-04_011048392-150x118.png 150w\" sizes=\"(max-width: 1430px) 100vw, 1430px\" \/><\/a> <a href=\"https:\/\/pcmastersbogota.com.co\/wp-content\/uploads\/2026\/02\/imagen_2026-02-04_011127917.png\"><img loading=\"lazy\" decoding=\"async\" class=\"alignnone size-full wp-image-31325\" src=\"https:\/\/pcmastersbogota.com.co\/wp-content\/uploads\/2026\/02\/imagen_2026-02-04_011127917.png\" alt=\"\" width=\"803\" height=\"1146\" srcset=\"https:\/\/pcmastersbogota.com.co\/wp-content\/uploads\/2026\/02\/imagen_2026-02-04_011127917.png 803w, https:\/\/pcmastersbogota.com.co\/wp-content\/uploads\/2026\/02\/imagen_2026-02-04_011127917-210x300.png 210w, https:\/\/pcmastersbogota.com.co\/wp-content\/uploads\/2026\/02\/imagen_2026-02-04_011127917-718x1024.png 718w, https:\/\/pcmastersbogota.com.co\/wp-content\/uploads\/2026\/02\/imagen_2026-02-04_011127917-768x1096.png 768w, https:\/\/pcmastersbogota.com.co\/wp-content\/uploads\/2026\/02\/imagen_2026-02-04_011127917-8x12.png 8w, https:\/\/pcmastersbogota.com.co\/wp-content\/uploads\/2026\/02\/imagen_2026-02-04_011127917-150x214.png 150w\" sizes=\"(max-width: 803px) 100vw, 803px\" \/><\/a><\/p>\n<p style=\"text-align: center;\">\n","protected":false},"excerpt":{"rendered":"<p>DUAL GEFORCE RTX\u2122 5060 Doble Ventilador,\u00a0Ajuste Perfecto ASUS Dual GeForce RTX\u2122 5060 combina un potente rendimiento t\u00e9rmico con amplia compatibilidad.<\/p>\n","protected":false},"featured_media":31327,"comment_status":"closed","ping_status":"closed","template":"","meta":[],"pwb-brand":[212],"product_brand":[],"product_cat":[73],"product_tag":[364,362,384],"class_list":{"0":"post-31314","1":"product","2":"type-product","3":"status-publish","4":"has-post-thumbnail","6":"pwb-brand-asus","7":"product_cat-tarjetas-graficas","8":"product_tag-asus","9":"product_tag-nvidia","10":"product_tag-rtx","12":"first","13":"instock","14":"taxable","15":"shipping-taxable","16":"purchasable","17":"product-type-simple"},"yoast_head":"<!-- This site is optimized with the Yoast SEO plugin v26.7 - https:\/\/yoast.com\/wordpress\/plugins\/seo\/ -->\n<title>ASUS DUAL RTX 5060 8GB - PC MASTERS BOGOTA<\/title>\n<meta name=\"robots\" content=\"index, follow, max-snippet:-1, max-image-preview:large, max-video-preview:-1\" \/>\n<link rel=\"canonical\" href=\"https:\/\/pcmastersbogota.com.co\/es_es\/producto\/asus-dual-rtx-5060-de-8gb\/\" \/>\n<meta property=\"og:locale\" content=\"es_ES\" \/>\n<meta property=\"og:type\" content=\"article\" \/>\n<meta property=\"og:title\" content=\"ASUS DUAL RTX 5060 8GB - PC MASTERS BOGOTA\" \/>\n<meta property=\"og:description\" content=\"DUAL GEFORCE RTX\u2122 5060 Doble Ventilador,\u00a0Ajuste Perfecto ASUS Dual GeForce RTX\u2122 5060 combina un potente rendimiento t\u00e9rmico con amplia compatibilidad.\" \/>\n<meta property=\"og:url\" content=\"https:\/\/pcmastersbogota.com.co\/es_es\/producto\/asus-dual-rtx-5060-de-8gb\/\" \/>\n<meta property=\"og:site_name\" content=\"PC MASTERS BOGOTA\" \/>\n<meta property=\"article:modified_time\" content=\"2026-04-14T00:10:16+00:00\" \/>\n<meta property=\"og:image\" content=\"https:\/\/pcmastersbogota.com.co\/wp-content\/uploads\/2026\/02\/fwebp-8.webp\" \/>\n\t<meta property=\"og:image:width\" content=\"2400\" \/>\n\t<meta property=\"og:image:height\" content=\"2400\" \/>\n\t<meta property=\"og:image:type\" content=\"image\/webp\" \/>\n<meta name=\"twitter:card\" content=\"summary_large_image\" \/>\n<meta name=\"twitter:label1\" content=\"Tiempo de lectura\" \/>\n\t<meta name=\"twitter:data1\" content=\"3 minutos\" \/>\n<script type=\"application\/ld+json\" class=\"yoast-schema-graph\">{\"@context\":\"https:\/\/schema.org\",\"@graph\":[{\"@type\":\"WebPage\",\"@id\":\"https:\/\/pcmastersbogota.com.co\/producto\/asus-dual-rtx-5060-de-8gb\/\",\"url\":\"https:\/\/pcmastersbogota.com.co\/producto\/asus-dual-rtx-5060-de-8gb\/\",\"name\":\"ASUS DUAL RTX 5060 8GB - PC MASTERS BOGOTA\",\"isPartOf\":{\"@id\":\"https:\/\/pcmastersbogota.com.co\/es_es\/#website\"},\"primaryImageOfPage\":{\"@id\":\"https:\/\/pcmastersbogota.com.co\/producto\/asus-dual-rtx-5060-de-8gb\/#primaryimage\"},\"image\":{\"@id\":\"https:\/\/pcmastersbogota.com.co\/producto\/asus-dual-rtx-5060-de-8gb\/#primaryimage\"},\"thumbnailUrl\":\"https:\/\/pcmastersbogota.com.co\/wp-content\/uploads\/2026\/02\/fwebp-8.webp\",\"datePublished\":\"2026-02-04T06:18:50+00:00\",\"dateModified\":\"2026-04-14T00:10:16+00:00\",\"breadcrumb\":{\"@id\":\"https:\/\/pcmastersbogota.com.co\/producto\/asus-dual-rtx-5060-de-8gb\/#breadcrumb\"},\"inLanguage\":\"es\",\"potentialAction\":[{\"@type\":\"ReadAction\",\"target\":[\"https:\/\/pcmastersbogota.com.co\/producto\/asus-dual-rtx-5060-de-8gb\/\"]}]},{\"@type\":\"ImageObject\",\"inLanguage\":\"es\",\"@id\":\"https:\/\/pcmastersbogota.com.co\/producto\/asus-dual-rtx-5060-de-8gb\/#primaryimage\",\"url\":\"https:\/\/pcmastersbogota.com.co\/wp-content\/uploads\/2026\/02\/fwebp-8.webp\",\"contentUrl\":\"https:\/\/pcmastersbogota.com.co\/wp-content\/uploads\/2026\/02\/fwebp-8.webp\",\"width\":2400,\"height\":2400},{\"@type\":\"BreadcrumbList\",\"@id\":\"https:\/\/pcmastersbogota.com.co\/producto\/asus-dual-rtx-5060-de-8gb\/#breadcrumb\",\"itemListElement\":[{\"@type\":\"ListItem\",\"position\":1,\"name\":\"Home\",\"item\":\"https:\/\/pcmastersbogota.com.co\/\"},{\"@type\":\"ListItem\",\"position\":2,\"name\":\"Tienda\",\"item\":\"https:\/\/pcmastersbogota.com.co\/es_es\/tienda\/\"},{\"@type\":\"ListItem\",\"position\":3,\"name\":\"ASUS DUAL RTX 5060 8GB\"}]},{\"@type\":\"WebSite\",\"@id\":\"https:\/\/pcmastersbogota.com.co\/es_es\/#website\",\"url\":\"https:\/\/pcmastersbogota.com.co\/es_es\/\",\"name\":\"PC MASTERS BOGOTA\",\"description\":\"\",\"potentialAction\":[{\"@type\":\"SearchAction\",\"target\":{\"@type\":\"EntryPoint\",\"urlTemplate\":\"https:\/\/pcmastersbogota.com.co\/es_es\/?s={search_term_string}\"},\"query-input\":{\"@type\":\"PropertyValueSpecification\",\"valueRequired\":true,\"valueName\":\"search_term_string\"}}],\"inLanguage\":\"es\"}]}<\/script>\n<!-- \/ Yoast SEO plugin. -->","yoast_head_json":{"title":"ASUS DUAL RTX 5060 8GB - PC MASTERS BOGOTA","robots":{"index":"index","follow":"follow","max-snippet":"max-snippet:-1","max-image-preview":"max-image-preview:large","max-video-preview":"max-video-preview:-1"},"canonical":"https:\/\/pcmastersbogota.com.co\/es_es\/producto\/asus-dual-rtx-5060-de-8gb\/","og_locale":"es_ES","og_type":"article","og_title":"ASUS DUAL RTX 5060 8GB - PC MASTERS BOGOTA","og_description":"DUAL GEFORCE RTX\u2122 5060 Doble Ventilador,\u00a0Ajuste Perfecto ASUS Dual GeForce RTX\u2122 5060 combina un potente rendimiento t\u00e9rmico con amplia compatibilidad.","og_url":"https:\/\/pcmastersbogota.com.co\/es_es\/producto\/asus-dual-rtx-5060-de-8gb\/","og_site_name":"PC MASTERS BOGOTA","article_modified_time":"2026-04-14T00:10:16+00:00","og_image":[{"width":2400,"height":2400,"url":"https:\/\/pcmastersbogota.com.co\/wp-content\/uploads\/2026\/02\/fwebp-8.webp","type":"image\/webp"}],"twitter_card":"summary_large_image","twitter_misc":{"Tiempo de lectura":"3 minutos"},"schema":{"@context":"https:\/\/schema.org","@graph":[{"@type":"WebPage","@id":"https:\/\/pcmastersbogota.com.co\/producto\/asus-dual-rtx-5060-de-8gb\/","url":"https:\/\/pcmastersbogota.com.co\/producto\/asus-dual-rtx-5060-de-8gb\/","name":"ASUS DUAL RTX 5060 8GB - PC MASTERS BOGOTA","isPartOf":{"@id":"https:\/\/pcmastersbogota.com.co\/es_es\/#website"},"primaryImageOfPage":{"@id":"https:\/\/pcmastersbogota.com.co\/producto\/asus-dual-rtx-5060-de-8gb\/#primaryimage"},"image":{"@id":"https:\/\/pcmastersbogota.com.co\/producto\/asus-dual-rtx-5060-de-8gb\/#primaryimage"},"thumbnailUrl":"https:\/\/pcmastersbogota.com.co\/wp-content\/uploads\/2026\/02\/fwebp-8.webp","datePublished":"2026-02-04T06:18:50+00:00","dateModified":"2026-04-14T00:10:16+00:00","breadcrumb":{"@id":"https:\/\/pcmastersbogota.com.co\/producto\/asus-dual-rtx-5060-de-8gb\/#breadcrumb"},"inLanguage":"es","potentialAction":[{"@type":"ReadAction","target":["https:\/\/pcmastersbogota.com.co\/producto\/asus-dual-rtx-5060-de-8gb\/"]}]},{"@type":"ImageObject","inLanguage":"es","@id":"https:\/\/pcmastersbogota.com.co\/producto\/asus-dual-rtx-5060-de-8gb\/#primaryimage","url":"https:\/\/pcmastersbogota.com.co\/wp-content\/uploads\/2026\/02\/fwebp-8.webp","contentUrl":"https:\/\/pcmastersbogota.com.co\/wp-content\/uploads\/2026\/02\/fwebp-8.webp","width":2400,"height":2400},{"@type":"BreadcrumbList","@id":"https:\/\/pcmastersbogota.com.co\/producto\/asus-dual-rtx-5060-de-8gb\/#breadcrumb","itemListElement":[{"@type":"ListItem","position":1,"name":"Home","item":"https:\/\/pcmastersbogota.com.co\/"},{"@type":"ListItem","position":2,"name":"Tienda","item":"https:\/\/pcmastersbogota.com.co\/es_es\/tienda\/"},{"@type":"ListItem","position":3,"name":"ASUS DUAL RTX 5060 8GB"}]},{"@type":"WebSite","@id":"https:\/\/pcmastersbogota.com.co\/es_es\/#website","url":"https:\/\/pcmastersbogota.com.co\/es_es\/","name":"PC MASTERS BOGOTA","description":"","potentialAction":[{"@type":"SearchAction","target":{"@type":"EntryPoint","urlTemplate":"https:\/\/pcmastersbogota.com.co\/es_es\/?s={search_term_string}"},"query-input":{"@type":"PropertyValueSpecification","valueRequired":true,"valueName":"search_term_string"}}],"inLanguage":"es"}]}},"brands":[{"id":212,"name":"ASUS","slug":"asus"}],"_links":{"self":[{"href":"https:\/\/pcmastersbogota.com.co\/es_es\/wp-json\/wp\/v2\/product\/31314","targetHints":{"allow":["GET"]}}],"collection":[{"href":"https:\/\/pcmastersbogota.com.co\/es_es\/wp-json\/wp\/v2\/product"}],"about":[{"href":"https:\/\/pcmastersbogota.com.co\/es_es\/wp-json\/wp\/v2\/types\/product"}],"replies":[{"embeddable":true,"href":"https:\/\/pcmastersbogota.com.co\/es_es\/wp-json\/wp\/v2\/comments?post=31314"}],"version-history":[{"count":2,"href":"https:\/\/pcmastersbogota.com.co\/es_es\/wp-json\/wp\/v2\/product\/31314\/revisions"}],"predecessor-version":[{"id":31428,"href":"https:\/\/pcmastersbogota.com.co\/es_es\/wp-json\/wp\/v2\/product\/31314\/revisions\/31428"}],"wp:featuredmedia":[{"embeddable":true,"href":"https:\/\/pcmastersbogota.com.co\/es_es\/wp-json\/wp\/v2\/media\/31327"}],"wp:attachment":[{"href":"https:\/\/pcmastersbogota.com.co\/es_es\/wp-json\/wp\/v2\/media?parent=31314"}],"wp:term":[{"taxonomy":"pwb-brand","embeddable":true,"href":"https:\/\/pcmastersbogota.com.co\/es_es\/wp-json\/wp\/v2\/pwb-brand?post=31314"},{"taxonomy":"product_brand","embeddable":true,"href":"https:\/\/pcmastersbogota.com.co\/es_es\/wp-json\/wp\/v2\/product_brand?post=31314"},{"taxonomy":"product_cat","embeddable":true,"href":"https:\/\/pcmastersbogota.com.co\/es_es\/wp-json\/wp\/v2\/product_cat?post=31314"},{"taxonomy":"product_tag","embeddable":true,"href":"https:\/\/pcmastersbogota.com.co\/es_es\/wp-json\/wp\/v2\/product_tag?post=31314"}],"curies":[{"name":"wp","href":"https:\/\/api.w.org\/{rel}","templated":true}]}}