{"id":31380,"date":"2026-02-05T12:22:17","date_gmt":"2026-02-05T17:22:17","guid":{"rendered":"https:\/\/pcmastersbogota.com.co\/?post_type=product&#038;p=31380"},"modified":"2026-02-05T12:22:49","modified_gmt":"2026-02-05T17:22:49","slug":"gigabyte-b650m-d3hp-ax","status":"publish","type":"product","link":"https:\/\/pcmastersbogota.com.co\/es_es\/producto\/gigabyte-b650m-d3hp-ax\/","title":{"rendered":"GIGABYTE B650M D3HP AX"},"content":{"rendered":"<p style=\"text-align: center;\"><a href=\"https:\/\/pcmastersbogota.com.co\/wp-content\/uploads\/2026\/02\/Screenshot-2026-02-05-115117_edited.png\"><img fetchpriority=\"high\" decoding=\"async\" class=\"alignnone size-full wp-image-31392\" src=\"https:\/\/pcmastersbogota.com.co\/wp-content\/uploads\/2026\/02\/Screenshot-2026-02-05-115117_edited.png\" alt=\"\" width=\"1349\" height=\"701\" srcset=\"https:\/\/pcmastersbogota.com.co\/wp-content\/uploads\/2026\/02\/Screenshot-2026-02-05-115117_edited.png 1349w, https:\/\/pcmastersbogota.com.co\/wp-content\/uploads\/2026\/02\/Screenshot-2026-02-05-115117_edited-300x156.png 300w, https:\/\/pcmastersbogota.com.co\/wp-content\/uploads\/2026\/02\/Screenshot-2026-02-05-115117_edited-1024x532.png 1024w, https:\/\/pcmastersbogota.com.co\/wp-content\/uploads\/2026\/02\/Screenshot-2026-02-05-115117_edited-768x399.png 768w, https:\/\/pcmastersbogota.com.co\/wp-content\/uploads\/2026\/02\/Screenshot-2026-02-05-115117_edited-18x9.png 18w, https:\/\/pcmastersbogota.com.co\/wp-content\/uploads\/2026\/02\/Screenshot-2026-02-05-115117_edited-1200x624.png 1200w, https:\/\/pcmastersbogota.com.co\/wp-content\/uploads\/2026\/02\/Screenshot-2026-02-05-115117_edited-150x78.png 150w\" sizes=\"(max-width: 1349px) 100vw, 1349px\" \/><\/a> <a href=\"https:\/\/pcmastersbogota.com.co\/wp-content\/uploads\/2026\/02\/Screenshot-2026-02-05-115241_edited.png\"><img decoding=\"async\" class=\"alignnone size-full wp-image-31389\" src=\"https:\/\/pcmastersbogota.com.co\/wp-content\/uploads\/2026\/02\/Screenshot-2026-02-05-115241_edited.png\" alt=\"\" width=\"1617\" height=\"969\" srcset=\"https:\/\/pcmastersbogota.com.co\/wp-content\/uploads\/2026\/02\/Screenshot-2026-02-05-115241_edited.png 1617w, https:\/\/pcmastersbogota.com.co\/wp-content\/uploads\/2026\/02\/Screenshot-2026-02-05-115241_edited-300x180.png 300w, https:\/\/pcmastersbogota.com.co\/wp-content\/uploads\/2026\/02\/Screenshot-2026-02-05-115241_edited-1024x614.png 1024w, https:\/\/pcmastersbogota.com.co\/wp-content\/uploads\/2026\/02\/Screenshot-2026-02-05-115241_edited-768x460.png 768w, https:\/\/pcmastersbogota.com.co\/wp-content\/uploads\/2026\/02\/Screenshot-2026-02-05-115241_edited-1536x920.png 1536w, https:\/\/pcmastersbogota.com.co\/wp-content\/uploads\/2026\/02\/Screenshot-2026-02-05-115241_edited-18x12.png 18w, https:\/\/pcmastersbogota.com.co\/wp-content\/uploads\/2026\/02\/Screenshot-2026-02-05-115241_edited-1200x719.png 1200w, https:\/\/pcmastersbogota.com.co\/wp-content\/uploads\/2026\/02\/Screenshot-2026-02-05-115241_edited-150x90.png 150w\" sizes=\"(max-width: 1617px) 100vw, 1617px\" \/><\/a> <a href=\"https:\/\/pcmastersbogota.com.co\/wp-content\/uploads\/2026\/02\/Screenshot-2026-02-05-115147_edited.png\"><img decoding=\"async\" class=\"alignnone size-full wp-image-31391\" src=\"https:\/\/pcmastersbogota.com.co\/wp-content\/uploads\/2026\/02\/Screenshot-2026-02-05-115147_edited.png\" alt=\"\" width=\"1689\" height=\"621\" srcset=\"https:\/\/pcmastersbogota.com.co\/wp-content\/uploads\/2026\/02\/Screenshot-2026-02-05-115147_edited.png 1689w, https:\/\/pcmastersbogota.com.co\/wp-content\/uploads\/2026\/02\/Screenshot-2026-02-05-115147_edited-300x110.png 300w, https:\/\/pcmastersbogota.com.co\/wp-content\/uploads\/2026\/02\/Screenshot-2026-02-05-115147_edited-1024x376.png 1024w, https:\/\/pcmastersbogota.com.co\/wp-content\/uploads\/2026\/02\/Screenshot-2026-02-05-115147_edited-768x282.png 768w, https:\/\/pcmastersbogota.com.co\/wp-content\/uploads\/2026\/02\/Screenshot-2026-02-05-115147_edited-1536x565.png 1536w, https:\/\/pcmastersbogota.com.co\/wp-content\/uploads\/2026\/02\/Screenshot-2026-02-05-115147_edited-18x7.png 18w, https:\/\/pcmastersbogota.com.co\/wp-content\/uploads\/2026\/02\/Screenshot-2026-02-05-115147_edited-1200x441.png 1200w, https:\/\/pcmastersbogota.com.co\/wp-content\/uploads\/2026\/02\/Screenshot-2026-02-05-115147_edited-150x55.png 150w\" sizes=\"(max-width: 1689px) 100vw, 1689px\" \/><\/a> <a href=\"https:\/\/pcmastersbogota.com.co\/wp-content\/uploads\/2026\/02\/Screenshot-2026-02-05-115225_edited.png\"><img loading=\"lazy\" decoding=\"async\" class=\"alignnone size-full wp-image-31390\" src=\"https:\/\/pcmastersbogota.com.co\/wp-content\/uploads\/2026\/02\/Screenshot-2026-02-05-115225_edited.png\" alt=\"\" width=\"1644\" height=\"960\" srcset=\"https:\/\/pcmastersbogota.com.co\/wp-content\/uploads\/2026\/02\/Screenshot-2026-02-05-115225_edited.png 1644w, https:\/\/pcmastersbogota.com.co\/wp-content\/uploads\/2026\/02\/Screenshot-2026-02-05-115225_edited-300x175.png 300w, https:\/\/pcmastersbogota.com.co\/wp-content\/uploads\/2026\/02\/Screenshot-2026-02-05-115225_edited-1024x598.png 1024w, https:\/\/pcmastersbogota.com.co\/wp-content\/uploads\/2026\/02\/Screenshot-2026-02-05-115225_edited-768x448.png 768w, https:\/\/pcmastersbogota.com.co\/wp-content\/uploads\/2026\/02\/Screenshot-2026-02-05-115225_edited-1536x897.png 1536w, https:\/\/pcmastersbogota.com.co\/wp-content\/uploads\/2026\/02\/Screenshot-2026-02-05-115225_edited-18x12.png 18w, https:\/\/pcmastersbogota.com.co\/wp-content\/uploads\/2026\/02\/Screenshot-2026-02-05-115225_edited-1200x701.png 1200w, https:\/\/pcmastersbogota.com.co\/wp-content\/uploads\/2026\/02\/Screenshot-2026-02-05-115225_edited-150x88.png 150w\" sizes=\"(max-width: 1644px) 100vw, 1644px\" \/><\/a> <a href=\"https:\/\/pcmastersbogota.com.co\/wp-content\/uploads\/2026\/02\/Screenshot-2026-02-05-115259_edited.png\"><img loading=\"lazy\" decoding=\"async\" class=\"alignnone size-full wp-image-31388\" src=\"https:\/\/pcmastersbogota.com.co\/wp-content\/uploads\/2026\/02\/Screenshot-2026-02-05-115259_edited.png\" alt=\"\" width=\"1634\" height=\"819\" srcset=\"https:\/\/pcmastersbogota.com.co\/wp-content\/uploads\/2026\/02\/Screenshot-2026-02-05-115259_edited.png 1634w, https:\/\/pcmastersbogota.com.co\/wp-content\/uploads\/2026\/02\/Screenshot-2026-02-05-115259_edited-300x150.png 300w, https:\/\/pcmastersbogota.com.co\/wp-content\/uploads\/2026\/02\/Screenshot-2026-02-05-115259_edited-1024x513.png 1024w, https:\/\/pcmastersbogota.com.co\/wp-content\/uploads\/2026\/02\/Screenshot-2026-02-05-115259_edited-768x385.png 768w, https:\/\/pcmastersbogota.com.co\/wp-content\/uploads\/2026\/02\/Screenshot-2026-02-05-115259_edited-1536x770.png 1536w, https:\/\/pcmastersbogota.com.co\/wp-content\/uploads\/2026\/02\/Screenshot-2026-02-05-115259_edited-18x9.png 18w, https:\/\/pcmastersbogota.com.co\/wp-content\/uploads\/2026\/02\/Screenshot-2026-02-05-115259_edited-1200x601.png 1200w, https:\/\/pcmastersbogota.com.co\/wp-content\/uploads\/2026\/02\/Screenshot-2026-02-05-115259_edited-150x75.png 150w\" sizes=\"(max-width: 1634px) 100vw, 1634px\" \/><\/a> <a href=\"https:\/\/pcmastersbogota.com.co\/wp-content\/uploads\/2026\/02\/Screenshot-2026-02-05-115327_edited.png\"><img loading=\"lazy\" decoding=\"async\" class=\"alignnone size-full wp-image-31387\" src=\"https:\/\/pcmastersbogota.com.co\/wp-content\/uploads\/2026\/02\/Screenshot-2026-02-05-115327_edited.png\" alt=\"\" width=\"1601\" height=\"1101\" srcset=\"https:\/\/pcmastersbogota.com.co\/wp-content\/uploads\/2026\/02\/Screenshot-2026-02-05-115327_edited.png 1601w, https:\/\/pcmastersbogota.com.co\/wp-content\/uploads\/2026\/02\/Screenshot-2026-02-05-115327_edited-300x206.png 300w, https:\/\/pcmastersbogota.com.co\/wp-content\/uploads\/2026\/02\/Screenshot-2026-02-05-115327_edited-1024x704.png 1024w, https:\/\/pcmastersbogota.com.co\/wp-content\/uploads\/2026\/02\/Screenshot-2026-02-05-115327_edited-768x528.png 768w, https:\/\/pcmastersbogota.com.co\/wp-content\/uploads\/2026\/02\/Screenshot-2026-02-05-115327_edited-1536x1056.png 1536w, https:\/\/pcmastersbogota.com.co\/wp-content\/uploads\/2026\/02\/Screenshot-2026-02-05-115327_edited-18x12.png 18w, https:\/\/pcmastersbogota.com.co\/wp-content\/uploads\/2026\/02\/Screenshot-2026-02-05-115327_edited-1200x825.png 1200w, https:\/\/pcmastersbogota.com.co\/wp-content\/uploads\/2026\/02\/Screenshot-2026-02-05-115327_edited-150x103.png 150w\" sizes=\"(max-width: 1601px) 100vw, 1601px\" \/><\/a> <a href=\"https:\/\/pcmastersbogota.com.co\/wp-content\/uploads\/2026\/02\/Screenshot-2026-02-05-115350_edited.png\"><img loading=\"lazy\" decoding=\"async\" class=\"alignnone size-full wp-image-31386\" src=\"https:\/\/pcmastersbogota.com.co\/wp-content\/uploads\/2026\/02\/Screenshot-2026-02-05-115350_edited.png\" alt=\"\" width=\"1518\" height=\"1126\" srcset=\"https:\/\/pcmastersbogota.com.co\/wp-content\/uploads\/2026\/02\/Screenshot-2026-02-05-115350_edited.png 1518w, https:\/\/pcmastersbogota.com.co\/wp-content\/uploads\/2026\/02\/Screenshot-2026-02-05-115350_edited-300x223.png 300w, https:\/\/pcmastersbogota.com.co\/wp-content\/uploads\/2026\/02\/Screenshot-2026-02-05-115350_edited-1024x760.png 1024w, https:\/\/pcmastersbogota.com.co\/wp-content\/uploads\/2026\/02\/Screenshot-2026-02-05-115350_edited-768x570.png 768w, https:\/\/pcmastersbogota.com.co\/wp-content\/uploads\/2026\/02\/Screenshot-2026-02-05-115350_edited-16x12.png 16w, https:\/\/pcmastersbogota.com.co\/wp-content\/uploads\/2026\/02\/Screenshot-2026-02-05-115350_edited-1200x890.png 1200w, https:\/\/pcmastersbogota.com.co\/wp-content\/uploads\/2026\/02\/Screenshot-2026-02-05-115350_edited-150x111.png 150w\" sizes=\"(max-width: 1518px) 100vw, 1518px\" \/><\/a><\/p>\n","protected":false},"excerpt":{"rendered":"<h3>B650M D3HP HACHA<\/h3>\n<ul>\n<li>AMD Socket AM5: Compatible con procesadores AMD Ryzen\u2122 7000\/ Ryzen\u2122 8000\/ Ryzen\u2122 9000 Series<\/li>\n<li>Rendimiento incomparable: soluci\u00f3n VRM digital de 5, 2 y 2 fases<\/li>\n<li>DDR5 de doble canal: 4 * DIMM SMD con compatibilidad con m\u00f3dulos de memoria AMD EXPO\u2122 e Intel\u00ae XMP<\/li>\n<li>Almacenamiento SuperSpeed: Conector PCIe 4.0 x4 M.2<\/li>\n<li>EZ-Latch: Ranura PCIe x16 con dise\u00f1o de liberaci\u00f3n r\u00e1pida<\/li>\n<li>Redes r\u00e1pidas: Wi-Fi 6E 802.11ax y LAN de 2,5 GbE<\/li>\n<li>Conectividad extendida: 2*DP, HDMI<\/li>\n<li>Smart Fan 6: cuenta con m\u00faltiples sensores de temperatura y cabezales de ventilador h\u00edbridos con FAN STOP<\/li>\n<li>Q-Flash Plus: actualice el BIOS sin instalar la CPU, la memoria y la tarjeta gr\u00e1fica<\/li>\n<\/ul>\n<p><img loading=\"lazy\" decoding=\"async\" class=\"\" src=\"https:\/\/www.gigabyte.com\/FileUpload\/Global\/KeyFeature\/3556\/innergigabyteimages\/logo\/amd.png\" width=\"177\" height=\"32\" \/><\/p>\n<aside><a href=\"https:\/\/www.gigabyte.com\/co\/Motherboard\/B650M-D3HP-AX-rev-10-12#ud\"><img loading=\"lazy\" decoding=\"async\" class=\"\" src=\"https:\/\/www.gigabyte.com\/FileUpload\/Global\/KeyFeature\/3556\/innergigabyteimages\/logo\/performance.png\" width=\"40\" height=\"40\" \/><\/a>Rendimiento duradero<a href=\"https:\/\/www.gigabyte.com\/co\/Motherboard\/B650M-D3HP-AX-rev-10-12#slidecard\"><img loading=\"lazy\" decoding=\"async\" class=\"\" src=\"https:\/\/www.gigabyte.com\/FileUpload\/Global\/KeyFeature\/3556\/innergigabyteimages\/logo\/connect.png\" width=\"42\" height=\"42\" \/><\/a>Conectividad futura<\/p>\n<p><a href=\"https:\/\/www.gigabyte.com\/co\/Motherboard\/B650M-D3HP-AX-rev-10-12#easy\"><img loading=\"lazy\" decoding=\"async\" class=\"\" src=\"https:\/\/www.gigabyte.com\/FileUpload\/Global\/KeyFeature\/3556\/innergigabyteimages\/logo\/friendly.png\" width=\"42\" height=\"42\" \/><\/a>F\u00e1cil amigable<\/p>\n<\/aside>\n","protected":false},"featured_media":31383,"comment_status":"closed","ping_status":"closed","template":"","meta":[],"pwb-brand":[109],"product_brand":[],"product_cat":[68],"product_tag":[383,385],"class_list":{"0":"post-31380","1":"product","2":"type-product","3":"status-publish","4":"has-post-thumbnail","6":"pwb-brand-gigabyte","7":"product_cat-board","8":"product_tag-am5","9":"product_tag-gigabyte","11":"first","12":"instock","13":"taxable","14":"shipping-taxable","15":"purchasable","16":"product-type-simple"},"yoast_head":"<!-- This site is optimized with the Yoast SEO plugin v26.7 - https:\/\/yoast.com\/wordpress\/plugins\/seo\/ -->\n<title>GIGABYTE B650M D3HP AX - PC MASTERS BOGOTA<\/title>\n<meta name=\"robots\" content=\"index, follow, max-snippet:-1, max-image-preview:large, max-video-preview:-1\" \/>\n<link rel=\"canonical\" href=\"https:\/\/pcmastersbogota.com.co\/es_es\/producto\/gigabyte-b650m-d3hp-ax\/\" \/>\n<meta property=\"og:locale\" content=\"es_ES\" \/>\n<meta property=\"og:type\" content=\"article\" \/>\n<meta property=\"og:title\" content=\"GIGABYTE B650M D3HP AX - PC MASTERS BOGOTA\" \/>\n<meta property=\"og:description\" content=\"B650M D3HP HACHA   AMD Socket AM5: Compatible con procesadores AMD Ryzen\u2122 7000\/ Ryzen\u2122 8000\/ Ryzen\u2122 9000 Series  Rendimiento incomparable: soluci\u00f3n VRM digital de 5, 2 y 2 fases  DDR5 de doble canal: 4 * DIMM SMD con compatibilidad con m\u00f3dulos de memoria AMD EXPO\u2122 e Intel\u00ae XMP  Almacenamiento SuperSpeed: Conector PCIe 4.0 x4 M.2  EZ-Latch: Ranura PCIe x16 con dise\u00f1o de liberaci\u00f3n r\u00e1pida  Redes r\u00e1pidas: Wi-Fi 6E 802.11ax y LAN de 2,5 GbE  Conectividad extendida: 2*DP, HDMI  Smart Fan 6: cuenta con m\u00faltiples sensores de temperatura y cabezales de ventilador h\u00edbridos con FAN STOP  Q-Flash Plus: actualice el BIOS sin instalar la CPU, la memoria y la tarjeta gr\u00e1fica    Rendimiento duraderoConectividad futura  F\u00e1cil amigable\" \/>\n<meta property=\"og:url\" content=\"https:\/\/pcmastersbogota.com.co\/es_es\/producto\/gigabyte-b650m-d3hp-ax\/\" \/>\n<meta property=\"og:site_name\" content=\"PC MASTERS BOGOTA\" \/>\n<meta property=\"article:modified_time\" content=\"2026-02-05T17:22:49+00:00\" \/>\n<meta property=\"og:image\" content=\"https:\/\/pcmastersbogota.com.co\/wp-content\/uploads\/2026\/02\/B650M-D3HP-AX_01.png\" \/>\n\t<meta property=\"og:image:width\" content=\"1000\" \/>\n\t<meta property=\"og:image:height\" content=\"1000\" \/>\n\t<meta property=\"og:image:type\" content=\"image\/png\" \/>\n<meta name=\"twitter:card\" content=\"summary_large_image\" \/>\n<meta name=\"twitter:label1\" content=\"Tiempo de lectura\" \/>\n\t<meta name=\"twitter:data1\" content=\"2 minutos\" \/>\n<script type=\"application\/ld+json\" class=\"yoast-schema-graph\">{\"@context\":\"https:\/\/schema.org\",\"@graph\":[{\"@type\":\"WebPage\",\"@id\":\"https:\/\/pcmastersbogota.com.co\/producto\/gigabyte-b650m-d3hp-ax\/\",\"url\":\"https:\/\/pcmastersbogota.com.co\/producto\/gigabyte-b650m-d3hp-ax\/\",\"name\":\"GIGABYTE B650M D3HP AX - PC MASTERS BOGOTA\",\"isPartOf\":{\"@id\":\"https:\/\/pcmastersbogota.com.co\/es_es\/#website\"},\"primaryImageOfPage\":{\"@id\":\"https:\/\/pcmastersbogota.com.co\/producto\/gigabyte-b650m-d3hp-ax\/#primaryimage\"},\"image\":{\"@id\":\"https:\/\/pcmastersbogota.com.co\/producto\/gigabyte-b650m-d3hp-ax\/#primaryimage\"},\"thumbnailUrl\":\"https:\/\/pcmastersbogota.com.co\/wp-content\/uploads\/2026\/02\/B650M-D3HP-AX_01.png\",\"datePublished\":\"2026-02-05T17:22:17+00:00\",\"dateModified\":\"2026-02-05T17:22:49+00:00\",\"breadcrumb\":{\"@id\":\"https:\/\/pcmastersbogota.com.co\/producto\/gigabyte-b650m-d3hp-ax\/#breadcrumb\"},\"inLanguage\":\"es\",\"potentialAction\":[{\"@type\":\"ReadAction\",\"target\":[\"https:\/\/pcmastersbogota.com.co\/producto\/gigabyte-b650m-d3hp-ax\/\"]}]},{\"@type\":\"ImageObject\",\"inLanguage\":\"es\",\"@id\":\"https:\/\/pcmastersbogota.com.co\/producto\/gigabyte-b650m-d3hp-ax\/#primaryimage\",\"url\":\"https:\/\/pcmastersbogota.com.co\/wp-content\/uploads\/2026\/02\/B650M-D3HP-AX_01.png\",\"contentUrl\":\"https:\/\/pcmastersbogota.com.co\/wp-content\/uploads\/2026\/02\/B650M-D3HP-AX_01.png\",\"width\":1000,\"height\":1000},{\"@type\":\"BreadcrumbList\",\"@id\":\"https:\/\/pcmastersbogota.com.co\/producto\/gigabyte-b650m-d3hp-ax\/#breadcrumb\",\"itemListElement\":[{\"@type\":\"ListItem\",\"position\":1,\"name\":\"Home\",\"item\":\"https:\/\/pcmastersbogota.com.co\/\"},{\"@type\":\"ListItem\",\"position\":2,\"name\":\"Tienda\",\"item\":\"https:\/\/pcmastersbogota.com.co\/es_es\/tienda\/\"},{\"@type\":\"ListItem\",\"position\":3,\"name\":\"GIGABYTE B650M D3HP AX\"}]},{\"@type\":\"WebSite\",\"@id\":\"https:\/\/pcmastersbogota.com.co\/es_es\/#website\",\"url\":\"https:\/\/pcmastersbogota.com.co\/es_es\/\",\"name\":\"PC MASTERS BOGOTA\",\"description\":\"\",\"potentialAction\":[{\"@type\":\"SearchAction\",\"target\":{\"@type\":\"EntryPoint\",\"urlTemplate\":\"https:\/\/pcmastersbogota.com.co\/es_es\/?s={search_term_string}\"},\"query-input\":{\"@type\":\"PropertyValueSpecification\",\"valueRequired\":true,\"valueName\":\"search_term_string\"}}],\"inLanguage\":\"es\"}]}<\/script>\n<!-- \/ Yoast SEO plugin. -->","yoast_head_json":{"title":"GIGABYTE B650M D3HP AX - PC MASTERS BOGOTA","robots":{"index":"index","follow":"follow","max-snippet":"max-snippet:-1","max-image-preview":"max-image-preview:large","max-video-preview":"max-video-preview:-1"},"canonical":"https:\/\/pcmastersbogota.com.co\/es_es\/producto\/gigabyte-b650m-d3hp-ax\/","og_locale":"es_ES","og_type":"article","og_title":"GIGABYTE B650M D3HP AX - PC MASTERS BOGOTA","og_description":"B650M D3HP HACHA   AMD Socket AM5: Compatible con procesadores AMD Ryzen\u2122 7000\/ Ryzen\u2122 8000\/ Ryzen\u2122 9000 Series  Rendimiento incomparable: soluci\u00f3n VRM digital de 5, 2 y 2 fases  DDR5 de doble canal: 4 * DIMM SMD con compatibilidad con m\u00f3dulos de memoria AMD EXPO\u2122 e Intel\u00ae XMP  Almacenamiento SuperSpeed: Conector PCIe 4.0 x4 M.2  EZ-Latch: Ranura PCIe x16 con dise\u00f1o de liberaci\u00f3n r\u00e1pida  Redes r\u00e1pidas: Wi-Fi 6E 802.11ax y LAN de 2,5 GbE  Conectividad extendida: 2*DP, HDMI  Smart Fan 6: cuenta con m\u00faltiples sensores de temperatura y cabezales de ventilador h\u00edbridos con FAN STOP  Q-Flash Plus: actualice el BIOS sin instalar la CPU, la memoria y la tarjeta gr\u00e1fica    Rendimiento duraderoConectividad futura  F\u00e1cil amigable","og_url":"https:\/\/pcmastersbogota.com.co\/es_es\/producto\/gigabyte-b650m-d3hp-ax\/","og_site_name":"PC MASTERS BOGOTA","article_modified_time":"2026-02-05T17:22:49+00:00","og_image":[{"width":1000,"height":1000,"url":"https:\/\/pcmastersbogota.com.co\/wp-content\/uploads\/2026\/02\/B650M-D3HP-AX_01.png","type":"image\/png"}],"twitter_card":"summary_large_image","twitter_misc":{"Tiempo de lectura":"2 minutos"},"schema":{"@context":"https:\/\/schema.org","@graph":[{"@type":"WebPage","@id":"https:\/\/pcmastersbogota.com.co\/producto\/gigabyte-b650m-d3hp-ax\/","url":"https:\/\/pcmastersbogota.com.co\/producto\/gigabyte-b650m-d3hp-ax\/","name":"GIGABYTE B650M D3HP AX - PC MASTERS BOGOTA","isPartOf":{"@id":"https:\/\/pcmastersbogota.com.co\/es_es\/#website"},"primaryImageOfPage":{"@id":"https:\/\/pcmastersbogota.com.co\/producto\/gigabyte-b650m-d3hp-ax\/#primaryimage"},"image":{"@id":"https:\/\/pcmastersbogota.com.co\/producto\/gigabyte-b650m-d3hp-ax\/#primaryimage"},"thumbnailUrl":"https:\/\/pcmastersbogota.com.co\/wp-content\/uploads\/2026\/02\/B650M-D3HP-AX_01.png","datePublished":"2026-02-05T17:22:17+00:00","dateModified":"2026-02-05T17:22:49+00:00","breadcrumb":{"@id":"https:\/\/pcmastersbogota.com.co\/producto\/gigabyte-b650m-d3hp-ax\/#breadcrumb"},"inLanguage":"es","potentialAction":[{"@type":"ReadAction","target":["https:\/\/pcmastersbogota.com.co\/producto\/gigabyte-b650m-d3hp-ax\/"]}]},{"@type":"ImageObject","inLanguage":"es","@id":"https:\/\/pcmastersbogota.com.co\/producto\/gigabyte-b650m-d3hp-ax\/#primaryimage","url":"https:\/\/pcmastersbogota.com.co\/wp-content\/uploads\/2026\/02\/B650M-D3HP-AX_01.png","contentUrl":"https:\/\/pcmastersbogota.com.co\/wp-content\/uploads\/2026\/02\/B650M-D3HP-AX_01.png","width":1000,"height":1000},{"@type":"BreadcrumbList","@id":"https:\/\/pcmastersbogota.com.co\/producto\/gigabyte-b650m-d3hp-ax\/#breadcrumb","itemListElement":[{"@type":"ListItem","position":1,"name":"Home","item":"https:\/\/pcmastersbogota.com.co\/"},{"@type":"ListItem","position":2,"name":"Tienda","item":"https:\/\/pcmastersbogota.com.co\/es_es\/tienda\/"},{"@type":"ListItem","position":3,"name":"GIGABYTE B650M D3HP AX"}]},{"@type":"WebSite","@id":"https:\/\/pcmastersbogota.com.co\/es_es\/#website","url":"https:\/\/pcmastersbogota.com.co\/es_es\/","name":"PC MASTERS BOGOTA","description":"","potentialAction":[{"@type":"SearchAction","target":{"@type":"EntryPoint","urlTemplate":"https:\/\/pcmastersbogota.com.co\/es_es\/?s={search_term_string}"},"query-input":{"@type":"PropertyValueSpecification","valueRequired":true,"valueName":"search_term_string"}}],"inLanguage":"es"}]}},"brands":[{"id":109,"name":"GIGABYTE","slug":"gigabyte"}],"_links":{"self":[{"href":"https:\/\/pcmastersbogota.com.co\/es_es\/wp-json\/wp\/v2\/product\/31380","targetHints":{"allow":["GET"]}}],"collection":[{"href":"https:\/\/pcmastersbogota.com.co\/es_es\/wp-json\/wp\/v2\/product"}],"about":[{"href":"https:\/\/pcmastersbogota.com.co\/es_es\/wp-json\/wp\/v2\/types\/product"}],"replies":[{"embeddable":true,"href":"https:\/\/pcmastersbogota.com.co\/es_es\/wp-json\/wp\/v2\/comments?post=31380"}],"version-history":[{"count":2,"href":"https:\/\/pcmastersbogota.com.co\/es_es\/wp-json\/wp\/v2\/product\/31380\/revisions"}],"predecessor-version":[{"id":31394,"href":"https:\/\/pcmastersbogota.com.co\/es_es\/wp-json\/wp\/v2\/product\/31380\/revisions\/31394"}],"wp:featuredmedia":[{"embeddable":true,"href":"https:\/\/pcmastersbogota.com.co\/es_es\/wp-json\/wp\/v2\/media\/31383"}],"wp:attachment":[{"href":"https:\/\/pcmastersbogota.com.co\/es_es\/wp-json\/wp\/v2\/media?parent=31380"}],"wp:term":[{"taxonomy":"pwb-brand","embeddable":true,"href":"https:\/\/pcmastersbogota.com.co\/es_es\/wp-json\/wp\/v2\/pwb-brand?post=31380"},{"taxonomy":"product_brand","embeddable":true,"href":"https:\/\/pcmastersbogota.com.co\/es_es\/wp-json\/wp\/v2\/product_brand?post=31380"},{"taxonomy":"product_cat","embeddable":true,"href":"https:\/\/pcmastersbogota.com.co\/es_es\/wp-json\/wp\/v2\/product_cat?post=31380"},{"taxonomy":"product_tag","embeddable":true,"href":"https:\/\/pcmastersbogota.com.co\/es_es\/wp-json\/wp\/v2\/product_tag?post=31380"}],"curies":[{"name":"wp","href":"https:\/\/api.w.org\/{rel}","templated":true}]}}