{"id":31430,"date":"2026-02-05T21:21:25","date_gmt":"2026-02-06T02:21:25","guid":{"rendered":"https:\/\/pcmastersbogota.com.co\/?post_type=product&#038;p=31430"},"modified":"2026-02-05T21:36:34","modified_gmt":"2026-02-06T02:36:34","slug":"volante-logitech-rs50-trueforce-xbox-pc","status":"publish","type":"product","link":"https:\/\/pcmastersbogota.com.co\/es_es\/producto\/volante-logitech-rs50-trueforce-xbox-pc\/","title":{"rendered":"Volante Logitech RS50 TrueForce XBOX \/ PC"},"content":{"rendered":"<p style=\"text-align: center;\">FACILIDAD DE USO<br \/>\nSu instalaci\u00f3n Plug and Play permite empezar a correr de inmediato. El sistema incluye base, Wheel Hub y volante Round, as\u00ed como abrazadera para mesa y accesorios para montaje en simuladores, asegurando compatibilidad con diferentes setups y entornos de juego.<\/p>\n<p>TRUEFORCE Y COMPATIBILIDAD<br \/>\nLa tecnolog\u00eda TrueForce convierte los datos de audio y f\u00edsicos del juego en respuesta t\u00e1ctil de alta definici\u00f3n en tiempo real. Compatible con los principales t\u00edtulos de simulaci\u00f3n y plataformas PC, PS5 y PS4, ofrece una experiencia de conducci\u00f3n inmersiva y actualizable seg\u00fan tus necesidades.<\/p>\n<div style=\"width: 1920px;\" class=\"wp-video\"><video class=\"wp-video-shortcode\" id=\"video-31430-1\" width=\"1920\" height=\"1080\" loop autoplay preload=\"auto\" controls=\"controls\"><source type=\"video\/mp4\" src=\"https:\/\/pcmastersbogota.com.co\/wp-content\/uploads\/2026\/02\/YTDown.com_YouTube_RS50-Direct-Drive-System-with-TRUEFORCE-_Media_dZ8-GiOxoyo_001_1080p.mp4?_=1\" \/><a href=\"https:\/\/pcmastersbogota.com.co\/wp-content\/uploads\/2026\/02\/YTDown.com_YouTube_RS50-Direct-Drive-System-with-TRUEFORCE-_Media_dZ8-GiOxoyo_001_1080p.mp4\">https:\/\/pcmastersbogota.com.co\/wp-content\/uploads\/2026\/02\/YTDown.com_YouTube_RS50-Direct-Drive-System-with-TRUEFORCE-_Media_dZ8-GiOxoyo_001_1080p.mp4<\/a><\/video><\/div>\n<p style=\"text-align: center;\"><a href=\"https:\/\/pcmastersbogota.com.co\/wp-content\/uploads\/2026\/02\/Screenshot-2026-02-05-211420_edited.png\"><img fetchpriority=\"high\" decoding=\"async\" class=\"alignnone size-full wp-image-31434\" src=\"https:\/\/pcmastersbogota.com.co\/wp-content\/uploads\/2026\/02\/Screenshot-2026-02-05-211420_edited.png\" alt=\"\" width=\"1476\" height=\"1035\" srcset=\"https:\/\/pcmastersbogota.com.co\/wp-content\/uploads\/2026\/02\/Screenshot-2026-02-05-211420_edited.png 1476w, https:\/\/pcmastersbogota.com.co\/wp-content\/uploads\/2026\/02\/Screenshot-2026-02-05-211420_edited-300x210.png 300w, https:\/\/pcmastersbogota.com.co\/wp-content\/uploads\/2026\/02\/Screenshot-2026-02-05-211420_edited-1024x718.png 1024w, https:\/\/pcmastersbogota.com.co\/wp-content\/uploads\/2026\/02\/Screenshot-2026-02-05-211420_edited-768x539.png 768w, https:\/\/pcmastersbogota.com.co\/wp-content\/uploads\/2026\/02\/Screenshot-2026-02-05-211420_edited-18x12.png 18w, https:\/\/pcmastersbogota.com.co\/wp-content\/uploads\/2026\/02\/Screenshot-2026-02-05-211420_edited-1200x841.png 1200w, https:\/\/pcmastersbogota.com.co\/wp-content\/uploads\/2026\/02\/Screenshot-2026-02-05-211420_edited-150x105.png 150w\" sizes=\"(max-width: 1476px) 100vw, 1476px\" \/><\/a> <a href=\"https:\/\/pcmastersbogota.com.co\/wp-content\/uploads\/2026\/02\/Screenshot-2026-02-05-211607_edited.png\"><img decoding=\"async\" class=\"alignnone size-full wp-image-31433\" src=\"https:\/\/pcmastersbogota.com.co\/wp-content\/uploads\/2026\/02\/Screenshot-2026-02-05-211607_edited.png\" alt=\"\" width=\"1456\" height=\"1039\" srcset=\"https:\/\/pcmastersbogota.com.co\/wp-content\/uploads\/2026\/02\/Screenshot-2026-02-05-211607_edited.png 1456w, https:\/\/pcmastersbogota.com.co\/wp-content\/uploads\/2026\/02\/Screenshot-2026-02-05-211607_edited-300x214.png 300w, https:\/\/pcmastersbogota.com.co\/wp-content\/uploads\/2026\/02\/Screenshot-2026-02-05-211607_edited-1024x731.png 1024w, https:\/\/pcmastersbogota.com.co\/wp-content\/uploads\/2026\/02\/Screenshot-2026-02-05-211607_edited-768x548.png 768w, https:\/\/pcmastersbogota.com.co\/wp-content\/uploads\/2026\/02\/Screenshot-2026-02-05-211607_edited-18x12.png 18w, https:\/\/pcmastersbogota.com.co\/wp-content\/uploads\/2026\/02\/Screenshot-2026-02-05-211607_edited-1200x856.png 1200w, https:\/\/pcmastersbogota.com.co\/wp-content\/uploads\/2026\/02\/Screenshot-2026-02-05-211607_edited-150x107.png 150w\" sizes=\"(max-width: 1456px) 100vw, 1456px\" \/><\/a> <a href=\"https:\/\/pcmastersbogota.com.co\/wp-content\/uploads\/2026\/02\/Screenshot-2026-02-05-211627_edited.png\"><img decoding=\"async\" class=\"alignnone size-full wp-image-31432\" src=\"https:\/\/pcmastersbogota.com.co\/wp-content\/uploads\/2026\/02\/Screenshot-2026-02-05-211627_edited.png\" alt=\"\" width=\"1372\" height=\"489\" srcset=\"https:\/\/pcmastersbogota.com.co\/wp-content\/uploads\/2026\/02\/Screenshot-2026-02-05-211627_edited.png 1372w, https:\/\/pcmastersbogota.com.co\/wp-content\/uploads\/2026\/02\/Screenshot-2026-02-05-211627_edited-300x107.png 300w, https:\/\/pcmastersbogota.com.co\/wp-content\/uploads\/2026\/02\/Screenshot-2026-02-05-211627_edited-1024x365.png 1024w, https:\/\/pcmastersbogota.com.co\/wp-content\/uploads\/2026\/02\/Screenshot-2026-02-05-211627_edited-768x274.png 768w, https:\/\/pcmastersbogota.com.co\/wp-content\/uploads\/2026\/02\/Screenshot-2026-02-05-211627_edited-18x6.png 18w, https:\/\/pcmastersbogota.com.co\/wp-content\/uploads\/2026\/02\/Screenshot-2026-02-05-211627_edited-1200x428.png 1200w, https:\/\/pcmastersbogota.com.co\/wp-content\/uploads\/2026\/02\/Screenshot-2026-02-05-211627_edited-150x53.png 150w\" sizes=\"(max-width: 1372px) 100vw, 1372px\" \/><\/a> <a href=\"https:\/\/pcmastersbogota.com.co\/wp-content\/uploads\/2026\/02\/Screenshot-2026-02-05-211651_edited.png\"><img loading=\"lazy\" decoding=\"async\" class=\"alignnone size-full wp-image-31431\" src=\"https:\/\/pcmastersbogota.com.co\/wp-content\/uploads\/2026\/02\/Screenshot-2026-02-05-211651_edited.png\" alt=\"\" width=\"854\" height=\"631\" srcset=\"https:\/\/pcmastersbogota.com.co\/wp-content\/uploads\/2026\/02\/Screenshot-2026-02-05-211651_edited.png 854w, https:\/\/pcmastersbogota.com.co\/wp-content\/uploads\/2026\/02\/Screenshot-2026-02-05-211651_edited-300x222.png 300w, https:\/\/pcmastersbogota.com.co\/wp-content\/uploads\/2026\/02\/Screenshot-2026-02-05-211651_edited-768x567.png 768w, https:\/\/pcmastersbogota.com.co\/wp-content\/uploads\/2026\/02\/Screenshot-2026-02-05-211651_edited-16x12.png 16w, https:\/\/pcmastersbogota.com.co\/wp-content\/uploads\/2026\/02\/Screenshot-2026-02-05-211651_edited-150x111.png 150w\" sizes=\"(max-width: 854px) 100vw, 854px\" \/><\/a><a href=\"https:\/\/pcmastersbogota.com.co\/wp-content\/uploads\/2026\/02\/Screenshot-2026-02-05-212328_edited.png\"><img loading=\"lazy\" decoding=\"async\" class=\"alignnone size-full wp-image-31459\" src=\"https:\/\/pcmastersbogota.com.co\/wp-content\/uploads\/2026\/02\/Screenshot-2026-02-05-212328_edited.png\" alt=\"\" width=\"428\" height=\"482\" srcset=\"https:\/\/pcmastersbogota.com.co\/wp-content\/uploads\/2026\/02\/Screenshot-2026-02-05-212328_edited.png 428w, https:\/\/pcmastersbogota.com.co\/wp-content\/uploads\/2026\/02\/Screenshot-2026-02-05-212328_edited-266x300.png 266w, https:\/\/pcmastersbogota.com.co\/wp-content\/uploads\/2026\/02\/Screenshot-2026-02-05-212328_edited-11x12.png 11w, https:\/\/pcmastersbogota.com.co\/wp-content\/uploads\/2026\/02\/Screenshot-2026-02-05-212328_edited-150x169.png 150w\" sizes=\"(max-width: 428px) 100vw, 428px\" \/><\/a><a href=\"https:\/\/pcmastersbogota.com.co\/wp-content\/uploads\/2026\/02\/Screenshot-2026-02-05-212412_edited.png\"><img loading=\"lazy\" decoding=\"async\" class=\"alignnone size-full wp-image-31458\" src=\"https:\/\/pcmastersbogota.com.co\/wp-content\/uploads\/2026\/02\/Screenshot-2026-02-05-212412_edited.png\" alt=\"\" width=\"346\" height=\"484\" srcset=\"https:\/\/pcmastersbogota.com.co\/wp-content\/uploads\/2026\/02\/Screenshot-2026-02-05-212412_edited.png 346w, https:\/\/pcmastersbogota.com.co\/wp-content\/uploads\/2026\/02\/Screenshot-2026-02-05-212412_edited-214x300.png 214w, https:\/\/pcmastersbogota.com.co\/wp-content\/uploads\/2026\/02\/Screenshot-2026-02-05-212412_edited-9x12.png 9w, https:\/\/pcmastersbogota.com.co\/wp-content\/uploads\/2026\/02\/Screenshot-2026-02-05-212412_edited-150x210.png 150w\" sizes=\"(max-width: 346px) 100vw, 346px\" \/><\/a><\/p>\n","protected":false},"excerpt":{"rendered":"<p style=\"text-align: center;\">El Volante de Carreras Logitech RS50 TrueForce ofrece una experiencia de simulaci\u00f3n profesional para PC, PS5,PS4 Y XBOX. Con tecnolog\u00eda de accionamiento directo y par m\u00e1ximo de 8 Nm, permite sentir la potencia del volante sin motores con engranajes ni correas. Su sistema TrueForce traduce datos del juego en respuestas t\u00e1ctiles de alta definici\u00f3n, aumentando la inmersi\u00f3n y el control sobre el veh\u00edculo virtual. Dise\u00f1ado para ser Plug and Play, incluye todos los componentes necesarios para montarlo en una mesa o en un equipo de simulaci\u00f3n, permitiendo a los usuarios empezar a jugar de inmediato.<\/p>\n","protected":false},"featured_media":31435,"comment_status":"closed","ping_status":"closed","template":"","meta":[],"pwb-brand":[127],"product_brand":[],"product_cat":[80],"product_tag":[453,587],"class_list":{"0":"post-31430","1":"product","2":"type-product","3":"status-publish","4":"has-post-thumbnail","6":"pwb-brand-logitech","7":"product_cat-volantes-y-pedales","8":"product_tag-logitech","9":"product_tag-volante","11":"first","12":"instock","13":"taxable","14":"shipping-taxable","15":"purchasable","16":"product-type-simple"},"yoast_head":"<!-- This site is optimized with the Yoast SEO plugin v26.7 - https:\/\/yoast.com\/wordpress\/plugins\/seo\/ -->\n<title>Volante Logitech RS50 TrueForce XBOX \/ PC - PC MASTERS BOGOTA<\/title>\n<meta name=\"robots\" content=\"index, follow, max-snippet:-1, max-image-preview:large, max-video-preview:-1\" \/>\n<link rel=\"canonical\" href=\"https:\/\/pcmastersbogota.com.co\/es_es\/producto\/volante-logitech-rs50-trueforce-xbox-pc\/\" \/>\n<meta property=\"og:locale\" content=\"es_ES\" \/>\n<meta property=\"og:type\" content=\"article\" \/>\n<meta property=\"og:title\" content=\"Volante Logitech RS50 TrueForce XBOX \/ PC - PC MASTERS BOGOTA\" \/>\n<meta property=\"og:description\" content=\"El Volante de Carreras Logitech RS50 TrueForce ofrece una experiencia de simulaci\u00f3n profesional para PC, PS5,PS4 Y XBOX. Con tecnolog\u00eda de accionamiento directo y par m\u00e1ximo de 8 Nm, permite sentir la potencia del volante sin motores con engranajes ni correas. Su sistema TrueForce traduce datos del juego en respuestas t\u00e1ctiles de alta definici\u00f3n, aumentando la inmersi\u00f3n y el control sobre el veh\u00edculo virtual. Dise\u00f1ado para ser Plug and Play, incluye todos los componentes necesarios para montarlo en una mesa o en un equipo de simulaci\u00f3n, permitiendo a los usuarios empezar a jugar de inmediato.\" \/>\n<meta property=\"og:url\" content=\"https:\/\/pcmastersbogota.com.co\/es_es\/producto\/volante-logitech-rs50-trueforce-xbox-pc\/\" \/>\n<meta property=\"og:site_name\" content=\"PC MASTERS BOGOTA\" \/>\n<meta property=\"article:modified_time\" content=\"2026-02-06T02:36:34+00:00\" \/>\n<meta property=\"og:image\" content=\"https:\/\/pcmastersbogota.com.co\/wp-content\/uploads\/2026\/02\/rs50-system-front-angle-xbox-gallery-1.webp\" \/>\n\t<meta property=\"og:image:width\" content=\"692\" \/>\n\t<meta property=\"og:image:height\" content=\"519\" \/>\n\t<meta property=\"og:image:type\" content=\"image\/webp\" \/>\n<meta name=\"twitter:card\" content=\"summary_large_image\" \/>\n<meta name=\"twitter:label1\" content=\"Tiempo de lectura\" \/>\n\t<meta name=\"twitter:data1\" content=\"2 minutos\" \/>\n<script type=\"application\/ld+json\" class=\"yoast-schema-graph\">{\"@context\":\"https:\/\/schema.org\",\"@graph\":[{\"@type\":\"WebPage\",\"@id\":\"https:\/\/pcmastersbogota.com.co\/producto\/volante-logitech-rs50-trueforce-xbox-pc\/\",\"url\":\"https:\/\/pcmastersbogota.com.co\/producto\/volante-logitech-rs50-trueforce-xbox-pc\/\",\"name\":\"Volante Logitech RS50 TrueForce XBOX \/ PC - PC MASTERS BOGOTA\",\"isPartOf\":{\"@id\":\"https:\/\/pcmastersbogota.com.co\/es_es\/#website\"},\"primaryImageOfPage\":{\"@id\":\"https:\/\/pcmastersbogota.com.co\/producto\/volante-logitech-rs50-trueforce-xbox-pc\/#primaryimage\"},\"image\":{\"@id\":\"https:\/\/pcmastersbogota.com.co\/producto\/volante-logitech-rs50-trueforce-xbox-pc\/#primaryimage\"},\"thumbnailUrl\":\"https:\/\/pcmastersbogota.com.co\/wp-content\/uploads\/2026\/02\/rs50-system-front-angle-xbox-gallery-1.webp\",\"datePublished\":\"2026-02-06T02:21:25+00:00\",\"dateModified\":\"2026-02-06T02:36:34+00:00\",\"breadcrumb\":{\"@id\":\"https:\/\/pcmastersbogota.com.co\/producto\/volante-logitech-rs50-trueforce-xbox-pc\/#breadcrumb\"},\"inLanguage\":\"es\",\"potentialAction\":[{\"@type\":\"ReadAction\",\"target\":[\"https:\/\/pcmastersbogota.com.co\/producto\/volante-logitech-rs50-trueforce-xbox-pc\/\"]}]},{\"@type\":\"ImageObject\",\"inLanguage\":\"es\",\"@id\":\"https:\/\/pcmastersbogota.com.co\/producto\/volante-logitech-rs50-trueforce-xbox-pc\/#primaryimage\",\"url\":\"https:\/\/pcmastersbogota.com.co\/wp-content\/uploads\/2026\/02\/rs50-system-front-angle-xbox-gallery-1.webp\",\"contentUrl\":\"https:\/\/pcmastersbogota.com.co\/wp-content\/uploads\/2026\/02\/rs50-system-front-angle-xbox-gallery-1.webp\",\"width\":692,\"height\":519},{\"@type\":\"BreadcrumbList\",\"@id\":\"https:\/\/pcmastersbogota.com.co\/producto\/volante-logitech-rs50-trueforce-xbox-pc\/#breadcrumb\",\"itemListElement\":[{\"@type\":\"ListItem\",\"position\":1,\"name\":\"Home\",\"item\":\"https:\/\/pcmastersbogota.com.co\/\"},{\"@type\":\"ListItem\",\"position\":2,\"name\":\"Tienda\",\"item\":\"https:\/\/pcmastersbogota.com.co\/es_es\/tienda\/\"},{\"@type\":\"ListItem\",\"position\":3,\"name\":\"Volante Logitech RS50 TrueForce XBOX \/ PC\"}]},{\"@type\":\"WebSite\",\"@id\":\"https:\/\/pcmastersbogota.com.co\/es_es\/#website\",\"url\":\"https:\/\/pcmastersbogota.com.co\/es_es\/\",\"name\":\"PC MASTERS BOGOTA\",\"description\":\"\",\"potentialAction\":[{\"@type\":\"SearchAction\",\"target\":{\"@type\":\"EntryPoint\",\"urlTemplate\":\"https:\/\/pcmastersbogota.com.co\/es_es\/?s={search_term_string}\"},\"query-input\":{\"@type\":\"PropertyValueSpecification\",\"valueRequired\":true,\"valueName\":\"search_term_string\"}}],\"inLanguage\":\"es\"}]}<\/script>\n<!-- \/ Yoast SEO plugin. -->","yoast_head_json":{"title":"Volante Logitech RS50 TrueForce XBOX \/ PC - PC MASTERS BOGOTA","robots":{"index":"index","follow":"follow","max-snippet":"max-snippet:-1","max-image-preview":"max-image-preview:large","max-video-preview":"max-video-preview:-1"},"canonical":"https:\/\/pcmastersbogota.com.co\/es_es\/producto\/volante-logitech-rs50-trueforce-xbox-pc\/","og_locale":"es_ES","og_type":"article","og_title":"Volante Logitech RS50 TrueForce XBOX \/ PC - PC MASTERS BOGOTA","og_description":"El Volante de Carreras Logitech RS50 TrueForce ofrece una experiencia de simulaci\u00f3n profesional para PC, PS5,PS4 Y XBOX. Con tecnolog\u00eda de accionamiento directo y par m\u00e1ximo de 8 Nm, permite sentir la potencia del volante sin motores con engranajes ni correas. Su sistema TrueForce traduce datos del juego en respuestas t\u00e1ctiles de alta definici\u00f3n, aumentando la inmersi\u00f3n y el control sobre el veh\u00edculo virtual. Dise\u00f1ado para ser Plug and Play, incluye todos los componentes necesarios para montarlo en una mesa o en un equipo de simulaci\u00f3n, permitiendo a los usuarios empezar a jugar de inmediato.","og_url":"https:\/\/pcmastersbogota.com.co\/es_es\/producto\/volante-logitech-rs50-trueforce-xbox-pc\/","og_site_name":"PC MASTERS BOGOTA","article_modified_time":"2026-02-06T02:36:34+00:00","og_image":[{"width":692,"height":519,"url":"https:\/\/pcmastersbogota.com.co\/wp-content\/uploads\/2026\/02\/rs50-system-front-angle-xbox-gallery-1.webp","type":"image\/webp"}],"twitter_card":"summary_large_image","twitter_misc":{"Tiempo de lectura":"2 minutos"},"schema":{"@context":"https:\/\/schema.org","@graph":[{"@type":"WebPage","@id":"https:\/\/pcmastersbogota.com.co\/producto\/volante-logitech-rs50-trueforce-xbox-pc\/","url":"https:\/\/pcmastersbogota.com.co\/producto\/volante-logitech-rs50-trueforce-xbox-pc\/","name":"Volante Logitech RS50 TrueForce XBOX \/ PC - PC MASTERS BOGOTA","isPartOf":{"@id":"https:\/\/pcmastersbogota.com.co\/es_es\/#website"},"primaryImageOfPage":{"@id":"https:\/\/pcmastersbogota.com.co\/producto\/volante-logitech-rs50-trueforce-xbox-pc\/#primaryimage"},"image":{"@id":"https:\/\/pcmastersbogota.com.co\/producto\/volante-logitech-rs50-trueforce-xbox-pc\/#primaryimage"},"thumbnailUrl":"https:\/\/pcmastersbogota.com.co\/wp-content\/uploads\/2026\/02\/rs50-system-front-angle-xbox-gallery-1.webp","datePublished":"2026-02-06T02:21:25+00:00","dateModified":"2026-02-06T02:36:34+00:00","breadcrumb":{"@id":"https:\/\/pcmastersbogota.com.co\/producto\/volante-logitech-rs50-trueforce-xbox-pc\/#breadcrumb"},"inLanguage":"es","potentialAction":[{"@type":"ReadAction","target":["https:\/\/pcmastersbogota.com.co\/producto\/volante-logitech-rs50-trueforce-xbox-pc\/"]}]},{"@type":"ImageObject","inLanguage":"es","@id":"https:\/\/pcmastersbogota.com.co\/producto\/volante-logitech-rs50-trueforce-xbox-pc\/#primaryimage","url":"https:\/\/pcmastersbogota.com.co\/wp-content\/uploads\/2026\/02\/rs50-system-front-angle-xbox-gallery-1.webp","contentUrl":"https:\/\/pcmastersbogota.com.co\/wp-content\/uploads\/2026\/02\/rs50-system-front-angle-xbox-gallery-1.webp","width":692,"height":519},{"@type":"BreadcrumbList","@id":"https:\/\/pcmastersbogota.com.co\/producto\/volante-logitech-rs50-trueforce-xbox-pc\/#breadcrumb","itemListElement":[{"@type":"ListItem","position":1,"name":"Home","item":"https:\/\/pcmastersbogota.com.co\/"},{"@type":"ListItem","position":2,"name":"Tienda","item":"https:\/\/pcmastersbogota.com.co\/es_es\/tienda\/"},{"@type":"ListItem","position":3,"name":"Volante Logitech RS50 TrueForce XBOX \/ PC"}]},{"@type":"WebSite","@id":"https:\/\/pcmastersbogota.com.co\/es_es\/#website","url":"https:\/\/pcmastersbogota.com.co\/es_es\/","name":"PC MASTERS BOGOTA","description":"","potentialAction":[{"@type":"SearchAction","target":{"@type":"EntryPoint","urlTemplate":"https:\/\/pcmastersbogota.com.co\/es_es\/?s={search_term_string}"},"query-input":{"@type":"PropertyValueSpecification","valueRequired":true,"valueName":"search_term_string"}}],"inLanguage":"es"}]}},"brands":[{"id":127,"name":"LOGITECH","slug":"logitech"}],"_links":{"self":[{"href":"https:\/\/pcmastersbogota.com.co\/es_es\/wp-json\/wp\/v2\/product\/31430","targetHints":{"allow":["GET"]}}],"collection":[{"href":"https:\/\/pcmastersbogota.com.co\/es_es\/wp-json\/wp\/v2\/product"}],"about":[{"href":"https:\/\/pcmastersbogota.com.co\/es_es\/wp-json\/wp\/v2\/types\/product"}],"replies":[{"embeddable":true,"href":"https:\/\/pcmastersbogota.com.co\/es_es\/wp-json\/wp\/v2\/comments?post=31430"}],"version-history":[{"count":4,"href":"https:\/\/pcmastersbogota.com.co\/es_es\/wp-json\/wp\/v2\/product\/31430\/revisions"}],"predecessor-version":[{"id":31460,"href":"https:\/\/pcmastersbogota.com.co\/es_es\/wp-json\/wp\/v2\/product\/31430\/revisions\/31460"}],"wp:featuredmedia":[{"embeddable":true,"href":"https:\/\/pcmastersbogota.com.co\/es_es\/wp-json\/wp\/v2\/media\/31435"}],"wp:attachment":[{"href":"https:\/\/pcmastersbogota.com.co\/es_es\/wp-json\/wp\/v2\/media?parent=31430"}],"wp:term":[{"taxonomy":"pwb-brand","embeddable":true,"href":"https:\/\/pcmastersbogota.com.co\/es_es\/wp-json\/wp\/v2\/pwb-brand?post=31430"},{"taxonomy":"product_brand","embeddable":true,"href":"https:\/\/pcmastersbogota.com.co\/es_es\/wp-json\/wp\/v2\/product_brand?post=31430"},{"taxonomy":"product_cat","embeddable":true,"href":"https:\/\/pcmastersbogota.com.co\/es_es\/wp-json\/wp\/v2\/product_cat?post=31430"},{"taxonomy":"product_tag","embeddable":true,"href":"https:\/\/pcmastersbogota.com.co\/es_es\/wp-json\/wp\/v2\/product_tag?post=31430"}],"curies":[{"name":"wp","href":"https:\/\/api.w.org\/{rel}","templated":true}]}}