{"id":31492,"date":"2026-02-09T00:05:00","date_gmt":"2026-02-09T05:05:00","guid":{"rendered":"https:\/\/pcmastersbogota.com.co\/?post_type=product&#038;p=31492"},"modified":"2026-02-09T00:06:28","modified_gmt":"2026-02-09T05:06:28","slug":"xpg-600w-probe-80-plus-bronze","status":"publish","type":"product","link":"https:\/\/pcmastersbogota.com.co\/es_es\/producto\/xpg-600w-probe-80-plus-bronze\/","title":{"rendered":"XPG 600W PROBE 80 PLUS BRONZE"},"content":{"rendered":"<div class=\"vc_row wpb_row vc_inner vc_row-fluid et_custom_uniqid_69896a5f53f02\">\n<div class=\"wpb_column vc_column_container vc_col-sm-12 et_custom_uniqid_69896a5f540d2\">\n<div class=\"vc_column-inner\">\n<div class=\"wpb_wrapper\">\n<div class=\"wpb_text_column wpb_content_element\">\n<div class=\"wpb_wrapper\">\n<h1><strong>PROBE<\/strong><\/h1>\n<\/div>\n<\/div>\n<div class=\"wpb_text_column wpb_content_element\">\n<div class=\"wpb_wrapper\">\n<h3>VIABLE, APLICABLE Y FIABLE<\/h3>\n<\/div>\n<\/div>\n<div class=\"wpb_text_column wpb_content_element\">\n<div class=\"wpb_wrapper\">\n<p>Con un rendimiento de hasta el 87% al 50% de carga y un ventilador de 120 mm de bajo ruido con curva inteligente, XPG PROBE est\u00e1 dise\u00f1ado para proporcionar una alimentaci\u00f3n estable y fiable a su sistema.<\/p>\n<\/div>\n<\/div>\n<\/div>\n<\/div>\n<\/div>\n<\/div>\n<div class=\"vc_row wpb_row vc_inner vc_row-fluid et_custom_uniqid_69896a5f53f02\">\n<div class=\"wpb_column vc_column_container vc_col-sm-3 et_custom_uniqid_69896a5f540d2\">\n<div class=\"vc_column-inner\">\n<div class=\"wpb_wrapper\">\n<div class=\"wpb_text_column wpb_content_element\">\n<div class=\"wpb_wrapper\">\n<h2><strong>Eficacia 80 Plus Bronze<\/strong><\/h2>\n<\/div>\n<\/div>\n<div class=\"wpb_text_column wpb_content_element\">\n<div class=\"wpb_wrapper\">\n<p>XPG PROBE satisface los requisitos de la certificaci\u00f3n 80 Plus Bronze con una eficiencia de hasta el 87% al 50% de carga, por lo que garantiza una alimentaci\u00f3n estable a todos los componentes y minimiza el riesgo de da\u00f1os relacionados con la alimentaci\u00f3n.<\/p>\n<\/div>\n<\/div>\n<\/div>\n<\/div>\n<\/div>\n<div class=\"wpb_column vc_column_container vc_col-sm-9 et_custom_uniqid_69896a5f540d2\">\n<div class=\"vc_column-inner\">\n<div class=\"wpb_wrapper\">\n<div class=\"wpb_text_column wpb_content_element\">\n<div class=\"wpb_wrapper\">\n<p><img decoding=\"async\" class=\"aos-init aos-animate ls-is-cached lazyloaded aligncenter\" src=\"https:\/\/webapi3.adata.com\/storage\/product\/xpg_probe_f_1920x800_01.jpg\" alt=\"\" data-src=\"https:\/\/webapi3.adata.com\/storage\/product\/xpg_probe_f_1920x800_01.jpg\" data-aos=\"fade-zoom-in\" \/><\/p>\n<\/div>\n<\/div>\n<\/div>\n<\/div>\n<\/div>\n<\/div>\n<div class=\"vc_row wpb_row vc_inner vc_row-fluid et_custom_uniqid_69896a5f53f02\">\n<div class=\"wpb_column vc_column_container vc_col-sm-9 et_custom_uniqid_69896a5f540d2\">\n<div class=\"vc_column-inner\">\n<div class=\"wpb_wrapper\">\n<div class=\"wpb_text_column wpb_content_element\">\n<div class=\"wpb_wrapper\">\n<p><img decoding=\"async\" class=\"aos-init aos-animate ls-is-cached lazyloaded aligncenter\" src=\"https:\/\/webapi3.adata.com\/storage\/product\/xpg_probe_f_1920x800_02.jpg\" alt=\"\" data-src=\"https:\/\/webapi3.adata.com\/storage\/product\/xpg_probe_f_1920x800_02.jpg\" data-aos=\"fade-zoom-in\" \/><\/p>\n<\/div>\n<\/div>\n<\/div>\n<\/div>\n<\/div>\n<div class=\"wpb_column vc_column_container vc_col-sm-3 et_custom_uniqid_69896a5f540d2\">\n<div class=\"vc_column-inner\">\n<div class=\"wpb_wrapper\">\n<div class=\"wpb_text_column wpb_content_element\">\n<div class=\"wpb_wrapper\">\n<h2><strong>Mayor seguridad de funcionamiento<\/strong><\/h2>\n<\/div>\n<\/div>\n<div class=\"wpb_text_column wpb_content_element\">\n<div class=\"wpb_wrapper\">\n<p>Al contrario que la mayor\u00eda de fuentes de alimentaci\u00f3n Bronze, XPG PROBE es compatible con ATX v2.52, lo que mejora la fiabilidad general y proporciona un funcionamiento m\u00e1s seguro para su hardware actual y futuro.<\/p>\n<\/div>\n<\/div>\n<\/div>\n<\/div>\n<\/div>\n<\/div>\n<div class=\"wpb_text_column wpb_content_element\">\n<div class=\"wpb_wrapper\">\n<h1><strong>Tama\u00f1o compacto para una f\u00e1cil instalaci\u00f3n<\/strong><\/h1>\n<\/div>\n<\/div>\n<div class=\"wpb_text_column wpb_content_element\">\n<div class=\"wpb_wrapper\">\n<p>Con una longitud compacta de 140 mm, XPG PROBE permite una instalaci\u00f3n m\u00e1s sencilla en las principales carcasas de PC y reduce el desorden de cables.<\/p>\n<\/div>\n<\/div>\n<div class=\"vc_row wpb_row vc_inner vc_row-fluid et_custom_uniqid_69896a5f53f02\">\n<div class=\"wpb_column vc_column_container vc_col-sm-4 et_custom_uniqid_69896a5f540d2\">\n<div class=\"vc_column-inner\">\n<div class=\"wpb_wrapper\">\n<div class=\"wpb_text_column wpb_content_element\">\n<div class=\"wpb_wrapper\">\n<h2><strong>Dise\u00f1o inteligente de ventilador curvo<\/strong><\/h2>\n<\/div>\n<\/div>\n<div class=\"wpb_text_column wpb_content_element\">\n<div class=\"wpb_wrapper\">\n<p>El ventilador de 120 mm de bajo nivel de ruido y con cojinete de manguito, presenta un dise\u00f1o de curva inteligente que mantiene la fuente de alimentaci\u00f3n fr\u00eda sin ruido excesivo, reduciendo as\u00ed el consumo de energ\u00eda para enfriamiento y mejorando la eficiencia energ\u00e9tica general.<\/p>\n<\/div>\n<\/div>\n<div class=\"wpb_text_column wpb_content_element\">\n<div class=\"wpb_wrapper\">\n<h2><strong>Vida \u00fatil larga y fiable<\/strong><\/h2>\n<\/div>\n<\/div>\n<div class=\"wpb_text_column wpb_content_element\">\n<div class=\"wpb_wrapper\">\n<p>XPG PROBE viene con condensadores de alta calidad con una clasificaci\u00f3n de 105\u00b0C, que ofrecen una mayor fiabilidad, una eficiencia superior y una vida \u00fatil m\u00e1s larga.<\/p>\n<\/div>\n<\/div>\n<\/div>\n<\/div>\n<\/div>\n<div class=\"wpb_column vc_column_container vc_col-sm-8 et_custom_uniqid_69896a5f540d2\">\n<div class=\"vc_column-inner\">\n<div class=\"wpb_wrapper\">\n<div class=\"wpb_text_column wpb_content_element\">\n<div class=\"wpb_wrapper\">\n<p><img decoding=\"async\" class=\"aos-init lazyloaded aos-animate aligncenter\" src=\"https:\/\/webapi3.adata.com\/storage\/product\/xpg_probe_f_1920x800_04.jpg\" alt=\"\" data-src=\"https:\/\/webapi3.adata.com\/storage\/product\/xpg_probe_f_1920x800_04.jpg\" data-aos=\"fade-zoom-in\" \/><\/p>\n<\/div>\n<\/div>\n<\/div>\n<\/div>\n<\/div>\n<\/div>\n<div class=\"wpb_text_column wpb_content_element\">\n<div class=\"wpb_wrapper\">\n<h1><strong>Seis Medidas de Seguridad Industriales<\/strong><\/h1>\n<\/div>\n<\/div>\n<div class=\"wpb_text_column wpb_content_element\">\n<div class=\"wpb_wrapper\">\n<p>XPG PROBE ofrece 6 medidas de protecci\u00f3n de grado industrial, que a\u00edslan su sistema contra sobrealimentaci\u00f3n, sobretensi\u00f3n, picos de tensi\u00f3n e irrupciones, subtensi\u00f3n, cortocircuitos y sobretemperatura.<\/p>\n<\/div>\n<\/div>\n<div class=\"wpb_text_column wpb_content_element\">\n<div class=\"wpb_wrapper\">\n<h2><strong>Cables<\/strong><\/h2>\n<\/div>\n<\/div>\n<div class=\"wpb_text_column wpb_content_element\">\n<div class=\"wpb_wrapper\">\n<p><img decoding=\"async\" class=\"aos-init aos-animate lazyloaded aligncenter\" src=\"https:\/\/webapi3.adata.com\/storage\/product\/xpg_probe_f_1920x800_07.jpg\" alt=\"\" data-src=\"https:\/\/webapi3.adata.com\/storage\/product\/xpg_probe_f_1920x800_07.jpg\" data-aos=\"fade-up\" data-aos-delay=\"300\" \/><\/p>\n<\/div>\n<\/div>\n","protected":false},"excerpt":{"rendered":"<p data-start=\"355\" data-end=\"477\"><strong data-start=\"355\" data-end=\"389\">Certificaci\u00f3n 80 Plus Bronze :<\/strong>\u00a0Mayor eficiencia energ\u00e9tica que reduce el consumo el\u00e9ctrico y la generaci\u00f3n de calor.<\/p>\n<p data-start=\"479\" data-end=\"591\"><strong data-start=\"479\" data-end=\"510\">Dise\u00f1o de Voltaje Estable :<\/strong>\u00a0Entrega de energ\u00eda segura y constante que protege los componentes del sistema.<\/p>\n<p data-start=\"593\" data-end=\"715\"><strong data-start=\"593\" data-end=\"630\">Ventilador Silencioso de 120 mm :<\/strong>\u00a0Refrigeraci\u00f3n eficiente con bajo nivel de ruido para un funcionamiento m\u00e1s c\u00f3modo.<\/p>\n<p data-start=\"717\" data-end=\"847\"><strong data-start=\"717\" data-end=\"746\">Protecciones Integradas :<\/strong>\u00a0Sistemas de seguridad contra sobrevoltaje, sobrecorriente y cortocircuitos para mayor durabilidad.<\/p>\n<p data-start=\"849\" data-end=\"954\"><strong data-start=\"849\" data-end=\"883\">Compatibilidad ATX Universal :<\/strong>\u00a0Ideal para la mayor\u00eda de gabinetes y configuraciones PC del mercado.<\/p>\n","protected":false},"featured_media":31493,"comment_status":"closed","ping_status":"closed","template":"","meta":[],"pwb-brand":[104],"product_brand":[],"product_cat":[313],"product_tag":[588,426],"class_list":{"0":"post-31492","1":"product","2":"type-product","3":"status-publish","4":"has-post-thumbnail","6":"pwb-brand-xpg","7":"product_cat-fuentes-de-poder","8":"product_tag-bronze","9":"product_tag-xpg","11":"first","12":"instock","13":"sale","14":"taxable","15":"shipping-taxable","16":"purchasable","17":"product-type-simple"},"yoast_head":"<!-- This site is optimized with the Yoast SEO plugin v26.7 - https:\/\/yoast.com\/wordpress\/plugins\/seo\/ -->\n<title>XPG 600W PROBE 80 PLUS BRONZE - PC MASTERS BOGOTA<\/title>\n<meta name=\"robots\" content=\"index, follow, max-snippet:-1, max-image-preview:large, max-video-preview:-1\" \/>\n<link rel=\"canonical\" href=\"https:\/\/pcmastersbogota.com.co\/es_es\/producto\/xpg-600w-probe-80-plus-bronze\/\" \/>\n<meta property=\"og:locale\" content=\"es_ES\" \/>\n<meta property=\"og:type\" content=\"article\" \/>\n<meta property=\"og:title\" content=\"XPG 600W PROBE 80 PLUS BRONZE - PC MASTERS BOGOTA\" \/>\n<meta property=\"og:description\" content=\"Certificaci\u00f3n 80 Plus Bronze :\u00a0Mayor eficiencia energ\u00e9tica que reduce el consumo el\u00e9ctrico y la generaci\u00f3n de calor. Dise\u00f1o de Voltaje Estable :\u00a0Entrega de energ\u00eda segura y constante que protege los componentes del sistema. Ventilador Silencioso de 120 mm :\u00a0Refrigeraci\u00f3n eficiente con bajo nivel de ruido para un funcionamiento m\u00e1s c\u00f3modo. Protecciones Integradas :\u00a0Sistemas de seguridad contra sobrevoltaje, sobrecorriente y cortocircuitos para mayor durabilidad. Compatibilidad ATX Universal :\u00a0Ideal para la mayor\u00eda de gabinetes y configuraciones PC del mercado.\" \/>\n<meta property=\"og:url\" content=\"https:\/\/pcmastersbogota.com.co\/es_es\/producto\/xpg-600w-probe-80-plus-bronze\/\" \/>\n<meta property=\"og:site_name\" content=\"PC MASTERS BOGOTA\" \/>\n<meta property=\"article:modified_time\" content=\"2026-02-09T05:06:28+00:00\" \/>\n<meta property=\"og:image\" content=\"https:\/\/pcmastersbogota.com.co\/wp-content\/uploads\/2026\/02\/imagen_2026-02-09_000248888.png\" \/>\n\t<meta property=\"og:image:width\" content=\"1080\" \/>\n\t<meta property=\"og:image:height\" content=\"1080\" \/>\n\t<meta property=\"og:image:type\" content=\"image\/png\" \/>\n<meta name=\"twitter:card\" content=\"summary_large_image\" \/>\n<meta name=\"twitter:label1\" content=\"Tiempo de lectura\" \/>\n\t<meta name=\"twitter:data1\" content=\"3 minutos\" \/>\n<script type=\"application\/ld+json\" class=\"yoast-schema-graph\">{\"@context\":\"https:\/\/schema.org\",\"@graph\":[{\"@type\":\"WebPage\",\"@id\":\"https:\/\/pcmastersbogota.com.co\/producto\/xpg-600w-probe-80-plus-bronze\/\",\"url\":\"https:\/\/pcmastersbogota.com.co\/producto\/xpg-600w-probe-80-plus-bronze\/\",\"name\":\"XPG 600W PROBE 80 PLUS BRONZE - PC MASTERS BOGOTA\",\"isPartOf\":{\"@id\":\"https:\/\/pcmastersbogota.com.co\/es_es\/#website\"},\"primaryImageOfPage\":{\"@id\":\"https:\/\/pcmastersbogota.com.co\/producto\/xpg-600w-probe-80-plus-bronze\/#primaryimage\"},\"image\":{\"@id\":\"https:\/\/pcmastersbogota.com.co\/producto\/xpg-600w-probe-80-plus-bronze\/#primaryimage\"},\"thumbnailUrl\":\"https:\/\/pcmastersbogota.com.co\/wp-content\/uploads\/2026\/02\/imagen_2026-02-09_000248888.png\",\"datePublished\":\"2026-02-09T05:05:00+00:00\",\"dateModified\":\"2026-02-09T05:06:28+00:00\",\"breadcrumb\":{\"@id\":\"https:\/\/pcmastersbogota.com.co\/producto\/xpg-600w-probe-80-plus-bronze\/#breadcrumb\"},\"inLanguage\":\"es\",\"potentialAction\":[{\"@type\":\"ReadAction\",\"target\":[\"https:\/\/pcmastersbogota.com.co\/producto\/xpg-600w-probe-80-plus-bronze\/\"]}]},{\"@type\":\"ImageObject\",\"inLanguage\":\"es\",\"@id\":\"https:\/\/pcmastersbogota.com.co\/producto\/xpg-600w-probe-80-plus-bronze\/#primaryimage\",\"url\":\"https:\/\/pcmastersbogota.com.co\/wp-content\/uploads\/2026\/02\/imagen_2026-02-09_000248888.png\",\"contentUrl\":\"https:\/\/pcmastersbogota.com.co\/wp-content\/uploads\/2026\/02\/imagen_2026-02-09_000248888.png\",\"width\":1080,\"height\":1080},{\"@type\":\"BreadcrumbList\",\"@id\":\"https:\/\/pcmastersbogota.com.co\/producto\/xpg-600w-probe-80-plus-bronze\/#breadcrumb\",\"itemListElement\":[{\"@type\":\"ListItem\",\"position\":1,\"name\":\"Home\",\"item\":\"https:\/\/pcmastersbogota.com.co\/\"},{\"@type\":\"ListItem\",\"position\":2,\"name\":\"Tienda\",\"item\":\"https:\/\/pcmastersbogota.com.co\/es_es\/tienda\/\"},{\"@type\":\"ListItem\",\"position\":3,\"name\":\"XPG 600W PROBE 80 PLUS BRONZE\"}]},{\"@type\":\"WebSite\",\"@id\":\"https:\/\/pcmastersbogota.com.co\/es_es\/#website\",\"url\":\"https:\/\/pcmastersbogota.com.co\/es_es\/\",\"name\":\"PC MASTERS BOGOTA\",\"description\":\"\",\"potentialAction\":[{\"@type\":\"SearchAction\",\"target\":{\"@type\":\"EntryPoint\",\"urlTemplate\":\"https:\/\/pcmastersbogota.com.co\/es_es\/?s={search_term_string}\"},\"query-input\":{\"@type\":\"PropertyValueSpecification\",\"valueRequired\":true,\"valueName\":\"search_term_string\"}}],\"inLanguage\":\"es\"}]}<\/script>\n<!-- \/ Yoast SEO plugin. -->","yoast_head_json":{"title":"XPG 600W PROBE 80 PLUS BRONZE - PC MASTERS BOGOTA","robots":{"index":"index","follow":"follow","max-snippet":"max-snippet:-1","max-image-preview":"max-image-preview:large","max-video-preview":"max-video-preview:-1"},"canonical":"https:\/\/pcmastersbogota.com.co\/es_es\/producto\/xpg-600w-probe-80-plus-bronze\/","og_locale":"es_ES","og_type":"article","og_title":"XPG 600W PROBE 80 PLUS BRONZE - PC MASTERS BOGOTA","og_description":"Certificaci\u00f3n 80 Plus Bronze :\u00a0Mayor eficiencia energ\u00e9tica que reduce el consumo el\u00e9ctrico y la generaci\u00f3n de calor. Dise\u00f1o de Voltaje Estable :\u00a0Entrega de energ\u00eda segura y constante que protege los componentes del sistema. Ventilador Silencioso de 120 mm :\u00a0Refrigeraci\u00f3n eficiente con bajo nivel de ruido para un funcionamiento m\u00e1s c\u00f3modo. Protecciones Integradas :\u00a0Sistemas de seguridad contra sobrevoltaje, sobrecorriente y cortocircuitos para mayor durabilidad. Compatibilidad ATX Universal :\u00a0Ideal para la mayor\u00eda de gabinetes y configuraciones PC del mercado.","og_url":"https:\/\/pcmastersbogota.com.co\/es_es\/producto\/xpg-600w-probe-80-plus-bronze\/","og_site_name":"PC MASTERS BOGOTA","article_modified_time":"2026-02-09T05:06:28+00:00","og_image":[{"width":1080,"height":1080,"url":"https:\/\/pcmastersbogota.com.co\/wp-content\/uploads\/2026\/02\/imagen_2026-02-09_000248888.png","type":"image\/png"}],"twitter_card":"summary_large_image","twitter_misc":{"Tiempo de lectura":"3 minutos"},"schema":{"@context":"https:\/\/schema.org","@graph":[{"@type":"WebPage","@id":"https:\/\/pcmastersbogota.com.co\/producto\/xpg-600w-probe-80-plus-bronze\/","url":"https:\/\/pcmastersbogota.com.co\/producto\/xpg-600w-probe-80-plus-bronze\/","name":"XPG 600W PROBE 80 PLUS BRONZE - PC MASTERS BOGOTA","isPartOf":{"@id":"https:\/\/pcmastersbogota.com.co\/es_es\/#website"},"primaryImageOfPage":{"@id":"https:\/\/pcmastersbogota.com.co\/producto\/xpg-600w-probe-80-plus-bronze\/#primaryimage"},"image":{"@id":"https:\/\/pcmastersbogota.com.co\/producto\/xpg-600w-probe-80-plus-bronze\/#primaryimage"},"thumbnailUrl":"https:\/\/pcmastersbogota.com.co\/wp-content\/uploads\/2026\/02\/imagen_2026-02-09_000248888.png","datePublished":"2026-02-09T05:05:00+00:00","dateModified":"2026-02-09T05:06:28+00:00","breadcrumb":{"@id":"https:\/\/pcmastersbogota.com.co\/producto\/xpg-600w-probe-80-plus-bronze\/#breadcrumb"},"inLanguage":"es","potentialAction":[{"@type":"ReadAction","target":["https:\/\/pcmastersbogota.com.co\/producto\/xpg-600w-probe-80-plus-bronze\/"]}]},{"@type":"ImageObject","inLanguage":"es","@id":"https:\/\/pcmastersbogota.com.co\/producto\/xpg-600w-probe-80-plus-bronze\/#primaryimage","url":"https:\/\/pcmastersbogota.com.co\/wp-content\/uploads\/2026\/02\/imagen_2026-02-09_000248888.png","contentUrl":"https:\/\/pcmastersbogota.com.co\/wp-content\/uploads\/2026\/02\/imagen_2026-02-09_000248888.png","width":1080,"height":1080},{"@type":"BreadcrumbList","@id":"https:\/\/pcmastersbogota.com.co\/producto\/xpg-600w-probe-80-plus-bronze\/#breadcrumb","itemListElement":[{"@type":"ListItem","position":1,"name":"Home","item":"https:\/\/pcmastersbogota.com.co\/"},{"@type":"ListItem","position":2,"name":"Tienda","item":"https:\/\/pcmastersbogota.com.co\/es_es\/tienda\/"},{"@type":"ListItem","position":3,"name":"XPG 600W PROBE 80 PLUS BRONZE"}]},{"@type":"WebSite","@id":"https:\/\/pcmastersbogota.com.co\/es_es\/#website","url":"https:\/\/pcmastersbogota.com.co\/es_es\/","name":"PC MASTERS BOGOTA","description":"","potentialAction":[{"@type":"SearchAction","target":{"@type":"EntryPoint","urlTemplate":"https:\/\/pcmastersbogota.com.co\/es_es\/?s={search_term_string}"},"query-input":{"@type":"PropertyValueSpecification","valueRequired":true,"valueName":"search_term_string"}}],"inLanguage":"es"}]}},"brands":[{"id":104,"name":"XPG","slug":"xpg"}],"_links":{"self":[{"href":"https:\/\/pcmastersbogota.com.co\/es_es\/wp-json\/wp\/v2\/product\/31492","targetHints":{"allow":["GET"]}}],"collection":[{"href":"https:\/\/pcmastersbogota.com.co\/es_es\/wp-json\/wp\/v2\/product"}],"about":[{"href":"https:\/\/pcmastersbogota.com.co\/es_es\/wp-json\/wp\/v2\/types\/product"}],"replies":[{"embeddable":true,"href":"https:\/\/pcmastersbogota.com.co\/es_es\/wp-json\/wp\/v2\/comments?post=31492"}],"version-history":[{"count":1,"href":"https:\/\/pcmastersbogota.com.co\/es_es\/wp-json\/wp\/v2\/product\/31492\/revisions"}],"predecessor-version":[{"id":31499,"href":"https:\/\/pcmastersbogota.com.co\/es_es\/wp-json\/wp\/v2\/product\/31492\/revisions\/31499"}],"wp:featuredmedia":[{"embeddable":true,"href":"https:\/\/pcmastersbogota.com.co\/es_es\/wp-json\/wp\/v2\/media\/31493"}],"wp:attachment":[{"href":"https:\/\/pcmastersbogota.com.co\/es_es\/wp-json\/wp\/v2\/media?parent=31492"}],"wp:term":[{"taxonomy":"pwb-brand","embeddable":true,"href":"https:\/\/pcmastersbogota.com.co\/es_es\/wp-json\/wp\/v2\/pwb-brand?post=31492"},{"taxonomy":"product_brand","embeddable":true,"href":"https:\/\/pcmastersbogota.com.co\/es_es\/wp-json\/wp\/v2\/product_brand?post=31492"},{"taxonomy":"product_cat","embeddable":true,"href":"https:\/\/pcmastersbogota.com.co\/es_es\/wp-json\/wp\/v2\/product_cat?post=31492"},{"taxonomy":"product_tag","embeddable":true,"href":"https:\/\/pcmastersbogota.com.co\/es_es\/wp-json\/wp\/v2\/product_tag?post=31492"}],"curies":[{"name":"wp","href":"https:\/\/api.w.org\/{rel}","templated":true}]}}