{"id":31927,"date":"2026-03-12T21:36:18","date_gmt":"2026-03-13T02:36:18","guid":{"rendered":"https:\/\/pcmastersbogota.com.co\/?post_type=product&#038;p=31927"},"modified":"2026-04-15T16:10:18","modified_gmt":"2026-04-15T21:10:18","slug":"lian-li-vector-v100r-mini","status":"publish","type":"product","link":"https:\/\/pcmastersbogota.com.co\/es_es\/producto\/lian-li-vector-v100r-mini\/","title":{"rendered":"LIAN LI VECTOR V100R MINI BLACK"},"content":{"rendered":"<p style=\"text-align: center;\"><a href=\"https:\/\/pcmastersbogota.com.co\/wp-content\/uploads\/2026\/03\/Screenshot-2026-03-12-212230_edited.png\"><img fetchpriority=\"high\" decoding=\"async\" class=\"alignnone size-full wp-image-31939\" src=\"https:\/\/pcmastersbogota.com.co\/wp-content\/uploads\/2026\/03\/Screenshot-2026-03-12-212230_edited.png\" alt=\"\" width=\"1071\" height=\"998\" srcset=\"https:\/\/pcmastersbogota.com.co\/wp-content\/uploads\/2026\/03\/Screenshot-2026-03-12-212230_edited.png 1071w, https:\/\/pcmastersbogota.com.co\/wp-content\/uploads\/2026\/03\/Screenshot-2026-03-12-212230_edited-300x280.png 300w, https:\/\/pcmastersbogota.com.co\/wp-content\/uploads\/2026\/03\/Screenshot-2026-03-12-212230_edited-1024x954.png 1024w, https:\/\/pcmastersbogota.com.co\/wp-content\/uploads\/2026\/03\/Screenshot-2026-03-12-212230_edited-768x716.png 768w, https:\/\/pcmastersbogota.com.co\/wp-content\/uploads\/2026\/03\/Screenshot-2026-03-12-212230_edited-13x12.png 13w, https:\/\/pcmastersbogota.com.co\/wp-content\/uploads\/2026\/03\/Screenshot-2026-03-12-212230_edited-150x140.png 150w\" sizes=\"(max-width: 1071px) 100vw, 1071px\" \/><\/a><\/p>\n<div style=\"width: 1280px;\" class=\"wp-video\"><video class=\"wp-video-shortcode\" id=\"video-31927-1\" width=\"1280\" height=\"720\" loop autoplay preload=\"auto\" controls=\"controls\"><source type=\"video\/mp4\" src=\"https:\/\/pcmastersbogota.com.co\/wp-content\/uploads\/2026\/03\/LIAN-LI-VECTOR-V100-Mini-Official-Product-Video.mp4?_=1\" \/><a href=\"https:\/\/pcmastersbogota.com.co\/wp-content\/uploads\/2026\/03\/LIAN-LI-VECTOR-V100-Mini-Official-Product-Video.mp4\">https:\/\/pcmastersbogota.com.co\/wp-content\/uploads\/2026\/03\/LIAN-LI-VECTOR-V100-Mini-Official-Product-Video.mp4<\/a><\/video><\/div>\n<p style=\"text-align: center;\"><a href=\"https:\/\/pcmastersbogota.com.co\/wp-content\/uploads\/2026\/03\/Screenshot-2026-03-12-212248_edited.png\"><img decoding=\"async\" class=\"alignnone size-full wp-image-31938\" src=\"https:\/\/pcmastersbogota.com.co\/wp-content\/uploads\/2026\/03\/Screenshot-2026-03-12-212248_edited.png\" alt=\"\" width=\"1106\" height=\"666\" srcset=\"https:\/\/pcmastersbogota.com.co\/wp-content\/uploads\/2026\/03\/Screenshot-2026-03-12-212248_edited.png 1106w, https:\/\/pcmastersbogota.com.co\/wp-content\/uploads\/2026\/03\/Screenshot-2026-03-12-212248_edited-300x181.png 300w, https:\/\/pcmastersbogota.com.co\/wp-content\/uploads\/2026\/03\/Screenshot-2026-03-12-212248_edited-1024x617.png 1024w, https:\/\/pcmastersbogota.com.co\/wp-content\/uploads\/2026\/03\/Screenshot-2026-03-12-212248_edited-768x462.png 768w, https:\/\/pcmastersbogota.com.co\/wp-content\/uploads\/2026\/03\/Screenshot-2026-03-12-212248_edited-18x12.png 18w, https:\/\/pcmastersbogota.com.co\/wp-content\/uploads\/2026\/03\/Screenshot-2026-03-12-212248_edited-150x90.png 150w\" sizes=\"(max-width: 1106px) 100vw, 1106px\" \/><\/a> <a href=\"https:\/\/pcmastersbogota.com.co\/wp-content\/uploads\/2026\/03\/Screenshot-2026-03-12-212305_edited.png\"><img decoding=\"async\" class=\"alignnone size-full wp-image-31937\" src=\"https:\/\/pcmastersbogota.com.co\/wp-content\/uploads\/2026\/03\/Screenshot-2026-03-12-212305_edited.png\" alt=\"\" width=\"1182\" height=\"764\" srcset=\"https:\/\/pcmastersbogota.com.co\/wp-content\/uploads\/2026\/03\/Screenshot-2026-03-12-212305_edited.png 1182w, https:\/\/pcmastersbogota.com.co\/wp-content\/uploads\/2026\/03\/Screenshot-2026-03-12-212305_edited-300x194.png 300w, https:\/\/pcmastersbogota.com.co\/wp-content\/uploads\/2026\/03\/Screenshot-2026-03-12-212305_edited-1024x662.png 1024w, https:\/\/pcmastersbogota.com.co\/wp-content\/uploads\/2026\/03\/Screenshot-2026-03-12-212305_edited-768x496.png 768w, https:\/\/pcmastersbogota.com.co\/wp-content\/uploads\/2026\/03\/Screenshot-2026-03-12-212305_edited-18x12.png 18w, https:\/\/pcmastersbogota.com.co\/wp-content\/uploads\/2026\/03\/Screenshot-2026-03-12-212305_edited-150x97.png 150w\" sizes=\"(max-width: 1182px) 100vw, 1182px\" \/><\/a> <a href=\"https:\/\/pcmastersbogota.com.co\/wp-content\/uploads\/2026\/03\/Screenshot-2026-03-12-212339_edited.png\"><img loading=\"lazy\" decoding=\"async\" class=\"alignnone size-full wp-image-31936\" src=\"https:\/\/pcmastersbogota.com.co\/wp-content\/uploads\/2026\/03\/Screenshot-2026-03-12-212339_edited.png\" alt=\"\" width=\"1109\" height=\"629\" srcset=\"https:\/\/pcmastersbogota.com.co\/wp-content\/uploads\/2026\/03\/Screenshot-2026-03-12-212339_edited.png 1109w, https:\/\/pcmastersbogota.com.co\/wp-content\/uploads\/2026\/03\/Screenshot-2026-03-12-212339_edited-300x170.png 300w, https:\/\/pcmastersbogota.com.co\/wp-content\/uploads\/2026\/03\/Screenshot-2026-03-12-212339_edited-1024x581.png 1024w, https:\/\/pcmastersbogota.com.co\/wp-content\/uploads\/2026\/03\/Screenshot-2026-03-12-212339_edited-768x436.png 768w, https:\/\/pcmastersbogota.com.co\/wp-content\/uploads\/2026\/03\/Screenshot-2026-03-12-212339_edited-18x10.png 18w, https:\/\/pcmastersbogota.com.co\/wp-content\/uploads\/2026\/03\/Screenshot-2026-03-12-212339_edited-150x85.png 150w\" sizes=\"(max-width: 1109px) 100vw, 1109px\" \/><\/a> <a href=\"https:\/\/pcmastersbogota.com.co\/wp-content\/uploads\/2026\/03\/Screenshot-2026-03-12-212354_edited.png\"><img loading=\"lazy\" decoding=\"async\" class=\"alignnone size-full wp-image-31935\" src=\"https:\/\/pcmastersbogota.com.co\/wp-content\/uploads\/2026\/03\/Screenshot-2026-03-12-212354_edited.png\" alt=\"\" width=\"1231\" height=\"887\" srcset=\"https:\/\/pcmastersbogota.com.co\/wp-content\/uploads\/2026\/03\/Screenshot-2026-03-12-212354_edited.png 1231w, https:\/\/pcmastersbogota.com.co\/wp-content\/uploads\/2026\/03\/Screenshot-2026-03-12-212354_edited-300x216.png 300w, https:\/\/pcmastersbogota.com.co\/wp-content\/uploads\/2026\/03\/Screenshot-2026-03-12-212354_edited-1024x738.png 1024w, https:\/\/pcmastersbogota.com.co\/wp-content\/uploads\/2026\/03\/Screenshot-2026-03-12-212354_edited-768x553.png 768w, https:\/\/pcmastersbogota.com.co\/wp-content\/uploads\/2026\/03\/Screenshot-2026-03-12-212354_edited-18x12.png 18w, https:\/\/pcmastersbogota.com.co\/wp-content\/uploads\/2026\/03\/Screenshot-2026-03-12-212354_edited-1200x865.png 1200w, https:\/\/pcmastersbogota.com.co\/wp-content\/uploads\/2026\/03\/Screenshot-2026-03-12-212354_edited-150x108.png 150w\" sizes=\"(max-width: 1231px) 100vw, 1231px\" \/><\/a> <a href=\"https:\/\/pcmastersbogota.com.co\/wp-content\/uploads\/2026\/03\/Screenshot-2026-03-12-212421_edited.png\"><img loading=\"lazy\" decoding=\"async\" class=\"alignnone size-full wp-image-31934\" src=\"https:\/\/pcmastersbogota.com.co\/wp-content\/uploads\/2026\/03\/Screenshot-2026-03-12-212421_edited.png\" alt=\"\" width=\"1102\" height=\"855\" srcset=\"https:\/\/pcmastersbogota.com.co\/wp-content\/uploads\/2026\/03\/Screenshot-2026-03-12-212421_edited.png 1102w, https:\/\/pcmastersbogota.com.co\/wp-content\/uploads\/2026\/03\/Screenshot-2026-03-12-212421_edited-300x233.png 300w, https:\/\/pcmastersbogota.com.co\/wp-content\/uploads\/2026\/03\/Screenshot-2026-03-12-212421_edited-1024x794.png 1024w, https:\/\/pcmastersbogota.com.co\/wp-content\/uploads\/2026\/03\/Screenshot-2026-03-12-212421_edited-768x596.png 768w, https:\/\/pcmastersbogota.com.co\/wp-content\/uploads\/2026\/03\/Screenshot-2026-03-12-212421_edited-15x12.png 15w, https:\/\/pcmastersbogota.com.co\/wp-content\/uploads\/2026\/03\/Screenshot-2026-03-12-212421_edited-150x116.png 150w\" sizes=\"(max-width: 1102px) 100vw, 1102px\" \/><\/a> <a href=\"https:\/\/pcmastersbogota.com.co\/wp-content\/uploads\/2026\/03\/Screenshot-2026-03-12-212457_edited.png\"><img loading=\"lazy\" decoding=\"async\" class=\"alignnone size-full wp-image-31933\" src=\"https:\/\/pcmastersbogota.com.co\/wp-content\/uploads\/2026\/03\/Screenshot-2026-03-12-212457_edited.png\" alt=\"\" width=\"1082\" height=\"1215\" srcset=\"https:\/\/pcmastersbogota.com.co\/wp-content\/uploads\/2026\/03\/Screenshot-2026-03-12-212457_edited.png 1082w, https:\/\/pcmastersbogota.com.co\/wp-content\/uploads\/2026\/03\/Screenshot-2026-03-12-212457_edited-267x300.png 267w, https:\/\/pcmastersbogota.com.co\/wp-content\/uploads\/2026\/03\/Screenshot-2026-03-12-212457_edited-912x1024.png 912w, https:\/\/pcmastersbogota.com.co\/wp-content\/uploads\/2026\/03\/Screenshot-2026-03-12-212457_edited-768x862.png 768w, https:\/\/pcmastersbogota.com.co\/wp-content\/uploads\/2026\/03\/Screenshot-2026-03-12-212457_edited-11x12.png 11w, https:\/\/pcmastersbogota.com.co\/wp-content\/uploads\/2026\/03\/Screenshot-2026-03-12-212457_edited-150x168.png 150w\" sizes=\"(max-width: 1082px) 100vw, 1082px\" \/><\/a> <a href=\"https:\/\/pcmastersbogota.com.co\/wp-content\/uploads\/2026\/03\/Screenshot-2026-03-12-212518_edited.png\"><img loading=\"lazy\" decoding=\"async\" class=\"alignnone size-full wp-image-31932\" src=\"https:\/\/pcmastersbogota.com.co\/wp-content\/uploads\/2026\/03\/Screenshot-2026-03-12-212518_edited.png\" alt=\"\" width=\"1191\" height=\"854\" srcset=\"https:\/\/pcmastersbogota.com.co\/wp-content\/uploads\/2026\/03\/Screenshot-2026-03-12-212518_edited.png 1191w, https:\/\/pcmastersbogota.com.co\/wp-content\/uploads\/2026\/03\/Screenshot-2026-03-12-212518_edited-300x215.png 300w, https:\/\/pcmastersbogota.com.co\/wp-content\/uploads\/2026\/03\/Screenshot-2026-03-12-212518_edited-1024x734.png 1024w, https:\/\/pcmastersbogota.com.co\/wp-content\/uploads\/2026\/03\/Screenshot-2026-03-12-212518_edited-768x551.png 768w, https:\/\/pcmastersbogota.com.co\/wp-content\/uploads\/2026\/03\/Screenshot-2026-03-12-212518_edited-18x12.png 18w, https:\/\/pcmastersbogota.com.co\/wp-content\/uploads\/2026\/03\/Screenshot-2026-03-12-212518_edited-150x108.png 150w\" sizes=\"(max-width: 1191px) 100vw, 1191px\" \/><\/a> <a href=\"https:\/\/pcmastersbogota.com.co\/wp-content\/uploads\/2026\/03\/Screenshot-2026-03-12-212537_edited.png\"><img loading=\"lazy\" decoding=\"async\" class=\"alignnone size-full wp-image-31931\" src=\"https:\/\/pcmastersbogota.com.co\/wp-content\/uploads\/2026\/03\/Screenshot-2026-03-12-212537_edited.png\" alt=\"\" width=\"1123\" height=\"1155\" srcset=\"https:\/\/pcmastersbogota.com.co\/wp-content\/uploads\/2026\/03\/Screenshot-2026-03-12-212537_edited.png 1123w, https:\/\/pcmastersbogota.com.co\/wp-content\/uploads\/2026\/03\/Screenshot-2026-03-12-212537_edited-292x300.png 292w, https:\/\/pcmastersbogota.com.co\/wp-content\/uploads\/2026\/03\/Screenshot-2026-03-12-212537_edited-996x1024.png 996w, https:\/\/pcmastersbogota.com.co\/wp-content\/uploads\/2026\/03\/Screenshot-2026-03-12-212537_edited-768x790.png 768w, https:\/\/pcmastersbogota.com.co\/wp-content\/uploads\/2026\/03\/Screenshot-2026-03-12-212537_edited-12x12.png 12w, https:\/\/pcmastersbogota.com.co\/wp-content\/uploads\/2026\/03\/Screenshot-2026-03-12-212537_edited-150x154.png 150w\" sizes=\"(max-width: 1123px) 100vw, 1123px\" \/><\/a> <a href=\"https:\/\/pcmastersbogota.com.co\/wp-content\/uploads\/2026\/03\/Screenshot-2026-03-12-212602_edited.png\"><img loading=\"lazy\" decoding=\"async\" class=\"alignnone size-full wp-image-31930\" src=\"https:\/\/pcmastersbogota.com.co\/wp-content\/uploads\/2026\/03\/Screenshot-2026-03-12-212602_edited.png\" alt=\"\" width=\"1121\" height=\"814\" srcset=\"https:\/\/pcmastersbogota.com.co\/wp-content\/uploads\/2026\/03\/Screenshot-2026-03-12-212602_edited.png 1121w, https:\/\/pcmastersbogota.com.co\/wp-content\/uploads\/2026\/03\/Screenshot-2026-03-12-212602_edited-300x218.png 300w, https:\/\/pcmastersbogota.com.co\/wp-content\/uploads\/2026\/03\/Screenshot-2026-03-12-212602_edited-1024x744.png 1024w, https:\/\/pcmastersbogota.com.co\/wp-content\/uploads\/2026\/03\/Screenshot-2026-03-12-212602_edited-768x558.png 768w, https:\/\/pcmastersbogota.com.co\/wp-content\/uploads\/2026\/03\/Screenshot-2026-03-12-212602_edited-18x12.png 18w, https:\/\/pcmastersbogota.com.co\/wp-content\/uploads\/2026\/03\/Screenshot-2026-03-12-212602_edited-150x109.png 150w\" sizes=\"(max-width: 1121px) 100vw, 1121px\" \/><\/a> <a href=\"https:\/\/pcmastersbogota.com.co\/wp-content\/uploads\/2026\/03\/Screenshot-2026-03-12-212620_edited.png\"><img loading=\"lazy\" decoding=\"async\" class=\"alignnone size-full wp-image-31929\" src=\"https:\/\/pcmastersbogota.com.co\/wp-content\/uploads\/2026\/03\/Screenshot-2026-03-12-212620_edited.png\" alt=\"\" width=\"1050\" height=\"978\" srcset=\"https:\/\/pcmastersbogota.com.co\/wp-content\/uploads\/2026\/03\/Screenshot-2026-03-12-212620_edited.png 1050w, https:\/\/pcmastersbogota.com.co\/wp-content\/uploads\/2026\/03\/Screenshot-2026-03-12-212620_edited-300x279.png 300w, https:\/\/pcmastersbogota.com.co\/wp-content\/uploads\/2026\/03\/Screenshot-2026-03-12-212620_edited-1024x954.png 1024w, https:\/\/pcmastersbogota.com.co\/wp-content\/uploads\/2026\/03\/Screenshot-2026-03-12-212620_edited-768x715.png 768w, https:\/\/pcmastersbogota.com.co\/wp-content\/uploads\/2026\/03\/Screenshot-2026-03-12-212620_edited-13x12.png 13w, https:\/\/pcmastersbogota.com.co\/wp-content\/uploads\/2026\/03\/Screenshot-2026-03-12-212620_edited-150x140.png 150w\" sizes=\"(max-width: 1050px) 100vw, 1050px\" \/><\/a> <a href=\"https:\/\/pcmastersbogota.com.co\/wp-content\/uploads\/2026\/03\/Screenshot-2026-03-12-212644_edited.png\"><img loading=\"lazy\" decoding=\"async\" class=\"alignnone size-full wp-image-31928\" src=\"https:\/\/pcmastersbogota.com.co\/wp-content\/uploads\/2026\/03\/Screenshot-2026-03-12-212644_edited.png\" alt=\"\" width=\"1094\" height=\"1195\" srcset=\"https:\/\/pcmastersbogota.com.co\/wp-content\/uploads\/2026\/03\/Screenshot-2026-03-12-212644_edited.png 1094w, https:\/\/pcmastersbogota.com.co\/wp-content\/uploads\/2026\/03\/Screenshot-2026-03-12-212644_edited-275x300.png 275w, https:\/\/pcmastersbogota.com.co\/wp-content\/uploads\/2026\/03\/Screenshot-2026-03-12-212644_edited-937x1024.png 937w, https:\/\/pcmastersbogota.com.co\/wp-content\/uploads\/2026\/03\/Screenshot-2026-03-12-212644_edited-768x839.png 768w, https:\/\/pcmastersbogota.com.co\/wp-content\/uploads\/2026\/03\/Screenshot-2026-03-12-212644_edited-11x12.png 11w, https:\/\/pcmastersbogota.com.co\/wp-content\/uploads\/2026\/03\/Screenshot-2026-03-12-212644_edited-150x164.png 150w\" sizes=\"(max-width: 1094px) 100vw, 1094px\" \/><\/a><\/p>\n<div id=\"gtx-trans\" style=\"position: absolute; left: 18px; top: 1068.59px;\">\n<div class=\"gtx-trans-icon\"><\/div>\n<\/div>\n","protected":false},"excerpt":{"rendered":"<ul>\n<li>Chasis mATX compacto dise\u00f1ado para un alto flujo de aire, refrigeraci\u00f3n eficiente y una est\u00e9tica limpia<\/li>\n<li>Admite placas base mATX con conexi\u00f3n posterior para un enrutamiento de cables optimizado<\/li>\n<li>Compatible con formatos de placa base ITX y M-ATX<\/li>\n<li>Admite hasta 9 ventiladores y admite radiadores de hasta 360 mm\/240 mm<\/li>\n<li>Cuenta con paneles de vidrio templado duales de 4 mm para una visualizaci\u00f3n de vitrina de gran angular de 270\u00b0<\/li>\n<li>Tira de luz ARGB integrada con 26 LED<\/li>\n<\/ul>\n","protected":false},"featured_media":31941,"comment_status":"closed","ping_status":"closed","template":"","meta":[],"pwb-brand":[400],"product_brand":[],"product_cat":[76],"product_tag":[380,441,595],"class_list":{"0":"post-31927","1":"product","2":"type-product","3":"status-publish","4":"has-post-thumbnail","6":"pwb-brand-lian-li","7":"product_cat-chasis","8":"product_tag-chasis","9":"product_tag-lian-li","10":"product_tag-micro-atx","12":"first","13":"instock","14":"sale","15":"taxable","16":"shipping-taxable","17":"purchasable","18":"product-type-simple"},"yoast_head":"<!-- This site is optimized with the Yoast SEO plugin v26.7 - https:\/\/yoast.com\/wordpress\/plugins\/seo\/ -->\n<title>LIAN LI VECTOR V100R MINI BLACK - PC MASTERS BOGOTA<\/title>\n<meta name=\"robots\" content=\"index, follow, max-snippet:-1, max-image-preview:large, max-video-preview:-1\" \/>\n<link rel=\"canonical\" href=\"https:\/\/pcmastersbogota.com.co\/es_es\/producto\/lian-li-vector-v100r-mini\/\" \/>\n<meta property=\"og:locale\" content=\"es_ES\" \/>\n<meta property=\"og:type\" content=\"article\" \/>\n<meta property=\"og:title\" content=\"LIAN LI VECTOR V100R MINI BLACK - PC MASTERS BOGOTA\" \/>\n<meta property=\"og:description\" content=\"Chasis mATX compacto dise\u00f1ado para un alto flujo de aire, refrigeraci\u00f3n eficiente y una est\u00e9tica limpia  Admite placas base mATX con conexi\u00f3n posterior para un enrutamiento de cables optimizado  Compatible con formatos de placa base ITX y M-ATX  Admite hasta 9 ventiladores y admite radiadores de hasta 360 mm\/240 mm  Cuenta con paneles de vidrio templado duales de 4 mm para una visualizaci\u00f3n de vitrina de gran angular de 270\u00b0  Tira de luz ARGB integrada con 26 LED\" \/>\n<meta property=\"og:url\" content=\"https:\/\/pcmastersbogota.com.co\/es_es\/producto\/lian-li-vector-v100r-mini\/\" \/>\n<meta property=\"og:site_name\" content=\"PC MASTERS BOGOTA\" \/>\n<meta property=\"article:modified_time\" content=\"2026-04-15T21:10:18+00:00\" \/>\n<meta property=\"og:image\" content=\"https:\/\/pcmastersbogota.com.co\/wp-content\/uploads\/2026\/03\/v100mini_004.jpg\" \/>\n\t<meta property=\"og:image:width\" content=\"600\" \/>\n\t<meta property=\"og:image:height\" content=\"600\" \/>\n\t<meta property=\"og:image:type\" content=\"image\/jpeg\" \/>\n<meta name=\"twitter:card\" content=\"summary_large_image\" \/>\n<meta name=\"twitter:label1\" content=\"Tiempo de lectura\" \/>\n\t<meta name=\"twitter:data1\" content=\"3 minutos\" \/>\n<script type=\"application\/ld+json\" class=\"yoast-schema-graph\">{\"@context\":\"https:\/\/schema.org\",\"@graph\":[{\"@type\":\"WebPage\",\"@id\":\"https:\/\/pcmastersbogota.com.co\/producto\/lian-li-vector-v100r-mini\/\",\"url\":\"https:\/\/pcmastersbogota.com.co\/producto\/lian-li-vector-v100r-mini\/\",\"name\":\"LIAN LI VECTOR V100R MINI BLACK - PC MASTERS BOGOTA\",\"isPartOf\":{\"@id\":\"https:\/\/pcmastersbogota.com.co\/es_es\/#website\"},\"primaryImageOfPage\":{\"@id\":\"https:\/\/pcmastersbogota.com.co\/producto\/lian-li-vector-v100r-mini\/#primaryimage\"},\"image\":{\"@id\":\"https:\/\/pcmastersbogota.com.co\/producto\/lian-li-vector-v100r-mini\/#primaryimage\"},\"thumbnailUrl\":\"https:\/\/pcmastersbogota.com.co\/wp-content\/uploads\/2026\/03\/v100mini_004.jpg\",\"datePublished\":\"2026-03-13T02:36:18+00:00\",\"dateModified\":\"2026-04-15T21:10:18+00:00\",\"breadcrumb\":{\"@id\":\"https:\/\/pcmastersbogota.com.co\/producto\/lian-li-vector-v100r-mini\/#breadcrumb\"},\"inLanguage\":\"es\",\"potentialAction\":[{\"@type\":\"ReadAction\",\"target\":[\"https:\/\/pcmastersbogota.com.co\/producto\/lian-li-vector-v100r-mini\/\"]}]},{\"@type\":\"ImageObject\",\"inLanguage\":\"es\",\"@id\":\"https:\/\/pcmastersbogota.com.co\/producto\/lian-li-vector-v100r-mini\/#primaryimage\",\"url\":\"https:\/\/pcmastersbogota.com.co\/wp-content\/uploads\/2026\/03\/v100mini_004.jpg\",\"contentUrl\":\"https:\/\/pcmastersbogota.com.co\/wp-content\/uploads\/2026\/03\/v100mini_004.jpg\",\"width\":600,\"height\":600},{\"@type\":\"BreadcrumbList\",\"@id\":\"https:\/\/pcmastersbogota.com.co\/producto\/lian-li-vector-v100r-mini\/#breadcrumb\",\"itemListElement\":[{\"@type\":\"ListItem\",\"position\":1,\"name\":\"Home\",\"item\":\"https:\/\/pcmastersbogota.com.co\/\"},{\"@type\":\"ListItem\",\"position\":2,\"name\":\"Tienda\",\"item\":\"https:\/\/pcmastersbogota.com.co\/es_es\/tienda\/\"},{\"@type\":\"ListItem\",\"position\":3,\"name\":\"LIAN LI VECTOR V100R MINI BLACK\"}]},{\"@type\":\"WebSite\",\"@id\":\"https:\/\/pcmastersbogota.com.co\/es_es\/#website\",\"url\":\"https:\/\/pcmastersbogota.com.co\/es_es\/\",\"name\":\"PC MASTERS BOGOTA\",\"description\":\"\",\"potentialAction\":[{\"@type\":\"SearchAction\",\"target\":{\"@type\":\"EntryPoint\",\"urlTemplate\":\"https:\/\/pcmastersbogota.com.co\/es_es\/?s={search_term_string}\"},\"query-input\":{\"@type\":\"PropertyValueSpecification\",\"valueRequired\":true,\"valueName\":\"search_term_string\"}}],\"inLanguage\":\"es\"}]}<\/script>\n<!-- \/ Yoast SEO plugin. -->","yoast_head_json":{"title":"LIAN LI VECTOR V100R MINI BLACK - PC MASTERS BOGOTA","robots":{"index":"index","follow":"follow","max-snippet":"max-snippet:-1","max-image-preview":"max-image-preview:large","max-video-preview":"max-video-preview:-1"},"canonical":"https:\/\/pcmastersbogota.com.co\/es_es\/producto\/lian-li-vector-v100r-mini\/","og_locale":"es_ES","og_type":"article","og_title":"LIAN LI VECTOR V100R MINI BLACK - PC MASTERS BOGOTA","og_description":"Chasis mATX compacto dise\u00f1ado para un alto flujo de aire, refrigeraci\u00f3n eficiente y una est\u00e9tica limpia  Admite placas base mATX con conexi\u00f3n posterior para un enrutamiento de cables optimizado  Compatible con formatos de placa base ITX y M-ATX  Admite hasta 9 ventiladores y admite radiadores de hasta 360 mm\/240 mm  Cuenta con paneles de vidrio templado duales de 4 mm para una visualizaci\u00f3n de vitrina de gran angular de 270\u00b0  Tira de luz ARGB integrada con 26 LED","og_url":"https:\/\/pcmastersbogota.com.co\/es_es\/producto\/lian-li-vector-v100r-mini\/","og_site_name":"PC MASTERS BOGOTA","article_modified_time":"2026-04-15T21:10:18+00:00","og_image":[{"width":600,"height":600,"url":"https:\/\/pcmastersbogota.com.co\/wp-content\/uploads\/2026\/03\/v100mini_004.jpg","type":"image\/jpeg"}],"twitter_card":"summary_large_image","twitter_misc":{"Tiempo de lectura":"3 minutos"},"schema":{"@context":"https:\/\/schema.org","@graph":[{"@type":"WebPage","@id":"https:\/\/pcmastersbogota.com.co\/producto\/lian-li-vector-v100r-mini\/","url":"https:\/\/pcmastersbogota.com.co\/producto\/lian-li-vector-v100r-mini\/","name":"LIAN LI VECTOR V100R MINI BLACK - PC MASTERS BOGOTA","isPartOf":{"@id":"https:\/\/pcmastersbogota.com.co\/es_es\/#website"},"primaryImageOfPage":{"@id":"https:\/\/pcmastersbogota.com.co\/producto\/lian-li-vector-v100r-mini\/#primaryimage"},"image":{"@id":"https:\/\/pcmastersbogota.com.co\/producto\/lian-li-vector-v100r-mini\/#primaryimage"},"thumbnailUrl":"https:\/\/pcmastersbogota.com.co\/wp-content\/uploads\/2026\/03\/v100mini_004.jpg","datePublished":"2026-03-13T02:36:18+00:00","dateModified":"2026-04-15T21:10:18+00:00","breadcrumb":{"@id":"https:\/\/pcmastersbogota.com.co\/producto\/lian-li-vector-v100r-mini\/#breadcrumb"},"inLanguage":"es","potentialAction":[{"@type":"ReadAction","target":["https:\/\/pcmastersbogota.com.co\/producto\/lian-li-vector-v100r-mini\/"]}]},{"@type":"ImageObject","inLanguage":"es","@id":"https:\/\/pcmastersbogota.com.co\/producto\/lian-li-vector-v100r-mini\/#primaryimage","url":"https:\/\/pcmastersbogota.com.co\/wp-content\/uploads\/2026\/03\/v100mini_004.jpg","contentUrl":"https:\/\/pcmastersbogota.com.co\/wp-content\/uploads\/2026\/03\/v100mini_004.jpg","width":600,"height":600},{"@type":"BreadcrumbList","@id":"https:\/\/pcmastersbogota.com.co\/producto\/lian-li-vector-v100r-mini\/#breadcrumb","itemListElement":[{"@type":"ListItem","position":1,"name":"Home","item":"https:\/\/pcmastersbogota.com.co\/"},{"@type":"ListItem","position":2,"name":"Tienda","item":"https:\/\/pcmastersbogota.com.co\/es_es\/tienda\/"},{"@type":"ListItem","position":3,"name":"LIAN LI VECTOR V100R MINI BLACK"}]},{"@type":"WebSite","@id":"https:\/\/pcmastersbogota.com.co\/es_es\/#website","url":"https:\/\/pcmastersbogota.com.co\/es_es\/","name":"PC MASTERS BOGOTA","description":"","potentialAction":[{"@type":"SearchAction","target":{"@type":"EntryPoint","urlTemplate":"https:\/\/pcmastersbogota.com.co\/es_es\/?s={search_term_string}"},"query-input":{"@type":"PropertyValueSpecification","valueRequired":true,"valueName":"search_term_string"}}],"inLanguage":"es"}]}},"brands":[{"id":400,"name":"LIAN LI","slug":"lian-li"}],"_links":{"self":[{"href":"https:\/\/pcmastersbogota.com.co\/es_es\/wp-json\/wp\/v2\/product\/31927","targetHints":{"allow":["GET"]}}],"collection":[{"href":"https:\/\/pcmastersbogota.com.co\/es_es\/wp-json\/wp\/v2\/product"}],"about":[{"href":"https:\/\/pcmastersbogota.com.co\/es_es\/wp-json\/wp\/v2\/types\/product"}],"replies":[{"embeddable":true,"href":"https:\/\/pcmastersbogota.com.co\/es_es\/wp-json\/wp\/v2\/comments?post=31927"}],"version-history":[{"count":2,"href":"https:\/\/pcmastersbogota.com.co\/es_es\/wp-json\/wp\/v2\/product\/31927\/revisions"}],"predecessor-version":[{"id":31955,"href":"https:\/\/pcmastersbogota.com.co\/es_es\/wp-json\/wp\/v2\/product\/31927\/revisions\/31955"}],"wp:featuredmedia":[{"embeddable":true,"href":"https:\/\/pcmastersbogota.com.co\/es_es\/wp-json\/wp\/v2\/media\/31941"}],"wp:attachment":[{"href":"https:\/\/pcmastersbogota.com.co\/es_es\/wp-json\/wp\/v2\/media?parent=31927"}],"wp:term":[{"taxonomy":"pwb-brand","embeddable":true,"href":"https:\/\/pcmastersbogota.com.co\/es_es\/wp-json\/wp\/v2\/pwb-brand?post=31927"},{"taxonomy":"product_brand","embeddable":true,"href":"https:\/\/pcmastersbogota.com.co\/es_es\/wp-json\/wp\/v2\/product_brand?post=31927"},{"taxonomy":"product_cat","embeddable":true,"href":"https:\/\/pcmastersbogota.com.co\/es_es\/wp-json\/wp\/v2\/product_cat?post=31927"},{"taxonomy":"product_tag","embeddable":true,"href":"https:\/\/pcmastersbogota.com.co\/es_es\/wp-json\/wp\/v2\/product_tag?post=31927"}],"curies":[{"name":"wp","href":"https:\/\/api.w.org\/{rel}","templated":true}]}}