{"id":31956,"date":"2026-03-12T21:53:47","date_gmt":"2026-03-13T02:53:47","guid":{"rendered":"https:\/\/pcmastersbogota.com.co\/?post_type=product&#038;p=31956"},"modified":"2026-03-12T21:55:34","modified_gmt":"2026-03-13T02:55:34","slug":"2tb-western-digital-black-sn8100-gen5","status":"publish","type":"product","link":"https:\/\/pcmastersbogota.com.co\/es_es\/producto\/2tb-western-digital-black-sn8100-gen5\/","title":{"rendered":"2TB WESTERN DIGITAL BLACK SN8100 GEN5"},"content":{"rendered":"<p style=\"text-align: center;\"><a href=\"https:\/\/pcmastersbogota.com.co\/wp-content\/uploads\/2026\/03\/Screenshot-2026-03-12-214353_edited.png\"><img fetchpriority=\"high\" decoding=\"async\" class=\"alignnone size-full wp-image-31959\" src=\"https:\/\/pcmastersbogota.com.co\/wp-content\/uploads\/2026\/03\/Screenshot-2026-03-12-214353_edited.png\" alt=\"\" width=\"1188\" height=\"329\" srcset=\"https:\/\/pcmastersbogota.com.co\/wp-content\/uploads\/2026\/03\/Screenshot-2026-03-12-214353_edited.png 1188w, https:\/\/pcmastersbogota.com.co\/wp-content\/uploads\/2026\/03\/Screenshot-2026-03-12-214353_edited-300x83.png 300w, https:\/\/pcmastersbogota.com.co\/wp-content\/uploads\/2026\/03\/Screenshot-2026-03-12-214353_edited-1024x284.png 1024w, https:\/\/pcmastersbogota.com.co\/wp-content\/uploads\/2026\/03\/Screenshot-2026-03-12-214353_edited-768x213.png 768w, https:\/\/pcmastersbogota.com.co\/wp-content\/uploads\/2026\/03\/Screenshot-2026-03-12-214353_edited-18x5.png 18w, https:\/\/pcmastersbogota.com.co\/wp-content\/uploads\/2026\/03\/Screenshot-2026-03-12-214353_edited-150x42.png 150w\" sizes=\"(max-width: 1188px) 100vw, 1188px\" \/><\/a> <a href=\"https:\/\/pcmastersbogota.com.co\/wp-content\/uploads\/2026\/03\/Screenshot-2026-03-12-214247_edited.png\"><img decoding=\"async\" class=\"alignnone size-full wp-image-31961\" src=\"https:\/\/pcmastersbogota.com.co\/wp-content\/uploads\/2026\/03\/Screenshot-2026-03-12-214247_edited.png\" alt=\"\" width=\"1448\" height=\"984\" srcset=\"https:\/\/pcmastersbogota.com.co\/wp-content\/uploads\/2026\/03\/Screenshot-2026-03-12-214247_edited.png 1448w, https:\/\/pcmastersbogota.com.co\/wp-content\/uploads\/2026\/03\/Screenshot-2026-03-12-214247_edited-300x204.png 300w, https:\/\/pcmastersbogota.com.co\/wp-content\/uploads\/2026\/03\/Screenshot-2026-03-12-214247_edited-1024x696.png 1024w, https:\/\/pcmastersbogota.com.co\/wp-content\/uploads\/2026\/03\/Screenshot-2026-03-12-214247_edited-768x522.png 768w, https:\/\/pcmastersbogota.com.co\/wp-content\/uploads\/2026\/03\/Screenshot-2026-03-12-214247_edited-18x12.png 18w, https:\/\/pcmastersbogota.com.co\/wp-content\/uploads\/2026\/03\/Screenshot-2026-03-12-214247_edited-1200x815.png 1200w, https:\/\/pcmastersbogota.com.co\/wp-content\/uploads\/2026\/03\/Screenshot-2026-03-12-214247_edited-150x102.png 150w\" sizes=\"(max-width: 1448px) 100vw, 1448px\" \/><\/a> <a href=\"https:\/\/pcmastersbogota.com.co\/wp-content\/uploads\/2026\/03\/Screenshot-2026-03-12-214312_edited.png\"><img decoding=\"async\" class=\"alignnone size-full wp-image-31960\" src=\"https:\/\/pcmastersbogota.com.co\/wp-content\/uploads\/2026\/03\/Screenshot-2026-03-12-214312_edited.png\" alt=\"\" width=\"1452\" height=\"1099\" srcset=\"https:\/\/pcmastersbogota.com.co\/wp-content\/uploads\/2026\/03\/Screenshot-2026-03-12-214312_edited.png 1452w, https:\/\/pcmastersbogota.com.co\/wp-content\/uploads\/2026\/03\/Screenshot-2026-03-12-214312_edited-300x227.png 300w, https:\/\/pcmastersbogota.com.co\/wp-content\/uploads\/2026\/03\/Screenshot-2026-03-12-214312_edited-1024x775.png 1024w, https:\/\/pcmastersbogota.com.co\/wp-content\/uploads\/2026\/03\/Screenshot-2026-03-12-214312_edited-768x581.png 768w, https:\/\/pcmastersbogota.com.co\/wp-content\/uploads\/2026\/03\/Screenshot-2026-03-12-214312_edited-16x12.png 16w, https:\/\/pcmastersbogota.com.co\/wp-content\/uploads\/2026\/03\/Screenshot-2026-03-12-214312_edited-1200x908.png 1200w, https:\/\/pcmastersbogota.com.co\/wp-content\/uploads\/2026\/03\/Screenshot-2026-03-12-214312_edited-150x114.png 150w\" sizes=\"(max-width: 1452px) 100vw, 1452px\" \/><\/a><\/p>\n","protected":false},"excerpt":{"rendered":"<ul class=\"a-unordered-list a-vertical a-spacing-mini\">\n<li class=\"a-spacing-mini\"><span class=\"a-list-item\">EXPERIENCIA PCIe Gen 5: mejora dr\u00e1sticamente tu experiencia de juego y creaci\u00f3n de contenido con este SSD PCIe Gen 5.0&#215;4 NVMe M.2.<\/span><\/li>\n<li class=\"a-spacing-mini\"><span class=\"a-list-item\">Velocidades de ruptura: su unidad alcanza velocidades de lectura secuencial de hasta 14,900 MB\/s, velocidades de escritura secuencial de hasta 14,000 MB\/s (modelo de 2 TB-4 TB) y m\u00e1s de 2,300,000 IOPS (modelos de 2 TB-4 TB) de rendimiento aleatorio.<\/span><\/li>\n<li class=\"a-spacing-mini\"><span class=\"a-list-item\">UN L\u00cdDER DE LA INDUSTRIA EN EFICIENCIA ENERG\u00c9TICA: Disfrute de m\u00e1s de un 100% m\u00e1s de eficiencia energ\u00e9tica (modelos de 1 TB a 4 TB) que nuestra unidad PCIe Gen4 a una potencia operativa media de 7.5 W o menos. Experimente velocidades asombrosas sin ning\u00fan estr\u00e9s adicional a su sistema.<\/span><\/li>\n<li class=\"a-spacing-mini\"><span class=\"a-list-item\">VELOCIDAD SE ENCUENTRA CON LA FIABILIDAD: Alcanza una mayor velocidad y fiabilidad con una resistencia de hasta 4.800 TBW (modelo de 8 TB) y nuestra \u00faltima tecnolog\u00eda TLC 3D CBA NAND.<\/span><\/li>\n<li class=\"a-spacing-mini\"><span class=\"a-list-item\">HABITACI\u00d3N PARA LA REVOLUCI\u00d3N: Mantenga sus proyectos m\u00e1s grandes y a\u00fan tenga espacio para actualizaciones del sistema operativo, modelos para aplicaciones impulsadas por IA y su biblioteca de juegos gracias a inmensas capacidades de hasta 8 TB. SOFTWARE SANDISK: Ayude a maximizar el rendimiento de su unidad, supervise su estado y mant\u00e9ngalo actualizado con SANDISK Dashboard (solo Windows). Adem\u00e1s, migre sus datos sin esfuerzo con Acronis True Image for Sandisk.<\/span><\/li>\n<li class=\"a-spacing-mini\"><span class=\"a-list-item\">IMPORTANTE POR SANDISK: Los productos flash WD_BLACK, WD Blue y WD Green son fabricados por Sandisk Technologies, Inc. o sus filiales y distribuidos bajo licencia de Western Digital Corporation.<\/span><\/li>\n<\/ul>\n","protected":false},"featured_media":31964,"comment_status":"closed","ping_status":"closed","template":"","meta":[],"pwb-brand":[110],"product_brand":[],"product_cat":[28],"product_tag":[451,561],"class_list":{"0":"post-31956","1":"product","2":"type-product","3":"status-publish","4":"has-post-thumbnail","6":"pwb-brand-w-digital","7":"product_cat-ssd","8":"product_tag-nvme","9":"product_tag-ssd-m-2","11":"first","12":"instock","13":"sale","14":"taxable","15":"shipping-taxable","16":"purchasable","17":"product-type-simple"},"yoast_head":"<!-- This site is optimized with the Yoast SEO plugin v26.7 - https:\/\/yoast.com\/wordpress\/plugins\/seo\/ -->\n<title>2TB WESTERN DIGITAL BLACK SN8100 GEN5 - PC MASTERS BOGOTA<\/title>\n<meta name=\"robots\" content=\"index, follow, max-snippet:-1, max-image-preview:large, max-video-preview:-1\" \/>\n<link rel=\"canonical\" href=\"https:\/\/pcmastersbogota.com.co\/es_es\/producto\/2tb-western-digital-black-sn8100-gen5\/\" \/>\n<meta property=\"og:locale\" content=\"es_ES\" \/>\n<meta property=\"og:type\" content=\"article\" \/>\n<meta property=\"og:title\" content=\"2TB WESTERN DIGITAL BLACK SN8100 GEN5 - PC MASTERS BOGOTA\" \/>\n<meta property=\"og:description\" content=\"EXPERIENCIA PCIe Gen 5: mejora dr\u00e1sticamente tu experiencia de juego y creaci\u00f3n de contenido con este SSD PCIe Gen 5.0x4 NVMe M.2.  Velocidades de ruptura: su unidad alcanza velocidades de lectura secuencial de hasta 14,900 MB\/s, velocidades de escritura secuencial de hasta 14,000 MB\/s (modelo de 2 TB-4 TB) y m\u00e1s de 2,300,000 IOPS (modelos de 2 TB-4 TB) de rendimiento aleatorio.  UN L\u00cdDER DE LA INDUSTRIA EN EFICIENCIA ENERG\u00c9TICA: Disfrute de m\u00e1s de un 100% m\u00e1s de eficiencia energ\u00e9tica (modelos de 1 TB a 4 TB) que nuestra unidad PCIe Gen4 a una potencia operativa media de 7.5 W o menos. Experimente velocidades asombrosas sin ning\u00fan estr\u00e9s adicional a su sistema.  VELOCIDAD SE ENCUENTRA CON LA FIABILIDAD: Alcanza una mayor velocidad y fiabilidad con una resistencia de hasta 4.800 TBW (modelo de 8 TB) y nuestra \u00faltima tecnolog\u00eda TLC 3D CBA NAND.  HABITACI\u00d3N PARA LA REVOLUCI\u00d3N: Mantenga sus proyectos m\u00e1s grandes y a\u00fan tenga espacio para actualizaciones del sistema operativo, modelos para aplicaciones impulsadas por IA y su biblioteca de juegos gracias a inmensas capacidades de hasta 8 TB. SOFTWARE SANDISK: Ayude a maximizar el rendimiento de su unidad, supervise su estado y mant\u00e9ngalo actualizado con SANDISK Dashboard (solo Windows). Adem\u00e1s, migre sus datos sin esfuerzo con Acronis True Image for Sandisk.  IMPORTANTE POR SANDISK: Los productos flash WD_BLACK, WD Blue y WD Green son fabricados por Sandisk Technologies, Inc. o sus filiales y distribuidos bajo licencia de Western Digital Corporation.\" \/>\n<meta property=\"og:url\" content=\"https:\/\/pcmastersbogota.com.co\/es_es\/producto\/2tb-western-digital-black-sn8100-gen5\/\" \/>\n<meta property=\"og:site_name\" content=\"PC MASTERS BOGOTA\" \/>\n<meta property=\"article:modified_time\" content=\"2026-03-13T02:55:34+00:00\" \/>\n<meta property=\"og:image\" content=\"https:\/\/pcmastersbogota.com.co\/wp-content\/uploads\/2026\/03\/wd-black-sn8100-nvme-ssd-front.png.wdthumb.1280.1280.webp\" \/>\n\t<meta property=\"og:image:width\" content=\"1280\" \/>\n\t<meta property=\"og:image:height\" content=\"1280\" \/>\n\t<meta property=\"og:image:type\" content=\"image\/webp\" \/>\n<meta name=\"twitter:card\" content=\"summary_large_image\" \/>\n<meta name=\"twitter:label1\" content=\"Tiempo de lectura\" \/>\n\t<meta name=\"twitter:data1\" content=\"1 minuto\" \/>\n<script type=\"application\/ld+json\" class=\"yoast-schema-graph\">{\"@context\":\"https:\/\/schema.org\",\"@graph\":[{\"@type\":\"WebPage\",\"@id\":\"https:\/\/pcmastersbogota.com.co\/producto\/2tb-western-digital-black-sn8100-gen5\/\",\"url\":\"https:\/\/pcmastersbogota.com.co\/producto\/2tb-western-digital-black-sn8100-gen5\/\",\"name\":\"2TB WESTERN DIGITAL BLACK SN8100 GEN5 - PC MASTERS BOGOTA\",\"isPartOf\":{\"@id\":\"https:\/\/pcmastersbogota.com.co\/es_es\/#website\"},\"primaryImageOfPage\":{\"@id\":\"https:\/\/pcmastersbogota.com.co\/producto\/2tb-western-digital-black-sn8100-gen5\/#primaryimage\"},\"image\":{\"@id\":\"https:\/\/pcmastersbogota.com.co\/producto\/2tb-western-digital-black-sn8100-gen5\/#primaryimage\"},\"thumbnailUrl\":\"https:\/\/pcmastersbogota.com.co\/wp-content\/uploads\/2026\/03\/wd-black-sn8100-nvme-ssd-front.png.wdthumb.1280.1280.webp\",\"datePublished\":\"2026-03-13T02:53:47+00:00\",\"dateModified\":\"2026-03-13T02:55:34+00:00\",\"breadcrumb\":{\"@id\":\"https:\/\/pcmastersbogota.com.co\/producto\/2tb-western-digital-black-sn8100-gen5\/#breadcrumb\"},\"inLanguage\":\"es\",\"potentialAction\":[{\"@type\":\"ReadAction\",\"target\":[\"https:\/\/pcmastersbogota.com.co\/producto\/2tb-western-digital-black-sn8100-gen5\/\"]}]},{\"@type\":\"ImageObject\",\"inLanguage\":\"es\",\"@id\":\"https:\/\/pcmastersbogota.com.co\/producto\/2tb-western-digital-black-sn8100-gen5\/#primaryimage\",\"url\":\"https:\/\/pcmastersbogota.com.co\/wp-content\/uploads\/2026\/03\/wd-black-sn8100-nvme-ssd-front.png.wdthumb.1280.1280.webp\",\"contentUrl\":\"https:\/\/pcmastersbogota.com.co\/wp-content\/uploads\/2026\/03\/wd-black-sn8100-nvme-ssd-front.png.wdthumb.1280.1280.webp\",\"width\":1280,\"height\":1280},{\"@type\":\"BreadcrumbList\",\"@id\":\"https:\/\/pcmastersbogota.com.co\/producto\/2tb-western-digital-black-sn8100-gen5\/#breadcrumb\",\"itemListElement\":[{\"@type\":\"ListItem\",\"position\":1,\"name\":\"Home\",\"item\":\"https:\/\/pcmastersbogota.com.co\/\"},{\"@type\":\"ListItem\",\"position\":2,\"name\":\"Tienda\",\"item\":\"https:\/\/pcmastersbogota.com.co\/es_es\/tienda\/\"},{\"@type\":\"ListItem\",\"position\":3,\"name\":\"2TB WESTERN DIGITAL BLACK SN8100 GEN5\"}]},{\"@type\":\"WebSite\",\"@id\":\"https:\/\/pcmastersbogota.com.co\/es_es\/#website\",\"url\":\"https:\/\/pcmastersbogota.com.co\/es_es\/\",\"name\":\"PC MASTERS BOGOTA\",\"description\":\"\",\"potentialAction\":[{\"@type\":\"SearchAction\",\"target\":{\"@type\":\"EntryPoint\",\"urlTemplate\":\"https:\/\/pcmastersbogota.com.co\/es_es\/?s={search_term_string}\"},\"query-input\":{\"@type\":\"PropertyValueSpecification\",\"valueRequired\":true,\"valueName\":\"search_term_string\"}}],\"inLanguage\":\"es\"}]}<\/script>\n<!-- \/ Yoast SEO plugin. -->","yoast_head_json":{"title":"2TB WESTERN DIGITAL BLACK SN8100 GEN5 - PC MASTERS BOGOTA","robots":{"index":"index","follow":"follow","max-snippet":"max-snippet:-1","max-image-preview":"max-image-preview:large","max-video-preview":"max-video-preview:-1"},"canonical":"https:\/\/pcmastersbogota.com.co\/es_es\/producto\/2tb-western-digital-black-sn8100-gen5\/","og_locale":"es_ES","og_type":"article","og_title":"2TB WESTERN DIGITAL BLACK SN8100 GEN5 - PC MASTERS BOGOTA","og_description":"EXPERIENCIA PCIe Gen 5: mejora dr\u00e1sticamente tu experiencia de juego y creaci\u00f3n de contenido con este SSD PCIe Gen 5.0x4 NVMe M.2.  Velocidades de ruptura: su unidad alcanza velocidades de lectura secuencial de hasta 14,900 MB\/s, velocidades de escritura secuencial de hasta 14,000 MB\/s (modelo de 2 TB-4 TB) y m\u00e1s de 2,300,000 IOPS (modelos de 2 TB-4 TB) de rendimiento aleatorio.  UN L\u00cdDER DE LA INDUSTRIA EN EFICIENCIA ENERG\u00c9TICA: Disfrute de m\u00e1s de un 100% m\u00e1s de eficiencia energ\u00e9tica (modelos de 1 TB a 4 TB) que nuestra unidad PCIe Gen4 a una potencia operativa media de 7.5 W o menos. Experimente velocidades asombrosas sin ning\u00fan estr\u00e9s adicional a su sistema.  VELOCIDAD SE ENCUENTRA CON LA FIABILIDAD: Alcanza una mayor velocidad y fiabilidad con una resistencia de hasta 4.800 TBW (modelo de 8 TB) y nuestra \u00faltima tecnolog\u00eda TLC 3D CBA NAND.  HABITACI\u00d3N PARA LA REVOLUCI\u00d3N: Mantenga sus proyectos m\u00e1s grandes y a\u00fan tenga espacio para actualizaciones del sistema operativo, modelos para aplicaciones impulsadas por IA y su biblioteca de juegos gracias a inmensas capacidades de hasta 8 TB. SOFTWARE SANDISK: Ayude a maximizar el rendimiento de su unidad, supervise su estado y mant\u00e9ngalo actualizado con SANDISK Dashboard (solo Windows). Adem\u00e1s, migre sus datos sin esfuerzo con Acronis True Image for Sandisk.  IMPORTANTE POR SANDISK: Los productos flash WD_BLACK, WD Blue y WD Green son fabricados por Sandisk Technologies, Inc. o sus filiales y distribuidos bajo licencia de Western Digital Corporation.","og_url":"https:\/\/pcmastersbogota.com.co\/es_es\/producto\/2tb-western-digital-black-sn8100-gen5\/","og_site_name":"PC MASTERS BOGOTA","article_modified_time":"2026-03-13T02:55:34+00:00","og_image":[{"width":1280,"height":1280,"url":"https:\/\/pcmastersbogota.com.co\/wp-content\/uploads\/2026\/03\/wd-black-sn8100-nvme-ssd-front.png.wdthumb.1280.1280.webp","type":"image\/webp"}],"twitter_card":"summary_large_image","twitter_misc":{"Tiempo de lectura":"1 minuto"},"schema":{"@context":"https:\/\/schema.org","@graph":[{"@type":"WebPage","@id":"https:\/\/pcmastersbogota.com.co\/producto\/2tb-western-digital-black-sn8100-gen5\/","url":"https:\/\/pcmastersbogota.com.co\/producto\/2tb-western-digital-black-sn8100-gen5\/","name":"2TB WESTERN DIGITAL BLACK SN8100 GEN5 - PC MASTERS BOGOTA","isPartOf":{"@id":"https:\/\/pcmastersbogota.com.co\/es_es\/#website"},"primaryImageOfPage":{"@id":"https:\/\/pcmastersbogota.com.co\/producto\/2tb-western-digital-black-sn8100-gen5\/#primaryimage"},"image":{"@id":"https:\/\/pcmastersbogota.com.co\/producto\/2tb-western-digital-black-sn8100-gen5\/#primaryimage"},"thumbnailUrl":"https:\/\/pcmastersbogota.com.co\/wp-content\/uploads\/2026\/03\/wd-black-sn8100-nvme-ssd-front.png.wdthumb.1280.1280.webp","datePublished":"2026-03-13T02:53:47+00:00","dateModified":"2026-03-13T02:55:34+00:00","breadcrumb":{"@id":"https:\/\/pcmastersbogota.com.co\/producto\/2tb-western-digital-black-sn8100-gen5\/#breadcrumb"},"inLanguage":"es","potentialAction":[{"@type":"ReadAction","target":["https:\/\/pcmastersbogota.com.co\/producto\/2tb-western-digital-black-sn8100-gen5\/"]}]},{"@type":"ImageObject","inLanguage":"es","@id":"https:\/\/pcmastersbogota.com.co\/producto\/2tb-western-digital-black-sn8100-gen5\/#primaryimage","url":"https:\/\/pcmastersbogota.com.co\/wp-content\/uploads\/2026\/03\/wd-black-sn8100-nvme-ssd-front.png.wdthumb.1280.1280.webp","contentUrl":"https:\/\/pcmastersbogota.com.co\/wp-content\/uploads\/2026\/03\/wd-black-sn8100-nvme-ssd-front.png.wdthumb.1280.1280.webp","width":1280,"height":1280},{"@type":"BreadcrumbList","@id":"https:\/\/pcmastersbogota.com.co\/producto\/2tb-western-digital-black-sn8100-gen5\/#breadcrumb","itemListElement":[{"@type":"ListItem","position":1,"name":"Home","item":"https:\/\/pcmastersbogota.com.co\/"},{"@type":"ListItem","position":2,"name":"Tienda","item":"https:\/\/pcmastersbogota.com.co\/es_es\/tienda\/"},{"@type":"ListItem","position":3,"name":"2TB WESTERN DIGITAL BLACK SN8100 GEN5"}]},{"@type":"WebSite","@id":"https:\/\/pcmastersbogota.com.co\/es_es\/#website","url":"https:\/\/pcmastersbogota.com.co\/es_es\/","name":"PC MASTERS BOGOTA","description":"","potentialAction":[{"@type":"SearchAction","target":{"@type":"EntryPoint","urlTemplate":"https:\/\/pcmastersbogota.com.co\/es_es\/?s={search_term_string}"},"query-input":{"@type":"PropertyValueSpecification","valueRequired":true,"valueName":"search_term_string"}}],"inLanguage":"es"}]}},"brands":[{"id":110,"name":"W.DIGITAL","slug":"w-digital"}],"_links":{"self":[{"href":"https:\/\/pcmastersbogota.com.co\/es_es\/wp-json\/wp\/v2\/product\/31956","targetHints":{"allow":["GET"]}}],"collection":[{"href":"https:\/\/pcmastersbogota.com.co\/es_es\/wp-json\/wp\/v2\/product"}],"about":[{"href":"https:\/\/pcmastersbogota.com.co\/es_es\/wp-json\/wp\/v2\/types\/product"}],"replies":[{"embeddable":true,"href":"https:\/\/pcmastersbogota.com.co\/es_es\/wp-json\/wp\/v2\/comments?post=31956"}],"version-history":[{"count":2,"href":"https:\/\/pcmastersbogota.com.co\/es_es\/wp-json\/wp\/v2\/product\/31956\/revisions"}],"predecessor-version":[{"id":31966,"href":"https:\/\/pcmastersbogota.com.co\/es_es\/wp-json\/wp\/v2\/product\/31956\/revisions\/31966"}],"wp:featuredmedia":[{"embeddable":true,"href":"https:\/\/pcmastersbogota.com.co\/es_es\/wp-json\/wp\/v2\/media\/31964"}],"wp:attachment":[{"href":"https:\/\/pcmastersbogota.com.co\/es_es\/wp-json\/wp\/v2\/media?parent=31956"}],"wp:term":[{"taxonomy":"pwb-brand","embeddable":true,"href":"https:\/\/pcmastersbogota.com.co\/es_es\/wp-json\/wp\/v2\/pwb-brand?post=31956"},{"taxonomy":"product_brand","embeddable":true,"href":"https:\/\/pcmastersbogota.com.co\/es_es\/wp-json\/wp\/v2\/product_brand?post=31956"},{"taxonomy":"product_cat","embeddable":true,"href":"https:\/\/pcmastersbogota.com.co\/es_es\/wp-json\/wp\/v2\/product_cat?post=31956"},{"taxonomy":"product_tag","embeddable":true,"href":"https:\/\/pcmastersbogota.com.co\/es_es\/wp-json\/wp\/v2\/product_tag?post=31956"}],"curies":[{"name":"wp","href":"https:\/\/api.w.org\/{rel}","templated":true}]}}