{"id":32967,"date":"2026-04-29T10:46:27","date_gmt":"2026-04-29T15:46:27","guid":{"rendered":"https:\/\/pcmastersbogota.com.co\/?post_type=product&#038;p=32967"},"modified":"2026-04-29T10:46:28","modified_gmt":"2026-04-29T15:46:28","slug":"lian-li-rb-de-750w-80-plus-bronce","status":"publish","type":"product","link":"https:\/\/pcmastersbogota.com.co\/es_es\/producto\/lian-li-rb-de-750w-80-plus-bronce\/","title":{"rendered":"LIAN LI RB DE 750W 80 PLUS BRONCE"},"content":{"rendered":"<p style=\"text-align: center;\"><a href=\"https:\/\/pcmastersbogota.com.co\/wp-content\/uploads\/2026\/04\/Screenshot-2026-04-29-102500_edited.png\"><img fetchpriority=\"high\" decoding=\"async\" class=\"alignnone size-full wp-image-32984\" src=\"https:\/\/pcmastersbogota.com.co\/wp-content\/uploads\/2026\/04\/Screenshot-2026-04-29-102500_edited.png\" alt=\"\" width=\"1081\" height=\"867\" srcset=\"https:\/\/pcmastersbogota.com.co\/wp-content\/uploads\/2026\/04\/Screenshot-2026-04-29-102500_edited.png 1081w, https:\/\/pcmastersbogota.com.co\/wp-content\/uploads\/2026\/04\/Screenshot-2026-04-29-102500_edited-300x241.png 300w, https:\/\/pcmastersbogota.com.co\/wp-content\/uploads\/2026\/04\/Screenshot-2026-04-29-102500_edited-1024x821.png 1024w, https:\/\/pcmastersbogota.com.co\/wp-content\/uploads\/2026\/04\/Screenshot-2026-04-29-102500_edited-768x616.png 768w, https:\/\/pcmastersbogota.com.co\/wp-content\/uploads\/2026\/04\/Screenshot-2026-04-29-102500_edited-15x12.png 15w, https:\/\/pcmastersbogota.com.co\/wp-content\/uploads\/2026\/04\/Screenshot-2026-04-29-102500_edited-150x120.png 150w\" sizes=\"(max-width: 1081px) 100vw, 1081px\" \/><\/a><\/p>\n<div style=\"width: 1920px;\" class=\"wp-video\"><video class=\"wp-video-shortcode\" id=\"video-32967-1\" width=\"1920\" height=\"1080\" preload=\"metadata\" controls=\"controls\"><source type=\"video\/mp4\" src=\"https:\/\/pcmastersbogota.com.co\/wp-content\/uploads\/2026\/04\/YTDown_YouTube_LIAN-LI-RB-Series-PSU-Official-Product-V_Media_Ror5c10Un6k_001_1080p.mp4?_=1\" \/><a href=\"https:\/\/pcmastersbogota.com.co\/wp-content\/uploads\/2026\/04\/YTDown_YouTube_LIAN-LI-RB-Series-PSU-Official-Product-V_Media_Ror5c10Un6k_001_1080p.mp4\">https:\/\/pcmastersbogota.com.co\/wp-content\/uploads\/2026\/04\/YTDown_YouTube_LIAN-LI-RB-Series-PSU-Official-Product-V_Media_Ror5c10Un6k_001_1080p.mp4<\/a><\/video><\/div>\n<p style=\"text-align: center;\">\n<a href=\"https:\/\/pcmastersbogota.com.co\/wp-content\/uploads\/2026\/04\/Screenshot-2026-04-29-102836_edited.png\"><img decoding=\"async\" class=\"alignnone size-full wp-image-32980\" src=\"https:\/\/pcmastersbogota.com.co\/wp-content\/uploads\/2026\/04\/Screenshot-2026-04-29-102836_edited.png\" alt=\"\" width=\"951\" height=\"724\" srcset=\"https:\/\/pcmastersbogota.com.co\/wp-content\/uploads\/2026\/04\/Screenshot-2026-04-29-102836_edited.png 951w, https:\/\/pcmastersbogota.com.co\/wp-content\/uploads\/2026\/04\/Screenshot-2026-04-29-102836_edited-300x228.png 300w, https:\/\/pcmastersbogota.com.co\/wp-content\/uploads\/2026\/04\/Screenshot-2026-04-29-102836_edited-768x585.png 768w, https:\/\/pcmastersbogota.com.co\/wp-content\/uploads\/2026\/04\/Screenshot-2026-04-29-102836_edited-16x12.png 16w, https:\/\/pcmastersbogota.com.co\/wp-content\/uploads\/2026\/04\/Screenshot-2026-04-29-102836_edited-150x114.png 150w\" sizes=\"(max-width: 951px) 100vw, 951px\" \/><\/a> <a href=\"https:\/\/pcmastersbogota.com.co\/wp-content\/uploads\/2026\/04\/Screenshot-2026-04-29-102704_edited.png\"><img decoding=\"async\" class=\"alignnone size-full wp-image-32972\" src=\"https:\/\/pcmastersbogota.com.co\/wp-content\/uploads\/2026\/04\/Screenshot-2026-04-29-102704_edited.png\" alt=\"\" width=\"943\" height=\"626\" srcset=\"https:\/\/pcmastersbogota.com.co\/wp-content\/uploads\/2026\/04\/Screenshot-2026-04-29-102704_edited.png 943w, https:\/\/pcmastersbogota.com.co\/wp-content\/uploads\/2026\/04\/Screenshot-2026-04-29-102704_edited-300x199.png 300w, https:\/\/pcmastersbogota.com.co\/wp-content\/uploads\/2026\/04\/Screenshot-2026-04-29-102704_edited-768x510.png 768w, https:\/\/pcmastersbogota.com.co\/wp-content\/uploads\/2026\/04\/Screenshot-2026-04-29-102704_edited-18x12.png 18w, https:\/\/pcmastersbogota.com.co\/wp-content\/uploads\/2026\/04\/Screenshot-2026-04-29-102704_edited-150x100.png 150w\" sizes=\"(max-width: 943px) 100vw, 943px\" \/><\/a> <a href=\"https:\/\/pcmastersbogota.com.co\/wp-content\/uploads\/2026\/04\/Screenshot-2026-04-29-102804_edited.png\"><img loading=\"lazy\" decoding=\"async\" class=\"alignnone size-full wp-image-32971\" src=\"https:\/\/pcmastersbogota.com.co\/wp-content\/uploads\/2026\/04\/Screenshot-2026-04-29-102804_edited.png\" alt=\"\" width=\"1006\" height=\"875\" srcset=\"https:\/\/pcmastersbogota.com.co\/wp-content\/uploads\/2026\/04\/Screenshot-2026-04-29-102804_edited.png 1006w, https:\/\/pcmastersbogota.com.co\/wp-content\/uploads\/2026\/04\/Screenshot-2026-04-29-102804_edited-300x261.png 300w, https:\/\/pcmastersbogota.com.co\/wp-content\/uploads\/2026\/04\/Screenshot-2026-04-29-102804_edited-768x668.png 768w, https:\/\/pcmastersbogota.com.co\/wp-content\/uploads\/2026\/04\/Screenshot-2026-04-29-102804_edited-14x12.png 14w, https:\/\/pcmastersbogota.com.co\/wp-content\/uploads\/2026\/04\/Screenshot-2026-04-29-102804_edited-150x130.png 150w\" sizes=\"(max-width: 1006px) 100vw, 1006px\" \/><\/a> <a href=\"https:\/\/pcmastersbogota.com.co\/wp-content\/uploads\/2026\/04\/Screenshot-2026-04-29-102937_edited.png\"><img loading=\"lazy\" decoding=\"async\" class=\"alignnone size-full wp-image-32979\" src=\"https:\/\/pcmastersbogota.com.co\/wp-content\/uploads\/2026\/04\/Screenshot-2026-04-29-102937_edited.png\" alt=\"\" width=\"1072\" height=\"1155\" srcset=\"https:\/\/pcmastersbogota.com.co\/wp-content\/uploads\/2026\/04\/Screenshot-2026-04-29-102937_edited.png 1072w, https:\/\/pcmastersbogota.com.co\/wp-content\/uploads\/2026\/04\/Screenshot-2026-04-29-102937_edited-278x300.png 278w, https:\/\/pcmastersbogota.com.co\/wp-content\/uploads\/2026\/04\/Screenshot-2026-04-29-102937_edited-950x1024.png 950w, https:\/\/pcmastersbogota.com.co\/wp-content\/uploads\/2026\/04\/Screenshot-2026-04-29-102937_edited-768x827.png 768w, https:\/\/pcmastersbogota.com.co\/wp-content\/uploads\/2026\/04\/Screenshot-2026-04-29-102937_edited-11x12.png 11w, https:\/\/pcmastersbogota.com.co\/wp-content\/uploads\/2026\/04\/Screenshot-2026-04-29-102937_edited-150x162.png 150w\" sizes=\"(max-width: 1072px) 100vw, 1072px\" \/><\/a> <a href=\"https:\/\/pcmastersbogota.com.co\/wp-content\/uploads\/2026\/04\/Screenshot-2026-04-29-102921_edited.png\"><img loading=\"lazy\" decoding=\"async\" class=\"alignnone size-full wp-image-32978\" src=\"https:\/\/pcmastersbogota.com.co\/wp-content\/uploads\/2026\/04\/Screenshot-2026-04-29-102921_edited.png\" alt=\"\" width=\"968\" height=\"1019\" srcset=\"https:\/\/pcmastersbogota.com.co\/wp-content\/uploads\/2026\/04\/Screenshot-2026-04-29-102921_edited.png 968w, https:\/\/pcmastersbogota.com.co\/wp-content\/uploads\/2026\/04\/Screenshot-2026-04-29-102921_edited-285x300.png 285w, https:\/\/pcmastersbogota.com.co\/wp-content\/uploads\/2026\/04\/Screenshot-2026-04-29-102921_edited-768x808.png 768w, https:\/\/pcmastersbogota.com.co\/wp-content\/uploads\/2026\/04\/Screenshot-2026-04-29-102921_edited-11x12.png 11w, https:\/\/pcmastersbogota.com.co\/wp-content\/uploads\/2026\/04\/Screenshot-2026-04-29-102921_edited-150x158.png 150w\" sizes=\"(max-width: 968px) 100vw, 968px\" \/><\/a> <a href=\"https:\/\/pcmastersbogota.com.co\/wp-content\/uploads\/2026\/04\/Screenshot-2026-04-29-102958_edited.png\"><img loading=\"lazy\" decoding=\"async\" class=\"alignnone size-full wp-image-32974\" src=\"https:\/\/pcmastersbogota.com.co\/wp-content\/uploads\/2026\/04\/Screenshot-2026-04-29-102958_edited.png\" alt=\"\" width=\"978\" height=\"894\" srcset=\"https:\/\/pcmastersbogota.com.co\/wp-content\/uploads\/2026\/04\/Screenshot-2026-04-29-102958_edited.png 978w, https:\/\/pcmastersbogota.com.co\/wp-content\/uploads\/2026\/04\/Screenshot-2026-04-29-102958_edited-300x274.png 300w, https:\/\/pcmastersbogota.com.co\/wp-content\/uploads\/2026\/04\/Screenshot-2026-04-29-102958_edited-768x702.png 768w, https:\/\/pcmastersbogota.com.co\/wp-content\/uploads\/2026\/04\/Screenshot-2026-04-29-102958_edited-13x12.png 13w, https:\/\/pcmastersbogota.com.co\/wp-content\/uploads\/2026\/04\/Screenshot-2026-04-29-102958_edited-150x137.png 150w\" sizes=\"(max-width: 978px) 100vw, 978px\" \/><\/a> <a href=\"https:\/\/pcmastersbogota.com.co\/wp-content\/uploads\/2026\/04\/Screenshot-2026-04-29-102855_edited.png\"><img loading=\"lazy\" decoding=\"async\" class=\"alignnone size-full wp-image-32975\" src=\"https:\/\/pcmastersbogota.com.co\/wp-content\/uploads\/2026\/04\/Screenshot-2026-04-29-102855_edited.png\" alt=\"\" width=\"1034\" height=\"784\" srcset=\"https:\/\/pcmastersbogota.com.co\/wp-content\/uploads\/2026\/04\/Screenshot-2026-04-29-102855_edited.png 1034w, https:\/\/pcmastersbogota.com.co\/wp-content\/uploads\/2026\/04\/Screenshot-2026-04-29-102855_edited-300x227.png 300w, https:\/\/pcmastersbogota.com.co\/wp-content\/uploads\/2026\/04\/Screenshot-2026-04-29-102855_edited-1024x776.png 1024w, https:\/\/pcmastersbogota.com.co\/wp-content\/uploads\/2026\/04\/Screenshot-2026-04-29-102855_edited-768x582.png 768w, https:\/\/pcmastersbogota.com.co\/wp-content\/uploads\/2026\/04\/Screenshot-2026-04-29-102855_edited-16x12.png 16w, https:\/\/pcmastersbogota.com.co\/wp-content\/uploads\/2026\/04\/Screenshot-2026-04-29-102855_edited-150x114.png 150w\" sizes=\"(max-width: 1034px) 100vw, 1034px\" \/><\/a> <a href=\"https:\/\/pcmastersbogota.com.co\/wp-content\/uploads\/2026\/04\/Screenshot-2026-04-29-103018_edited.png\"><img loading=\"lazy\" decoding=\"async\" class=\"alignnone size-full wp-image-32977\" src=\"https:\/\/pcmastersbogota.com.co\/wp-content\/uploads\/2026\/04\/Screenshot-2026-04-29-103018_edited.png\" alt=\"\" width=\"935\" height=\"610\" srcset=\"https:\/\/pcmastersbogota.com.co\/wp-content\/uploads\/2026\/04\/Screenshot-2026-04-29-103018_edited.png 935w, https:\/\/pcmastersbogota.com.co\/wp-content\/uploads\/2026\/04\/Screenshot-2026-04-29-103018_edited-300x196.png 300w, https:\/\/pcmastersbogota.com.co\/wp-content\/uploads\/2026\/04\/Screenshot-2026-04-29-103018_edited-768x501.png 768w, https:\/\/pcmastersbogota.com.co\/wp-content\/uploads\/2026\/04\/Screenshot-2026-04-29-103018_edited-18x12.png 18w, https:\/\/pcmastersbogota.com.co\/wp-content\/uploads\/2026\/04\/Screenshot-2026-04-29-103018_edited-150x98.png 150w\" sizes=\"(max-width: 935px) 100vw, 935px\" \/><\/a> <a href=\"https:\/\/pcmastersbogota.com.co\/wp-content\/uploads\/2026\/04\/Screenshot-2026-04-29-103036_edited.png\"><img loading=\"lazy\" decoding=\"async\" class=\"alignnone size-full wp-image-32976\" src=\"https:\/\/pcmastersbogota.com.co\/wp-content\/uploads\/2026\/04\/Screenshot-2026-04-29-103036_edited.png\" alt=\"\" width=\"922\" height=\"1004\" srcset=\"https:\/\/pcmastersbogota.com.co\/wp-content\/uploads\/2026\/04\/Screenshot-2026-04-29-103036_edited.png 922w, https:\/\/pcmastersbogota.com.co\/wp-content\/uploads\/2026\/04\/Screenshot-2026-04-29-103036_edited-275x300.png 275w, https:\/\/pcmastersbogota.com.co\/wp-content\/uploads\/2026\/04\/Screenshot-2026-04-29-103036_edited-768x836.png 768w, https:\/\/pcmastersbogota.com.co\/wp-content\/uploads\/2026\/04\/Screenshot-2026-04-29-103036_edited-11x12.png 11w, https:\/\/pcmastersbogota.com.co\/wp-content\/uploads\/2026\/04\/Screenshot-2026-04-29-103036_edited-150x163.png 150w\" sizes=\"(max-width: 922px) 100vw, 922px\" \/><\/a> <a href=\"https:\/\/pcmastersbogota.com.co\/wp-content\/uploads\/2026\/04\/Screenshot-2026-04-29-103102_edited.png\"><img loading=\"lazy\" decoding=\"async\" class=\"alignnone size-full wp-image-32970\" src=\"https:\/\/pcmastersbogota.com.co\/wp-content\/uploads\/2026\/04\/Screenshot-2026-04-29-103102_edited.png\" alt=\"\" width=\"856\" height=\"567\" srcset=\"https:\/\/pcmastersbogota.com.co\/wp-content\/uploads\/2026\/04\/Screenshot-2026-04-29-103102_edited.png 856w, https:\/\/pcmastersbogota.com.co\/wp-content\/uploads\/2026\/04\/Screenshot-2026-04-29-103102_edited-300x199.png 300w, https:\/\/pcmastersbogota.com.co\/wp-content\/uploads\/2026\/04\/Screenshot-2026-04-29-103102_edited-768x509.png 768w, https:\/\/pcmastersbogota.com.co\/wp-content\/uploads\/2026\/04\/Screenshot-2026-04-29-103102_edited-18x12.png 18w, https:\/\/pcmastersbogota.com.co\/wp-content\/uploads\/2026\/04\/Screenshot-2026-04-29-103102_edited-150x99.png 150w\" sizes=\"(max-width: 856px) 100vw, 856px\" \/><\/a> <a href=\"https:\/\/pcmastersbogota.com.co\/wp-content\/uploads\/2026\/04\/Screenshot-2026-04-29-103123_edited.png\"><img loading=\"lazy\" decoding=\"async\" class=\"alignnone size-full wp-image-32968\" src=\"https:\/\/pcmastersbogota.com.co\/wp-content\/uploads\/2026\/04\/Screenshot-2026-04-29-103123_edited.png\" alt=\"\" width=\"934\" height=\"911\" srcset=\"https:\/\/pcmastersbogota.com.co\/wp-content\/uploads\/2026\/04\/Screenshot-2026-04-29-103123_edited.png 934w, https:\/\/pcmastersbogota.com.co\/wp-content\/uploads\/2026\/04\/Screenshot-2026-04-29-103123_edited-300x293.png 300w, https:\/\/pcmastersbogota.com.co\/wp-content\/uploads\/2026\/04\/Screenshot-2026-04-29-103123_edited-768x749.png 768w, https:\/\/pcmastersbogota.com.co\/wp-content\/uploads\/2026\/04\/Screenshot-2026-04-29-103123_edited-12x12.png 12w, https:\/\/pcmastersbogota.com.co\/wp-content\/uploads\/2026\/04\/Screenshot-2026-04-29-103123_edited-150x146.png 150w\" sizes=\"(max-width: 934px) 100vw, 934px\" \/><\/a> <a href=\"https:\/\/pcmastersbogota.com.co\/wp-content\/uploads\/2026\/04\/Screenshot-2026-04-29-103151_edited.png\"><img loading=\"lazy\" decoding=\"async\" class=\"alignnone size-full wp-image-32969\" src=\"https:\/\/pcmastersbogota.com.co\/wp-content\/uploads\/2026\/04\/Screenshot-2026-04-29-103151_edited.png\" alt=\"\" width=\"989\" height=\"858\" srcset=\"https:\/\/pcmastersbogota.com.co\/wp-content\/uploads\/2026\/04\/Screenshot-2026-04-29-103151_edited.png 989w, https:\/\/pcmastersbogota.com.co\/wp-content\/uploads\/2026\/04\/Screenshot-2026-04-29-103151_edited-300x260.png 300w, https:\/\/pcmastersbogota.com.co\/wp-content\/uploads\/2026\/04\/Screenshot-2026-04-29-103151_edited-768x666.png 768w, https:\/\/pcmastersbogota.com.co\/wp-content\/uploads\/2026\/04\/Screenshot-2026-04-29-103151_edited-14x12.png 14w, https:\/\/pcmastersbogota.com.co\/wp-content\/uploads\/2026\/04\/Screenshot-2026-04-29-103151_edited-150x130.png 150w\" sizes=\"(max-width: 989px) 100vw, 989px\" \/><\/a><\/p>\n","protected":false},"excerpt":{"rendered":"<ul>\n<li>Tama\u00f1o ATX compacto de 150 mm para una amplia compatibilidad con carcasas.<\/li>\n<li>Certificado 80 PLUS Bronze con hasta un 85% de eficiencia para sistemas de uso diario.<\/li>\n<li>Compatible con ATX 3.1 con conector nativo 12V-2\u00d76 para compatibilidad con GPU de pr\u00f3xima generaci\u00f3n.<\/li>\n<li>Un canal de enrutamiento de cables incorporado con correas de velcro para una administraci\u00f3n ordenada.<\/li>\n<li>Salidas de cables de tres lados dise\u00f1adas para placas base con conector posterior.<\/li>\n<li>Ventilador inteligente HYB de 135 mm con control de temperatura para un enfriamiento silencioso.<\/li>\n<li>Seis mecanismos de protecci\u00f3n: OVP, UVP, OCP, OPP, OTP y SCP.<\/li>\n<li>Incluye un conjunto completo de cables para conexiones de CPU, GPU, SATA y PATA.<\/li>\n<\/ul>\n","protected":false},"featured_media":32987,"comment_status":"closed","ping_status":"closed","template":"","meta":[],"pwb-brand":[],"product_brand":[],"product_cat":[313],"product_tag":[598,558,441],"class_list":{"0":"post-32967","1":"product","2":"type-product","3":"status-publish","4":"has-post-thumbnail","6":"product_cat-fuentes-de-poder","7":"product_tag-750w","8":"product_tag-bronce","9":"product_tag-lian-li","11":"first","12":"instock","13":"taxable","14":"shipping-taxable","15":"purchasable","16":"product-type-simple"},"yoast_head":"<!-- This site is optimized with the Yoast SEO plugin v26.7 - https:\/\/yoast.com\/wordpress\/plugins\/seo\/ -->\n<title>LIAN LI RB DE 750W 80 PLUS BRONCE - PC MASTERS BOGOTA<\/title>\n<meta name=\"robots\" content=\"index, follow, max-snippet:-1, max-image-preview:large, max-video-preview:-1\" \/>\n<link rel=\"canonical\" href=\"https:\/\/pcmastersbogota.com.co\/es_es\/producto\/lian-li-rb-de-750w-80-plus-bronce\/\" \/>\n<meta property=\"og:locale\" content=\"es_ES\" \/>\n<meta property=\"og:type\" content=\"article\" \/>\n<meta property=\"og:title\" content=\"LIAN LI RB DE 750W 80 PLUS BRONCE - PC MASTERS BOGOTA\" \/>\n<meta property=\"og:description\" content=\"Tama\u00f1o ATX compacto de 150 mm para una amplia compatibilidad con carcasas.  Certificado 80 PLUS Bronze con hasta un 85% de eficiencia para sistemas de uso diario.  Compatible con ATX 3.1 con conector nativo 12V-2\u00d76 para compatibilidad con GPU de pr\u00f3xima generaci\u00f3n.  Un canal de enrutamiento de cables incorporado con correas de velcro para una administraci\u00f3n ordenada.  Salidas de cables de tres lados dise\u00f1adas para placas base con conector posterior.  Ventilador inteligente HYB de 135 mm con control de temperatura para un enfriamiento silencioso.  Seis mecanismos de protecci\u00f3n: OVP, UVP, OCP, OPP, OTP y SCP.  Incluye un conjunto completo de cables para conexiones de CPU, GPU, SATA y PATA.\" \/>\n<meta property=\"og:url\" content=\"https:\/\/pcmastersbogota.com.co\/es_es\/producto\/lian-li-rb-de-750w-80-plus-bronce\/\" \/>\n<meta property=\"og:site_name\" content=\"PC MASTERS BOGOTA\" \/>\n<meta property=\"article:modified_time\" content=\"2026-04-29T15:46:28+00:00\" \/>\n<meta property=\"og:image\" content=\"https:\/\/pcmastersbogota.com.co\/wp-content\/uploads\/2026\/04\/rb003.jpg\" \/>\n\t<meta property=\"og:image:width\" content=\"600\" \/>\n\t<meta property=\"og:image:height\" content=\"600\" \/>\n\t<meta property=\"og:image:type\" content=\"image\/jpeg\" \/>\n<meta name=\"twitter:card\" content=\"summary_large_image\" \/>\n<meta name=\"twitter:label1\" content=\"Tiempo de lectura\" \/>\n\t<meta name=\"twitter:data1\" content=\"3 minutos\" \/>\n<script type=\"application\/ld+json\" class=\"yoast-schema-graph\">{\"@context\":\"https:\/\/schema.org\",\"@graph\":[{\"@type\":\"WebPage\",\"@id\":\"https:\/\/pcmastersbogota.com.co\/producto\/lian-li-rb-de-750w-80-plus-bronce\/\",\"url\":\"https:\/\/pcmastersbogota.com.co\/producto\/lian-li-rb-de-750w-80-plus-bronce\/\",\"name\":\"LIAN LI RB DE 750W 80 PLUS BRONCE - PC MASTERS BOGOTA\",\"isPartOf\":{\"@id\":\"https:\/\/pcmastersbogota.com.co\/es_es\/#website\"},\"primaryImageOfPage\":{\"@id\":\"https:\/\/pcmastersbogota.com.co\/producto\/lian-li-rb-de-750w-80-plus-bronce\/#primaryimage\"},\"image\":{\"@id\":\"https:\/\/pcmastersbogota.com.co\/producto\/lian-li-rb-de-750w-80-plus-bronce\/#primaryimage\"},\"thumbnailUrl\":\"https:\/\/pcmastersbogota.com.co\/wp-content\/uploads\/2026\/04\/rb003.jpg\",\"datePublished\":\"2026-04-29T15:46:27+00:00\",\"dateModified\":\"2026-04-29T15:46:28+00:00\",\"breadcrumb\":{\"@id\":\"https:\/\/pcmastersbogota.com.co\/producto\/lian-li-rb-de-750w-80-plus-bronce\/#breadcrumb\"},\"inLanguage\":\"es\",\"potentialAction\":[{\"@type\":\"ReadAction\",\"target\":[\"https:\/\/pcmastersbogota.com.co\/producto\/lian-li-rb-de-750w-80-plus-bronce\/\"]}]},{\"@type\":\"ImageObject\",\"inLanguage\":\"es\",\"@id\":\"https:\/\/pcmastersbogota.com.co\/producto\/lian-li-rb-de-750w-80-plus-bronce\/#primaryimage\",\"url\":\"https:\/\/pcmastersbogota.com.co\/wp-content\/uploads\/2026\/04\/rb003.jpg\",\"contentUrl\":\"https:\/\/pcmastersbogota.com.co\/wp-content\/uploads\/2026\/04\/rb003.jpg\",\"width\":600,\"height\":600},{\"@type\":\"BreadcrumbList\",\"@id\":\"https:\/\/pcmastersbogota.com.co\/producto\/lian-li-rb-de-750w-80-plus-bronce\/#breadcrumb\",\"itemListElement\":[{\"@type\":\"ListItem\",\"position\":1,\"name\":\"Home\",\"item\":\"https:\/\/pcmastersbogota.com.co\/\"},{\"@type\":\"ListItem\",\"position\":2,\"name\":\"Tienda\",\"item\":\"https:\/\/pcmastersbogota.com.co\/es_es\/tienda\/\"},{\"@type\":\"ListItem\",\"position\":3,\"name\":\"LIAN LI RB DE 750W 80 PLUS BRONCE\"}]},{\"@type\":\"WebSite\",\"@id\":\"https:\/\/pcmastersbogota.com.co\/es_es\/#website\",\"url\":\"https:\/\/pcmastersbogota.com.co\/es_es\/\",\"name\":\"PC MASTERS BOGOTA\",\"description\":\"\",\"potentialAction\":[{\"@type\":\"SearchAction\",\"target\":{\"@type\":\"EntryPoint\",\"urlTemplate\":\"https:\/\/pcmastersbogota.com.co\/es_es\/?s={search_term_string}\"},\"query-input\":{\"@type\":\"PropertyValueSpecification\",\"valueRequired\":true,\"valueName\":\"search_term_string\"}}],\"inLanguage\":\"es\"}]}<\/script>\n<!-- \/ Yoast SEO plugin. -->","yoast_head_json":{"title":"LIAN LI RB DE 750W 80 PLUS BRONCE - PC MASTERS BOGOTA","robots":{"index":"index","follow":"follow","max-snippet":"max-snippet:-1","max-image-preview":"max-image-preview:large","max-video-preview":"max-video-preview:-1"},"canonical":"https:\/\/pcmastersbogota.com.co\/es_es\/producto\/lian-li-rb-de-750w-80-plus-bronce\/","og_locale":"es_ES","og_type":"article","og_title":"LIAN LI RB DE 750W 80 PLUS BRONCE - PC MASTERS BOGOTA","og_description":"Tama\u00f1o ATX compacto de 150 mm para una amplia compatibilidad con carcasas.  Certificado 80 PLUS Bronze con hasta un 85% de eficiencia para sistemas de uso diario.  Compatible con ATX 3.1 con conector nativo 12V-2\u00d76 para compatibilidad con GPU de pr\u00f3xima generaci\u00f3n.  Un canal de enrutamiento de cables incorporado con correas de velcro para una administraci\u00f3n ordenada.  Salidas de cables de tres lados dise\u00f1adas para placas base con conector posterior.  Ventilador inteligente HYB de 135 mm con control de temperatura para un enfriamiento silencioso.  Seis mecanismos de protecci\u00f3n: OVP, UVP, OCP, OPP, OTP y SCP.  Incluye un conjunto completo de cables para conexiones de CPU, GPU, SATA y PATA.","og_url":"https:\/\/pcmastersbogota.com.co\/es_es\/producto\/lian-li-rb-de-750w-80-plus-bronce\/","og_site_name":"PC MASTERS BOGOTA","article_modified_time":"2026-04-29T15:46:28+00:00","og_image":[{"width":600,"height":600,"url":"https:\/\/pcmastersbogota.com.co\/wp-content\/uploads\/2026\/04\/rb003.jpg","type":"image\/jpeg"}],"twitter_card":"summary_large_image","twitter_misc":{"Tiempo de lectura":"3 minutos"},"schema":{"@context":"https:\/\/schema.org","@graph":[{"@type":"WebPage","@id":"https:\/\/pcmastersbogota.com.co\/producto\/lian-li-rb-de-750w-80-plus-bronce\/","url":"https:\/\/pcmastersbogota.com.co\/producto\/lian-li-rb-de-750w-80-plus-bronce\/","name":"LIAN LI RB DE 750W 80 PLUS BRONCE - PC MASTERS BOGOTA","isPartOf":{"@id":"https:\/\/pcmastersbogota.com.co\/es_es\/#website"},"primaryImageOfPage":{"@id":"https:\/\/pcmastersbogota.com.co\/producto\/lian-li-rb-de-750w-80-plus-bronce\/#primaryimage"},"image":{"@id":"https:\/\/pcmastersbogota.com.co\/producto\/lian-li-rb-de-750w-80-plus-bronce\/#primaryimage"},"thumbnailUrl":"https:\/\/pcmastersbogota.com.co\/wp-content\/uploads\/2026\/04\/rb003.jpg","datePublished":"2026-04-29T15:46:27+00:00","dateModified":"2026-04-29T15:46:28+00:00","breadcrumb":{"@id":"https:\/\/pcmastersbogota.com.co\/producto\/lian-li-rb-de-750w-80-plus-bronce\/#breadcrumb"},"inLanguage":"es","potentialAction":[{"@type":"ReadAction","target":["https:\/\/pcmastersbogota.com.co\/producto\/lian-li-rb-de-750w-80-plus-bronce\/"]}]},{"@type":"ImageObject","inLanguage":"es","@id":"https:\/\/pcmastersbogota.com.co\/producto\/lian-li-rb-de-750w-80-plus-bronce\/#primaryimage","url":"https:\/\/pcmastersbogota.com.co\/wp-content\/uploads\/2026\/04\/rb003.jpg","contentUrl":"https:\/\/pcmastersbogota.com.co\/wp-content\/uploads\/2026\/04\/rb003.jpg","width":600,"height":600},{"@type":"BreadcrumbList","@id":"https:\/\/pcmastersbogota.com.co\/producto\/lian-li-rb-de-750w-80-plus-bronce\/#breadcrumb","itemListElement":[{"@type":"ListItem","position":1,"name":"Home","item":"https:\/\/pcmastersbogota.com.co\/"},{"@type":"ListItem","position":2,"name":"Tienda","item":"https:\/\/pcmastersbogota.com.co\/es_es\/tienda\/"},{"@type":"ListItem","position":3,"name":"LIAN LI RB DE 750W 80 PLUS BRONCE"}]},{"@type":"WebSite","@id":"https:\/\/pcmastersbogota.com.co\/es_es\/#website","url":"https:\/\/pcmastersbogota.com.co\/es_es\/","name":"PC MASTERS BOGOTA","description":"","potentialAction":[{"@type":"SearchAction","target":{"@type":"EntryPoint","urlTemplate":"https:\/\/pcmastersbogota.com.co\/es_es\/?s={search_term_string}"},"query-input":{"@type":"PropertyValueSpecification","valueRequired":true,"valueName":"search_term_string"}}],"inLanguage":"es"}]}},"brands":[],"_links":{"self":[{"href":"https:\/\/pcmastersbogota.com.co\/es_es\/wp-json\/wp\/v2\/product\/32967","targetHints":{"allow":["GET"]}}],"collection":[{"href":"https:\/\/pcmastersbogota.com.co\/es_es\/wp-json\/wp\/v2\/product"}],"about":[{"href":"https:\/\/pcmastersbogota.com.co\/es_es\/wp-json\/wp\/v2\/types\/product"}],"replies":[{"embeddable":true,"href":"https:\/\/pcmastersbogota.com.co\/es_es\/wp-json\/wp\/v2\/comments?post=32967"}],"version-history":[{"count":1,"href":"https:\/\/pcmastersbogota.com.co\/es_es\/wp-json\/wp\/v2\/product\/32967\/revisions"}],"predecessor-version":[{"id":32988,"href":"https:\/\/pcmastersbogota.com.co\/es_es\/wp-json\/wp\/v2\/product\/32967\/revisions\/32988"}],"wp:featuredmedia":[{"embeddable":true,"href":"https:\/\/pcmastersbogota.com.co\/es_es\/wp-json\/wp\/v2\/media\/32987"}],"wp:attachment":[{"href":"https:\/\/pcmastersbogota.com.co\/es_es\/wp-json\/wp\/v2\/media?parent=32967"}],"wp:term":[{"taxonomy":"pwb-brand","embeddable":true,"href":"https:\/\/pcmastersbogota.com.co\/es_es\/wp-json\/wp\/v2\/pwb-brand?post=32967"},{"taxonomy":"product_brand","embeddable":true,"href":"https:\/\/pcmastersbogota.com.co\/es_es\/wp-json\/wp\/v2\/product_brand?post=32967"},{"taxonomy":"product_cat","embeddable":true,"href":"https:\/\/pcmastersbogota.com.co\/es_es\/wp-json\/wp\/v2\/product_cat?post=32967"},{"taxonomy":"product_tag","embeddable":true,"href":"https:\/\/pcmastersbogota.com.co\/es_es\/wp-json\/wp\/v2\/product_tag?post=32967"}],"curies":[{"name":"wp","href":"https:\/\/api.w.org\/{rel}","templated":true}]}}